{"id":112110,"date":"2023-09-15T05:42:56","date_gmt":"2023-09-15T03:42:56","guid":{"rendered":"http:\/\/www.tabakversand.ch\/?post_type=product&#038;p=112110"},"modified":"2026-04-06T08:54:36","modified_gmt":"2026-04-06T06:54:36","slug":"vraie-feuille-ananas-express-tabac-substitut-kraeutermischung","status":"publish","type":"product","link":"https:\/\/www.tabakversand.ch\/fr\/produit\/vraie-feuille-ananas-express-tabac-substitut-kraeutermischung\/","title":{"rendered":"Real Leaf Pineapple-Express Tobacco Substitute Herbal Blend 20 gr."},"content":{"rendered":"<div id=\"tab-label-description\" class=\"data item title active\" role=\"tab\" data-role=\"collapsible\" data-collapsible=\"true\">\n<div id=\"description\" class=\"data item content\" role=\"tabpanel\" data-role=\"content\" aria-labelledby=\"tab-label-description\" aria-hidden=\"false\">\n<div class=\"product attribute9 description\">\n<div class=\"value product_value_description\">\n<p>Real Leaf Pineapple-Express Tobacco Substitute Herbal Blend 20 gr. &#8211; sont des m\u00e9langes d\u2019herbes sans nicotine et sans tabac (substitut du tabac) qui ont \u00e9t\u00e9 enrichis en terp\u00e8nes de cannabis (Pineapple Express). Les terp\u00e8nes rehaussent le go\u00fbt du cannabis.<\/p>\n<p>Real Leaf produit des m\u00e9langes \u00e0 base de plantes sans tabac de haute qualit\u00e9. Fabriqu\u00e9 \u00e0 la main, Real Leaf impressionne avant tout par une texture fine et un bon go\u00fbt. Les m\u00e9langes \u00e0 base de plantes Real Leaf sont 100% sans nicotine et sont tr\u00e8s doux en raison du traitement en douceur et id\u00e9aux pour le vissage. Les m\u00e9langes \u00e0 base de plantes contiennent de la framboise, de la guimauve et des feuilles de bougie royale. La composition et le traitement soign\u00e9s assurent une exp\u00e9rience de fumage agr\u00e9able. Tourner des joints sans tabac, un r\u00eave pour tous ceux qui veulent se passer de tabac pour se tordre. Real Leaf peut \u00e9galement \u00eatre fum\u00e9 pur. Une solution id\u00e9ale pour tous ceux qui veulent arr\u00eater de fumer.<\/p>\n<ul>\n<li>100% sans nicotine<\/li>\n<li>100% biologique et naturel<\/li>\n<li>id\u00e9al pour visser<\/li>\n<li>LA solution pour tous ceux qui ne veulent pas utiliser un tabac rotatif pour le m\u00e9lange<\/li>\n<li>LA solution pour arr\u00eater de fumer du tabac<\/li>\n<\/ul>\n<p>5 sachets<\/p>\n<p>Tous les prix s&rsquo;appliquent uniquement aux commandes en ligne et incluent la TVA. Sous r\u00e9serve de modifications sans pr\u00e9avis, frais de livraison en sus. Sous r\u00e9serve d&rsquo;erreurs, de modifications de contenu de livraison et de conception, de fautes d&rsquo;impression et de modifications de prix. Les prix barr\u00e9s sont des prix de remplacement. Les illustrations peuvent diff\u00e9rer de l&rsquo;original\/du contenu de livraison.     <\/p>\n<\/div>\n<\/div>\n<\/div>\n<\/div>\n<p>*Livraison gratuite pour les commandes sup\u00e9rieures \u00e0 CHF 250.-.<\/p>\n","protected":false},"excerpt":{"rendered":"<p>Real Leaf Pineapple-Express Tobacco Substitute Herbal Blend 20 gr. &#8211; sont des m\u00e9langes d\u2019herbes sans nicotine et sans tabac (substitut du tabac) qui ont \u00e9t\u00e9 enrichis en terp\u00e8nes de cannabis (Pineapple Express). Les terp\u00e8nes rehaussent le go\u00fbt du cannabis. Real Leaf produit des m\u00e9langes \u00e0 base de plantes sans tabac de haute qualit\u00e9. Fabriqu\u00e9 \u00e0 [&hellip;]<\/p>\n","protected":false},"featured_media":112114,"template":"","meta":[],"product_brand":[5706],"product_cat":[1961,2402,1888,1963,1964],"product_tag":[],"class_list":{"0":"post-112110","1":"product","2":"type-product","3":"status-publish","4":"has-post-thumbnail","6":"product_brand-real-leaf-tabakersatz","7":"product_cat-cigarettes-self-made-fr-2","8":"product_cat-substituts-du-tabac","9":"product_cat-tabac","10":"product_cat-tabac-a-cigarettes","11":"product_cat-tabac-a-cigarettes-fr","13":"first","14":"onbackorder","15":"purchasable","16":"product-type-simple"},"yoast_head":"<!-- This site is optimized with the Yoast SEO plugin v27.5 - https:\/\/yoast.com\/product\/yoast-seo-wordpress\/ -->\n<title>Real Leaf Pineapple-Express Tobacco Substitute Herbal Blend 20 gr.<\/title>\n<meta name=\"description\" content=\"Real Leaf Pineapple-Express Tobacco Substitute Herbal Blend 20 gr. | Un tr\u00e8s grand choix de produits du tabac | dans toute la Suisse Cartes accept\u00e9es!\" \/>\n<meta name=\"robots\" content=\"index, follow, max-snippet:-1, max-image-preview:large, max-video-preview:-1\" \/>\n<link rel=\"canonical\" href=\"https:\/\/www.tabakversand.ch\/fr\/produit\/vraie-feuille-ananas-express-tabac-substitut-kraeutermischung\/\" \/>\n<meta property=\"og:locale\" content=\"fr_FR\" \/>\n<meta property=\"og:type\" content=\"article\" \/>\n<meta property=\"og:title\" content=\"Real Leaf Pineapple-Express Tobacco Substitute Herbal Blend 20 gr.\" \/>\n<meta property=\"og:description\" content=\"Real Leaf Pineapple-Express Tobacco Substitute Herbal Blend 20 gr. | Un tr\u00e8s grand choix de produits du tabac | dans toute la Suisse Cartes accept\u00e9es!\" \/>\n<meta property=\"og:url\" content=\"https:\/\/www.tabakversand.ch\/fr\/produit\/vraie-feuille-ananas-express-tabac-substitut-kraeutermischung\/\" \/>\n<meta property=\"og:site_name\" content=\"Tabakversand.ch | Alles aus der Welt des Tabaks\" \/>\n<meta property=\"article:modified_time\" content=\"2026-04-06T06:54:36+00:00\" \/>\n<meta property=\"og:image\" content=\"https:\/\/www.tabakversand.ch\/wp-content\/uploads\/2022\/04\/real-leaf-pineapple-express.jpg\" \/>\n\t<meta property=\"og:image:width\" content=\"500\" \/>\n\t<meta property=\"og:image:height\" content=\"500\" \/>\n\t<meta property=\"og:image:type\" content=\"image\/jpeg\" \/>\n<meta name=\"twitter:card\" content=\"summary_large_image\" \/>\n<meta name=\"twitter:label1\" content=\"Dur\u00e9e de lecture estim\u00e9e\" \/>\n\t<meta name=\"twitter:data1\" content=\"1 minute\" \/>\n<script type=\"application\/ld+json\" class=\"yoast-schema-graph\">{\"@context\":\"https:\\\/\\\/schema.org\",\"@graph\":[{\"@type\":\"WebPage\",\"@id\":\"https:\\\/\\\/www.tabakversand.ch\\\/fr\\\/produit\\\/vraie-feuille-ananas-express-tabac-substitut-kraeutermischung\\\/\",\"url\":\"https:\\\/\\\/www.tabakversand.ch\\\/fr\\\/produit\\\/vraie-feuille-ananas-express-tabac-substitut-kraeutermischung\\\/\",\"name\":\"Real Leaf Pineapple-Express Tobacco Substitute Herbal Blend 20 gr.\",\"isPartOf\":{\"@id\":\"https:\\\/\\\/www.tabakversand.ch\\\/#website\"},\"primaryImageOfPage\":{\"@id\":\"https:\\\/\\\/www.tabakversand.ch\\\/fr\\\/produit\\\/vraie-feuille-ananas-express-tabac-substitut-kraeutermischung\\\/#primaryimage\"},\"image\":{\"@id\":\"https:\\\/\\\/www.tabakversand.ch\\\/fr\\\/produit\\\/vraie-feuille-ananas-express-tabac-substitut-kraeutermischung\\\/#primaryimage\"},\"thumbnailUrl\":\"https:\\\/\\\/www.tabakversand.ch\\\/wp-content\\\/uploads\\\/2022\\\/04\\\/real-leaf-pineapple-express.jpg\",\"datePublished\":\"2023-09-15T03:42:56+00:00\",\"dateModified\":\"2026-04-06T06:54:36+00:00\",\"description\":\"Real Leaf Pineapple-Express Tobacco Substitute Herbal Blend 20 gr. | Un tr\u00e8s grand choix de produits du tabac | dans toute la Suisse Cartes accept\u00e9es!\",\"breadcrumb\":{\"@id\":\"https:\\\/\\\/www.tabakversand.ch\\\/fr\\\/produit\\\/vraie-feuille-ananas-express-tabac-substitut-kraeutermischung\\\/#breadcrumb\"},\"inLanguage\":\"fr-FR\",\"potentialAction\":[{\"@type\":\"ReadAction\",\"target\":[\"https:\\\/\\\/www.tabakversand.ch\\\/fr\\\/produit\\\/vraie-feuille-ananas-express-tabac-substitut-kraeutermischung\\\/\"]}]},{\"@type\":\"ImageObject\",\"inLanguage\":\"fr-FR\",\"@id\":\"https:\\\/\\\/www.tabakversand.ch\\\/fr\\\/produit\\\/vraie-feuille-ananas-express-tabac-substitut-kraeutermischung\\\/#primaryimage\",\"url\":\"https:\\\/\\\/www.tabakversand.ch\\\/wp-content\\\/uploads\\\/2022\\\/04\\\/real-leaf-pineapple-express.jpg\",\"contentUrl\":\"https:\\\/\\\/www.tabakversand.ch\\\/wp-content\\\/uploads\\\/2022\\\/04\\\/real-leaf-pineapple-express.jpg\",\"width\":500,\"height\":500,\"caption\":\"Real Leaf Pineapple-Express Tobacco Substitute Herbal Blend | Tabakversand.ch\"},{\"@type\":\"BreadcrumbList\",\"@id\":\"https:\\\/\\\/www.tabakversand.ch\\\/fr\\\/produit\\\/vraie-feuille-ananas-express-tabac-substitut-kraeutermischung\\\/#breadcrumb\",\"itemListElement\":[{\"@type\":\"ListItem\",\"position\":1,\"name\":\"Startseite\",\"item\":\"https:\\\/\\\/www.tabakversand.ch\\\/\"},{\"@type\":\"ListItem\",\"position\":2,\"name\":\"Boutique\",\"item\":\"https:\\\/\\\/www.tabakversand.ch\\\/fr\\\/boutique\\\/\"},{\"@type\":\"ListItem\",\"position\":3,\"name\":\"Real Leaf Pineapple-Express Tobacco Substitute Herbal Blend 20 gr.\"}]},{\"@type\":\"WebSite\",\"@id\":\"https:\\\/\\\/www.tabakversand.ch\\\/#website\",\"url\":\"https:\\\/\\\/www.tabakversand.ch\\\/\",\"name\":\"Tabakversand.ch | Alles aus der Welt des Tabaks\",\"description\":\"Smoke and carpe diem\",\"potentialAction\":[{\"@type\":\"SearchAction\",\"target\":{\"@type\":\"EntryPoint\",\"urlTemplate\":\"https:\\\/\\\/www.tabakversand.ch\\\/?s={search_term_string}\"},\"query-input\":{\"@type\":\"PropertyValueSpecification\",\"valueRequired\":true,\"valueName\":\"search_term_string\"}}],\"inLanguage\":\"fr-FR\"}]}<\/script>\n<!-- \/ Yoast SEO plugin. -->","yoast_head_json":{"title":"Real Leaf Pineapple-Express Tobacco Substitute Herbal Blend 20 gr.","description":"Real Leaf Pineapple-Express Tobacco Substitute Herbal Blend 20 gr. | Un tr\u00e8s grand choix de produits du tabac | dans toute la Suisse Cartes accept\u00e9es!","robots":{"index":"index","follow":"follow","max-snippet":"max-snippet:-1","max-image-preview":"max-image-preview:large","max-video-preview":"max-video-preview:-1"},"canonical":"https:\/\/www.tabakversand.ch\/fr\/produit\/vraie-feuille-ananas-express-tabac-substitut-kraeutermischung\/","og_locale":"fr_FR","og_type":"article","og_title":"Real Leaf Pineapple-Express Tobacco Substitute Herbal Blend 20 gr.","og_description":"Real Leaf Pineapple-Express Tobacco Substitute Herbal Blend 20 gr. | Un tr\u00e8s grand choix de produits du tabac | dans toute la Suisse Cartes accept\u00e9es!","og_url":"https:\/\/www.tabakversand.ch\/fr\/produit\/vraie-feuille-ananas-express-tabac-substitut-kraeutermischung\/","og_site_name":"Tabakversand.ch | Alles aus der Welt des Tabaks","article_modified_time":"2026-04-06T06:54:36+00:00","og_image":[{"width":500,"height":500,"url":"https:\/\/www.tabakversand.ch\/wp-content\/uploads\/2022\/04\/real-leaf-pineapple-express.jpg","type":"image\/jpeg"}],"twitter_card":"summary_large_image","twitter_misc":{"Dur\u00e9e de lecture estim\u00e9e":"1 minute"},"schema":{"@context":"https:\/\/schema.org","@graph":[{"@type":"WebPage","@id":"https:\/\/www.tabakversand.ch\/fr\/produit\/vraie-feuille-ananas-express-tabac-substitut-kraeutermischung\/","url":"https:\/\/www.tabakversand.ch\/fr\/produit\/vraie-feuille-ananas-express-tabac-substitut-kraeutermischung\/","name":"Real Leaf Pineapple-Express Tobacco Substitute Herbal Blend 20 gr.","isPartOf":{"@id":"https:\/\/www.tabakversand.ch\/#website"},"primaryImageOfPage":{"@id":"https:\/\/www.tabakversand.ch\/fr\/produit\/vraie-feuille-ananas-express-tabac-substitut-kraeutermischung\/#primaryimage"},"image":{"@id":"https:\/\/www.tabakversand.ch\/fr\/produit\/vraie-feuille-ananas-express-tabac-substitut-kraeutermischung\/#primaryimage"},"thumbnailUrl":"https:\/\/www.tabakversand.ch\/wp-content\/uploads\/2022\/04\/real-leaf-pineapple-express.jpg","datePublished":"2023-09-15T03:42:56+00:00","dateModified":"2026-04-06T06:54:36+00:00","description":"Real Leaf Pineapple-Express Tobacco Substitute Herbal Blend 20 gr. | Un tr\u00e8s grand choix de produits du tabac | dans toute la Suisse Cartes accept\u00e9es!","breadcrumb":{"@id":"https:\/\/www.tabakversand.ch\/fr\/produit\/vraie-feuille-ananas-express-tabac-substitut-kraeutermischung\/#breadcrumb"},"inLanguage":"fr-FR","potentialAction":[{"@type":"ReadAction","target":["https:\/\/www.tabakversand.ch\/fr\/produit\/vraie-feuille-ananas-express-tabac-substitut-kraeutermischung\/"]}]},{"@type":"ImageObject","inLanguage":"fr-FR","@id":"https:\/\/www.tabakversand.ch\/fr\/produit\/vraie-feuille-ananas-express-tabac-substitut-kraeutermischung\/#primaryimage","url":"https:\/\/www.tabakversand.ch\/wp-content\/uploads\/2022\/04\/real-leaf-pineapple-express.jpg","contentUrl":"https:\/\/www.tabakversand.ch\/wp-content\/uploads\/2022\/04\/real-leaf-pineapple-express.jpg","width":500,"height":500,"caption":"Real Leaf Pineapple-Express Tobacco Substitute Herbal Blend | Tabakversand.ch"},{"@type":"BreadcrumbList","@id":"https:\/\/www.tabakversand.ch\/fr\/produit\/vraie-feuille-ananas-express-tabac-substitut-kraeutermischung\/#breadcrumb","itemListElement":[{"@type":"ListItem","position":1,"name":"Startseite","item":"https:\/\/www.tabakversand.ch\/"},{"@type":"ListItem","position":2,"name":"Boutique","item":"https:\/\/www.tabakversand.ch\/fr\/boutique\/"},{"@type":"ListItem","position":3,"name":"Real Leaf Pineapple-Express Tobacco Substitute Herbal Blend 20 gr."}]},{"@type":"WebSite","@id":"https:\/\/www.tabakversand.ch\/#website","url":"https:\/\/www.tabakversand.ch\/","name":"Tabakversand.ch | Alles aus der Welt des Tabaks","description":"Smoke and carpe diem","potentialAction":[{"@type":"SearchAction","target":{"@type":"EntryPoint","urlTemplate":"https:\/\/www.tabakversand.ch\/?s={search_term_string}"},"query-input":{"@type":"PropertyValueSpecification","valueRequired":true,"valueName":"search_term_string"}}],"inLanguage":"fr-FR"}]}},"_links":{"self":[{"href":"https:\/\/www.tabakversand.ch\/fr\/wp-json\/wp\/v2\/product\/112110","targetHints":{"allow":["GET"]}}],"collection":[{"href":"https:\/\/www.tabakversand.ch\/fr\/wp-json\/wp\/v2\/product"}],"about":[{"href":"https:\/\/www.tabakversand.ch\/fr\/wp-json\/wp\/v2\/types\/product"}],"version-history":[{"count":3,"href":"https:\/\/www.tabakversand.ch\/fr\/wp-json\/wp\/v2\/product\/112110\/revisions"}],"predecessor-version":[{"id":217050,"href":"https:\/\/www.tabakversand.ch\/fr\/wp-json\/wp\/v2\/product\/112110\/revisions\/217050"}],"wp:featuredmedia":[{"embeddable":true,"href":"https:\/\/www.tabakversand.ch\/fr\/wp-json\/wp\/v2\/media\/112114"}],"wp:attachment":[{"href":"https:\/\/www.tabakversand.ch\/fr\/wp-json\/wp\/v2\/media?parent=112110"}],"wp:term":[{"taxonomy":"product_brand","embeddable":true,"href":"https:\/\/www.tabakversand.ch\/fr\/wp-json\/wp\/v2\/product_brand?post=112110"},{"taxonomy":"product_cat","embeddable":true,"href":"https:\/\/www.tabakversand.ch\/fr\/wp-json\/wp\/v2\/product_cat?post=112110"},{"taxonomy":"product_tag","embeddable":true,"href":"https:\/\/www.tabakversand.ch\/fr\/wp-json\/wp\/v2\/product_tag?post=112110"}],"curies":[{"name":"wp","href":"https:\/\/api.w.org\/{rel}","templated":true}]}}