{"id":112126,"date":"2023-09-15T05:42:51","date_gmt":"2023-09-15T03:42:51","guid":{"rendered":"http:\/\/www.tabakversand.ch\/?post_type=product&#038;p=112126"},"modified":"2026-04-06T08:54:31","modified_gmt":"2026-04-06T06:54:31","slug":"melange-real-leaf-wild-damiana-tobacco-substitute-crater","status":"publish","type":"product","link":"https:\/\/www.tabakversand.ch\/fr\/produit\/melange-real-leaf-wild-damiana-tobacco-substitute-crater\/","title":{"rendered":"Real Leaf Wild Damiana Tobacco Substitute Herbal Blend 30 gr."},"content":{"rendered":"<div id=\"tab-label-description\" class=\"data item title active\" role=\"tab\" data-role=\"collapsible\" data-collapsible=\"true\">\n<div id=\"description\" class=\"data item content\" role=\"tabpanel\" data-role=\"content\" aria-labelledby=\"tab-label-description\" aria-hidden=\"false\">\n<div class=\"product attribute9 description\">\n<div class=\"value product_value_description\">\n<p>Real Leaf Wild Damiana Tobacco Substitute Herbal Blend 30 gr.<\/p>\n<p>La soci\u00e9t\u00e9 RealLeaf a \u00e9t\u00e9 fond\u00e9e en 2012. D\u00e8s le d\u00e9but, l\u2019objectif \u00e9tait de trouver une alternative moins nocive \u00e0 la consommation de tabac et de cigarettes. Real Leaf est maintenant l\u2019une des principales entreprises de m\u00e9langes \u00e0 base de plantes sans nicotine. L\u2019exp\u00e9rience de fumer est agr\u00e9able et plus propre que le tabac pur, qui est souvent fourni avec des produits chimiques.<\/p>\n<p>Propri\u00e9t\u00e9s et contenu de Real Leaf.<\/p>\n<ul>\n<li>100% sans nicotine<\/li>\n<li>100% biologique et naturel<\/li>\n<li>id\u00e9al pour visser<\/li>\n<li>LA solution pour tous ceux qui n\u2019ont pas besoin d\u2019un robinet rotatif pour le m\u00e9lange<\/li>\n<li>LA solution pour arr\u00eater de fumer du tabac<\/li>\n<\/ul>\n<p>5 sachets<\/p>\n<p>Tous les prix s&rsquo;appliquent uniquement aux commandes en ligne et incluent la TVA. Sous r\u00e9serve de modifications sans pr\u00e9avis, frais de livraison en sus. Sous r\u00e9serve d&rsquo;erreurs, de modifications de contenu de livraison et de conception, de fautes d&rsquo;impression et de modifications de prix. Les prix barr\u00e9s sont des prix de remplacement. Les illustrations peuvent diff\u00e9rer de l&rsquo;original\/du contenu de livraison.     <\/p>\n<\/div>\n<\/div>\n<\/div>\n<\/div>\n<p>*Livraison gratuite pour les commandes sup\u00e9rieures \u00e0 CHF 250.-.<\/p>\n","protected":false},"excerpt":{"rendered":"<p>Real Leaf Wild Damiana Tobacco Substitute Herbal Blend 30 gr. La soci\u00e9t\u00e9 RealLeaf a \u00e9t\u00e9 fond\u00e9e en 2012. D\u00e8s le d\u00e9but, l\u2019objectif \u00e9tait de trouver une alternative moins nocive \u00e0 la consommation de tabac et de cigarettes. Real Leaf est maintenant l\u2019une des principales entreprises de m\u00e9langes \u00e0 base de plantes sans nicotine. L\u2019exp\u00e9rience de [&hellip;]<\/p>\n","protected":false},"featured_media":112130,"template":"","meta":[],"product_brand":[5706],"product_cat":[1961,2402,1888,1963,1964],"product_tag":[],"class_list":{"0":"post-112126","1":"product","2":"type-product","3":"status-publish","4":"has-post-thumbnail","6":"product_brand-real-leaf-tabakersatz","7":"product_cat-cigarettes-self-made-fr-2","8":"product_cat-substituts-du-tabac","9":"product_cat-tabac","10":"product_cat-tabac-a-cigarettes","11":"product_cat-tabac-a-cigarettes-fr","13":"first","14":"onbackorder","15":"purchasable","16":"product-type-simple"},"yoast_head":"<!-- This site is optimized with the Yoast SEO plugin v27.0 - https:\/\/yoast.com\/product\/yoast-seo-wordpress\/ -->\n<title>Real Leaf Wild Damiana Tobacco Substitute Herbal Blend 30 gr.<\/title>\n<meta name=\"description\" content=\"Real Leaf Wild Damiana Tobacco Substitute Herbal Blend 30 gr. | Un tr\u00e8s grand choix de produits du tabac | dans toute la Suisse Cartes accept\u00e9es!\" \/>\n<meta name=\"robots\" content=\"index, follow, max-snippet:-1, max-image-preview:large, max-video-preview:-1\" \/>\n<link rel=\"canonical\" href=\"https:\/\/www.tabakversand.ch\/fr\/produit\/melange-real-leaf-wild-damiana-tobacco-substitute-crater\/\" \/>\n<meta property=\"og:locale\" content=\"fr_FR\" \/>\n<meta property=\"og:type\" content=\"article\" \/>\n<meta property=\"og:title\" content=\"Real Leaf Wild Damiana Tobacco Substitute Herbal Blend 30 gr.\" \/>\n<meta property=\"og:description\" content=\"Real Leaf Wild Damiana Tobacco Substitute Herbal Blend 30 gr. | Un tr\u00e8s grand choix de produits du tabac | dans toute la Suisse Cartes accept\u00e9es!\" \/>\n<meta property=\"og:url\" content=\"https:\/\/www.tabakversand.ch\/fr\/produit\/melange-real-leaf-wild-damiana-tobacco-substitute-crater\/\" \/>\n<meta property=\"og:site_name\" content=\"Tabakversand.ch | Alles aus der Welt des Tabaks\" \/>\n<meta property=\"article:modified_time\" content=\"2026-04-06T06:54:31+00:00\" \/>\n<meta property=\"og:image\" content=\"https:\/\/www.tabakversand.ch\/wp-content\/uploads\/2022\/04\/real-leaf-wild-damiana.jpg\" \/>\n\t<meta property=\"og:image:width\" content=\"500\" \/>\n\t<meta property=\"og:image:height\" content=\"500\" \/>\n\t<meta property=\"og:image:type\" content=\"image\/jpeg\" \/>\n<meta name=\"twitter:card\" content=\"summary_large_image\" \/>\n<meta name=\"twitter:label1\" content=\"Dur\u00e9e de lecture estim\u00e9e\" \/>\n\t<meta name=\"twitter:data1\" content=\"1 minute\" \/>\n<script type=\"application\/ld+json\" class=\"yoast-schema-graph\">{\"@context\":\"https:\/\/schema.org\",\"@graph\":[{\"@type\":\"WebPage\",\"@id\":\"https:\/\/www.tabakversand.ch\/fr\/produit\/melange-real-leaf-wild-damiana-tobacco-substitute-crater\/\",\"url\":\"https:\/\/www.tabakversand.ch\/fr\/produit\/melange-real-leaf-wild-damiana-tobacco-substitute-crater\/\",\"name\":\"Real Leaf Wild Damiana Tobacco Substitute Herbal Blend 30 gr.\",\"isPartOf\":{\"@id\":\"https:\/\/www.tabakversand.ch\/#website\"},\"primaryImageOfPage\":{\"@id\":\"https:\/\/www.tabakversand.ch\/fr\/produit\/melange-real-leaf-wild-damiana-tobacco-substitute-crater\/#primaryimage\"},\"image\":{\"@id\":\"https:\/\/www.tabakversand.ch\/fr\/produit\/melange-real-leaf-wild-damiana-tobacco-substitute-crater\/#primaryimage\"},\"thumbnailUrl\":\"https:\/\/www.tabakversand.ch\/wp-content\/uploads\/2022\/04\/real-leaf-wild-damiana.jpg\",\"datePublished\":\"2023-09-15T03:42:51+00:00\",\"dateModified\":\"2026-04-06T06:54:31+00:00\",\"description\":\"Real Leaf Wild Damiana Tobacco Substitute Herbal Blend 30 gr. | Un tr\u00e8s grand choix de produits du tabac | dans toute la Suisse Cartes accept\u00e9es!\",\"breadcrumb\":{\"@id\":\"https:\/\/www.tabakversand.ch\/fr\/produit\/melange-real-leaf-wild-damiana-tobacco-substitute-crater\/#breadcrumb\"},\"inLanguage\":\"fr-FR\",\"potentialAction\":[{\"@type\":\"ReadAction\",\"target\":[\"https:\/\/www.tabakversand.ch\/fr\/produit\/melange-real-leaf-wild-damiana-tobacco-substitute-crater\/\"]}]},{\"@type\":\"ImageObject\",\"inLanguage\":\"fr-FR\",\"@id\":\"https:\/\/www.tabakversand.ch\/fr\/produit\/melange-real-leaf-wild-damiana-tobacco-substitute-crater\/#primaryimage\",\"url\":\"https:\/\/www.tabakversand.ch\/wp-content\/uploads\/2022\/04\/real-leaf-wild-damiana.jpg\",\"contentUrl\":\"https:\/\/www.tabakversand.ch\/wp-content\/uploads\/2022\/04\/real-leaf-wild-damiana.jpg\",\"width\":500,\"height\":500,\"caption\":\"Real Leaf Wild Damiana Tobacco Substitute M\u00e9lange \u00e0 base de plantes | Tabakversand.ch\"},{\"@type\":\"BreadcrumbList\",\"@id\":\"https:\/\/www.tabakversand.ch\/fr\/produit\/melange-real-leaf-wild-damiana-tobacco-substitute-crater\/#breadcrumb\",\"itemListElement\":[{\"@type\":\"ListItem\",\"position\":1,\"name\":\"Startseite\",\"item\":\"https:\/\/www.tabakversand.ch\/\"},{\"@type\":\"ListItem\",\"position\":2,\"name\":\"Boutique\",\"item\":\"https:\/\/www.tabakversand.ch\/fr\/boutique\/\"},{\"@type\":\"ListItem\",\"position\":3,\"name\":\"Real Leaf Wild Damiana Tobacco Substitute Herbal Blend 30 gr.\"}]},{\"@type\":\"WebSite\",\"@id\":\"https:\/\/www.tabakversand.ch\/#website\",\"url\":\"https:\/\/www.tabakversand.ch\/\",\"name\":\"Tabakversand.ch | Alles aus der Welt des Tabaks\",\"description\":\"Smoke and carpe diem\",\"potentialAction\":[{\"@type\":\"SearchAction\",\"target\":{\"@type\":\"EntryPoint\",\"urlTemplate\":\"https:\/\/www.tabakversand.ch\/?s={search_term_string}\"},\"query-input\":{\"@type\":\"PropertyValueSpecification\",\"valueRequired\":true,\"valueName\":\"search_term_string\"}}],\"inLanguage\":\"fr-FR\"}]}<\/script>\n<!-- \/ Yoast SEO plugin. -->","yoast_head_json":{"title":"Real Leaf Wild Damiana Tobacco Substitute Herbal Blend 30 gr.","description":"Real Leaf Wild Damiana Tobacco Substitute Herbal Blend 30 gr. | Un tr\u00e8s grand choix de produits du tabac | dans toute la Suisse Cartes accept\u00e9es!","robots":{"index":"index","follow":"follow","max-snippet":"max-snippet:-1","max-image-preview":"max-image-preview:large","max-video-preview":"max-video-preview:-1"},"canonical":"https:\/\/www.tabakversand.ch\/fr\/produit\/melange-real-leaf-wild-damiana-tobacco-substitute-crater\/","og_locale":"fr_FR","og_type":"article","og_title":"Real Leaf Wild Damiana Tobacco Substitute Herbal Blend 30 gr.","og_description":"Real Leaf Wild Damiana Tobacco Substitute Herbal Blend 30 gr. | Un tr\u00e8s grand choix de produits du tabac | dans toute la Suisse Cartes accept\u00e9es!","og_url":"https:\/\/www.tabakversand.ch\/fr\/produit\/melange-real-leaf-wild-damiana-tobacco-substitute-crater\/","og_site_name":"Tabakversand.ch | Alles aus der Welt des Tabaks","article_modified_time":"2026-04-06T06:54:31+00:00","og_image":[{"width":500,"height":500,"url":"https:\/\/www.tabakversand.ch\/wp-content\/uploads\/2022\/04\/real-leaf-wild-damiana.jpg","type":"image\/jpeg"}],"twitter_card":"summary_large_image","twitter_misc":{"Dur\u00e9e de lecture estim\u00e9e":"1 minute"},"schema":{"@context":"https:\/\/schema.org","@graph":[{"@type":"WebPage","@id":"https:\/\/www.tabakversand.ch\/fr\/produit\/melange-real-leaf-wild-damiana-tobacco-substitute-crater\/","url":"https:\/\/www.tabakversand.ch\/fr\/produit\/melange-real-leaf-wild-damiana-tobacco-substitute-crater\/","name":"Real Leaf Wild Damiana Tobacco Substitute Herbal Blend 30 gr.","isPartOf":{"@id":"https:\/\/www.tabakversand.ch\/#website"},"primaryImageOfPage":{"@id":"https:\/\/www.tabakversand.ch\/fr\/produit\/melange-real-leaf-wild-damiana-tobacco-substitute-crater\/#primaryimage"},"image":{"@id":"https:\/\/www.tabakversand.ch\/fr\/produit\/melange-real-leaf-wild-damiana-tobacco-substitute-crater\/#primaryimage"},"thumbnailUrl":"https:\/\/www.tabakversand.ch\/wp-content\/uploads\/2022\/04\/real-leaf-wild-damiana.jpg","datePublished":"2023-09-15T03:42:51+00:00","dateModified":"2026-04-06T06:54:31+00:00","description":"Real Leaf Wild Damiana Tobacco Substitute Herbal Blend 30 gr. | Un tr\u00e8s grand choix de produits du tabac | dans toute la Suisse Cartes accept\u00e9es!","breadcrumb":{"@id":"https:\/\/www.tabakversand.ch\/fr\/produit\/melange-real-leaf-wild-damiana-tobacco-substitute-crater\/#breadcrumb"},"inLanguage":"fr-FR","potentialAction":[{"@type":"ReadAction","target":["https:\/\/www.tabakversand.ch\/fr\/produit\/melange-real-leaf-wild-damiana-tobacco-substitute-crater\/"]}]},{"@type":"ImageObject","inLanguage":"fr-FR","@id":"https:\/\/www.tabakversand.ch\/fr\/produit\/melange-real-leaf-wild-damiana-tobacco-substitute-crater\/#primaryimage","url":"https:\/\/www.tabakversand.ch\/wp-content\/uploads\/2022\/04\/real-leaf-wild-damiana.jpg","contentUrl":"https:\/\/www.tabakversand.ch\/wp-content\/uploads\/2022\/04\/real-leaf-wild-damiana.jpg","width":500,"height":500,"caption":"Real Leaf Wild Damiana Tobacco Substitute M\u00e9lange \u00e0 base de plantes | Tabakversand.ch"},{"@type":"BreadcrumbList","@id":"https:\/\/www.tabakversand.ch\/fr\/produit\/melange-real-leaf-wild-damiana-tobacco-substitute-crater\/#breadcrumb","itemListElement":[{"@type":"ListItem","position":1,"name":"Startseite","item":"https:\/\/www.tabakversand.ch\/"},{"@type":"ListItem","position":2,"name":"Boutique","item":"https:\/\/www.tabakversand.ch\/fr\/boutique\/"},{"@type":"ListItem","position":3,"name":"Real Leaf Wild Damiana Tobacco Substitute Herbal Blend 30 gr."}]},{"@type":"WebSite","@id":"https:\/\/www.tabakversand.ch\/#website","url":"https:\/\/www.tabakversand.ch\/","name":"Tabakversand.ch | Alles aus der Welt des Tabaks","description":"Smoke and carpe diem","potentialAction":[{"@type":"SearchAction","target":{"@type":"EntryPoint","urlTemplate":"https:\/\/www.tabakversand.ch\/?s={search_term_string}"},"query-input":{"@type":"PropertyValueSpecification","valueRequired":true,"valueName":"search_term_string"}}],"inLanguage":"fr-FR"}]}},"_links":{"self":[{"href":"https:\/\/www.tabakversand.ch\/fr\/wp-json\/wp\/v2\/product\/112126","targetHints":{"allow":["GET"]}}],"collection":[{"href":"https:\/\/www.tabakversand.ch\/fr\/wp-json\/wp\/v2\/product"}],"about":[{"href":"https:\/\/www.tabakversand.ch\/fr\/wp-json\/wp\/v2\/types\/product"}],"version-history":[{"count":2,"href":"https:\/\/www.tabakversand.ch\/fr\/wp-json\/wp\/v2\/product\/112126\/revisions"}],"predecessor-version":[{"id":217048,"href":"https:\/\/www.tabakversand.ch\/fr\/wp-json\/wp\/v2\/product\/112126\/revisions\/217048"}],"wp:featuredmedia":[{"embeddable":true,"href":"https:\/\/www.tabakversand.ch\/fr\/wp-json\/wp\/v2\/media\/112130"}],"wp:attachment":[{"href":"https:\/\/www.tabakversand.ch\/fr\/wp-json\/wp\/v2\/media?parent=112126"}],"wp:term":[{"taxonomy":"product_brand","embeddable":true,"href":"https:\/\/www.tabakversand.ch\/fr\/wp-json\/wp\/v2\/product_brand?post=112126"},{"taxonomy":"product_cat","embeddable":true,"href":"https:\/\/www.tabakversand.ch\/fr\/wp-json\/wp\/v2\/product_cat?post=112126"},{"taxonomy":"product_tag","embeddable":true,"href":"https:\/\/www.tabakversand.ch\/fr\/wp-json\/wp\/v2\/product_tag?post=112126"}],"curies":[{"name":"wp","href":"https:\/\/api.w.org\/{rel}","templated":true}]}}