{"id":112814,"date":"2023-11-09T14:51:11","date_gmt":"2023-11-09T13:51:11","guid":{"rendered":"http:\/\/www.tabakversand.ch\/?post_type=product&#038;p=112814"},"modified":"2026-01-22T08:09:39","modified_gmt":"2026-01-22T07:09:39","slug":"filtre-actif-gizeh-conique-6-x-25-pieces","status":"publish","type":"product","link":"https:\/\/www.tabakversand.ch\/fr\/produit\/filtre-actif-gizeh-conique-6-x-25-pieces\/","title":{"rendered":"Filtre actif Gizeh conique 6 x 25 pi\u00e8ces."},"content":{"rendered":"<p>Filtre actif Gizeh conique 6 x 25 pi\u00e8ces.<\/p>\n<ul>\n<li>Longueur du filtre 27 mm<\/li>\n<li>Avec du charbon actif purifi\u00e9 provenant de coques de noix de coco<\/li>\n<li>Filtrer \u00ab&nbsp;Fabriqu\u00e9 en Allemagne&nbsp;\u00bb<\/li>\n<\/ul>\n<p>La solution id\u00e9ale pour vos moments de grande taille : les filtres actifs de forme conique (6-7 mm de diam\u00e8tre) ont \u00e9t\u00e9 sp\u00e9cialement d\u00e9velopp\u00e9s pour un plaisir de grande taille. La conception conique emp\u00eache de glisser lors de la rotation. Le charbon actif purifi\u00e9 \u00e0 l&rsquo;int\u00e9rieur du filtre est produit \u00e0 partir de coques de noix de coco &#8211; une mati\u00e8re premi\u00e8re renouvelable et garantit un go\u00fbt doux. Les capuchons en c\u00e9ramique aux deux extr\u00e9mit\u00e9s comportent chacun sept trous pour une circulation d&rsquo;air optimale. <\/p>\n<p>Les filtres coniques GIZEH Active sont \u00ab Made in Germany \u00bb et peuvent \u00eatre utilis\u00e9s plusieurs fois.<\/p>\n<p>Tous les prix s&rsquo;appliquent uniquement aux commandes en ligne et incluent la TVA. Sous r\u00e9serve de modifications sans pr\u00e9avis, frais de livraison en sus. Sous r\u00e9serve d&rsquo;erreurs, de modifications de contenu de livraison et de conception, de fautes d&rsquo;impression et de modifications de prix. Les prix barr\u00e9s sont des prix de remplacement. Les illustrations peuvent diff\u00e9rer de l&rsquo;original\/du contenu de livraison.<br \/>\n*Livraison gratuite pour les commandes sup\u00e9rieures \u00e0 CHF 250.-.<\/p>\n","protected":false},"excerpt":{"rendered":"<p>Filtre actif Gizeh conique 6 x 25 pi\u00e8ces. Longueur du filtre 27 mm Avec du charbon actif purifi\u00e9 provenant de coques de noix de coco Filtrer \u00ab&nbsp;Fabriqu\u00e9 en Allemagne&nbsp;\u00bb La solution id\u00e9ale pour vos moments de grande taille : les filtres actifs de forme conique (6-7 mm de diam\u00e8tre) ont \u00e9t\u00e9 sp\u00e9cialement d\u00e9velopp\u00e9s pour un [&hellip;]<\/p>\n","protected":false},"featured_media":156677,"template":"","meta":[],"product_brand":[1564],"product_cat":[3219,1961,1995,3231,5177,2014],"product_tag":[],"class_list":{"0":"post-112814","1":"product","2":"type-product","3":"status-publish","4":"has-post-thumbnail","6":"product_brand-gizeh","7":"product_cat-boutique-de-tete","8":"product_cat-cigarettes-self-made-fr-2","9":"product_cat-divers-headshop","10":"product_cat-filtre","11":"product_cat-filtre-a-charbon-actif","12":"product_cat-filtres-a-cigarettes","14":"first","15":"onbackorder","16":"purchasable","17":"product-type-simple"},"yoast_head":"<!-- This site is optimized with the Yoast SEO plugin v27.0 - https:\/\/yoast.com\/product\/yoast-seo-wordpress\/ -->\n<title>Filtre actif Gizeh conique 6 x 25 pi\u00e8ces. - Tabakversand.ch<\/title>\n<meta name=\"description\" content=\"Filtre actif Gizeh conique 6 x 25 pi\u00e8ces. | Grand choix de briquets Zippo originaux et d&#039;accessoires Zippo dans toute la Suisse | Cartes accept\u00e9es !\" \/>\n<meta name=\"robots\" content=\"index, follow, max-snippet:-1, max-image-preview:large, max-video-preview:-1\" \/>\n<link rel=\"canonical\" href=\"https:\/\/www.tabakversand.ch\/produit\/gizeh-active-filter-konisch-6-x-25stk\/\" \/>\n<meta property=\"og:locale\" content=\"fr_FR\" \/>\n<meta property=\"og:type\" content=\"article\" \/>\n<meta property=\"og:title\" content=\"Filtre actif Gizeh conique 6 x 25 pi\u00e8ces. - Tabakversand.ch\" \/>\n<meta property=\"og:description\" content=\"Filtre actif Gizeh conique 6 x 25 pi\u00e8ces. | Grand choix de briquets Zippo originaux et d&#039;accessoires Zippo dans toute la Suisse | Cartes accept\u00e9es !\" \/>\n<meta property=\"og:url\" content=\"https:\/\/www.tabakversand.ch\/produit\/gizeh-active-filter-konisch-6-x-25stk\/\" \/>\n<meta property=\"og:site_name\" content=\"Tabakversand.ch | Alles aus der Welt des Tabaks\" \/>\n<meta property=\"article:modified_time\" content=\"2026-01-22T07:09:39+00:00\" \/>\n<meta property=\"og:image\" content=\"https:\/\/www.tabakversand.ch\/wp-content\/uploads\/2023\/11\/gizeh-aktive-filter-konische-25.jpg\" \/>\n\t<meta property=\"og:image:width\" content=\"500\" \/>\n\t<meta property=\"og:image:height\" content=\"500\" \/>\n\t<meta property=\"og:image:type\" content=\"image\/jpeg\" \/>\n<meta name=\"twitter:card\" content=\"summary_large_image\" \/>\n<meta name=\"twitter:label1\" content=\"Dur\u00e9e de lecture estim\u00e9e\" \/>\n\t<meta name=\"twitter:data1\" content=\"2 minutes\" \/>\n<script type=\"application\/ld+json\" class=\"yoast-schema-graph\">{\"@context\":\"https:\/\/schema.org\",\"@graph\":[{\"@type\":\"WebPage\",\"@id\":\"https:\/\/www.tabakversand.ch\/produit\/gizeh-active-filter-konisch-6-x-25stk\/\",\"url\":\"https:\/\/www.tabakversand.ch\/produit\/gizeh-active-filter-konisch-6-x-25stk\/\",\"name\":\"Filtre actif Gizeh conique 6 x 25 pi\u00e8ces. - Tabakversand.ch\",\"isPartOf\":{\"@id\":\"https:\/\/www.tabakversand.ch\/#website\"},\"primaryImageOfPage\":{\"@id\":\"https:\/\/www.tabakversand.ch\/produit\/gizeh-active-filter-konisch-6-x-25stk\/#primaryimage\"},\"image\":{\"@id\":\"https:\/\/www.tabakversand.ch\/produit\/gizeh-active-filter-konisch-6-x-25stk\/#primaryimage\"},\"thumbnailUrl\":\"https:\/\/www.tabakversand.ch\/wp-content\/uploads\/2023\/11\/gizeh-aktive-filter-konische-25.jpg\",\"datePublished\":\"2023-11-09T13:51:11+00:00\",\"dateModified\":\"2026-01-22T07:09:39+00:00\",\"description\":\"Filtre actif Gizeh conique 6 x 25 pi\u00e8ces. | Grand choix de briquets Zippo originaux et d'accessoires Zippo dans toute la Suisse | Cartes accept\u00e9es !\",\"breadcrumb\":{\"@id\":\"https:\/\/www.tabakversand.ch\/produit\/gizeh-active-filter-konisch-6-x-25stk\/#breadcrumb\"},\"inLanguage\":\"fr-FR\",\"potentialAction\":[{\"@type\":\"ReadAction\",\"target\":[\"https:\/\/www.tabakversand.ch\/produit\/gizeh-active-filter-konisch-6-x-25stk\/\"]}]},{\"@type\":\"ImageObject\",\"inLanguage\":\"fr-FR\",\"@id\":\"https:\/\/www.tabakversand.ch\/produit\/gizeh-active-filter-konisch-6-x-25stk\/#primaryimage\",\"url\":\"https:\/\/www.tabakversand.ch\/wp-content\/uploads\/2023\/11\/gizeh-aktive-filter-konische-25.jpg\",\"contentUrl\":\"https:\/\/www.tabakversand.ch\/wp-content\/uploads\/2023\/11\/gizeh-aktive-filter-konische-25.jpg\",\"width\":500,\"height\":500,\"caption\":\"Filtre actif Gizeh conique 6 x 25 pi\u00e8ces. | Tabakversand.ch\"},{\"@type\":\"BreadcrumbList\",\"@id\":\"https:\/\/www.tabakversand.ch\/produit\/gizeh-active-filter-konisch-6-x-25stk\/#breadcrumb\",\"itemListElement\":[{\"@type\":\"ListItem\",\"position\":1,\"name\":\"Startseite\",\"item\":\"https:\/\/www.tabakversand.ch\/\"},{\"@type\":\"ListItem\",\"position\":2,\"name\":\"Boutique\",\"item\":\"https:\/\/www.tabakversand.ch\/fr\/boutique\/\"},{\"@type\":\"ListItem\",\"position\":3,\"name\":\"Filtre actif Gizeh conique 6 x 25 pi\u00e8ces.\"}]},{\"@type\":\"WebSite\",\"@id\":\"https:\/\/www.tabakversand.ch\/#website\",\"url\":\"https:\/\/www.tabakversand.ch\/\",\"name\":\"Tabakversand.ch | Alles aus der Welt des Tabaks\",\"description\":\"Smoke and carpe diem\",\"potentialAction\":[{\"@type\":\"SearchAction\",\"target\":{\"@type\":\"EntryPoint\",\"urlTemplate\":\"https:\/\/www.tabakversand.ch\/?s={search_term_string}\"},\"query-input\":{\"@type\":\"PropertyValueSpecification\",\"valueRequired\":true,\"valueName\":\"search_term_string\"}}],\"inLanguage\":\"fr-FR\"}]}<\/script>\n<!-- \/ Yoast SEO plugin. -->","yoast_head_json":{"title":"Filtre actif Gizeh conique 6 x 25 pi\u00e8ces. - Tabakversand.ch","description":"Filtre actif Gizeh conique 6 x 25 pi\u00e8ces. | Grand choix de briquets Zippo originaux et d'accessoires Zippo dans toute la Suisse | Cartes accept\u00e9es !","robots":{"index":"index","follow":"follow","max-snippet":"max-snippet:-1","max-image-preview":"max-image-preview:large","max-video-preview":"max-video-preview:-1"},"canonical":"https:\/\/www.tabakversand.ch\/produit\/gizeh-active-filter-konisch-6-x-25stk\/","og_locale":"fr_FR","og_type":"article","og_title":"Filtre actif Gizeh conique 6 x 25 pi\u00e8ces. - Tabakversand.ch","og_description":"Filtre actif Gizeh conique 6 x 25 pi\u00e8ces. | Grand choix de briquets Zippo originaux et d'accessoires Zippo dans toute la Suisse | Cartes accept\u00e9es !","og_url":"https:\/\/www.tabakversand.ch\/produit\/gizeh-active-filter-konisch-6-x-25stk\/","og_site_name":"Tabakversand.ch | Alles aus der Welt des Tabaks","article_modified_time":"2026-01-22T07:09:39+00:00","og_image":[{"width":500,"height":500,"url":"https:\/\/www.tabakversand.ch\/wp-content\/uploads\/2023\/11\/gizeh-aktive-filter-konische-25.jpg","type":"image\/jpeg"}],"twitter_card":"summary_large_image","twitter_misc":{"Dur\u00e9e de lecture estim\u00e9e":"2 minutes"},"schema":{"@context":"https:\/\/schema.org","@graph":[{"@type":"WebPage","@id":"https:\/\/www.tabakversand.ch\/produit\/gizeh-active-filter-konisch-6-x-25stk\/","url":"https:\/\/www.tabakversand.ch\/produit\/gizeh-active-filter-konisch-6-x-25stk\/","name":"Filtre actif Gizeh conique 6 x 25 pi\u00e8ces. - Tabakversand.ch","isPartOf":{"@id":"https:\/\/www.tabakversand.ch\/#website"},"primaryImageOfPage":{"@id":"https:\/\/www.tabakversand.ch\/produit\/gizeh-active-filter-konisch-6-x-25stk\/#primaryimage"},"image":{"@id":"https:\/\/www.tabakversand.ch\/produit\/gizeh-active-filter-konisch-6-x-25stk\/#primaryimage"},"thumbnailUrl":"https:\/\/www.tabakversand.ch\/wp-content\/uploads\/2023\/11\/gizeh-aktive-filter-konische-25.jpg","datePublished":"2023-11-09T13:51:11+00:00","dateModified":"2026-01-22T07:09:39+00:00","description":"Filtre actif Gizeh conique 6 x 25 pi\u00e8ces. | Grand choix de briquets Zippo originaux et d'accessoires Zippo dans toute la Suisse | Cartes accept\u00e9es !","breadcrumb":{"@id":"https:\/\/www.tabakversand.ch\/produit\/gizeh-active-filter-konisch-6-x-25stk\/#breadcrumb"},"inLanguage":"fr-FR","potentialAction":[{"@type":"ReadAction","target":["https:\/\/www.tabakversand.ch\/produit\/gizeh-active-filter-konisch-6-x-25stk\/"]}]},{"@type":"ImageObject","inLanguage":"fr-FR","@id":"https:\/\/www.tabakversand.ch\/produit\/gizeh-active-filter-konisch-6-x-25stk\/#primaryimage","url":"https:\/\/www.tabakversand.ch\/wp-content\/uploads\/2023\/11\/gizeh-aktive-filter-konische-25.jpg","contentUrl":"https:\/\/www.tabakversand.ch\/wp-content\/uploads\/2023\/11\/gizeh-aktive-filter-konische-25.jpg","width":500,"height":500,"caption":"Filtre actif Gizeh conique 6 x 25 pi\u00e8ces. | Tabakversand.ch"},{"@type":"BreadcrumbList","@id":"https:\/\/www.tabakversand.ch\/produit\/gizeh-active-filter-konisch-6-x-25stk\/#breadcrumb","itemListElement":[{"@type":"ListItem","position":1,"name":"Startseite","item":"https:\/\/www.tabakversand.ch\/"},{"@type":"ListItem","position":2,"name":"Boutique","item":"https:\/\/www.tabakversand.ch\/fr\/boutique\/"},{"@type":"ListItem","position":3,"name":"Filtre actif Gizeh conique 6 x 25 pi\u00e8ces."}]},{"@type":"WebSite","@id":"https:\/\/www.tabakversand.ch\/#website","url":"https:\/\/www.tabakversand.ch\/","name":"Tabakversand.ch | Alles aus der Welt des Tabaks","description":"Smoke and carpe diem","potentialAction":[{"@type":"SearchAction","target":{"@type":"EntryPoint","urlTemplate":"https:\/\/www.tabakversand.ch\/?s={search_term_string}"},"query-input":{"@type":"PropertyValueSpecification","valueRequired":true,"valueName":"search_term_string"}}],"inLanguage":"fr-FR"}]}},"_links":{"self":[{"href":"https:\/\/www.tabakversand.ch\/fr\/wp-json\/wp\/v2\/product\/112814","targetHints":{"allow":["GET"]}}],"collection":[{"href":"https:\/\/www.tabakversand.ch\/fr\/wp-json\/wp\/v2\/product"}],"about":[{"href":"https:\/\/www.tabakversand.ch\/fr\/wp-json\/wp\/v2\/types\/product"}],"version-history":[{"count":5,"href":"https:\/\/www.tabakversand.ch\/fr\/wp-json\/wp\/v2\/product\/112814\/revisions"}],"predecessor-version":[{"id":206640,"href":"https:\/\/www.tabakversand.ch\/fr\/wp-json\/wp\/v2\/product\/112814\/revisions\/206640"}],"wp:featuredmedia":[{"embeddable":true,"href":"https:\/\/www.tabakversand.ch\/fr\/wp-json\/wp\/v2\/media\/156677"}],"wp:attachment":[{"href":"https:\/\/www.tabakversand.ch\/fr\/wp-json\/wp\/v2\/media?parent=112814"}],"wp:term":[{"taxonomy":"product_brand","embeddable":true,"href":"https:\/\/www.tabakversand.ch\/fr\/wp-json\/wp\/v2\/product_brand?post=112814"},{"taxonomy":"product_cat","embeddable":true,"href":"https:\/\/www.tabakversand.ch\/fr\/wp-json\/wp\/v2\/product_cat?post=112814"},{"taxonomy":"product_tag","embeddable":true,"href":"https:\/\/www.tabakversand.ch\/fr\/wp-json\/wp\/v2\/product_tag?post=112814"}],"curies":[{"name":"wp","href":"https:\/\/api.w.org\/{rel}","templated":true}]}}