{"id":114410,"date":"2023-09-14T15:19:38","date_gmt":"2023-09-14T13:19:38","guid":{"rendered":"https:\/\/www.tabakversand.ch\/?post_type=product&#038;p=114410"},"modified":"2024-07-26T16:54:36","modified_gmt":"2024-07-26T14:54:36","slug":"conception-de-feu-de-camp-zippo","status":"publish","type":"product","link":"https:\/\/www.tabakversand.ch\/fr\/produit\/conception-de-feu-de-camp-zippo\/","title":{"rendered":"Conception de feu de camp Zippo"},"content":{"rendered":"<p>Conception de feu de camp Zippo<\/p>\n<ul>\n<li>Taille: Pleine grandeur<\/li>\n<li>Emball\u00e9 dans un coffret cadeau Zippo original.<\/li>\n<li>Constitu\u00e9 de m\u00e9tal; conception coupe-vent qui fonctionne pratiquement n\u2019importe o\u00f9.<\/li>\n<li>Rechargeable pour une utilisation \u00e0 vie; nous recommandons l\u2019essence, le silex et les m\u00e8ches plus l\u00e9gers Zippo premium d\u2019origine.<\/li>\n<li>Garantie: 30 ans sur la m\u00e9canique (hors consommables et surfaces)<\/li>\n<li>Fabriqu\u00e9 aux \u00c9tats-Unis<\/li>\n<li>Carburant: Essence originale Zippo Premium Lighter (vendue s\u00e9par\u00e9ment, toutes les Zippo ne sont pas remplies)<\/li>\n<li>Tapis marine<\/li>\n<li>Gravure laser<\/li>\n<\/ul>\n<p>Tous les prix s&rsquo;appliquent uniquement aux commandes en ligne et incluent la TVA et sont sujets \u00e0 changement plus les frais d&rsquo;exp\u00e9dition. Sous r\u00e9serve d&rsquo;erreurs, de modifications de l&rsquo;\u00e9tendue de la livraison et de la conception, d&rsquo;erreurs d&rsquo;impression et de modifications de prix. Les prix barr\u00e9s sont plut\u00f4t des prix. L&rsquo;illustration peut diff\u00e9rer de l&rsquo;original\/de l&rsquo;\u00e9tendue de la livraison. *Livraison gratuite pour les commandes sup\u00e9rieures \u00e0 CHF 250.<\/p>\n","protected":false},"excerpt":{"rendered":"<p>Conception de feu de camp Zippo Taille: Pleine grandeur Emball\u00e9 dans un coffret cadeau Zippo original. Constitu\u00e9 de m\u00e9tal; conception coupe-vent qui fonctionne pratiquement n\u2019importe o\u00f9. Rechargeable pour une utilisation \u00e0 vie; nous recommandons l\u2019essence, le silex et les m\u00e8ches plus l\u00e9gers Zippo premium d\u2019origine. Garantie: 30 ans sur la m\u00e9canique (hors consommables et surfaces) [&hellip;]<\/p>\n","protected":false},"featured_media":153441,"template":"","meta":[],"product_brand":[1567],"product_cat":[1927,1975],"product_tag":[],"class_list":{"0":"post-114410","1":"product","2":"type-product","3":"status-publish","4":"has-post-thumbnail","6":"product_brand-zippo-feuerzeuge-und-acessoires","7":"product_cat-briquets","8":"product_cat-zippo-urban-style-classique","10":"first","11":"onbackorder","12":"purchasable","13":"product-type-simple"},"yoast_head":"<!-- This site is optimized with the Yoast SEO plugin v27.0 - https:\/\/yoast.com\/product\/yoast-seo-wordpress\/ -->\n<title>Conception de feu de camp Zippo - tabakversand.ch<\/title>\n<meta name=\"description\" content=\"Conception de feu de camp Zippo | Un tr\u00e8s grand choix de produits du tabac, d&#039;e-smoke et d&#039;ustensiles pour fumer dans toute la Suisse Cartes accept\u00e9es !\" \/>\n<meta name=\"robots\" content=\"index, follow, max-snippet:-1, max-image-preview:large, max-video-preview:-1\" \/>\n<link rel=\"canonical\" href=\"https:\/\/www.tabakversand.ch\/produit\/zippo-campfire-design-60007187\/\" \/>\n<meta property=\"og:locale\" content=\"fr_FR\" \/>\n<meta property=\"og:type\" content=\"article\" \/>\n<meta property=\"og:title\" content=\"Conception de feu de camp Zippo - tabakversand.ch\" \/>\n<meta property=\"og:description\" content=\"Conception de feu de camp Zippo | Un tr\u00e8s grand choix de produits du tabac, d&#039;e-smoke et d&#039;ustensiles pour fumer dans toute la Suisse Cartes accept\u00e9es !\" \/>\n<meta property=\"og:url\" content=\"https:\/\/www.tabakversand.ch\/produit\/zippo-campfire-design-60007187\/\" \/>\n<meta property=\"og:site_name\" content=\"Tabakversand.ch | Alles aus der Welt des Tabaks\" \/>\n<meta property=\"article:modified_time\" content=\"2024-07-26T14:54:36+00:00\" \/>\n<meta property=\"og:image\" content=\"https:\/\/www.tabakversand.ch\/wp-content\/uploads\/2023\/09\/zippo-campfire-design-60007187.jpg\" \/>\n\t<meta property=\"og:image:width\" content=\"500\" \/>\n\t<meta property=\"og:image:height\" content=\"500\" \/>\n\t<meta property=\"og:image:type\" content=\"image\/jpeg\" \/>\n<meta name=\"twitter:card\" content=\"summary_large_image\" \/>\n<meta name=\"twitter:label1\" content=\"Dur\u00e9e de lecture estim\u00e9e\" \/>\n\t<meta name=\"twitter:data1\" content=\"2 minutes\" \/>\n<script type=\"application\/ld+json\" class=\"yoast-schema-graph\">{\"@context\":\"https:\/\/schema.org\",\"@graph\":[{\"@type\":\"WebPage\",\"@id\":\"https:\/\/www.tabakversand.ch\/produit\/zippo-campfire-design-60007187\/\",\"url\":\"https:\/\/www.tabakversand.ch\/produit\/zippo-campfire-design-60007187\/\",\"name\":\"Conception de feu de camp Zippo - tabakversand.ch\",\"isPartOf\":{\"@id\":\"https:\/\/www.tabakversand.ch\/#website\"},\"primaryImageOfPage\":{\"@id\":\"https:\/\/www.tabakversand.ch\/produit\/zippo-campfire-design-60007187\/#primaryimage\"},\"image\":{\"@id\":\"https:\/\/www.tabakversand.ch\/produit\/zippo-campfire-design-60007187\/#primaryimage\"},\"thumbnailUrl\":\"https:\/\/www.tabakversand.ch\/wp-content\/uploads\/2023\/09\/zippo-campfire-design-60007187.jpg\",\"datePublished\":\"2023-09-14T13:19:38+00:00\",\"dateModified\":\"2024-07-26T14:54:36+00:00\",\"description\":\"Conception de feu de camp Zippo | Un tr\u00e8s grand choix de produits du tabac, d'e-smoke et d'ustensiles pour fumer dans toute la Suisse Cartes accept\u00e9es !\",\"breadcrumb\":{\"@id\":\"https:\/\/www.tabakversand.ch\/produit\/zippo-campfire-design-60007187\/#breadcrumb\"},\"inLanguage\":\"fr-FR\",\"potentialAction\":[{\"@type\":\"ReadAction\",\"target\":[\"https:\/\/www.tabakversand.ch\/produit\/zippo-campfire-design-60007187\/\"]}]},{\"@type\":\"ImageObject\",\"inLanguage\":\"fr-FR\",\"@id\":\"https:\/\/www.tabakversand.ch\/produit\/zippo-campfire-design-60007187\/#primaryimage\",\"url\":\"https:\/\/www.tabakversand.ch\/wp-content\/uploads\/2023\/09\/zippo-campfire-design-60007187.jpg\",\"contentUrl\":\"https:\/\/www.tabakversand.ch\/wp-content\/uploads\/2023\/09\/zippo-campfire-design-60007187.jpg\",\"width\":500,\"height\":500,\"caption\":\"Zippo Campfire Design\"},{\"@type\":\"BreadcrumbList\",\"@id\":\"https:\/\/www.tabakversand.ch\/produit\/zippo-campfire-design-60007187\/#breadcrumb\",\"itemListElement\":[{\"@type\":\"ListItem\",\"position\":1,\"name\":\"Startseite\",\"item\":\"https:\/\/www.tabakversand.ch\/\"},{\"@type\":\"ListItem\",\"position\":2,\"name\":\"Boutique\",\"item\":\"https:\/\/www.tabakversand.ch\/fr\/boutique\/\"},{\"@type\":\"ListItem\",\"position\":3,\"name\":\"Conception de feu de camp Zippo\"}]},{\"@type\":\"WebSite\",\"@id\":\"https:\/\/www.tabakversand.ch\/#website\",\"url\":\"https:\/\/www.tabakversand.ch\/\",\"name\":\"Tabakversand.ch | Alles aus der Welt des Tabaks\",\"description\":\"Smoke and carpe diem\",\"potentialAction\":[{\"@type\":\"SearchAction\",\"target\":{\"@type\":\"EntryPoint\",\"urlTemplate\":\"https:\/\/www.tabakversand.ch\/?s={search_term_string}\"},\"query-input\":{\"@type\":\"PropertyValueSpecification\",\"valueRequired\":true,\"valueName\":\"search_term_string\"}}],\"inLanguage\":\"fr-FR\"}]}<\/script>\n<!-- \/ Yoast SEO plugin. -->","yoast_head_json":{"title":"Conception de feu de camp Zippo - tabakversand.ch","description":"Conception de feu de camp Zippo | Un tr\u00e8s grand choix de produits du tabac, d'e-smoke et d'ustensiles pour fumer dans toute la Suisse Cartes accept\u00e9es !","robots":{"index":"index","follow":"follow","max-snippet":"max-snippet:-1","max-image-preview":"max-image-preview:large","max-video-preview":"max-video-preview:-1"},"canonical":"https:\/\/www.tabakversand.ch\/produit\/zippo-campfire-design-60007187\/","og_locale":"fr_FR","og_type":"article","og_title":"Conception de feu de camp Zippo - tabakversand.ch","og_description":"Conception de feu de camp Zippo | Un tr\u00e8s grand choix de produits du tabac, d'e-smoke et d'ustensiles pour fumer dans toute la Suisse Cartes accept\u00e9es !","og_url":"https:\/\/www.tabakversand.ch\/produit\/zippo-campfire-design-60007187\/","og_site_name":"Tabakversand.ch | Alles aus der Welt des Tabaks","article_modified_time":"2024-07-26T14:54:36+00:00","og_image":[{"width":500,"height":500,"url":"https:\/\/www.tabakversand.ch\/wp-content\/uploads\/2023\/09\/zippo-campfire-design-60007187.jpg","type":"image\/jpeg"}],"twitter_card":"summary_large_image","twitter_misc":{"Dur\u00e9e de lecture estim\u00e9e":"2 minutes"},"schema":{"@context":"https:\/\/schema.org","@graph":[{"@type":"WebPage","@id":"https:\/\/www.tabakversand.ch\/produit\/zippo-campfire-design-60007187\/","url":"https:\/\/www.tabakversand.ch\/produit\/zippo-campfire-design-60007187\/","name":"Conception de feu de camp Zippo - tabakversand.ch","isPartOf":{"@id":"https:\/\/www.tabakversand.ch\/#website"},"primaryImageOfPage":{"@id":"https:\/\/www.tabakversand.ch\/produit\/zippo-campfire-design-60007187\/#primaryimage"},"image":{"@id":"https:\/\/www.tabakversand.ch\/produit\/zippo-campfire-design-60007187\/#primaryimage"},"thumbnailUrl":"https:\/\/www.tabakversand.ch\/wp-content\/uploads\/2023\/09\/zippo-campfire-design-60007187.jpg","datePublished":"2023-09-14T13:19:38+00:00","dateModified":"2024-07-26T14:54:36+00:00","description":"Conception de feu de camp Zippo | Un tr\u00e8s grand choix de produits du tabac, d'e-smoke et d'ustensiles pour fumer dans toute la Suisse Cartes accept\u00e9es !","breadcrumb":{"@id":"https:\/\/www.tabakversand.ch\/produit\/zippo-campfire-design-60007187\/#breadcrumb"},"inLanguage":"fr-FR","potentialAction":[{"@type":"ReadAction","target":["https:\/\/www.tabakversand.ch\/produit\/zippo-campfire-design-60007187\/"]}]},{"@type":"ImageObject","inLanguage":"fr-FR","@id":"https:\/\/www.tabakversand.ch\/produit\/zippo-campfire-design-60007187\/#primaryimage","url":"https:\/\/www.tabakversand.ch\/wp-content\/uploads\/2023\/09\/zippo-campfire-design-60007187.jpg","contentUrl":"https:\/\/www.tabakversand.ch\/wp-content\/uploads\/2023\/09\/zippo-campfire-design-60007187.jpg","width":500,"height":500,"caption":"Zippo Campfire Design"},{"@type":"BreadcrumbList","@id":"https:\/\/www.tabakversand.ch\/produit\/zippo-campfire-design-60007187\/#breadcrumb","itemListElement":[{"@type":"ListItem","position":1,"name":"Startseite","item":"https:\/\/www.tabakversand.ch\/"},{"@type":"ListItem","position":2,"name":"Boutique","item":"https:\/\/www.tabakversand.ch\/fr\/boutique\/"},{"@type":"ListItem","position":3,"name":"Conception de feu de camp Zippo"}]},{"@type":"WebSite","@id":"https:\/\/www.tabakversand.ch\/#website","url":"https:\/\/www.tabakversand.ch\/","name":"Tabakversand.ch | Alles aus der Welt des Tabaks","description":"Smoke and carpe diem","potentialAction":[{"@type":"SearchAction","target":{"@type":"EntryPoint","urlTemplate":"https:\/\/www.tabakversand.ch\/?s={search_term_string}"},"query-input":{"@type":"PropertyValueSpecification","valueRequired":true,"valueName":"search_term_string"}}],"inLanguage":"fr-FR"}]}},"_links":{"self":[{"href":"https:\/\/www.tabakversand.ch\/fr\/wp-json\/wp\/v2\/product\/114410","targetHints":{"allow":["GET"]}}],"collection":[{"href":"https:\/\/www.tabakversand.ch\/fr\/wp-json\/wp\/v2\/product"}],"about":[{"href":"https:\/\/www.tabakversand.ch\/fr\/wp-json\/wp\/v2\/types\/product"}],"version-history":[{"count":2,"href":"https:\/\/www.tabakversand.ch\/fr\/wp-json\/wp\/v2\/product\/114410\/revisions"}],"predecessor-version":[{"id":153453,"href":"https:\/\/www.tabakversand.ch\/fr\/wp-json\/wp\/v2\/product\/114410\/revisions\/153453"}],"wp:featuredmedia":[{"embeddable":true,"href":"https:\/\/www.tabakversand.ch\/fr\/wp-json\/wp\/v2\/media\/153441"}],"wp:attachment":[{"href":"https:\/\/www.tabakversand.ch\/fr\/wp-json\/wp\/v2\/media?parent=114410"}],"wp:term":[{"taxonomy":"product_brand","embeddable":true,"href":"https:\/\/www.tabakversand.ch\/fr\/wp-json\/wp\/v2\/product_brand?post=114410"},{"taxonomy":"product_cat","embeddable":true,"href":"https:\/\/www.tabakversand.ch\/fr\/wp-json\/wp\/v2\/product_cat?post=114410"},{"taxonomy":"product_tag","embeddable":true,"href":"https:\/\/www.tabakversand.ch\/fr\/wp-json\/wp\/v2\/product_tag?post=114410"}],"curies":[{"name":"wp","href":"https:\/\/api.w.org\/{rel}","templated":true}]}}