{"id":114932,"date":"2023-11-09T14:46:51","date_gmt":"2023-11-09T13:46:51","guid":{"rendered":"https:\/\/www.tabakversand.ch\/?post_type=product&#038;p=114932"},"modified":"2023-11-09T14:46:54","modified_gmt":"2023-11-09T13:46:54","slug":"zippo-double-coeur-mini-briquet","status":"publish","type":"product","link":"https:\/\/www.tabakversand.ch\/fr\/produit\/zippo-double-coeur-mini-briquet\/","title":{"rendered":"Zippo Double Coeur Mini Briquet"},"content":{"rendered":"<p>Zippo Double Coeur Mini Briquet<\/p>\n<ul>\n<li>Briquet Zippo original<\/li>\n<li>Taille: Pleine grandeur<\/li>\n<li>Emballage: Zippobox d\u2019origine<\/li>\n<li>Garantie: \u00c0 vie sur la m\u00e9canique (\u00e0 l\u2019exclusion des consommables et des surfaces)<\/li>\n<li>Fabriqu\u00e9 aux \u00c9tats-Unis<\/li>\n<li>Chrome bross\u00e9<\/li>\n<li>Embl\u00e8me attach\u00e9<\/li>\n<\/ul>\n<p>Tous les prix ne sont valables que pour les commandes en ligne et comprennent La TVA, sont sujettes \u00e0 changement plus la TVA. Frais d\u2019exp\u00e9dition. Erreurs, changements dans l\u2019\u00e9tendue de la livraison et de la conception, erreurs d\u2019impression et changements de prix r\u00e9serv\u00e9s. Les prix barr\u00e9s sont stattpreise. L\u2019illustration peut diff\u00e9rer de l\u2019original \/ de la port\u00e9e de la livraison.<br \/>\n*Livraison gratuite \u00e0 partir de CHF 250.- valeur de la commande.<\/p>\n","protected":false},"excerpt":{"rendered":"<p>Zippo Double Coeur Mini Briquet Briquet Zippo original Taille: Pleine grandeur Emballage: Zippobox d\u2019origine Garantie: \u00c0 vie sur la m\u00e9canique (\u00e0 l\u2019exclusion des consommables et des surfaces) Fabriqu\u00e9 aux \u00c9tats-Unis Chrome bross\u00e9 Embl\u00e8me attach\u00e9 Tous les prix ne sont valables que pour les commandes en ligne et comprennent La TVA, sont sujettes \u00e0 changement plus [&hellip;]<\/p>\n","protected":false},"featured_media":114936,"template":"","meta":[],"product_brand":[1567],"product_cat":[1927,1926,1968],"product_tag":[],"class_list":{"0":"post-114932","1":"product","2":"type-product","3":"status-publish","4":"has-post-thumbnail","6":"product_brand-zippo-feuerzeuge-und-acessoires","7":"product_cat-briquets","8":"product_cat-collections-de-briquets-zippo","9":"product_cat-zippo-girls-style-et-amour","11":"first","12":"instock","13":"purchasable","14":"product-type-simple"},"yoast_head":"<!-- This site is optimized with the Yoast SEO plugin v27.5 - https:\/\/yoast.com\/product\/yoast-seo-wordpress\/ -->\n<title>Zippo Double Coeur Mini Briquet - tabakversand.ch<\/title>\n<meta name=\"description\" content=\"Zippo Double Coeur Mini Briquet | La plus grande s\u00e9lection de produits du tabac de Suisse | Cartes accept\u00e9es!\" \/>\n<meta name=\"robots\" content=\"index, follow, max-snippet:-1, max-image-preview:large, max-video-preview:-1\" \/>\n<link rel=\"canonical\" href=\"https:\/\/www.tabakversand.ch\/produit\/zippo-double-heart-mini-feuerzeug\/\" \/>\n<meta property=\"og:locale\" content=\"fr_FR\" \/>\n<meta property=\"og:type\" content=\"article\" \/>\n<meta property=\"og:title\" content=\"Zippo Double Coeur Mini Briquet - tabakversand.ch\" \/>\n<meta property=\"og:description\" content=\"Zippo Double Coeur Mini Briquet | La plus grande s\u00e9lection de produits du tabac de Suisse | Cartes accept\u00e9es!\" \/>\n<meta property=\"og:url\" content=\"https:\/\/www.tabakversand.ch\/produit\/zippo-double-heart-mini-feuerzeug\/\" \/>\n<meta property=\"og:site_name\" content=\"Tabakversand.ch | Alles aus der Welt des Tabaks\" \/>\n<meta property=\"article:modified_time\" content=\"2023-11-09T13:46:54+00:00\" \/>\n<meta property=\"og:image\" content=\"https:\/\/www.tabakversand.ch\/wp-content\/uploads\/2022\/06\/zippo-double-heart-mini.jpg\" \/>\n\t<meta property=\"og:image:width\" content=\"500\" \/>\n\t<meta property=\"og:image:height\" content=\"500\" \/>\n\t<meta property=\"og:image:type\" content=\"image\/jpeg\" \/>\n<meta name=\"twitter:card\" content=\"summary_large_image\" \/>\n<meta name=\"twitter:label1\" content=\"Dur\u00e9e de lecture estim\u00e9e\" \/>\n\t<meta name=\"twitter:data1\" content=\"1 minute\" \/>\n<script type=\"application\/ld+json\" class=\"yoast-schema-graph\">{\"@context\":\"https:\\\/\\\/schema.org\",\"@graph\":[{\"@type\":\"WebPage\",\"@id\":\"https:\\\/\\\/www.tabakversand.ch\\\/produit\\\/zippo-double-heart-mini-feuerzeug\\\/\",\"url\":\"https:\\\/\\\/www.tabakversand.ch\\\/produit\\\/zippo-double-heart-mini-feuerzeug\\\/\",\"name\":\"Zippo Double Coeur Mini Briquet - tabakversand.ch\",\"isPartOf\":{\"@id\":\"https:\\\/\\\/www.tabakversand.ch\\\/#website\"},\"primaryImageOfPage\":{\"@id\":\"https:\\\/\\\/www.tabakversand.ch\\\/produit\\\/zippo-double-heart-mini-feuerzeug\\\/#primaryimage\"},\"image\":{\"@id\":\"https:\\\/\\\/www.tabakversand.ch\\\/produit\\\/zippo-double-heart-mini-feuerzeug\\\/#primaryimage\"},\"thumbnailUrl\":\"https:\\\/\\\/www.tabakversand.ch\\\/wp-content\\\/uploads\\\/2022\\\/06\\\/zippo-double-heart-mini.jpg\",\"datePublished\":\"2023-11-09T13:46:51+00:00\",\"dateModified\":\"2023-11-09T13:46:54+00:00\",\"description\":\"Zippo Double Coeur Mini Briquet | La plus grande s\u00e9lection de produits du tabac de Suisse | Cartes accept\u00e9es!\",\"breadcrumb\":{\"@id\":\"https:\\\/\\\/www.tabakversand.ch\\\/produit\\\/zippo-double-heart-mini-feuerzeug\\\/#breadcrumb\"},\"inLanguage\":\"fr-FR\",\"potentialAction\":[{\"@type\":\"ReadAction\",\"target\":[\"https:\\\/\\\/www.tabakversand.ch\\\/produit\\\/zippo-double-heart-mini-feuerzeug\\\/\"]}]},{\"@type\":\"ImageObject\",\"inLanguage\":\"fr-FR\",\"@id\":\"https:\\\/\\\/www.tabakversand.ch\\\/produit\\\/zippo-double-heart-mini-feuerzeug\\\/#primaryimage\",\"url\":\"https:\\\/\\\/www.tabakversand.ch\\\/wp-content\\\/uploads\\\/2022\\\/06\\\/zippo-double-heart-mini.jpg\",\"contentUrl\":\"https:\\\/\\\/www.tabakversand.ch\\\/wp-content\\\/uploads\\\/2022\\\/06\\\/zippo-double-heart-mini.jpg\",\"width\":500,\"height\":500,\"caption\":\"Zippo Double Coeur Mini Briquet | Tabakversand.ch\"},{\"@type\":\"BreadcrumbList\",\"@id\":\"https:\\\/\\\/www.tabakversand.ch\\\/produit\\\/zippo-double-heart-mini-feuerzeug\\\/#breadcrumb\",\"itemListElement\":[{\"@type\":\"ListItem\",\"position\":1,\"name\":\"Startseite\",\"item\":\"https:\\\/\\\/www.tabakversand.ch\\\/\"},{\"@type\":\"ListItem\",\"position\":2,\"name\":\"Boutique\",\"item\":\"https:\\\/\\\/www.tabakversand.ch\\\/fr\\\/boutique\\\/\"},{\"@type\":\"ListItem\",\"position\":3,\"name\":\"Zippo Double Coeur Mini Briquet\"}]},{\"@type\":\"WebSite\",\"@id\":\"https:\\\/\\\/www.tabakversand.ch\\\/#website\",\"url\":\"https:\\\/\\\/www.tabakversand.ch\\\/\",\"name\":\"Tabakversand.ch | Alles aus der Welt des Tabaks\",\"description\":\"Smoke and carpe diem\",\"potentialAction\":[{\"@type\":\"SearchAction\",\"target\":{\"@type\":\"EntryPoint\",\"urlTemplate\":\"https:\\\/\\\/www.tabakversand.ch\\\/?s={search_term_string}\"},\"query-input\":{\"@type\":\"PropertyValueSpecification\",\"valueRequired\":true,\"valueName\":\"search_term_string\"}}],\"inLanguage\":\"fr-FR\"}]}<\/script>\n<!-- \/ Yoast SEO plugin. -->","yoast_head_json":{"title":"Zippo Double Coeur Mini Briquet - tabakversand.ch","description":"Zippo Double Coeur Mini Briquet | La plus grande s\u00e9lection de produits du tabac de Suisse | Cartes accept\u00e9es!","robots":{"index":"index","follow":"follow","max-snippet":"max-snippet:-1","max-image-preview":"max-image-preview:large","max-video-preview":"max-video-preview:-1"},"canonical":"https:\/\/www.tabakversand.ch\/produit\/zippo-double-heart-mini-feuerzeug\/","og_locale":"fr_FR","og_type":"article","og_title":"Zippo Double Coeur Mini Briquet - tabakversand.ch","og_description":"Zippo Double Coeur Mini Briquet | La plus grande s\u00e9lection de produits du tabac de Suisse | Cartes accept\u00e9es!","og_url":"https:\/\/www.tabakversand.ch\/produit\/zippo-double-heart-mini-feuerzeug\/","og_site_name":"Tabakversand.ch | Alles aus der Welt des Tabaks","article_modified_time":"2023-11-09T13:46:54+00:00","og_image":[{"width":500,"height":500,"url":"https:\/\/www.tabakversand.ch\/wp-content\/uploads\/2022\/06\/zippo-double-heart-mini.jpg","type":"image\/jpeg"}],"twitter_card":"summary_large_image","twitter_misc":{"Dur\u00e9e de lecture estim\u00e9e":"1 minute"},"schema":{"@context":"https:\/\/schema.org","@graph":[{"@type":"WebPage","@id":"https:\/\/www.tabakversand.ch\/produit\/zippo-double-heart-mini-feuerzeug\/","url":"https:\/\/www.tabakversand.ch\/produit\/zippo-double-heart-mini-feuerzeug\/","name":"Zippo Double Coeur Mini Briquet - tabakversand.ch","isPartOf":{"@id":"https:\/\/www.tabakversand.ch\/#website"},"primaryImageOfPage":{"@id":"https:\/\/www.tabakversand.ch\/produit\/zippo-double-heart-mini-feuerzeug\/#primaryimage"},"image":{"@id":"https:\/\/www.tabakversand.ch\/produit\/zippo-double-heart-mini-feuerzeug\/#primaryimage"},"thumbnailUrl":"https:\/\/www.tabakversand.ch\/wp-content\/uploads\/2022\/06\/zippo-double-heart-mini.jpg","datePublished":"2023-11-09T13:46:51+00:00","dateModified":"2023-11-09T13:46:54+00:00","description":"Zippo Double Coeur Mini Briquet | La plus grande s\u00e9lection de produits du tabac de Suisse | Cartes accept\u00e9es!","breadcrumb":{"@id":"https:\/\/www.tabakversand.ch\/produit\/zippo-double-heart-mini-feuerzeug\/#breadcrumb"},"inLanguage":"fr-FR","potentialAction":[{"@type":"ReadAction","target":["https:\/\/www.tabakversand.ch\/produit\/zippo-double-heart-mini-feuerzeug\/"]}]},{"@type":"ImageObject","inLanguage":"fr-FR","@id":"https:\/\/www.tabakversand.ch\/produit\/zippo-double-heart-mini-feuerzeug\/#primaryimage","url":"https:\/\/www.tabakversand.ch\/wp-content\/uploads\/2022\/06\/zippo-double-heart-mini.jpg","contentUrl":"https:\/\/www.tabakversand.ch\/wp-content\/uploads\/2022\/06\/zippo-double-heart-mini.jpg","width":500,"height":500,"caption":"Zippo Double Coeur Mini Briquet | Tabakversand.ch"},{"@type":"BreadcrumbList","@id":"https:\/\/www.tabakversand.ch\/produit\/zippo-double-heart-mini-feuerzeug\/#breadcrumb","itemListElement":[{"@type":"ListItem","position":1,"name":"Startseite","item":"https:\/\/www.tabakversand.ch\/"},{"@type":"ListItem","position":2,"name":"Boutique","item":"https:\/\/www.tabakversand.ch\/fr\/boutique\/"},{"@type":"ListItem","position":3,"name":"Zippo Double Coeur Mini Briquet"}]},{"@type":"WebSite","@id":"https:\/\/www.tabakversand.ch\/#website","url":"https:\/\/www.tabakversand.ch\/","name":"Tabakversand.ch | Alles aus der Welt des Tabaks","description":"Smoke and carpe diem","potentialAction":[{"@type":"SearchAction","target":{"@type":"EntryPoint","urlTemplate":"https:\/\/www.tabakversand.ch\/?s={search_term_string}"},"query-input":{"@type":"PropertyValueSpecification","valueRequired":true,"valueName":"search_term_string"}}],"inLanguage":"fr-FR"}]}},"_links":{"self":[{"href":"https:\/\/www.tabakversand.ch\/fr\/wp-json\/wp\/v2\/product\/114932","targetHints":{"allow":["GET"]}}],"collection":[{"href":"https:\/\/www.tabakversand.ch\/fr\/wp-json\/wp\/v2\/product"}],"about":[{"href":"https:\/\/www.tabakversand.ch\/fr\/wp-json\/wp\/v2\/types\/product"}],"version-history":[{"count":1,"href":"https:\/\/www.tabakversand.ch\/fr\/wp-json\/wp\/v2\/product\/114932\/revisions"}],"predecessor-version":[{"id":143227,"href":"https:\/\/www.tabakversand.ch\/fr\/wp-json\/wp\/v2\/product\/114932\/revisions\/143227"}],"wp:featuredmedia":[{"embeddable":true,"href":"https:\/\/www.tabakversand.ch\/fr\/wp-json\/wp\/v2\/media\/114936"}],"wp:attachment":[{"href":"https:\/\/www.tabakversand.ch\/fr\/wp-json\/wp\/v2\/media?parent=114932"}],"wp:term":[{"taxonomy":"product_brand","embeddable":true,"href":"https:\/\/www.tabakversand.ch\/fr\/wp-json\/wp\/v2\/product_brand?post=114932"},{"taxonomy":"product_cat","embeddable":true,"href":"https:\/\/www.tabakversand.ch\/fr\/wp-json\/wp\/v2\/product_cat?post=114932"},{"taxonomy":"product_tag","embeddable":true,"href":"https:\/\/www.tabakversand.ch\/fr\/wp-json\/wp\/v2\/product_tag?post=114932"}],"curies":[{"name":"wp","href":"https:\/\/api.w.org\/{rel}","templated":true}]}}