{"id":116835,"date":"2023-11-09T14:40:40","date_gmt":"2023-11-09T13:40:40","guid":{"rendered":"https:\/\/www.tabakversand.ch\/?post_type=product&#038;p=116835"},"modified":"2025-08-24T20:08:55","modified_gmt":"2025-08-24T18:08:55","slug":"elf-bar-elfa-pro-2-x-2ml-pod-20mg","status":"publish","type":"product","link":"https:\/\/www.tabakversand.ch\/fr\/produit\/elf-bar-elfa-pro-2-x-2ml-pod-20mg\/","title":{"rendered":"Elf Bar ELFA Pro 2 x 2 ml Pod 20 mg"},"content":{"rendered":"<p class=\"fn product-title\">Elf Bar ELFA Pro 2 x 2 ml Pod 20 mg<\/p>\n<p>Plongez-vous dans un monde plein de saveurs vari\u00e9es avec les nouveaux ELFA Pro Pods. Chaque dosette est soigneusement remplie d&rsquo;e-liquides haut de gamme qui offrent un maximum de saveur et de satisfaction. Les dosettes sont au c\u0153ur de votre exp\u00e9rience de vape, con\u00e7ues pour vous offrir des saveurs pures et intenses \u00e0 chaque inhalation. Profitez des subtilit\u00e9s du vapotage avec la technologie avanc\u00e9e de s\u00e9paration des bobines d&rsquo;e-liquide (ECS) et la technologie QUAQ Mesh Coil int\u00e9gr\u00e9es aux pods ELFA Pro. Ces technologies vous garantissent une vapeur riche et un go\u00fbt authentique, \u00e9vitant le risque de go\u00fbt de br\u00fbl\u00e9. Les ELFA Pro Pods montrent qu&rsquo;Elfbar donne la priorit\u00e9 \u00e0 la s\u00e9curit\u00e9 et \u00e0 la satisfaction des vapoteurs. Prot\u00e9g\u00e9s par le syst\u00e8me \u00ab Verify Product \u00bb, ils garantissent l\u2019authenticit\u00e9 de votre produit et offrent une protection contre les contrefa\u00e7ons.<\/p>\n<table width=\"719\">\n<tbody>\n<tr>\n<td>Nombre de mouvements<\/td>\n<td>environ 1200<\/td>\n<\/tr>\n<tr>\n<td>Type d&rsquo;appareil<\/td>\n<td>Jetable avec nicotine<\/td>\n<\/tr>\n<tr>\n<td>Teneur en nicotine\/ml<\/td>\n<td>20 mg<\/td>\n<\/tr>\n<tr>\n<td>Quantit\u00e9 de remplissage<\/td>\n<td>2,0 ml<\/td>\n<\/tr>\n<\/tbody>\n<\/table>\n<p>Tous les prix s&rsquo;appliquent uniquement aux commandes en ligne et incluent la TVA. Sous r\u00e9serve de modifications sans pr\u00e9avis, frais de livraison en sus. Sous r\u00e9serve d&rsquo;erreurs, de modifications de contenu de livraison et de conception, de fautes d&rsquo;impression et de modifications de prix. Les prix barr\u00e9s sont des prix de remplacement. Les illustrations peuvent diff\u00e9rer de l&rsquo;original\/du contenu de livraison.<br \/>\n*Livraison gratuite pour les commandes sup\u00e9rieures \u00e0 CHF 250.-.<\/p>\n","protected":false},"excerpt":{"rendered":"<p>Elf Bar ELFA Pro 2 x 2 ml Pod 20 mg Plongez-vous dans un monde plein de saveurs vari\u00e9es avec les nouveaux ELFA Pro Pods. Chaque dosette est soigneusement remplie d&rsquo;e-liquides haut de gamme qui offrent un maximum de saveur et de satisfaction. Les dosettes sont au c\u0153ur de votre exp\u00e9rience de vape, con\u00e7ues pour [&hellip;]<\/p>\n","protected":false},"featured_media":195627,"template":"","meta":[],"product_brand":[2951],"product_cat":[1895,1894,2880],"product_tag":[],"class_list":{"0":"post-116835","1":"product","2":"type-product","3":"status-publish","4":"has-post-thumbnail","6":"product_brand-elfbar","7":"product_cat-e-fumee","8":"product_cat-e-liquide","9":"product_cat-elf-bar-elfa-pro-pod-fr","10":"pa_geschmack-ace-tobacco-fr","11":"pa_geschmack-apple-peach-fr","12":"pa_geschmack-banana-fr","13":"pa_geschmack-blue-razz-lemonade-fr","14":"pa_geschmack-blueberry-fr","15":"pa_geschmack-blueberry-bg-fr","16":"pa_geschmack-blueberry-cloudd-fr","17":"pa_geschmack-blueberry-snoow-fr","18":"pa_geschmack-blueberry-sour-raspberry-fr","19":"pa_geschmack-cherry-cloudd-fr","20":"pa_geschmack-cherry-cola-fr","21":"pa_geschmack-cola-fr","22":"pa_geschmack-cranberry-grape-fr","23":"pa_geschmack-cuba-fr","24":"pa_geschmack-elfturbo-fr","25":"pa_geschmack-kiwi-passionfruit-guava-fr","26":"pa_geschmack-lemon-lime-fr","27":"pa_geschmack-lemon-mint-fr","28":"pa_geschmack-mad-blue-fr","29":"pa_geschmack-mango-fr","30":"pa_geschmack-mix-berries-fr","31":"pa_geschmack-peach-ice-fr","32":"pa_geschmack-pear-fr","33":"pa_geschmack-pineapple-ice-fr","34":"pa_geschmack-pineapple-lemon-iq-fr","35":"pa_geschmack-pink-lemonade-fr","36":"pa_geschmack-raspberry-watermelon-fr","37":"pa_geschmack-snoow-tobacco-fr","38":"pa_geschmack-spearmint-fr","39":"pa_geschmack-strawberry-grape-fr","40":"pa_geschmack-strawberry-ice-fr","41":"pa_geschmack-strawberry-kiwi-fr","42":"pa_geschmack-strawberry-raspberry-fr","43":"pa_geschmack-strawberry-raspberry-cherry-ice-fr","44":"pa_geschmack-strawberry-snoow-fr","45":"pa_geschmack-tropical-fruit-fr","46":"pa_geschmack-usa-mix-fr","47":"pa_geschmack-watermelon-fr","48":"pa_geschmack-watermelon-cherry-fr","49":"pa_geschmack-watermelon-mojito-fr","50":"pa_geschmack-wild-orange-fr","52":"first","53":"onbackorder","54":"purchasable","55":"product-type-variable"},"yoast_head":"<!-- This site is optimized with the Yoast SEO plugin v27.0 - https:\/\/yoast.com\/product\/yoast-seo-wordpress\/ -->\n<title>Elf Bar ELFA Pro 2 x 2 ml Pod 20 mg<\/title>\n<meta name=\"description\" content=\"Elf Bar ELFA Pro 2 x 2ml Pod 20mg | Un tr\u00e8s grand choix de produits du tabac, e-smoke et accessoires fumeurs dans toute la Suisse | Cartes accept\u00e9es !\" \/>\n<meta name=\"robots\" content=\"index, follow, max-snippet:-1, max-image-preview:large, max-video-preview:-1\" \/>\n<link rel=\"canonical\" href=\"https:\/\/www.tabakversand.ch\/fr\/produit\/elf-bar-elfa-pro-2-x-2ml-pod-20mg\/\" \/>\n<meta property=\"og:locale\" content=\"fr_FR\" \/>\n<meta property=\"og:type\" content=\"article\" \/>\n<meta property=\"og:title\" content=\"Elf Bar ELFA Pro 2 x 2 ml Pod 20 mg\" \/>\n<meta property=\"og:description\" content=\"Elf Bar ELFA Pro 2 x 2ml Pod 20mg | Un tr\u00e8s grand choix de produits du tabac, e-smoke et accessoires fumeurs dans toute la Suisse | Cartes accept\u00e9es !\" \/>\n<meta property=\"og:url\" content=\"https:\/\/www.tabakversand.ch\/fr\/produit\/elf-bar-elfa-pro-2-x-2ml-pod-20mg\/\" \/>\n<meta property=\"og:site_name\" content=\"Tabakversand.ch | Alles aus der Welt des Tabaks\" \/>\n<meta property=\"article:modified_time\" content=\"2025-08-24T18:08:55+00:00\" \/>\n<meta property=\"og:image\" content=\"http:\/\/www.tabakversand.ch\/wp-content\/uploads\/2023\/11\/elfa-pro-2ml-pods-all-20mg-.jpg\" \/>\n\t<meta property=\"og:image:width\" content=\"500\" \/>\n\t<meta property=\"og:image:height\" content=\"500\" \/>\n\t<meta property=\"og:image:type\" content=\"image\/jpeg\" \/>\n<meta name=\"twitter:card\" content=\"summary_large_image\" \/>\n<meta name=\"twitter:label1\" content=\"Dur\u00e9e de lecture estim\u00e9e\" \/>\n\t<meta name=\"twitter:data1\" content=\"2 minutes\" \/>\n<script type=\"application\/ld+json\" class=\"yoast-schema-graph\">{\"@context\":\"https:\/\/schema.org\",\"@graph\":[{\"@type\":\"WebPage\",\"@id\":\"https:\/\/www.tabakversand.ch\/fr\/produit\/elf-bar-elfa-pro-2-x-2ml-pod-20mg\/\",\"url\":\"https:\/\/www.tabakversand.ch\/fr\/produit\/elf-bar-elfa-pro-2-x-2ml-pod-20mg\/\",\"name\":\"Elf Bar ELFA Pro 2 x 2 ml Pod 20 mg\",\"isPartOf\":{\"@id\":\"https:\/\/www.tabakversand.ch\/#website\"},\"primaryImageOfPage\":{\"@id\":\"https:\/\/www.tabakversand.ch\/fr\/produit\/elf-bar-elfa-pro-2-x-2ml-pod-20mg\/#primaryimage\"},\"image\":{\"@id\":\"https:\/\/www.tabakversand.ch\/fr\/produit\/elf-bar-elfa-pro-2-x-2ml-pod-20mg\/#primaryimage\"},\"thumbnailUrl\":\"https:\/\/www.tabakversand.ch\/wp-content\/uploads\/2023\/11\/elfa-pro-2ml-pods-all-20mg-.jpg\",\"datePublished\":\"2023-11-09T13:40:40+00:00\",\"dateModified\":\"2025-08-24T18:08:55+00:00\",\"description\":\"Elf Bar ELFA Pro 2 x 2ml Pod 20mg | Un tr\u00e8s grand choix de produits du tabac, e-smoke et accessoires fumeurs dans toute la Suisse | Cartes accept\u00e9es !\",\"breadcrumb\":{\"@id\":\"https:\/\/www.tabakversand.ch\/fr\/produit\/elf-bar-elfa-pro-2-x-2ml-pod-20mg\/#breadcrumb\"},\"inLanguage\":\"fr-FR\",\"potentialAction\":[{\"@type\":\"ReadAction\",\"target\":[\"https:\/\/www.tabakversand.ch\/fr\/produit\/elf-bar-elfa-pro-2-x-2ml-pod-20mg\/\"]}]},{\"@type\":\"ImageObject\",\"inLanguage\":\"fr-FR\",\"@id\":\"https:\/\/www.tabakversand.ch\/fr\/produit\/elf-bar-elfa-pro-2-x-2ml-pod-20mg\/#primaryimage\",\"url\":\"https:\/\/www.tabakversand.ch\/wp-content\/uploads\/2023\/11\/elfa-pro-2ml-pods-all-20mg-.jpg\",\"contentUrl\":\"https:\/\/www.tabakversand.ch\/wp-content\/uploads\/2023\/11\/elfa-pro-2ml-pods-all-20mg-.jpg\",\"width\":500,\"height\":500,\"caption\":\"Elf Bar ELFA Pro 2 x 2ml Pod 20mg | Tabakversand.ch\"},{\"@type\":\"BreadcrumbList\",\"@id\":\"https:\/\/www.tabakversand.ch\/fr\/produit\/elf-bar-elfa-pro-2-x-2ml-pod-20mg\/#breadcrumb\",\"itemListElement\":[{\"@type\":\"ListItem\",\"position\":1,\"name\":\"Startseite\",\"item\":\"https:\/\/www.tabakversand.ch\/\"},{\"@type\":\"ListItem\",\"position\":2,\"name\":\"Boutique\",\"item\":\"https:\/\/www.tabakversand.ch\/fr\/boutique\/\"},{\"@type\":\"ListItem\",\"position\":3,\"name\":\"Elf Bar ELFA Pro 2 x 2 ml Pod 20 mg\"}]},{\"@type\":\"WebSite\",\"@id\":\"https:\/\/www.tabakversand.ch\/#website\",\"url\":\"https:\/\/www.tabakversand.ch\/\",\"name\":\"Tabakversand.ch | Alles aus der Welt des Tabaks\",\"description\":\"Smoke and carpe diem\",\"potentialAction\":[{\"@type\":\"SearchAction\",\"target\":{\"@type\":\"EntryPoint\",\"urlTemplate\":\"https:\/\/www.tabakversand.ch\/?s={search_term_string}\"},\"query-input\":{\"@type\":\"PropertyValueSpecification\",\"valueRequired\":true,\"valueName\":\"search_term_string\"}}],\"inLanguage\":\"fr-FR\"}]}<\/script>\n<!-- \/ Yoast SEO plugin. -->","yoast_head_json":{"title":"Elf Bar ELFA Pro 2 x 2 ml Pod 20 mg","description":"Elf Bar ELFA Pro 2 x 2ml Pod 20mg | Un tr\u00e8s grand choix de produits du tabac, e-smoke et accessoires fumeurs dans toute la Suisse | Cartes accept\u00e9es !","robots":{"index":"index","follow":"follow","max-snippet":"max-snippet:-1","max-image-preview":"max-image-preview:large","max-video-preview":"max-video-preview:-1"},"canonical":"https:\/\/www.tabakversand.ch\/fr\/produit\/elf-bar-elfa-pro-2-x-2ml-pod-20mg\/","og_locale":"fr_FR","og_type":"article","og_title":"Elf Bar ELFA Pro 2 x 2 ml Pod 20 mg","og_description":"Elf Bar ELFA Pro 2 x 2ml Pod 20mg | Un tr\u00e8s grand choix de produits du tabac, e-smoke et accessoires fumeurs dans toute la Suisse | Cartes accept\u00e9es !","og_url":"https:\/\/www.tabakversand.ch\/fr\/produit\/elf-bar-elfa-pro-2-x-2ml-pod-20mg\/","og_site_name":"Tabakversand.ch | Alles aus der Welt des Tabaks","article_modified_time":"2025-08-24T18:08:55+00:00","og_image":[{"width":500,"height":500,"url":"http:\/\/www.tabakversand.ch\/wp-content\/uploads\/2023\/11\/elfa-pro-2ml-pods-all-20mg-.jpg","type":"image\/jpeg"}],"twitter_card":"summary_large_image","twitter_misc":{"Dur\u00e9e de lecture estim\u00e9e":"2 minutes"},"schema":{"@context":"https:\/\/schema.org","@graph":[{"@type":"WebPage","@id":"https:\/\/www.tabakversand.ch\/fr\/produit\/elf-bar-elfa-pro-2-x-2ml-pod-20mg\/","url":"https:\/\/www.tabakversand.ch\/fr\/produit\/elf-bar-elfa-pro-2-x-2ml-pod-20mg\/","name":"Elf Bar ELFA Pro 2 x 2 ml Pod 20 mg","isPartOf":{"@id":"https:\/\/www.tabakversand.ch\/#website"},"primaryImageOfPage":{"@id":"https:\/\/www.tabakversand.ch\/fr\/produit\/elf-bar-elfa-pro-2-x-2ml-pod-20mg\/#primaryimage"},"image":{"@id":"https:\/\/www.tabakversand.ch\/fr\/produit\/elf-bar-elfa-pro-2-x-2ml-pod-20mg\/#primaryimage"},"thumbnailUrl":"https:\/\/www.tabakversand.ch\/wp-content\/uploads\/2023\/11\/elfa-pro-2ml-pods-all-20mg-.jpg","datePublished":"2023-11-09T13:40:40+00:00","dateModified":"2025-08-24T18:08:55+00:00","description":"Elf Bar ELFA Pro 2 x 2ml Pod 20mg | Un tr\u00e8s grand choix de produits du tabac, e-smoke et accessoires fumeurs dans toute la Suisse | Cartes accept\u00e9es !","breadcrumb":{"@id":"https:\/\/www.tabakversand.ch\/fr\/produit\/elf-bar-elfa-pro-2-x-2ml-pod-20mg\/#breadcrumb"},"inLanguage":"fr-FR","potentialAction":[{"@type":"ReadAction","target":["https:\/\/www.tabakversand.ch\/fr\/produit\/elf-bar-elfa-pro-2-x-2ml-pod-20mg\/"]}]},{"@type":"ImageObject","inLanguage":"fr-FR","@id":"https:\/\/www.tabakversand.ch\/fr\/produit\/elf-bar-elfa-pro-2-x-2ml-pod-20mg\/#primaryimage","url":"https:\/\/www.tabakversand.ch\/wp-content\/uploads\/2023\/11\/elfa-pro-2ml-pods-all-20mg-.jpg","contentUrl":"https:\/\/www.tabakversand.ch\/wp-content\/uploads\/2023\/11\/elfa-pro-2ml-pods-all-20mg-.jpg","width":500,"height":500,"caption":"Elf Bar ELFA Pro 2 x 2ml Pod 20mg | Tabakversand.ch"},{"@type":"BreadcrumbList","@id":"https:\/\/www.tabakversand.ch\/fr\/produit\/elf-bar-elfa-pro-2-x-2ml-pod-20mg\/#breadcrumb","itemListElement":[{"@type":"ListItem","position":1,"name":"Startseite","item":"https:\/\/www.tabakversand.ch\/"},{"@type":"ListItem","position":2,"name":"Boutique","item":"https:\/\/www.tabakversand.ch\/fr\/boutique\/"},{"@type":"ListItem","position":3,"name":"Elf Bar ELFA Pro 2 x 2 ml Pod 20 mg"}]},{"@type":"WebSite","@id":"https:\/\/www.tabakversand.ch\/#website","url":"https:\/\/www.tabakversand.ch\/","name":"Tabakversand.ch | Alles aus der Welt des Tabaks","description":"Smoke and carpe diem","potentialAction":[{"@type":"SearchAction","target":{"@type":"EntryPoint","urlTemplate":"https:\/\/www.tabakversand.ch\/?s={search_term_string}"},"query-input":{"@type":"PropertyValueSpecification","valueRequired":true,"valueName":"search_term_string"}}],"inLanguage":"fr-FR"}]}},"_links":{"self":[{"href":"https:\/\/www.tabakversand.ch\/fr\/wp-json\/wp\/v2\/product\/116835","targetHints":{"allow":["GET"]}}],"collection":[{"href":"https:\/\/www.tabakversand.ch\/fr\/wp-json\/wp\/v2\/product"}],"about":[{"href":"https:\/\/www.tabakversand.ch\/fr\/wp-json\/wp\/v2\/types\/product"}],"version-history":[{"count":7,"href":"https:\/\/www.tabakversand.ch\/fr\/wp-json\/wp\/v2\/product\/116835\/revisions"}],"predecessor-version":[{"id":195798,"href":"https:\/\/www.tabakversand.ch\/fr\/wp-json\/wp\/v2\/product\/116835\/revisions\/195798"}],"wp:featuredmedia":[{"embeddable":true,"href":"https:\/\/www.tabakversand.ch\/fr\/wp-json\/wp\/v2\/media\/195627"}],"wp:attachment":[{"href":"https:\/\/www.tabakversand.ch\/fr\/wp-json\/wp\/v2\/media?parent=116835"}],"wp:term":[{"taxonomy":"product_brand","embeddable":true,"href":"https:\/\/www.tabakversand.ch\/fr\/wp-json\/wp\/v2\/product_brand?post=116835"},{"taxonomy":"product_cat","embeddable":true,"href":"https:\/\/www.tabakversand.ch\/fr\/wp-json\/wp\/v2\/product_cat?post=116835"},{"taxonomy":"product_tag","embeddable":true,"href":"https:\/\/www.tabakversand.ch\/fr\/wp-json\/wp\/v2\/product_tag?post=116835"}],"curies":[{"name":"wp","href":"https:\/\/api.w.org\/{rel}","templated":true}]}}