{"id":119191,"date":"2023-09-15T06:04:41","date_gmt":"2023-09-15T04:04:41","guid":{"rendered":"https:\/\/www.tabakversand.ch\/?post_type=product&#038;p=119191"},"modified":"2026-04-09T15:47:06","modified_gmt":"2026-04-09T13:47:06","slug":"atomic-ks-filterhuelsen-500-stk","status":"publish","type":"product","link":"https:\/\/www.tabakversand.ch\/fr\/produit\/atomic-ks-filterhuelsen-500-stk\/","title":{"rendered":"Manchons de filtre Atomic KS 500 pcs."},"content":{"rendered":"<p>Manchons de filtre Atomic KS 500 pcs.<\/p>\n<p>8 bo\u00eetes<\/p>\n<p>Tous les prix indiqu\u00e9s sont valables uniquement pour les commandes en ligne, TVA incluse, et peuvent \u00eatre modifi\u00e9s sans pr\u00e9avis. Les frais de port sont en sus.   Sous r\u00e9serve d&rsquo;erreurs, de modifications de l&rsquo;\u00e9tendue de la livraison et de la conception, d&rsquo;erreurs d&rsquo;impression et de modifications de prix. Les prix barr\u00e9s sont plut\u00f4t des prix. L&rsquo;illustration peut diff\u00e9rer de l&rsquo;original\/de l&rsquo;\u00e9tendue de la livraison.<br \/>\n*Livraison gratuite pour les commandes sup\u00e9rieures \u00e0 CHF 250.-.<\/p>\n","protected":false},"excerpt":{"rendered":"<p>Manchons de filtre Atomic KS 500 pcs. 8 bo\u00eetes Tous les prix indiqu\u00e9s sont valables uniquement pour les commandes en ligne, TVA incluse, et peuvent \u00eatre modifi\u00e9s sans pr\u00e9avis. Les frais de port sont en sus. Sous r\u00e9serve d&rsquo;erreurs, de modifications de l&rsquo;\u00e9tendue de la livraison et de la conception, d&rsquo;erreurs d&rsquo;impression et de modifications [&hellip;]<\/p>\n","protected":false},"featured_media":119198,"template":"","meta":[],"product_brand":[5767,1515],"product_cat":[1961,1956],"product_tag":[],"class_list":{"0":"post-119191","1":"product","2":"type-product","3":"status-publish","4":"has-post-thumbnail","6":"product_brand-atomic-raucherbedarf","7":"product_brand-poeschl","8":"product_cat-cigarettes-self-made-fr-2","9":"product_cat-dosettes-de-cigarettes","11":"first","12":"onbackorder","13":"purchasable","14":"product-type-simple"},"yoast_head":"<!-- This site is optimized with the Yoast SEO plugin v27.0 - https:\/\/yoast.com\/product\/yoast-seo-wordpress\/ -->\n<title>Manchons de filtre Atomic KS 500 pcs. - tabakversand.ch<\/title>\n<meta name=\"description\" content=\"Manchons de filtre Atomic KS 500 pcs. | Un tr\u00e8s grand choix de produits du tabac et d\u2019accessoires dans toute la Suisse | Cartes accept\u00e9es!\" \/>\n<meta name=\"robots\" content=\"index, follow, max-snippet:-1, max-image-preview:large, max-video-preview:-1\" \/>\n<link rel=\"canonical\" href=\"https:\/\/www.tabakversand.ch\/fr\/produit\/atomic-ks-filterhuelsen-500-stk\/\" \/>\n<meta property=\"og:locale\" content=\"fr_FR\" \/>\n<meta property=\"og:type\" content=\"article\" \/>\n<meta property=\"og:title\" content=\"Manchons de filtre Atomic KS 500 pcs. - tabakversand.ch\" \/>\n<meta property=\"og:description\" content=\"Manchons de filtre Atomic KS 500 pcs. | Un tr\u00e8s grand choix de produits du tabac et d\u2019accessoires dans toute la Suisse | Cartes accept\u00e9es!\" \/>\n<meta property=\"og:url\" content=\"https:\/\/www.tabakversand.ch\/fr\/produit\/atomic-ks-filterhuelsen-500-stk\/\" \/>\n<meta property=\"og:site_name\" content=\"Tabakversand.ch | Alles aus der Welt des Tabaks\" \/>\n<meta property=\"article:modified_time\" content=\"2026-04-09T13:47:06+00:00\" \/>\n<meta property=\"og:image\" content=\"https:\/\/www.tabakversand.ch\/wp-content\/uploads\/2022\/09\/atomic-filterhuelsen-500.jpg\" \/>\n\t<meta property=\"og:image:width\" content=\"500\" \/>\n\t<meta property=\"og:image:height\" content=\"500\" \/>\n\t<meta property=\"og:image:type\" content=\"image\/jpeg\" \/>\n<meta name=\"twitter:card\" content=\"summary_large_image\" \/>\n<script type=\"application\/ld+json\" class=\"yoast-schema-graph\">{\"@context\":\"https:\/\/schema.org\",\"@graph\":[{\"@type\":\"WebPage\",\"@id\":\"https:\/\/www.tabakversand.ch\/fr\/produit\/atomic-ks-filterhuelsen-500-stk\/\",\"url\":\"https:\/\/www.tabakversand.ch\/fr\/produit\/atomic-ks-filterhuelsen-500-stk\/\",\"name\":\"Manchons de filtre Atomic KS 500 pcs. - tabakversand.ch\",\"isPartOf\":{\"@id\":\"https:\/\/www.tabakversand.ch\/#website\"},\"primaryImageOfPage\":{\"@id\":\"https:\/\/www.tabakversand.ch\/fr\/produit\/atomic-ks-filterhuelsen-500-stk\/#primaryimage\"},\"image\":{\"@id\":\"https:\/\/www.tabakversand.ch\/fr\/produit\/atomic-ks-filterhuelsen-500-stk\/#primaryimage\"},\"thumbnailUrl\":\"https:\/\/www.tabakversand.ch\/wp-content\/uploads\/2022\/09\/atomic-filterhuelsen-500.jpg\",\"datePublished\":\"2023-09-15T04:04:41+00:00\",\"dateModified\":\"2026-04-09T13:47:06+00:00\",\"description\":\"Manchons de filtre Atomic KS 500 pcs. | Un tr\u00e8s grand choix de produits du tabac et d\u2019accessoires dans toute la Suisse | Cartes accept\u00e9es!\",\"breadcrumb\":{\"@id\":\"https:\/\/www.tabakversand.ch\/fr\/produit\/atomic-ks-filterhuelsen-500-stk\/#breadcrumb\"},\"inLanguage\":\"fr-FR\",\"potentialAction\":[{\"@type\":\"ReadAction\",\"target\":[\"https:\/\/www.tabakversand.ch\/fr\/produit\/atomic-ks-filterhuelsen-500-stk\/\"]}]},{\"@type\":\"ImageObject\",\"inLanguage\":\"fr-FR\",\"@id\":\"https:\/\/www.tabakversand.ch\/fr\/produit\/atomic-ks-filterhuelsen-500-stk\/#primaryimage\",\"url\":\"https:\/\/www.tabakversand.ch\/wp-content\/uploads\/2022\/09\/atomic-filterhuelsen-500.jpg\",\"contentUrl\":\"https:\/\/www.tabakversand.ch\/wp-content\/uploads\/2022\/09\/atomic-filterhuelsen-500.jpg\",\"width\":500,\"height\":500,\"caption\":\"Manchons de filtre Atomic KS 500 pcs. | Tabakversand.ch\"},{\"@type\":\"BreadcrumbList\",\"@id\":\"https:\/\/www.tabakversand.ch\/fr\/produit\/atomic-ks-filterhuelsen-500-stk\/#breadcrumb\",\"itemListElement\":[{\"@type\":\"ListItem\",\"position\":1,\"name\":\"Startseite\",\"item\":\"https:\/\/www.tabakversand.ch\/\"},{\"@type\":\"ListItem\",\"position\":2,\"name\":\"Boutique\",\"item\":\"https:\/\/www.tabakversand.ch\/fr\/boutique\/\"},{\"@type\":\"ListItem\",\"position\":3,\"name\":\"Manchons de filtre Atomic KS 500 pcs.\"}]},{\"@type\":\"WebSite\",\"@id\":\"https:\/\/www.tabakversand.ch\/#website\",\"url\":\"https:\/\/www.tabakversand.ch\/\",\"name\":\"Tabakversand.ch | Alles aus der Welt des Tabaks\",\"description\":\"Smoke and carpe diem\",\"potentialAction\":[{\"@type\":\"SearchAction\",\"target\":{\"@type\":\"EntryPoint\",\"urlTemplate\":\"https:\/\/www.tabakversand.ch\/?s={search_term_string}\"},\"query-input\":{\"@type\":\"PropertyValueSpecification\",\"valueRequired\":true,\"valueName\":\"search_term_string\"}}],\"inLanguage\":\"fr-FR\"}]}<\/script>\n<!-- \/ Yoast SEO plugin. -->","yoast_head_json":{"title":"Manchons de filtre Atomic KS 500 pcs. - tabakversand.ch","description":"Manchons de filtre Atomic KS 500 pcs. | Un tr\u00e8s grand choix de produits du tabac et d\u2019accessoires dans toute la Suisse | Cartes accept\u00e9es!","robots":{"index":"index","follow":"follow","max-snippet":"max-snippet:-1","max-image-preview":"max-image-preview:large","max-video-preview":"max-video-preview:-1"},"canonical":"https:\/\/www.tabakversand.ch\/fr\/produit\/atomic-ks-filterhuelsen-500-stk\/","og_locale":"fr_FR","og_type":"article","og_title":"Manchons de filtre Atomic KS 500 pcs. - tabakversand.ch","og_description":"Manchons de filtre Atomic KS 500 pcs. | Un tr\u00e8s grand choix de produits du tabac et d\u2019accessoires dans toute la Suisse | Cartes accept\u00e9es!","og_url":"https:\/\/www.tabakversand.ch\/fr\/produit\/atomic-ks-filterhuelsen-500-stk\/","og_site_name":"Tabakversand.ch | Alles aus der Welt des Tabaks","article_modified_time":"2026-04-09T13:47:06+00:00","og_image":[{"width":500,"height":500,"url":"https:\/\/www.tabakversand.ch\/wp-content\/uploads\/2022\/09\/atomic-filterhuelsen-500.jpg","type":"image\/jpeg"}],"twitter_card":"summary_large_image","schema":{"@context":"https:\/\/schema.org","@graph":[{"@type":"WebPage","@id":"https:\/\/www.tabakversand.ch\/fr\/produit\/atomic-ks-filterhuelsen-500-stk\/","url":"https:\/\/www.tabakversand.ch\/fr\/produit\/atomic-ks-filterhuelsen-500-stk\/","name":"Manchons de filtre Atomic KS 500 pcs. - tabakversand.ch","isPartOf":{"@id":"https:\/\/www.tabakversand.ch\/#website"},"primaryImageOfPage":{"@id":"https:\/\/www.tabakversand.ch\/fr\/produit\/atomic-ks-filterhuelsen-500-stk\/#primaryimage"},"image":{"@id":"https:\/\/www.tabakversand.ch\/fr\/produit\/atomic-ks-filterhuelsen-500-stk\/#primaryimage"},"thumbnailUrl":"https:\/\/www.tabakversand.ch\/wp-content\/uploads\/2022\/09\/atomic-filterhuelsen-500.jpg","datePublished":"2023-09-15T04:04:41+00:00","dateModified":"2026-04-09T13:47:06+00:00","description":"Manchons de filtre Atomic KS 500 pcs. | Un tr\u00e8s grand choix de produits du tabac et d\u2019accessoires dans toute la Suisse | Cartes accept\u00e9es!","breadcrumb":{"@id":"https:\/\/www.tabakversand.ch\/fr\/produit\/atomic-ks-filterhuelsen-500-stk\/#breadcrumb"},"inLanguage":"fr-FR","potentialAction":[{"@type":"ReadAction","target":["https:\/\/www.tabakversand.ch\/fr\/produit\/atomic-ks-filterhuelsen-500-stk\/"]}]},{"@type":"ImageObject","inLanguage":"fr-FR","@id":"https:\/\/www.tabakversand.ch\/fr\/produit\/atomic-ks-filterhuelsen-500-stk\/#primaryimage","url":"https:\/\/www.tabakversand.ch\/wp-content\/uploads\/2022\/09\/atomic-filterhuelsen-500.jpg","contentUrl":"https:\/\/www.tabakversand.ch\/wp-content\/uploads\/2022\/09\/atomic-filterhuelsen-500.jpg","width":500,"height":500,"caption":"Manchons de filtre Atomic KS 500 pcs. | Tabakversand.ch"},{"@type":"BreadcrumbList","@id":"https:\/\/www.tabakversand.ch\/fr\/produit\/atomic-ks-filterhuelsen-500-stk\/#breadcrumb","itemListElement":[{"@type":"ListItem","position":1,"name":"Startseite","item":"https:\/\/www.tabakversand.ch\/"},{"@type":"ListItem","position":2,"name":"Boutique","item":"https:\/\/www.tabakversand.ch\/fr\/boutique\/"},{"@type":"ListItem","position":3,"name":"Manchons de filtre Atomic KS 500 pcs."}]},{"@type":"WebSite","@id":"https:\/\/www.tabakversand.ch\/#website","url":"https:\/\/www.tabakversand.ch\/","name":"Tabakversand.ch | Alles aus der Welt des Tabaks","description":"Smoke and carpe diem","potentialAction":[{"@type":"SearchAction","target":{"@type":"EntryPoint","urlTemplate":"https:\/\/www.tabakversand.ch\/?s={search_term_string}"},"query-input":{"@type":"PropertyValueSpecification","valueRequired":true,"valueName":"search_term_string"}}],"inLanguage":"fr-FR"}]}},"_links":{"self":[{"href":"https:\/\/www.tabakversand.ch\/fr\/wp-json\/wp\/v2\/product\/119191","targetHints":{"allow":["GET"]}}],"collection":[{"href":"https:\/\/www.tabakversand.ch\/fr\/wp-json\/wp\/v2\/product"}],"about":[{"href":"https:\/\/www.tabakversand.ch\/fr\/wp-json\/wp\/v2\/types\/product"}],"version-history":[{"count":3,"href":"https:\/\/www.tabakversand.ch\/fr\/wp-json\/wp\/v2\/product\/119191\/revisions"}],"predecessor-version":[{"id":217565,"href":"https:\/\/www.tabakversand.ch\/fr\/wp-json\/wp\/v2\/product\/119191\/revisions\/217565"}],"wp:featuredmedia":[{"embeddable":true,"href":"https:\/\/www.tabakversand.ch\/fr\/wp-json\/wp\/v2\/media\/119198"}],"wp:attachment":[{"href":"https:\/\/www.tabakversand.ch\/fr\/wp-json\/wp\/v2\/media?parent=119191"}],"wp:term":[{"taxonomy":"product_brand","embeddable":true,"href":"https:\/\/www.tabakversand.ch\/fr\/wp-json\/wp\/v2\/product_brand?post=119191"},{"taxonomy":"product_cat","embeddable":true,"href":"https:\/\/www.tabakversand.ch\/fr\/wp-json\/wp\/v2\/product_cat?post=119191"},{"taxonomy":"product_tag","embeddable":true,"href":"https:\/\/www.tabakversand.ch\/fr\/wp-json\/wp\/v2\/product_tag?post=119191"}],"curies":[{"name":"wp","href":"https:\/\/api.w.org\/{rel}","templated":true}]}}