{"id":120264,"date":"2023-09-14T16:14:10","date_gmt":"2023-09-14T14:14:10","guid":{"rendered":"https:\/\/www.tabakversand.ch\/?post_type=product&#038;p=120264"},"modified":"2025-04-20T10:26:29","modified_gmt":"2025-04-20T08:26:29","slug":"geekvape-aegis-max-100-kit-e-cigarette-black","status":"publish","type":"product","link":"https:\/\/www.tabakversand.ch\/fr\/produit\/geekvape-aegis-max-100-kit-e-cigarette-black\/","title":{"rendered":"GeekVape Aegis Max 100 Kit E-Cigarette noir"},"content":{"rendered":"<p>GeekVape Aegis Max 100 Kit E-Cigarette noir<\/p>\n<p>Le dernier appareil de Geekvape le Max 100, le successeur h\u00e9rite du design de la nouvelle s\u00e9rie Aegis ainsi que de l\u2019interrupteur de verrouillage pratique sur le c\u00f4t\u00e9 du mod Car, beaucoup sont d\u2019accord: Si je mets un r\u00e9servoir Subohm sur un mod avec une seule vis de batterie, il devrait \u00eatre pr\u00e9f\u00e9rable d\u2019avoir une batterie puissante dans ledit mod. Eh bien, voil\u00e0, l\u2019Aegis Max a non seulement de la place pour une batterie 21700, mais -ici le prouv\u00e9- est \u00e9galement livr\u00e9 avec le char Zeus. L\u2019un des meilleurs pr\u00e9-enrouleurs de bon go\u00fbt sur le march\u00e9. L\u2019Aegis Max fonctionne avec 5-100 watts et prend \u00e9galement en charge le vapotage \u00e0 temp\u00e9rature contr\u00f4l\u00e9e. Comme tous les produits de la gamme Aegis, l\u2019appareil est certifi\u00e9 IP67 et est rev\u00eatu d\u2019une couche de caoutchouc antichoc. Le r\u00e9servoir Zeus Subohm est l\u2019un des meilleurs sur le march\u00e9. Gr\u00e2ce \u00e0 son flux d\u2019air sup\u00e9rieur presque \u00e9tanche, il forme une combinaison imbattable avec l\u2019Aegis Max. Le r\u00e9servoir est au sommet en termes de go\u00fbt et de d\u00e9veloppement de la vapeur. Gr\u00e2ce \u00e0 sa serrure \u00e0 ba\u00efonnette, le liquide se remplit en quelques \u00e9tapes simples en un rien de temps. Avec la version en verre \u00e0 bulles pr\u00e9install\u00e9e, il a \u00e9galement une bonne capacit\u00e9 de 5,0 ml. Batterie: 21700\/18650 (non inclus!)<\/p>\n<p>Dimensions: 142.06mm x 31.5mm x 143.8mm<\/p>\n<p>Technologie du train : DL<\/p>\n<p>Volume de remplissage: 5ml<\/p>\n<p>Remplissage: D\u2019en haut<\/p>\n<p>D\u00e9bit d\u2019air : infiniment variable<\/p>\n<p>Puissance de sortie: 5 &#8211; 100 watts<\/p>\n<p>Batterie: 18650 \/ 21700<\/p>\n<p>Connecteur: USB-C<\/p>\n<p>PORT\u00c9E DE LA LIVRAISON<\/p>\n<p>1x Geekvape Aegis Max 100<br \/>\n 1x R\u00e9servoir Geekvape Zeus<br \/>\n 1x Geekvape S\u00e9rie Z 0,2 Ohm 70 \u2013 80 W<br \/>\n 1x Geekvape S\u00e9rie Z 0,25 Ohm 45 &#8211; 57 W<br \/>\n 1x Verre de remplacement Geekvape Zeus<br \/>\n 1x adaptateur 18650<br \/>\n 1x c\u00e2ble USB-C<br \/>\n 1x outil<br \/>\n 1x joints de rechange<\/p>\n<table width=\"482\">\n<tbody>\n<tr>\n<td>type d&rsquo;appareil<\/td>\n<td width=\"234\">bo\u00eete avec r\u00e9servoir<\/td>\n<\/tr>\n<tr>\n<td>comportement de la vapeur<\/td>\n<td width=\"234\">DL (directement au poumon)<\/td>\n<\/tr>\n<tr>\n<td>type de batterie<\/td>\n<td width=\"234\">18650, 21700<\/td>\n<\/tr>\n<tr>\n<td>fonctions<\/td>\n<td width=\"234\">Watt\/Puissance, contr\u00f4le de la temp\u00e9rature<\/td>\n<\/tr>\n<tr>\n<td>Performance<\/td>\n<td width=\"234\">5 &#8211; 100 watts<\/td>\n<\/tr>\n<tr>\n<td>quantit\u00e9 de remplissage<\/td>\n<td width=\"234\">5,0 ml<\/td>\n<\/tr>\n<tr>\n<td>fil<\/td>\n<td width=\"234\">510<\/td>\n<\/tr>\n<tr>\n<td>R\u00e9sistance \u03a9<\/td>\n<td width=\"234\">Changer la r\u00e9sistance<\/td>\n<\/tr>\n<\/tbody>\n<\/table>\n<p>&nbsp;<\/p>\n<p>&nbsp;<\/p>\n<p><iframe title=\"Aegis Max100 Geek Vape \/ Red Vape\" width=\"800\" height=\"450\" src=\"https:\/\/www.youtube.com\/embed\/dbEjwAdooU0?feature=oembed\" frameborder=\"0\" allow=\"accelerometer; autoplay; clipboard-write; encrypted-media; gyroscope; picture-in-picture; web-share\" allowfullscreen><\/iframe><\/p>\n<p>Tous les prix s&rsquo;appliquent uniquement aux commandes en ligne et incluent la TVA. TVA, sous r\u00e9serve de modifications plus Exp\u00e9dition. Sous r\u00e9serve d&rsquo;erreurs, de modifications de l&rsquo;\u00e9tendue de la livraison et de la conception, d&rsquo;erreurs d&rsquo;impression et de modifications de prix. Les prix barr\u00e9s sont plut\u00f4t des prix. L&rsquo;illustration peut diff\u00e9rer de l&rsquo;original\/de l&rsquo;\u00e9tendue de la livraison.<br \/>\n*Livraison gratuite pour les commandes sup\u00e9rieures \u00e0 CHF 250.<\/p>\n","protected":false},"excerpt":{"rendered":"<p>GeekVape Aegis Max 100 Kit E-Cigarette noir Le dernier appareil de Geekvape le Max 100, le successeur h\u00e9rite du design de la nouvelle s\u00e9rie Aegis ainsi que de l\u2019interrupteur de verrouillage pratique sur le c\u00f4t\u00e9 du mod Car, beaucoup sont d\u2019accord: Si je mets un r\u00e9servoir Subohm sur un mod avec une seule vis de [&hellip;]<\/p>\n","protected":false},"featured_media":120268,"template":"","meta":[],"product_brand":[1457],"product_cat":[1913,1995,1895,2897,3208],"product_tag":[],"class_list":{"0":"post-120264","1":"product","2":"type-product","3":"status-publish","4":"has-post-thumbnail","6":"product_brand-innokin","7":"product_cat-cigarettes-electroniques","8":"product_cat-divers-headshop","9":"product_cat-e-fumee","10":"product_cat-geekvape-fr","11":"product_cat-offres","13":"first","14":"instock","15":"sale","16":"purchasable","17":"product-type-simple"},"yoast_head":"<!-- This site is optimized with the Yoast SEO plugin v27.0 - https:\/\/yoast.com\/product\/yoast-seo-wordpress\/ -->\n<title>GeekVape Aegis Max 100 Kit E-Cigarette noir tabakversand.ch<\/title>\n<meta name=\"description\" content=\"GeekVape Aegis Max 100 Kit E-Cigarette noir | La plus grande s\u00e9lection de produits du tabac de Suisse | Cartes accept\u00e9es!\" \/>\n<meta name=\"robots\" content=\"index, follow, max-snippet:-1, max-image-preview:large, max-video-preview:-1\" \/>\n<link rel=\"canonical\" href=\"https:\/\/www.tabakversand.ch\/produit\/geekvape-aegis-max-100-kit-e-zigarette-black\/\" \/>\n<meta property=\"og:locale\" content=\"fr_FR\" \/>\n<meta property=\"og:type\" content=\"article\" \/>\n<meta property=\"og:title\" content=\"GeekVape Aegis Max 100 Kit E-Cigarette noir tabakversand.ch\" \/>\n<meta property=\"og:description\" content=\"GeekVape Aegis Max 100 Kit E-Cigarette noir | La plus grande s\u00e9lection de produits du tabac de Suisse | Cartes accept\u00e9es!\" \/>\n<meta property=\"og:url\" content=\"https:\/\/www.tabakversand.ch\/produit\/geekvape-aegis-max-100-kit-e-zigarette-black\/\" \/>\n<meta property=\"og:site_name\" content=\"Tabakversand.ch | Alles aus der Welt des Tabaks\" \/>\n<meta property=\"article:modified_time\" content=\"2025-04-20T08:26:29+00:00\" \/>\n<meta property=\"og:image\" content=\"https:\/\/www.tabakversand.ch\/wp-content\/uploads\/2022\/10\/geekvape-aegis-max-100kit-black.jpg\" \/>\n\t<meta property=\"og:image:width\" content=\"500\" \/>\n\t<meta property=\"og:image:height\" content=\"500\" \/>\n\t<meta property=\"og:image:type\" content=\"image\/jpeg\" \/>\n<meta name=\"twitter:card\" content=\"summary_large_image\" \/>\n<meta name=\"twitter:label1\" content=\"Dur\u00e9e de lecture estim\u00e9e\" \/>\n\t<meta name=\"twitter:data1\" content=\"2 minutes\" \/>\n<script type=\"application\/ld+json\" class=\"yoast-schema-graph\">{\"@context\":\"https:\/\/schema.org\",\"@graph\":[{\"@type\":\"WebPage\",\"@id\":\"https:\/\/www.tabakversand.ch\/produit\/geekvape-aegis-max-100-kit-e-zigarette-black\/\",\"url\":\"https:\/\/www.tabakversand.ch\/produit\/geekvape-aegis-max-100-kit-e-zigarette-black\/\",\"name\":\"GeekVape Aegis Max 100 Kit E-Cigarette noir tabakversand.ch\",\"isPartOf\":{\"@id\":\"https:\/\/www.tabakversand.ch\/#website\"},\"primaryImageOfPage\":{\"@id\":\"https:\/\/www.tabakversand.ch\/produit\/geekvape-aegis-max-100-kit-e-zigarette-black\/#primaryimage\"},\"image\":{\"@id\":\"https:\/\/www.tabakversand.ch\/produit\/geekvape-aegis-max-100-kit-e-zigarette-black\/#primaryimage\"},\"thumbnailUrl\":\"https:\/\/www.tabakversand.ch\/wp-content\/uploads\/2022\/10\/geekvape-aegis-max-100kit-black.jpg\",\"datePublished\":\"2023-09-14T14:14:10+00:00\",\"dateModified\":\"2025-04-20T08:26:29+00:00\",\"description\":\"GeekVape Aegis Max 100 Kit E-Cigarette noir | La plus grande s\u00e9lection de produits du tabac de Suisse | Cartes accept\u00e9es!\",\"breadcrumb\":{\"@id\":\"https:\/\/www.tabakversand.ch\/produit\/geekvape-aegis-max-100-kit-e-zigarette-black\/#breadcrumb\"},\"inLanguage\":\"fr-FR\",\"potentialAction\":[{\"@type\":\"ReadAction\",\"target\":[\"https:\/\/www.tabakversand.ch\/produit\/geekvape-aegis-max-100-kit-e-zigarette-black\/\"]}]},{\"@type\":\"ImageObject\",\"inLanguage\":\"fr-FR\",\"@id\":\"https:\/\/www.tabakversand.ch\/produit\/geekvape-aegis-max-100-kit-e-zigarette-black\/#primaryimage\",\"url\":\"https:\/\/www.tabakversand.ch\/wp-content\/uploads\/2022\/10\/geekvape-aegis-max-100kit-black.jpg\",\"contentUrl\":\"https:\/\/www.tabakversand.ch\/wp-content\/uploads\/2022\/10\/geekvape-aegis-max-100kit-black.jpg\",\"width\":500,\"height\":500,\"caption\":\"GeekVape Aegis Max 100 Kit E-Zigarette black\"},{\"@type\":\"BreadcrumbList\",\"@id\":\"https:\/\/www.tabakversand.ch\/produit\/geekvape-aegis-max-100-kit-e-zigarette-black\/#breadcrumb\",\"itemListElement\":[{\"@type\":\"ListItem\",\"position\":1,\"name\":\"Startseite\",\"item\":\"https:\/\/www.tabakversand.ch\/\"},{\"@type\":\"ListItem\",\"position\":2,\"name\":\"Boutique\",\"item\":\"https:\/\/www.tabakversand.ch\/fr\/boutique\/\"},{\"@type\":\"ListItem\",\"position\":3,\"name\":\"GeekVape Aegis Max 100 Kit E-Cigarette noir\"}]},{\"@type\":\"WebSite\",\"@id\":\"https:\/\/www.tabakversand.ch\/#website\",\"url\":\"https:\/\/www.tabakversand.ch\/\",\"name\":\"Tabakversand.ch | Alles aus der Welt des Tabaks\",\"description\":\"Smoke and carpe diem\",\"potentialAction\":[{\"@type\":\"SearchAction\",\"target\":{\"@type\":\"EntryPoint\",\"urlTemplate\":\"https:\/\/www.tabakversand.ch\/?s={search_term_string}\"},\"query-input\":{\"@type\":\"PropertyValueSpecification\",\"valueRequired\":true,\"valueName\":\"search_term_string\"}}],\"inLanguage\":\"fr-FR\"}]}<\/script>\n<!-- \/ Yoast SEO plugin. -->","yoast_head_json":{"title":"GeekVape Aegis Max 100 Kit E-Cigarette noir tabakversand.ch","description":"GeekVape Aegis Max 100 Kit E-Cigarette noir | La plus grande s\u00e9lection de produits du tabac de Suisse | Cartes accept\u00e9es!","robots":{"index":"index","follow":"follow","max-snippet":"max-snippet:-1","max-image-preview":"max-image-preview:large","max-video-preview":"max-video-preview:-1"},"canonical":"https:\/\/www.tabakversand.ch\/produit\/geekvape-aegis-max-100-kit-e-zigarette-black\/","og_locale":"fr_FR","og_type":"article","og_title":"GeekVape Aegis Max 100 Kit E-Cigarette noir tabakversand.ch","og_description":"GeekVape Aegis Max 100 Kit E-Cigarette noir | La plus grande s\u00e9lection de produits du tabac de Suisse | Cartes accept\u00e9es!","og_url":"https:\/\/www.tabakversand.ch\/produit\/geekvape-aegis-max-100-kit-e-zigarette-black\/","og_site_name":"Tabakversand.ch | Alles aus der Welt des Tabaks","article_modified_time":"2025-04-20T08:26:29+00:00","og_image":[{"width":500,"height":500,"url":"https:\/\/www.tabakversand.ch\/wp-content\/uploads\/2022\/10\/geekvape-aegis-max-100kit-black.jpg","type":"image\/jpeg"}],"twitter_card":"summary_large_image","twitter_misc":{"Dur\u00e9e de lecture estim\u00e9e":"2 minutes"},"schema":{"@context":"https:\/\/schema.org","@graph":[{"@type":"WebPage","@id":"https:\/\/www.tabakversand.ch\/produit\/geekvape-aegis-max-100-kit-e-zigarette-black\/","url":"https:\/\/www.tabakversand.ch\/produit\/geekvape-aegis-max-100-kit-e-zigarette-black\/","name":"GeekVape Aegis Max 100 Kit E-Cigarette noir tabakversand.ch","isPartOf":{"@id":"https:\/\/www.tabakversand.ch\/#website"},"primaryImageOfPage":{"@id":"https:\/\/www.tabakversand.ch\/produit\/geekvape-aegis-max-100-kit-e-zigarette-black\/#primaryimage"},"image":{"@id":"https:\/\/www.tabakversand.ch\/produit\/geekvape-aegis-max-100-kit-e-zigarette-black\/#primaryimage"},"thumbnailUrl":"https:\/\/www.tabakversand.ch\/wp-content\/uploads\/2022\/10\/geekvape-aegis-max-100kit-black.jpg","datePublished":"2023-09-14T14:14:10+00:00","dateModified":"2025-04-20T08:26:29+00:00","description":"GeekVape Aegis Max 100 Kit E-Cigarette noir | La plus grande s\u00e9lection de produits du tabac de Suisse | Cartes accept\u00e9es!","breadcrumb":{"@id":"https:\/\/www.tabakversand.ch\/produit\/geekvape-aegis-max-100-kit-e-zigarette-black\/#breadcrumb"},"inLanguage":"fr-FR","potentialAction":[{"@type":"ReadAction","target":["https:\/\/www.tabakversand.ch\/produit\/geekvape-aegis-max-100-kit-e-zigarette-black\/"]}]},{"@type":"ImageObject","inLanguage":"fr-FR","@id":"https:\/\/www.tabakversand.ch\/produit\/geekvape-aegis-max-100-kit-e-zigarette-black\/#primaryimage","url":"https:\/\/www.tabakversand.ch\/wp-content\/uploads\/2022\/10\/geekvape-aegis-max-100kit-black.jpg","contentUrl":"https:\/\/www.tabakversand.ch\/wp-content\/uploads\/2022\/10\/geekvape-aegis-max-100kit-black.jpg","width":500,"height":500,"caption":"GeekVape Aegis Max 100 Kit E-Zigarette black"},{"@type":"BreadcrumbList","@id":"https:\/\/www.tabakversand.ch\/produit\/geekvape-aegis-max-100-kit-e-zigarette-black\/#breadcrumb","itemListElement":[{"@type":"ListItem","position":1,"name":"Startseite","item":"https:\/\/www.tabakversand.ch\/"},{"@type":"ListItem","position":2,"name":"Boutique","item":"https:\/\/www.tabakversand.ch\/fr\/boutique\/"},{"@type":"ListItem","position":3,"name":"GeekVape Aegis Max 100 Kit E-Cigarette noir"}]},{"@type":"WebSite","@id":"https:\/\/www.tabakversand.ch\/#website","url":"https:\/\/www.tabakversand.ch\/","name":"Tabakversand.ch | Alles aus der Welt des Tabaks","description":"Smoke and carpe diem","potentialAction":[{"@type":"SearchAction","target":{"@type":"EntryPoint","urlTemplate":"https:\/\/www.tabakversand.ch\/?s={search_term_string}"},"query-input":{"@type":"PropertyValueSpecification","valueRequired":true,"valueName":"search_term_string"}}],"inLanguage":"fr-FR"}]}},"_links":{"self":[{"href":"https:\/\/www.tabakversand.ch\/fr\/wp-json\/wp\/v2\/product\/120264","targetHints":{"allow":["GET"]}}],"collection":[{"href":"https:\/\/www.tabakversand.ch\/fr\/wp-json\/wp\/v2\/product"}],"about":[{"href":"https:\/\/www.tabakversand.ch\/fr\/wp-json\/wp\/v2\/types\/product"}],"version-history":[{"count":2,"href":"https:\/\/www.tabakversand.ch\/fr\/wp-json\/wp\/v2\/product\/120264\/revisions"}],"predecessor-version":[{"id":173315,"href":"https:\/\/www.tabakversand.ch\/fr\/wp-json\/wp\/v2\/product\/120264\/revisions\/173315"}],"wp:featuredmedia":[{"embeddable":true,"href":"https:\/\/www.tabakversand.ch\/fr\/wp-json\/wp\/v2\/media\/120268"}],"wp:attachment":[{"href":"https:\/\/www.tabakversand.ch\/fr\/wp-json\/wp\/v2\/media?parent=120264"}],"wp:term":[{"taxonomy":"product_brand","embeddable":true,"href":"https:\/\/www.tabakversand.ch\/fr\/wp-json\/wp\/v2\/product_brand?post=120264"},{"taxonomy":"product_cat","embeddable":true,"href":"https:\/\/www.tabakversand.ch\/fr\/wp-json\/wp\/v2\/product_cat?post=120264"},{"taxonomy":"product_tag","embeddable":true,"href":"https:\/\/www.tabakversand.ch\/fr\/wp-json\/wp\/v2\/product_tag?post=120264"}],"curies":[{"name":"wp","href":"https:\/\/api.w.org\/{rel}","templated":true}]}}