{"id":120332,"date":"2023-09-14T16:13:46","date_gmt":"2023-09-14T14:13:46","guid":{"rendered":"https:\/\/www.tabakversand.ch\/?post_type=product&#038;p=120332"},"modified":"2025-03-28T06:42:31","modified_gmt":"2025-03-28T05:42:31","slug":"geekvape-zeus-subohm-coil-z2-0-2-ohm","status":"publish","type":"product","link":"https:\/\/www.tabakversand.ch\/fr\/produit\/geekvape-zeus-subohm-coil-z2-0-2-ohm\/","title":{"rendered":"GeekVape Zeus Subohm Coil Z2 0.2 ohm"},"content":{"rendered":"<p>GeekVape Zeus Subohm Coil Z2 0.2 ohm<\/p>\n<p>Atomiseur T\u00eate \u00e0 Geekvape Zeus (Z) Subohm \/ Ob\u00e9lisque Atomiseur \/ Pos\u00e9idon (P) Subohm<\/p>\n<p>5 pi\u00e8ces. Bobines \/ t\u00eates d\u2019\u00e9vaporateur<\/p>\n<p>Z2 &#8211; 0,2 ohm<br \/>\n Type : Maille<br \/>\n Mat\u00e9riau : Kanthal A1<br \/>\n R\u00e9sistance: 0,2 Ohm<br \/>\n Plage de puissance : 70 &#8211; 80 W<\/p>\n<p>&nbsp;<\/p>\n<p>Tous les prix s&rsquo;appliquent uniquement aux commandes en ligne et incluent la TVA. TVA, sous r\u00e9serve de modifications plus Exp\u00e9dition. Sous r\u00e9serve d&rsquo;erreurs, de modifications de l&rsquo;\u00e9tendue de la livraison et de la conception, d&rsquo;erreurs d&rsquo;impression et de modifications de prix. Les prix barr\u00e9s sont plut\u00f4t des prix. L&rsquo;illustration peut diff\u00e9rer de l&rsquo;original\/de l&rsquo;\u00e9tendue de la livraison.<br \/>\n*Livraison gratuite pour les commandes sup\u00e9rieures \u00e0 CHF 250.<\/p>\n","protected":false},"excerpt":{"rendered":"<p>GeekVape Zeus Subohm Coil Z2 0.2 ohm Atomiseur T\u00eate \u00e0 Geekvape Zeus (Z) Subohm \/ Ob\u00e9lisque Atomiseur \/ Pos\u00e9idon (P) Subohm 5 pi\u00e8ces. Bobines \/ t\u00eates d\u2019\u00e9vaporateur Z2 &#8211; 0,2 ohm Type : Maille Mat\u00e9riau : Kanthal A1 R\u00e9sistance: 0,2 Ohm Plage de puissance : 70 &#8211; 80 W &nbsp; Tous les prix s&rsquo;appliquent uniquement [&hellip;]<\/p>\n","protected":false},"featured_media":120336,"template":"","meta":[],"product_brand":[1457],"product_cat":[1913,1995,1895,2897,3208],"product_tag":[],"class_list":{"0":"post-120332","1":"product","2":"type-product","3":"status-publish","4":"has-post-thumbnail","6":"product_brand-innokin","7":"product_cat-cigarettes-electroniques","8":"product_cat-divers-headshop","9":"product_cat-e-fumee","10":"product_cat-geekvape-fr","11":"product_cat-offres","13":"first","14":"instock","15":"sale","16":"purchasable","17":"product-type-simple"},"yoast_head":"<!-- This site is optimized with the Yoast SEO plugin v27.0 - https:\/\/yoast.com\/product\/yoast-seo-wordpress\/ -->\n<title>GeekVape Zeus Subohm Coil Z2 0.2 ohm tabakversand.ch<\/title>\n<meta name=\"description\" content=\"GeekVape Zeus Subohm Coil Z2 0.2 ohm | La plus grande s\u00e9lection de produits du tabac de Suisse | Cartes accept\u00e9es!\" \/>\n<meta name=\"robots\" content=\"index, follow, max-snippet:-1, max-image-preview:large, max-video-preview:-1\" \/>\n<link rel=\"canonical\" href=\"https:\/\/www.tabakversand.ch\/produit\/geekvape-zeus-subohm-coil-z2-0-2-ohm\/\" \/>\n<meta property=\"og:locale\" content=\"fr_FR\" \/>\n<meta property=\"og:type\" content=\"article\" \/>\n<meta property=\"og:title\" content=\"GeekVape Zeus Subohm Coil Z2 0.2 ohm tabakversand.ch\" \/>\n<meta property=\"og:description\" content=\"GeekVape Zeus Subohm Coil Z2 0.2 ohm | La plus grande s\u00e9lection de produits du tabac de Suisse | Cartes accept\u00e9es!\" \/>\n<meta property=\"og:url\" content=\"https:\/\/www.tabakversand.ch\/produit\/geekvape-zeus-subohm-coil-z2-0-2-ohm\/\" \/>\n<meta property=\"og:site_name\" content=\"Tabakversand.ch | Alles aus der Welt des Tabaks\" \/>\n<meta property=\"article:modified_time\" content=\"2025-03-28T05:42:31+00:00\" \/>\n<meta property=\"og:image\" content=\"https:\/\/www.tabakversand.ch\/wp-content\/uploads\/2022\/10\/geekvape-z-obelisk-coil-series-z2-0.2-ohm.jpg\" \/>\n\t<meta property=\"og:image:width\" content=\"500\" \/>\n\t<meta property=\"og:image:height\" content=\"500\" \/>\n\t<meta property=\"og:image:type\" content=\"image\/jpeg\" \/>\n<meta name=\"twitter:card\" content=\"summary_large_image\" \/>\n<meta name=\"twitter:label1\" content=\"Dur\u00e9e de lecture estim\u00e9e\" \/>\n\t<meta name=\"twitter:data1\" content=\"1 minute\" \/>\n<script type=\"application\/ld+json\" class=\"yoast-schema-graph\">{\"@context\":\"https:\/\/schema.org\",\"@graph\":[{\"@type\":\"WebPage\",\"@id\":\"https:\/\/www.tabakversand.ch\/produit\/geekvape-zeus-subohm-coil-z2-0-2-ohm\/\",\"url\":\"https:\/\/www.tabakversand.ch\/produit\/geekvape-zeus-subohm-coil-z2-0-2-ohm\/\",\"name\":\"GeekVape Zeus Subohm Coil Z2 0.2 ohm tabakversand.ch\",\"isPartOf\":{\"@id\":\"https:\/\/www.tabakversand.ch\/#website\"},\"primaryImageOfPage\":{\"@id\":\"https:\/\/www.tabakversand.ch\/produit\/geekvape-zeus-subohm-coil-z2-0-2-ohm\/#primaryimage\"},\"image\":{\"@id\":\"https:\/\/www.tabakversand.ch\/produit\/geekvape-zeus-subohm-coil-z2-0-2-ohm\/#primaryimage\"},\"thumbnailUrl\":\"https:\/\/www.tabakversand.ch\/wp-content\/uploads\/2022\/10\/geekvape-z-obelisk-coil-series-z2-0.2-ohm.jpg\",\"datePublished\":\"2023-09-14T14:13:46+00:00\",\"dateModified\":\"2025-03-28T05:42:31+00:00\",\"description\":\"GeekVape Zeus Subohm Coil Z2 0.2 ohm | La plus grande s\u00e9lection de produits du tabac de Suisse | Cartes accept\u00e9es!\",\"breadcrumb\":{\"@id\":\"https:\/\/www.tabakversand.ch\/produit\/geekvape-zeus-subohm-coil-z2-0-2-ohm\/#breadcrumb\"},\"inLanguage\":\"fr-FR\",\"potentialAction\":[{\"@type\":\"ReadAction\",\"target\":[\"https:\/\/www.tabakversand.ch\/produit\/geekvape-zeus-subohm-coil-z2-0-2-ohm\/\"]}]},{\"@type\":\"ImageObject\",\"inLanguage\":\"fr-FR\",\"@id\":\"https:\/\/www.tabakversand.ch\/produit\/geekvape-zeus-subohm-coil-z2-0-2-ohm\/#primaryimage\",\"url\":\"https:\/\/www.tabakversand.ch\/wp-content\/uploads\/2022\/10\/geekvape-z-obelisk-coil-series-z2-0.2-ohm.jpg\",\"contentUrl\":\"https:\/\/www.tabakversand.ch\/wp-content\/uploads\/2022\/10\/geekvape-z-obelisk-coil-series-z2-0.2-ohm.jpg\",\"width\":500,\"height\":500,\"caption\":\"GeekVape Zeus Subohm Coil Z2 0.2 ohm\"},{\"@type\":\"BreadcrumbList\",\"@id\":\"https:\/\/www.tabakversand.ch\/produit\/geekvape-zeus-subohm-coil-z2-0-2-ohm\/#breadcrumb\",\"itemListElement\":[{\"@type\":\"ListItem\",\"position\":1,\"name\":\"Startseite\",\"item\":\"https:\/\/www.tabakversand.ch\/\"},{\"@type\":\"ListItem\",\"position\":2,\"name\":\"Boutique\",\"item\":\"https:\/\/www.tabakversand.ch\/fr\/boutique\/\"},{\"@type\":\"ListItem\",\"position\":3,\"name\":\"GeekVape Zeus Subohm Coil Z2 0.2 ohm\"}]},{\"@type\":\"WebSite\",\"@id\":\"https:\/\/www.tabakversand.ch\/#website\",\"url\":\"https:\/\/www.tabakversand.ch\/\",\"name\":\"Tabakversand.ch | Alles aus der Welt des Tabaks\",\"description\":\"Smoke and carpe diem\",\"potentialAction\":[{\"@type\":\"SearchAction\",\"target\":{\"@type\":\"EntryPoint\",\"urlTemplate\":\"https:\/\/www.tabakversand.ch\/?s={search_term_string}\"},\"query-input\":{\"@type\":\"PropertyValueSpecification\",\"valueRequired\":true,\"valueName\":\"search_term_string\"}}],\"inLanguage\":\"fr-FR\"}]}<\/script>\n<!-- \/ Yoast SEO plugin. -->","yoast_head_json":{"title":"GeekVape Zeus Subohm Coil Z2 0.2 ohm tabakversand.ch","description":"GeekVape Zeus Subohm Coil Z2 0.2 ohm | La plus grande s\u00e9lection de produits du tabac de Suisse | Cartes accept\u00e9es!","robots":{"index":"index","follow":"follow","max-snippet":"max-snippet:-1","max-image-preview":"max-image-preview:large","max-video-preview":"max-video-preview:-1"},"canonical":"https:\/\/www.tabakversand.ch\/produit\/geekvape-zeus-subohm-coil-z2-0-2-ohm\/","og_locale":"fr_FR","og_type":"article","og_title":"GeekVape Zeus Subohm Coil Z2 0.2 ohm tabakversand.ch","og_description":"GeekVape Zeus Subohm Coil Z2 0.2 ohm | La plus grande s\u00e9lection de produits du tabac de Suisse | Cartes accept\u00e9es!","og_url":"https:\/\/www.tabakversand.ch\/produit\/geekvape-zeus-subohm-coil-z2-0-2-ohm\/","og_site_name":"Tabakversand.ch | Alles aus der Welt des Tabaks","article_modified_time":"2025-03-28T05:42:31+00:00","og_image":[{"width":500,"height":500,"url":"https:\/\/www.tabakversand.ch\/wp-content\/uploads\/2022\/10\/geekvape-z-obelisk-coil-series-z2-0.2-ohm.jpg","type":"image\/jpeg"}],"twitter_card":"summary_large_image","twitter_misc":{"Dur\u00e9e de lecture estim\u00e9e":"1 minute"},"schema":{"@context":"https:\/\/schema.org","@graph":[{"@type":"WebPage","@id":"https:\/\/www.tabakversand.ch\/produit\/geekvape-zeus-subohm-coil-z2-0-2-ohm\/","url":"https:\/\/www.tabakversand.ch\/produit\/geekvape-zeus-subohm-coil-z2-0-2-ohm\/","name":"GeekVape Zeus Subohm Coil Z2 0.2 ohm tabakversand.ch","isPartOf":{"@id":"https:\/\/www.tabakversand.ch\/#website"},"primaryImageOfPage":{"@id":"https:\/\/www.tabakversand.ch\/produit\/geekvape-zeus-subohm-coil-z2-0-2-ohm\/#primaryimage"},"image":{"@id":"https:\/\/www.tabakversand.ch\/produit\/geekvape-zeus-subohm-coil-z2-0-2-ohm\/#primaryimage"},"thumbnailUrl":"https:\/\/www.tabakversand.ch\/wp-content\/uploads\/2022\/10\/geekvape-z-obelisk-coil-series-z2-0.2-ohm.jpg","datePublished":"2023-09-14T14:13:46+00:00","dateModified":"2025-03-28T05:42:31+00:00","description":"GeekVape Zeus Subohm Coil Z2 0.2 ohm | La plus grande s\u00e9lection de produits du tabac de Suisse | Cartes accept\u00e9es!","breadcrumb":{"@id":"https:\/\/www.tabakversand.ch\/produit\/geekvape-zeus-subohm-coil-z2-0-2-ohm\/#breadcrumb"},"inLanguage":"fr-FR","potentialAction":[{"@type":"ReadAction","target":["https:\/\/www.tabakversand.ch\/produit\/geekvape-zeus-subohm-coil-z2-0-2-ohm\/"]}]},{"@type":"ImageObject","inLanguage":"fr-FR","@id":"https:\/\/www.tabakversand.ch\/produit\/geekvape-zeus-subohm-coil-z2-0-2-ohm\/#primaryimage","url":"https:\/\/www.tabakversand.ch\/wp-content\/uploads\/2022\/10\/geekvape-z-obelisk-coil-series-z2-0.2-ohm.jpg","contentUrl":"https:\/\/www.tabakversand.ch\/wp-content\/uploads\/2022\/10\/geekvape-z-obelisk-coil-series-z2-0.2-ohm.jpg","width":500,"height":500,"caption":"GeekVape Zeus Subohm Coil Z2 0.2 ohm"},{"@type":"BreadcrumbList","@id":"https:\/\/www.tabakversand.ch\/produit\/geekvape-zeus-subohm-coil-z2-0-2-ohm\/#breadcrumb","itemListElement":[{"@type":"ListItem","position":1,"name":"Startseite","item":"https:\/\/www.tabakversand.ch\/"},{"@type":"ListItem","position":2,"name":"Boutique","item":"https:\/\/www.tabakversand.ch\/fr\/boutique\/"},{"@type":"ListItem","position":3,"name":"GeekVape Zeus Subohm Coil Z2 0.2 ohm"}]},{"@type":"WebSite","@id":"https:\/\/www.tabakversand.ch\/#website","url":"https:\/\/www.tabakversand.ch\/","name":"Tabakversand.ch | Alles aus der Welt des Tabaks","description":"Smoke and carpe diem","potentialAction":[{"@type":"SearchAction","target":{"@type":"EntryPoint","urlTemplate":"https:\/\/www.tabakversand.ch\/?s={search_term_string}"},"query-input":{"@type":"PropertyValueSpecification","valueRequired":true,"valueName":"search_term_string"}}],"inLanguage":"fr-FR"}]}},"_links":{"self":[{"href":"https:\/\/www.tabakversand.ch\/fr\/wp-json\/wp\/v2\/product\/120332","targetHints":{"allow":["GET"]}}],"collection":[{"href":"https:\/\/www.tabakversand.ch\/fr\/wp-json\/wp\/v2\/product"}],"about":[{"href":"https:\/\/www.tabakversand.ch\/fr\/wp-json\/wp\/v2\/types\/product"}],"version-history":[{"count":2,"href":"https:\/\/www.tabakversand.ch\/fr\/wp-json\/wp\/v2\/product\/120332\/revisions"}],"predecessor-version":[{"id":173312,"href":"https:\/\/www.tabakversand.ch\/fr\/wp-json\/wp\/v2\/product\/120332\/revisions\/173312"}],"wp:featuredmedia":[{"embeddable":true,"href":"https:\/\/www.tabakversand.ch\/fr\/wp-json\/wp\/v2\/media\/120336"}],"wp:attachment":[{"href":"https:\/\/www.tabakversand.ch\/fr\/wp-json\/wp\/v2\/media?parent=120332"}],"wp:term":[{"taxonomy":"product_brand","embeddable":true,"href":"https:\/\/www.tabakversand.ch\/fr\/wp-json\/wp\/v2\/product_brand?post=120332"},{"taxonomy":"product_cat","embeddable":true,"href":"https:\/\/www.tabakversand.ch\/fr\/wp-json\/wp\/v2\/product_cat?post=120332"},{"taxonomy":"product_tag","embeddable":true,"href":"https:\/\/www.tabakversand.ch\/fr\/wp-json\/wp\/v2\/product_tag?post=120332"}],"curies":[{"name":"wp","href":"https:\/\/api.w.org\/{rel}","templated":true}]}}