{"id":122943,"date":"2023-09-14T17:01:16","date_gmt":"2023-09-14T15:01:16","guid":{"rendered":"https:\/\/www.tabakversand.ch\/?post_type=product&#038;p=122943"},"modified":"2026-04-16T13:49:38","modified_gmt":"2026-04-16T11:49:38","slug":"peterson-de-luxe-navy-rolls-pipe-tobacco-50-gr","status":"publish","type":"product","link":"https:\/\/www.tabakversand.ch\/fr\/produit\/peterson-de-luxe-navy-rolls-pipe-tobacco-50-gr\/","title":{"rendered":"Peterson De Luxe Rouleaux de marine"},"content":{"rendered":"<h1>Peterson De Luxe Rouleaux de marine<\/h1>\n<ul>\n<li>1 x 50 gr.<\/li>\n<\/ul>\n<p>Le Peterson De Luxe Navy Rolls est un m\u00e9lange de tabac \u00e0 pipe traditionnel, v\u00e9ritable institution et l&rsquo;un des classiques des c\u00e9l\u00e8bres m\u00e9langes Dunhill. Depuis des d\u00e9cennies, ce m\u00e9lange jouit d&rsquo;une grande popularit\u00e9 aupr\u00e8s des connaisseurs qui appr\u00e9cient son ar\u00f4me naturel et authentique. Aujourd&rsquo;hui encore, comme par le pass\u00e9, il est \u00e9labor\u00e9 sans ar\u00f4mes artificiels.  <\/p>\n<p>Dans le cadre du repositionnement de la marque en 2019, certains m\u00e9langes Dunhill, initialement abandonn\u00e9s, ont \u00e9t\u00e9 relanc\u00e9s sous le nom de Peterson. La recette du De Luxe Navy Roll est rest\u00e9e inchang\u00e9e&nbsp;: m\u00eame tabac, m\u00eame qualit\u00e9, seul le nom a chang\u00e9. <\/p>\n<p>Ce m\u00e9lange exquis associe des tabacs de Virginie de haute qualit\u00e9 \u00e0 du Perique de Louisiane. Les tabacs sont d&rsquo;abord press\u00e9s en fines feuilles de flocons, puis roul\u00e9s en longs brins et affin\u00e9s. Apr\u00e8s maturation, ils sont coup\u00e9s en fines tranches, appel\u00e9es Navy Rolls. Ce processus de fabrication \u00e9labor\u00e9 garantit un ar\u00f4me particuli\u00e8rement harmonieux et \u00e9quilibr\u00e9.   <\/p>\n<p>Le tabac De Luxe Navy Rolls s\u00e9duit par son \u00e9quilibre harmonieux entre la douceur naturelle du Virginie et la subtile note \u00e9pic\u00e9e du Perique. Il en r\u00e9sulte un tabac \u00e0 pipe l\u00e9g\u00e8rement aromatique, mais plein de caract\u00e8re, aux douces nuances sucr\u00e9es. <\/p>\n<p>&nbsp;<\/p>\n<p>Chez tabakversand.ch, vous recevez le tabac \u00e0 pipe Peterson De Luxe Navy Rolls fra\u00eechement conserv\u00e9 dans son emballage d&rsquo;origine. Un stockage soign\u00e9 garantit une pr\u00e9servation optimale de l&rsquo;ar\u00f4me, de l&rsquo;humidit\u00e9 et de la qualit\u00e9 jusqu&rsquo;\u00e0 l&rsquo;exp\u00e9dition. Gr\u00e2ce \u00e0 une livraison rapide en Suisse, votre tabac \u00e0 pipe arrive g\u00e9n\u00e9ralement tr\u00e8s vite.  <\/p>\n<p>Pour plus d&rsquo;informations sur le tabac, veuillez consulter l&rsquo;article Wikip\u00e9dia correspondant&nbsp;: <a href=\"https:\/\/de.wikipedia.org\/wiki\/Tabak\">cliquez ici<\/a> . Si vous avez des questions concernant le produit, n&rsquo;h\u00e9sitez pas \u00e0 nous contacter&nbsp;: <a href=\"https:\/\/www.tabakversand.ch\/kontakt\/\">cliquez ici<\/a> . <\/p>\n<p>Tous les prix indiqu\u00e9s sont valables uniquement pour les commandes en ligne, TVA incluse, et peuvent \u00eatre modifi\u00e9s sans pr\u00e9avis. Les frais de port sont en sus.   Sous r\u00e9serve d&rsquo;erreurs, de modifications de l&rsquo;\u00e9tendue de la livraison et de la conception, d&rsquo;erreurs d&rsquo;impression et de modifications de prix. Les prix barr\u00e9s sont plut\u00f4t des prix. L&rsquo;illustration peut diff\u00e9rer de l&rsquo;original\/de l&rsquo;\u00e9tendue de la livraison.<br \/>\n*Livraison gratuite pour les commandes sup\u00e9rieures \u00e0 CHF 250.-.<\/p>\n","protected":false},"excerpt":{"rendered":"<p>Peterson De Luxe Rouleaux de marine 1 x 50 gr. Le Peterson De Luxe Navy Rolls est un m\u00e9lange de tabac \u00e0 pipe traditionnel, v\u00e9ritable institution et l&rsquo;un des classiques des c\u00e9l\u00e8bres m\u00e9langes Dunhill. Depuis des d\u00e9cennies, ce m\u00e9lange jouit d&rsquo;une grande popularit\u00e9 aupr\u00e8s des connaisseurs qui appr\u00e9cient son ar\u00f4me naturel et authentique. Aujourd&rsquo;hui encore, [&hellip;]<\/p>\n","protected":false},"featured_media":122947,"template":"","meta":[],"product_brand":[1807],"product_cat":[5814,1949,1888,2040],"product_tag":[],"class_list":{"0":"post-122943","1":"product","2":"type-product","3":"status-publish","4":"has-post-thumbnail","6":"product_brand-peterson-pfeifen-und-pfeifentabak","7":"product_cat-boites","8":"product_cat-pipe-world-fr","9":"product_cat-tabac","10":"product_cat-tabac-a-pipe-fr","12":"first","13":"instock","14":"purchasable","15":"product-type-simple"},"yoast_head":"<!-- This site is optimized with the Yoast SEO plugin v27.5 - https:\/\/yoast.com\/product\/yoast-seo-wordpress\/ -->\n<title>Achetez du tabac \u00e0 pipe Peterson De Luxe Navy Rolls<\/title>\n<meta name=\"description\" content=\"Tabac \u00e0 pipe Peterson De Luxe Navy Rolls \u2013 Doux et aromatique, avec de subtiles notes l\u00e9g\u00e8rement sucr\u00e9es. Coupe Navy Rolls pour une exp\u00e9rience de fumage homog\u00e8ne.\" \/>\n<meta name=\"robots\" content=\"index, follow, max-snippet:-1, max-image-preview:large, max-video-preview:-1\" \/>\n<link rel=\"canonical\" href=\"https:\/\/www.tabakversand.ch\/fr\/produit\/peterson-de-luxe-navy-rolls-pipe-tobacco-50-gr\/\" \/>\n<meta property=\"og:locale\" content=\"fr_FR\" \/>\n<meta property=\"og:type\" content=\"article\" \/>\n<meta property=\"og:title\" content=\"Achetez du tabac \u00e0 pipe Peterson De Luxe Navy Rolls\" \/>\n<meta property=\"og:description\" content=\"Tabac \u00e0 pipe Peterson De Luxe Navy Rolls \u2013 Doux et aromatique, avec de subtiles notes l\u00e9g\u00e8rement sucr\u00e9es. Coupe Navy Rolls pour une exp\u00e9rience de fumage homog\u00e8ne.\" \/>\n<meta property=\"og:url\" content=\"https:\/\/www.tabakversand.ch\/fr\/produit\/peterson-de-luxe-navy-rolls-pipe-tobacco-50-gr\/\" \/>\n<meta property=\"og:site_name\" content=\"Tabakversand.ch | Alles aus der Welt des Tabaks\" \/>\n<meta property=\"article:modified_time\" content=\"2026-04-16T11:49:38+00:00\" \/>\n<meta property=\"og:image\" content=\"https:\/\/www.tabakversand.ch\/wp-content\/uploads\/2022\/11\/peterson-de-luxe-navy-rolls.jpg\" \/>\n\t<meta property=\"og:image:width\" content=\"500\" \/>\n\t<meta property=\"og:image:height\" content=\"500\" \/>\n\t<meta property=\"og:image:type\" content=\"image\/jpeg\" \/>\n<meta name=\"twitter:card\" content=\"summary_large_image\" \/>\n<meta name=\"twitter:label1\" content=\"Dur\u00e9e de lecture estim\u00e9e\" \/>\n\t<meta name=\"twitter:data1\" content=\"2 minutes\" \/>\n<script type=\"application\/ld+json\" class=\"yoast-schema-graph\">{\"@context\":\"https:\\\/\\\/schema.org\",\"@graph\":[{\"@type\":\"WebPage\",\"@id\":\"https:\\\/\\\/www.tabakversand.ch\\\/fr\\\/produit\\\/peterson-de-luxe-navy-rolls-pipe-tobacco-50-gr\\\/\",\"url\":\"https:\\\/\\\/www.tabakversand.ch\\\/fr\\\/produit\\\/peterson-de-luxe-navy-rolls-pipe-tobacco-50-gr\\\/\",\"name\":\"Achetez du tabac \u00e0 pipe Peterson De Luxe Navy Rolls\",\"isPartOf\":{\"@id\":\"https:\\\/\\\/www.tabakversand.ch\\\/#website\"},\"primaryImageOfPage\":{\"@id\":\"https:\\\/\\\/www.tabakversand.ch\\\/fr\\\/produit\\\/peterson-de-luxe-navy-rolls-pipe-tobacco-50-gr\\\/#primaryimage\"},\"image\":{\"@id\":\"https:\\\/\\\/www.tabakversand.ch\\\/fr\\\/produit\\\/peterson-de-luxe-navy-rolls-pipe-tobacco-50-gr\\\/#primaryimage\"},\"thumbnailUrl\":\"https:\\\/\\\/www.tabakversand.ch\\\/wp-content\\\/uploads\\\/2022\\\/11\\\/peterson-de-luxe-navy-rolls.jpg\",\"datePublished\":\"2023-09-14T15:01:16+00:00\",\"dateModified\":\"2026-04-16T11:49:38+00:00\",\"description\":\"Tabac \u00e0 pipe Peterson De Luxe Navy Rolls \u2013 Doux et aromatique, avec de subtiles notes l\u00e9g\u00e8rement sucr\u00e9es. Coupe Navy Rolls pour une exp\u00e9rience de fumage homog\u00e8ne.\",\"breadcrumb\":{\"@id\":\"https:\\\/\\\/www.tabakversand.ch\\\/fr\\\/produit\\\/peterson-de-luxe-navy-rolls-pipe-tobacco-50-gr\\\/#breadcrumb\"},\"inLanguage\":\"fr-FR\",\"potentialAction\":[{\"@type\":\"ReadAction\",\"target\":[\"https:\\\/\\\/www.tabakversand.ch\\\/fr\\\/produit\\\/peterson-de-luxe-navy-rolls-pipe-tobacco-50-gr\\\/\"]}]},{\"@type\":\"ImageObject\",\"inLanguage\":\"fr-FR\",\"@id\":\"https:\\\/\\\/www.tabakversand.ch\\\/fr\\\/produit\\\/peterson-de-luxe-navy-rolls-pipe-tobacco-50-gr\\\/#primaryimage\",\"url\":\"https:\\\/\\\/www.tabakversand.ch\\\/wp-content\\\/uploads\\\/2022\\\/11\\\/peterson-de-luxe-navy-rolls.jpg\",\"contentUrl\":\"https:\\\/\\\/www.tabakversand.ch\\\/wp-content\\\/uploads\\\/2022\\\/11\\\/peterson-de-luxe-navy-rolls.jpg\",\"width\":500,\"height\":500,\"caption\":\"Peterson De Luxe Navy Rolls tabac \u00e0 pipe 50 gr. | Tabakversand.ch\"},{\"@type\":\"BreadcrumbList\",\"@id\":\"https:\\\/\\\/www.tabakversand.ch\\\/fr\\\/produit\\\/peterson-de-luxe-navy-rolls-pipe-tobacco-50-gr\\\/#breadcrumb\",\"itemListElement\":[{\"@type\":\"ListItem\",\"position\":1,\"name\":\"Startseite\",\"item\":\"https:\\\/\\\/www.tabakversand.ch\\\/\"},{\"@type\":\"ListItem\",\"position\":2,\"name\":\"Boutique\",\"item\":\"https:\\\/\\\/www.tabakversand.ch\\\/fr\\\/boutique\\\/\"},{\"@type\":\"ListItem\",\"position\":3,\"name\":\"Peterson De Luxe Rouleaux de marine\"}]},{\"@type\":\"WebSite\",\"@id\":\"https:\\\/\\\/www.tabakversand.ch\\\/#website\",\"url\":\"https:\\\/\\\/www.tabakversand.ch\\\/\",\"name\":\"Tabakversand.ch | Alles aus der Welt des Tabaks\",\"description\":\"Smoke and carpe diem\",\"potentialAction\":[{\"@type\":\"SearchAction\",\"target\":{\"@type\":\"EntryPoint\",\"urlTemplate\":\"https:\\\/\\\/www.tabakversand.ch\\\/?s={search_term_string}\"},\"query-input\":{\"@type\":\"PropertyValueSpecification\",\"valueRequired\":true,\"valueName\":\"search_term_string\"}}],\"inLanguage\":\"fr-FR\"}]}<\/script>\n<!-- \/ Yoast SEO plugin. -->","yoast_head_json":{"title":"Achetez du tabac \u00e0 pipe Peterson De Luxe Navy Rolls","description":"Tabac \u00e0 pipe Peterson De Luxe Navy Rolls \u2013 Doux et aromatique, avec de subtiles notes l\u00e9g\u00e8rement sucr\u00e9es. Coupe Navy Rolls pour une exp\u00e9rience de fumage homog\u00e8ne.","robots":{"index":"index","follow":"follow","max-snippet":"max-snippet:-1","max-image-preview":"max-image-preview:large","max-video-preview":"max-video-preview:-1"},"canonical":"https:\/\/www.tabakversand.ch\/fr\/produit\/peterson-de-luxe-navy-rolls-pipe-tobacco-50-gr\/","og_locale":"fr_FR","og_type":"article","og_title":"Achetez du tabac \u00e0 pipe Peterson De Luxe Navy Rolls","og_description":"Tabac \u00e0 pipe Peterson De Luxe Navy Rolls \u2013 Doux et aromatique, avec de subtiles notes l\u00e9g\u00e8rement sucr\u00e9es. Coupe Navy Rolls pour une exp\u00e9rience de fumage homog\u00e8ne.","og_url":"https:\/\/www.tabakversand.ch\/fr\/produit\/peterson-de-luxe-navy-rolls-pipe-tobacco-50-gr\/","og_site_name":"Tabakversand.ch | Alles aus der Welt des Tabaks","article_modified_time":"2026-04-16T11:49:38+00:00","og_image":[{"width":500,"height":500,"url":"https:\/\/www.tabakversand.ch\/wp-content\/uploads\/2022\/11\/peterson-de-luxe-navy-rolls.jpg","type":"image\/jpeg"}],"twitter_card":"summary_large_image","twitter_misc":{"Dur\u00e9e de lecture estim\u00e9e":"2 minutes"},"schema":{"@context":"https:\/\/schema.org","@graph":[{"@type":"WebPage","@id":"https:\/\/www.tabakversand.ch\/fr\/produit\/peterson-de-luxe-navy-rolls-pipe-tobacco-50-gr\/","url":"https:\/\/www.tabakversand.ch\/fr\/produit\/peterson-de-luxe-navy-rolls-pipe-tobacco-50-gr\/","name":"Achetez du tabac \u00e0 pipe Peterson De Luxe Navy Rolls","isPartOf":{"@id":"https:\/\/www.tabakversand.ch\/#website"},"primaryImageOfPage":{"@id":"https:\/\/www.tabakversand.ch\/fr\/produit\/peterson-de-luxe-navy-rolls-pipe-tobacco-50-gr\/#primaryimage"},"image":{"@id":"https:\/\/www.tabakversand.ch\/fr\/produit\/peterson-de-luxe-navy-rolls-pipe-tobacco-50-gr\/#primaryimage"},"thumbnailUrl":"https:\/\/www.tabakversand.ch\/wp-content\/uploads\/2022\/11\/peterson-de-luxe-navy-rolls.jpg","datePublished":"2023-09-14T15:01:16+00:00","dateModified":"2026-04-16T11:49:38+00:00","description":"Tabac \u00e0 pipe Peterson De Luxe Navy Rolls \u2013 Doux et aromatique, avec de subtiles notes l\u00e9g\u00e8rement sucr\u00e9es. Coupe Navy Rolls pour une exp\u00e9rience de fumage homog\u00e8ne.","breadcrumb":{"@id":"https:\/\/www.tabakversand.ch\/fr\/produit\/peterson-de-luxe-navy-rolls-pipe-tobacco-50-gr\/#breadcrumb"},"inLanguage":"fr-FR","potentialAction":[{"@type":"ReadAction","target":["https:\/\/www.tabakversand.ch\/fr\/produit\/peterson-de-luxe-navy-rolls-pipe-tobacco-50-gr\/"]}]},{"@type":"ImageObject","inLanguage":"fr-FR","@id":"https:\/\/www.tabakversand.ch\/fr\/produit\/peterson-de-luxe-navy-rolls-pipe-tobacco-50-gr\/#primaryimage","url":"https:\/\/www.tabakversand.ch\/wp-content\/uploads\/2022\/11\/peterson-de-luxe-navy-rolls.jpg","contentUrl":"https:\/\/www.tabakversand.ch\/wp-content\/uploads\/2022\/11\/peterson-de-luxe-navy-rolls.jpg","width":500,"height":500,"caption":"Peterson De Luxe Navy Rolls tabac \u00e0 pipe 50 gr. | Tabakversand.ch"},{"@type":"BreadcrumbList","@id":"https:\/\/www.tabakversand.ch\/fr\/produit\/peterson-de-luxe-navy-rolls-pipe-tobacco-50-gr\/#breadcrumb","itemListElement":[{"@type":"ListItem","position":1,"name":"Startseite","item":"https:\/\/www.tabakversand.ch\/"},{"@type":"ListItem","position":2,"name":"Boutique","item":"https:\/\/www.tabakversand.ch\/fr\/boutique\/"},{"@type":"ListItem","position":3,"name":"Peterson De Luxe Rouleaux de marine"}]},{"@type":"WebSite","@id":"https:\/\/www.tabakversand.ch\/#website","url":"https:\/\/www.tabakversand.ch\/","name":"Tabakversand.ch | Alles aus der Welt des Tabaks","description":"Smoke and carpe diem","potentialAction":[{"@type":"SearchAction","target":{"@type":"EntryPoint","urlTemplate":"https:\/\/www.tabakversand.ch\/?s={search_term_string}"},"query-input":{"@type":"PropertyValueSpecification","valueRequired":true,"valueName":"search_term_string"}}],"inLanguage":"fr-FR"}]}},"_links":{"self":[{"href":"https:\/\/www.tabakversand.ch\/fr\/wp-json\/wp\/v2\/product\/122943","targetHints":{"allow":["GET"]}}],"collection":[{"href":"https:\/\/www.tabakversand.ch\/fr\/wp-json\/wp\/v2\/product"}],"about":[{"href":"https:\/\/www.tabakversand.ch\/fr\/wp-json\/wp\/v2\/types\/product"}],"version-history":[{"count":6,"href":"https:\/\/www.tabakversand.ch\/fr\/wp-json\/wp\/v2\/product\/122943\/revisions"}],"predecessor-version":[{"id":217925,"href":"https:\/\/www.tabakversand.ch\/fr\/wp-json\/wp\/v2\/product\/122943\/revisions\/217925"}],"wp:featuredmedia":[{"embeddable":true,"href":"https:\/\/www.tabakversand.ch\/fr\/wp-json\/wp\/v2\/media\/122947"}],"wp:attachment":[{"href":"https:\/\/www.tabakversand.ch\/fr\/wp-json\/wp\/v2\/media?parent=122943"}],"wp:term":[{"taxonomy":"product_brand","embeddable":true,"href":"https:\/\/www.tabakversand.ch\/fr\/wp-json\/wp\/v2\/product_brand?post=122943"},{"taxonomy":"product_cat","embeddable":true,"href":"https:\/\/www.tabakversand.ch\/fr\/wp-json\/wp\/v2\/product_cat?post=122943"},{"taxonomy":"product_tag","embeddable":true,"href":"https:\/\/www.tabakversand.ch\/fr\/wp-json\/wp\/v2\/product_tag?post=122943"}],"curies":[{"name":"wp","href":"https:\/\/api.w.org\/{rel}","templated":true}]}}