{"id":123101,"date":"2024-08-21T12:36:52","date_gmt":"2024-08-21T10:36:52","guid":{"rendered":"https:\/\/www.tabakversand.ch\/?post_type=product&#038;p=123101"},"modified":"2025-08-24T18:34:08","modified_gmt":"2025-08-24T16:34:08","slug":"e-liquide-vozol-10-ml-20-mg","status":"publish","type":"product","link":"https:\/\/www.tabakversand.ch\/fr\/produit\/e-liquide-vozol-10-ml-20-mg\/","title":{"rendered":"E-liquide VOZOL (10 ml\/20 mg)"},"content":{"rendered":"<p>E-liquide VOZOL (10 ml\/20 mg)<\/p>\n<p>Parfaits pour un usage quotidien ou pour savourer des moments privil\u00e9gi\u00e9s, les liquides VOZOL offrent une exp\u00e9rience de vape toujours rafra\u00eechissante et revigorante&nbsp;! Chez Vozol, la s\u00e9curit\u00e9 et la qualit\u00e9 sont notre priorit\u00e9 absolue. Nos produits ne sont commercialis\u00e9s qu&rsquo;apr\u00e8s avoir satisfait aux normes de qualit\u00e9 strictes des laboratoires Vozol. Les liquides Vozol sont compatibles avec tous les appareils, mais particuli\u00e8rement adapt\u00e9s aux syst\u00e8mes \u00e0 pods et aux appareils MTL, et sont disponibles en 20&nbsp;mg.   <\/p>\n<table width=\"719\">\n<tbody>\n<tr>\n<td width=\"208\">Nombre de mouvements<\/td>\n<td width=\"511\">3000<\/td>\n<\/tr>\n<tr>\n<td width=\"208\">Teneur en nicotine\/ml<\/td>\n<td width=\"511\">20 mg de sel<\/td>\n<\/tr>\n<tr>\n<td width=\"208\">Quantit\u00e9 de remplissage<\/td>\n<td width=\"511\">10 ml<\/td>\n<\/tr>\n<\/tbody>\n<\/table>\n<p>Tous les prix s&rsquo;appliquent uniquement aux commandes en ligne et incluent la TVA. Sous r\u00e9serve de modifications sans pr\u00e9avis, frais de livraison en sus. Sous r\u00e9serve d&rsquo;erreurs, de modifications de contenu de livraison et de conception, de fautes d&rsquo;impression et de modifications de prix. Les prix barr\u00e9s sont des prix de remplacement. Les illustrations peuvent diff\u00e9rer de l&rsquo;original\/du contenu de livraison.<br \/>\n*Livraison gratuite pour les commandes sup\u00e9rieures \u00e0 CHF 250.-.<\/p>\n","protected":false},"excerpt":{"rendered":"<p>E-liquide VOZOL (10 ml\/20 mg) Parfaits pour un usage quotidien ou pour savourer des moments privil\u00e9gi\u00e9s, les liquides VOZOL offrent une exp\u00e9rience de vape toujours rafra\u00eechissante et revigorante&nbsp;! Chez Vozol, la s\u00e9curit\u00e9 et la qualit\u00e9 sont notre priorit\u00e9 absolue. Nos produits ne sont commercialis\u00e9s qu&rsquo;apr\u00e8s avoir satisfait aux normes de qualit\u00e9 strictes des laboratoires Vozol. [&hellip;]<\/p>\n","protected":false},"featured_media":158443,"template":"","meta":[],"product_brand":[],"product_cat":[1895,1894,2772,3143],"product_tag":[],"class_list":{"0":"post-123101","1":"product","2":"type-product","3":"status-publish","4":"has-post-thumbnail","6":"product_cat-e-fumee","7":"product_cat-e-liquide","8":"product_cat-nic-sel-e-liquide","9":"product_cat-vozol-e-liquide-20mg-10ml","11":"first","12":"onbackorder","13":"purchasable","14":"product-type-variable"},"yoast_head":"<!-- This site is optimized with the Yoast SEO plugin v27.0 - https:\/\/yoast.com\/product\/yoast-seo-wordpress\/ -->\n<title>E-liquide VOZOL (10 ml\/20 mg)<\/title>\n<meta name=\"description\" content=\"VOZOL E-Liquide (10ml\/20mg) | Un tr\u00e8s grand choix d&#039;e-liquides, e-cigarettes et e-pipes dans toute la Suisse | Cartes accept\u00e9es !\" \/>\n<meta name=\"robots\" content=\"index, follow, max-snippet:-1, max-image-preview:large, max-video-preview:-1\" \/>\n<link rel=\"canonical\" href=\"https:\/\/www.tabakversand.ch\/produit\/vozol-e-liquid-10ml-20mg\/\" \/>\n<meta property=\"og:locale\" content=\"fr_FR\" \/>\n<meta property=\"og:type\" content=\"article\" \/>\n<meta property=\"og:title\" content=\"E-liquide VOZOL (10 ml\/20 mg)\" \/>\n<meta property=\"og:description\" content=\"VOZOL E-Liquide (10ml\/20mg) | Un tr\u00e8s grand choix d&#039;e-liquides, e-cigarettes et e-pipes dans toute la Suisse | Cartes accept\u00e9es !\" \/>\n<meta property=\"og:url\" content=\"https:\/\/www.tabakversand.ch\/produit\/vozol-e-liquid-10ml-20mg\/\" \/>\n<meta property=\"og:site_name\" content=\"Tabakversand.ch | Alles aus der Welt des Tabaks\" \/>\n<meta property=\"article:modified_time\" content=\"2025-08-24T16:34:08+00:00\" \/>\n<meta property=\"og:image\" content=\"https:\/\/www.tabakversand.ch\/wp-content\/uploads\/2023\/09\/vozol-e-liquid-20mg-all.jpg\" \/>\n\t<meta property=\"og:image:width\" content=\"500\" \/>\n\t<meta property=\"og:image:height\" content=\"500\" \/>\n\t<meta property=\"og:image:type\" content=\"image\/jpeg\" \/>\n<meta name=\"twitter:card\" content=\"summary_large_image\" \/>\n<meta name=\"twitter:label1\" content=\"Dur\u00e9e de lecture estim\u00e9e\" \/>\n\t<meta name=\"twitter:data1\" content=\"2 minutes\" \/>\n<script type=\"application\/ld+json\" class=\"yoast-schema-graph\">{\"@context\":\"https:\/\/schema.org\",\"@graph\":[{\"@type\":\"WebPage\",\"@id\":\"https:\/\/www.tabakversand.ch\/produit\/vozol-e-liquid-10ml-20mg\/\",\"url\":\"https:\/\/www.tabakversand.ch\/produit\/vozol-e-liquid-10ml-20mg\/\",\"name\":\"E-liquide VOZOL (10 ml\/20 mg)\",\"isPartOf\":{\"@id\":\"https:\/\/www.tabakversand.ch\/#website\"},\"primaryImageOfPage\":{\"@id\":\"https:\/\/www.tabakversand.ch\/produit\/vozol-e-liquid-10ml-20mg\/#primaryimage\"},\"image\":{\"@id\":\"https:\/\/www.tabakversand.ch\/produit\/vozol-e-liquid-10ml-20mg\/#primaryimage\"},\"thumbnailUrl\":\"https:\/\/www.tabakversand.ch\/wp-content\/uploads\/2023\/09\/vozol-e-liquid-20mg-all.jpg\",\"datePublished\":\"2024-08-21T10:36:52+00:00\",\"dateModified\":\"2025-08-24T16:34:08+00:00\",\"description\":\"VOZOL E-Liquide (10ml\/20mg) | Un tr\u00e8s grand choix d'e-liquides, e-cigarettes et e-pipes dans toute la Suisse | Cartes accept\u00e9es !\",\"breadcrumb\":{\"@id\":\"https:\/\/www.tabakversand.ch\/produit\/vozol-e-liquid-10ml-20mg\/#breadcrumb\"},\"inLanguage\":\"fr-FR\",\"potentialAction\":[{\"@type\":\"ReadAction\",\"target\":[\"https:\/\/www.tabakversand.ch\/produit\/vozol-e-liquid-10ml-20mg\/\"]}]},{\"@type\":\"ImageObject\",\"inLanguage\":\"fr-FR\",\"@id\":\"https:\/\/www.tabakversand.ch\/produit\/vozol-e-liquid-10ml-20mg\/#primaryimage\",\"url\":\"https:\/\/www.tabakversand.ch\/wp-content\/uploads\/2023\/09\/vozol-e-liquid-20mg-all.jpg\",\"contentUrl\":\"https:\/\/www.tabakversand.ch\/wp-content\/uploads\/2023\/09\/vozol-e-liquid-20mg-all.jpg\",\"width\":500,\"height\":500,\"caption\":\"E-liquide VOZOL 20 mg 10 ml | Tabakversand.ch\"},{\"@type\":\"BreadcrumbList\",\"@id\":\"https:\/\/www.tabakversand.ch\/produit\/vozol-e-liquid-10ml-20mg\/#breadcrumb\",\"itemListElement\":[{\"@type\":\"ListItem\",\"position\":1,\"name\":\"Startseite\",\"item\":\"https:\/\/www.tabakversand.ch\/\"},{\"@type\":\"ListItem\",\"position\":2,\"name\":\"Boutique\",\"item\":\"https:\/\/www.tabakversand.ch\/fr\/boutique\/\"},{\"@type\":\"ListItem\",\"position\":3,\"name\":\"E-liquide VOZOL (10 ml\/20 mg)\"}]},{\"@type\":\"WebSite\",\"@id\":\"https:\/\/www.tabakversand.ch\/#website\",\"url\":\"https:\/\/www.tabakversand.ch\/\",\"name\":\"Tabakversand.ch | Alles aus der Welt des Tabaks\",\"description\":\"Smoke and carpe diem\",\"potentialAction\":[{\"@type\":\"SearchAction\",\"target\":{\"@type\":\"EntryPoint\",\"urlTemplate\":\"https:\/\/www.tabakversand.ch\/?s={search_term_string}\"},\"query-input\":{\"@type\":\"PropertyValueSpecification\",\"valueRequired\":true,\"valueName\":\"search_term_string\"}}],\"inLanguage\":\"fr-FR\"}]}<\/script>\n<!-- \/ Yoast SEO plugin. -->","yoast_head_json":{"title":"E-liquide VOZOL (10 ml\/20 mg)","description":"VOZOL E-Liquide (10ml\/20mg) | Un tr\u00e8s grand choix d'e-liquides, e-cigarettes et e-pipes dans toute la Suisse | Cartes accept\u00e9es !","robots":{"index":"index","follow":"follow","max-snippet":"max-snippet:-1","max-image-preview":"max-image-preview:large","max-video-preview":"max-video-preview:-1"},"canonical":"https:\/\/www.tabakversand.ch\/produit\/vozol-e-liquid-10ml-20mg\/","og_locale":"fr_FR","og_type":"article","og_title":"E-liquide VOZOL (10 ml\/20 mg)","og_description":"VOZOL E-Liquide (10ml\/20mg) | Un tr\u00e8s grand choix d'e-liquides, e-cigarettes et e-pipes dans toute la Suisse | Cartes accept\u00e9es !","og_url":"https:\/\/www.tabakversand.ch\/produit\/vozol-e-liquid-10ml-20mg\/","og_site_name":"Tabakversand.ch | Alles aus der Welt des Tabaks","article_modified_time":"2025-08-24T16:34:08+00:00","og_image":[{"width":500,"height":500,"url":"https:\/\/www.tabakversand.ch\/wp-content\/uploads\/2023\/09\/vozol-e-liquid-20mg-all.jpg","type":"image\/jpeg"}],"twitter_card":"summary_large_image","twitter_misc":{"Dur\u00e9e de lecture estim\u00e9e":"2 minutes"},"schema":{"@context":"https:\/\/schema.org","@graph":[{"@type":"WebPage","@id":"https:\/\/www.tabakversand.ch\/produit\/vozol-e-liquid-10ml-20mg\/","url":"https:\/\/www.tabakversand.ch\/produit\/vozol-e-liquid-10ml-20mg\/","name":"E-liquide VOZOL (10 ml\/20 mg)","isPartOf":{"@id":"https:\/\/www.tabakversand.ch\/#website"},"primaryImageOfPage":{"@id":"https:\/\/www.tabakversand.ch\/produit\/vozol-e-liquid-10ml-20mg\/#primaryimage"},"image":{"@id":"https:\/\/www.tabakversand.ch\/produit\/vozol-e-liquid-10ml-20mg\/#primaryimage"},"thumbnailUrl":"https:\/\/www.tabakversand.ch\/wp-content\/uploads\/2023\/09\/vozol-e-liquid-20mg-all.jpg","datePublished":"2024-08-21T10:36:52+00:00","dateModified":"2025-08-24T16:34:08+00:00","description":"VOZOL E-Liquide (10ml\/20mg) | Un tr\u00e8s grand choix d'e-liquides, e-cigarettes et e-pipes dans toute la Suisse | Cartes accept\u00e9es !","breadcrumb":{"@id":"https:\/\/www.tabakversand.ch\/produit\/vozol-e-liquid-10ml-20mg\/#breadcrumb"},"inLanguage":"fr-FR","potentialAction":[{"@type":"ReadAction","target":["https:\/\/www.tabakversand.ch\/produit\/vozol-e-liquid-10ml-20mg\/"]}]},{"@type":"ImageObject","inLanguage":"fr-FR","@id":"https:\/\/www.tabakversand.ch\/produit\/vozol-e-liquid-10ml-20mg\/#primaryimage","url":"https:\/\/www.tabakversand.ch\/wp-content\/uploads\/2023\/09\/vozol-e-liquid-20mg-all.jpg","contentUrl":"https:\/\/www.tabakversand.ch\/wp-content\/uploads\/2023\/09\/vozol-e-liquid-20mg-all.jpg","width":500,"height":500,"caption":"E-liquide VOZOL 20 mg 10 ml | Tabakversand.ch"},{"@type":"BreadcrumbList","@id":"https:\/\/www.tabakversand.ch\/produit\/vozol-e-liquid-10ml-20mg\/#breadcrumb","itemListElement":[{"@type":"ListItem","position":1,"name":"Startseite","item":"https:\/\/www.tabakversand.ch\/"},{"@type":"ListItem","position":2,"name":"Boutique","item":"https:\/\/www.tabakversand.ch\/fr\/boutique\/"},{"@type":"ListItem","position":3,"name":"E-liquide VOZOL (10 ml\/20 mg)"}]},{"@type":"WebSite","@id":"https:\/\/www.tabakversand.ch\/#website","url":"https:\/\/www.tabakversand.ch\/","name":"Tabakversand.ch | Alles aus der Welt des Tabaks","description":"Smoke and carpe diem","potentialAction":[{"@type":"SearchAction","target":{"@type":"EntryPoint","urlTemplate":"https:\/\/www.tabakversand.ch\/?s={search_term_string}"},"query-input":{"@type":"PropertyValueSpecification","valueRequired":true,"valueName":"search_term_string"}}],"inLanguage":"fr-FR"}]}},"_links":{"self":[{"href":"https:\/\/www.tabakversand.ch\/fr\/wp-json\/wp\/v2\/product\/123101","targetHints":{"allow":["GET"]}}],"collection":[{"href":"https:\/\/www.tabakversand.ch\/fr\/wp-json\/wp\/v2\/product"}],"about":[{"href":"https:\/\/www.tabakversand.ch\/fr\/wp-json\/wp\/v2\/types\/product"}],"version-history":[{"count":8,"href":"https:\/\/www.tabakversand.ch\/fr\/wp-json\/wp\/v2\/product\/123101\/revisions"}],"predecessor-version":[{"id":195603,"href":"https:\/\/www.tabakversand.ch\/fr\/wp-json\/wp\/v2\/product\/123101\/revisions\/195603"}],"wp:featuredmedia":[{"embeddable":true,"href":"https:\/\/www.tabakversand.ch\/fr\/wp-json\/wp\/v2\/media\/158443"}],"wp:attachment":[{"href":"https:\/\/www.tabakversand.ch\/fr\/wp-json\/wp\/v2\/media?parent=123101"}],"wp:term":[{"taxonomy":"product_brand","embeddable":true,"href":"https:\/\/www.tabakversand.ch\/fr\/wp-json\/wp\/v2\/product_brand?post=123101"},{"taxonomy":"product_cat","embeddable":true,"href":"https:\/\/www.tabakversand.ch\/fr\/wp-json\/wp\/v2\/product_cat?post=123101"},{"taxonomy":"product_tag","embeddable":true,"href":"https:\/\/www.tabakversand.ch\/fr\/wp-json\/wp\/v2\/product_tag?post=123101"}],"curies":[{"name":"wp","href":"https:\/\/api.w.org\/{rel}","templated":true}]}}