{"id":124304,"date":"2023-09-14T17:44:55","date_gmt":"2023-09-14T15:44:55","guid":{"rendered":"https:\/\/www.tabakversand.ch\/?post_type=product&#038;p=124304"},"modified":"2025-09-17T11:51:35","modified_gmt":"2025-09-17T09:51:35","slug":"siberie-80c-snus-extreme-white-dry-mini-portion-1-x-10-pieces","status":"publish","type":"product","link":"https:\/\/www.tabakversand.ch\/fr\/produit\/siberie-80c-snus-extreme-white-dry-mini-portion-1-x-10-pieces\/","title":{"rendered":"Sib\u00e9rie &#8211; 80\u00b0C. Snus Extreme White Dry Mini Portion 1 x 10 pi\u00e8ces"},"content":{"rendered":"<p>Sib\u00e9rie &#8211; 80\u00b0C. Snus Extreme White Dry Mini Portion 1 x 10 pi\u00e8ces<\/p>\n<p>Un plaisir intense \u00e0 la menthe<\/p>\n<p>Le mini snus Siberia White Dry Portion offre une exp\u00e9rience intense gr\u00e2ce \u00e0 son ar\u00f4me de menthe fra\u00eeche et \u00e0 sa teneur en nicotine extr\u00eamement \u00e9lev\u00e9e. Les portions s\u00e8ches, \u00e0 faible teneur en humidit\u00e9, r\u00e9duisent les coulures et prolongent la saveur. Chaque portion contient plus de cinq fois plus de nicotine qu&rsquo;un snus classique, ce qui en fait un choix particuli\u00e8rement intense pour les consommateurs exp\u00e9riment\u00e9s.<\/p>\n<p>Tous les prix s&rsquo;appliquent uniquement aux commandes en ligne et incluent la TVA. Sous r\u00e9serve de modifications sans pr\u00e9avis, frais de livraison en sus. Sous r\u00e9serve d&rsquo;erreurs, de modifications de contenu de livraison et de conception, de fautes d&rsquo;impression et de modifications de prix. Les prix barr\u00e9s sont des prix de remplacement. Les illustrations peuvent diff\u00e9rer de l&rsquo;original\/du contenu de livraison.<br \/>\n*Livraison gratuite pour les commandes sup\u00e9rieures \u00e0 CHF 250.-.<\/p>\n","protected":false},"excerpt":{"rendered":"<p>Sib\u00e9rie &#8211; 80\u00b0C. Snus Extreme White Dry Mini Portion 1 x 10 pi\u00e8ces Un plaisir intense \u00e0 la menthe Le mini snus Siberia White Dry Portion offre une exp\u00e9rience intense gr\u00e2ce \u00e0 son ar\u00f4me de menthe fra\u00eeche et \u00e0 sa teneur en nicotine extr\u00eamement \u00e9lev\u00e9e. Les portions s\u00e8ches, \u00e0 faible teneur en humidit\u00e9, r\u00e9duisent les [&hellip;]<\/p>\n","protected":false},"featured_media":200243,"template":"","meta":[],"product_brand":[1749],"product_cat":[4564,1888,1903,1900],"product_tag":[],"class_list":{"0":"post-124304","1":"product","2":"type-product","3":"status-publish","4":"has-post-thumbnail","6":"product_brand-gn-tobacco","7":"product_cat-snus-en-sachet","8":"product_cat-tabac","9":"product_cat-tabac-a-macher-snus","10":"product_cat-tabac-a-macher-snus-dans-un-sac","12":"first","13":"onbackorder","14":"purchasable","15":"product-type-simple"},"yoast_head":"<!-- This site is optimized with the Yoast SEO plugin v27.5 - https:\/\/yoast.com\/product\/yoast-seo-wordpress\/ -->\n<title>Sib\u00e9rie - 80\u00b0C. Snus Extreme White Dry Mini Portion 1 x 10 pi\u00e8ces<\/title>\n<meta name=\"description\" content=\"Siberia - 80 Degree Extreme White Dry Mini Portion Snus 1 x 10 pi\u00e8ces | Un grand choix de produits du tabac, de cigarettes \u00e9lectroniques et d&#039;accessoires pour fumeurs dans toute la Suisse | Cartes accept\u00e9es !\" \/>\n<meta name=\"robots\" content=\"index, follow, max-snippet:-1, max-image-preview:large, max-video-preview:-1\" \/>\n<link rel=\"canonical\" href=\"https:\/\/www.tabakversand.ch\/fr\/produit\/siberie-80c-snus-extreme-white-dry-mini-portion-1-x-10-pieces\/\" \/>\n<meta property=\"og:locale\" content=\"fr_FR\" \/>\n<meta property=\"og:type\" content=\"article\" \/>\n<meta property=\"og:title\" content=\"Sib\u00e9rie - 80\u00b0C. Snus Extreme White Dry Mini Portion 1 x 10 pi\u00e8ces\" \/>\n<meta property=\"og:description\" content=\"Siberia - 80 Degree Extreme White Dry Mini Portion Snus 1 x 10 pi\u00e8ces | Un grand choix de produits du tabac, de cigarettes \u00e9lectroniques et d&#039;accessoires pour fumeurs dans toute la Suisse | Cartes accept\u00e9es !\" \/>\n<meta property=\"og:url\" content=\"https:\/\/www.tabakversand.ch\/fr\/produit\/siberie-80c-snus-extreme-white-dry-mini-portion-1-x-10-pieces\/\" \/>\n<meta property=\"og:site_name\" content=\"Tabakversand.ch | Alles aus der Welt des Tabaks\" \/>\n<meta property=\"article:modified_time\" content=\"2025-09-17T09:51:35+00:00\" \/>\n<meta property=\"og:image\" content=\"http:\/\/www.tabakversand.ch\/wp-content\/uploads\/2023\/09\/siberia-80deg-extreme-wpd-mini.jpg\" \/>\n\t<meta property=\"og:image:width\" content=\"500\" \/>\n\t<meta property=\"og:image:height\" content=\"500\" \/>\n\t<meta property=\"og:image:type\" content=\"image\/jpeg\" \/>\n<meta name=\"twitter:card\" content=\"summary_large_image\" \/>\n<meta name=\"twitter:label1\" content=\"Dur\u00e9e de lecture estim\u00e9e\" \/>\n\t<meta name=\"twitter:data1\" content=\"2 minutes\" \/>\n<script type=\"application\/ld+json\" class=\"yoast-schema-graph\">{\"@context\":\"https:\\\/\\\/schema.org\",\"@graph\":[{\"@type\":\"WebPage\",\"@id\":\"https:\\\/\\\/www.tabakversand.ch\\\/fr\\\/produit\\\/siberie-80c-snus-extreme-white-dry-mini-portion-1-x-10-pieces\\\/\",\"url\":\"https:\\\/\\\/www.tabakversand.ch\\\/fr\\\/produit\\\/siberie-80c-snus-extreme-white-dry-mini-portion-1-x-10-pieces\\\/\",\"name\":\"Sib\u00e9rie - 80\u00b0C. Snus Extreme White Dry Mini Portion 1 x 10 pi\u00e8ces\",\"isPartOf\":{\"@id\":\"https:\\\/\\\/www.tabakversand.ch\\\/#website\"},\"primaryImageOfPage\":{\"@id\":\"https:\\\/\\\/www.tabakversand.ch\\\/fr\\\/produit\\\/siberie-80c-snus-extreme-white-dry-mini-portion-1-x-10-pieces\\\/#primaryimage\"},\"image\":{\"@id\":\"https:\\\/\\\/www.tabakversand.ch\\\/fr\\\/produit\\\/siberie-80c-snus-extreme-white-dry-mini-portion-1-x-10-pieces\\\/#primaryimage\"},\"thumbnailUrl\":\"https:\\\/\\\/www.tabakversand.ch\\\/wp-content\\\/uploads\\\/2023\\\/09\\\/siberia-80deg-extreme-wpd-mini.jpg\",\"datePublished\":\"2023-09-14T15:44:55+00:00\",\"dateModified\":\"2025-09-17T09:51:35+00:00\",\"description\":\"Siberia - 80 Degree Extreme White Dry Mini Portion Snus 1 x 10 pi\u00e8ces | Un grand choix de produits du tabac, de cigarettes \u00e9lectroniques et d'accessoires pour fumeurs dans toute la Suisse | Cartes accept\u00e9es !\",\"breadcrumb\":{\"@id\":\"https:\\\/\\\/www.tabakversand.ch\\\/fr\\\/produit\\\/siberie-80c-snus-extreme-white-dry-mini-portion-1-x-10-pieces\\\/#breadcrumb\"},\"inLanguage\":\"fr-FR\",\"potentialAction\":[{\"@type\":\"ReadAction\",\"target\":[\"https:\\\/\\\/www.tabakversand.ch\\\/fr\\\/produit\\\/siberie-80c-snus-extreme-white-dry-mini-portion-1-x-10-pieces\\\/\"]}]},{\"@type\":\"ImageObject\",\"inLanguage\":\"fr-FR\",\"@id\":\"https:\\\/\\\/www.tabakversand.ch\\\/fr\\\/produit\\\/siberie-80c-snus-extreme-white-dry-mini-portion-1-x-10-pieces\\\/#primaryimage\",\"url\":\"https:\\\/\\\/www.tabakversand.ch\\\/wp-content\\\/uploads\\\/2023\\\/09\\\/siberia-80deg-extreme-wpd-mini.jpg\",\"contentUrl\":\"https:\\\/\\\/www.tabakversand.ch\\\/wp-content\\\/uploads\\\/2023\\\/09\\\/siberia-80deg-extreme-wpd-mini.jpg\",\"width\":500,\"height\":500,\"caption\":\"Siberia - 80\u00b0C Extreme White Dry Mini Portion Snus, 1 x 10 pi\u00e8ces | tabakversand.ch\"},{\"@type\":\"BreadcrumbList\",\"@id\":\"https:\\\/\\\/www.tabakversand.ch\\\/fr\\\/produit\\\/siberie-80c-snus-extreme-white-dry-mini-portion-1-x-10-pieces\\\/#breadcrumb\",\"itemListElement\":[{\"@type\":\"ListItem\",\"position\":1,\"name\":\"Startseite\",\"item\":\"https:\\\/\\\/www.tabakversand.ch\\\/\"},{\"@type\":\"ListItem\",\"position\":2,\"name\":\"Boutique\",\"item\":\"https:\\\/\\\/www.tabakversand.ch\\\/fr\\\/boutique\\\/\"},{\"@type\":\"ListItem\",\"position\":3,\"name\":\"Sib\u00e9rie &#8211; 80\u00b0C. Snus Extreme White Dry Mini Portion 1 x 10 pi\u00e8ces\"}]},{\"@type\":\"WebSite\",\"@id\":\"https:\\\/\\\/www.tabakversand.ch\\\/#website\",\"url\":\"https:\\\/\\\/www.tabakversand.ch\\\/\",\"name\":\"Tabakversand.ch | Alles aus der Welt des Tabaks\",\"description\":\"Smoke and carpe diem\",\"potentialAction\":[{\"@type\":\"SearchAction\",\"target\":{\"@type\":\"EntryPoint\",\"urlTemplate\":\"https:\\\/\\\/www.tabakversand.ch\\\/?s={search_term_string}\"},\"query-input\":{\"@type\":\"PropertyValueSpecification\",\"valueRequired\":true,\"valueName\":\"search_term_string\"}}],\"inLanguage\":\"fr-FR\"}]}<\/script>\n<!-- \/ Yoast SEO plugin. -->","yoast_head_json":{"title":"Sib\u00e9rie - 80\u00b0C. Snus Extreme White Dry Mini Portion 1 x 10 pi\u00e8ces","description":"Siberia - 80 Degree Extreme White Dry Mini Portion Snus 1 x 10 pi\u00e8ces | Un grand choix de produits du tabac, de cigarettes \u00e9lectroniques et d'accessoires pour fumeurs dans toute la Suisse | Cartes accept\u00e9es !","robots":{"index":"index","follow":"follow","max-snippet":"max-snippet:-1","max-image-preview":"max-image-preview:large","max-video-preview":"max-video-preview:-1"},"canonical":"https:\/\/www.tabakversand.ch\/fr\/produit\/siberie-80c-snus-extreme-white-dry-mini-portion-1-x-10-pieces\/","og_locale":"fr_FR","og_type":"article","og_title":"Sib\u00e9rie - 80\u00b0C. Snus Extreme White Dry Mini Portion 1 x 10 pi\u00e8ces","og_description":"Siberia - 80 Degree Extreme White Dry Mini Portion Snus 1 x 10 pi\u00e8ces | Un grand choix de produits du tabac, de cigarettes \u00e9lectroniques et d'accessoires pour fumeurs dans toute la Suisse | Cartes accept\u00e9es !","og_url":"https:\/\/www.tabakversand.ch\/fr\/produit\/siberie-80c-snus-extreme-white-dry-mini-portion-1-x-10-pieces\/","og_site_name":"Tabakversand.ch | Alles aus der Welt des Tabaks","article_modified_time":"2025-09-17T09:51:35+00:00","og_image":[{"width":500,"height":500,"url":"http:\/\/www.tabakversand.ch\/wp-content\/uploads\/2023\/09\/siberia-80deg-extreme-wpd-mini.jpg","type":"image\/jpeg"}],"twitter_card":"summary_large_image","twitter_misc":{"Dur\u00e9e de lecture estim\u00e9e":"2 minutes"},"schema":{"@context":"https:\/\/schema.org","@graph":[{"@type":"WebPage","@id":"https:\/\/www.tabakversand.ch\/fr\/produit\/siberie-80c-snus-extreme-white-dry-mini-portion-1-x-10-pieces\/","url":"https:\/\/www.tabakversand.ch\/fr\/produit\/siberie-80c-snus-extreme-white-dry-mini-portion-1-x-10-pieces\/","name":"Sib\u00e9rie - 80\u00b0C. Snus Extreme White Dry Mini Portion 1 x 10 pi\u00e8ces","isPartOf":{"@id":"https:\/\/www.tabakversand.ch\/#website"},"primaryImageOfPage":{"@id":"https:\/\/www.tabakversand.ch\/fr\/produit\/siberie-80c-snus-extreme-white-dry-mini-portion-1-x-10-pieces\/#primaryimage"},"image":{"@id":"https:\/\/www.tabakversand.ch\/fr\/produit\/siberie-80c-snus-extreme-white-dry-mini-portion-1-x-10-pieces\/#primaryimage"},"thumbnailUrl":"https:\/\/www.tabakversand.ch\/wp-content\/uploads\/2023\/09\/siberia-80deg-extreme-wpd-mini.jpg","datePublished":"2023-09-14T15:44:55+00:00","dateModified":"2025-09-17T09:51:35+00:00","description":"Siberia - 80 Degree Extreme White Dry Mini Portion Snus 1 x 10 pi\u00e8ces | Un grand choix de produits du tabac, de cigarettes \u00e9lectroniques et d'accessoires pour fumeurs dans toute la Suisse | Cartes accept\u00e9es !","breadcrumb":{"@id":"https:\/\/www.tabakversand.ch\/fr\/produit\/siberie-80c-snus-extreme-white-dry-mini-portion-1-x-10-pieces\/#breadcrumb"},"inLanguage":"fr-FR","potentialAction":[{"@type":"ReadAction","target":["https:\/\/www.tabakversand.ch\/fr\/produit\/siberie-80c-snus-extreme-white-dry-mini-portion-1-x-10-pieces\/"]}]},{"@type":"ImageObject","inLanguage":"fr-FR","@id":"https:\/\/www.tabakversand.ch\/fr\/produit\/siberie-80c-snus-extreme-white-dry-mini-portion-1-x-10-pieces\/#primaryimage","url":"https:\/\/www.tabakversand.ch\/wp-content\/uploads\/2023\/09\/siberia-80deg-extreme-wpd-mini.jpg","contentUrl":"https:\/\/www.tabakversand.ch\/wp-content\/uploads\/2023\/09\/siberia-80deg-extreme-wpd-mini.jpg","width":500,"height":500,"caption":"Siberia - 80\u00b0C Extreme White Dry Mini Portion Snus, 1 x 10 pi\u00e8ces | tabakversand.ch"},{"@type":"BreadcrumbList","@id":"https:\/\/www.tabakversand.ch\/fr\/produit\/siberie-80c-snus-extreme-white-dry-mini-portion-1-x-10-pieces\/#breadcrumb","itemListElement":[{"@type":"ListItem","position":1,"name":"Startseite","item":"https:\/\/www.tabakversand.ch\/"},{"@type":"ListItem","position":2,"name":"Boutique","item":"https:\/\/www.tabakversand.ch\/fr\/boutique\/"},{"@type":"ListItem","position":3,"name":"Sib\u00e9rie &#8211; 80\u00b0C. Snus Extreme White Dry Mini Portion 1 x 10 pi\u00e8ces"}]},{"@type":"WebSite","@id":"https:\/\/www.tabakversand.ch\/#website","url":"https:\/\/www.tabakversand.ch\/","name":"Tabakversand.ch | Alles aus der Welt des Tabaks","description":"Smoke and carpe diem","potentialAction":[{"@type":"SearchAction","target":{"@type":"EntryPoint","urlTemplate":"https:\/\/www.tabakversand.ch\/?s={search_term_string}"},"query-input":{"@type":"PropertyValueSpecification","valueRequired":true,"valueName":"search_term_string"}}],"inLanguage":"fr-FR"}]}},"_links":{"self":[{"href":"https:\/\/www.tabakversand.ch\/fr\/wp-json\/wp\/v2\/product\/124304","targetHints":{"allow":["GET"]}}],"collection":[{"href":"https:\/\/www.tabakversand.ch\/fr\/wp-json\/wp\/v2\/product"}],"about":[{"href":"https:\/\/www.tabakversand.ch\/fr\/wp-json\/wp\/v2\/types\/product"}],"version-history":[{"count":5,"href":"https:\/\/www.tabakversand.ch\/fr\/wp-json\/wp\/v2\/product\/124304\/revisions"}],"predecessor-version":[{"id":200250,"href":"https:\/\/www.tabakversand.ch\/fr\/wp-json\/wp\/v2\/product\/124304\/revisions\/200250"}],"wp:featuredmedia":[{"embeddable":true,"href":"https:\/\/www.tabakversand.ch\/fr\/wp-json\/wp\/v2\/media\/200243"}],"wp:attachment":[{"href":"https:\/\/www.tabakversand.ch\/fr\/wp-json\/wp\/v2\/media?parent=124304"}],"wp:term":[{"taxonomy":"product_brand","embeddable":true,"href":"https:\/\/www.tabakversand.ch\/fr\/wp-json\/wp\/v2\/product_brand?post=124304"},{"taxonomy":"product_cat","embeddable":true,"href":"https:\/\/www.tabakversand.ch\/fr\/wp-json\/wp\/v2\/product_cat?post=124304"},{"taxonomy":"product_tag","embeddable":true,"href":"https:\/\/www.tabakversand.ch\/fr\/wp-json\/wp\/v2\/product_tag?post=124304"}],"curies":[{"name":"wp","href":"https:\/\/api.w.org\/{rel}","templated":true}]}}