{"id":124439,"date":"2023-09-14T17:37:23","date_gmt":"2023-09-14T15:37:23","guid":{"rendered":"https:\/\/www.tabakversand.ch\/?post_type=product&#038;p=124439"},"modified":"2025-12-11T13:16:59","modified_gmt":"2025-12-11T12:16:59","slug":"fines-portions-de-snus-froid","status":"publish","type":"product","link":"https:\/\/www.tabakversand.ch\/fr\/produit\/fines-portions-de-snus-froid\/","title":{"rendered":"Portions de snus minces tout blancs froids et chics"},"content":{"rendered":"<p>Portions de snus minces tout blancs froids et chics<\/p>\n<p>14 g<\/p>\n<p>Edelweiss Snus \u00abCold\u00bb est actuellement le snus tout blanc le plus fort du march\u00e9 suisse. Le m\u00e9lange unique de menthe et de menthol avec un booster de fra\u00eecheur suppl\u00e9mentaire, associ\u00e9 \u00e0 20 mg\/g de nicotine, en fait une excellente exp\u00e9rience \u00ab\u00a0froide\u00a0\u00bb. Tous les snus Edelweiss sont au format slim et tiennent donc sous toutes les l\u00e8vres.<\/p>\n<p>Propri\u00e9t\u00e9s:<\/p>\n<p>Force : 4\/4<\/p>\n<p>Type : Snus tout blanc<\/p>\n<p>Sacs par bo\u00eete : 22 pi\u00e8ces.<\/p>\n<p>Format : pochette fine<\/p>\n<p>Teneur en nicotine : 20mg\/g<\/p>\n<p>Tous les prix s&rsquo;appliquent uniquement aux commandes en ligne et incluent la TVA. Sous r\u00e9serve de modifications sans pr\u00e9avis, frais de livraison en sus. Sous r\u00e9serve d&rsquo;erreurs, de modifications de contenu de livraison et de conception, de fautes d&rsquo;impression et de modifications de prix. Les prix barr\u00e9s sont des prix de remplacement. Les illustrations peuvent diff\u00e9rer de l&rsquo;original\/du contenu de livraison.<br \/>\n*Livraison gratuite pour les commandes sup\u00e9rieures \u00e0 CHF 250.-.<\/p>\n","protected":false},"excerpt":{"rendered":"<p>Portions de snus minces tout blancs froids et chics 14 g Edelweiss Snus \u00abCold\u00bb est actuellement le snus tout blanc le plus fort du march\u00e9 suisse. Le m\u00e9lange unique de menthe et de menthol avec un booster de fra\u00eecheur suppl\u00e9mentaire, associ\u00e9 \u00e0 20 mg\/g de nicotine, en fait une excellente exp\u00e9rience \u00ab\u00a0froide\u00a0\u00bb. Tous les snus [&hellip;]<\/p>\n","protected":false},"featured_media":135636,"template":"","meta":[],"product_brand":[],"product_cat":[4564,1888,1903,1900],"product_tag":[],"class_list":{"0":"post-124439","1":"product","2":"type-product","3":"status-publish","4":"has-post-thumbnail","6":"product_cat-snus-en-sachet","7":"product_cat-tabac","8":"product_cat-tabac-a-macher-snus","9":"product_cat-tabac-a-macher-snus-dans-un-sac","11":"first","12":"onbackorder","13":"purchasable","14":"product-type-simple"},"yoast_head":"<!-- This site is optimized with the Yoast SEO plugin v27.0 - https:\/\/yoast.com\/product\/yoast-seo-wordpress\/ -->\n<title>Portions de snus minces tout blancs froids et chics - tabakversand.ch<\/title>\n<meta name=\"description\" content=\"Noble Cold All White Slim Snus Portions | Un tr\u00e8s grand choix de produits du tabac, e-smoke et ustensiles pour fumer dans toute la Suisse | Cartes accept\u00e9es !\" \/>\n<meta name=\"robots\" content=\"index, follow, max-snippet:-1, max-image-preview:large, max-video-preview:-1\" \/>\n<link rel=\"canonical\" href=\"https:\/\/www.tabakversand.ch\/fr\/produit\/fines-portions-de-snus-froid\/\" \/>\n<meta property=\"og:locale\" content=\"fr_FR\" \/>\n<meta property=\"og:type\" content=\"article\" \/>\n<meta property=\"og:title\" content=\"Portions de snus minces tout blancs froids et chics - tabakversand.ch\" \/>\n<meta property=\"og:description\" content=\"Noble Cold All White Slim Snus Portions | Un tr\u00e8s grand choix de produits du tabac, e-smoke et ustensiles pour fumer dans toute la Suisse | Cartes accept\u00e9es !\" \/>\n<meta property=\"og:url\" content=\"https:\/\/www.tabakversand.ch\/fr\/produit\/fines-portions-de-snus-froid\/\" \/>\n<meta property=\"og:site_name\" content=\"Tabakversand.ch | Alles aus der Welt des Tabaks\" \/>\n<meta property=\"article:modified_time\" content=\"2025-12-11T12:16:59+00:00\" \/>\n<meta property=\"og:image\" content=\"https:\/\/www.tabakversand.ch\/wp-content\/uploads\/2022\/12\/edelweiss-cold_.jpg\" \/>\n\t<meta property=\"og:image:width\" content=\"500\" \/>\n\t<meta property=\"og:image:height\" content=\"500\" \/>\n\t<meta property=\"og:image:type\" content=\"image\/jpeg\" \/>\n<meta name=\"twitter:card\" content=\"summary_large_image\" \/>\n<meta name=\"twitter:label1\" content=\"Dur\u00e9e de lecture estim\u00e9e\" \/>\n\t<meta name=\"twitter:data1\" content=\"1 minute\" \/>\n<script type=\"application\/ld+json\" class=\"yoast-schema-graph\">{\"@context\":\"https:\/\/schema.org\",\"@graph\":[{\"@type\":\"WebPage\",\"@id\":\"https:\/\/www.tabakversand.ch\/fr\/produit\/fines-portions-de-snus-froid\/\",\"url\":\"https:\/\/www.tabakversand.ch\/fr\/produit\/fines-portions-de-snus-froid\/\",\"name\":\"Portions de snus minces tout blancs froids et chics - tabakversand.ch\",\"isPartOf\":{\"@id\":\"https:\/\/www.tabakversand.ch\/#website\"},\"primaryImageOfPage\":{\"@id\":\"https:\/\/www.tabakversand.ch\/fr\/produit\/fines-portions-de-snus-froid\/#primaryimage\"},\"image\":{\"@id\":\"https:\/\/www.tabakversand.ch\/fr\/produit\/fines-portions-de-snus-froid\/#primaryimage\"},\"thumbnailUrl\":\"https:\/\/www.tabakversand.ch\/wp-content\/uploads\/2022\/12\/edelweiss-cold_.jpg\",\"datePublished\":\"2023-09-14T15:37:23+00:00\",\"dateModified\":\"2025-12-11T12:16:59+00:00\",\"description\":\"Noble Cold All White Slim Snus Portions | Un tr\u00e8s grand choix de produits du tabac, e-smoke et ustensiles pour fumer dans toute la Suisse | Cartes accept\u00e9es !\",\"breadcrumb\":{\"@id\":\"https:\/\/www.tabakversand.ch\/fr\/produit\/fines-portions-de-snus-froid\/#breadcrumb\"},\"inLanguage\":\"fr-FR\",\"potentialAction\":[{\"@type\":\"ReadAction\",\"target\":[\"https:\/\/www.tabakversand.ch\/fr\/produit\/fines-portions-de-snus-froid\/\"]}]},{\"@type\":\"ImageObject\",\"inLanguage\":\"fr-FR\",\"@id\":\"https:\/\/www.tabakversand.ch\/fr\/produit\/fines-portions-de-snus-froid\/#primaryimage\",\"url\":\"https:\/\/www.tabakversand.ch\/wp-content\/uploads\/2022\/12\/edelweiss-cold_.jpg\",\"contentUrl\":\"https:\/\/www.tabakversand.ch\/wp-content\/uploads\/2022\/12\/edelweiss-cold_.jpg\",\"width\":500,\"height\":500,\"caption\":\"Snus Slim All White Noble Cold | Tabakversand.ch\"},{\"@type\":\"BreadcrumbList\",\"@id\":\"https:\/\/www.tabakversand.ch\/fr\/produit\/fines-portions-de-snus-froid\/#breadcrumb\",\"itemListElement\":[{\"@type\":\"ListItem\",\"position\":1,\"name\":\"Startseite\",\"item\":\"https:\/\/www.tabakversand.ch\/\"},{\"@type\":\"ListItem\",\"position\":2,\"name\":\"Boutique\",\"item\":\"https:\/\/www.tabakversand.ch\/fr\/boutique\/\"},{\"@type\":\"ListItem\",\"position\":3,\"name\":\"Portions de snus minces tout blancs froids et chics\"}]},{\"@type\":\"WebSite\",\"@id\":\"https:\/\/www.tabakversand.ch\/#website\",\"url\":\"https:\/\/www.tabakversand.ch\/\",\"name\":\"Tabakversand.ch | Alles aus der Welt des Tabaks\",\"description\":\"Smoke and carpe diem\",\"potentialAction\":[{\"@type\":\"SearchAction\",\"target\":{\"@type\":\"EntryPoint\",\"urlTemplate\":\"https:\/\/www.tabakversand.ch\/?s={search_term_string}\"},\"query-input\":{\"@type\":\"PropertyValueSpecification\",\"valueRequired\":true,\"valueName\":\"search_term_string\"}}],\"inLanguage\":\"fr-FR\"}]}<\/script>\n<!-- \/ Yoast SEO plugin. -->","yoast_head_json":{"title":"Portions de snus minces tout blancs froids et chics - tabakversand.ch","description":"Noble Cold All White Slim Snus Portions | Un tr\u00e8s grand choix de produits du tabac, e-smoke et ustensiles pour fumer dans toute la Suisse | Cartes accept\u00e9es !","robots":{"index":"index","follow":"follow","max-snippet":"max-snippet:-1","max-image-preview":"max-image-preview:large","max-video-preview":"max-video-preview:-1"},"canonical":"https:\/\/www.tabakversand.ch\/fr\/produit\/fines-portions-de-snus-froid\/","og_locale":"fr_FR","og_type":"article","og_title":"Portions de snus minces tout blancs froids et chics - tabakversand.ch","og_description":"Noble Cold All White Slim Snus Portions | Un tr\u00e8s grand choix de produits du tabac, e-smoke et ustensiles pour fumer dans toute la Suisse | Cartes accept\u00e9es !","og_url":"https:\/\/www.tabakversand.ch\/fr\/produit\/fines-portions-de-snus-froid\/","og_site_name":"Tabakversand.ch | Alles aus der Welt des Tabaks","article_modified_time":"2025-12-11T12:16:59+00:00","og_image":[{"width":500,"height":500,"url":"https:\/\/www.tabakversand.ch\/wp-content\/uploads\/2022\/12\/edelweiss-cold_.jpg","type":"image\/jpeg"}],"twitter_card":"summary_large_image","twitter_misc":{"Dur\u00e9e de lecture estim\u00e9e":"1 minute"},"schema":{"@context":"https:\/\/schema.org","@graph":[{"@type":"WebPage","@id":"https:\/\/www.tabakversand.ch\/fr\/produit\/fines-portions-de-snus-froid\/","url":"https:\/\/www.tabakversand.ch\/fr\/produit\/fines-portions-de-snus-froid\/","name":"Portions de snus minces tout blancs froids et chics - tabakversand.ch","isPartOf":{"@id":"https:\/\/www.tabakversand.ch\/#website"},"primaryImageOfPage":{"@id":"https:\/\/www.tabakversand.ch\/fr\/produit\/fines-portions-de-snus-froid\/#primaryimage"},"image":{"@id":"https:\/\/www.tabakversand.ch\/fr\/produit\/fines-portions-de-snus-froid\/#primaryimage"},"thumbnailUrl":"https:\/\/www.tabakversand.ch\/wp-content\/uploads\/2022\/12\/edelweiss-cold_.jpg","datePublished":"2023-09-14T15:37:23+00:00","dateModified":"2025-12-11T12:16:59+00:00","description":"Noble Cold All White Slim Snus Portions | Un tr\u00e8s grand choix de produits du tabac, e-smoke et ustensiles pour fumer dans toute la Suisse | Cartes accept\u00e9es !","breadcrumb":{"@id":"https:\/\/www.tabakversand.ch\/fr\/produit\/fines-portions-de-snus-froid\/#breadcrumb"},"inLanguage":"fr-FR","potentialAction":[{"@type":"ReadAction","target":["https:\/\/www.tabakversand.ch\/fr\/produit\/fines-portions-de-snus-froid\/"]}]},{"@type":"ImageObject","inLanguage":"fr-FR","@id":"https:\/\/www.tabakversand.ch\/fr\/produit\/fines-portions-de-snus-froid\/#primaryimage","url":"https:\/\/www.tabakversand.ch\/wp-content\/uploads\/2022\/12\/edelweiss-cold_.jpg","contentUrl":"https:\/\/www.tabakversand.ch\/wp-content\/uploads\/2022\/12\/edelweiss-cold_.jpg","width":500,"height":500,"caption":"Snus Slim All White Noble Cold | Tabakversand.ch"},{"@type":"BreadcrumbList","@id":"https:\/\/www.tabakversand.ch\/fr\/produit\/fines-portions-de-snus-froid\/#breadcrumb","itemListElement":[{"@type":"ListItem","position":1,"name":"Startseite","item":"https:\/\/www.tabakversand.ch\/"},{"@type":"ListItem","position":2,"name":"Boutique","item":"https:\/\/www.tabakversand.ch\/fr\/boutique\/"},{"@type":"ListItem","position":3,"name":"Portions de snus minces tout blancs froids et chics"}]},{"@type":"WebSite","@id":"https:\/\/www.tabakversand.ch\/#website","url":"https:\/\/www.tabakversand.ch\/","name":"Tabakversand.ch | Alles aus der Welt des Tabaks","description":"Smoke and carpe diem","potentialAction":[{"@type":"SearchAction","target":{"@type":"EntryPoint","urlTemplate":"https:\/\/www.tabakversand.ch\/?s={search_term_string}"},"query-input":{"@type":"PropertyValueSpecification","valueRequired":true,"valueName":"search_term_string"}}],"inLanguage":"fr-FR"}]}},"_links":{"self":[{"href":"https:\/\/www.tabakversand.ch\/fr\/wp-json\/wp\/v2\/product\/124439","targetHints":{"allow":["GET"]}}],"collection":[{"href":"https:\/\/www.tabakversand.ch\/fr\/wp-json\/wp\/v2\/product"}],"about":[{"href":"https:\/\/www.tabakversand.ch\/fr\/wp-json\/wp\/v2\/types\/product"}],"version-history":[{"count":5,"href":"https:\/\/www.tabakversand.ch\/fr\/wp-json\/wp\/v2\/product\/124439\/revisions"}],"predecessor-version":[{"id":207579,"href":"https:\/\/www.tabakversand.ch\/fr\/wp-json\/wp\/v2\/product\/124439\/revisions\/207579"}],"wp:featuredmedia":[{"embeddable":true,"href":"https:\/\/www.tabakversand.ch\/fr\/wp-json\/wp\/v2\/media\/135636"}],"wp:attachment":[{"href":"https:\/\/www.tabakversand.ch\/fr\/wp-json\/wp\/v2\/media?parent=124439"}],"wp:term":[{"taxonomy":"product_brand","embeddable":true,"href":"https:\/\/www.tabakversand.ch\/fr\/wp-json\/wp\/v2\/product_brand?post=124439"},{"taxonomy":"product_cat","embeddable":true,"href":"https:\/\/www.tabakversand.ch\/fr\/wp-json\/wp\/v2\/product_cat?post=124439"},{"taxonomy":"product_tag","embeddable":true,"href":"https:\/\/www.tabakversand.ch\/fr\/wp-json\/wp\/v2\/product_tag?post=124439"}],"curies":[{"name":"wp","href":"https:\/\/api.w.org\/{rel}","templated":true}]}}