{"id":124589,"date":"2023-09-14T13:49:20","date_gmt":"2023-09-14T11:49:20","guid":{"rendered":"https:\/\/www.tabakversand.ch\/?post_type=product&#038;p=124589"},"modified":"2023-09-14T13:49:23","modified_gmt":"2023-09-14T11:49:23","slug":"sonnenfeld-marie-anna-cbd-hash-red-lebanese-3-gr","status":"publish","type":"product","link":"https:\/\/www.tabakversand.ch\/fr\/produit\/sonnenfeld-marie-anna-cbd-hash-red-lebanese-3-gr\/","title":{"rendered":"Sunfield Marie &amp; Anna CBD hash rouge libanais 3 gr."},"content":{"rendered":"<p>Sunfield Marie &amp; Anna CBD hash rouge libanais 3 gr.<\/p>\n<p>L\u2019ar\u00f4me ravit avec une l\u00e9g\u00e8re note d\u2019agrumes. Lorsqu\u2019il est utilis\u00e9 correctement, le haschisch contenant du CBD peut avoir un effet calmant, analg\u00e9sique, antipsychotique et anxiolytique. Avec sa teneur en CBD de 28%, \u00ab&nbsp;Red Lebanese&nbsp;\u00bb est l\u2019une des vari\u00e9t\u00e9s de haschisch les plus puissantes.<\/p>\n<p>CBD &lt;28% \/ THC &lt;1%<\/p>\n<p>Tous les prix ne sont valables que pour les commandes en ligne et comprennent La TVA, sont sujettes \u00e0 changement plus la TVA. Frais d\u2019exp\u00e9dition. Erreurs, changements dans l\u2019\u00e9tendue de la livraison et de la conception, erreurs d\u2019impression et changements de prix r\u00e9serv\u00e9s. Les prix barr\u00e9s sont stattpreise. L\u2019illustration peut diff\u00e9rer de l\u2019original \/ de la port\u00e9e de la livraison.<br \/>\n*Livraison gratuite \u00e0 partir de CHF 250.- valeur de la commande.<\/p>\n","protected":false},"excerpt":{"rendered":"<p>Sunfield Marie &amp; Anna CBD hash rouge libanais 3 gr. L\u2019ar\u00f4me ravit avec une l\u00e9g\u00e8re note d\u2019agrumes. Lorsqu\u2019il est utilis\u00e9 correctement, le haschisch contenant du CBD peut avoir un effet calmant, analg\u00e9sique, antipsychotique et anxiolytique. Avec sa teneur en CBD de 28%, \u00ab&nbsp;Red Lebanese&nbsp;\u00bb est l\u2019une des vari\u00e9t\u00e9s de haschisch les plus puissantes. CBD &lt;28% [&hellip;]<\/p>\n","protected":false},"featured_media":124593,"template":"","meta":[],"product_brand":[1768],"product_cat":[2101,1995],"product_tag":[],"class_list":{"0":"post-124589","1":"product","2":"type-product","3":"status-publish","4":"has-post-thumbnail","6":"product_brand-sonnenfeld","7":"product_cat-chanvre-cbd","8":"product_cat-divers-headshop","10":"first","11":"onbackorder","12":"purchasable","13":"product-type-simple"},"yoast_head":"<!-- This site is optimized with the Yoast SEO plugin v27.0 - https:\/\/yoast.com\/product\/yoast-seo-wordpress\/ -->\n<title>Sunfield Marie &amp; Anna CBD hash rouge libanais 3 gr.<\/title>\n<meta name=\"description\" content=\"Sunfield Marie &amp; Anna CBD hash rouge libanais 3 gr. | Une large gamme de produits du tabac dans toute la Suisse | Cartes accept\u00e9es!\" \/>\n<meta name=\"robots\" content=\"index, follow, max-snippet:-1, max-image-preview:large, max-video-preview:-1\" \/>\n<link rel=\"canonical\" href=\"https:\/\/www.tabakversand.ch\/fr\/produit\/sonnenfeld-marie-anna-cbd-hash-red-lebanese-3-gr\/\" \/>\n<meta property=\"og:locale\" content=\"fr_FR\" \/>\n<meta property=\"og:type\" content=\"article\" \/>\n<meta property=\"og:title\" content=\"Sunfield Marie &amp; Anna CBD hash rouge libanais 3 gr.\" \/>\n<meta property=\"og:description\" content=\"Sunfield Marie &amp; Anna CBD hash rouge libanais 3 gr. | Une large gamme de produits du tabac dans toute la Suisse | Cartes accept\u00e9es!\" \/>\n<meta property=\"og:url\" content=\"https:\/\/www.tabakversand.ch\/fr\/produit\/sonnenfeld-marie-anna-cbd-hash-red-lebanese-3-gr\/\" \/>\n<meta property=\"og:site_name\" content=\"Tabakversand.ch | Alles aus der Welt des Tabaks\" \/>\n<meta property=\"article:modified_time\" content=\"2023-09-14T11:49:23+00:00\" \/>\n<meta property=\"og:image\" content=\"https:\/\/www.tabakversand.ch\/wp-content\/uploads\/2022\/12\/sonnenfeld-marie-anna-cbd-hasch-roter-libanese.jpg\" \/>\n\t<meta property=\"og:image:width\" content=\"500\" \/>\n\t<meta property=\"og:image:height\" content=\"500\" \/>\n\t<meta property=\"og:image:type\" content=\"image\/jpeg\" \/>\n<meta name=\"twitter:card\" content=\"summary_large_image\" \/>\n<meta name=\"twitter:label1\" content=\"Dur\u00e9e de lecture estim\u00e9e\" \/>\n\t<meta name=\"twitter:data1\" content=\"1 minute\" \/>\n<script type=\"application\/ld+json\" class=\"yoast-schema-graph\">{\"@context\":\"https:\/\/schema.org\",\"@graph\":[{\"@type\":\"WebPage\",\"@id\":\"https:\/\/www.tabakversand.ch\/fr\/produit\/sonnenfeld-marie-anna-cbd-hash-red-lebanese-3-gr\/\",\"url\":\"https:\/\/www.tabakversand.ch\/fr\/produit\/sonnenfeld-marie-anna-cbd-hash-red-lebanese-3-gr\/\",\"name\":\"Sunfield Marie &amp; Anna CBD hash rouge libanais 3 gr.\",\"isPartOf\":{\"@id\":\"https:\/\/www.tabakversand.ch\/#website\"},\"primaryImageOfPage\":{\"@id\":\"https:\/\/www.tabakversand.ch\/fr\/produit\/sonnenfeld-marie-anna-cbd-hash-red-lebanese-3-gr\/#primaryimage\"},\"image\":{\"@id\":\"https:\/\/www.tabakversand.ch\/fr\/produit\/sonnenfeld-marie-anna-cbd-hash-red-lebanese-3-gr\/#primaryimage\"},\"thumbnailUrl\":\"https:\/\/www.tabakversand.ch\/wp-content\/uploads\/2022\/12\/sonnenfeld-marie-anna-cbd-hasch-roter-libanese.jpg\",\"datePublished\":\"2023-09-14T11:49:20+00:00\",\"dateModified\":\"2023-09-14T11:49:23+00:00\",\"description\":\"Sunfield Marie & Anna CBD hash rouge libanais 3 gr. | Une large gamme de produits du tabac dans toute la Suisse | Cartes accept\u00e9es!\",\"breadcrumb\":{\"@id\":\"https:\/\/www.tabakversand.ch\/fr\/produit\/sonnenfeld-marie-anna-cbd-hash-red-lebanese-3-gr\/#breadcrumb\"},\"inLanguage\":\"fr-FR\",\"potentialAction\":[{\"@type\":\"ReadAction\",\"target\":[\"https:\/\/www.tabakversand.ch\/fr\/produit\/sonnenfeld-marie-anna-cbd-hash-red-lebanese-3-gr\/\"]}]},{\"@type\":\"ImageObject\",\"inLanguage\":\"fr-FR\",\"@id\":\"https:\/\/www.tabakversand.ch\/fr\/produit\/sonnenfeld-marie-anna-cbd-hash-red-lebanese-3-gr\/#primaryimage\",\"url\":\"https:\/\/www.tabakversand.ch\/wp-content\/uploads\/2022\/12\/sonnenfeld-marie-anna-cbd-hasch-roter-libanese.jpg\",\"contentUrl\":\"https:\/\/www.tabakversand.ch\/wp-content\/uploads\/2022\/12\/sonnenfeld-marie-anna-cbd-hasch-roter-libanese.jpg\",\"width\":500,\"height\":500,\"caption\":\"Sonnenfeld Marie & Anna CBD Hasch roter Libanese 3 gr.\"},{\"@type\":\"BreadcrumbList\",\"@id\":\"https:\/\/www.tabakversand.ch\/fr\/produit\/sonnenfeld-marie-anna-cbd-hash-red-lebanese-3-gr\/#breadcrumb\",\"itemListElement\":[{\"@type\":\"ListItem\",\"position\":1,\"name\":\"Startseite\",\"item\":\"https:\/\/www.tabakversand.ch\/\"},{\"@type\":\"ListItem\",\"position\":2,\"name\":\"Boutique\",\"item\":\"https:\/\/www.tabakversand.ch\/fr\/boutique\/\"},{\"@type\":\"ListItem\",\"position\":3,\"name\":\"Sunfield Marie &amp; Anna CBD hash rouge libanais 3 gr.\"}]},{\"@type\":\"WebSite\",\"@id\":\"https:\/\/www.tabakversand.ch\/#website\",\"url\":\"https:\/\/www.tabakversand.ch\/\",\"name\":\"Tabakversand.ch | Alles aus der Welt des Tabaks\",\"description\":\"Smoke and carpe diem\",\"potentialAction\":[{\"@type\":\"SearchAction\",\"target\":{\"@type\":\"EntryPoint\",\"urlTemplate\":\"https:\/\/www.tabakversand.ch\/?s={search_term_string}\"},\"query-input\":{\"@type\":\"PropertyValueSpecification\",\"valueRequired\":true,\"valueName\":\"search_term_string\"}}],\"inLanguage\":\"fr-FR\"}]}<\/script>\n<!-- \/ Yoast SEO plugin. -->","yoast_head_json":{"title":"Sunfield Marie &amp; Anna CBD hash rouge libanais 3 gr.","description":"Sunfield Marie & Anna CBD hash rouge libanais 3 gr. | Une large gamme de produits du tabac dans toute la Suisse | Cartes accept\u00e9es!","robots":{"index":"index","follow":"follow","max-snippet":"max-snippet:-1","max-image-preview":"max-image-preview:large","max-video-preview":"max-video-preview:-1"},"canonical":"https:\/\/www.tabakversand.ch\/fr\/produit\/sonnenfeld-marie-anna-cbd-hash-red-lebanese-3-gr\/","og_locale":"fr_FR","og_type":"article","og_title":"Sunfield Marie &amp; Anna CBD hash rouge libanais 3 gr.","og_description":"Sunfield Marie & Anna CBD hash rouge libanais 3 gr. | Une large gamme de produits du tabac dans toute la Suisse | Cartes accept\u00e9es!","og_url":"https:\/\/www.tabakversand.ch\/fr\/produit\/sonnenfeld-marie-anna-cbd-hash-red-lebanese-3-gr\/","og_site_name":"Tabakversand.ch | Alles aus der Welt des Tabaks","article_modified_time":"2023-09-14T11:49:23+00:00","og_image":[{"width":500,"height":500,"url":"https:\/\/www.tabakversand.ch\/wp-content\/uploads\/2022\/12\/sonnenfeld-marie-anna-cbd-hasch-roter-libanese.jpg","type":"image\/jpeg"}],"twitter_card":"summary_large_image","twitter_misc":{"Dur\u00e9e de lecture estim\u00e9e":"1 minute"},"schema":{"@context":"https:\/\/schema.org","@graph":[{"@type":"WebPage","@id":"https:\/\/www.tabakversand.ch\/fr\/produit\/sonnenfeld-marie-anna-cbd-hash-red-lebanese-3-gr\/","url":"https:\/\/www.tabakversand.ch\/fr\/produit\/sonnenfeld-marie-anna-cbd-hash-red-lebanese-3-gr\/","name":"Sunfield Marie &amp; Anna CBD hash rouge libanais 3 gr.","isPartOf":{"@id":"https:\/\/www.tabakversand.ch\/#website"},"primaryImageOfPage":{"@id":"https:\/\/www.tabakversand.ch\/fr\/produit\/sonnenfeld-marie-anna-cbd-hash-red-lebanese-3-gr\/#primaryimage"},"image":{"@id":"https:\/\/www.tabakversand.ch\/fr\/produit\/sonnenfeld-marie-anna-cbd-hash-red-lebanese-3-gr\/#primaryimage"},"thumbnailUrl":"https:\/\/www.tabakversand.ch\/wp-content\/uploads\/2022\/12\/sonnenfeld-marie-anna-cbd-hasch-roter-libanese.jpg","datePublished":"2023-09-14T11:49:20+00:00","dateModified":"2023-09-14T11:49:23+00:00","description":"Sunfield Marie & Anna CBD hash rouge libanais 3 gr. | Une large gamme de produits du tabac dans toute la Suisse | Cartes accept\u00e9es!","breadcrumb":{"@id":"https:\/\/www.tabakversand.ch\/fr\/produit\/sonnenfeld-marie-anna-cbd-hash-red-lebanese-3-gr\/#breadcrumb"},"inLanguage":"fr-FR","potentialAction":[{"@type":"ReadAction","target":["https:\/\/www.tabakversand.ch\/fr\/produit\/sonnenfeld-marie-anna-cbd-hash-red-lebanese-3-gr\/"]}]},{"@type":"ImageObject","inLanguage":"fr-FR","@id":"https:\/\/www.tabakversand.ch\/fr\/produit\/sonnenfeld-marie-anna-cbd-hash-red-lebanese-3-gr\/#primaryimage","url":"https:\/\/www.tabakversand.ch\/wp-content\/uploads\/2022\/12\/sonnenfeld-marie-anna-cbd-hasch-roter-libanese.jpg","contentUrl":"https:\/\/www.tabakversand.ch\/wp-content\/uploads\/2022\/12\/sonnenfeld-marie-anna-cbd-hasch-roter-libanese.jpg","width":500,"height":500,"caption":"Sonnenfeld Marie & Anna CBD Hasch roter Libanese 3 gr."},{"@type":"BreadcrumbList","@id":"https:\/\/www.tabakversand.ch\/fr\/produit\/sonnenfeld-marie-anna-cbd-hash-red-lebanese-3-gr\/#breadcrumb","itemListElement":[{"@type":"ListItem","position":1,"name":"Startseite","item":"https:\/\/www.tabakversand.ch\/"},{"@type":"ListItem","position":2,"name":"Boutique","item":"https:\/\/www.tabakversand.ch\/fr\/boutique\/"},{"@type":"ListItem","position":3,"name":"Sunfield Marie &amp; Anna CBD hash rouge libanais 3 gr."}]},{"@type":"WebSite","@id":"https:\/\/www.tabakversand.ch\/#website","url":"https:\/\/www.tabakversand.ch\/","name":"Tabakversand.ch | Alles aus der Welt des Tabaks","description":"Smoke and carpe diem","potentialAction":[{"@type":"SearchAction","target":{"@type":"EntryPoint","urlTemplate":"https:\/\/www.tabakversand.ch\/?s={search_term_string}"},"query-input":{"@type":"PropertyValueSpecification","valueRequired":true,"valueName":"search_term_string"}}],"inLanguage":"fr-FR"}]}},"_links":{"self":[{"href":"https:\/\/www.tabakversand.ch\/fr\/wp-json\/wp\/v2\/product\/124589","targetHints":{"allow":["GET"]}}],"collection":[{"href":"https:\/\/www.tabakversand.ch\/fr\/wp-json\/wp\/v2\/product"}],"about":[{"href":"https:\/\/www.tabakversand.ch\/fr\/wp-json\/wp\/v2\/types\/product"}],"version-history":[{"count":1,"href":"https:\/\/www.tabakversand.ch\/fr\/wp-json\/wp\/v2\/product\/124589\/revisions"}],"predecessor-version":[{"id":138042,"href":"https:\/\/www.tabakversand.ch\/fr\/wp-json\/wp\/v2\/product\/124589\/revisions\/138042"}],"wp:featuredmedia":[{"embeddable":true,"href":"https:\/\/www.tabakversand.ch\/fr\/wp-json\/wp\/v2\/media\/124593"}],"wp:attachment":[{"href":"https:\/\/www.tabakversand.ch\/fr\/wp-json\/wp\/v2\/media?parent=124589"}],"wp:term":[{"taxonomy":"product_brand","embeddable":true,"href":"https:\/\/www.tabakversand.ch\/fr\/wp-json\/wp\/v2\/product_brand?post=124589"},{"taxonomy":"product_cat","embeddable":true,"href":"https:\/\/www.tabakversand.ch\/fr\/wp-json\/wp\/v2\/product_cat?post=124589"},{"taxonomy":"product_tag","embeddable":true,"href":"https:\/\/www.tabakversand.ch\/fr\/wp-json\/wp\/v2\/product_tag?post=124589"}],"curies":[{"name":"wp","href":"https:\/\/api.w.org\/{rel}","templated":true}]}}