{"id":124654,"date":"2023-09-14T13:48:08","date_gmt":"2023-09-14T11:48:08","guid":{"rendered":"https:\/\/www.tabakversand.ch\/?post_type=product&#038;p=124654"},"modified":"2026-02-04T10:23:57","modified_gmt":"2026-02-04T09:23:57","slug":"herba-di-berna-mangue-haze-exterieur-45-gr","status":"publish","type":"product","link":"https:\/\/www.tabakversand.ch\/fr\/produit\/herba-di-berna-mangue-haze-exterieur-45-gr\/","title":{"rendered":"Herba di Berna Mango Haze Outdoor 45 gr."},"content":{"rendered":"<p>Herba di Berna Mango Haze Outdoor 45 gr.<\/p>\n<p>Une nouvelle vari\u00e9t\u00e9 populaire de CBD est la Mango Haze. La vari\u00e9t\u00e9 a \u00e9t\u00e9 r\u00e9compens\u00e9e cette ann\u00e9e et provient de Jim Seeds. Le chanvre CBD biologique est cultiv\u00e9 sur les pentes du Belpberg et rappelle la mangue et les agrumes avec son profil terp\u00e9nique. Le go\u00fbt intense de la mangue distingue cette vari\u00e9t\u00e9. La structure florale est compacte et les tailles de fleurs peuvent \u00eatre affich\u00e9es pour Swiss Outdoor.<\/p>\n<p>Des prix \u00e9quitables et la production naturelle de nos produits sont importants pour nous. Nos plantes sont donc exemptes de pesticides et d&rsquo;herbicides et sont s\u00e9ch\u00e9es en douceur.<br \/>\n En raison de la disponibilit\u00e9 saisonni\u00e8re, disponible en quantit\u00e9s limit\u00e9es.<\/p>\n<p>Tous les prix s&rsquo;appliquent uniquement aux commandes en ligne et incluent la TVA. Sous r\u00e9serve de modifications sans pr\u00e9avis, frais de livraison en sus. Sous r\u00e9serve d&rsquo;erreurs, de modifications de contenu de livraison et de conception, de fautes d&rsquo;impression et de modifications de prix. Les prix barr\u00e9s sont des prix de remplacement. Les illustrations peuvent diff\u00e9rer de l&rsquo;original\/du contenu de livraison.<br \/>\n*Livraison gratuite pour les commandes sup\u00e9rieures \u00e0 CHF 250.-.<\/p>\n","protected":false},"excerpt":{"rendered":"<p>Herba di Berna Mango Haze Outdoor 45 gr. Une nouvelle vari\u00e9t\u00e9 populaire de CBD est la Mango Haze. La vari\u00e9t\u00e9 a \u00e9t\u00e9 r\u00e9compens\u00e9e cette ann\u00e9e et provient de Jim Seeds. Le chanvre CBD biologique est cultiv\u00e9 sur les pentes du Belpberg et rappelle la mangue et les agrumes avec son profil terp\u00e9nique. Le go\u00fbt intense [&hellip;]<\/p>\n","protected":false},"featured_media":124658,"template":"","meta":[],"product_brand":[5239],"product_cat":[2101,1995],"product_tag":[],"class_list":{"0":"post-124654","1":"product","2":"type-product","3":"status-publish","4":"has-post-thumbnail","6":"product_brand-herba-di-berna","7":"product_cat-chanvre-cbd","8":"product_cat-divers-headshop","10":"first","11":"onbackorder","12":"purchasable","13":"product-type-simple"},"yoast_head":"<!-- This site is optimized with the Yoast SEO plugin v27.0 - https:\/\/yoast.com\/product\/yoast-seo-wordpress\/ -->\n<title>Herba di Berna Mango Haze Outdoor 45 gr. - tabakversand.ch<\/title>\n<meta name=\"description\" content=\"Herba di Berna Mango Haze Outdoor 45 gr. | Dans toute la Suisse, un tr\u00e8s grand choix de produits du tabac et d\u2019ustensiles | Cartes accept\u00e9es!\" \/>\n<meta name=\"robots\" content=\"index, follow, max-snippet:-1, max-image-preview:large, max-video-preview:-1\" \/>\n<link rel=\"canonical\" href=\"https:\/\/www.tabakversand.ch\/fr\/produit\/herba-di-berna-mangue-haze-exterieur-45-gr\/\" \/>\n<meta property=\"og:locale\" content=\"fr_FR\" \/>\n<meta property=\"og:type\" content=\"article\" \/>\n<meta property=\"og:title\" content=\"Herba di Berna Mango Haze Outdoor 45 gr. - tabakversand.ch\" \/>\n<meta property=\"og:description\" content=\"Herba di Berna Mango Haze Outdoor 45 gr. | Dans toute la Suisse, un tr\u00e8s grand choix de produits du tabac et d\u2019ustensiles | Cartes accept\u00e9es!\" \/>\n<meta property=\"og:url\" content=\"https:\/\/www.tabakversand.ch\/fr\/produit\/herba-di-berna-mangue-haze-exterieur-45-gr\/\" \/>\n<meta property=\"og:site_name\" content=\"Tabakversand.ch | Alles aus der Welt des Tabaks\" \/>\n<meta property=\"article:modified_time\" content=\"2026-02-04T09:23:57+00:00\" \/>\n<meta property=\"og:image\" content=\"https:\/\/www.tabakversand.ch\/wp-content\/uploads\/2022\/12\/herba-di-berna-mango-haze-outdoor.jpg\" \/>\n\t<meta property=\"og:image:width\" content=\"500\" \/>\n\t<meta property=\"og:image:height\" content=\"500\" \/>\n\t<meta property=\"og:image:type\" content=\"image\/jpeg\" \/>\n<meta name=\"twitter:card\" content=\"summary_large_image\" \/>\n<meta name=\"twitter:label1\" content=\"Dur\u00e9e de lecture estim\u00e9e\" \/>\n\t<meta name=\"twitter:data1\" content=\"1 minute\" \/>\n<script type=\"application\/ld+json\" class=\"yoast-schema-graph\">{\"@context\":\"https:\/\/schema.org\",\"@graph\":[{\"@type\":\"WebPage\",\"@id\":\"https:\/\/www.tabakversand.ch\/fr\/produit\/herba-di-berna-mangue-haze-exterieur-45-gr\/\",\"url\":\"https:\/\/www.tabakversand.ch\/fr\/produit\/herba-di-berna-mangue-haze-exterieur-45-gr\/\",\"name\":\"Herba di Berna Mango Haze Outdoor 45 gr. - tabakversand.ch\",\"isPartOf\":{\"@id\":\"https:\/\/www.tabakversand.ch\/#website\"},\"primaryImageOfPage\":{\"@id\":\"https:\/\/www.tabakversand.ch\/fr\/produit\/herba-di-berna-mangue-haze-exterieur-45-gr\/#primaryimage\"},\"image\":{\"@id\":\"https:\/\/www.tabakversand.ch\/fr\/produit\/herba-di-berna-mangue-haze-exterieur-45-gr\/#primaryimage\"},\"thumbnailUrl\":\"https:\/\/www.tabakversand.ch\/wp-content\/uploads\/2022\/12\/herba-di-berna-mango-haze-outdoor.jpg\",\"datePublished\":\"2023-09-14T11:48:08+00:00\",\"dateModified\":\"2026-02-04T09:23:57+00:00\",\"description\":\"Herba di Berna Mango Haze Outdoor 45 gr. | Dans toute la Suisse, un tr\u00e8s grand choix de produits du tabac et d\u2019ustensiles | Cartes accept\u00e9es!\",\"breadcrumb\":{\"@id\":\"https:\/\/www.tabakversand.ch\/fr\/produit\/herba-di-berna-mangue-haze-exterieur-45-gr\/#breadcrumb\"},\"inLanguage\":\"fr-FR\",\"potentialAction\":[{\"@type\":\"ReadAction\",\"target\":[\"https:\/\/www.tabakversand.ch\/fr\/produit\/herba-di-berna-mangue-haze-exterieur-45-gr\/\"]}]},{\"@type\":\"ImageObject\",\"inLanguage\":\"fr-FR\",\"@id\":\"https:\/\/www.tabakversand.ch\/fr\/produit\/herba-di-berna-mangue-haze-exterieur-45-gr\/#primaryimage\",\"url\":\"https:\/\/www.tabakversand.ch\/wp-content\/uploads\/2022\/12\/herba-di-berna-mango-haze-outdoor.jpg\",\"contentUrl\":\"https:\/\/www.tabakversand.ch\/wp-content\/uploads\/2022\/12\/herba-di-berna-mango-haze-outdoor.jpg\",\"width\":500,\"height\":500,\"caption\":\"Herba di Berna Mango Haze Outdoor 45 gr. | Tabakversand.ch\"},{\"@type\":\"BreadcrumbList\",\"@id\":\"https:\/\/www.tabakversand.ch\/fr\/produit\/herba-di-berna-mangue-haze-exterieur-45-gr\/#breadcrumb\",\"itemListElement\":[{\"@type\":\"ListItem\",\"position\":1,\"name\":\"Startseite\",\"item\":\"https:\/\/www.tabakversand.ch\/\"},{\"@type\":\"ListItem\",\"position\":2,\"name\":\"Boutique\",\"item\":\"https:\/\/www.tabakversand.ch\/fr\/boutique\/\"},{\"@type\":\"ListItem\",\"position\":3,\"name\":\"Herba di Berna Mango Haze Outdoor 45 gr.\"}]},{\"@type\":\"WebSite\",\"@id\":\"https:\/\/www.tabakversand.ch\/#website\",\"url\":\"https:\/\/www.tabakversand.ch\/\",\"name\":\"Tabakversand.ch | Alles aus der Welt des Tabaks\",\"description\":\"Smoke and carpe diem\",\"potentialAction\":[{\"@type\":\"SearchAction\",\"target\":{\"@type\":\"EntryPoint\",\"urlTemplate\":\"https:\/\/www.tabakversand.ch\/?s={search_term_string}\"},\"query-input\":{\"@type\":\"PropertyValueSpecification\",\"valueRequired\":true,\"valueName\":\"search_term_string\"}}],\"inLanguage\":\"fr-FR\"}]}<\/script>\n<!-- \/ Yoast SEO plugin. -->","yoast_head_json":{"title":"Herba di Berna Mango Haze Outdoor 45 gr. - tabakversand.ch","description":"Herba di Berna Mango Haze Outdoor 45 gr. | Dans toute la Suisse, un tr\u00e8s grand choix de produits du tabac et d\u2019ustensiles | Cartes accept\u00e9es!","robots":{"index":"index","follow":"follow","max-snippet":"max-snippet:-1","max-image-preview":"max-image-preview:large","max-video-preview":"max-video-preview:-1"},"canonical":"https:\/\/www.tabakversand.ch\/fr\/produit\/herba-di-berna-mangue-haze-exterieur-45-gr\/","og_locale":"fr_FR","og_type":"article","og_title":"Herba di Berna Mango Haze Outdoor 45 gr. - tabakversand.ch","og_description":"Herba di Berna Mango Haze Outdoor 45 gr. | Dans toute la Suisse, un tr\u00e8s grand choix de produits du tabac et d\u2019ustensiles | Cartes accept\u00e9es!","og_url":"https:\/\/www.tabakversand.ch\/fr\/produit\/herba-di-berna-mangue-haze-exterieur-45-gr\/","og_site_name":"Tabakversand.ch | Alles aus der Welt des Tabaks","article_modified_time":"2026-02-04T09:23:57+00:00","og_image":[{"width":500,"height":500,"url":"https:\/\/www.tabakversand.ch\/wp-content\/uploads\/2022\/12\/herba-di-berna-mango-haze-outdoor.jpg","type":"image\/jpeg"}],"twitter_card":"summary_large_image","twitter_misc":{"Dur\u00e9e de lecture estim\u00e9e":"1 minute"},"schema":{"@context":"https:\/\/schema.org","@graph":[{"@type":"WebPage","@id":"https:\/\/www.tabakversand.ch\/fr\/produit\/herba-di-berna-mangue-haze-exterieur-45-gr\/","url":"https:\/\/www.tabakversand.ch\/fr\/produit\/herba-di-berna-mangue-haze-exterieur-45-gr\/","name":"Herba di Berna Mango Haze Outdoor 45 gr. - tabakversand.ch","isPartOf":{"@id":"https:\/\/www.tabakversand.ch\/#website"},"primaryImageOfPage":{"@id":"https:\/\/www.tabakversand.ch\/fr\/produit\/herba-di-berna-mangue-haze-exterieur-45-gr\/#primaryimage"},"image":{"@id":"https:\/\/www.tabakversand.ch\/fr\/produit\/herba-di-berna-mangue-haze-exterieur-45-gr\/#primaryimage"},"thumbnailUrl":"https:\/\/www.tabakversand.ch\/wp-content\/uploads\/2022\/12\/herba-di-berna-mango-haze-outdoor.jpg","datePublished":"2023-09-14T11:48:08+00:00","dateModified":"2026-02-04T09:23:57+00:00","description":"Herba di Berna Mango Haze Outdoor 45 gr. | Dans toute la Suisse, un tr\u00e8s grand choix de produits du tabac et d\u2019ustensiles | Cartes accept\u00e9es!","breadcrumb":{"@id":"https:\/\/www.tabakversand.ch\/fr\/produit\/herba-di-berna-mangue-haze-exterieur-45-gr\/#breadcrumb"},"inLanguage":"fr-FR","potentialAction":[{"@type":"ReadAction","target":["https:\/\/www.tabakversand.ch\/fr\/produit\/herba-di-berna-mangue-haze-exterieur-45-gr\/"]}]},{"@type":"ImageObject","inLanguage":"fr-FR","@id":"https:\/\/www.tabakversand.ch\/fr\/produit\/herba-di-berna-mangue-haze-exterieur-45-gr\/#primaryimage","url":"https:\/\/www.tabakversand.ch\/wp-content\/uploads\/2022\/12\/herba-di-berna-mango-haze-outdoor.jpg","contentUrl":"https:\/\/www.tabakversand.ch\/wp-content\/uploads\/2022\/12\/herba-di-berna-mango-haze-outdoor.jpg","width":500,"height":500,"caption":"Herba di Berna Mango Haze Outdoor 45 gr. | Tabakversand.ch"},{"@type":"BreadcrumbList","@id":"https:\/\/www.tabakversand.ch\/fr\/produit\/herba-di-berna-mangue-haze-exterieur-45-gr\/#breadcrumb","itemListElement":[{"@type":"ListItem","position":1,"name":"Startseite","item":"https:\/\/www.tabakversand.ch\/"},{"@type":"ListItem","position":2,"name":"Boutique","item":"https:\/\/www.tabakversand.ch\/fr\/boutique\/"},{"@type":"ListItem","position":3,"name":"Herba di Berna Mango Haze Outdoor 45 gr."}]},{"@type":"WebSite","@id":"https:\/\/www.tabakversand.ch\/#website","url":"https:\/\/www.tabakversand.ch\/","name":"Tabakversand.ch | Alles aus der Welt des Tabaks","description":"Smoke and carpe diem","potentialAction":[{"@type":"SearchAction","target":{"@type":"EntryPoint","urlTemplate":"https:\/\/www.tabakversand.ch\/?s={search_term_string}"},"query-input":{"@type":"PropertyValueSpecification","valueRequired":true,"valueName":"search_term_string"}}],"inLanguage":"fr-FR"}]}},"_links":{"self":[{"href":"https:\/\/www.tabakversand.ch\/fr\/wp-json\/wp\/v2\/product\/124654","targetHints":{"allow":["GET"]}}],"collection":[{"href":"https:\/\/www.tabakversand.ch\/fr\/wp-json\/wp\/v2\/product"}],"about":[{"href":"https:\/\/www.tabakversand.ch\/fr\/wp-json\/wp\/v2\/types\/product"}],"version-history":[{"count":2,"href":"https:\/\/www.tabakversand.ch\/fr\/wp-json\/wp\/v2\/product\/124654\/revisions"}],"predecessor-version":[{"id":212025,"href":"https:\/\/www.tabakversand.ch\/fr\/wp-json\/wp\/v2\/product\/124654\/revisions\/212025"}],"wp:featuredmedia":[{"embeddable":true,"href":"https:\/\/www.tabakversand.ch\/fr\/wp-json\/wp\/v2\/media\/124658"}],"wp:attachment":[{"href":"https:\/\/www.tabakversand.ch\/fr\/wp-json\/wp\/v2\/media?parent=124654"}],"wp:term":[{"taxonomy":"product_brand","embeddable":true,"href":"https:\/\/www.tabakversand.ch\/fr\/wp-json\/wp\/v2\/product_brand?post=124654"},{"taxonomy":"product_cat","embeddable":true,"href":"https:\/\/www.tabakversand.ch\/fr\/wp-json\/wp\/v2\/product_cat?post=124654"},{"taxonomy":"product_tag","embeddable":true,"href":"https:\/\/www.tabakversand.ch\/fr\/wp-json\/wp\/v2\/product_tag?post=124654"}],"curies":[{"name":"wp","href":"https:\/\/api.w.org\/{rel}","templated":true}]}}