{"id":125666,"date":"2023-09-14T15:49:05","date_gmt":"2023-09-14T13:49:05","guid":{"rendered":"https:\/\/www.tabakversand.ch\/?post_type=product&#038;p=125666"},"modified":"2025-11-26T07:39:09","modified_gmt":"2025-11-26T06:39:09","slug":"gizeh-black-cones-avec-filtres-actifs-10-x-3-pieces","status":"publish","type":"product","link":"https:\/\/www.tabakversand.ch\/fr\/produit\/gizeh-black-cones-avec-filtres-actifs-10-x-3-pieces\/","title":{"rendered":"Gizeh Black Cones avec filtres actifs 10 x 3 pi\u00e8ces."},"content":{"rendered":"<p>Gizeh Black Cones avec filtres actifs 10 x 3 pi\u00e8ces.<\/p>\n<p>D\u00e9couvrez la qualit\u00e9 sup\u00e9rieure des c\u00f4nes GIZEH \u2013 le choix parfait pour un plaisir commun sans effort.<\/p>\n<p>Les c\u00f4nes GIZEH BLACK\u00ae avec filtre actif conique sont \u00e9quip\u00e9s du populaire papier extra fin GIZEH aux propri\u00e9t\u00e9s de combustion exceptionnelles. Gr\u00e2ce au filtre conique, la forme est d\u00e9j\u00e0 parfaitement d\u00e9finie. Le charbon actif \u00e0 l&rsquo;int\u00e9rieur provient de coques de noix de coco renouvelables et garantit un plaisir en douceur. Les capuchons en c\u00e9ramique aux deux extr\u00e9mit\u00e9s sont dot\u00e9s de sept extincteurs pour un tirage optimal.   <\/p>\n<p>Faits:<\/p>\n<p>&#8211; 3 c\u00f4nes par paquet<br \/>\n &#8211; C\u00f4nes avec filtre actif conique<br \/>\n &#8211; Papier \u00e0 combustion lente avec un grammage de 14,0<br \/>\n &#8211; Taille id\u00e9ale du c\u00f4ne<br \/>\n &#8211; 11 cm de long<br \/>\n &#8211; 6 mm de diam\u00e8tre \u00e0 l&#8217;embouchure<br \/>\n &#8211; 12 mm de diam\u00e8tre dans la zone de remplissage<br \/>\n -Les bouchons en c\u00e9ramique int\u00e9gr\u00e9s assurent un tirage optimal<\/p>\n<p>Tous les prix s&rsquo;appliquent uniquement aux commandes en ligne et incluent la TVA. Sous r\u00e9serve de modifications sans pr\u00e9avis, frais de livraison en sus. Sous r\u00e9serve d&rsquo;erreurs, de modifications de contenu de livraison et de conception, de fautes d&rsquo;impression et de modifications de prix. Les prix barr\u00e9s sont des prix de remplacement. Les illustrations peuvent diff\u00e9rer de l&rsquo;original\/du contenu de livraison.<br \/>\n*Livraison gratuite pour les commandes sup\u00e9rieures \u00e0 CHF 250.-.<\/p>\n","protected":false},"excerpt":{"rendered":"<p>Gizeh Black Cones avec filtres actifs 10 x 3 pi\u00e8ces. D\u00e9couvrez la qualit\u00e9 sup\u00e9rieure des c\u00f4nes GIZEH \u2013 le choix parfait pour un plaisir commun sans effort. Les c\u00f4nes GIZEH BLACK\u00ae avec filtre actif conique sont \u00e9quip\u00e9s du populaire papier extra fin GIZEH aux propri\u00e9t\u00e9s de combustion exceptionnelles. Gr\u00e2ce au filtre conique, la forme est [&hellip;]<\/p>\n","protected":false},"featured_media":156661,"template":"","meta":[],"product_brand":[1564],"product_cat":[3219,3224,1995],"product_tag":[],"class_list":{"0":"post-125666","1":"product","2":"type-product","3":"status-publish","4":"has-post-thumbnail","6":"product_brand-gizeh","7":"product_cat-boutique-de-tete","8":"product_cat-cones-fr","9":"product_cat-divers-headshop","11":"first","12":"onbackorder","13":"purchasable","14":"product-type-simple"},"yoast_head":"<!-- This site is optimized with the Yoast SEO plugin v27.0 - https:\/\/yoast.com\/product\/yoast-seo-wordpress\/ -->\n<title>Gizeh Black Cones avec filtres actifs 10 x 3 pi\u00e8ces. - tabakversand.ch<\/title>\n<meta name=\"description\" content=\"Gizeh Black Cones avec filtres actifs 10 x 3 pi\u00e8ces. | Un tr\u00e8s grand choix de e-liquides, e-cigarettes et e-pipes dans toute la Suisse | Cartes accept\u00e9es !\" \/>\n<meta name=\"robots\" content=\"index, follow, max-snippet:-1, max-image-preview:large, max-video-preview:-1\" \/>\n<link rel=\"canonical\" href=\"https:\/\/www.tabakversand.ch\/produit\/gizeh-black-cones-mit-aktive-filter-10-x-3stk\/\" \/>\n<meta property=\"og:locale\" content=\"fr_FR\" \/>\n<meta property=\"og:type\" content=\"article\" \/>\n<meta property=\"og:title\" content=\"Gizeh Black Cones avec filtres actifs 10 x 3 pi\u00e8ces. - tabakversand.ch\" \/>\n<meta property=\"og:description\" content=\"Gizeh Black Cones avec filtres actifs 10 x 3 pi\u00e8ces. | Un tr\u00e8s grand choix de e-liquides, e-cigarettes et e-pipes dans toute la Suisse | Cartes accept\u00e9es !\" \/>\n<meta property=\"og:url\" content=\"https:\/\/www.tabakversand.ch\/produit\/gizeh-black-cones-mit-aktive-filter-10-x-3stk\/\" \/>\n<meta property=\"og:site_name\" content=\"Tabakversand.ch | Alles aus der Welt des Tabaks\" \/>\n<meta property=\"article:modified_time\" content=\"2025-11-26T06:39:09+00:00\" \/>\n<meta property=\"og:image\" content=\"https:\/\/www.tabakversand.ch\/wp-content\/uploads\/2023\/09\/gizeh-black-cones-aktive-filter-e.jpg\" \/>\n\t<meta property=\"og:image:width\" content=\"500\" \/>\n\t<meta property=\"og:image:height\" content=\"500\" \/>\n\t<meta property=\"og:image:type\" content=\"image\/jpeg\" \/>\n<meta name=\"twitter:card\" content=\"summary_large_image\" \/>\n<meta name=\"twitter:label1\" content=\"Dur\u00e9e de lecture estim\u00e9e\" \/>\n\t<meta name=\"twitter:data1\" content=\"2 minutes\" \/>\n<script type=\"application\/ld+json\" class=\"yoast-schema-graph\">{\"@context\":\"https:\/\/schema.org\",\"@graph\":[{\"@type\":\"WebPage\",\"@id\":\"https:\/\/www.tabakversand.ch\/produit\/gizeh-black-cones-mit-aktive-filter-10-x-3stk\/\",\"url\":\"https:\/\/www.tabakversand.ch\/produit\/gizeh-black-cones-mit-aktive-filter-10-x-3stk\/\",\"name\":\"Gizeh Black Cones avec filtres actifs 10 x 3 pi\u00e8ces. - tabakversand.ch\",\"isPartOf\":{\"@id\":\"https:\/\/www.tabakversand.ch\/#website\"},\"primaryImageOfPage\":{\"@id\":\"https:\/\/www.tabakversand.ch\/produit\/gizeh-black-cones-mit-aktive-filter-10-x-3stk\/#primaryimage\"},\"image\":{\"@id\":\"https:\/\/www.tabakversand.ch\/produit\/gizeh-black-cones-mit-aktive-filter-10-x-3stk\/#primaryimage\"},\"thumbnailUrl\":\"https:\/\/www.tabakversand.ch\/wp-content\/uploads\/2023\/09\/gizeh-black-cones-aktive-filter-e.jpg\",\"datePublished\":\"2023-09-14T13:49:05+00:00\",\"dateModified\":\"2025-11-26T06:39:09+00:00\",\"description\":\"Gizeh Black Cones avec filtres actifs 10 x 3 pi\u00e8ces. | Un tr\u00e8s grand choix de e-liquides, e-cigarettes et e-pipes dans toute la Suisse | Cartes accept\u00e9es !\",\"breadcrumb\":{\"@id\":\"https:\/\/www.tabakversand.ch\/produit\/gizeh-black-cones-mit-aktive-filter-10-x-3stk\/#breadcrumb\"},\"inLanguage\":\"fr-FR\",\"potentialAction\":[{\"@type\":\"ReadAction\",\"target\":[\"https:\/\/www.tabakversand.ch\/produit\/gizeh-black-cones-mit-aktive-filter-10-x-3stk\/\"]}]},{\"@type\":\"ImageObject\",\"inLanguage\":\"fr-FR\",\"@id\":\"https:\/\/www.tabakversand.ch\/produit\/gizeh-black-cones-mit-aktive-filter-10-x-3stk\/#primaryimage\",\"url\":\"https:\/\/www.tabakversand.ch\/wp-content\/uploads\/2023\/09\/gizeh-black-cones-aktive-filter-e.jpg\",\"contentUrl\":\"https:\/\/www.tabakversand.ch\/wp-content\/uploads\/2023\/09\/gizeh-black-cones-aktive-filter-e.jpg\",\"width\":500,\"height\":500,\"caption\":\"Gizeh Black Cones avec filtres actifs 10 x 3 pi\u00e8ces. | Tabakversand.ch\"},{\"@type\":\"BreadcrumbList\",\"@id\":\"https:\/\/www.tabakversand.ch\/produit\/gizeh-black-cones-mit-aktive-filter-10-x-3stk\/#breadcrumb\",\"itemListElement\":[{\"@type\":\"ListItem\",\"position\":1,\"name\":\"Startseite\",\"item\":\"https:\/\/www.tabakversand.ch\/\"},{\"@type\":\"ListItem\",\"position\":2,\"name\":\"Boutique\",\"item\":\"https:\/\/www.tabakversand.ch\/fr\/boutique\/\"},{\"@type\":\"ListItem\",\"position\":3,\"name\":\"Gizeh Black Cones avec filtres actifs 10 x 3 pi\u00e8ces.\"}]},{\"@type\":\"WebSite\",\"@id\":\"https:\/\/www.tabakversand.ch\/#website\",\"url\":\"https:\/\/www.tabakversand.ch\/\",\"name\":\"Tabakversand.ch | Alles aus der Welt des Tabaks\",\"description\":\"Smoke and carpe diem\",\"potentialAction\":[{\"@type\":\"SearchAction\",\"target\":{\"@type\":\"EntryPoint\",\"urlTemplate\":\"https:\/\/www.tabakversand.ch\/?s={search_term_string}\"},\"query-input\":{\"@type\":\"PropertyValueSpecification\",\"valueRequired\":true,\"valueName\":\"search_term_string\"}}],\"inLanguage\":\"fr-FR\"}]}<\/script>\n<!-- \/ Yoast SEO plugin. -->","yoast_head_json":{"title":"Gizeh Black Cones avec filtres actifs 10 x 3 pi\u00e8ces. - tabakversand.ch","description":"Gizeh Black Cones avec filtres actifs 10 x 3 pi\u00e8ces. | Un tr\u00e8s grand choix de e-liquides, e-cigarettes et e-pipes dans toute la Suisse | Cartes accept\u00e9es !","robots":{"index":"index","follow":"follow","max-snippet":"max-snippet:-1","max-image-preview":"max-image-preview:large","max-video-preview":"max-video-preview:-1"},"canonical":"https:\/\/www.tabakversand.ch\/produit\/gizeh-black-cones-mit-aktive-filter-10-x-3stk\/","og_locale":"fr_FR","og_type":"article","og_title":"Gizeh Black Cones avec filtres actifs 10 x 3 pi\u00e8ces. - tabakversand.ch","og_description":"Gizeh Black Cones avec filtres actifs 10 x 3 pi\u00e8ces. | Un tr\u00e8s grand choix de e-liquides, e-cigarettes et e-pipes dans toute la Suisse | Cartes accept\u00e9es !","og_url":"https:\/\/www.tabakversand.ch\/produit\/gizeh-black-cones-mit-aktive-filter-10-x-3stk\/","og_site_name":"Tabakversand.ch | Alles aus der Welt des Tabaks","article_modified_time":"2025-11-26T06:39:09+00:00","og_image":[{"width":500,"height":500,"url":"https:\/\/www.tabakversand.ch\/wp-content\/uploads\/2023\/09\/gizeh-black-cones-aktive-filter-e.jpg","type":"image\/jpeg"}],"twitter_card":"summary_large_image","twitter_misc":{"Dur\u00e9e de lecture estim\u00e9e":"2 minutes"},"schema":{"@context":"https:\/\/schema.org","@graph":[{"@type":"WebPage","@id":"https:\/\/www.tabakversand.ch\/produit\/gizeh-black-cones-mit-aktive-filter-10-x-3stk\/","url":"https:\/\/www.tabakversand.ch\/produit\/gizeh-black-cones-mit-aktive-filter-10-x-3stk\/","name":"Gizeh Black Cones avec filtres actifs 10 x 3 pi\u00e8ces. - tabakversand.ch","isPartOf":{"@id":"https:\/\/www.tabakversand.ch\/#website"},"primaryImageOfPage":{"@id":"https:\/\/www.tabakversand.ch\/produit\/gizeh-black-cones-mit-aktive-filter-10-x-3stk\/#primaryimage"},"image":{"@id":"https:\/\/www.tabakversand.ch\/produit\/gizeh-black-cones-mit-aktive-filter-10-x-3stk\/#primaryimage"},"thumbnailUrl":"https:\/\/www.tabakversand.ch\/wp-content\/uploads\/2023\/09\/gizeh-black-cones-aktive-filter-e.jpg","datePublished":"2023-09-14T13:49:05+00:00","dateModified":"2025-11-26T06:39:09+00:00","description":"Gizeh Black Cones avec filtres actifs 10 x 3 pi\u00e8ces. | Un tr\u00e8s grand choix de e-liquides, e-cigarettes et e-pipes dans toute la Suisse | Cartes accept\u00e9es !","breadcrumb":{"@id":"https:\/\/www.tabakversand.ch\/produit\/gizeh-black-cones-mit-aktive-filter-10-x-3stk\/#breadcrumb"},"inLanguage":"fr-FR","potentialAction":[{"@type":"ReadAction","target":["https:\/\/www.tabakversand.ch\/produit\/gizeh-black-cones-mit-aktive-filter-10-x-3stk\/"]}]},{"@type":"ImageObject","inLanguage":"fr-FR","@id":"https:\/\/www.tabakversand.ch\/produit\/gizeh-black-cones-mit-aktive-filter-10-x-3stk\/#primaryimage","url":"https:\/\/www.tabakversand.ch\/wp-content\/uploads\/2023\/09\/gizeh-black-cones-aktive-filter-e.jpg","contentUrl":"https:\/\/www.tabakversand.ch\/wp-content\/uploads\/2023\/09\/gizeh-black-cones-aktive-filter-e.jpg","width":500,"height":500,"caption":"Gizeh Black Cones avec filtres actifs 10 x 3 pi\u00e8ces. | Tabakversand.ch"},{"@type":"BreadcrumbList","@id":"https:\/\/www.tabakversand.ch\/produit\/gizeh-black-cones-mit-aktive-filter-10-x-3stk\/#breadcrumb","itemListElement":[{"@type":"ListItem","position":1,"name":"Startseite","item":"https:\/\/www.tabakversand.ch\/"},{"@type":"ListItem","position":2,"name":"Boutique","item":"https:\/\/www.tabakversand.ch\/fr\/boutique\/"},{"@type":"ListItem","position":3,"name":"Gizeh Black Cones avec filtres actifs 10 x 3 pi\u00e8ces."}]},{"@type":"WebSite","@id":"https:\/\/www.tabakversand.ch\/#website","url":"https:\/\/www.tabakversand.ch\/","name":"Tabakversand.ch | Alles aus der Welt des Tabaks","description":"Smoke and carpe diem","potentialAction":[{"@type":"SearchAction","target":{"@type":"EntryPoint","urlTemplate":"https:\/\/www.tabakversand.ch\/?s={search_term_string}"},"query-input":{"@type":"PropertyValueSpecification","valueRequired":true,"valueName":"search_term_string"}}],"inLanguage":"fr-FR"}]}},"_links":{"self":[{"href":"https:\/\/www.tabakversand.ch\/fr\/wp-json\/wp\/v2\/product\/125666","targetHints":{"allow":["GET"]}}],"collection":[{"href":"https:\/\/www.tabakversand.ch\/fr\/wp-json\/wp\/v2\/product"}],"about":[{"href":"https:\/\/www.tabakversand.ch\/fr\/wp-json\/wp\/v2\/types\/product"}],"version-history":[{"count":4,"href":"https:\/\/www.tabakversand.ch\/fr\/wp-json\/wp\/v2\/product\/125666\/revisions"}],"predecessor-version":[{"id":206688,"href":"https:\/\/www.tabakversand.ch\/fr\/wp-json\/wp\/v2\/product\/125666\/revisions\/206688"}],"wp:featuredmedia":[{"embeddable":true,"href":"https:\/\/www.tabakversand.ch\/fr\/wp-json\/wp\/v2\/media\/156661"}],"wp:attachment":[{"href":"https:\/\/www.tabakversand.ch\/fr\/wp-json\/wp\/v2\/media?parent=125666"}],"wp:term":[{"taxonomy":"product_brand","embeddable":true,"href":"https:\/\/www.tabakversand.ch\/fr\/wp-json\/wp\/v2\/product_brand?post=125666"},{"taxonomy":"product_cat","embeddable":true,"href":"https:\/\/www.tabakversand.ch\/fr\/wp-json\/wp\/v2\/product_cat?post=125666"},{"taxonomy":"product_tag","embeddable":true,"href":"https:\/\/www.tabakversand.ch\/fr\/wp-json\/wp\/v2\/product_tag?post=125666"}],"curies":[{"name":"wp","href":"https:\/\/api.w.org\/{rel}","templated":true}]}}