{"id":125714,"date":"2023-09-14T15:48:43","date_gmt":"2023-09-14T13:48:43","guid":{"rendered":"https:\/\/www.tabakversand.ch\/?post_type=product&#038;p=125714"},"modified":"2026-05-12T10:05:38","modified_gmt":"2026-05-12T08:05:38","slug":"vozol-alien-3000-20mg-frosty-peach","status":"publish","type":"product","link":"https:\/\/www.tabakversand.ch\/fr\/produit\/vozol-alien-3000-20mg-frosty-peach\/","title":{"rendered":"Wellauer Sacramento 5 x 140 gr. Tabac \u00e0 cigarettes"},"content":{"rendered":"<p>Wellauer Sacramento 5 x 140 gr. Tabac \u00e0 cigarettes<\/p>\n<p>Tabac rotatif et de farce<\/p>\n<p>Tous les prix indiqu\u00e9s sont valables uniquement pour les commandes en ligne, TVA incluse, et peuvent \u00eatre modifi\u00e9s sans pr\u00e9avis. Les frais de port sont en sus.   Sous r\u00e9serve d&rsquo;erreurs, de modifications de l&rsquo;\u00e9tendue de la livraison et de la conception, d&rsquo;erreurs d&rsquo;impression et de modifications de prix. Les prix barr\u00e9s sont plut\u00f4t des prix. L&rsquo;illustration peut diff\u00e9rer de l&rsquo;original\/de l&rsquo;\u00e9tendue de la livraison.<br \/>\n*Livraison gratuite pour les commandes sup\u00e9rieures \u00e0 CHF 250.-.<\/p>\n","protected":false},"excerpt":{"rendered":"<p>Wellauer Sacramento 5 x 140 gr. Tabac \u00e0 cigarettes Tabac rotatif et de farce Tous les prix indiqu\u00e9s sont valables uniquement pour les commandes en ligne, TVA incluse, et peuvent \u00eatre modifi\u00e9s sans pr\u00e9avis. Les frais de port sont en sus. Sous r\u00e9serve d&rsquo;erreurs, de modifications de l&rsquo;\u00e9tendue de la livraison et de la conception, [&hellip;]<\/p>\n","protected":false},"featured_media":155485,"template":"","meta":[],"product_brand":[],"product_cat":[1961,1888,1963,1964],"product_tag":[],"class_list":{"0":"post-125714","1":"product","2":"type-product","3":"status-publish","4":"has-post-thumbnail","6":"product_cat-cigarettes-self-made-fr-2","7":"product_cat-tabac","8":"product_cat-tabac-a-cigarettes","9":"product_cat-tabac-a-cigarettes-fr","11":"first","12":"onbackorder","13":"purchasable","14":"product-type-simple"},"yoast_head":"<!-- This site is optimized with the Yoast SEO plugin v27.5 - https:\/\/yoast.com\/product\/yoast-seo-wordpress\/ -->\n<title>Wellauer Sacramento 5 x 140 gr. Tabac \u00e0 cigarettes - tabakversand.ch<\/title>\n<meta name=\"description\" content=\"Wellauer Sacramento 5 x 140 gr. Tabac \u00e0 cigarettes | Un tr\u00e8s grand choix de produits du tabac, d&#039;e-smoke et d&#039;ustensiles pour fumer dans toute la Suisse Cartes accept\u00e9es !\" \/>\n<meta name=\"robots\" content=\"index, follow, max-snippet:-1, max-image-preview:large, max-video-preview:-1\" \/>\n<link rel=\"canonical\" href=\"https:\/\/www.tabakversand.ch\/fr\/produit\/vozol-alien-3000-20mg-frosty-peach\/\" \/>\n<meta property=\"og:locale\" content=\"fr_FR\" \/>\n<meta property=\"og:type\" content=\"article\" \/>\n<meta property=\"og:title\" content=\"Wellauer Sacramento 5 x 140 gr. Tabac \u00e0 cigarettes - tabakversand.ch\" \/>\n<meta property=\"og:description\" content=\"Wellauer Sacramento 5 x 140 gr. Tabac \u00e0 cigarettes | Un tr\u00e8s grand choix de produits du tabac, d&#039;e-smoke et d&#039;ustensiles pour fumer dans toute la Suisse Cartes accept\u00e9es !\" \/>\n<meta property=\"og:url\" content=\"https:\/\/www.tabakversand.ch\/fr\/produit\/vozol-alien-3000-20mg-frosty-peach\/\" \/>\n<meta property=\"og:site_name\" content=\"Tabakversand.ch | Alles aus der Welt des Tabaks\" \/>\n<meta property=\"article:modified_time\" content=\"2026-05-12T08:05:38+00:00\" \/>\n<meta property=\"og:image\" content=\"https:\/\/www.tabakversand.ch\/wp-content\/uploads\/2023\/09\/wellauer-sacramento.jpg\" \/>\n\t<meta property=\"og:image:width\" content=\"501\" \/>\n\t<meta property=\"og:image:height\" content=\"500\" \/>\n\t<meta property=\"og:image:type\" content=\"image\/jpeg\" \/>\n<meta name=\"twitter:card\" content=\"summary_large_image\" \/>\n<script type=\"application\/ld+json\" class=\"yoast-schema-graph\">{\"@context\":\"https:\\\/\\\/schema.org\",\"@graph\":[{\"@type\":\"WebPage\",\"@id\":\"https:\\\/\\\/www.tabakversand.ch\\\/fr\\\/produit\\\/vozol-alien-3000-20mg-frosty-peach\\\/\",\"url\":\"https:\\\/\\\/www.tabakversand.ch\\\/fr\\\/produit\\\/vozol-alien-3000-20mg-frosty-peach\\\/\",\"name\":\"Wellauer Sacramento 5 x 140 gr. Tabac \u00e0 cigarettes - tabakversand.ch\",\"isPartOf\":{\"@id\":\"https:\\\/\\\/www.tabakversand.ch\\\/#website\"},\"primaryImageOfPage\":{\"@id\":\"https:\\\/\\\/www.tabakversand.ch\\\/fr\\\/produit\\\/vozol-alien-3000-20mg-frosty-peach\\\/#primaryimage\"},\"image\":{\"@id\":\"https:\\\/\\\/www.tabakversand.ch\\\/fr\\\/produit\\\/vozol-alien-3000-20mg-frosty-peach\\\/#primaryimage\"},\"thumbnailUrl\":\"https:\\\/\\\/www.tabakversand.ch\\\/wp-content\\\/uploads\\\/2023\\\/09\\\/wellauer-sacramento.jpg\",\"datePublished\":\"2023-09-14T13:48:43+00:00\",\"dateModified\":\"2026-05-12T08:05:38+00:00\",\"description\":\"Wellauer Sacramento 5 x 140 gr. Tabac \u00e0 cigarettes | Un tr\u00e8s grand choix de produits du tabac, d'e-smoke et d'ustensiles pour fumer dans toute la Suisse Cartes accept\u00e9es !\",\"breadcrumb\":{\"@id\":\"https:\\\/\\\/www.tabakversand.ch\\\/fr\\\/produit\\\/vozol-alien-3000-20mg-frosty-peach\\\/#breadcrumb\"},\"inLanguage\":\"fr-FR\",\"potentialAction\":[{\"@type\":\"ReadAction\",\"target\":[\"https:\\\/\\\/www.tabakversand.ch\\\/fr\\\/produit\\\/vozol-alien-3000-20mg-frosty-peach\\\/\"]}]},{\"@type\":\"ImageObject\",\"inLanguage\":\"fr-FR\",\"@id\":\"https:\\\/\\\/www.tabakversand.ch\\\/fr\\\/produit\\\/vozol-alien-3000-20mg-frosty-peach\\\/#primaryimage\",\"url\":\"https:\\\/\\\/www.tabakversand.ch\\\/wp-content\\\/uploads\\\/2023\\\/09\\\/wellauer-sacramento.jpg\",\"contentUrl\":\"https:\\\/\\\/www.tabakversand.ch\\\/wp-content\\\/uploads\\\/2023\\\/09\\\/wellauer-sacramento.jpg\",\"width\":501,\"height\":500,\"caption\":\"Wellauer Sacramento 140 gr. Tabac \u00e0 cigarettes | Tabakversand.ch\"},{\"@type\":\"BreadcrumbList\",\"@id\":\"https:\\\/\\\/www.tabakversand.ch\\\/fr\\\/produit\\\/vozol-alien-3000-20mg-frosty-peach\\\/#breadcrumb\",\"itemListElement\":[{\"@type\":\"ListItem\",\"position\":1,\"name\":\"Startseite\",\"item\":\"https:\\\/\\\/www.tabakversand.ch\\\/\"},{\"@type\":\"ListItem\",\"position\":2,\"name\":\"Boutique\",\"item\":\"https:\\\/\\\/www.tabakversand.ch\\\/fr\\\/boutique\\\/\"},{\"@type\":\"ListItem\",\"position\":3,\"name\":\"Wellauer Sacramento 5 x 140 gr. Tabac \u00e0 cigarettes\"}]},{\"@type\":\"WebSite\",\"@id\":\"https:\\\/\\\/www.tabakversand.ch\\\/#website\",\"url\":\"https:\\\/\\\/www.tabakversand.ch\\\/\",\"name\":\"Tabakversand.ch | Alles aus der Welt des Tabaks\",\"description\":\"Smoke and carpe diem\",\"potentialAction\":[{\"@type\":\"SearchAction\",\"target\":{\"@type\":\"EntryPoint\",\"urlTemplate\":\"https:\\\/\\\/www.tabakversand.ch\\\/?s={search_term_string}\"},\"query-input\":{\"@type\":\"PropertyValueSpecification\",\"valueRequired\":true,\"valueName\":\"search_term_string\"}}],\"inLanguage\":\"fr-FR\"}]}<\/script>\n<!-- \/ Yoast SEO plugin. -->","yoast_head_json":{"title":"Wellauer Sacramento 5 x 140 gr. Tabac \u00e0 cigarettes - tabakversand.ch","description":"Wellauer Sacramento 5 x 140 gr. Tabac \u00e0 cigarettes | Un tr\u00e8s grand choix de produits du tabac, d'e-smoke et d'ustensiles pour fumer dans toute la Suisse Cartes accept\u00e9es !","robots":{"index":"index","follow":"follow","max-snippet":"max-snippet:-1","max-image-preview":"max-image-preview:large","max-video-preview":"max-video-preview:-1"},"canonical":"https:\/\/www.tabakversand.ch\/fr\/produit\/vozol-alien-3000-20mg-frosty-peach\/","og_locale":"fr_FR","og_type":"article","og_title":"Wellauer Sacramento 5 x 140 gr. Tabac \u00e0 cigarettes - tabakversand.ch","og_description":"Wellauer Sacramento 5 x 140 gr. Tabac \u00e0 cigarettes | Un tr\u00e8s grand choix de produits du tabac, d'e-smoke et d'ustensiles pour fumer dans toute la Suisse Cartes accept\u00e9es !","og_url":"https:\/\/www.tabakversand.ch\/fr\/produit\/vozol-alien-3000-20mg-frosty-peach\/","og_site_name":"Tabakversand.ch | Alles aus der Welt des Tabaks","article_modified_time":"2026-05-12T08:05:38+00:00","og_image":[{"width":501,"height":500,"url":"https:\/\/www.tabakversand.ch\/wp-content\/uploads\/2023\/09\/wellauer-sacramento.jpg","type":"image\/jpeg"}],"twitter_card":"summary_large_image","schema":{"@context":"https:\/\/schema.org","@graph":[{"@type":"WebPage","@id":"https:\/\/www.tabakversand.ch\/fr\/produit\/vozol-alien-3000-20mg-frosty-peach\/","url":"https:\/\/www.tabakversand.ch\/fr\/produit\/vozol-alien-3000-20mg-frosty-peach\/","name":"Wellauer Sacramento 5 x 140 gr. Tabac \u00e0 cigarettes - tabakversand.ch","isPartOf":{"@id":"https:\/\/www.tabakversand.ch\/#website"},"primaryImageOfPage":{"@id":"https:\/\/www.tabakversand.ch\/fr\/produit\/vozol-alien-3000-20mg-frosty-peach\/#primaryimage"},"image":{"@id":"https:\/\/www.tabakversand.ch\/fr\/produit\/vozol-alien-3000-20mg-frosty-peach\/#primaryimage"},"thumbnailUrl":"https:\/\/www.tabakversand.ch\/wp-content\/uploads\/2023\/09\/wellauer-sacramento.jpg","datePublished":"2023-09-14T13:48:43+00:00","dateModified":"2026-05-12T08:05:38+00:00","description":"Wellauer Sacramento 5 x 140 gr. Tabac \u00e0 cigarettes | Un tr\u00e8s grand choix de produits du tabac, d'e-smoke et d'ustensiles pour fumer dans toute la Suisse Cartes accept\u00e9es !","breadcrumb":{"@id":"https:\/\/www.tabakversand.ch\/fr\/produit\/vozol-alien-3000-20mg-frosty-peach\/#breadcrumb"},"inLanguage":"fr-FR","potentialAction":[{"@type":"ReadAction","target":["https:\/\/www.tabakversand.ch\/fr\/produit\/vozol-alien-3000-20mg-frosty-peach\/"]}]},{"@type":"ImageObject","inLanguage":"fr-FR","@id":"https:\/\/www.tabakversand.ch\/fr\/produit\/vozol-alien-3000-20mg-frosty-peach\/#primaryimage","url":"https:\/\/www.tabakversand.ch\/wp-content\/uploads\/2023\/09\/wellauer-sacramento.jpg","contentUrl":"https:\/\/www.tabakversand.ch\/wp-content\/uploads\/2023\/09\/wellauer-sacramento.jpg","width":501,"height":500,"caption":"Wellauer Sacramento 140 gr. Tabac \u00e0 cigarettes | Tabakversand.ch"},{"@type":"BreadcrumbList","@id":"https:\/\/www.tabakversand.ch\/fr\/produit\/vozol-alien-3000-20mg-frosty-peach\/#breadcrumb","itemListElement":[{"@type":"ListItem","position":1,"name":"Startseite","item":"https:\/\/www.tabakversand.ch\/"},{"@type":"ListItem","position":2,"name":"Boutique","item":"https:\/\/www.tabakversand.ch\/fr\/boutique\/"},{"@type":"ListItem","position":3,"name":"Wellauer Sacramento 5 x 140 gr. Tabac \u00e0 cigarettes"}]},{"@type":"WebSite","@id":"https:\/\/www.tabakversand.ch\/#website","url":"https:\/\/www.tabakversand.ch\/","name":"Tabakversand.ch | Alles aus der Welt des Tabaks","description":"Smoke and carpe diem","potentialAction":[{"@type":"SearchAction","target":{"@type":"EntryPoint","urlTemplate":"https:\/\/www.tabakversand.ch\/?s={search_term_string}"},"query-input":{"@type":"PropertyValueSpecification","valueRequired":true,"valueName":"search_term_string"}}],"inLanguage":"fr-FR"}]}},"_links":{"self":[{"href":"https:\/\/www.tabakversand.ch\/fr\/wp-json\/wp\/v2\/product\/125714","targetHints":{"allow":["GET"]}}],"collection":[{"href":"https:\/\/www.tabakversand.ch\/fr\/wp-json\/wp\/v2\/product"}],"about":[{"href":"https:\/\/www.tabakversand.ch\/fr\/wp-json\/wp\/v2\/types\/product"}],"version-history":[{"count":5,"href":"https:\/\/www.tabakversand.ch\/fr\/wp-json\/wp\/v2\/product\/125714\/revisions"}],"predecessor-version":[{"id":219137,"href":"https:\/\/www.tabakversand.ch\/fr\/wp-json\/wp\/v2\/product\/125714\/revisions\/219137"}],"wp:featuredmedia":[{"embeddable":true,"href":"https:\/\/www.tabakversand.ch\/fr\/wp-json\/wp\/v2\/media\/155485"}],"wp:attachment":[{"href":"https:\/\/www.tabakversand.ch\/fr\/wp-json\/wp\/v2\/media?parent=125714"}],"wp:term":[{"taxonomy":"product_brand","embeddable":true,"href":"https:\/\/www.tabakversand.ch\/fr\/wp-json\/wp\/v2\/product_brand?post=125714"},{"taxonomy":"product_cat","embeddable":true,"href":"https:\/\/www.tabakversand.ch\/fr\/wp-json\/wp\/v2\/product_cat?post=125714"},{"taxonomy":"product_tag","embeddable":true,"href":"https:\/\/www.tabakversand.ch\/fr\/wp-json\/wp\/v2\/product_tag?post=125714"}],"curies":[{"name":"wp","href":"https:\/\/api.w.org\/{rel}","templated":true}]}}