{"id":125761,"date":"2023-09-14T15:48:22","date_gmt":"2023-09-14T13:48:22","guid":{"rendered":"https:\/\/www.tabakversand.ch\/?post_type=product&#038;p=125761"},"modified":"2025-02-08T10:30:24","modified_gmt":"2025-02-08T09:30:24","slug":"cones-marron-gizeh-24-x-3-pieces","status":"publish","type":"product","link":"https:\/\/www.tabakversand.ch\/fr\/produit\/cones-marron-gizeh-24-x-3-pieces\/","title":{"rendered":"C\u00f4nes marron Gizeh 24 x 3 pi\u00e8ces."},"content":{"rendered":"<p>C\u00f4nes marron Gizeh 24 x 3 pi\u00e8ces.<\/p>\n<p>D\u00e9couvrez la qualit\u00e9 sup\u00e9rieure des c\u00f4nes GIZEH \u2013 le choix parfait pour un plaisir commun sans effort.<\/p>\n<p>Que vous soyez encore en train de pratiquer ou que vous appr\u00e9ciiez simplement une perfection constante, les c\u00f4nes GIZEH sont la r\u00e9ponse. Les c\u00f4nes GIZEH combinent des papiers king size avec une vari\u00e9t\u00e9 de filtres et sont \u00e9galement appel\u00e9s \u00ab joints vides \u00bb. <\/p>\n<p>Les c\u00f4nes GIZEH BROWN avec pointe sont \u00e9quip\u00e9s du populaire papier extra fin GIZEH aux propri\u00e9t\u00e9s de combustion exceptionnelles. De plus, les c\u00f4nes BRUNS sont fabriqu\u00e9s avec du papier non blanchi. Ce papier est \u00e9galement souvent appel\u00e9 papier \u00ab non blanchi \u00bb. Les c\u00f4nes sont livr\u00e9s avec des embouts en papier sur l&#8217;embout buccal. Ces pointes mesurent environ trois centim\u00e8tres de long, portent le logo GIZEH et sont parfaitement torsad\u00e9es de mani\u00e8re uniforme.    <\/p>\n<p>D\u00e9couvrez l\u2019\u00e9l\u00e9gance sans effort des c\u00f4nes GIZEH \u2013 pour les connaisseurs exigeants.<\/p>\n<p>fait:<\/p>\n<p>\u2013 3 c\u00f4nes par paquet<\/p>\n<p>\u2013 C\u00f4nes avec des filtres en papier parfaitement torsad\u00e9s<\/p>\n<p>\u2013 Taille id\u00e9ale du c\u00f4ne<\/p>\n<p>\u2013 11 cm de long<\/p>\n<p>\u2013 6 mm de diam\u00e8tre \u00e0 l\u2019embouchure<\/p>\n<p>\u2013 12 mm de diam\u00e8tre dans la zone de remplissage<\/p>\n<p>\u2013 Papier non blanchi \u00e0 combustion lente d\u2019un grammage de 14,0 g\/m\u00b2<\/p>\n<p>\u2013 Longueur de la pointe environ 30 mm, marque GIZEH<\/p>\n<p>Tous les prix s&rsquo;appliquent uniquement aux commandes en ligne et incluent la TVA. TVA, sous r\u00e9serve de modifications plus Exp\u00e9dition. Sous r\u00e9serve d&rsquo;erreurs, de modifications de l&rsquo;\u00e9tendue de la livraison et de la conception, d&rsquo;erreurs d&rsquo;impression et de modifications de prix. Les prix barr\u00e9s sont plut\u00f4t des prix. L&rsquo;illustration peut diff\u00e9rer de l&rsquo;original\/de l&rsquo;\u00e9tendue de la livraison.<br \/>\n*Livraison gratuite pour les commandes sup\u00e9rieures \u00e0 CHF 250.<\/p>\n","protected":false},"excerpt":{"rendered":"<p>C\u00f4nes marron Gizeh 24 x 3 pi\u00e8ces. D\u00e9couvrez la qualit\u00e9 sup\u00e9rieure des c\u00f4nes GIZEH \u2013 le choix parfait pour un plaisir commun sans effort. Que vous soyez encore en train de pratiquer ou que vous appr\u00e9ciiez simplement une perfection constante, les c\u00f4nes GIZEH sont la r\u00e9ponse. Les c\u00f4nes GIZEH combinent des papiers king size avec [&hellip;]<\/p>\n","protected":false},"featured_media":156634,"template":"","meta":[],"product_brand":[1564],"product_cat":[3219,3224,1995],"product_tag":[],"class_list":{"0":"post-125761","1":"product","2":"type-product","3":"status-publish","4":"has-post-thumbnail","6":"product_brand-gizeh","7":"product_cat-boutique-de-tete","8":"product_cat-cones-fr","9":"product_cat-divers-headshop","11":"first","12":"onbackorder","13":"purchasable","14":"product-type-simple"},"yoast_head":"<!-- This site is optimized with the Yoast SEO plugin v27.0 - https:\/\/yoast.com\/product\/yoast-seo-wordpress\/ -->\n<title>C\u00f4nes marron Gizeh 24 x 3 pi\u00e8ces. - tabakversand.ch<\/title>\n<meta name=\"description\" content=\"C\u00f4nes marron Gizeh 24 x 3 pi\u00e8ces. | Un tr\u00e8s grand choix de e-liquides, e-cigarettes et e-pipes dans toute la Suisse | Cartes accept\u00e9es !\" \/>\n<meta name=\"robots\" content=\"index, follow, max-snippet:-1, max-image-preview:large, max-video-preview:-1\" \/>\n<link rel=\"canonical\" href=\"https:\/\/www.tabakversand.ch\/produit\/gizeh-brown-cones-24-x-3stk\/\" \/>\n<meta property=\"og:locale\" content=\"fr_FR\" \/>\n<meta property=\"og:type\" content=\"article\" \/>\n<meta property=\"og:title\" content=\"C\u00f4nes marron Gizeh 24 x 3 pi\u00e8ces. - tabakversand.ch\" \/>\n<meta property=\"og:description\" content=\"C\u00f4nes marron Gizeh 24 x 3 pi\u00e8ces. | Un tr\u00e8s grand choix de e-liquides, e-cigarettes et e-pipes dans toute la Suisse | Cartes accept\u00e9es !\" \/>\n<meta property=\"og:url\" content=\"https:\/\/www.tabakversand.ch\/produit\/gizeh-brown-cones-24-x-3stk\/\" \/>\n<meta property=\"og:site_name\" content=\"Tabakversand.ch | Alles aus der Welt des Tabaks\" \/>\n<meta property=\"article:modified_time\" content=\"2025-02-08T09:30:24+00:00\" \/>\n<meta property=\"og:image\" content=\"https:\/\/www.tabakversand.ch\/wp-content\/uploads\/2023\/09\/gizeh-brown-cones-e.jpg\" \/>\n\t<meta property=\"og:image:width\" content=\"500\" \/>\n\t<meta property=\"og:image:height\" content=\"500\" \/>\n\t<meta property=\"og:image:type\" content=\"image\/jpeg\" \/>\n<meta name=\"twitter:card\" content=\"summary_large_image\" \/>\n<meta name=\"twitter:label1\" content=\"Dur\u00e9e de lecture estim\u00e9e\" \/>\n\t<meta name=\"twitter:data1\" content=\"2 minutes\" \/>\n<script type=\"application\/ld+json\" class=\"yoast-schema-graph\">{\"@context\":\"https:\/\/schema.org\",\"@graph\":[{\"@type\":\"WebPage\",\"@id\":\"https:\/\/www.tabakversand.ch\/produit\/gizeh-brown-cones-24-x-3stk\/\",\"url\":\"https:\/\/www.tabakversand.ch\/produit\/gizeh-brown-cones-24-x-3stk\/\",\"name\":\"C\u00f4nes marron Gizeh 24 x 3 pi\u00e8ces. - tabakversand.ch\",\"isPartOf\":{\"@id\":\"https:\/\/www.tabakversand.ch\/#website\"},\"primaryImageOfPage\":{\"@id\":\"https:\/\/www.tabakversand.ch\/produit\/gizeh-brown-cones-24-x-3stk\/#primaryimage\"},\"image\":{\"@id\":\"https:\/\/www.tabakversand.ch\/produit\/gizeh-brown-cones-24-x-3stk\/#primaryimage\"},\"thumbnailUrl\":\"https:\/\/www.tabakversand.ch\/wp-content\/uploads\/2023\/09\/gizeh-brown-cones-e.jpg\",\"datePublished\":\"2023-09-14T13:48:22+00:00\",\"dateModified\":\"2025-02-08T09:30:24+00:00\",\"description\":\"C\u00f4nes marron Gizeh 24 x 3 pi\u00e8ces. | Un tr\u00e8s grand choix de e-liquides, e-cigarettes et e-pipes dans toute la Suisse | Cartes accept\u00e9es !\",\"breadcrumb\":{\"@id\":\"https:\/\/www.tabakversand.ch\/produit\/gizeh-brown-cones-24-x-3stk\/#breadcrumb\"},\"inLanguage\":\"fr-FR\",\"potentialAction\":[{\"@type\":\"ReadAction\",\"target\":[\"https:\/\/www.tabakversand.ch\/produit\/gizeh-brown-cones-24-x-3stk\/\"]}]},{\"@type\":\"ImageObject\",\"inLanguage\":\"fr-FR\",\"@id\":\"https:\/\/www.tabakversand.ch\/produit\/gizeh-brown-cones-24-x-3stk\/#primaryimage\",\"url\":\"https:\/\/www.tabakversand.ch\/wp-content\/uploads\/2023\/09\/gizeh-brown-cones-e.jpg\",\"contentUrl\":\"https:\/\/www.tabakversand.ch\/wp-content\/uploads\/2023\/09\/gizeh-brown-cones-e.jpg\",\"width\":500,\"height\":500,\"caption\":\"Gizeh Brown Cones 24 x 3Stk.\"},{\"@type\":\"BreadcrumbList\",\"@id\":\"https:\/\/www.tabakversand.ch\/produit\/gizeh-brown-cones-24-x-3stk\/#breadcrumb\",\"itemListElement\":[{\"@type\":\"ListItem\",\"position\":1,\"name\":\"Startseite\",\"item\":\"https:\/\/www.tabakversand.ch\/\"},{\"@type\":\"ListItem\",\"position\":2,\"name\":\"Boutique\",\"item\":\"https:\/\/www.tabakversand.ch\/fr\/boutique\/\"},{\"@type\":\"ListItem\",\"position\":3,\"name\":\"C\u00f4nes marron Gizeh 24 x 3 pi\u00e8ces.\"}]},{\"@type\":\"WebSite\",\"@id\":\"https:\/\/www.tabakversand.ch\/#website\",\"url\":\"https:\/\/www.tabakversand.ch\/\",\"name\":\"Tabakversand.ch | Alles aus der Welt des Tabaks\",\"description\":\"Smoke and carpe diem\",\"potentialAction\":[{\"@type\":\"SearchAction\",\"target\":{\"@type\":\"EntryPoint\",\"urlTemplate\":\"https:\/\/www.tabakversand.ch\/?s={search_term_string}\"},\"query-input\":{\"@type\":\"PropertyValueSpecification\",\"valueRequired\":true,\"valueName\":\"search_term_string\"}}],\"inLanguage\":\"fr-FR\"}]}<\/script>\n<!-- \/ Yoast SEO plugin. -->","yoast_head_json":{"title":"C\u00f4nes marron Gizeh 24 x 3 pi\u00e8ces. - tabakversand.ch","description":"C\u00f4nes marron Gizeh 24 x 3 pi\u00e8ces. | Un tr\u00e8s grand choix de e-liquides, e-cigarettes et e-pipes dans toute la Suisse | Cartes accept\u00e9es !","robots":{"index":"index","follow":"follow","max-snippet":"max-snippet:-1","max-image-preview":"max-image-preview:large","max-video-preview":"max-video-preview:-1"},"canonical":"https:\/\/www.tabakversand.ch\/produit\/gizeh-brown-cones-24-x-3stk\/","og_locale":"fr_FR","og_type":"article","og_title":"C\u00f4nes marron Gizeh 24 x 3 pi\u00e8ces. - tabakversand.ch","og_description":"C\u00f4nes marron Gizeh 24 x 3 pi\u00e8ces. | Un tr\u00e8s grand choix de e-liquides, e-cigarettes et e-pipes dans toute la Suisse | Cartes accept\u00e9es !","og_url":"https:\/\/www.tabakversand.ch\/produit\/gizeh-brown-cones-24-x-3stk\/","og_site_name":"Tabakversand.ch | Alles aus der Welt des Tabaks","article_modified_time":"2025-02-08T09:30:24+00:00","og_image":[{"width":500,"height":500,"url":"https:\/\/www.tabakversand.ch\/wp-content\/uploads\/2023\/09\/gizeh-brown-cones-e.jpg","type":"image\/jpeg"}],"twitter_card":"summary_large_image","twitter_misc":{"Dur\u00e9e de lecture estim\u00e9e":"2 minutes"},"schema":{"@context":"https:\/\/schema.org","@graph":[{"@type":"WebPage","@id":"https:\/\/www.tabakversand.ch\/produit\/gizeh-brown-cones-24-x-3stk\/","url":"https:\/\/www.tabakversand.ch\/produit\/gizeh-brown-cones-24-x-3stk\/","name":"C\u00f4nes marron Gizeh 24 x 3 pi\u00e8ces. - tabakversand.ch","isPartOf":{"@id":"https:\/\/www.tabakversand.ch\/#website"},"primaryImageOfPage":{"@id":"https:\/\/www.tabakversand.ch\/produit\/gizeh-brown-cones-24-x-3stk\/#primaryimage"},"image":{"@id":"https:\/\/www.tabakversand.ch\/produit\/gizeh-brown-cones-24-x-3stk\/#primaryimage"},"thumbnailUrl":"https:\/\/www.tabakversand.ch\/wp-content\/uploads\/2023\/09\/gizeh-brown-cones-e.jpg","datePublished":"2023-09-14T13:48:22+00:00","dateModified":"2025-02-08T09:30:24+00:00","description":"C\u00f4nes marron Gizeh 24 x 3 pi\u00e8ces. | Un tr\u00e8s grand choix de e-liquides, e-cigarettes et e-pipes dans toute la Suisse | Cartes accept\u00e9es !","breadcrumb":{"@id":"https:\/\/www.tabakversand.ch\/produit\/gizeh-brown-cones-24-x-3stk\/#breadcrumb"},"inLanguage":"fr-FR","potentialAction":[{"@type":"ReadAction","target":["https:\/\/www.tabakversand.ch\/produit\/gizeh-brown-cones-24-x-3stk\/"]}]},{"@type":"ImageObject","inLanguage":"fr-FR","@id":"https:\/\/www.tabakversand.ch\/produit\/gizeh-brown-cones-24-x-3stk\/#primaryimage","url":"https:\/\/www.tabakversand.ch\/wp-content\/uploads\/2023\/09\/gizeh-brown-cones-e.jpg","contentUrl":"https:\/\/www.tabakversand.ch\/wp-content\/uploads\/2023\/09\/gizeh-brown-cones-e.jpg","width":500,"height":500,"caption":"Gizeh Brown Cones 24 x 3Stk."},{"@type":"BreadcrumbList","@id":"https:\/\/www.tabakversand.ch\/produit\/gizeh-brown-cones-24-x-3stk\/#breadcrumb","itemListElement":[{"@type":"ListItem","position":1,"name":"Startseite","item":"https:\/\/www.tabakversand.ch\/"},{"@type":"ListItem","position":2,"name":"Boutique","item":"https:\/\/www.tabakversand.ch\/fr\/boutique\/"},{"@type":"ListItem","position":3,"name":"C\u00f4nes marron Gizeh 24 x 3 pi\u00e8ces."}]},{"@type":"WebSite","@id":"https:\/\/www.tabakversand.ch\/#website","url":"https:\/\/www.tabakversand.ch\/","name":"Tabakversand.ch | Alles aus der Welt des Tabaks","description":"Smoke and carpe diem","potentialAction":[{"@type":"SearchAction","target":{"@type":"EntryPoint","urlTemplate":"https:\/\/www.tabakversand.ch\/?s={search_term_string}"},"query-input":{"@type":"PropertyValueSpecification","valueRequired":true,"valueName":"search_term_string"}}],"inLanguage":"fr-FR"}]}},"_links":{"self":[{"href":"https:\/\/www.tabakversand.ch\/fr\/wp-json\/wp\/v2\/product\/125761","targetHints":{"allow":["GET"]}}],"collection":[{"href":"https:\/\/www.tabakversand.ch\/fr\/wp-json\/wp\/v2\/product"}],"about":[{"href":"https:\/\/www.tabakversand.ch\/fr\/wp-json\/wp\/v2\/types\/product"}],"version-history":[{"count":3,"href":"https:\/\/www.tabakversand.ch\/fr\/wp-json\/wp\/v2\/product\/125761\/revisions"}],"predecessor-version":[{"id":168354,"href":"https:\/\/www.tabakversand.ch\/fr\/wp-json\/wp\/v2\/product\/125761\/revisions\/168354"}],"wp:featuredmedia":[{"embeddable":true,"href":"https:\/\/www.tabakversand.ch\/fr\/wp-json\/wp\/v2\/media\/156634"}],"wp:attachment":[{"href":"https:\/\/www.tabakversand.ch\/fr\/wp-json\/wp\/v2\/media?parent=125761"}],"wp:term":[{"taxonomy":"product_brand","embeddable":true,"href":"https:\/\/www.tabakversand.ch\/fr\/wp-json\/wp\/v2\/product_brand?post=125761"},{"taxonomy":"product_cat","embeddable":true,"href":"https:\/\/www.tabakversand.ch\/fr\/wp-json\/wp\/v2\/product_cat?post=125761"},{"taxonomy":"product_tag","embeddable":true,"href":"https:\/\/www.tabakversand.ch\/fr\/wp-json\/wp\/v2\/product_tag?post=125761"}],"curies":[{"name":"wp","href":"https:\/\/api.w.org\/{rel}","templated":true}]}}