{"id":125824,"date":"2023-09-14T15:42:27","date_gmt":"2023-09-14T13:42:27","guid":{"rendered":"https:\/\/www.tabakversand.ch\/?post_type=product&#038;p=125824"},"modified":"2026-02-21T08:50:50","modified_gmt":"2026-02-21T07:50:50","slug":"pipe-annuelle-vauen-2023-verte","status":"publish","type":"product","link":"https:\/\/www.tabakversand.ch\/fr\/produit\/pipe-annuelle-vauen-2023-verte\/","title":{"rendered":"Pipe annuelle Vauen 2023 verte"},"content":{"rendered":"<p>Pipe annuelle Vauen 2023 verte<\/p>\n<ul>\n<li>Sifflet annuel 2023<\/li>\n<li>Pays d&rsquo;origine : Allemagne<\/li>\n<li>Limit\u00e9 et num\u00e9rot\u00e9 individuellement<\/li>\n<li>La couleur verte<\/li>\n<li>Forme de la t\u00eate : Brandy<\/li>\n<li>Forme de base : demi-courb\u00e9e<\/li>\n<li>Surface : Lisse<\/li>\n<li>Volume de remplissage : moyen<\/li>\n<li>Embouchure : queue de poisson<\/li>\n<li>Type de morsure&nbsp;: morsure normale<\/li>\n<li>Mat\u00e9riau : bois de bruy\u00e8re<\/li>\n<li>Mat\u00e9riau de l&#8217;embout : acrylique<\/li>\n<li>Couleur de l&#8217;embout : Noir<\/li>\n<li>Al\u00e9sage du filtre : 9 mm<\/li>\n<li>Longueur : environ 15 cm<\/li>\n<li>Hauteur de la t\u00eate : environ 5 cm<\/li>\n<li>Diam\u00e8tre ext\u00e9rieur de la t\u00eate : environ 2,8 cm<\/li>\n<li>Diam\u00e8tre de la t\u00eate \u00e0 l&rsquo;int\u00e9rieur : environ 2 cm.<\/li>\n<li>Poids : environ 60g<\/li>\n<li>Application : bague d\u00e9corative en argent sterling.<\/li>\n<\/ul>\n<p>Tous les prix s&rsquo;appliquent uniquement aux commandes en ligne et incluent la TVA. Sous r\u00e9serve de modifications sans pr\u00e9avis, frais de livraison en sus. Sous r\u00e9serve d&rsquo;erreurs, de modifications de contenu de livraison et de conception, de fautes d&rsquo;impression et de modifications de prix. Les prix barr\u00e9s sont des prix de remplacement. Les illustrations peuvent diff\u00e9rer de l&rsquo;original\/du contenu de livraison.<br \/>\n*Livraison gratuite pour les commandes sup\u00e9rieures \u00e0 CHF 250.-.<\/p>\n","protected":false},"excerpt":{"rendered":"<p>Pipe annuelle Vauen 2023 verte Sifflet annuel 2023 Pays d&rsquo;origine : Allemagne Limit\u00e9 et num\u00e9rot\u00e9 individuellement La couleur verte Forme de la t\u00eate : Brandy Forme de base : demi-courb\u00e9e Surface : Lisse Volume de remplissage : moyen Embouchure : queue de poisson Type de morsure&nbsp;: morsure normale Mat\u00e9riau : bois de bruy\u00e8re Mat\u00e9riau de [&hellip;]<\/p>\n","protected":false},"featured_media":155803,"template":"","meta":[],"product_brand":[5273],"product_cat":[1949,1947,1945],"product_tag":[],"class_list":{"0":"post-125824","1":"product","2":"type-product","3":"status-publish","4":"has-post-thumbnail","6":"product_brand-vauen","7":"product_cat-pipe-world-fr","8":"product_cat-siffler","9":"product_cat-tuyaux-vauen","11":"first","12":"instock","13":"purchasable","14":"product-type-simple"},"yoast_head":"<!-- This site is optimized with the Yoast SEO plugin v27.0 - https:\/\/yoast.com\/product\/yoast-seo-wordpress\/ -->\n<title>Pipe annuelle Vauen 2023 verte - tabakversand.ch<\/title>\n<meta name=\"description\" content=\"Pipe annuelle Vauen 2023 vert | Un tr\u00e8s grand choix de produits du tabac, d&#039;e-smoke et d&#039;ustensiles pour fumer dans toute la Suisse Cartes accept\u00e9es !\" \/>\n<meta name=\"robots\" content=\"index, follow, max-snippet:-1, max-image-preview:large, max-video-preview:-1\" \/>\n<link rel=\"canonical\" href=\"https:\/\/www.tabakversand.ch\/fr\/produit\/pipe-annuelle-vauen-2023-verte\/\" \/>\n<meta property=\"og:locale\" content=\"fr_FR\" \/>\n<meta property=\"og:type\" content=\"article\" \/>\n<meta property=\"og:title\" content=\"Pipe annuelle Vauen 2023 verte - tabakversand.ch\" \/>\n<meta property=\"og:description\" content=\"Pipe annuelle Vauen 2023 vert | Un tr\u00e8s grand choix de produits du tabac, d&#039;e-smoke et d&#039;ustensiles pour fumer dans toute la Suisse Cartes accept\u00e9es !\" \/>\n<meta property=\"og:url\" content=\"https:\/\/www.tabakversand.ch\/fr\/produit\/pipe-annuelle-vauen-2023-verte\/\" \/>\n<meta property=\"og:site_name\" content=\"Tabakversand.ch | Alles aus der Welt des Tabaks\" \/>\n<meta property=\"article:modified_time\" content=\"2026-02-21T07:50:50+00:00\" \/>\n<meta property=\"og:image\" content=\"https:\/\/www.tabakversand.ch\/wp-content\/uploads\/2023\/09\/vauen-jahrespfeife-2023.jpg\" \/>\n\t<meta property=\"og:image:width\" content=\"500\" \/>\n\t<meta property=\"og:image:height\" content=\"500\" \/>\n\t<meta property=\"og:image:type\" content=\"image\/jpeg\" \/>\n<meta name=\"twitter:card\" content=\"summary_large_image\" \/>\n<meta name=\"twitter:label1\" content=\"Dur\u00e9e de lecture estim\u00e9e\" \/>\n\t<meta name=\"twitter:data1\" content=\"2 minutes\" \/>\n<script type=\"application\/ld+json\" class=\"yoast-schema-graph\">{\"@context\":\"https:\/\/schema.org\",\"@graph\":[{\"@type\":\"WebPage\",\"@id\":\"https:\/\/www.tabakversand.ch\/fr\/produit\/pipe-annuelle-vauen-2023-verte\/\",\"url\":\"https:\/\/www.tabakversand.ch\/fr\/produit\/pipe-annuelle-vauen-2023-verte\/\",\"name\":\"Pipe annuelle Vauen 2023 verte - tabakversand.ch\",\"isPartOf\":{\"@id\":\"https:\/\/www.tabakversand.ch\/#website\"},\"primaryImageOfPage\":{\"@id\":\"https:\/\/www.tabakversand.ch\/fr\/produit\/pipe-annuelle-vauen-2023-verte\/#primaryimage\"},\"image\":{\"@id\":\"https:\/\/www.tabakversand.ch\/fr\/produit\/pipe-annuelle-vauen-2023-verte\/#primaryimage\"},\"thumbnailUrl\":\"https:\/\/www.tabakversand.ch\/wp-content\/uploads\/2023\/09\/vauen-jahrespfeife-2023.jpg\",\"datePublished\":\"2023-09-14T13:42:27+00:00\",\"dateModified\":\"2026-02-21T07:50:50+00:00\",\"description\":\"Pipe annuelle Vauen 2023 vert | Un tr\u00e8s grand choix de produits du tabac, d'e-smoke et d'ustensiles pour fumer dans toute la Suisse Cartes accept\u00e9es !\",\"breadcrumb\":{\"@id\":\"https:\/\/www.tabakversand.ch\/fr\/produit\/pipe-annuelle-vauen-2023-verte\/#breadcrumb\"},\"inLanguage\":\"fr-FR\",\"potentialAction\":[{\"@type\":\"ReadAction\",\"target\":[\"https:\/\/www.tabakversand.ch\/fr\/produit\/pipe-annuelle-vauen-2023-verte\/\"]}]},{\"@type\":\"ImageObject\",\"inLanguage\":\"fr-FR\",\"@id\":\"https:\/\/www.tabakversand.ch\/fr\/produit\/pipe-annuelle-vauen-2023-verte\/#primaryimage\",\"url\":\"https:\/\/www.tabakversand.ch\/wp-content\/uploads\/2023\/09\/vauen-jahrespfeife-2023.jpg\",\"contentUrl\":\"https:\/\/www.tabakversand.ch\/wp-content\/uploads\/2023\/09\/vauen-jahrespfeife-2023.jpg\",\"width\":500,\"height\":500,\"caption\":\"Pipe Vauen de l'ann\u00e9e 2023 Verte | Tabakversand.ch\"},{\"@type\":\"BreadcrumbList\",\"@id\":\"https:\/\/www.tabakversand.ch\/fr\/produit\/pipe-annuelle-vauen-2023-verte\/#breadcrumb\",\"itemListElement\":[{\"@type\":\"ListItem\",\"position\":1,\"name\":\"Startseite\",\"item\":\"https:\/\/www.tabakversand.ch\/\"},{\"@type\":\"ListItem\",\"position\":2,\"name\":\"Boutique\",\"item\":\"https:\/\/www.tabakversand.ch\/fr\/boutique\/\"},{\"@type\":\"ListItem\",\"position\":3,\"name\":\"Pipe annuelle Vauen 2023 verte\"}]},{\"@type\":\"WebSite\",\"@id\":\"https:\/\/www.tabakversand.ch\/#website\",\"url\":\"https:\/\/www.tabakversand.ch\/\",\"name\":\"Tabakversand.ch | Alles aus der Welt des Tabaks\",\"description\":\"Smoke and carpe diem\",\"potentialAction\":[{\"@type\":\"SearchAction\",\"target\":{\"@type\":\"EntryPoint\",\"urlTemplate\":\"https:\/\/www.tabakversand.ch\/?s={search_term_string}\"},\"query-input\":{\"@type\":\"PropertyValueSpecification\",\"valueRequired\":true,\"valueName\":\"search_term_string\"}}],\"inLanguage\":\"fr-FR\"}]}<\/script>\n<!-- \/ Yoast SEO plugin. -->","yoast_head_json":{"title":"Pipe annuelle Vauen 2023 verte - tabakversand.ch","description":"Pipe annuelle Vauen 2023 vert | Un tr\u00e8s grand choix de produits du tabac, d'e-smoke et d'ustensiles pour fumer dans toute la Suisse Cartes accept\u00e9es !","robots":{"index":"index","follow":"follow","max-snippet":"max-snippet:-1","max-image-preview":"max-image-preview:large","max-video-preview":"max-video-preview:-1"},"canonical":"https:\/\/www.tabakversand.ch\/fr\/produit\/pipe-annuelle-vauen-2023-verte\/","og_locale":"fr_FR","og_type":"article","og_title":"Pipe annuelle Vauen 2023 verte - tabakversand.ch","og_description":"Pipe annuelle Vauen 2023 vert | Un tr\u00e8s grand choix de produits du tabac, d'e-smoke et d'ustensiles pour fumer dans toute la Suisse Cartes accept\u00e9es !","og_url":"https:\/\/www.tabakversand.ch\/fr\/produit\/pipe-annuelle-vauen-2023-verte\/","og_site_name":"Tabakversand.ch | Alles aus der Welt des Tabaks","article_modified_time":"2026-02-21T07:50:50+00:00","og_image":[{"width":500,"height":500,"url":"https:\/\/www.tabakversand.ch\/wp-content\/uploads\/2023\/09\/vauen-jahrespfeife-2023.jpg","type":"image\/jpeg"}],"twitter_card":"summary_large_image","twitter_misc":{"Dur\u00e9e de lecture estim\u00e9e":"2 minutes"},"schema":{"@context":"https:\/\/schema.org","@graph":[{"@type":"WebPage","@id":"https:\/\/www.tabakversand.ch\/fr\/produit\/pipe-annuelle-vauen-2023-verte\/","url":"https:\/\/www.tabakversand.ch\/fr\/produit\/pipe-annuelle-vauen-2023-verte\/","name":"Pipe annuelle Vauen 2023 verte - tabakversand.ch","isPartOf":{"@id":"https:\/\/www.tabakversand.ch\/#website"},"primaryImageOfPage":{"@id":"https:\/\/www.tabakversand.ch\/fr\/produit\/pipe-annuelle-vauen-2023-verte\/#primaryimage"},"image":{"@id":"https:\/\/www.tabakversand.ch\/fr\/produit\/pipe-annuelle-vauen-2023-verte\/#primaryimage"},"thumbnailUrl":"https:\/\/www.tabakversand.ch\/wp-content\/uploads\/2023\/09\/vauen-jahrespfeife-2023.jpg","datePublished":"2023-09-14T13:42:27+00:00","dateModified":"2026-02-21T07:50:50+00:00","description":"Pipe annuelle Vauen 2023 vert | Un tr\u00e8s grand choix de produits du tabac, d'e-smoke et d'ustensiles pour fumer dans toute la Suisse Cartes accept\u00e9es !","breadcrumb":{"@id":"https:\/\/www.tabakversand.ch\/fr\/produit\/pipe-annuelle-vauen-2023-verte\/#breadcrumb"},"inLanguage":"fr-FR","potentialAction":[{"@type":"ReadAction","target":["https:\/\/www.tabakversand.ch\/fr\/produit\/pipe-annuelle-vauen-2023-verte\/"]}]},{"@type":"ImageObject","inLanguage":"fr-FR","@id":"https:\/\/www.tabakversand.ch\/fr\/produit\/pipe-annuelle-vauen-2023-verte\/#primaryimage","url":"https:\/\/www.tabakversand.ch\/wp-content\/uploads\/2023\/09\/vauen-jahrespfeife-2023.jpg","contentUrl":"https:\/\/www.tabakversand.ch\/wp-content\/uploads\/2023\/09\/vauen-jahrespfeife-2023.jpg","width":500,"height":500,"caption":"Pipe Vauen de l'ann\u00e9e 2023 Verte | Tabakversand.ch"},{"@type":"BreadcrumbList","@id":"https:\/\/www.tabakversand.ch\/fr\/produit\/pipe-annuelle-vauen-2023-verte\/#breadcrumb","itemListElement":[{"@type":"ListItem","position":1,"name":"Startseite","item":"https:\/\/www.tabakversand.ch\/"},{"@type":"ListItem","position":2,"name":"Boutique","item":"https:\/\/www.tabakversand.ch\/fr\/boutique\/"},{"@type":"ListItem","position":3,"name":"Pipe annuelle Vauen 2023 verte"}]},{"@type":"WebSite","@id":"https:\/\/www.tabakversand.ch\/#website","url":"https:\/\/www.tabakversand.ch\/","name":"Tabakversand.ch | Alles aus der Welt des Tabaks","description":"Smoke and carpe diem","potentialAction":[{"@type":"SearchAction","target":{"@type":"EntryPoint","urlTemplate":"https:\/\/www.tabakversand.ch\/?s={search_term_string}"},"query-input":{"@type":"PropertyValueSpecification","valueRequired":true,"valueName":"search_term_string"}}],"inLanguage":"fr-FR"}]}},"_links":{"self":[{"href":"https:\/\/www.tabakversand.ch\/fr\/wp-json\/wp\/v2\/product\/125824","targetHints":{"allow":["GET"]}}],"collection":[{"href":"https:\/\/www.tabakversand.ch\/fr\/wp-json\/wp\/v2\/product"}],"about":[{"href":"https:\/\/www.tabakversand.ch\/fr\/wp-json\/wp\/v2\/types\/product"}],"version-history":[{"count":5,"href":"https:\/\/www.tabakversand.ch\/fr\/wp-json\/wp\/v2\/product\/125824\/revisions"}],"predecessor-version":[{"id":213047,"href":"https:\/\/www.tabakversand.ch\/fr\/wp-json\/wp\/v2\/product\/125824\/revisions\/213047"}],"wp:featuredmedia":[{"embeddable":true,"href":"https:\/\/www.tabakversand.ch\/fr\/wp-json\/wp\/v2\/media\/155803"}],"wp:attachment":[{"href":"https:\/\/www.tabakversand.ch\/fr\/wp-json\/wp\/v2\/media?parent=125824"}],"wp:term":[{"taxonomy":"product_brand","embeddable":true,"href":"https:\/\/www.tabakversand.ch\/fr\/wp-json\/wp\/v2\/product_brand?post=125824"},{"taxonomy":"product_cat","embeddable":true,"href":"https:\/\/www.tabakversand.ch\/fr\/wp-json\/wp\/v2\/product_cat?post=125824"},{"taxonomy":"product_tag","embeddable":true,"href":"https:\/\/www.tabakversand.ch\/fr\/wp-json\/wp\/v2\/product_tag?post=125824"}],"curies":[{"name":"wp","href":"https:\/\/api.w.org\/{rel}","templated":true}]}}