{"id":125858,"date":"2023-09-14T15:42:16","date_gmt":"2023-09-14T13:42:16","guid":{"rendered":"https:\/\/www.tabakversand.ch\/?post_type=product&#038;p=125858"},"modified":"2025-11-17T14:24:49","modified_gmt":"2025-11-17T13:24:49","slug":"tuyau-de-sable-shire-arondor","status":"publish","type":"product","link":"https:\/\/www.tabakversand.ch\/fr\/produit\/tuyau-de-sable-shire-arondor\/","title":{"rendered":"Tuyau de sable Shire Arondor"},"content":{"rendered":"<p>Tuyau de sable Shire Arondor<\/p>\n<p>Tuyau filtrant de 9 mm sabl\u00e9<\/p>\n<p>La particularit\u00e9 de ce mod\u00e8le est la poign\u00e9e ovale, qui se fond parfaitement dans la poign\u00e9e. Cette harmonie conf\u00e8re \u00e0 l&rsquo;Arondor son esth\u00e9tique particuli\u00e8re.<\/p>\n<p>Emball\u00e9 dans une belle bo\u00eete cadeau dans un sac en velours<\/p>\n<table width=\"520\">\n<tbody>\n<tr>\n<td width=\"192\">fourneau de pipe<\/td>\n<td>Fabriqu\u00e9 \u00e0 partir de bois de bruy\u00e8re<\/td>\n<\/tr>\n<tr>\n<td width=\"192\">tige<\/td>\n<td>Fabriqu\u00e9 en bois de h\u00eatre avec un tube en plastique int\u00e9gr\u00e9 pour un nettoyage hygi\u00e9nique.<\/td>\n<\/tr>\n<tr>\n<td width=\"192\">embouchure<\/td>\n<td>morsure acrylique<\/td>\n<\/tr>\n<tr>\n<td width=\"192\">9 mm<\/td>\n<td>Convient pour une utilisation avec une fraise Dr. de 9 mm. Filtre \u00e0 charbon actif Perl junior de VAUEN<\/td>\n<\/tr>\n<\/tbody>\n<\/table>\n<p>Tous les prix s&rsquo;appliquent uniquement aux commandes en ligne et incluent la TVA. Sous r\u00e9serve de modifications sans pr\u00e9avis, frais de livraison en sus. Sous r\u00e9serve d&rsquo;erreurs, de modifications de contenu de livraison et de conception, de fautes d&rsquo;impression et de modifications de prix. Les prix barr\u00e9s sont des prix de remplacement. Les illustrations peuvent diff\u00e9rer de l&rsquo;original\/du contenu de livraison.<br \/>\n*Livraison gratuite pour les commandes sup\u00e9rieures \u00e0 CHF 250.-.<\/p>\n","protected":false},"excerpt":{"rendered":"<p>Tuyau de sable Shire Arondor Tuyau filtrant de 9 mm sabl\u00e9 La particularit\u00e9 de ce mod\u00e8le est la poign\u00e9e ovale, qui se fond parfaitement dans la poign\u00e9e. Cette harmonie conf\u00e8re \u00e0 l&rsquo;Arondor son esth\u00e9tique particuli\u00e8re. Emball\u00e9 dans une belle bo\u00eete cadeau dans un sac en velours fourneau de pipe Fabriqu\u00e9 \u00e0 partir de bois de [&hellip;]<\/p>\n","protected":false},"featured_media":155783,"template":"","meta":[],"product_brand":[],"product_cat":[1949,1947,1945],"product_tag":[],"class_list":{"0":"post-125858","1":"product","2":"type-product","3":"status-publish","4":"has-post-thumbnail","6":"product_cat-pipe-world-fr","7":"product_cat-siffler","8":"product_cat-tuyaux-vauen","10":"first","11":"instock","12":"purchasable","13":"product-type-simple"},"yoast_head":"<!-- This site is optimized with the Yoast SEO plugin v27.0 - https:\/\/yoast.com\/product\/yoast-seo-wordpress\/ -->\n<title>Tuyau de sable Shire Arondor<\/title>\n<meta name=\"description\" content=\"Tuyau de sable Shire Arondor | Un tr\u00e8s grand choix de produits du tabac, d&#039;e-smoke et d&#039;ustensiles pour fumer dans toute la Suisse Cartes accept\u00e9es !\" \/>\n<meta name=\"robots\" content=\"index, follow, max-snippet:-1, max-image-preview:large, max-video-preview:-1\" \/>\n<link rel=\"canonical\" href=\"https:\/\/www.tabakversand.ch\/fr\/produit\/tuyau-de-sable-shire-arondor\/\" \/>\n<meta property=\"og:locale\" content=\"fr_FR\" \/>\n<meta property=\"og:type\" content=\"article\" \/>\n<meta property=\"og:title\" content=\"Tuyau de sable Shire Arondor\" \/>\n<meta property=\"og:description\" content=\"Tuyau de sable Shire Arondor | Un tr\u00e8s grand choix de produits du tabac, d&#039;e-smoke et d&#039;ustensiles pour fumer dans toute la Suisse Cartes accept\u00e9es !\" \/>\n<meta property=\"og:url\" content=\"https:\/\/www.tabakversand.ch\/fr\/produit\/tuyau-de-sable-shire-arondor\/\" \/>\n<meta property=\"og:site_name\" content=\"Tabakversand.ch | Alles aus der Welt des Tabaks\" \/>\n<meta property=\"article:modified_time\" content=\"2025-11-17T13:24:49+00:00\" \/>\n<meta property=\"og:image\" content=\"https:\/\/www.tabakversand.ch\/wp-content\/uploads\/2023\/09\/arondor-sand-auenland-pfeife.jpg\" \/>\n\t<meta property=\"og:image:width\" content=\"500\" \/>\n\t<meta property=\"og:image:height\" content=\"500\" \/>\n\t<meta property=\"og:image:type\" content=\"image\/jpeg\" \/>\n<meta name=\"twitter:card\" content=\"summary_large_image\" \/>\n<meta name=\"twitter:label1\" content=\"Dur\u00e9e de lecture estim\u00e9e\" \/>\n\t<meta name=\"twitter:data1\" content=\"2 minutes\" \/>\n<script type=\"application\/ld+json\" class=\"yoast-schema-graph\">{\"@context\":\"https:\/\/schema.org\",\"@graph\":[{\"@type\":\"WebPage\",\"@id\":\"https:\/\/www.tabakversand.ch\/fr\/produit\/tuyau-de-sable-shire-arondor\/\",\"url\":\"https:\/\/www.tabakversand.ch\/fr\/produit\/tuyau-de-sable-shire-arondor\/\",\"name\":\"Tuyau de sable Shire Arondor\",\"isPartOf\":{\"@id\":\"https:\/\/www.tabakversand.ch\/#website\"},\"primaryImageOfPage\":{\"@id\":\"https:\/\/www.tabakversand.ch\/fr\/produit\/tuyau-de-sable-shire-arondor\/#primaryimage\"},\"image\":{\"@id\":\"https:\/\/www.tabakversand.ch\/fr\/produit\/tuyau-de-sable-shire-arondor\/#primaryimage\"},\"thumbnailUrl\":\"https:\/\/www.tabakversand.ch\/wp-content\/uploads\/2023\/09\/arondor-sand-auenland-pfeife.jpg\",\"datePublished\":\"2023-09-14T13:42:16+00:00\",\"dateModified\":\"2025-11-17T13:24:49+00:00\",\"description\":\"Tuyau de sable Shire Arondor | Un tr\u00e8s grand choix de produits du tabac, d'e-smoke et d'ustensiles pour fumer dans toute la Suisse Cartes accept\u00e9es !\",\"breadcrumb\":{\"@id\":\"https:\/\/www.tabakversand.ch\/fr\/produit\/tuyau-de-sable-shire-arondor\/#breadcrumb\"},\"inLanguage\":\"fr-FR\",\"potentialAction\":[{\"@type\":\"ReadAction\",\"target\":[\"https:\/\/www.tabakversand.ch\/fr\/produit\/tuyau-de-sable-shire-arondor\/\"]}]},{\"@type\":\"ImageObject\",\"inLanguage\":\"fr-FR\",\"@id\":\"https:\/\/www.tabakversand.ch\/fr\/produit\/tuyau-de-sable-shire-arondor\/#primaryimage\",\"url\":\"https:\/\/www.tabakversand.ch\/wp-content\/uploads\/2023\/09\/arondor-sand-auenland-pfeife.jpg\",\"contentUrl\":\"https:\/\/www.tabakversand.ch\/wp-content\/uploads\/2023\/09\/arondor-sand-auenland-pfeife.jpg\",\"width\":500,\"height\":500,\"caption\":\"Tuyau de sable Auenland Arondor | Tabakversand.ch\"},{\"@type\":\"BreadcrumbList\",\"@id\":\"https:\/\/www.tabakversand.ch\/fr\/produit\/tuyau-de-sable-shire-arondor\/#breadcrumb\",\"itemListElement\":[{\"@type\":\"ListItem\",\"position\":1,\"name\":\"Startseite\",\"item\":\"https:\/\/www.tabakversand.ch\/\"},{\"@type\":\"ListItem\",\"position\":2,\"name\":\"Boutique\",\"item\":\"https:\/\/www.tabakversand.ch\/fr\/boutique\/\"},{\"@type\":\"ListItem\",\"position\":3,\"name\":\"Tuyau de sable Shire Arondor\"}]},{\"@type\":\"WebSite\",\"@id\":\"https:\/\/www.tabakversand.ch\/#website\",\"url\":\"https:\/\/www.tabakversand.ch\/\",\"name\":\"Tabakversand.ch | Alles aus der Welt des Tabaks\",\"description\":\"Smoke and carpe diem\",\"potentialAction\":[{\"@type\":\"SearchAction\",\"target\":{\"@type\":\"EntryPoint\",\"urlTemplate\":\"https:\/\/www.tabakversand.ch\/?s={search_term_string}\"},\"query-input\":{\"@type\":\"PropertyValueSpecification\",\"valueRequired\":true,\"valueName\":\"search_term_string\"}}],\"inLanguage\":\"fr-FR\"}]}<\/script>\n<!-- \/ Yoast SEO plugin. -->","yoast_head_json":{"title":"Tuyau de sable Shire Arondor","description":"Tuyau de sable Shire Arondor | Un tr\u00e8s grand choix de produits du tabac, d'e-smoke et d'ustensiles pour fumer dans toute la Suisse Cartes accept\u00e9es !","robots":{"index":"index","follow":"follow","max-snippet":"max-snippet:-1","max-image-preview":"max-image-preview:large","max-video-preview":"max-video-preview:-1"},"canonical":"https:\/\/www.tabakversand.ch\/fr\/produit\/tuyau-de-sable-shire-arondor\/","og_locale":"fr_FR","og_type":"article","og_title":"Tuyau de sable Shire Arondor","og_description":"Tuyau de sable Shire Arondor | Un tr\u00e8s grand choix de produits du tabac, d'e-smoke et d'ustensiles pour fumer dans toute la Suisse Cartes accept\u00e9es !","og_url":"https:\/\/www.tabakversand.ch\/fr\/produit\/tuyau-de-sable-shire-arondor\/","og_site_name":"Tabakversand.ch | Alles aus der Welt des Tabaks","article_modified_time":"2025-11-17T13:24:49+00:00","og_image":[{"width":500,"height":500,"url":"https:\/\/www.tabakversand.ch\/wp-content\/uploads\/2023\/09\/arondor-sand-auenland-pfeife.jpg","type":"image\/jpeg"}],"twitter_card":"summary_large_image","twitter_misc":{"Dur\u00e9e de lecture estim\u00e9e":"2 minutes"},"schema":{"@context":"https:\/\/schema.org","@graph":[{"@type":"WebPage","@id":"https:\/\/www.tabakversand.ch\/fr\/produit\/tuyau-de-sable-shire-arondor\/","url":"https:\/\/www.tabakversand.ch\/fr\/produit\/tuyau-de-sable-shire-arondor\/","name":"Tuyau de sable Shire Arondor","isPartOf":{"@id":"https:\/\/www.tabakversand.ch\/#website"},"primaryImageOfPage":{"@id":"https:\/\/www.tabakversand.ch\/fr\/produit\/tuyau-de-sable-shire-arondor\/#primaryimage"},"image":{"@id":"https:\/\/www.tabakversand.ch\/fr\/produit\/tuyau-de-sable-shire-arondor\/#primaryimage"},"thumbnailUrl":"https:\/\/www.tabakversand.ch\/wp-content\/uploads\/2023\/09\/arondor-sand-auenland-pfeife.jpg","datePublished":"2023-09-14T13:42:16+00:00","dateModified":"2025-11-17T13:24:49+00:00","description":"Tuyau de sable Shire Arondor | Un tr\u00e8s grand choix de produits du tabac, d'e-smoke et d'ustensiles pour fumer dans toute la Suisse Cartes accept\u00e9es !","breadcrumb":{"@id":"https:\/\/www.tabakversand.ch\/fr\/produit\/tuyau-de-sable-shire-arondor\/#breadcrumb"},"inLanguage":"fr-FR","potentialAction":[{"@type":"ReadAction","target":["https:\/\/www.tabakversand.ch\/fr\/produit\/tuyau-de-sable-shire-arondor\/"]}]},{"@type":"ImageObject","inLanguage":"fr-FR","@id":"https:\/\/www.tabakversand.ch\/fr\/produit\/tuyau-de-sable-shire-arondor\/#primaryimage","url":"https:\/\/www.tabakversand.ch\/wp-content\/uploads\/2023\/09\/arondor-sand-auenland-pfeife.jpg","contentUrl":"https:\/\/www.tabakversand.ch\/wp-content\/uploads\/2023\/09\/arondor-sand-auenland-pfeife.jpg","width":500,"height":500,"caption":"Tuyau de sable Auenland Arondor | Tabakversand.ch"},{"@type":"BreadcrumbList","@id":"https:\/\/www.tabakversand.ch\/fr\/produit\/tuyau-de-sable-shire-arondor\/#breadcrumb","itemListElement":[{"@type":"ListItem","position":1,"name":"Startseite","item":"https:\/\/www.tabakversand.ch\/"},{"@type":"ListItem","position":2,"name":"Boutique","item":"https:\/\/www.tabakversand.ch\/fr\/boutique\/"},{"@type":"ListItem","position":3,"name":"Tuyau de sable Shire Arondor"}]},{"@type":"WebSite","@id":"https:\/\/www.tabakversand.ch\/#website","url":"https:\/\/www.tabakversand.ch\/","name":"Tabakversand.ch | Alles aus der Welt des Tabaks","description":"Smoke and carpe diem","potentialAction":[{"@type":"SearchAction","target":{"@type":"EntryPoint","urlTemplate":"https:\/\/www.tabakversand.ch\/?s={search_term_string}"},"query-input":{"@type":"PropertyValueSpecification","valueRequired":true,"valueName":"search_term_string"}}],"inLanguage":"fr-FR"}]}},"_links":{"self":[{"href":"https:\/\/www.tabakversand.ch\/fr\/wp-json\/wp\/v2\/product\/125858","targetHints":{"allow":["GET"]}}],"collection":[{"href":"https:\/\/www.tabakversand.ch\/fr\/wp-json\/wp\/v2\/product"}],"about":[{"href":"https:\/\/www.tabakversand.ch\/fr\/wp-json\/wp\/v2\/types\/product"}],"version-history":[{"count":5,"href":"https:\/\/www.tabakversand.ch\/fr\/wp-json\/wp\/v2\/product\/125858\/revisions"}],"predecessor-version":[{"id":206323,"href":"https:\/\/www.tabakversand.ch\/fr\/wp-json\/wp\/v2\/product\/125858\/revisions\/206323"}],"wp:featuredmedia":[{"embeddable":true,"href":"https:\/\/www.tabakversand.ch\/fr\/wp-json\/wp\/v2\/media\/155783"}],"wp:attachment":[{"href":"https:\/\/www.tabakversand.ch\/fr\/wp-json\/wp\/v2\/media?parent=125858"}],"wp:term":[{"taxonomy":"product_brand","embeddable":true,"href":"https:\/\/www.tabakversand.ch\/fr\/wp-json\/wp\/v2\/product_brand?post=125858"},{"taxonomy":"product_cat","embeddable":true,"href":"https:\/\/www.tabakversand.ch\/fr\/wp-json\/wp\/v2\/product_cat?post=125858"},{"taxonomy":"product_tag","embeddable":true,"href":"https:\/\/www.tabakversand.ch\/fr\/wp-json\/wp\/v2\/product_tag?post=125858"}],"curies":[{"name":"wp","href":"https:\/\/api.w.org\/{rel}","templated":true}]}}