{"id":127263,"date":"2023-01-14T11:40:35","date_gmt":"2023-01-14T10:40:35","guid":{"rendered":"https:\/\/www.tabakversand.ch\/?post_type=product&#038;p=127263"},"modified":"2025-10-28T10:26:47","modified_gmt":"2025-10-28T09:26:47","slug":"elf-bar-elfa-pro-2-x-2ml-pod-0mg","status":"publish","type":"product","link":"https:\/\/www.tabakversand.ch\/fr\/produit\/elf-bar-elfa-pro-2-x-2ml-pod-0mg\/","title":{"rendered":"Elf Bar ELFA Pro 2 x 2ml Pod 0mg"},"content":{"rendered":"<p>Elf Bar ELFA Pro 2 x 2ml Pod 0mg<\/p>\n<p>Plongez-vous dans un monde plein de saveurs vari\u00e9es avec les nouveaux ELFA Pro Pods. Chaque dosette est soigneusement remplie d&rsquo;e-liquides haut de gamme qui offrent un maximum de saveur et de satisfaction. Les pods sont le c\u0153ur de votre exp\u00e9rience de vapotage, con\u00e7us pour offrir des saveurs pures et intenses \u00e0 chaque bouff\u00e9e.<\/p>\n<p>Elf Bar maintient sa position \u00e0 la pointe de l&rsquo;innovation en proposant une riche s\u00e9lection de saveurs pour sublimer votre exp\u00e9rience de vape. Avec les pods ELFA Pro, vous avez acc\u00e8s \u00e0 une gamme de saveurs con\u00e7ues pour rendre chaque session de vape unique et enrichissante. <\/p>\n<p>Profitez des subtilit\u00e9s du vapotage avec la technologie avanc\u00e9e de s\u00e9paration de bobine E-Liquid (ECS) et de bobine en maille QUAQ int\u00e9gr\u00e9e aux pods ELFA Pro. Ces technologies vous garantissent une vapeur riche et un go\u00fbt authentique, \u00e9vitant le risque de go\u00fbt de br\u00fbl\u00e9.<\/p>\n<p>Les pods ELFA Pro d\u00e9montrent qu&rsquo;Elf Bar accorde la priorit\u00e9 \u00e0 la s\u00e9curit\u00e9 et \u00e0 la satisfaction des vapoteurs. Prot\u00e9g\u00e9s par le syst\u00e8me \u00ab Verify Product \u00bb, ils garantissent l\u2019authenticit\u00e9 de votre produit et offrent une protection contre les contrefa\u00e7ons.<\/p>\n<table width=\"520\">\n<tbody>\n<tr>\n<td>Nombre de mouvements<\/td>\n<td>environ : 1200<\/td>\n<\/tr>\n<tr>\n<td>Type d&rsquo;appareil<\/td>\n<td>Jetable sans nicotine<\/td>\n<\/tr>\n<tr>\n<td>Teneur en nicotine\/ml<\/td>\n<td>0 mg<\/td>\n<\/tr>\n<tr>\n<td>Quantit\u00e9 de remplissage<\/td>\n<td>2,0 ml<\/td>\n<\/tr>\n<\/tbody>\n<\/table>\n<p>Tous les prix s&rsquo;appliquent uniquement aux commandes en ligne et incluent la TVA. Sous r\u00e9serve de modifications sans pr\u00e9avis, frais de livraison en sus. Sous r\u00e9serve d&rsquo;erreurs, de modifications de contenu de livraison et de conception, de fautes d&rsquo;impression et de modifications de prix. Les prix barr\u00e9s sont des prix de remplacement. Les illustrations peuvent diff\u00e9rer de l&rsquo;original\/du contenu de livraison.<br \/>\n*Livraison gratuite pour les commandes sup\u00e9rieures \u00e0 CHF 250.-.<\/p>\n","protected":false},"excerpt":{"rendered":"<p>Elf Bar ELFA Pro 2 x 2ml Pod 0mg Plongez-vous dans un monde plein de saveurs vari\u00e9es avec les nouveaux ELFA Pro Pods. Chaque dosette est soigneusement remplie d&rsquo;e-liquides haut de gamme qui offrent un maximum de saveur et de satisfaction. Les pods sont le c\u0153ur de votre exp\u00e9rience de vapotage, con\u00e7us pour offrir des [&hellip;]<\/p>\n","protected":false},"featured_media":193342,"template":"","meta":[],"product_brand":[2951],"product_cat":[1895,1894,2880],"product_tag":[],"class_list":{"0":"post-127263","1":"product","2":"type-product","3":"status-publish","4":"has-post-thumbnail","6":"product_brand-elfbar","7":"product_cat-e-fumee","8":"product_cat-e-liquide","9":"product_cat-elf-bar-elfa-pro-pod-fr","10":"pa_geschmack-apple-peach-fr","11":"pa_geschmack-banana-fr","12":"pa_geschmack-blue-razz-lemonade-fr","13":"pa_geschmack-blueberry-fr","14":"pa_geschmack-blueberry-sour-raspberry-fr","15":"pa_geschmack-cola-fr","16":"pa_geschmack-kiwi-passionfruit-guava-fr","17":"pa_geschmack-lemon-mint-fr","18":"pa_geschmack-mix-berries-fr","19":"pa_geschmack-peach-ice-fr","20":"pa_geschmack-pink-lemonade-fr","21":"pa_geschmack-raspberry-watermelon-fr","22":"pa_geschmack-spearmint-fr","23":"pa_geschmack-strawberry-ice-fr","24":"pa_geschmack-strawberry-kiwi-fr","25":"pa_geschmack-strawberry-raspberry-fr","26":"pa_geschmack-strawberry-raspberry-cherry-ice-fr","27":"pa_geschmack-tropical-fruit-fr","28":"pa_geschmack-watermelon-fr","29":"pa_geschmack-watermelon-cherry-fr","31":"first","32":"onbackorder","33":"purchasable","34":"product-type-variable"},"yoast_head":"<!-- This site is optimized with the Yoast SEO plugin v27.5 - https:\/\/yoast.com\/product\/yoast-seo-wordpress\/ -->\n<title>Elf Bar ELFA Pro 2 x 2ml Pod 0mg<\/title>\n<meta name=\"description\" content=\"Elf Bar ELFA Pro 2 x 2ml Pod 0mg | Un tr\u00e8s grand choix d&#039;e-liquides, e-cigarettes et e-pipes dans toute la Suisse | Cartes accept\u00e9es !\" \/>\n<meta name=\"robots\" content=\"index, follow, max-snippet:-1, max-image-preview:large, max-video-preview:-1\" \/>\n<link rel=\"canonical\" href=\"https:\/\/www.tabakversand.ch\/fr\/produit\/elf-bar-elfa-pro-2-x-2ml-pod-0mg\/\" \/>\n<meta property=\"og:locale\" content=\"fr_FR\" \/>\n<meta property=\"og:type\" content=\"article\" \/>\n<meta property=\"og:title\" content=\"Elf Bar ELFA Pro 2 x 2ml Pod 0mg\" \/>\n<meta property=\"og:description\" content=\"Elf Bar ELFA Pro 2 x 2ml Pod 0mg | Un tr\u00e8s grand choix d&#039;e-liquides, e-cigarettes et e-pipes dans toute la Suisse | Cartes accept\u00e9es !\" \/>\n<meta property=\"og:url\" content=\"https:\/\/www.tabakversand.ch\/fr\/produit\/elf-bar-elfa-pro-2-x-2ml-pod-0mg\/\" \/>\n<meta property=\"og:site_name\" content=\"Tabakversand.ch | Alles aus der Welt des Tabaks\" \/>\n<meta property=\"article:modified_time\" content=\"2025-10-28T09:26:47+00:00\" \/>\n<meta property=\"og:image\" content=\"https:\/\/www.tabakversand.ch\/wp-content\/uploads\/2023\/01\/elfa-pro-2ml-pods-all-0mg-.jpg\" \/>\n\t<meta property=\"og:image:width\" content=\"500\" \/>\n\t<meta property=\"og:image:height\" content=\"500\" \/>\n\t<meta property=\"og:image:type\" content=\"image\/jpeg\" \/>\n<meta name=\"twitter:card\" content=\"summary_large_image\" \/>\n<meta name=\"twitter:label1\" content=\"Dur\u00e9e de lecture estim\u00e9e\" \/>\n\t<meta name=\"twitter:data1\" content=\"2 minutes\" \/>\n<script type=\"application\/ld+json\" class=\"yoast-schema-graph\">{\"@context\":\"https:\\\/\\\/schema.org\",\"@graph\":[{\"@type\":\"WebPage\",\"@id\":\"https:\\\/\\\/www.tabakversand.ch\\\/fr\\\/produit\\\/elf-bar-elfa-pro-2-x-2ml-pod-0mg\\\/\",\"url\":\"https:\\\/\\\/www.tabakversand.ch\\\/fr\\\/produit\\\/elf-bar-elfa-pro-2-x-2ml-pod-0mg\\\/\",\"name\":\"Elf Bar ELFA Pro 2 x 2ml Pod 0mg\",\"isPartOf\":{\"@id\":\"https:\\\/\\\/www.tabakversand.ch\\\/#website\"},\"primaryImageOfPage\":{\"@id\":\"https:\\\/\\\/www.tabakversand.ch\\\/fr\\\/produit\\\/elf-bar-elfa-pro-2-x-2ml-pod-0mg\\\/#primaryimage\"},\"image\":{\"@id\":\"https:\\\/\\\/www.tabakversand.ch\\\/fr\\\/produit\\\/elf-bar-elfa-pro-2-x-2ml-pod-0mg\\\/#primaryimage\"},\"thumbnailUrl\":\"https:\\\/\\\/www.tabakversand.ch\\\/wp-content\\\/uploads\\\/2023\\\/01\\\/elfa-pro-2ml-pods-all-0mg-.jpg\",\"datePublished\":\"2023-01-14T10:40:35+00:00\",\"dateModified\":\"2025-10-28T09:26:47+00:00\",\"description\":\"Elf Bar ELFA Pro 2 x 2ml Pod 0mg | Un tr\u00e8s grand choix d'e-liquides, e-cigarettes et e-pipes dans toute la Suisse | Cartes accept\u00e9es !\",\"breadcrumb\":{\"@id\":\"https:\\\/\\\/www.tabakversand.ch\\\/fr\\\/produit\\\/elf-bar-elfa-pro-2-x-2ml-pod-0mg\\\/#breadcrumb\"},\"inLanguage\":\"fr-FR\",\"potentialAction\":[{\"@type\":\"ReadAction\",\"target\":[\"https:\\\/\\\/www.tabakversand.ch\\\/fr\\\/produit\\\/elf-bar-elfa-pro-2-x-2ml-pod-0mg\\\/\"]}]},{\"@type\":\"ImageObject\",\"inLanguage\":\"fr-FR\",\"@id\":\"https:\\\/\\\/www.tabakversand.ch\\\/fr\\\/produit\\\/elf-bar-elfa-pro-2-x-2ml-pod-0mg\\\/#primaryimage\",\"url\":\"https:\\\/\\\/www.tabakversand.ch\\\/wp-content\\\/uploads\\\/2023\\\/01\\\/elfa-pro-2ml-pods-all-0mg-.jpg\",\"contentUrl\":\"https:\\\/\\\/www.tabakversand.ch\\\/wp-content\\\/uploads\\\/2023\\\/01\\\/elfa-pro-2ml-pods-all-0mg-.jpg\",\"width\":500,\"height\":500,\"caption\":\"Elf Bar ELFA Pro 2 x 2ml Pod 0mg\"},{\"@type\":\"BreadcrumbList\",\"@id\":\"https:\\\/\\\/www.tabakversand.ch\\\/fr\\\/produit\\\/elf-bar-elfa-pro-2-x-2ml-pod-0mg\\\/#breadcrumb\",\"itemListElement\":[{\"@type\":\"ListItem\",\"position\":1,\"name\":\"Startseite\",\"item\":\"https:\\\/\\\/www.tabakversand.ch\\\/\"},{\"@type\":\"ListItem\",\"position\":2,\"name\":\"Boutique\",\"item\":\"https:\\\/\\\/www.tabakversand.ch\\\/fr\\\/boutique\\\/\"},{\"@type\":\"ListItem\",\"position\":3,\"name\":\"Elf Bar ELFA Pro 2 x 2ml Pod 0mg\"}]},{\"@type\":\"WebSite\",\"@id\":\"https:\\\/\\\/www.tabakversand.ch\\\/#website\",\"url\":\"https:\\\/\\\/www.tabakversand.ch\\\/\",\"name\":\"Tabakversand.ch | Alles aus der Welt des Tabaks\",\"description\":\"Smoke and carpe diem\",\"potentialAction\":[{\"@type\":\"SearchAction\",\"target\":{\"@type\":\"EntryPoint\",\"urlTemplate\":\"https:\\\/\\\/www.tabakversand.ch\\\/?s={search_term_string}\"},\"query-input\":{\"@type\":\"PropertyValueSpecification\",\"valueRequired\":true,\"valueName\":\"search_term_string\"}}],\"inLanguage\":\"fr-FR\"}]}<\/script>\n<!-- \/ Yoast SEO plugin. -->","yoast_head_json":{"title":"Elf Bar ELFA Pro 2 x 2ml Pod 0mg","description":"Elf Bar ELFA Pro 2 x 2ml Pod 0mg | Un tr\u00e8s grand choix d'e-liquides, e-cigarettes et e-pipes dans toute la Suisse | Cartes accept\u00e9es !","robots":{"index":"index","follow":"follow","max-snippet":"max-snippet:-1","max-image-preview":"max-image-preview:large","max-video-preview":"max-video-preview:-1"},"canonical":"https:\/\/www.tabakversand.ch\/fr\/produit\/elf-bar-elfa-pro-2-x-2ml-pod-0mg\/","og_locale":"fr_FR","og_type":"article","og_title":"Elf Bar ELFA Pro 2 x 2ml Pod 0mg","og_description":"Elf Bar ELFA Pro 2 x 2ml Pod 0mg | Un tr\u00e8s grand choix d'e-liquides, e-cigarettes et e-pipes dans toute la Suisse | Cartes accept\u00e9es !","og_url":"https:\/\/www.tabakversand.ch\/fr\/produit\/elf-bar-elfa-pro-2-x-2ml-pod-0mg\/","og_site_name":"Tabakversand.ch | Alles aus der Welt des Tabaks","article_modified_time":"2025-10-28T09:26:47+00:00","og_image":[{"width":500,"height":500,"url":"https:\/\/www.tabakversand.ch\/wp-content\/uploads\/2023\/01\/elfa-pro-2ml-pods-all-0mg-.jpg","type":"image\/jpeg"}],"twitter_card":"summary_large_image","twitter_misc":{"Dur\u00e9e de lecture estim\u00e9e":"2 minutes"},"schema":{"@context":"https:\/\/schema.org","@graph":[{"@type":"WebPage","@id":"https:\/\/www.tabakversand.ch\/fr\/produit\/elf-bar-elfa-pro-2-x-2ml-pod-0mg\/","url":"https:\/\/www.tabakversand.ch\/fr\/produit\/elf-bar-elfa-pro-2-x-2ml-pod-0mg\/","name":"Elf Bar ELFA Pro 2 x 2ml Pod 0mg","isPartOf":{"@id":"https:\/\/www.tabakversand.ch\/#website"},"primaryImageOfPage":{"@id":"https:\/\/www.tabakversand.ch\/fr\/produit\/elf-bar-elfa-pro-2-x-2ml-pod-0mg\/#primaryimage"},"image":{"@id":"https:\/\/www.tabakversand.ch\/fr\/produit\/elf-bar-elfa-pro-2-x-2ml-pod-0mg\/#primaryimage"},"thumbnailUrl":"https:\/\/www.tabakversand.ch\/wp-content\/uploads\/2023\/01\/elfa-pro-2ml-pods-all-0mg-.jpg","datePublished":"2023-01-14T10:40:35+00:00","dateModified":"2025-10-28T09:26:47+00:00","description":"Elf Bar ELFA Pro 2 x 2ml Pod 0mg | Un tr\u00e8s grand choix d'e-liquides, e-cigarettes et e-pipes dans toute la Suisse | Cartes accept\u00e9es !","breadcrumb":{"@id":"https:\/\/www.tabakversand.ch\/fr\/produit\/elf-bar-elfa-pro-2-x-2ml-pod-0mg\/#breadcrumb"},"inLanguage":"fr-FR","potentialAction":[{"@type":"ReadAction","target":["https:\/\/www.tabakversand.ch\/fr\/produit\/elf-bar-elfa-pro-2-x-2ml-pod-0mg\/"]}]},{"@type":"ImageObject","inLanguage":"fr-FR","@id":"https:\/\/www.tabakversand.ch\/fr\/produit\/elf-bar-elfa-pro-2-x-2ml-pod-0mg\/#primaryimage","url":"https:\/\/www.tabakversand.ch\/wp-content\/uploads\/2023\/01\/elfa-pro-2ml-pods-all-0mg-.jpg","contentUrl":"https:\/\/www.tabakversand.ch\/wp-content\/uploads\/2023\/01\/elfa-pro-2ml-pods-all-0mg-.jpg","width":500,"height":500,"caption":"Elf Bar ELFA Pro 2 x 2ml Pod 0mg"},{"@type":"BreadcrumbList","@id":"https:\/\/www.tabakversand.ch\/fr\/produit\/elf-bar-elfa-pro-2-x-2ml-pod-0mg\/#breadcrumb","itemListElement":[{"@type":"ListItem","position":1,"name":"Startseite","item":"https:\/\/www.tabakversand.ch\/"},{"@type":"ListItem","position":2,"name":"Boutique","item":"https:\/\/www.tabakversand.ch\/fr\/boutique\/"},{"@type":"ListItem","position":3,"name":"Elf Bar ELFA Pro 2 x 2ml Pod 0mg"}]},{"@type":"WebSite","@id":"https:\/\/www.tabakversand.ch\/#website","url":"https:\/\/www.tabakversand.ch\/","name":"Tabakversand.ch | Alles aus der Welt des Tabaks","description":"Smoke and carpe diem","potentialAction":[{"@type":"SearchAction","target":{"@type":"EntryPoint","urlTemplate":"https:\/\/www.tabakversand.ch\/?s={search_term_string}"},"query-input":{"@type":"PropertyValueSpecification","valueRequired":true,"valueName":"search_term_string"}}],"inLanguage":"fr-FR"}]}},"_links":{"self":[{"href":"https:\/\/www.tabakversand.ch\/fr\/wp-json\/wp\/v2\/product\/127263","targetHints":{"allow":["GET"]}}],"collection":[{"href":"https:\/\/www.tabakversand.ch\/fr\/wp-json\/wp\/v2\/product"}],"about":[{"href":"https:\/\/www.tabakversand.ch\/fr\/wp-json\/wp\/v2\/types\/product"}],"version-history":[{"count":5,"href":"https:\/\/www.tabakversand.ch\/fr\/wp-json\/wp\/v2\/product\/127263\/revisions"}],"predecessor-version":[{"id":195566,"href":"https:\/\/www.tabakversand.ch\/fr\/wp-json\/wp\/v2\/product\/127263\/revisions\/195566"}],"wp:featuredmedia":[{"embeddable":true,"href":"https:\/\/www.tabakversand.ch\/fr\/wp-json\/wp\/v2\/media\/193342"}],"wp:attachment":[{"href":"https:\/\/www.tabakversand.ch\/fr\/wp-json\/wp\/v2\/media?parent=127263"}],"wp:term":[{"taxonomy":"product_brand","embeddable":true,"href":"https:\/\/www.tabakversand.ch\/fr\/wp-json\/wp\/v2\/product_brand?post=127263"},{"taxonomy":"product_cat","embeddable":true,"href":"https:\/\/www.tabakversand.ch\/fr\/wp-json\/wp\/v2\/product_cat?post=127263"},{"taxonomy":"product_tag","embeddable":true,"href":"https:\/\/www.tabakversand.ch\/fr\/wp-json\/wp\/v2\/product_tag?post=127263"}],"curies":[{"name":"wp","href":"https:\/\/api.w.org\/{rel}","templated":true}]}}