{"id":127709,"date":"2023-01-20T15:40:39","date_gmt":"2023-01-20T14:40:39","guid":{"rendered":"https:\/\/www.tabakversand.ch\/?post_type=product&#038;p=127709"},"modified":"2026-03-13T14:17:06","modified_gmt":"2026-03-13T13:17:06","slug":"tabac-camel-yellow","status":"publish","type":"product","link":"https:\/\/www.tabakversand.ch\/fr\/produit\/tabac-camel-yellow\/","title":{"rendered":"Tabac jaune chameau"},"content":{"rendered":"<p>Tabac jaune chameau<\/p>\n<p>Le tabac Camel Yellow incarne la douceur caract\u00e9ristique de la marque Camel et offre une exp\u00e9rience de fumage agr\u00e9ablement \u00e9quilibr\u00e9e. Son m\u00e9lange am\u00e9ricain finement \u00e9labor\u00e9 procure une saveur d\u00e9licate aux subtiles nuances l\u00e9g\u00e8rement \u00e9pic\u00e9es et une finale harmonieuse. <\/p>\n<p>Gr\u00e2ce \u00e0 sa coupe moyennement fine, ce tabac est particuli\u00e8rement facile \u00e0 rouler ou \u00e0 tasser et impressionne par sa combustion uniforme et son ar\u00f4me constant jusqu&rsquo;\u00e0 la derni\u00e8re bouff\u00e9e. Le Camel Yellow est le choix id\u00e9al pour ceux qui pr\u00e9f\u00e8rent un tabac au go\u00fbt riche, mais non envahissant. <\/p>\n<p>Camel Yellow allie qualit\u00e9, tradition et un caract\u00e8re agr\u00e9ablement doux \u2013 parfait pour un plaisir quotidien.<\/p>\n<p>Chez tabakversand.ch, vous recevez du tabac \u00e0 cigarettes Camel Yellow fra\u00eechement conserv\u00e9 dans son emballage d&rsquo;origine. Un stockage soign\u00e9 garantit une pr\u00e9servation optimale de son ar\u00f4me, de son humidit\u00e9 et de sa qualit\u00e9 jusqu&rsquo;\u00e0 l&rsquo;exp\u00e9dition. Gr\u00e2ce \u00e0 une livraison rapide en Suisse, votre tabac \u00e0 cigarettes vous parvient g\u00e9n\u00e9ralement sous peu.  <\/p>\n<p>Pour plus d&rsquo;informations sur le fabricant JT International SA, veuillez consulter la page Wikip\u00e9dia correspondante&nbsp;: <a href=\"https:\/\/en.wikipedia.org\/wiki\/Japan_Tobacco_International\">cliquez ici<\/a> . Si vous avez des questions concernant le produit, n&rsquo;h\u00e9sitez pas \u00e0 nous contacter&nbsp;: <a href=\"https:\/\/www.tabakversand.ch\/kontakt\/\">cliquez ici<\/a> . <\/p>\n<p>Tous les prix s&rsquo;appliquent uniquement aux commandes en ligne et incluent la TVA. Sous r\u00e9serve de modifications sans pr\u00e9avis, frais de livraison en sus. Sous r\u00e9serve d&rsquo;erreurs, de modifications de contenu de livraison et de conception, de fautes d&rsquo;impression et de modifications de prix. Les prix barr\u00e9s sont des prix de remplacement. Les illustrations peuvent diff\u00e9rer de l&rsquo;original\/du contenu de livraison.<br \/>\n*Livraison gratuite pour les commandes sup\u00e9rieures \u00e0 CHF 250.-.<\/p>\n","protected":false},"excerpt":{"rendered":"<p>Tabac jaune chameau Le tabac Camel Yellow incarne la douceur caract\u00e9ristique de la marque Camel et offre une exp\u00e9rience de fumage agr\u00e9ablement \u00e9quilibr\u00e9e. Son m\u00e9lange am\u00e9ricain finement \u00e9labor\u00e9 procure une saveur d\u00e9licate aux subtiles nuances l\u00e9g\u00e8rement \u00e9pic\u00e9es et une finale harmonieuse. Gr\u00e2ce \u00e0 sa coupe moyennement fine, ce tabac est particuli\u00e8rement facile \u00e0 rouler ou [&hellip;]<\/p>\n","protected":false},"featured_media":213768,"template":"","meta":[],"product_brand":[],"product_cat":[1961,1888,1963,1964],"product_tag":[],"class_list":{"0":"post-127709","1":"product","2":"type-product","3":"status-publish","4":"has-post-thumbnail","6":"product_cat-cigarettes-self-made-fr-2","7":"product_cat-tabac","8":"product_cat-tabac-a-cigarettes","9":"product_cat-tabac-a-cigarettes-fr","10":"pa_tabak-huelsen-1-x-230-gr","11":"pa_tabak-huelsen-1-x-25-gr","12":"pa_tabak-huelsen-10-x-25-gr","14":"first","15":"onbackorder","16":"sale","17":"purchasable","18":"product-type-variable"},"yoast_head":"<!-- This site is optimized with the Yoast SEO plugin v27.0 - https:\/\/yoast.com\/product\/yoast-seo-wordpress\/ -->\n<title>Achetez du tabac \u00e0 cigarettes Camel Yellow de qualit\u00e9 sup\u00e9rieure<\/title>\n<meta name=\"description\" content=\"Tabac Camel Yellow \u2013 M\u00e9lange am\u00e9ricain doux \u00e0 l&#039;ar\u00f4me \u00e9quilibr\u00e9 et l\u00e9g\u00e8rement \u00e9pic\u00e9. Combustion uniforme et go\u00fbt agr\u00e9able.\" \/>\n<meta name=\"robots\" content=\"index, follow, max-snippet:-1, max-image-preview:large, max-video-preview:-1\" \/>\n<link rel=\"canonical\" href=\"https:\/\/www.tabakversand.ch\/fr\/produit\/tabac-camel-yellow\/\" \/>\n<meta property=\"og:locale\" content=\"fr_FR\" \/>\n<meta property=\"og:type\" content=\"article\" \/>\n<meta property=\"og:title\" content=\"Achetez du tabac \u00e0 cigarettes Camel Yellow de qualit\u00e9 sup\u00e9rieure\" \/>\n<meta property=\"og:description\" content=\"Tabac Camel Yellow \u2013 M\u00e9lange am\u00e9ricain doux \u00e0 l&#039;ar\u00f4me \u00e9quilibr\u00e9 et l\u00e9g\u00e8rement \u00e9pic\u00e9. Combustion uniforme et go\u00fbt agr\u00e9able.\" \/>\n<meta property=\"og:url\" content=\"https:\/\/www.tabakversand.ch\/fr\/produit\/tabac-camel-yellow\/\" \/>\n<meta property=\"og:site_name\" content=\"Tabakversand.ch | Alles aus der Welt des Tabaks\" \/>\n<meta property=\"article:modified_time\" content=\"2026-03-13T13:17:06+00:00\" \/>\n<meta property=\"og:image\" content=\"https:\/\/www.tabakversand.ch\/wp-content\/uploads\/2023\/01\/camel-full-yellow-all.jpg\" \/>\n\t<meta property=\"og:image:width\" content=\"500\" \/>\n\t<meta property=\"og:image:height\" content=\"500\" \/>\n\t<meta property=\"og:image:type\" content=\"image\/jpeg\" \/>\n<meta name=\"twitter:card\" content=\"summary_large_image\" \/>\n<meta name=\"twitter:label1\" content=\"Dur\u00e9e de lecture estim\u00e9e\" \/>\n\t<meta name=\"twitter:data1\" content=\"2 minutes\" \/>\n<script type=\"application\/ld+json\" class=\"yoast-schema-graph\">{\"@context\":\"https:\/\/schema.org\",\"@graph\":[{\"@type\":\"WebPage\",\"@id\":\"https:\/\/www.tabakversand.ch\/fr\/produit\/tabac-camel-yellow\/\",\"url\":\"https:\/\/www.tabakversand.ch\/fr\/produit\/tabac-camel-yellow\/\",\"name\":\"Achetez du tabac \u00e0 cigarettes Camel Yellow de qualit\u00e9 sup\u00e9rieure\",\"isPartOf\":{\"@id\":\"https:\/\/www.tabakversand.ch\/#website\"},\"primaryImageOfPage\":{\"@id\":\"https:\/\/www.tabakversand.ch\/fr\/produit\/tabac-camel-yellow\/#primaryimage\"},\"image\":{\"@id\":\"https:\/\/www.tabakversand.ch\/fr\/produit\/tabac-camel-yellow\/#primaryimage\"},\"thumbnailUrl\":\"https:\/\/www.tabakversand.ch\/wp-content\/uploads\/2023\/01\/camel-full-yellow-all.jpg\",\"datePublished\":\"2023-01-20T14:40:39+00:00\",\"dateModified\":\"2026-03-13T13:17:06+00:00\",\"description\":\"Tabac Camel Yellow \u2013 M\u00e9lange am\u00e9ricain doux \u00e0 l'ar\u00f4me \u00e9quilibr\u00e9 et l\u00e9g\u00e8rement \u00e9pic\u00e9. Combustion uniforme et go\u00fbt agr\u00e9able.\",\"breadcrumb\":{\"@id\":\"https:\/\/www.tabakversand.ch\/fr\/produit\/tabac-camel-yellow\/#breadcrumb\"},\"inLanguage\":\"fr-FR\",\"potentialAction\":[{\"@type\":\"ReadAction\",\"target\":[\"https:\/\/www.tabakversand.ch\/fr\/produit\/tabac-camel-yellow\/\"]}]},{\"@type\":\"ImageObject\",\"inLanguage\":\"fr-FR\",\"@id\":\"https:\/\/www.tabakversand.ch\/fr\/produit\/tabac-camel-yellow\/#primaryimage\",\"url\":\"https:\/\/www.tabakversand.ch\/wp-content\/uploads\/2023\/01\/camel-full-yellow-all.jpg\",\"contentUrl\":\"https:\/\/www.tabakversand.ch\/wp-content\/uploads\/2023\/01\/camel-full-yellow-all.jpg\",\"width\":500,\"height\":500,\"caption\":\"Tabac jaune Camel | tabakversand.ch\"},{\"@type\":\"BreadcrumbList\",\"@id\":\"https:\/\/www.tabakversand.ch\/fr\/produit\/tabac-camel-yellow\/#breadcrumb\",\"itemListElement\":[{\"@type\":\"ListItem\",\"position\":1,\"name\":\"Startseite\",\"item\":\"https:\/\/www.tabakversand.ch\/\"},{\"@type\":\"ListItem\",\"position\":2,\"name\":\"Boutique\",\"item\":\"https:\/\/www.tabakversand.ch\/fr\/boutique\/\"},{\"@type\":\"ListItem\",\"position\":3,\"name\":\"Tabac jaune chameau\"}]},{\"@type\":\"WebSite\",\"@id\":\"https:\/\/www.tabakversand.ch\/#website\",\"url\":\"https:\/\/www.tabakversand.ch\/\",\"name\":\"Tabakversand.ch | Alles aus der Welt des Tabaks\",\"description\":\"Smoke and carpe diem\",\"potentialAction\":[{\"@type\":\"SearchAction\",\"target\":{\"@type\":\"EntryPoint\",\"urlTemplate\":\"https:\/\/www.tabakversand.ch\/?s={search_term_string}\"},\"query-input\":{\"@type\":\"PropertyValueSpecification\",\"valueRequired\":true,\"valueName\":\"search_term_string\"}}],\"inLanguage\":\"fr-FR\"}]}<\/script>\n<!-- \/ Yoast SEO plugin. -->","yoast_head_json":{"title":"Achetez du tabac \u00e0 cigarettes Camel Yellow de qualit\u00e9 sup\u00e9rieure","description":"Tabac Camel Yellow \u2013 M\u00e9lange am\u00e9ricain doux \u00e0 l'ar\u00f4me \u00e9quilibr\u00e9 et l\u00e9g\u00e8rement \u00e9pic\u00e9. Combustion uniforme et go\u00fbt agr\u00e9able.","robots":{"index":"index","follow":"follow","max-snippet":"max-snippet:-1","max-image-preview":"max-image-preview:large","max-video-preview":"max-video-preview:-1"},"canonical":"https:\/\/www.tabakversand.ch\/fr\/produit\/tabac-camel-yellow\/","og_locale":"fr_FR","og_type":"article","og_title":"Achetez du tabac \u00e0 cigarettes Camel Yellow de qualit\u00e9 sup\u00e9rieure","og_description":"Tabac Camel Yellow \u2013 M\u00e9lange am\u00e9ricain doux \u00e0 l'ar\u00f4me \u00e9quilibr\u00e9 et l\u00e9g\u00e8rement \u00e9pic\u00e9. Combustion uniforme et go\u00fbt agr\u00e9able.","og_url":"https:\/\/www.tabakversand.ch\/fr\/produit\/tabac-camel-yellow\/","og_site_name":"Tabakversand.ch | Alles aus der Welt des Tabaks","article_modified_time":"2026-03-13T13:17:06+00:00","og_image":[{"width":500,"height":500,"url":"https:\/\/www.tabakversand.ch\/wp-content\/uploads\/2023\/01\/camel-full-yellow-all.jpg","type":"image\/jpeg"}],"twitter_card":"summary_large_image","twitter_misc":{"Dur\u00e9e de lecture estim\u00e9e":"2 minutes"},"schema":{"@context":"https:\/\/schema.org","@graph":[{"@type":"WebPage","@id":"https:\/\/www.tabakversand.ch\/fr\/produit\/tabac-camel-yellow\/","url":"https:\/\/www.tabakversand.ch\/fr\/produit\/tabac-camel-yellow\/","name":"Achetez du tabac \u00e0 cigarettes Camel Yellow de qualit\u00e9 sup\u00e9rieure","isPartOf":{"@id":"https:\/\/www.tabakversand.ch\/#website"},"primaryImageOfPage":{"@id":"https:\/\/www.tabakversand.ch\/fr\/produit\/tabac-camel-yellow\/#primaryimage"},"image":{"@id":"https:\/\/www.tabakversand.ch\/fr\/produit\/tabac-camel-yellow\/#primaryimage"},"thumbnailUrl":"https:\/\/www.tabakversand.ch\/wp-content\/uploads\/2023\/01\/camel-full-yellow-all.jpg","datePublished":"2023-01-20T14:40:39+00:00","dateModified":"2026-03-13T13:17:06+00:00","description":"Tabac Camel Yellow \u2013 M\u00e9lange am\u00e9ricain doux \u00e0 l'ar\u00f4me \u00e9quilibr\u00e9 et l\u00e9g\u00e8rement \u00e9pic\u00e9. Combustion uniforme et go\u00fbt agr\u00e9able.","breadcrumb":{"@id":"https:\/\/www.tabakversand.ch\/fr\/produit\/tabac-camel-yellow\/#breadcrumb"},"inLanguage":"fr-FR","potentialAction":[{"@type":"ReadAction","target":["https:\/\/www.tabakversand.ch\/fr\/produit\/tabac-camel-yellow\/"]}]},{"@type":"ImageObject","inLanguage":"fr-FR","@id":"https:\/\/www.tabakversand.ch\/fr\/produit\/tabac-camel-yellow\/#primaryimage","url":"https:\/\/www.tabakversand.ch\/wp-content\/uploads\/2023\/01\/camel-full-yellow-all.jpg","contentUrl":"https:\/\/www.tabakversand.ch\/wp-content\/uploads\/2023\/01\/camel-full-yellow-all.jpg","width":500,"height":500,"caption":"Tabac jaune Camel | tabakversand.ch"},{"@type":"BreadcrumbList","@id":"https:\/\/www.tabakversand.ch\/fr\/produit\/tabac-camel-yellow\/#breadcrumb","itemListElement":[{"@type":"ListItem","position":1,"name":"Startseite","item":"https:\/\/www.tabakversand.ch\/"},{"@type":"ListItem","position":2,"name":"Boutique","item":"https:\/\/www.tabakversand.ch\/fr\/boutique\/"},{"@type":"ListItem","position":3,"name":"Tabac jaune chameau"}]},{"@type":"WebSite","@id":"https:\/\/www.tabakversand.ch\/#website","url":"https:\/\/www.tabakversand.ch\/","name":"Tabakversand.ch | Alles aus der Welt des Tabaks","description":"Smoke and carpe diem","potentialAction":[{"@type":"SearchAction","target":{"@type":"EntryPoint","urlTemplate":"https:\/\/www.tabakversand.ch\/?s={search_term_string}"},"query-input":{"@type":"PropertyValueSpecification","valueRequired":true,"valueName":"search_term_string"}}],"inLanguage":"fr-FR"}]}},"_links":{"self":[{"href":"https:\/\/www.tabakversand.ch\/fr\/wp-json\/wp\/v2\/product\/127709","targetHints":{"allow":["GET"]}}],"collection":[{"href":"https:\/\/www.tabakversand.ch\/fr\/wp-json\/wp\/v2\/product"}],"about":[{"href":"https:\/\/www.tabakversand.ch\/fr\/wp-json\/wp\/v2\/types\/product"}],"version-history":[{"count":4,"href":"https:\/\/www.tabakversand.ch\/fr\/wp-json\/wp\/v2\/product\/127709\/revisions"}],"predecessor-version":[{"id":214677,"href":"https:\/\/www.tabakversand.ch\/fr\/wp-json\/wp\/v2\/product\/127709\/revisions\/214677"}],"wp:featuredmedia":[{"embeddable":true,"href":"https:\/\/www.tabakversand.ch\/fr\/wp-json\/wp\/v2\/media\/213768"}],"wp:attachment":[{"href":"https:\/\/www.tabakversand.ch\/fr\/wp-json\/wp\/v2\/media?parent=127709"}],"wp:term":[{"taxonomy":"product_brand","embeddable":true,"href":"https:\/\/www.tabakversand.ch\/fr\/wp-json\/wp\/v2\/product_brand?post=127709"},{"taxonomy":"product_cat","embeddable":true,"href":"https:\/\/www.tabakversand.ch\/fr\/wp-json\/wp\/v2\/product_cat?post=127709"},{"taxonomy":"product_tag","embeddable":true,"href":"https:\/\/www.tabakversand.ch\/fr\/wp-json\/wp\/v2\/product_tag?post=127709"}],"curies":[{"name":"wp","href":"https:\/\/api.w.org\/{rel}","templated":true}]}}