{"id":128099,"date":"2023-01-26T16:25:13","date_gmt":"2023-01-26T15:25:13","guid":{"rendered":"https:\/\/www.tabakversand.ch\/?post_type=product&#038;p=128099"},"modified":"2026-02-21T17:28:36","modified_gmt":"2026-02-21T16:28:36","slug":"manchons-mascotte-gold-200-filter","status":"publish","type":"product","link":"https:\/\/www.tabakversand.ch\/fr\/produit\/manchons-mascotte-gold-200-filter\/","title":{"rendered":"Tubes Mascotte Gold 5 x 200 pi\u00e8ces."},"content":{"rendered":"<h1>Manches dor\u00e9es Mascotte<\/h1>\n<p data-start=\"0\" data-end=\"45\">Pour une exp\u00e9rience de fumage particuli\u00e8rement douce<\/p>\n<p data-start=\"47\" data-end=\"282\">Les tubes Mascotte Gold repr\u00e9sentent le summum de la qualit\u00e9 pour les cigarettes \u00e0 rouler. Fabriqu\u00e9s en papier fin et dot\u00e9s de filtres micro-perfor\u00e9s stables, ils garantissent un flux d&rsquo;air optimal et un tirage constant. <\/p>\n<p data-start=\"284\" data-end=\"421\" data-is-last-node=\"\" data-is-only-node=\"\">Sa construction robuste facilite le remplissage avec la machine \u00e0 tasser et assure une exp\u00e9rience de fumage agr\u00e9ablement douce et confortable.<\/p>\n<p>Chez tabakversand.ch, vos tubes filtrants Mascotte Gold vous sont livr\u00e9s parfaitement conserv\u00e9s dans leur emballage d&rsquo;origine. Un stockage soign\u00e9 garantit une qualit\u00e9 optimale jusqu&rsquo;\u00e0 l&rsquo;exp\u00e9dition. Gr\u00e2ce \u00e0 une livraison rapide en Suisse, vos tubes filtrants arrivent g\u00e9n\u00e9ralement tr\u00e8s vite.  <\/p>\n<ul>\n<li>Filtres microperfor\u00e9s<\/li>\n<li>5 x 200 pi\u00e8ces.<\/li>\n<\/ul>\n<p>Pour plus d&rsquo;informations sur le fabricant Mascotte, veuillez consulter son site web officiel&nbsp;: <a href=\"https:\/\/www.mascotte.eu\/inter_en\/\">cliquez ici<\/a> . Pour toute question concernant le produit, n&rsquo;h\u00e9sitez pas \u00e0 nous contacter&nbsp;: <a href=\"https:\/\/www.tabakversand.ch\/kontakt\/\">cliquez ici<\/a> . <\/p>\n<p>Tous les prix s&rsquo;appliquent uniquement aux commandes en ligne et incluent la TVA. Sous r\u00e9serve de modifications sans pr\u00e9avis, frais de livraison en sus. Sous r\u00e9serve d&rsquo;erreurs, de modifications de contenu de livraison et de conception, de fautes d&rsquo;impression et de modifications de prix. Les prix barr\u00e9s sont des prix de remplacement. Les illustrations peuvent diff\u00e9rer de l&rsquo;original\/du contenu de livraison.<br \/>\n*Livraison gratuite pour les commandes sup\u00e9rieures \u00e0 CHF 250.-.<\/p>\n","protected":false},"excerpt":{"rendered":"<p>Manches dor\u00e9es Mascotte Pour une exp\u00e9rience de fumage particuli\u00e8rement douce Les tubes Mascotte Gold repr\u00e9sentent le summum de la qualit\u00e9 pour les cigarettes \u00e0 rouler. Fabriqu\u00e9s en papier fin et dot\u00e9s de filtres micro-perfor\u00e9s stables, ils garantissent un flux d&rsquo;air optimal et un tirage constant. Sa construction robuste facilite le remplissage avec la machine \u00e0 [&hellip;]<\/p>\n","protected":false},"featured_media":128103,"template":"","meta":[],"product_brand":[1554],"product_cat":[1961,1956],"product_tag":[],"class_list":{"0":"post-128099","1":"product","2":"type-product","3":"status-publish","4":"has-post-thumbnail","6":"product_brand-mascotte","7":"product_cat-cigarettes-self-made-fr-2","8":"product_cat-dosettes-de-cigarettes","10":"first","11":"onbackorder","12":"purchasable","13":"product-type-simple"},"yoast_head":"<!-- This site is optimized with the Yoast SEO plugin v27.0 - https:\/\/yoast.com\/product\/yoast-seo-wordpress\/ -->\n<title>Tabakversand.ch | Alles aus der Welt des Tabaks Tubes Mascotte Gold 5 x 200 pi\u00e8ces.<\/title>\n<meta name=\"description\" content=\"Mascotte Gold Tubes \u2013 tubes \u00e0 cigarettes haut de gamme avec filtre micro-perfor\u00e9 pour un tirage doux et r\u00e9gulier \u2013 qualit\u00e9 et confort \u2013\" \/>\n<meta name=\"robots\" content=\"index, follow, max-snippet:-1, max-image-preview:large, max-video-preview:-1\" \/>\n<link rel=\"canonical\" href=\"https:\/\/www.tabakversand.ch\/fr\/produit\/manchons-mascotte-gold-200-filter\/\" \/>\n<meta property=\"og:locale\" content=\"fr_FR\" \/>\n<meta property=\"og:type\" content=\"article\" \/>\n<meta property=\"og:title\" content=\"Tabakversand.ch | Alles aus der Welt des Tabaks Tubes Mascotte Gold 5 x 200 pi\u00e8ces.\" \/>\n<meta property=\"og:description\" content=\"Mascotte Gold Tubes \u2013 tubes \u00e0 cigarettes haut de gamme avec filtre micro-perfor\u00e9 pour un tirage doux et r\u00e9gulier \u2013 qualit\u00e9 et confort \u2013\" \/>\n<meta property=\"og:url\" content=\"https:\/\/www.tabakversand.ch\/fr\/produit\/manchons-mascotte-gold-200-filter\/\" \/>\n<meta property=\"og:site_name\" content=\"Tabakversand.ch | Alles aus der Welt des Tabaks\" \/>\n<meta property=\"article:modified_time\" content=\"2026-02-21T16:28:36+00:00\" \/>\n<meta property=\"og:image\" content=\"https:\/\/www.tabakversand.ch\/wp-content\/uploads\/2023\/01\/mascotte-gold-200-zigarettenfilterhuelsen.jpg\" \/>\n\t<meta property=\"og:image:width\" content=\"500\" \/>\n\t<meta property=\"og:image:height\" content=\"500\" \/>\n\t<meta property=\"og:image:type\" content=\"image\/jpeg\" \/>\n<meta name=\"twitter:card\" content=\"summary_large_image\" \/>\n<meta name=\"twitter:label1\" content=\"Dur\u00e9e de lecture estim\u00e9e\" \/>\n\t<meta name=\"twitter:data1\" content=\"1 minute\" \/>\n<script type=\"application\/ld+json\" class=\"yoast-schema-graph\">{\"@context\":\"https:\/\/schema.org\",\"@graph\":[{\"@type\":\"WebPage\",\"@id\":\"https:\/\/www.tabakversand.ch\/fr\/produit\/manchons-mascotte-gold-200-filter\/\",\"url\":\"https:\/\/www.tabakversand.ch\/fr\/produit\/manchons-mascotte-gold-200-filter\/\",\"name\":\"Tabakversand.ch | Alles aus der Welt des Tabaks Tubes Mascotte Gold 5 x 200 pi\u00e8ces.\",\"isPartOf\":{\"@id\":\"https:\/\/www.tabakversand.ch\/#website\"},\"primaryImageOfPage\":{\"@id\":\"https:\/\/www.tabakversand.ch\/fr\/produit\/manchons-mascotte-gold-200-filter\/#primaryimage\"},\"image\":{\"@id\":\"https:\/\/www.tabakversand.ch\/fr\/produit\/manchons-mascotte-gold-200-filter\/#primaryimage\"},\"thumbnailUrl\":\"https:\/\/www.tabakversand.ch\/wp-content\/uploads\/2023\/01\/mascotte-gold-200-zigarettenfilterhuelsen.jpg\",\"datePublished\":\"2023-01-26T15:25:13+00:00\",\"dateModified\":\"2026-02-21T16:28:36+00:00\",\"description\":\"Mascotte Gold Tubes \u2013 tubes \u00e0 cigarettes haut de gamme avec filtre micro-perfor\u00e9 pour un tirage doux et r\u00e9gulier \u2013 qualit\u00e9 et confort \u2013\",\"breadcrumb\":{\"@id\":\"https:\/\/www.tabakversand.ch\/fr\/produit\/manchons-mascotte-gold-200-filter\/#breadcrumb\"},\"inLanguage\":\"fr-FR\",\"potentialAction\":[{\"@type\":\"ReadAction\",\"target\":[\"https:\/\/www.tabakversand.ch\/fr\/produit\/manchons-mascotte-gold-200-filter\/\"]}]},{\"@type\":\"ImageObject\",\"inLanguage\":\"fr-FR\",\"@id\":\"https:\/\/www.tabakversand.ch\/fr\/produit\/manchons-mascotte-gold-200-filter\/#primaryimage\",\"url\":\"https:\/\/www.tabakversand.ch\/wp-content\/uploads\/2023\/01\/mascotte-gold-200-zigarettenfilterhuelsen.jpg\",\"contentUrl\":\"https:\/\/www.tabakversand.ch\/wp-content\/uploads\/2023\/01\/mascotte-gold-200-zigarettenfilterhuelsen.jpg\",\"width\":500,\"height\":500,\"caption\":\"Tubes filtrants Mascotte Gold 200 | Tabakversand.ch\"},{\"@type\":\"BreadcrumbList\",\"@id\":\"https:\/\/www.tabakversand.ch\/fr\/produit\/manchons-mascotte-gold-200-filter\/#breadcrumb\",\"itemListElement\":[{\"@type\":\"ListItem\",\"position\":1,\"name\":\"Startseite\",\"item\":\"https:\/\/www.tabakversand.ch\/\"},{\"@type\":\"ListItem\",\"position\":2,\"name\":\"Boutique\",\"item\":\"https:\/\/www.tabakversand.ch\/fr\/boutique\/\"},{\"@type\":\"ListItem\",\"position\":3,\"name\":\"Tubes Mascotte Gold 5 x 200 pi\u00e8ces.\"}]},{\"@type\":\"WebSite\",\"@id\":\"https:\/\/www.tabakversand.ch\/#website\",\"url\":\"https:\/\/www.tabakversand.ch\/\",\"name\":\"Tabakversand.ch | Alles aus der Welt des Tabaks\",\"description\":\"Smoke and carpe diem\",\"potentialAction\":[{\"@type\":\"SearchAction\",\"target\":{\"@type\":\"EntryPoint\",\"urlTemplate\":\"https:\/\/www.tabakversand.ch\/?s={search_term_string}\"},\"query-input\":{\"@type\":\"PropertyValueSpecification\",\"valueRequired\":true,\"valueName\":\"search_term_string\"}}],\"inLanguage\":\"fr-FR\"}]}<\/script>\n<!-- \/ Yoast SEO plugin. -->","yoast_head_json":{"title":"Tabakversand.ch | Alles aus der Welt des Tabaks Tubes Mascotte Gold 5 x 200 pi\u00e8ces.","description":"Mascotte Gold Tubes \u2013 tubes \u00e0 cigarettes haut de gamme avec filtre micro-perfor\u00e9 pour un tirage doux et r\u00e9gulier \u2013 qualit\u00e9 et confort \u2013","robots":{"index":"index","follow":"follow","max-snippet":"max-snippet:-1","max-image-preview":"max-image-preview:large","max-video-preview":"max-video-preview:-1"},"canonical":"https:\/\/www.tabakversand.ch\/fr\/produit\/manchons-mascotte-gold-200-filter\/","og_locale":"fr_FR","og_type":"article","og_title":"Tabakversand.ch | Alles aus der Welt des Tabaks Tubes Mascotte Gold 5 x 200 pi\u00e8ces.","og_description":"Mascotte Gold Tubes \u2013 tubes \u00e0 cigarettes haut de gamme avec filtre micro-perfor\u00e9 pour un tirage doux et r\u00e9gulier \u2013 qualit\u00e9 et confort \u2013","og_url":"https:\/\/www.tabakversand.ch\/fr\/produit\/manchons-mascotte-gold-200-filter\/","og_site_name":"Tabakversand.ch | Alles aus der Welt des Tabaks","article_modified_time":"2026-02-21T16:28:36+00:00","og_image":[{"width":500,"height":500,"url":"https:\/\/www.tabakversand.ch\/wp-content\/uploads\/2023\/01\/mascotte-gold-200-zigarettenfilterhuelsen.jpg","type":"image\/jpeg"}],"twitter_card":"summary_large_image","twitter_misc":{"Dur\u00e9e de lecture estim\u00e9e":"1 minute"},"schema":{"@context":"https:\/\/schema.org","@graph":[{"@type":"WebPage","@id":"https:\/\/www.tabakversand.ch\/fr\/produit\/manchons-mascotte-gold-200-filter\/","url":"https:\/\/www.tabakversand.ch\/fr\/produit\/manchons-mascotte-gold-200-filter\/","name":"Tabakversand.ch | Alles aus der Welt des Tabaks Tubes Mascotte Gold 5 x 200 pi\u00e8ces.","isPartOf":{"@id":"https:\/\/www.tabakversand.ch\/#website"},"primaryImageOfPage":{"@id":"https:\/\/www.tabakversand.ch\/fr\/produit\/manchons-mascotte-gold-200-filter\/#primaryimage"},"image":{"@id":"https:\/\/www.tabakversand.ch\/fr\/produit\/manchons-mascotte-gold-200-filter\/#primaryimage"},"thumbnailUrl":"https:\/\/www.tabakversand.ch\/wp-content\/uploads\/2023\/01\/mascotte-gold-200-zigarettenfilterhuelsen.jpg","datePublished":"2023-01-26T15:25:13+00:00","dateModified":"2026-02-21T16:28:36+00:00","description":"Mascotte Gold Tubes \u2013 tubes \u00e0 cigarettes haut de gamme avec filtre micro-perfor\u00e9 pour un tirage doux et r\u00e9gulier \u2013 qualit\u00e9 et confort \u2013","breadcrumb":{"@id":"https:\/\/www.tabakversand.ch\/fr\/produit\/manchons-mascotte-gold-200-filter\/#breadcrumb"},"inLanguage":"fr-FR","potentialAction":[{"@type":"ReadAction","target":["https:\/\/www.tabakversand.ch\/fr\/produit\/manchons-mascotte-gold-200-filter\/"]}]},{"@type":"ImageObject","inLanguage":"fr-FR","@id":"https:\/\/www.tabakversand.ch\/fr\/produit\/manchons-mascotte-gold-200-filter\/#primaryimage","url":"https:\/\/www.tabakversand.ch\/wp-content\/uploads\/2023\/01\/mascotte-gold-200-zigarettenfilterhuelsen.jpg","contentUrl":"https:\/\/www.tabakversand.ch\/wp-content\/uploads\/2023\/01\/mascotte-gold-200-zigarettenfilterhuelsen.jpg","width":500,"height":500,"caption":"Tubes filtrants Mascotte Gold 200 | Tabakversand.ch"},{"@type":"BreadcrumbList","@id":"https:\/\/www.tabakversand.ch\/fr\/produit\/manchons-mascotte-gold-200-filter\/#breadcrumb","itemListElement":[{"@type":"ListItem","position":1,"name":"Startseite","item":"https:\/\/www.tabakversand.ch\/"},{"@type":"ListItem","position":2,"name":"Boutique","item":"https:\/\/www.tabakversand.ch\/fr\/boutique\/"},{"@type":"ListItem","position":3,"name":"Tubes Mascotte Gold 5 x 200 pi\u00e8ces."}]},{"@type":"WebSite","@id":"https:\/\/www.tabakversand.ch\/#website","url":"https:\/\/www.tabakversand.ch\/","name":"Tabakversand.ch | Alles aus der Welt des Tabaks","description":"Smoke and carpe diem","potentialAction":[{"@type":"SearchAction","target":{"@type":"EntryPoint","urlTemplate":"https:\/\/www.tabakversand.ch\/?s={search_term_string}"},"query-input":{"@type":"PropertyValueSpecification","valueRequired":true,"valueName":"search_term_string"}}],"inLanguage":"fr-FR"}]}},"_links":{"self":[{"href":"https:\/\/www.tabakversand.ch\/fr\/wp-json\/wp\/v2\/product\/128099","targetHints":{"allow":["GET"]}}],"collection":[{"href":"https:\/\/www.tabakversand.ch\/fr\/wp-json\/wp\/v2\/product"}],"about":[{"href":"https:\/\/www.tabakversand.ch\/fr\/wp-json\/wp\/v2\/types\/product"}],"version-history":[{"count":1,"href":"https:\/\/www.tabakversand.ch\/fr\/wp-json\/wp\/v2\/product\/128099\/revisions"}],"predecessor-version":[{"id":213168,"href":"https:\/\/www.tabakversand.ch\/fr\/wp-json\/wp\/v2\/product\/128099\/revisions\/213168"}],"wp:featuredmedia":[{"embeddable":true,"href":"https:\/\/www.tabakversand.ch\/fr\/wp-json\/wp\/v2\/media\/128103"}],"wp:attachment":[{"href":"https:\/\/www.tabakversand.ch\/fr\/wp-json\/wp\/v2\/media?parent=128099"}],"wp:term":[{"taxonomy":"product_brand","embeddable":true,"href":"https:\/\/www.tabakversand.ch\/fr\/wp-json\/wp\/v2\/product_brand?post=128099"},{"taxonomy":"product_cat","embeddable":true,"href":"https:\/\/www.tabakversand.ch\/fr\/wp-json\/wp\/v2\/product_cat?post=128099"},{"taxonomy":"product_tag","embeddable":true,"href":"https:\/\/www.tabakversand.ch\/fr\/wp-json\/wp\/v2\/product_tag?post=128099"}],"curies":[{"name":"wp","href":"https:\/\/api.w.org\/{rel}","templated":true}]}}