{"id":128815,"date":"2023-02-08T12:21:05","date_gmt":"2023-02-08T11:21:05","guid":{"rendered":"https:\/\/www.tabakversand.ch\/?post_type=product&#038;p=128815"},"modified":"2026-04-11T20:08:11","modified_gmt":"2026-04-11T18:08:11","slug":"bentley-mini-cigarillo","status":"publish","type":"product","link":"https:\/\/www.tabakversand.ch\/fr\/produit\/bentley-mini-cigarillo\/","title":{"rendered":"Mini-cigarillos Bentley"},"content":{"rendered":"<h1>Bentley Mini<\/h1>\n<p>Les mini-cigarillos Bentley offrent un plaisir de d\u00e9gustation optimal dans un format compact, id\u00e9al pour ceux qui ne veulent faire aucun compromis sur la qualit\u00e9, m\u00eame pour de courtes pauses. Leur m\u00e9lange de tabacs finement \u00e9labor\u00e9 garantit un ar\u00f4me agr\u00e9ablement intense et \u00e9quilibr\u00e9 qui s\u00e9duira aussi bien les novices que les connaisseurs avertis. <\/p>\n<p>Leur format pratique rend ces mini-cigarillos parfaits pour une utilisation nomade, une courte pause ou un petit plaisir raffin\u00e9. Bentley est synonyme de qualit\u00e9 fiable, de savoir-faire m\u00e9ticuleux et d&rsquo;une exp\u00e9rience de d\u00e9gustation toujours exceptionnelle. <\/p>\n<p>Quiconque recherche des cigarillos pratiques et aromatiques au caract\u00e8re haut de gamme trouvera dans les Bentley Mini Cigarillos le choix id\u00e9al.<\/p>\n<ul>\n<li>1 x 20 pi\u00e8ces.<\/li>\n<\/ul>\n<p>100% tabac d&rsquo;Equateur &amp; Dom. R\u00e9publique<\/p>\n<p>Doux \u00e0 moyennement cors\u00e9<\/p>\n<p>Longueur : 8,5 cm<\/p>\n<p>Diam\u00e8tre : 7,9 mm<\/p>\n<p>Pourquoi Bentley Mini Cigarillos ?<\/p>\n<ul>\n<li>Format compact pour un plaisir imm\u00e9diat<\/li>\n<li>Une exp\u00e9rience gustative harmonieuse et aromatique<\/li>\n<li>M\u00e9lange de tabac de haute qualit\u00e9<\/li>\n<li>Id\u00e9al pour les d\u00e9placements ou les courts s\u00e9jours.<\/li>\n<li>Qualit\u00e9 sup\u00e9rieure constante<\/li>\n<li>Parfait pour les d\u00e9butants comme pour les experts.<\/li>\n<\/ul>\n<p>Chez tabakversand.ch, vos mini-cigarillos Bentley vous sont livr\u00e9s dans leur emballage d&rsquo;origine, soigneusement conserv\u00e9s. Ce stockage rigoureux garantit une pr\u00e9servation optimale de leur ar\u00f4me, de leur humidit\u00e9 et de leur qualit\u00e9 jusqu&rsquo;\u00e0 l&rsquo;exp\u00e9dition. Gr\u00e2ce \u00e0 une livraison rapide en Suisse, vos cigarillos arrivent g\u00e9n\u00e9ralement tr\u00e8s vite.  <\/p>\n<p>Pour plus d&rsquo;informations sur le sujet des cigarillos, veuillez consulter l&rsquo;article Wikip\u00e9dia correspondant&nbsp;: <a href=\"https:\/\/de.wikipedia.org\/wiki\/Tabak\">cliquez ici<\/a> . Si vous avez des questions concernant le produit, n&rsquo;h\u00e9sitez pas \u00e0 nous contacter&nbsp;: <a href=\"https:\/\/www.tabakversand.ch\/kontakt\/\">cliquez ici<\/a> .<\/p>\n<p>Tous les prix indiqu\u00e9s sont valables uniquement pour les commandes en ligne, TVA incluse, et peuvent \u00eatre modifi\u00e9s sans pr\u00e9avis. Les frais de port sont en sus.   Sous r\u00e9serve d&rsquo;erreurs, de modifications de l&rsquo;\u00e9tendue de la livraison et de la conception, d&rsquo;erreurs d&rsquo;impression et de modifications de prix. Les prix barr\u00e9s sont plut\u00f4t des prix. L&rsquo;illustration peut diff\u00e9rer de l&rsquo;original\/de l&rsquo;\u00e9tendue de la livraison.<br \/>\n*Livraison gratuite pour les commandes sup\u00e9rieures \u00e0 CHF 250.-.<\/p>\n","protected":false},"excerpt":{"rendered":"<p>Bentley Mini Les mini-cigarillos Bentley offrent un plaisir de d\u00e9gustation optimal dans un format compact, id\u00e9al pour ceux qui ne veulent faire aucun compromis sur la qualit\u00e9, m\u00eame pour de courtes pauses. Leur m\u00e9lange de tabacs finement \u00e9labor\u00e9 garantit un ar\u00f4me agr\u00e9ablement intense et \u00e9quilibr\u00e9 qui s\u00e9duira aussi bien les novices que les connaisseurs avertis. [&hellip;]<\/p>\n","protected":false},"featured_media":128819,"template":"","meta":[],"product_brand":[1523],"product_cat":[2059,1994],"product_tag":[],"class_list":{"0":"post-128815","1":"product","2":"type-product","3":"status-publish","4":"has-post-thumbnail","6":"product_brand-bentley","7":"product_cat-cigarillos-fr","8":"product_cat-monde-du-cigare","10":"first","11":"instock","12":"purchasable","13":"product-type-simple"},"yoast_head":"<!-- This site is optimized with the Yoast SEO plugin v27.0 - https:\/\/yoast.com\/product\/yoast-seo-wordpress\/ -->\n<title>Bentley Mini \u2013 Achetez des cigarillos premium en ligne<\/title>\n<meta name=\"description\" content=\"Les mini-cigarillos Bentley offrent une saveur intense dans un format pratique. Un tabac de haute qualit\u00e9, id\u00e9al pour de courts moments de plaisir. Commandez en ligne d\u00e8s maintenant\u00a0!\" \/>\n<meta name=\"robots\" content=\"index, follow, max-snippet:-1, max-image-preview:large, max-video-preview:-1\" \/>\n<link rel=\"canonical\" href=\"https:\/\/www.tabakversand.ch\/produit\/bentley-mini-cigarillo\/\" \/>\n<meta property=\"og:locale\" content=\"fr_FR\" \/>\n<meta property=\"og:type\" content=\"article\" \/>\n<meta property=\"og:title\" content=\"Bentley Mini \u2013 Achetez des cigarillos premium en ligne\" \/>\n<meta property=\"og:description\" content=\"Les mini-cigarillos Bentley offrent une saveur intense dans un format pratique. Un tabac de haute qualit\u00e9, id\u00e9al pour de courts moments de plaisir. Commandez en ligne d\u00e8s maintenant\u00a0!\" \/>\n<meta property=\"og:url\" content=\"https:\/\/www.tabakversand.ch\/produit\/bentley-mini-cigarillo\/\" \/>\n<meta property=\"og:site_name\" content=\"Tabakversand.ch | Alles aus der Welt des Tabaks\" \/>\n<meta property=\"article:modified_time\" content=\"2026-04-11T18:08:11+00:00\" \/>\n<meta property=\"og:image\" content=\"https:\/\/www.tabakversand.ch\/wp-content\/uploads\/2023\/02\/bentley-mini-cigarillos.jpg\" \/>\n\t<meta property=\"og:image:width\" content=\"500\" \/>\n\t<meta property=\"og:image:height\" content=\"500\" \/>\n\t<meta property=\"og:image:type\" content=\"image\/jpeg\" \/>\n<meta name=\"twitter:card\" content=\"summary_large_image\" \/>\n<meta name=\"twitter:label1\" content=\"Dur\u00e9e de lecture estim\u00e9e\" \/>\n\t<meta name=\"twitter:data1\" content=\"2 minutes\" \/>\n<script type=\"application\/ld+json\" class=\"yoast-schema-graph\">{\"@context\":\"https:\/\/schema.org\",\"@graph\":[{\"@type\":\"WebPage\",\"@id\":\"https:\/\/www.tabakversand.ch\/produit\/bentley-mini-cigarillo\/\",\"url\":\"https:\/\/www.tabakversand.ch\/produit\/bentley-mini-cigarillo\/\",\"name\":\"Bentley Mini \u2013 Achetez des cigarillos premium en ligne\",\"isPartOf\":{\"@id\":\"https:\/\/www.tabakversand.ch\/#website\"},\"primaryImageOfPage\":{\"@id\":\"https:\/\/www.tabakversand.ch\/produit\/bentley-mini-cigarillo\/#primaryimage\"},\"image\":{\"@id\":\"https:\/\/www.tabakversand.ch\/produit\/bentley-mini-cigarillo\/#primaryimage\"},\"thumbnailUrl\":\"https:\/\/www.tabakversand.ch\/wp-content\/uploads\/2023\/02\/bentley-mini-cigarillos.jpg\",\"datePublished\":\"2023-02-08T11:21:05+00:00\",\"dateModified\":\"2026-04-11T18:08:11+00:00\",\"description\":\"Les mini-cigarillos Bentley offrent une saveur intense dans un format pratique. Un tabac de haute qualit\u00e9, id\u00e9al pour de courts moments de plaisir. Commandez en ligne d\u00e8s maintenant\u00a0!\",\"breadcrumb\":{\"@id\":\"https:\/\/www.tabakversand.ch\/produit\/bentley-mini-cigarillo\/#breadcrumb\"},\"inLanguage\":\"fr-FR\",\"potentialAction\":[{\"@type\":\"ReadAction\",\"target\":[\"https:\/\/www.tabakversand.ch\/produit\/bentley-mini-cigarillo\/\"]}]},{\"@type\":\"ImageObject\",\"inLanguage\":\"fr-FR\",\"@id\":\"https:\/\/www.tabakversand.ch\/produit\/bentley-mini-cigarillo\/#primaryimage\",\"url\":\"https:\/\/www.tabakversand.ch\/wp-content\/uploads\/2023\/02\/bentley-mini-cigarillos.jpg\",\"contentUrl\":\"https:\/\/www.tabakversand.ch\/wp-content\/uploads\/2023\/02\/bentley-mini-cigarillos.jpg\",\"width\":500,\"height\":500,\"caption\":\"Bentley Mini Cigarillo | Tabakversand.ch\"},{\"@type\":\"BreadcrumbList\",\"@id\":\"https:\/\/www.tabakversand.ch\/produit\/bentley-mini-cigarillo\/#breadcrumb\",\"itemListElement\":[{\"@type\":\"ListItem\",\"position\":1,\"name\":\"Startseite\",\"item\":\"https:\/\/www.tabakversand.ch\/\"},{\"@type\":\"ListItem\",\"position\":2,\"name\":\"Boutique\",\"item\":\"https:\/\/www.tabakversand.ch\/fr\/boutique\/\"},{\"@type\":\"ListItem\",\"position\":3,\"name\":\"Mini-cigarillos Bentley\"}]},{\"@type\":\"WebSite\",\"@id\":\"https:\/\/www.tabakversand.ch\/#website\",\"url\":\"https:\/\/www.tabakversand.ch\/\",\"name\":\"Tabakversand.ch | Alles aus der Welt des Tabaks\",\"description\":\"Smoke and carpe diem\",\"potentialAction\":[{\"@type\":\"SearchAction\",\"target\":{\"@type\":\"EntryPoint\",\"urlTemplate\":\"https:\/\/www.tabakversand.ch\/?s={search_term_string}\"},\"query-input\":{\"@type\":\"PropertyValueSpecification\",\"valueRequired\":true,\"valueName\":\"search_term_string\"}}],\"inLanguage\":\"fr-FR\"}]}<\/script>\n<!-- \/ Yoast SEO plugin. -->","yoast_head_json":{"title":"Bentley Mini \u2013 Achetez des cigarillos premium en ligne","description":"Les mini-cigarillos Bentley offrent une saveur intense dans un format pratique. Un tabac de haute qualit\u00e9, id\u00e9al pour de courts moments de plaisir. Commandez en ligne d\u00e8s maintenant\u00a0!","robots":{"index":"index","follow":"follow","max-snippet":"max-snippet:-1","max-image-preview":"max-image-preview:large","max-video-preview":"max-video-preview:-1"},"canonical":"https:\/\/www.tabakversand.ch\/produit\/bentley-mini-cigarillo\/","og_locale":"fr_FR","og_type":"article","og_title":"Bentley Mini \u2013 Achetez des cigarillos premium en ligne","og_description":"Les mini-cigarillos Bentley offrent une saveur intense dans un format pratique. Un tabac de haute qualit\u00e9, id\u00e9al pour de courts moments de plaisir. Commandez en ligne d\u00e8s maintenant\u00a0!","og_url":"https:\/\/www.tabakversand.ch\/produit\/bentley-mini-cigarillo\/","og_site_name":"Tabakversand.ch | Alles aus der Welt des Tabaks","article_modified_time":"2026-04-11T18:08:11+00:00","og_image":[{"width":500,"height":500,"url":"https:\/\/www.tabakversand.ch\/wp-content\/uploads\/2023\/02\/bentley-mini-cigarillos.jpg","type":"image\/jpeg"}],"twitter_card":"summary_large_image","twitter_misc":{"Dur\u00e9e de lecture estim\u00e9e":"2 minutes"},"schema":{"@context":"https:\/\/schema.org","@graph":[{"@type":"WebPage","@id":"https:\/\/www.tabakversand.ch\/produit\/bentley-mini-cigarillo\/","url":"https:\/\/www.tabakversand.ch\/produit\/bentley-mini-cigarillo\/","name":"Bentley Mini \u2013 Achetez des cigarillos premium en ligne","isPartOf":{"@id":"https:\/\/www.tabakversand.ch\/#website"},"primaryImageOfPage":{"@id":"https:\/\/www.tabakversand.ch\/produit\/bentley-mini-cigarillo\/#primaryimage"},"image":{"@id":"https:\/\/www.tabakversand.ch\/produit\/bentley-mini-cigarillo\/#primaryimage"},"thumbnailUrl":"https:\/\/www.tabakversand.ch\/wp-content\/uploads\/2023\/02\/bentley-mini-cigarillos.jpg","datePublished":"2023-02-08T11:21:05+00:00","dateModified":"2026-04-11T18:08:11+00:00","description":"Les mini-cigarillos Bentley offrent une saveur intense dans un format pratique. Un tabac de haute qualit\u00e9, id\u00e9al pour de courts moments de plaisir. Commandez en ligne d\u00e8s maintenant\u00a0!","breadcrumb":{"@id":"https:\/\/www.tabakversand.ch\/produit\/bentley-mini-cigarillo\/#breadcrumb"},"inLanguage":"fr-FR","potentialAction":[{"@type":"ReadAction","target":["https:\/\/www.tabakversand.ch\/produit\/bentley-mini-cigarillo\/"]}]},{"@type":"ImageObject","inLanguage":"fr-FR","@id":"https:\/\/www.tabakversand.ch\/produit\/bentley-mini-cigarillo\/#primaryimage","url":"https:\/\/www.tabakversand.ch\/wp-content\/uploads\/2023\/02\/bentley-mini-cigarillos.jpg","contentUrl":"https:\/\/www.tabakversand.ch\/wp-content\/uploads\/2023\/02\/bentley-mini-cigarillos.jpg","width":500,"height":500,"caption":"Bentley Mini Cigarillo | Tabakversand.ch"},{"@type":"BreadcrumbList","@id":"https:\/\/www.tabakversand.ch\/produit\/bentley-mini-cigarillo\/#breadcrumb","itemListElement":[{"@type":"ListItem","position":1,"name":"Startseite","item":"https:\/\/www.tabakversand.ch\/"},{"@type":"ListItem","position":2,"name":"Boutique","item":"https:\/\/www.tabakversand.ch\/fr\/boutique\/"},{"@type":"ListItem","position":3,"name":"Mini-cigarillos Bentley"}]},{"@type":"WebSite","@id":"https:\/\/www.tabakversand.ch\/#website","url":"https:\/\/www.tabakversand.ch\/","name":"Tabakversand.ch | Alles aus der Welt des Tabaks","description":"Smoke and carpe diem","potentialAction":[{"@type":"SearchAction","target":{"@type":"EntryPoint","urlTemplate":"https:\/\/www.tabakversand.ch\/?s={search_term_string}"},"query-input":{"@type":"PropertyValueSpecification","valueRequired":true,"valueName":"search_term_string"}}],"inLanguage":"fr-FR"}]}},"_links":{"self":[{"href":"https:\/\/www.tabakversand.ch\/fr\/wp-json\/wp\/v2\/product\/128815","targetHints":{"allow":["GET"]}}],"collection":[{"href":"https:\/\/www.tabakversand.ch\/fr\/wp-json\/wp\/v2\/product"}],"about":[{"href":"https:\/\/www.tabakversand.ch\/fr\/wp-json\/wp\/v2\/types\/product"}],"version-history":[{"count":4,"href":"https:\/\/www.tabakversand.ch\/fr\/wp-json\/wp\/v2\/product\/128815\/revisions"}],"predecessor-version":[{"id":217630,"href":"https:\/\/www.tabakversand.ch\/fr\/wp-json\/wp\/v2\/product\/128815\/revisions\/217630"}],"wp:featuredmedia":[{"embeddable":true,"href":"https:\/\/www.tabakversand.ch\/fr\/wp-json\/wp\/v2\/media\/128819"}],"wp:attachment":[{"href":"https:\/\/www.tabakversand.ch\/fr\/wp-json\/wp\/v2\/media?parent=128815"}],"wp:term":[{"taxonomy":"product_brand","embeddable":true,"href":"https:\/\/www.tabakversand.ch\/fr\/wp-json\/wp\/v2\/product_brand?post=128815"},{"taxonomy":"product_cat","embeddable":true,"href":"https:\/\/www.tabakversand.ch\/fr\/wp-json\/wp\/v2\/product_cat?post=128815"},{"taxonomy":"product_tag","embeddable":true,"href":"https:\/\/www.tabakversand.ch\/fr\/wp-json\/wp\/v2\/product_tag?post=128815"}],"curies":[{"name":"wp","href":"https:\/\/api.w.org\/{rel}","templated":true}]}}