{"id":128926,"date":"2023-02-08T15:20:13","date_gmt":"2023-02-08T14:20:13","guid":{"rendered":"https:\/\/www.tabakversand.ch\/?post_type=product&#038;p=128926"},"modified":"2025-03-27T16:18:41","modified_gmt":"2025-03-27T15:18:41","slug":"bentley-nicaragua-boite-robuste-de-20-cigares","status":"publish","type":"product","link":"https:\/\/www.tabakversand.ch\/fr\/produit\/bentley-nicaragua-boite-robuste-de-20-cigares\/","title":{"rendered":"Cigares en bo\u00eete Bentley Nicaragua Robusto 20er"},"content":{"rendered":"<p>Cigares en bo\u00eete Bentley Nicaragua Robusto 20er<\/p>\n<p>Une cape fabriqu\u00e9e \u00e0 partir du meilleur Connecticut-Equateur Rosado et un liant (Piloto) du Nicaragua enveloppent une charge soigneusement \u00e9quilibr\u00e9e \u00e0 base de plusieurs tabacs du Panama et du Costa Rica. Ces tabacs bruts enti\u00e8rement aromatiques sont roul\u00e9s des meilleurs scooters (Torcedores) aux cigares Bentley nobles. Pi\u00e8ce par pi\u00e8ce, totalmente a mano au Nicaragua. Les trois nouveaux formats ont \u00e9t\u00e9 roul\u00e9s avec un Rosado d&rsquo;Equateur. Les experts en tabac savent \u00e0 quel point il est difficile de cultiver cette feuille de tabac en dehors de Cuba. Le liant est un Volado aromatique de la vall\u00e9e de Jalapa au Nicaragua, d&rsquo;o\u00f9 proviennent les tabacs de remplissage des trois nouveaux cigares, vieillis pendant au moins trois ans.<\/p>\n<p>Format : Robusto<br \/>\n Longueur : 12,7 cm<br \/>\n Diam\u00e8tre : 2 cm<\/p>\n<p>Couverture : Ecuador Rosado<br \/>\n Couverture : Nicaragua<br \/>\n D\u00e9p\u00f4t : Nicaragua<\/p>\n<p>Force : Moyenne-forte<br \/>\n Ar\u00f4me\/Go\u00fbt : \u00c9l\u00e9gamment harmonieux, l\u00e9g\u00e8rement sucr\u00e9, plaisir de fumer moyennement fort. Note\/parfum d&rsquo;ambiance tr\u00e8s agr\u00e9able.<br \/>\n \u200bSp\u00e9cialit\u00e9s : tabacs m\u00fbris de 3 \u00e0 5 ans, cape Ecuador Rosado<br \/>\n Origine : Nicaragua <\/p>\n<p>Tous les prix s&rsquo;appliquent uniquement aux commandes en ligne et incluent la TVA. TVA, sous r\u00e9serve de modifications plus Exp\u00e9dition. Sous r\u00e9serve d&rsquo;erreurs, de modifications de l&rsquo;\u00e9tendue de la livraison et de la conception, d&rsquo;erreurs d&rsquo;impression et de modifications de prix. Les prix barr\u00e9s sont plut\u00f4t des prix. L&rsquo;illustration peut diff\u00e9rer de l&rsquo;original\/de l&rsquo;\u00e9tendue de la livraison.<br \/>\n*Livraison gratuite pour les commandes sup\u00e9rieures \u00e0 CHF 250.<\/p>\n","protected":false},"excerpt":{"rendered":"<p>Cigares en bo\u00eete Bentley Nicaragua Robusto 20er Une cape fabriqu\u00e9e \u00e0 partir du meilleur Connecticut-Equateur Rosado et un liant (Piloto) du Nicaragua enveloppent une charge soigneusement \u00e9quilibr\u00e9e \u00e0 base de plusieurs tabacs du Panama et du Costa Rica. Ces tabacs bruts enti\u00e8rement aromatiques sont roul\u00e9s des meilleurs scooters (Torcedores) aux cigares Bentley nobles. Pi\u00e8ce par [&hellip;]<\/p>\n","protected":false},"featured_media":178231,"template":"","meta":[],"product_brand":[1523],"product_cat":[2807,1993,1994,2131],"product_tag":[],"class_list":{"0":"post-128926","1":"product","2":"type-product","3":"status-publish","4":"has-post-thumbnail","6":"product_brand-bentley","7":"product_cat-bentley-nicaragua-fr","8":"product_cat-cigares","9":"product_cat-monde-du-cigare","10":"product_cat-nicaragua-fr","12":"first","13":"onbackorder","14":"purchasable","15":"product-type-simple"},"yoast_head":"<!-- This site is optimized with the Yoast SEO plugin v27.0 - https:\/\/yoast.com\/product\/yoast-seo-wordpress\/ -->\n<title>Cigares en bo\u00eete Bentley Nicaragua Robusto 20er - tabakversand.ch<\/title>\n<meta name=\"description\" content=\"Bentley Nicaragua Robusto Bo\u00eete de 20 Cigares | | Un tr\u00e8s grand choix de produits du tabac et d&#039;accessoires dans toute la Suisse | Cartes accept\u00e9es !\" \/>\n<meta name=\"robots\" content=\"index, follow, max-snippet:-1, max-image-preview:large, max-video-preview:-1\" \/>\n<link rel=\"canonical\" href=\"https:\/\/www.tabakversand.ch\/produit\/bentley-nicaragua-robusto-20-er-box-zigarren\/\" \/>\n<meta property=\"og:locale\" content=\"fr_FR\" \/>\n<meta property=\"og:type\" content=\"article\" \/>\n<meta property=\"og:title\" content=\"Cigares en bo\u00eete Bentley Nicaragua Robusto 20er - tabakversand.ch\" \/>\n<meta property=\"og:description\" content=\"Bentley Nicaragua Robusto Bo\u00eete de 20 Cigares | | Un tr\u00e8s grand choix de produits du tabac et d&#039;accessoires dans toute la Suisse | Cartes accept\u00e9es !\" \/>\n<meta property=\"og:url\" content=\"https:\/\/www.tabakversand.ch\/produit\/bentley-nicaragua-robusto-20-er-box-zigarren\/\" \/>\n<meta property=\"og:site_name\" content=\"Tabakversand.ch | Alles aus der Welt des Tabaks\" \/>\n<meta property=\"article:modified_time\" content=\"2025-03-27T15:18:41+00:00\" \/>\n<meta property=\"og:image\" content=\"https:\/\/www.tabakversand.ch\/wp-content\/uploads\/2023\/02\/bentley-robusto-20er-box_.jpg\" \/>\n\t<meta property=\"og:image:width\" content=\"499\" \/>\n\t<meta property=\"og:image:height\" content=\"500\" \/>\n\t<meta property=\"og:image:type\" content=\"image\/jpeg\" \/>\n<meta name=\"twitter:card\" content=\"summary_large_image\" \/>\n<meta name=\"twitter:label1\" content=\"Dur\u00e9e de lecture estim\u00e9e\" \/>\n\t<meta name=\"twitter:data1\" content=\"1 minute\" \/>\n<script type=\"application\/ld+json\" class=\"yoast-schema-graph\">{\"@context\":\"https:\/\/schema.org\",\"@graph\":[{\"@type\":\"WebPage\",\"@id\":\"https:\/\/www.tabakversand.ch\/produit\/bentley-nicaragua-robusto-20-er-box-zigarren\/\",\"url\":\"https:\/\/www.tabakversand.ch\/produit\/bentley-nicaragua-robusto-20-er-box-zigarren\/\",\"name\":\"Cigares en bo\u00eete Bentley Nicaragua Robusto 20er - tabakversand.ch\",\"isPartOf\":{\"@id\":\"https:\/\/www.tabakversand.ch\/#website\"},\"primaryImageOfPage\":{\"@id\":\"https:\/\/www.tabakversand.ch\/produit\/bentley-nicaragua-robusto-20-er-box-zigarren\/#primaryimage\"},\"image\":{\"@id\":\"https:\/\/www.tabakversand.ch\/produit\/bentley-nicaragua-robusto-20-er-box-zigarren\/#primaryimage\"},\"thumbnailUrl\":\"https:\/\/www.tabakversand.ch\/wp-content\/uploads\/2023\/02\/bentley-robusto-20er-box_.jpg\",\"datePublished\":\"2023-02-08T14:20:13+00:00\",\"dateModified\":\"2025-03-27T15:18:41+00:00\",\"description\":\"Bentley Nicaragua Robusto Bo\u00eete de 20 Cigares | | Un tr\u00e8s grand choix de produits du tabac et d'accessoires dans toute la Suisse | Cartes accept\u00e9es !\",\"breadcrumb\":{\"@id\":\"https:\/\/www.tabakversand.ch\/produit\/bentley-nicaragua-robusto-20-er-box-zigarren\/#breadcrumb\"},\"inLanguage\":\"fr-FR\",\"potentialAction\":[{\"@type\":\"ReadAction\",\"target\":[\"https:\/\/www.tabakversand.ch\/produit\/bentley-nicaragua-robusto-20-er-box-zigarren\/\"]}]},{\"@type\":\"ImageObject\",\"inLanguage\":\"fr-FR\",\"@id\":\"https:\/\/www.tabakversand.ch\/produit\/bentley-nicaragua-robusto-20-er-box-zigarren\/#primaryimage\",\"url\":\"https:\/\/www.tabakversand.ch\/wp-content\/uploads\/2023\/02\/bentley-robusto-20er-box_.jpg\",\"contentUrl\":\"https:\/\/www.tabakversand.ch\/wp-content\/uploads\/2023\/02\/bentley-robusto-20er-box_.jpg\",\"width\":499,\"height\":500,\"caption\":\"Bentley Nicaragua Robusto 20 er Box Zigarren\"},{\"@type\":\"BreadcrumbList\",\"@id\":\"https:\/\/www.tabakversand.ch\/produit\/bentley-nicaragua-robusto-20-er-box-zigarren\/#breadcrumb\",\"itemListElement\":[{\"@type\":\"ListItem\",\"position\":1,\"name\":\"Startseite\",\"item\":\"https:\/\/www.tabakversand.ch\/\"},{\"@type\":\"ListItem\",\"position\":2,\"name\":\"Boutique\",\"item\":\"https:\/\/www.tabakversand.ch\/fr\/boutique\/\"},{\"@type\":\"ListItem\",\"position\":3,\"name\":\"Cigares en bo\u00eete Bentley Nicaragua Robusto 20er\"}]},{\"@type\":\"WebSite\",\"@id\":\"https:\/\/www.tabakversand.ch\/#website\",\"url\":\"https:\/\/www.tabakversand.ch\/\",\"name\":\"Tabakversand.ch | Alles aus der Welt des Tabaks\",\"description\":\"Smoke and carpe diem\",\"potentialAction\":[{\"@type\":\"SearchAction\",\"target\":{\"@type\":\"EntryPoint\",\"urlTemplate\":\"https:\/\/www.tabakversand.ch\/?s={search_term_string}\"},\"query-input\":{\"@type\":\"PropertyValueSpecification\",\"valueRequired\":true,\"valueName\":\"search_term_string\"}}],\"inLanguage\":\"fr-FR\"}]}<\/script>\n<!-- \/ Yoast SEO plugin. -->","yoast_head_json":{"title":"Cigares en bo\u00eete Bentley Nicaragua Robusto 20er - tabakversand.ch","description":"Bentley Nicaragua Robusto Bo\u00eete de 20 Cigares | | Un tr\u00e8s grand choix de produits du tabac et d'accessoires dans toute la Suisse | Cartes accept\u00e9es !","robots":{"index":"index","follow":"follow","max-snippet":"max-snippet:-1","max-image-preview":"max-image-preview:large","max-video-preview":"max-video-preview:-1"},"canonical":"https:\/\/www.tabakversand.ch\/produit\/bentley-nicaragua-robusto-20-er-box-zigarren\/","og_locale":"fr_FR","og_type":"article","og_title":"Cigares en bo\u00eete Bentley Nicaragua Robusto 20er - tabakversand.ch","og_description":"Bentley Nicaragua Robusto Bo\u00eete de 20 Cigares | | Un tr\u00e8s grand choix de produits du tabac et d'accessoires dans toute la Suisse | Cartes accept\u00e9es !","og_url":"https:\/\/www.tabakversand.ch\/produit\/bentley-nicaragua-robusto-20-er-box-zigarren\/","og_site_name":"Tabakversand.ch | Alles aus der Welt des Tabaks","article_modified_time":"2025-03-27T15:18:41+00:00","og_image":[{"width":499,"height":500,"url":"https:\/\/www.tabakversand.ch\/wp-content\/uploads\/2023\/02\/bentley-robusto-20er-box_.jpg","type":"image\/jpeg"}],"twitter_card":"summary_large_image","twitter_misc":{"Dur\u00e9e de lecture estim\u00e9e":"1 minute"},"schema":{"@context":"https:\/\/schema.org","@graph":[{"@type":"WebPage","@id":"https:\/\/www.tabakversand.ch\/produit\/bentley-nicaragua-robusto-20-er-box-zigarren\/","url":"https:\/\/www.tabakversand.ch\/produit\/bentley-nicaragua-robusto-20-er-box-zigarren\/","name":"Cigares en bo\u00eete Bentley Nicaragua Robusto 20er - tabakversand.ch","isPartOf":{"@id":"https:\/\/www.tabakversand.ch\/#website"},"primaryImageOfPage":{"@id":"https:\/\/www.tabakversand.ch\/produit\/bentley-nicaragua-robusto-20-er-box-zigarren\/#primaryimage"},"image":{"@id":"https:\/\/www.tabakversand.ch\/produit\/bentley-nicaragua-robusto-20-er-box-zigarren\/#primaryimage"},"thumbnailUrl":"https:\/\/www.tabakversand.ch\/wp-content\/uploads\/2023\/02\/bentley-robusto-20er-box_.jpg","datePublished":"2023-02-08T14:20:13+00:00","dateModified":"2025-03-27T15:18:41+00:00","description":"Bentley Nicaragua Robusto Bo\u00eete de 20 Cigares | | Un tr\u00e8s grand choix de produits du tabac et d'accessoires dans toute la Suisse | Cartes accept\u00e9es !","breadcrumb":{"@id":"https:\/\/www.tabakversand.ch\/produit\/bentley-nicaragua-robusto-20-er-box-zigarren\/#breadcrumb"},"inLanguage":"fr-FR","potentialAction":[{"@type":"ReadAction","target":["https:\/\/www.tabakversand.ch\/produit\/bentley-nicaragua-robusto-20-er-box-zigarren\/"]}]},{"@type":"ImageObject","inLanguage":"fr-FR","@id":"https:\/\/www.tabakversand.ch\/produit\/bentley-nicaragua-robusto-20-er-box-zigarren\/#primaryimage","url":"https:\/\/www.tabakversand.ch\/wp-content\/uploads\/2023\/02\/bentley-robusto-20er-box_.jpg","contentUrl":"https:\/\/www.tabakversand.ch\/wp-content\/uploads\/2023\/02\/bentley-robusto-20er-box_.jpg","width":499,"height":500,"caption":"Bentley Nicaragua Robusto 20 er Box Zigarren"},{"@type":"BreadcrumbList","@id":"https:\/\/www.tabakversand.ch\/produit\/bentley-nicaragua-robusto-20-er-box-zigarren\/#breadcrumb","itemListElement":[{"@type":"ListItem","position":1,"name":"Startseite","item":"https:\/\/www.tabakversand.ch\/"},{"@type":"ListItem","position":2,"name":"Boutique","item":"https:\/\/www.tabakversand.ch\/fr\/boutique\/"},{"@type":"ListItem","position":3,"name":"Cigares en bo\u00eete Bentley Nicaragua Robusto 20er"}]},{"@type":"WebSite","@id":"https:\/\/www.tabakversand.ch\/#website","url":"https:\/\/www.tabakversand.ch\/","name":"Tabakversand.ch | Alles aus der Welt des Tabaks","description":"Smoke and carpe diem","potentialAction":[{"@type":"SearchAction","target":{"@type":"EntryPoint","urlTemplate":"https:\/\/www.tabakversand.ch\/?s={search_term_string}"},"query-input":{"@type":"PropertyValueSpecification","valueRequired":true,"valueName":"search_term_string"}}],"inLanguage":"fr-FR"}]}},"_links":{"self":[{"href":"https:\/\/www.tabakversand.ch\/fr\/wp-json\/wp\/v2\/product\/128926","targetHints":{"allow":["GET"]}}],"collection":[{"href":"https:\/\/www.tabakversand.ch\/fr\/wp-json\/wp\/v2\/product"}],"about":[{"href":"https:\/\/www.tabakversand.ch\/fr\/wp-json\/wp\/v2\/types\/product"}],"version-history":[{"count":1,"href":"https:\/\/www.tabakversand.ch\/fr\/wp-json\/wp\/v2\/product\/128926\/revisions"}],"predecessor-version":[{"id":178239,"href":"https:\/\/www.tabakversand.ch\/fr\/wp-json\/wp\/v2\/product\/128926\/revisions\/178239"}],"wp:featuredmedia":[{"embeddable":true,"href":"https:\/\/www.tabakversand.ch\/fr\/wp-json\/wp\/v2\/media\/178231"}],"wp:attachment":[{"href":"https:\/\/www.tabakversand.ch\/fr\/wp-json\/wp\/v2\/media?parent=128926"}],"wp:term":[{"taxonomy":"product_brand","embeddable":true,"href":"https:\/\/www.tabakversand.ch\/fr\/wp-json\/wp\/v2\/product_brand?post=128926"},{"taxonomy":"product_cat","embeddable":true,"href":"https:\/\/www.tabakversand.ch\/fr\/wp-json\/wp\/v2\/product_cat?post=128926"},{"taxonomy":"product_tag","embeddable":true,"href":"https:\/\/www.tabakversand.ch\/fr\/wp-json\/wp\/v2\/product_tag?post=128926"}],"curies":[{"name":"wp","href":"https:\/\/api.w.org\/{rel}","templated":true}]}}