{"id":129694,"date":"2023-03-23T15:09:46","date_gmt":"2023-03-23T14:09:46","guid":{"rendered":"https:\/\/www.tabakversand.ch\/?post_type=product&#038;p=129694"},"modified":"2025-09-17T10:23:10","modified_gmt":"2025-09-17T08:23:10","slug":"eos-myrtille-snus-11-gr","status":"publish","type":"product","link":"https:\/\/www.tabakversand.ch\/fr\/produit\/eos-myrtille-snus-11-gr\/","title":{"rendered":"EOS Blueberry Snus 11g"},"content":{"rendered":"<p>EOS Blueberry Snus 11g<\/p>\n<p>Savourez le go\u00fbt des myrtilles fra\u00eeches qui sortent de cette pochette. Combin\u00e9 \u00e0 la nicotine, le sachet donne une sensation fruit\u00e9e stimulante.<\/p>\n<p>L&rsquo;EOS Snus est une pochette de nicotine sans tabac enti\u00e8rement blanche avec un standard de qualit\u00e9 \u00e9lev\u00e9. M\u00eame les produits aromatis\u00e9s aux fruits contiennent des morceaux de fruits biologiques et la saveur est pleinement pr\u00e9sente pendant environ 2 heures.<\/p>\n<p>Particularit\u00e9 : Un nouveau compartiment suppl\u00e9mentaire pour jeter la pochette usag\u00e9e.<\/p>\n<p>Force de la nicotine (6 milligrammes par sachet)<\/p>\n<p>Contenu : 20 sachets<\/p>\n<p>Ingr\u00e9dients : Fibre de cellulose, poudre de myrtille bio, maltitol, mannitol, ar\u00f4me, nicotine, correcteur d&rsquo;acidit\u00e9, sel, liant, \u00e9dulcorant<\/p>\n<p>5 bo\u00eetes de 11 gr.<\/p>\n<p>Tous les prix s&rsquo;appliquent uniquement aux commandes en ligne et incluent la TVA. Sous r\u00e9serve de modifications sans pr\u00e9avis, frais de livraison en sus. Sous r\u00e9serve d&rsquo;erreurs, de modifications de contenu de livraison et de conception, de fautes d&rsquo;impression et de modifications de prix. Les prix barr\u00e9s sont des prix de remplacement. Les illustrations peuvent diff\u00e9rer de l&rsquo;original\/du contenu de livraison.<br \/>\n*Livraison gratuite pour les commandes sup\u00e9rieures \u00e0 CHF 250.-.<\/p>\n","protected":false},"excerpt":{"rendered":"<p>EOS Blueberry Snus 11g Savourez le go\u00fbt des myrtilles fra\u00eeches qui sortent de cette pochette. Combin\u00e9 \u00e0 la nicotine, le sachet donne une sensation fruit\u00e9e stimulante. L&rsquo;EOS Snus est une pochette de nicotine sans tabac enti\u00e8rement blanche avec un standard de qualit\u00e9 \u00e9lev\u00e9. M\u00eame les produits aromatis\u00e9s aux fruits contiennent des morceaux de fruits biologiques [&hellip;]<\/p>\n","protected":false},"featured_media":129698,"template":"","meta":[],"product_brand":[],"product_cat":[4564,1888,1903,1900],"product_tag":[],"class_list":{"0":"post-129694","1":"product","2":"type-product","3":"status-publish","4":"has-post-thumbnail","6":"product_cat-snus-en-sachet","7":"product_cat-tabac","8":"product_cat-tabac-a-macher-snus","9":"product_cat-tabac-a-macher-snus-dans-un-sac","11":"first","12":"onbackorder","13":"purchasable","14":"product-type-simple"},"yoast_head":"<!-- This site is optimized with the Yoast SEO plugin v27.5 - https:\/\/yoast.com\/product\/yoast-seo-wordpress\/ -->\n<title>EOS Blueberry Snus 11g - tabakversand.ch<\/title>\n<meta name=\"description\" content=\"EOS Blueberry Snus 11g | La plus grande s\u00e9lection de produits du tabac de Suisse | Cartes accept\u00e9es!\" \/>\n<meta name=\"robots\" content=\"index, follow, max-snippet:-1, max-image-preview:large, max-video-preview:-1\" \/>\n<link rel=\"canonical\" href=\"https:\/\/www.tabakversand.ch\/fr\/produit\/eos-myrtille-snus-11-gr\/\" \/>\n<meta property=\"og:locale\" content=\"fr_FR\" \/>\n<meta property=\"og:type\" content=\"article\" \/>\n<meta property=\"og:title\" content=\"EOS Blueberry Snus 11g - tabakversand.ch\" \/>\n<meta property=\"og:description\" content=\"EOS Blueberry Snus 11g | La plus grande s\u00e9lection de produits du tabac de Suisse | Cartes accept\u00e9es!\" \/>\n<meta property=\"og:url\" content=\"https:\/\/www.tabakversand.ch\/fr\/produit\/eos-myrtille-snus-11-gr\/\" \/>\n<meta property=\"og:site_name\" content=\"Tabakversand.ch | Alles aus der Welt des Tabaks\" \/>\n<meta property=\"article:modified_time\" content=\"2025-09-17T08:23:10+00:00\" \/>\n<meta property=\"og:image\" content=\"https:\/\/www.tabakversand.ch\/wp-content\/uploads\/2023\/03\/eos-blueberry-e.jpg\" \/>\n\t<meta property=\"og:image:width\" content=\"500\" \/>\n\t<meta property=\"og:image:height\" content=\"500\" \/>\n\t<meta property=\"og:image:type\" content=\"image\/jpeg\" \/>\n<meta name=\"twitter:card\" content=\"summary_large_image\" \/>\n<meta name=\"twitter:label1\" content=\"Dur\u00e9e de lecture estim\u00e9e\" \/>\n\t<meta name=\"twitter:data1\" content=\"1 minute\" \/>\n<script type=\"application\/ld+json\" class=\"yoast-schema-graph\">{\"@context\":\"https:\\\/\\\/schema.org\",\"@graph\":[{\"@type\":\"WebPage\",\"@id\":\"https:\\\/\\\/www.tabakversand.ch\\\/fr\\\/produit\\\/eos-myrtille-snus-11-gr\\\/\",\"url\":\"https:\\\/\\\/www.tabakversand.ch\\\/fr\\\/produit\\\/eos-myrtille-snus-11-gr\\\/\",\"name\":\"EOS Blueberry Snus 11g - tabakversand.ch\",\"isPartOf\":{\"@id\":\"https:\\\/\\\/www.tabakversand.ch\\\/#website\"},\"primaryImageOfPage\":{\"@id\":\"https:\\\/\\\/www.tabakversand.ch\\\/fr\\\/produit\\\/eos-myrtille-snus-11-gr\\\/#primaryimage\"},\"image\":{\"@id\":\"https:\\\/\\\/www.tabakversand.ch\\\/fr\\\/produit\\\/eos-myrtille-snus-11-gr\\\/#primaryimage\"},\"thumbnailUrl\":\"https:\\\/\\\/www.tabakversand.ch\\\/wp-content\\\/uploads\\\/2023\\\/03\\\/eos-blueberry-e.jpg\",\"datePublished\":\"2023-03-23T14:09:46+00:00\",\"dateModified\":\"2025-09-17T08:23:10+00:00\",\"description\":\"EOS Blueberry Snus 11g | La plus grande s\u00e9lection de produits du tabac de Suisse | Cartes accept\u00e9es!\",\"breadcrumb\":{\"@id\":\"https:\\\/\\\/www.tabakversand.ch\\\/fr\\\/produit\\\/eos-myrtille-snus-11-gr\\\/#breadcrumb\"},\"inLanguage\":\"fr-FR\",\"potentialAction\":[{\"@type\":\"ReadAction\",\"target\":[\"https:\\\/\\\/www.tabakversand.ch\\\/fr\\\/produit\\\/eos-myrtille-snus-11-gr\\\/\"]}]},{\"@type\":\"ImageObject\",\"inLanguage\":\"fr-FR\",\"@id\":\"https:\\\/\\\/www.tabakversand.ch\\\/fr\\\/produit\\\/eos-myrtille-snus-11-gr\\\/#primaryimage\",\"url\":\"https:\\\/\\\/www.tabakversand.ch\\\/wp-content\\\/uploads\\\/2023\\\/03\\\/eos-blueberry-e.jpg\",\"contentUrl\":\"https:\\\/\\\/www.tabakversand.ch\\\/wp-content\\\/uploads\\\/2023\\\/03\\\/eos-blueberry-e.jpg\",\"width\":500,\"height\":500,\"caption\":\"EOS Blueberry Snus 11g | Tabakversand.ch\"},{\"@type\":\"BreadcrumbList\",\"@id\":\"https:\\\/\\\/www.tabakversand.ch\\\/fr\\\/produit\\\/eos-myrtille-snus-11-gr\\\/#breadcrumb\",\"itemListElement\":[{\"@type\":\"ListItem\",\"position\":1,\"name\":\"Startseite\",\"item\":\"https:\\\/\\\/www.tabakversand.ch\\\/\"},{\"@type\":\"ListItem\",\"position\":2,\"name\":\"Boutique\",\"item\":\"https:\\\/\\\/www.tabakversand.ch\\\/fr\\\/boutique\\\/\"},{\"@type\":\"ListItem\",\"position\":3,\"name\":\"EOS Blueberry Snus 11g\"}]},{\"@type\":\"WebSite\",\"@id\":\"https:\\\/\\\/www.tabakversand.ch\\\/#website\",\"url\":\"https:\\\/\\\/www.tabakversand.ch\\\/\",\"name\":\"Tabakversand.ch | Alles aus der Welt des Tabaks\",\"description\":\"Smoke and carpe diem\",\"potentialAction\":[{\"@type\":\"SearchAction\",\"target\":{\"@type\":\"EntryPoint\",\"urlTemplate\":\"https:\\\/\\\/www.tabakversand.ch\\\/?s={search_term_string}\"},\"query-input\":{\"@type\":\"PropertyValueSpecification\",\"valueRequired\":true,\"valueName\":\"search_term_string\"}}],\"inLanguage\":\"fr-FR\"}]}<\/script>\n<!-- \/ Yoast SEO plugin. -->","yoast_head_json":{"title":"EOS Blueberry Snus 11g - tabakversand.ch","description":"EOS Blueberry Snus 11g | La plus grande s\u00e9lection de produits du tabac de Suisse | Cartes accept\u00e9es!","robots":{"index":"index","follow":"follow","max-snippet":"max-snippet:-1","max-image-preview":"max-image-preview:large","max-video-preview":"max-video-preview:-1"},"canonical":"https:\/\/www.tabakversand.ch\/fr\/produit\/eos-myrtille-snus-11-gr\/","og_locale":"fr_FR","og_type":"article","og_title":"EOS Blueberry Snus 11g - tabakversand.ch","og_description":"EOS Blueberry Snus 11g | La plus grande s\u00e9lection de produits du tabac de Suisse | Cartes accept\u00e9es!","og_url":"https:\/\/www.tabakversand.ch\/fr\/produit\/eos-myrtille-snus-11-gr\/","og_site_name":"Tabakversand.ch | Alles aus der Welt des Tabaks","article_modified_time":"2025-09-17T08:23:10+00:00","og_image":[{"width":500,"height":500,"url":"https:\/\/www.tabakversand.ch\/wp-content\/uploads\/2023\/03\/eos-blueberry-e.jpg","type":"image\/jpeg"}],"twitter_card":"summary_large_image","twitter_misc":{"Dur\u00e9e de lecture estim\u00e9e":"1 minute"},"schema":{"@context":"https:\/\/schema.org","@graph":[{"@type":"WebPage","@id":"https:\/\/www.tabakversand.ch\/fr\/produit\/eos-myrtille-snus-11-gr\/","url":"https:\/\/www.tabakversand.ch\/fr\/produit\/eos-myrtille-snus-11-gr\/","name":"EOS Blueberry Snus 11g - tabakversand.ch","isPartOf":{"@id":"https:\/\/www.tabakversand.ch\/#website"},"primaryImageOfPage":{"@id":"https:\/\/www.tabakversand.ch\/fr\/produit\/eos-myrtille-snus-11-gr\/#primaryimage"},"image":{"@id":"https:\/\/www.tabakversand.ch\/fr\/produit\/eos-myrtille-snus-11-gr\/#primaryimage"},"thumbnailUrl":"https:\/\/www.tabakversand.ch\/wp-content\/uploads\/2023\/03\/eos-blueberry-e.jpg","datePublished":"2023-03-23T14:09:46+00:00","dateModified":"2025-09-17T08:23:10+00:00","description":"EOS Blueberry Snus 11g | La plus grande s\u00e9lection de produits du tabac de Suisse | Cartes accept\u00e9es!","breadcrumb":{"@id":"https:\/\/www.tabakversand.ch\/fr\/produit\/eos-myrtille-snus-11-gr\/#breadcrumb"},"inLanguage":"fr-FR","potentialAction":[{"@type":"ReadAction","target":["https:\/\/www.tabakversand.ch\/fr\/produit\/eos-myrtille-snus-11-gr\/"]}]},{"@type":"ImageObject","inLanguage":"fr-FR","@id":"https:\/\/www.tabakversand.ch\/fr\/produit\/eos-myrtille-snus-11-gr\/#primaryimage","url":"https:\/\/www.tabakversand.ch\/wp-content\/uploads\/2023\/03\/eos-blueberry-e.jpg","contentUrl":"https:\/\/www.tabakversand.ch\/wp-content\/uploads\/2023\/03\/eos-blueberry-e.jpg","width":500,"height":500,"caption":"EOS Blueberry Snus 11g | Tabakversand.ch"},{"@type":"BreadcrumbList","@id":"https:\/\/www.tabakversand.ch\/fr\/produit\/eos-myrtille-snus-11-gr\/#breadcrumb","itemListElement":[{"@type":"ListItem","position":1,"name":"Startseite","item":"https:\/\/www.tabakversand.ch\/"},{"@type":"ListItem","position":2,"name":"Boutique","item":"https:\/\/www.tabakversand.ch\/fr\/boutique\/"},{"@type":"ListItem","position":3,"name":"EOS Blueberry Snus 11g"}]},{"@type":"WebSite","@id":"https:\/\/www.tabakversand.ch\/#website","url":"https:\/\/www.tabakversand.ch\/","name":"Tabakversand.ch | Alles aus der Welt des Tabaks","description":"Smoke and carpe diem","potentialAction":[{"@type":"SearchAction","target":{"@type":"EntryPoint","urlTemplate":"https:\/\/www.tabakversand.ch\/?s={search_term_string}"},"query-input":{"@type":"PropertyValueSpecification","valueRequired":true,"valueName":"search_term_string"}}],"inLanguage":"fr-FR"}]}},"_links":{"self":[{"href":"https:\/\/www.tabakversand.ch\/fr\/wp-json\/wp\/v2\/product\/129694","targetHints":{"allow":["GET"]}}],"collection":[{"href":"https:\/\/www.tabakversand.ch\/fr\/wp-json\/wp\/v2\/product"}],"about":[{"href":"https:\/\/www.tabakversand.ch\/fr\/wp-json\/wp\/v2\/types\/product"}],"version-history":[{"count":2,"href":"https:\/\/www.tabakversand.ch\/fr\/wp-json\/wp\/v2\/product\/129694\/revisions"}],"predecessor-version":[{"id":200063,"href":"https:\/\/www.tabakversand.ch\/fr\/wp-json\/wp\/v2\/product\/129694\/revisions\/200063"}],"wp:featuredmedia":[{"embeddable":true,"href":"https:\/\/www.tabakversand.ch\/fr\/wp-json\/wp\/v2\/media\/129698"}],"wp:attachment":[{"href":"https:\/\/www.tabakversand.ch\/fr\/wp-json\/wp\/v2\/media?parent=129694"}],"wp:term":[{"taxonomy":"product_brand","embeddable":true,"href":"https:\/\/www.tabakversand.ch\/fr\/wp-json\/wp\/v2\/product_brand?post=129694"},{"taxonomy":"product_cat","embeddable":true,"href":"https:\/\/www.tabakversand.ch\/fr\/wp-json\/wp\/v2\/product_cat?post=129694"},{"taxonomy":"product_tag","embeddable":true,"href":"https:\/\/www.tabakversand.ch\/fr\/wp-json\/wp\/v2\/product_tag?post=129694"}],"curies":[{"name":"wp","href":"https:\/\/api.w.org\/{rel}","templated":true}]}}