{"id":130685,"date":"2024-12-04T12:30:23","date_gmt":"2024-12-04T11:30:23","guid":{"rendered":"https:\/\/www.tabakversand.ch\/?post_type=product&#038;p=130685"},"modified":"2024-12-04T12:43:21","modified_gmt":"2024-12-04T11:43:21","slug":"zap-shot-de-sel-de-nicotine-18-mg-10-ml","status":"publish","type":"product","link":"https:\/\/www.tabakversand.ch\/fr\/produit\/zap-shot-de-sel-de-nicotine-18-mg-10-ml\/","title":{"rendered":"ZAP Shot de sel de nicotine 18 mg 10 ml"},"content":{"rendered":"<p>ZAP Shot de sel de nicotine 18 mg 10 ml<\/p>\n<p>10 flacons de 10 ml chacun<\/p>\n<p>Les Salt Shots de ZAP! Les jus sont m\u00e9lang\u00e9s \u00e0 une concentration de 18 mg\/ml et fournissent ainsi \u00e0 chaque liquide une quantit\u00e9 agr\u00e9ablement douce de nicotine. Les Zap!Shots sont consid\u00e9r\u00e9s comme particuli\u00e8rement insipides et permettent ainsi un v\u00e9ritable plaisir de vapoter. Aide au dosage : 40 ml shortfill en flacon de 50 ml (Insmoke)<br \/>\n1 shot = 3,6 mg\/ml 70 ml de remplissage court en flacon de 100 ml (Insmoke)<br \/>\n1 injection = 2,25 mg\/ml<br \/>\n2 injections = 4mg\/ml<br \/>\n3 injections = 5,4 mg\/ml 50 ml de remplissage court en flacon de 60 ml<br \/>\n1 injection = 3 mg\/ml 100 ml de remplissage court dans un flacon de 120 ml<br \/>\n1 injection = 1,5 mg\/ml<br \/>\n2 injections = 3 mg\/ml 20 ml de remplissage long en flacon de 60 ml<br \/>\n1 injection = 3mg\/ml<br \/>\n2 injections = 6mg\/ml<br \/>\n3 injections = 9mg\/ml<br \/>\n4 injections = 12mg\/ml<\/p>\n<p>&nbsp;<\/p>\n<p>Tous les prix s&rsquo;appliquent uniquement aux commandes en ligne et incluent la TVA et sont sujets \u00e0 changement plus les frais d&rsquo;exp\u00e9dition. Sous r\u00e9serve d&rsquo;erreurs, de modifications de l&rsquo;\u00e9tendue de la livraison et de la conception, d&rsquo;erreurs d&rsquo;impression et de modifications de prix. Les prix barr\u00e9s sont plut\u00f4t des prix. L&rsquo;illustration peut diff\u00e9rer de l&rsquo;original\/de l&rsquo;\u00e9tendue de la livraison. *Livraison gratuite pour les commandes sup\u00e9rieures \u00e0 CHF 250.<\/p>\n","protected":false},"excerpt":{"rendered":"<p>ZAP Shot de sel de nicotine 18 mg 10 ml 10 flacons de 10 ml chacun Les Salt Shots de ZAP! Les jus sont m\u00e9lang\u00e9s \u00e0 une concentration de 18 mg\/ml et fournissent ainsi \u00e0 chaque liquide une quantit\u00e9 agr\u00e9ablement douce de nicotine. Les Zap!Shots sont consid\u00e9r\u00e9s comme particuli\u00e8rement insipides et permettent ainsi un v\u00e9ritable [&hellip;]<\/p>\n","protected":false},"featured_media":163502,"template":"","meta":[],"product_brand":[],"product_cat":[1895,1894,2796],"product_tag":[],"class_list":{"0":"post-130685","1":"product","2":"type-product","3":"status-publish","4":"has-post-thumbnail","6":"product_cat-e-fumee","7":"product_cat-e-liquide","8":"product_cat-injection-de-liquide-a-la-nicotine","10":"first","11":"onbackorder","12":"purchasable","13":"product-type-simple"},"yoast_head":"<!-- This site is optimized with the Yoast SEO plugin v27.5 - https:\/\/yoast.com\/product\/yoast-seo-wordpress\/ -->\n<title>ZAP Shot de sel de nicotine 18 mg 10 ml<\/title>\n<meta name=\"description\" content=\"ZAP Shot de sel de nicotine 18 mg 10 ml | Un tr\u00e8s haut choix de produits du tabac et d&#039;accessoires du tabac en Suisse | Cartes accept\u00e9es !\" \/>\n<meta name=\"robots\" content=\"index, follow, max-snippet:-1, max-image-preview:large, max-video-preview:-1\" \/>\n<link rel=\"canonical\" href=\"https:\/\/www.tabakversand.ch\/produit\/zap-nikotin-salt-shot-18mg-10ml\/\" \/>\n<meta property=\"og:locale\" content=\"fr_FR\" \/>\n<meta property=\"og:type\" content=\"article\" \/>\n<meta property=\"og:title\" content=\"ZAP Shot de sel de nicotine 18 mg 10 ml\" \/>\n<meta property=\"og:description\" content=\"ZAP Shot de sel de nicotine 18 mg 10 ml | Un tr\u00e8s haut choix de produits du tabac et d&#039;accessoires du tabac en Suisse | Cartes accept\u00e9es !\" \/>\n<meta property=\"og:url\" content=\"https:\/\/www.tabakversand.ch\/produit\/zap-nikotin-salt-shot-18mg-10ml\/\" \/>\n<meta property=\"og:site_name\" content=\"Tabakversand.ch | Alles aus der Welt des Tabaks\" \/>\n<meta property=\"article:modified_time\" content=\"2024-12-04T11:43:21+00:00\" \/>\n<meta property=\"og:image\" content=\"https:\/\/www.tabakversand.ch\/wp-content\/uploads\/2023\/04\/zap-nic-salt-shot.jpg\" \/>\n\t<meta property=\"og:image:width\" content=\"500\" \/>\n\t<meta property=\"og:image:height\" content=\"500\" \/>\n\t<meta property=\"og:image:type\" content=\"image\/jpeg\" \/>\n<meta name=\"twitter:card\" content=\"summary_large_image\" \/>\n<meta name=\"twitter:label1\" content=\"Dur\u00e9e de lecture estim\u00e9e\" \/>\n\t<meta name=\"twitter:data1\" content=\"2 minutes\" \/>\n<script type=\"application\/ld+json\" class=\"yoast-schema-graph\">{\"@context\":\"https:\\\/\\\/schema.org\",\"@graph\":[{\"@type\":\"WebPage\",\"@id\":\"https:\\\/\\\/www.tabakversand.ch\\\/produit\\\/zap-nikotin-salt-shot-18mg-10ml\\\/\",\"url\":\"https:\\\/\\\/www.tabakversand.ch\\\/produit\\\/zap-nikotin-salt-shot-18mg-10ml\\\/\",\"name\":\"ZAP Shot de sel de nicotine 18 mg 10 ml\",\"isPartOf\":{\"@id\":\"https:\\\/\\\/www.tabakversand.ch\\\/#website\"},\"primaryImageOfPage\":{\"@id\":\"https:\\\/\\\/www.tabakversand.ch\\\/produit\\\/zap-nikotin-salt-shot-18mg-10ml\\\/#primaryimage\"},\"image\":{\"@id\":\"https:\\\/\\\/www.tabakversand.ch\\\/produit\\\/zap-nikotin-salt-shot-18mg-10ml\\\/#primaryimage\"},\"thumbnailUrl\":\"https:\\\/\\\/www.tabakversand.ch\\\/wp-content\\\/uploads\\\/2023\\\/04\\\/zap-nic-salt-shot.jpg\",\"datePublished\":\"2024-12-04T11:30:23+00:00\",\"dateModified\":\"2024-12-04T11:43:21+00:00\",\"description\":\"ZAP Shot de sel de nicotine 18 mg 10 ml | Un tr\u00e8s haut choix de produits du tabac et d'accessoires du tabac en Suisse | Cartes accept\u00e9es !\",\"breadcrumb\":{\"@id\":\"https:\\\/\\\/www.tabakversand.ch\\\/produit\\\/zap-nikotin-salt-shot-18mg-10ml\\\/#breadcrumb\"},\"inLanguage\":\"fr-FR\",\"potentialAction\":[{\"@type\":\"ReadAction\",\"target\":[\"https:\\\/\\\/www.tabakversand.ch\\\/produit\\\/zap-nikotin-salt-shot-18mg-10ml\\\/\"]}]},{\"@type\":\"ImageObject\",\"inLanguage\":\"fr-FR\",\"@id\":\"https:\\\/\\\/www.tabakversand.ch\\\/produit\\\/zap-nikotin-salt-shot-18mg-10ml\\\/#primaryimage\",\"url\":\"https:\\\/\\\/www.tabakversand.ch\\\/wp-content\\\/uploads\\\/2023\\\/04\\\/zap-nic-salt-shot.jpg\",\"contentUrl\":\"https:\\\/\\\/www.tabakversand.ch\\\/wp-content\\\/uploads\\\/2023\\\/04\\\/zap-nic-salt-shot.jpg\",\"width\":500,\"height\":500,\"caption\":\"ZAP Nikotin Salt Shot 18mg 10ml\"},{\"@type\":\"BreadcrumbList\",\"@id\":\"https:\\\/\\\/www.tabakversand.ch\\\/produit\\\/zap-nikotin-salt-shot-18mg-10ml\\\/#breadcrumb\",\"itemListElement\":[{\"@type\":\"ListItem\",\"position\":1,\"name\":\"Startseite\",\"item\":\"https:\\\/\\\/www.tabakversand.ch\\\/\"},{\"@type\":\"ListItem\",\"position\":2,\"name\":\"Boutique\",\"item\":\"https:\\\/\\\/www.tabakversand.ch\\\/fr\\\/boutique\\\/\"},{\"@type\":\"ListItem\",\"position\":3,\"name\":\"ZAP Shot de sel de nicotine 18 mg 10 ml\"}]},{\"@type\":\"WebSite\",\"@id\":\"https:\\\/\\\/www.tabakversand.ch\\\/#website\",\"url\":\"https:\\\/\\\/www.tabakversand.ch\\\/\",\"name\":\"Tabakversand.ch | Alles aus der Welt des Tabaks\",\"description\":\"Smoke and carpe diem\",\"potentialAction\":[{\"@type\":\"SearchAction\",\"target\":{\"@type\":\"EntryPoint\",\"urlTemplate\":\"https:\\\/\\\/www.tabakversand.ch\\\/?s={search_term_string}\"},\"query-input\":{\"@type\":\"PropertyValueSpecification\",\"valueRequired\":true,\"valueName\":\"search_term_string\"}}],\"inLanguage\":\"fr-FR\"}]}<\/script>\n<!-- \/ Yoast SEO plugin. -->","yoast_head_json":{"title":"ZAP Shot de sel de nicotine 18 mg 10 ml","description":"ZAP Shot de sel de nicotine 18 mg 10 ml | Un tr\u00e8s haut choix de produits du tabac et d'accessoires du tabac en Suisse | Cartes accept\u00e9es !","robots":{"index":"index","follow":"follow","max-snippet":"max-snippet:-1","max-image-preview":"max-image-preview:large","max-video-preview":"max-video-preview:-1"},"canonical":"https:\/\/www.tabakversand.ch\/produit\/zap-nikotin-salt-shot-18mg-10ml\/","og_locale":"fr_FR","og_type":"article","og_title":"ZAP Shot de sel de nicotine 18 mg 10 ml","og_description":"ZAP Shot de sel de nicotine 18 mg 10 ml | Un tr\u00e8s haut choix de produits du tabac et d'accessoires du tabac en Suisse | Cartes accept\u00e9es !","og_url":"https:\/\/www.tabakversand.ch\/produit\/zap-nikotin-salt-shot-18mg-10ml\/","og_site_name":"Tabakversand.ch | Alles aus der Welt des Tabaks","article_modified_time":"2024-12-04T11:43:21+00:00","og_image":[{"width":500,"height":500,"url":"https:\/\/www.tabakversand.ch\/wp-content\/uploads\/2023\/04\/zap-nic-salt-shot.jpg","type":"image\/jpeg"}],"twitter_card":"summary_large_image","twitter_misc":{"Dur\u00e9e de lecture estim\u00e9e":"2 minutes"},"schema":{"@context":"https:\/\/schema.org","@graph":[{"@type":"WebPage","@id":"https:\/\/www.tabakversand.ch\/produit\/zap-nikotin-salt-shot-18mg-10ml\/","url":"https:\/\/www.tabakversand.ch\/produit\/zap-nikotin-salt-shot-18mg-10ml\/","name":"ZAP Shot de sel de nicotine 18 mg 10 ml","isPartOf":{"@id":"https:\/\/www.tabakversand.ch\/#website"},"primaryImageOfPage":{"@id":"https:\/\/www.tabakversand.ch\/produit\/zap-nikotin-salt-shot-18mg-10ml\/#primaryimage"},"image":{"@id":"https:\/\/www.tabakversand.ch\/produit\/zap-nikotin-salt-shot-18mg-10ml\/#primaryimage"},"thumbnailUrl":"https:\/\/www.tabakversand.ch\/wp-content\/uploads\/2023\/04\/zap-nic-salt-shot.jpg","datePublished":"2024-12-04T11:30:23+00:00","dateModified":"2024-12-04T11:43:21+00:00","description":"ZAP Shot de sel de nicotine 18 mg 10 ml | Un tr\u00e8s haut choix de produits du tabac et d'accessoires du tabac en Suisse | Cartes accept\u00e9es !","breadcrumb":{"@id":"https:\/\/www.tabakversand.ch\/produit\/zap-nikotin-salt-shot-18mg-10ml\/#breadcrumb"},"inLanguage":"fr-FR","potentialAction":[{"@type":"ReadAction","target":["https:\/\/www.tabakversand.ch\/produit\/zap-nikotin-salt-shot-18mg-10ml\/"]}]},{"@type":"ImageObject","inLanguage":"fr-FR","@id":"https:\/\/www.tabakversand.ch\/produit\/zap-nikotin-salt-shot-18mg-10ml\/#primaryimage","url":"https:\/\/www.tabakversand.ch\/wp-content\/uploads\/2023\/04\/zap-nic-salt-shot.jpg","contentUrl":"https:\/\/www.tabakversand.ch\/wp-content\/uploads\/2023\/04\/zap-nic-salt-shot.jpg","width":500,"height":500,"caption":"ZAP Nikotin Salt Shot 18mg 10ml"},{"@type":"BreadcrumbList","@id":"https:\/\/www.tabakversand.ch\/produit\/zap-nikotin-salt-shot-18mg-10ml\/#breadcrumb","itemListElement":[{"@type":"ListItem","position":1,"name":"Startseite","item":"https:\/\/www.tabakversand.ch\/"},{"@type":"ListItem","position":2,"name":"Boutique","item":"https:\/\/www.tabakversand.ch\/fr\/boutique\/"},{"@type":"ListItem","position":3,"name":"ZAP Shot de sel de nicotine 18 mg 10 ml"}]},{"@type":"WebSite","@id":"https:\/\/www.tabakversand.ch\/#website","url":"https:\/\/www.tabakversand.ch\/","name":"Tabakversand.ch | Alles aus der Welt des Tabaks","description":"Smoke and carpe diem","potentialAction":[{"@type":"SearchAction","target":{"@type":"EntryPoint","urlTemplate":"https:\/\/www.tabakversand.ch\/?s={search_term_string}"},"query-input":{"@type":"PropertyValueSpecification","valueRequired":true,"valueName":"search_term_string"}}],"inLanguage":"fr-FR"}]}},"_links":{"self":[{"href":"https:\/\/www.tabakversand.ch\/fr\/wp-json\/wp\/v2\/product\/130685","targetHints":{"allow":["GET"]}}],"collection":[{"href":"https:\/\/www.tabakversand.ch\/fr\/wp-json\/wp\/v2\/product"}],"about":[{"href":"https:\/\/www.tabakversand.ch\/fr\/wp-json\/wp\/v2\/types\/product"}],"version-history":[{"count":3,"href":"https:\/\/www.tabakversand.ch\/fr\/wp-json\/wp\/v2\/product\/130685\/revisions"}],"predecessor-version":[{"id":163523,"href":"https:\/\/www.tabakversand.ch\/fr\/wp-json\/wp\/v2\/product\/130685\/revisions\/163523"}],"wp:featuredmedia":[{"embeddable":true,"href":"https:\/\/www.tabakversand.ch\/fr\/wp-json\/wp\/v2\/media\/163502"}],"wp:attachment":[{"href":"https:\/\/www.tabakversand.ch\/fr\/wp-json\/wp\/v2\/media?parent=130685"}],"wp:term":[{"taxonomy":"product_brand","embeddable":true,"href":"https:\/\/www.tabakversand.ch\/fr\/wp-json\/wp\/v2\/product_brand?post=130685"},{"taxonomy":"product_cat","embeddable":true,"href":"https:\/\/www.tabakversand.ch\/fr\/wp-json\/wp\/v2\/product_cat?post=130685"},{"taxonomy":"product_tag","embeddable":true,"href":"https:\/\/www.tabakversand.ch\/fr\/wp-json\/wp\/v2\/product_tag?post=130685"}],"curies":[{"name":"wp","href":"https:\/\/api.w.org\/{rel}","templated":true}]}}