{"id":131939,"date":"2023-05-03T15:29:29","date_gmt":"2023-05-03T13:29:29","guid":{"rendered":"https:\/\/www.tabakversand.ch\/?post_type=product&#038;p=131939"},"modified":"2026-04-13T19:39:02","modified_gmt":"2026-04-13T17:39:02","slug":"peterson-connoisseurs-choice-pipe-tabac-50-gr","status":"publish","type":"product","link":"https:\/\/www.tabakversand.ch\/fr\/produit\/peterson-connoisseurs-choice-pipe-tabac-50-gr\/","title":{"rendered":"Tabac \u00e0 pipe Peterson Connoisseur&rsquo;s Choice 50 g."},"content":{"rendered":"<p>Tabac \u00e0 pipe Peterson Connoisseur&rsquo;s Choice 50 g.<\/p>\n<p>Un m\u00e9lange raffin\u00e9 de tabacs Virginie dor\u00e9s, rouges et fonc\u00e9s, coup\u00e9s en diff\u00e9rentes tailles, compl\u00e9t\u00e9 par du Burley et du Black Cavendish, offrant un ar\u00f4me irr\u00e9sistible de rhum, de noix de coco et de macadamia.<\/p>\n<p>Force : 3<br \/>\n Ar\u00f4me : 4<br \/>\n Note de la chambre : 3<\/p>\n<p>Tous les prix indiqu\u00e9s sont valables uniquement pour les commandes en ligne, TVA incluse, et peuvent \u00eatre modifi\u00e9s sans pr\u00e9avis. Les frais de port sont en sus.   Sous r\u00e9serve d&rsquo;erreurs, de modifications de l&rsquo;\u00e9tendue de la livraison et de la conception, d&rsquo;erreurs d&rsquo;impression et de modifications de prix. Les prix barr\u00e9s sont plut\u00f4t des prix. L&rsquo;illustration peut diff\u00e9rer de l&rsquo;original\/de l&rsquo;\u00e9tendue de la livraison.<br \/>\n*Livraison gratuite pour les commandes sup\u00e9rieures \u00e0 CHF 250.-.<\/p>\n","protected":false},"excerpt":{"rendered":"<p>Tabac \u00e0 pipe Peterson Connoisseur&rsquo;s Choice 50 g. Un m\u00e9lange raffin\u00e9 de tabacs Virginie dor\u00e9s, rouges et fonc\u00e9s, coup\u00e9s en diff\u00e9rentes tailles, compl\u00e9t\u00e9 par du Burley et du Black Cavendish, offrant un ar\u00f4me irr\u00e9sistible de rhum, de noix de coco et de macadamia. Force : 3 Ar\u00f4me : 4 Note de la chambre : 3 [&hellip;]<\/p>\n","protected":false},"featured_media":131943,"template":"","meta":[],"product_brand":[1807],"product_cat":[5814,1949,1888,2040],"product_tag":[],"class_list":{"0":"post-131939","1":"product","2":"type-product","3":"status-publish","4":"has-post-thumbnail","6":"product_brand-peterson-pfeifen-und-pfeifentabak","7":"product_cat-boites","8":"product_cat-pipe-world-fr","9":"product_cat-tabac","10":"product_cat-tabac-a-pipe-fr","12":"first","13":"onbackorder","14":"purchasable","15":"product-type-simple"},"yoast_head":"<!-- This site is optimized with the Yoast SEO plugin v27.0 - https:\/\/yoast.com\/product\/yoast-seo-wordpress\/ -->\n<title>Tabac \u00e0 pipe Peterson Connoisseur&#039;s Choice 50 g.<\/title>\n<meta name=\"description\" content=\"Tabac \u00e0 pipe Peterson Connoisseur&#039;s Choice 50 g. | \u00c0 Tabakversand.ch, vous pouvez obtenir cet excellent tabac \u00e0 pipe | Cartes accept\u00e9es!\" \/>\n<meta name=\"robots\" content=\"index, follow, max-snippet:-1, max-image-preview:large, max-video-preview:-1\" \/>\n<link rel=\"canonical\" href=\"https:\/\/www.tabakversand.ch\/fr\/produit\/peterson-connoisseurs-choice-pipe-tabac-50-gr\/\" \/>\n<meta property=\"og:locale\" content=\"fr_FR\" \/>\n<meta property=\"og:type\" content=\"article\" \/>\n<meta property=\"og:title\" content=\"Tabac \u00e0 pipe Peterson Connoisseur&#039;s Choice 50 g.\" \/>\n<meta property=\"og:description\" content=\"Tabac \u00e0 pipe Peterson Connoisseur&#039;s Choice 50 g. | \u00c0 Tabakversand.ch, vous pouvez obtenir cet excellent tabac \u00e0 pipe | Cartes accept\u00e9es!\" \/>\n<meta property=\"og:url\" content=\"https:\/\/www.tabakversand.ch\/fr\/produit\/peterson-connoisseurs-choice-pipe-tabac-50-gr\/\" \/>\n<meta property=\"og:site_name\" content=\"Tabakversand.ch | Alles aus der Welt des Tabaks\" \/>\n<meta property=\"article:modified_time\" content=\"2026-04-13T17:39:02+00:00\" \/>\n<meta property=\"og:image\" content=\"https:\/\/www.tabakversand.ch\/wp-content\/uploads\/2023\/05\/peterson-connoisseur-s-choice.jpg\" \/>\n\t<meta property=\"og:image:width\" content=\"500\" \/>\n\t<meta property=\"og:image:height\" content=\"500\" \/>\n\t<meta property=\"og:image:type\" content=\"image\/jpeg\" \/>\n<meta name=\"twitter:card\" content=\"summary_large_image\" \/>\n<meta name=\"twitter:label1\" content=\"Dur\u00e9e de lecture estim\u00e9e\" \/>\n\t<meta name=\"twitter:data1\" content=\"1 minute\" \/>\n<script type=\"application\/ld+json\" class=\"yoast-schema-graph\">{\"@context\":\"https:\/\/schema.org\",\"@graph\":[{\"@type\":\"WebPage\",\"@id\":\"https:\/\/www.tabakversand.ch\/fr\/produit\/peterson-connoisseurs-choice-pipe-tabac-50-gr\/\",\"url\":\"https:\/\/www.tabakversand.ch\/fr\/produit\/peterson-connoisseurs-choice-pipe-tabac-50-gr\/\",\"name\":\"Tabac \u00e0 pipe Peterson Connoisseur's Choice 50 g.\",\"isPartOf\":{\"@id\":\"https:\/\/www.tabakversand.ch\/#website\"},\"primaryImageOfPage\":{\"@id\":\"https:\/\/www.tabakversand.ch\/fr\/produit\/peterson-connoisseurs-choice-pipe-tabac-50-gr\/#primaryimage\"},\"image\":{\"@id\":\"https:\/\/www.tabakversand.ch\/fr\/produit\/peterson-connoisseurs-choice-pipe-tabac-50-gr\/#primaryimage\"},\"thumbnailUrl\":\"https:\/\/www.tabakversand.ch\/wp-content\/uploads\/2023\/05\/peterson-connoisseur-s-choice.jpg\",\"datePublished\":\"2023-05-03T13:29:29+00:00\",\"dateModified\":\"2026-04-13T17:39:02+00:00\",\"description\":\"Tabac \u00e0 pipe Peterson Connoisseur's Choice 50 g. | \u00c0 Tabakversand.ch, vous pouvez obtenir cet excellent tabac \u00e0 pipe | Cartes accept\u00e9es!\",\"breadcrumb\":{\"@id\":\"https:\/\/www.tabakversand.ch\/fr\/produit\/peterson-connoisseurs-choice-pipe-tabac-50-gr\/#breadcrumb\"},\"inLanguage\":\"fr-FR\",\"potentialAction\":[{\"@type\":\"ReadAction\",\"target\":[\"https:\/\/www.tabakversand.ch\/fr\/produit\/peterson-connoisseurs-choice-pipe-tabac-50-gr\/\"]}]},{\"@type\":\"ImageObject\",\"inLanguage\":\"fr-FR\",\"@id\":\"https:\/\/www.tabakversand.ch\/fr\/produit\/peterson-connoisseurs-choice-pipe-tabac-50-gr\/#primaryimage\",\"url\":\"https:\/\/www.tabakversand.ch\/wp-content\/uploads\/2023\/05\/peterson-connoisseur-s-choice.jpg\",\"contentUrl\":\"https:\/\/www.tabakversand.ch\/wp-content\/uploads\/2023\/05\/peterson-connoisseur-s-choice.jpg\",\"width\":500,\"height\":500,\"caption\":\"Tabac \u00e0 pipe Peterson Connoisseur's Choice 50 g. | Tabakversand.ch\"},{\"@type\":\"BreadcrumbList\",\"@id\":\"https:\/\/www.tabakversand.ch\/fr\/produit\/peterson-connoisseurs-choice-pipe-tabac-50-gr\/#breadcrumb\",\"itemListElement\":[{\"@type\":\"ListItem\",\"position\":1,\"name\":\"Startseite\",\"item\":\"https:\/\/www.tabakversand.ch\/\"},{\"@type\":\"ListItem\",\"position\":2,\"name\":\"Boutique\",\"item\":\"https:\/\/www.tabakversand.ch\/fr\/boutique\/\"},{\"@type\":\"ListItem\",\"position\":3,\"name\":\"Tabac \u00e0 pipe Peterson Connoisseur's Choice 50 g.\"}]},{\"@type\":\"WebSite\",\"@id\":\"https:\/\/www.tabakversand.ch\/#website\",\"url\":\"https:\/\/www.tabakversand.ch\/\",\"name\":\"Tabakversand.ch | Alles aus der Welt des Tabaks\",\"description\":\"Smoke and carpe diem\",\"potentialAction\":[{\"@type\":\"SearchAction\",\"target\":{\"@type\":\"EntryPoint\",\"urlTemplate\":\"https:\/\/www.tabakversand.ch\/?s={search_term_string}\"},\"query-input\":{\"@type\":\"PropertyValueSpecification\",\"valueRequired\":true,\"valueName\":\"search_term_string\"}}],\"inLanguage\":\"fr-FR\"}]}<\/script>\n<!-- \/ Yoast SEO plugin. -->","yoast_head_json":{"title":"Tabac \u00e0 pipe Peterson Connoisseur's Choice 50 g.","description":"Tabac \u00e0 pipe Peterson Connoisseur's Choice 50 g. | \u00c0 Tabakversand.ch, vous pouvez obtenir cet excellent tabac \u00e0 pipe | Cartes accept\u00e9es!","robots":{"index":"index","follow":"follow","max-snippet":"max-snippet:-1","max-image-preview":"max-image-preview:large","max-video-preview":"max-video-preview:-1"},"canonical":"https:\/\/www.tabakversand.ch\/fr\/produit\/peterson-connoisseurs-choice-pipe-tabac-50-gr\/","og_locale":"fr_FR","og_type":"article","og_title":"Tabac \u00e0 pipe Peterson Connoisseur's Choice 50 g.","og_description":"Tabac \u00e0 pipe Peterson Connoisseur's Choice 50 g. | \u00c0 Tabakversand.ch, vous pouvez obtenir cet excellent tabac \u00e0 pipe | Cartes accept\u00e9es!","og_url":"https:\/\/www.tabakversand.ch\/fr\/produit\/peterson-connoisseurs-choice-pipe-tabac-50-gr\/","og_site_name":"Tabakversand.ch | Alles aus der Welt des Tabaks","article_modified_time":"2026-04-13T17:39:02+00:00","og_image":[{"width":500,"height":500,"url":"https:\/\/www.tabakversand.ch\/wp-content\/uploads\/2023\/05\/peterson-connoisseur-s-choice.jpg","type":"image\/jpeg"}],"twitter_card":"summary_large_image","twitter_misc":{"Dur\u00e9e de lecture estim\u00e9e":"1 minute"},"schema":{"@context":"https:\/\/schema.org","@graph":[{"@type":"WebPage","@id":"https:\/\/www.tabakversand.ch\/fr\/produit\/peterson-connoisseurs-choice-pipe-tabac-50-gr\/","url":"https:\/\/www.tabakversand.ch\/fr\/produit\/peterson-connoisseurs-choice-pipe-tabac-50-gr\/","name":"Tabac \u00e0 pipe Peterson Connoisseur's Choice 50 g.","isPartOf":{"@id":"https:\/\/www.tabakversand.ch\/#website"},"primaryImageOfPage":{"@id":"https:\/\/www.tabakversand.ch\/fr\/produit\/peterson-connoisseurs-choice-pipe-tabac-50-gr\/#primaryimage"},"image":{"@id":"https:\/\/www.tabakversand.ch\/fr\/produit\/peterson-connoisseurs-choice-pipe-tabac-50-gr\/#primaryimage"},"thumbnailUrl":"https:\/\/www.tabakversand.ch\/wp-content\/uploads\/2023\/05\/peterson-connoisseur-s-choice.jpg","datePublished":"2023-05-03T13:29:29+00:00","dateModified":"2026-04-13T17:39:02+00:00","description":"Tabac \u00e0 pipe Peterson Connoisseur's Choice 50 g. | \u00c0 Tabakversand.ch, vous pouvez obtenir cet excellent tabac \u00e0 pipe | Cartes accept\u00e9es!","breadcrumb":{"@id":"https:\/\/www.tabakversand.ch\/fr\/produit\/peterson-connoisseurs-choice-pipe-tabac-50-gr\/#breadcrumb"},"inLanguage":"fr-FR","potentialAction":[{"@type":"ReadAction","target":["https:\/\/www.tabakversand.ch\/fr\/produit\/peterson-connoisseurs-choice-pipe-tabac-50-gr\/"]}]},{"@type":"ImageObject","inLanguage":"fr-FR","@id":"https:\/\/www.tabakversand.ch\/fr\/produit\/peterson-connoisseurs-choice-pipe-tabac-50-gr\/#primaryimage","url":"https:\/\/www.tabakversand.ch\/wp-content\/uploads\/2023\/05\/peterson-connoisseur-s-choice.jpg","contentUrl":"https:\/\/www.tabakversand.ch\/wp-content\/uploads\/2023\/05\/peterson-connoisseur-s-choice.jpg","width":500,"height":500,"caption":"Tabac \u00e0 pipe Peterson Connoisseur's Choice 50 g. | Tabakversand.ch"},{"@type":"BreadcrumbList","@id":"https:\/\/www.tabakversand.ch\/fr\/produit\/peterson-connoisseurs-choice-pipe-tabac-50-gr\/#breadcrumb","itemListElement":[{"@type":"ListItem","position":1,"name":"Startseite","item":"https:\/\/www.tabakversand.ch\/"},{"@type":"ListItem","position":2,"name":"Boutique","item":"https:\/\/www.tabakversand.ch\/fr\/boutique\/"},{"@type":"ListItem","position":3,"name":"Tabac \u00e0 pipe Peterson Connoisseur's Choice 50 g."}]},{"@type":"WebSite","@id":"https:\/\/www.tabakversand.ch\/#website","url":"https:\/\/www.tabakversand.ch\/","name":"Tabakversand.ch | Alles aus der Welt des Tabaks","description":"Smoke and carpe diem","potentialAction":[{"@type":"SearchAction","target":{"@type":"EntryPoint","urlTemplate":"https:\/\/www.tabakversand.ch\/?s={search_term_string}"},"query-input":{"@type":"PropertyValueSpecification","valueRequired":true,"valueName":"search_term_string"}}],"inLanguage":"fr-FR"}]}},"_links":{"self":[{"href":"https:\/\/www.tabakversand.ch\/fr\/wp-json\/wp\/v2\/product\/131939","targetHints":{"allow":["GET"]}}],"collection":[{"href":"https:\/\/www.tabakversand.ch\/fr\/wp-json\/wp\/v2\/product"}],"about":[{"href":"https:\/\/www.tabakversand.ch\/fr\/wp-json\/wp\/v2\/types\/product"}],"version-history":[{"count":5,"href":"https:\/\/www.tabakversand.ch\/fr\/wp-json\/wp\/v2\/product\/131939\/revisions"}],"predecessor-version":[{"id":217923,"href":"https:\/\/www.tabakversand.ch\/fr\/wp-json\/wp\/v2\/product\/131939\/revisions\/217923"}],"wp:featuredmedia":[{"embeddable":true,"href":"https:\/\/www.tabakversand.ch\/fr\/wp-json\/wp\/v2\/media\/131943"}],"wp:attachment":[{"href":"https:\/\/www.tabakversand.ch\/fr\/wp-json\/wp\/v2\/media?parent=131939"}],"wp:term":[{"taxonomy":"product_brand","embeddable":true,"href":"https:\/\/www.tabakversand.ch\/fr\/wp-json\/wp\/v2\/product_brand?post=131939"},{"taxonomy":"product_cat","embeddable":true,"href":"https:\/\/www.tabakversand.ch\/fr\/wp-json\/wp\/v2\/product_cat?post=131939"},{"taxonomy":"product_tag","embeddable":true,"href":"https:\/\/www.tabakversand.ch\/fr\/wp-json\/wp\/v2\/product_tag?post=131939"}],"curies":[{"name":"wp","href":"https:\/\/api.w.org\/{rel}","templated":true}]}}