{"id":131988,"date":"2023-05-03T17:01:46","date_gmt":"2023-05-03T15:01:46","guid":{"rendered":"https:\/\/www.tabakversand.ch\/?post_type=product&#038;p=131988"},"modified":"2025-08-20T07:45:26","modified_gmt":"2025-08-20T05:45:26","slug":"adalya-deux-pommes-200-gr-shishatabak","status":"publish","type":"product","link":"https:\/\/www.tabakversand.ch\/fr\/produit\/adalya-deux-pommes-200-gr-shishatabak\/","title":{"rendered":"Adalya Deux Pommes 200 gr. Shishatabak"},"content":{"rendered":"<p>Adalya Deux Pommes 200 gr. Tabac \u00e0 chicha 200 gr. Shishatabak<\/p>\n<p>Pommes doubles savoureuses<\/p>\n<p>1 bo\u00eete de 200 gr.<\/p>\n<p>Tous les prix s&rsquo;appliquent uniquement aux commandes en ligne et incluent la TVA. Sous r\u00e9serve de modifications sans pr\u00e9avis, frais de livraison en sus. Sous r\u00e9serve d&rsquo;erreurs, de modifications de contenu de livraison et de conception, de fautes d&rsquo;impression et de modifications de prix. Les prix barr\u00e9s sont des prix de remplacement. Les illustrations peuvent diff\u00e9rer de l&rsquo;original\/du contenu de livraison.<br \/>\n*Livraison gratuite pour les commandes sup\u00e9rieures \u00e0 CHF 250.-.<\/p>\n","protected":false},"excerpt":{"rendered":"<p>Adalya Deux Pommes 200 gr. Tabac \u00e0 chicha 200 gr. Shishatabak Pommes doubles savoureuses 1 bo\u00eete de 200 gr. Tous les prix s&rsquo;appliquent uniquement aux commandes en ligne et incluent la TVA. Sous r\u00e9serve de modifications sans pr\u00e9avis, frais de livraison en sus. Sous r\u00e9serve d&rsquo;erreurs, de modifications de contenu de livraison et de conception, [&hellip;]<\/p>\n","protected":false},"featured_media":131992,"template":"","meta":[],"product_brand":[1793],"product_cat":[2080,2077,1891,1880,1888,1883],"product_tag":[],"class_list":{"0":"post-131988","1":"product","2":"type-product","3":"status-publish","4":"has-post-thumbnail","6":"product_brand-adalya-tobacco","7":"product_cat-adalya-fr","8":"product_cat-adalya-shishatabak-fr","9":"product_cat-narguile","10":"product_cat-shishatabak-fr","11":"product_cat-tabac","12":"product_cat-tabac-de-narguile-tabac-de-narguile","14":"first","15":"onbackorder","16":"purchasable","17":"product-type-simple"},"yoast_head":"<!-- This site is optimized with the Yoast SEO plugin v27.5 - https:\/\/yoast.com\/product\/yoast-seo-wordpress\/ -->\n<title>Adalya Deux Pommes 200 gr. Shishatabak - tabakversand.ch<\/title>\n<meta name=\"description\" content=\"Adalya Deux Pommes 200 gr. Tabac Chicha | Un tr\u00e8s grand choix de produits du tabac, e-smoke et ustensiles pour fumer dans toute la Suisse | Cartes accept\u00e9es !\" \/>\n<meta name=\"robots\" content=\"index, follow, max-snippet:-1, max-image-preview:large, max-video-preview:-1\" \/>\n<link rel=\"canonical\" href=\"https:\/\/www.tabakversand.ch\/fr\/produit\/adalya-deux-pommes-200-gr-shishatabak\/\" \/>\n<meta property=\"og:locale\" content=\"fr_FR\" \/>\n<meta property=\"og:type\" content=\"article\" \/>\n<meta property=\"og:title\" content=\"Adalya Deux Pommes 200 gr. Shishatabak - tabakversand.ch\" \/>\n<meta property=\"og:description\" content=\"Adalya Deux Pommes 200 gr. Tabac Chicha | Un tr\u00e8s grand choix de produits du tabac, e-smoke et ustensiles pour fumer dans toute la Suisse | Cartes accept\u00e9es !\" \/>\n<meta property=\"og:url\" content=\"https:\/\/www.tabakversand.ch\/fr\/produit\/adalya-deux-pommes-200-gr-shishatabak\/\" \/>\n<meta property=\"og:site_name\" content=\"Tabakversand.ch | Alles aus der Welt des Tabaks\" \/>\n<meta property=\"article:modified_time\" content=\"2025-08-20T05:45:26+00:00\" \/>\n<meta property=\"og:image\" content=\"https:\/\/www.tabakversand.ch\/wp-content\/uploads\/2023\/05\/adalya-two-apples-200_.jpg\" \/>\n\t<meta property=\"og:image:width\" content=\"500\" \/>\n\t<meta property=\"og:image:height\" content=\"500\" \/>\n\t<meta property=\"og:image:type\" content=\"image\/jpeg\" \/>\n<meta name=\"twitter:card\" content=\"summary_large_image\" \/>\n<script type=\"application\/ld+json\" class=\"yoast-schema-graph\">{\"@context\":\"https:\\\/\\\/schema.org\",\"@graph\":[{\"@type\":\"WebPage\",\"@id\":\"https:\\\/\\\/www.tabakversand.ch\\\/fr\\\/produit\\\/adalya-deux-pommes-200-gr-shishatabak\\\/\",\"url\":\"https:\\\/\\\/www.tabakversand.ch\\\/fr\\\/produit\\\/adalya-deux-pommes-200-gr-shishatabak\\\/\",\"name\":\"Adalya Deux Pommes 200 gr. Shishatabak - tabakversand.ch\",\"isPartOf\":{\"@id\":\"https:\\\/\\\/www.tabakversand.ch\\\/#website\"},\"primaryImageOfPage\":{\"@id\":\"https:\\\/\\\/www.tabakversand.ch\\\/fr\\\/produit\\\/adalya-deux-pommes-200-gr-shishatabak\\\/#primaryimage\"},\"image\":{\"@id\":\"https:\\\/\\\/www.tabakversand.ch\\\/fr\\\/produit\\\/adalya-deux-pommes-200-gr-shishatabak\\\/#primaryimage\"},\"thumbnailUrl\":\"https:\\\/\\\/www.tabakversand.ch\\\/wp-content\\\/uploads\\\/2023\\\/05\\\/adalya-two-apples-200_.jpg\",\"datePublished\":\"2023-05-03T15:01:46+00:00\",\"dateModified\":\"2025-08-20T05:45:26+00:00\",\"description\":\"Adalya Deux Pommes 200 gr. Tabac Chicha | Un tr\u00e8s grand choix de produits du tabac, e-smoke et ustensiles pour fumer dans toute la Suisse | Cartes accept\u00e9es !\",\"breadcrumb\":{\"@id\":\"https:\\\/\\\/www.tabakversand.ch\\\/fr\\\/produit\\\/adalya-deux-pommes-200-gr-shishatabak\\\/#breadcrumb\"},\"inLanguage\":\"fr-FR\",\"potentialAction\":[{\"@type\":\"ReadAction\",\"target\":[\"https:\\\/\\\/www.tabakversand.ch\\\/fr\\\/produit\\\/adalya-deux-pommes-200-gr-shishatabak\\\/\"]}]},{\"@type\":\"ImageObject\",\"inLanguage\":\"fr-FR\",\"@id\":\"https:\\\/\\\/www.tabakversand.ch\\\/fr\\\/produit\\\/adalya-deux-pommes-200-gr-shishatabak\\\/#primaryimage\",\"url\":\"https:\\\/\\\/www.tabakversand.ch\\\/wp-content\\\/uploads\\\/2023\\\/05\\\/adalya-two-apples-200_.jpg\",\"contentUrl\":\"https:\\\/\\\/www.tabakversand.ch\\\/wp-content\\\/uploads\\\/2023\\\/05\\\/adalya-two-apples-200_.jpg\",\"width\":500,\"height\":500,\"caption\":\"Adalya Deux Pommes 200 gr. | Shishatabak Tabakversand.ch\"},{\"@type\":\"BreadcrumbList\",\"@id\":\"https:\\\/\\\/www.tabakversand.ch\\\/fr\\\/produit\\\/adalya-deux-pommes-200-gr-shishatabak\\\/#breadcrumb\",\"itemListElement\":[{\"@type\":\"ListItem\",\"position\":1,\"name\":\"Startseite\",\"item\":\"https:\\\/\\\/www.tabakversand.ch\\\/\"},{\"@type\":\"ListItem\",\"position\":2,\"name\":\"Boutique\",\"item\":\"https:\\\/\\\/www.tabakversand.ch\\\/fr\\\/boutique\\\/\"},{\"@type\":\"ListItem\",\"position\":3,\"name\":\"Adalya Deux Pommes 200 gr. Shishatabak\"}]},{\"@type\":\"WebSite\",\"@id\":\"https:\\\/\\\/www.tabakversand.ch\\\/#website\",\"url\":\"https:\\\/\\\/www.tabakversand.ch\\\/\",\"name\":\"Tabakversand.ch | Alles aus der Welt des Tabaks\",\"description\":\"Smoke and carpe diem\",\"potentialAction\":[{\"@type\":\"SearchAction\",\"target\":{\"@type\":\"EntryPoint\",\"urlTemplate\":\"https:\\\/\\\/www.tabakversand.ch\\\/?s={search_term_string}\"},\"query-input\":{\"@type\":\"PropertyValueSpecification\",\"valueRequired\":true,\"valueName\":\"search_term_string\"}}],\"inLanguage\":\"fr-FR\"}]}<\/script>\n<!-- \/ Yoast SEO plugin. -->","yoast_head_json":{"title":"Adalya Deux Pommes 200 gr. Shishatabak - tabakversand.ch","description":"Adalya Deux Pommes 200 gr. Tabac Chicha | Un tr\u00e8s grand choix de produits du tabac, e-smoke et ustensiles pour fumer dans toute la Suisse | Cartes accept\u00e9es !","robots":{"index":"index","follow":"follow","max-snippet":"max-snippet:-1","max-image-preview":"max-image-preview:large","max-video-preview":"max-video-preview:-1"},"canonical":"https:\/\/www.tabakversand.ch\/fr\/produit\/adalya-deux-pommes-200-gr-shishatabak\/","og_locale":"fr_FR","og_type":"article","og_title":"Adalya Deux Pommes 200 gr. Shishatabak - tabakversand.ch","og_description":"Adalya Deux Pommes 200 gr. Tabac Chicha | Un tr\u00e8s grand choix de produits du tabac, e-smoke et ustensiles pour fumer dans toute la Suisse | Cartes accept\u00e9es !","og_url":"https:\/\/www.tabakversand.ch\/fr\/produit\/adalya-deux-pommes-200-gr-shishatabak\/","og_site_name":"Tabakversand.ch | Alles aus der Welt des Tabaks","article_modified_time":"2025-08-20T05:45:26+00:00","og_image":[{"width":500,"height":500,"url":"https:\/\/www.tabakversand.ch\/wp-content\/uploads\/2023\/05\/adalya-two-apples-200_.jpg","type":"image\/jpeg"}],"twitter_card":"summary_large_image","schema":{"@context":"https:\/\/schema.org","@graph":[{"@type":"WebPage","@id":"https:\/\/www.tabakversand.ch\/fr\/produit\/adalya-deux-pommes-200-gr-shishatabak\/","url":"https:\/\/www.tabakversand.ch\/fr\/produit\/adalya-deux-pommes-200-gr-shishatabak\/","name":"Adalya Deux Pommes 200 gr. Shishatabak - tabakversand.ch","isPartOf":{"@id":"https:\/\/www.tabakversand.ch\/#website"},"primaryImageOfPage":{"@id":"https:\/\/www.tabakversand.ch\/fr\/produit\/adalya-deux-pommes-200-gr-shishatabak\/#primaryimage"},"image":{"@id":"https:\/\/www.tabakversand.ch\/fr\/produit\/adalya-deux-pommes-200-gr-shishatabak\/#primaryimage"},"thumbnailUrl":"https:\/\/www.tabakversand.ch\/wp-content\/uploads\/2023\/05\/adalya-two-apples-200_.jpg","datePublished":"2023-05-03T15:01:46+00:00","dateModified":"2025-08-20T05:45:26+00:00","description":"Adalya Deux Pommes 200 gr. Tabac Chicha | Un tr\u00e8s grand choix de produits du tabac, e-smoke et ustensiles pour fumer dans toute la Suisse | Cartes accept\u00e9es !","breadcrumb":{"@id":"https:\/\/www.tabakversand.ch\/fr\/produit\/adalya-deux-pommes-200-gr-shishatabak\/#breadcrumb"},"inLanguage":"fr-FR","potentialAction":[{"@type":"ReadAction","target":["https:\/\/www.tabakversand.ch\/fr\/produit\/adalya-deux-pommes-200-gr-shishatabak\/"]}]},{"@type":"ImageObject","inLanguage":"fr-FR","@id":"https:\/\/www.tabakversand.ch\/fr\/produit\/adalya-deux-pommes-200-gr-shishatabak\/#primaryimage","url":"https:\/\/www.tabakversand.ch\/wp-content\/uploads\/2023\/05\/adalya-two-apples-200_.jpg","contentUrl":"https:\/\/www.tabakversand.ch\/wp-content\/uploads\/2023\/05\/adalya-two-apples-200_.jpg","width":500,"height":500,"caption":"Adalya Deux Pommes 200 gr. | Shishatabak Tabakversand.ch"},{"@type":"BreadcrumbList","@id":"https:\/\/www.tabakversand.ch\/fr\/produit\/adalya-deux-pommes-200-gr-shishatabak\/#breadcrumb","itemListElement":[{"@type":"ListItem","position":1,"name":"Startseite","item":"https:\/\/www.tabakversand.ch\/"},{"@type":"ListItem","position":2,"name":"Boutique","item":"https:\/\/www.tabakversand.ch\/fr\/boutique\/"},{"@type":"ListItem","position":3,"name":"Adalya Deux Pommes 200 gr. Shishatabak"}]},{"@type":"WebSite","@id":"https:\/\/www.tabakversand.ch\/#website","url":"https:\/\/www.tabakversand.ch\/","name":"Tabakversand.ch | Alles aus der Welt des Tabaks","description":"Smoke and carpe diem","potentialAction":[{"@type":"SearchAction","target":{"@type":"EntryPoint","urlTemplate":"https:\/\/www.tabakversand.ch\/?s={search_term_string}"},"query-input":{"@type":"PropertyValueSpecification","valueRequired":true,"valueName":"search_term_string"}}],"inLanguage":"fr-FR"}]}},"_links":{"self":[{"href":"https:\/\/www.tabakversand.ch\/fr\/wp-json\/wp\/v2\/product\/131988","targetHints":{"allow":["GET"]}}],"collection":[{"href":"https:\/\/www.tabakversand.ch\/fr\/wp-json\/wp\/v2\/product"}],"about":[{"href":"https:\/\/www.tabakversand.ch\/fr\/wp-json\/wp\/v2\/types\/product"}],"version-history":[{"count":3,"href":"https:\/\/www.tabakversand.ch\/fr\/wp-json\/wp\/v2\/product\/131988\/revisions"}],"predecessor-version":[{"id":194766,"href":"https:\/\/www.tabakversand.ch\/fr\/wp-json\/wp\/v2\/product\/131988\/revisions\/194766"}],"wp:featuredmedia":[{"embeddable":true,"href":"https:\/\/www.tabakversand.ch\/fr\/wp-json\/wp\/v2\/media\/131992"}],"wp:attachment":[{"href":"https:\/\/www.tabakversand.ch\/fr\/wp-json\/wp\/v2\/media?parent=131988"}],"wp:term":[{"taxonomy":"product_brand","embeddable":true,"href":"https:\/\/www.tabakversand.ch\/fr\/wp-json\/wp\/v2\/product_brand?post=131988"},{"taxonomy":"product_cat","embeddable":true,"href":"https:\/\/www.tabakversand.ch\/fr\/wp-json\/wp\/v2\/product_cat?post=131988"},{"taxonomy":"product_tag","embeddable":true,"href":"https:\/\/www.tabakversand.ch\/fr\/wp-json\/wp\/v2\/product_tag?post=131988"}],"curies":[{"name":"wp","href":"https:\/\/api.w.org\/{rel}","templated":true}]}}