{"id":133765,"date":"2023-05-12T10:24:36","date_gmt":"2023-05-12T08:24:36","guid":{"rendered":"https:\/\/www.tabakversand.ch\/?post_type=product&#038;p=133765"},"modified":"2026-03-05T10:21:14","modified_gmt":"2026-03-05T09:21:14","slug":"amy-adaptateur-tuyau-argent","status":"publish","type":"product","link":"https:\/\/www.tabakversand.ch\/fr\/produit\/amy-adaptateur-tuyau-argent\/","title":{"rendered":"Adaptateur de tuyau argent Amy"},"content":{"rendered":"<h1 style=\"text-align: left;\">adaptateur de tuyau<\/h1>\n<ul>\n<li style=\"text-align: left;\">argent AMY<\/li>\n<\/ul>\n<p>&nbsp;<\/p>\n<p>L&rsquo;adaptateur de tuyau argent\u00e9 AMY se visse \u00e0 la place de la valve.<br \/>\n Vous aurez \u00e9galement besoin d&rsquo;un tuyau pour utiliser l&rsquo;adaptateur suppl\u00e9mentaire.<\/p>\n<p>Convient aux mod\u00e8les AMY Deluxe ainsi qu&rsquo;\u00e0 diverses autres pipes \u00e0 eau avec filetage standard M16x1.<\/p>\n<p>Bille de valve non incluse<\/p>\n<ul>\n<li>Diam\u00e8tre int\u00e9rieur du raccord de tuyau : env. 18 mm<\/li>\n<li>Diam\u00e8tre c\u00f4t\u00e9 filetage : environ 15 mm<\/li>\n<li>Hauteur : environ 4,3 cm<\/li>\n<\/ul>\n<p>&nbsp;<\/p>\n<p>Chez tabakversand.ch, vous recevrez l&rsquo;adaptateur de tuyau argent\u00e9 AMY, soigneusement conserv\u00e9 dans son emballage d&rsquo;origine. Un stockage rigoureux garantit une qualit\u00e9 optimale jusqu&rsquo;\u00e0 l&rsquo;exp\u00e9dition. Gr\u00e2ce \u00e0 une livraison rapide en Suisse, votre adaptateur de tuyau vous parviendra g\u00e9n\u00e9ralement sous peu.  <\/p>\n<p>Pour plus d&rsquo;informations sur les narguil\u00e9s\/pipes \u00e0 eau, veuillez consulter l&rsquo;article Wikip\u00e9dia correspondant&nbsp;: <a href=\"https:\/\/de.wikipedia.org\/wiki\/Shisha\">cliquez ici<\/a> . Si vous avez des questions concernant le produit, n&rsquo;h\u00e9sitez pas \u00e0 nous contacter&nbsp;: <a href=\"https:\/\/www.tabakversand.ch\/kontakt\/\">cliquez ici<\/a> . <\/p>\n<p>&nbsp;<\/p>\n<p>Tous les prix s&rsquo;appliquent uniquement aux commandes en ligne et incluent la TVA. Sous r\u00e9serve de modifications sans pr\u00e9avis, frais de livraison en sus. Sous r\u00e9serve d&rsquo;erreurs, de modifications de contenu de livraison et de conception, de fautes d&rsquo;impression et de modifications de prix. Les prix barr\u00e9s sont des prix de remplacement. Les illustrations peuvent diff\u00e9rer de l&rsquo;original\/du contenu de livraison.<br \/>\n*Livraison gratuite pour les commandes sup\u00e9rieures \u00e0 CHF 250.-.<\/p>\n","protected":false},"excerpt":{"rendered":"<p>adaptateur de tuyau argent AMY &nbsp; L&rsquo;adaptateur de tuyau argent\u00e9 AMY se visse \u00e0 la place de la valve. Vous aurez \u00e9galement besoin d&rsquo;un tuyau pour utiliser l&rsquo;adaptateur suppl\u00e9mentaire. Convient aux mod\u00e8les AMY Deluxe ainsi qu&rsquo;\u00e0 diverses autres pipes \u00e0 eau avec filetage standard M16x1. Bille de valve non incluse Diam\u00e8tre int\u00e9rieur du raccord de [&hellip;]<\/p>\n","protected":false},"featured_media":133770,"template":"","meta":[],"product_brand":[2862],"product_cat":[2106,1891,3375],"product_tag":[],"class_list":{"0":"post-133765","1":"product","2":"type-product","3":"status-publish","4":"has-post-thumbnail","6":"product_brand-amy-delux","7":"product_cat-accessoires-shisha","8":"product_cat-narguile","9":"product_cat-tuyau-a-chicha","11":"first","12":"instock","13":"purchasable","14":"product-type-simple"},"yoast_head":"<!-- This site is optimized with the Yoast SEO plugin v27.0 - https:\/\/yoast.com\/product\/yoast-seo-wordpress\/ -->\n<title>Adaptateur de tuyau argent Amy<\/title>\n<meta name=\"description\" content=\"Achetez les adaptateurs de tuyau Amy argent\u00e9s\u00a0: des accessoires pour narguil\u00e9 de haute qualit\u00e9 et durables, pour un ajustement parfait et une utilisation facile. Commandez en ligne d\u00e8s maintenant\u00a0!\" \/>\n<meta name=\"robots\" content=\"index, follow, max-snippet:-1, max-image-preview:large, max-video-preview:-1\" \/>\n<link rel=\"canonical\" href=\"https:\/\/www.tabakversand.ch\/fr\/produit\/amy-adaptateur-tuyau-argent\/\" \/>\n<meta property=\"og:locale\" content=\"fr_FR\" \/>\n<meta property=\"og:type\" content=\"article\" \/>\n<meta property=\"og:title\" content=\"Adaptateur de tuyau argent Amy\" \/>\n<meta property=\"og:description\" content=\"Achetez les adaptateurs de tuyau Amy argent\u00e9s\u00a0: des accessoires pour narguil\u00e9 de haute qualit\u00e9 et durables, pour un ajustement parfait et une utilisation facile. Commandez en ligne d\u00e8s maintenant\u00a0!\" \/>\n<meta property=\"og:url\" content=\"https:\/\/www.tabakversand.ch\/fr\/produit\/amy-adaptateur-tuyau-argent\/\" \/>\n<meta property=\"og:site_name\" content=\"Tabakversand.ch | Alles aus der Welt des Tabaks\" \/>\n<meta property=\"article:modified_time\" content=\"2026-03-05T09:21:14+00:00\" \/>\n<meta property=\"og:image\" content=\"https:\/\/www.tabakversand.ch\/wp-content\/uploads\/2023\/05\/amy-schlauchadapter-silber.jpg\" \/>\n\t<meta property=\"og:image:width\" content=\"500\" \/>\n\t<meta property=\"og:image:height\" content=\"500\" \/>\n\t<meta property=\"og:image:type\" content=\"image\/jpeg\" \/>\n<meta name=\"twitter:card\" content=\"summary_large_image\" \/>\n<meta name=\"twitter:label1\" content=\"Dur\u00e9e de lecture estim\u00e9e\" \/>\n\t<meta name=\"twitter:data1\" content=\"1 minute\" \/>\n<script type=\"application\/ld+json\" class=\"yoast-schema-graph\">{\"@context\":\"https:\/\/schema.org\",\"@graph\":[{\"@type\":\"WebPage\",\"@id\":\"https:\/\/www.tabakversand.ch\/fr\/produit\/amy-adaptateur-tuyau-argent\/\",\"url\":\"https:\/\/www.tabakversand.ch\/fr\/produit\/amy-adaptateur-tuyau-argent\/\",\"name\":\"Adaptateur de tuyau argent Amy\",\"isPartOf\":{\"@id\":\"https:\/\/www.tabakversand.ch\/#website\"},\"primaryImageOfPage\":{\"@id\":\"https:\/\/www.tabakversand.ch\/fr\/produit\/amy-adaptateur-tuyau-argent\/#primaryimage\"},\"image\":{\"@id\":\"https:\/\/www.tabakversand.ch\/fr\/produit\/amy-adaptateur-tuyau-argent\/#primaryimage\"},\"thumbnailUrl\":\"https:\/\/www.tabakversand.ch\/wp-content\/uploads\/2023\/05\/amy-schlauchadapter-silber.jpg\",\"datePublished\":\"2023-05-12T08:24:36+00:00\",\"dateModified\":\"2026-03-05T09:21:14+00:00\",\"description\":\"Achetez les adaptateurs de tuyau Amy argent\u00e9s\u00a0: des accessoires pour narguil\u00e9 de haute qualit\u00e9 et durables, pour un ajustement parfait et une utilisation facile. Commandez en ligne d\u00e8s maintenant\u00a0!\",\"breadcrumb\":{\"@id\":\"https:\/\/www.tabakversand.ch\/fr\/produit\/amy-adaptateur-tuyau-argent\/#breadcrumb\"},\"inLanguage\":\"fr-FR\",\"potentialAction\":[{\"@type\":\"ReadAction\",\"target\":[\"https:\/\/www.tabakversand.ch\/fr\/produit\/amy-adaptateur-tuyau-argent\/\"]}]},{\"@type\":\"ImageObject\",\"inLanguage\":\"fr-FR\",\"@id\":\"https:\/\/www.tabakversand.ch\/fr\/produit\/amy-adaptateur-tuyau-argent\/#primaryimage\",\"url\":\"https:\/\/www.tabakversand.ch\/wp-content\/uploads\/2023\/05\/amy-schlauchadapter-silber.jpg\",\"contentUrl\":\"https:\/\/www.tabakversand.ch\/wp-content\/uploads\/2023\/05\/amy-schlauchadapter-silber.jpg\",\"width\":500,\"height\":500,\"caption\":\"Adaptateur de tuyau Amy argent\u00e9 | Tabakversand.ch\"},{\"@type\":\"BreadcrumbList\",\"@id\":\"https:\/\/www.tabakversand.ch\/fr\/produit\/amy-adaptateur-tuyau-argent\/#breadcrumb\",\"itemListElement\":[{\"@type\":\"ListItem\",\"position\":1,\"name\":\"Startseite\",\"item\":\"https:\/\/www.tabakversand.ch\/\"},{\"@type\":\"ListItem\",\"position\":2,\"name\":\"Boutique\",\"item\":\"https:\/\/www.tabakversand.ch\/fr\/boutique\/\"},{\"@type\":\"ListItem\",\"position\":3,\"name\":\"Adaptateur de tuyau argent Amy\"}]},{\"@type\":\"WebSite\",\"@id\":\"https:\/\/www.tabakversand.ch\/#website\",\"url\":\"https:\/\/www.tabakversand.ch\/\",\"name\":\"Tabakversand.ch | Alles aus der Welt des Tabaks\",\"description\":\"Smoke and carpe diem\",\"potentialAction\":[{\"@type\":\"SearchAction\",\"target\":{\"@type\":\"EntryPoint\",\"urlTemplate\":\"https:\/\/www.tabakversand.ch\/?s={search_term_string}\"},\"query-input\":{\"@type\":\"PropertyValueSpecification\",\"valueRequired\":true,\"valueName\":\"search_term_string\"}}],\"inLanguage\":\"fr-FR\"}]}<\/script>\n<!-- \/ Yoast SEO plugin. -->","yoast_head_json":{"title":"Adaptateur de tuyau argent Amy","description":"Achetez les adaptateurs de tuyau Amy argent\u00e9s\u00a0: des accessoires pour narguil\u00e9 de haute qualit\u00e9 et durables, pour un ajustement parfait et une utilisation facile. Commandez en ligne d\u00e8s maintenant\u00a0!","robots":{"index":"index","follow":"follow","max-snippet":"max-snippet:-1","max-image-preview":"max-image-preview:large","max-video-preview":"max-video-preview:-1"},"canonical":"https:\/\/www.tabakversand.ch\/fr\/produit\/amy-adaptateur-tuyau-argent\/","og_locale":"fr_FR","og_type":"article","og_title":"Adaptateur de tuyau argent Amy","og_description":"Achetez les adaptateurs de tuyau Amy argent\u00e9s\u00a0: des accessoires pour narguil\u00e9 de haute qualit\u00e9 et durables, pour un ajustement parfait et une utilisation facile. Commandez en ligne d\u00e8s maintenant\u00a0!","og_url":"https:\/\/www.tabakversand.ch\/fr\/produit\/amy-adaptateur-tuyau-argent\/","og_site_name":"Tabakversand.ch | Alles aus der Welt des Tabaks","article_modified_time":"2026-03-05T09:21:14+00:00","og_image":[{"width":500,"height":500,"url":"https:\/\/www.tabakversand.ch\/wp-content\/uploads\/2023\/05\/amy-schlauchadapter-silber.jpg","type":"image\/jpeg"}],"twitter_card":"summary_large_image","twitter_misc":{"Dur\u00e9e de lecture estim\u00e9e":"1 minute"},"schema":{"@context":"https:\/\/schema.org","@graph":[{"@type":"WebPage","@id":"https:\/\/www.tabakversand.ch\/fr\/produit\/amy-adaptateur-tuyau-argent\/","url":"https:\/\/www.tabakversand.ch\/fr\/produit\/amy-adaptateur-tuyau-argent\/","name":"Adaptateur de tuyau argent Amy","isPartOf":{"@id":"https:\/\/www.tabakversand.ch\/#website"},"primaryImageOfPage":{"@id":"https:\/\/www.tabakversand.ch\/fr\/produit\/amy-adaptateur-tuyau-argent\/#primaryimage"},"image":{"@id":"https:\/\/www.tabakversand.ch\/fr\/produit\/amy-adaptateur-tuyau-argent\/#primaryimage"},"thumbnailUrl":"https:\/\/www.tabakversand.ch\/wp-content\/uploads\/2023\/05\/amy-schlauchadapter-silber.jpg","datePublished":"2023-05-12T08:24:36+00:00","dateModified":"2026-03-05T09:21:14+00:00","description":"Achetez les adaptateurs de tuyau Amy argent\u00e9s\u00a0: des accessoires pour narguil\u00e9 de haute qualit\u00e9 et durables, pour un ajustement parfait et une utilisation facile. Commandez en ligne d\u00e8s maintenant\u00a0!","breadcrumb":{"@id":"https:\/\/www.tabakversand.ch\/fr\/produit\/amy-adaptateur-tuyau-argent\/#breadcrumb"},"inLanguage":"fr-FR","potentialAction":[{"@type":"ReadAction","target":["https:\/\/www.tabakversand.ch\/fr\/produit\/amy-adaptateur-tuyau-argent\/"]}]},{"@type":"ImageObject","inLanguage":"fr-FR","@id":"https:\/\/www.tabakversand.ch\/fr\/produit\/amy-adaptateur-tuyau-argent\/#primaryimage","url":"https:\/\/www.tabakversand.ch\/wp-content\/uploads\/2023\/05\/amy-schlauchadapter-silber.jpg","contentUrl":"https:\/\/www.tabakversand.ch\/wp-content\/uploads\/2023\/05\/amy-schlauchadapter-silber.jpg","width":500,"height":500,"caption":"Adaptateur de tuyau Amy argent\u00e9 | Tabakversand.ch"},{"@type":"BreadcrumbList","@id":"https:\/\/www.tabakversand.ch\/fr\/produit\/amy-adaptateur-tuyau-argent\/#breadcrumb","itemListElement":[{"@type":"ListItem","position":1,"name":"Startseite","item":"https:\/\/www.tabakversand.ch\/"},{"@type":"ListItem","position":2,"name":"Boutique","item":"https:\/\/www.tabakversand.ch\/fr\/boutique\/"},{"@type":"ListItem","position":3,"name":"Adaptateur de tuyau argent Amy"}]},{"@type":"WebSite","@id":"https:\/\/www.tabakversand.ch\/#website","url":"https:\/\/www.tabakversand.ch\/","name":"Tabakversand.ch | Alles aus der Welt des Tabaks","description":"Smoke and carpe diem","potentialAction":[{"@type":"SearchAction","target":{"@type":"EntryPoint","urlTemplate":"https:\/\/www.tabakversand.ch\/?s={search_term_string}"},"query-input":{"@type":"PropertyValueSpecification","valueRequired":true,"valueName":"search_term_string"}}],"inLanguage":"fr-FR"}]}},"_links":{"self":[{"href":"https:\/\/www.tabakversand.ch\/fr\/wp-json\/wp\/v2\/product\/133765","targetHints":{"allow":["GET"]}}],"collection":[{"href":"https:\/\/www.tabakversand.ch\/fr\/wp-json\/wp\/v2\/product"}],"about":[{"href":"https:\/\/www.tabakversand.ch\/fr\/wp-json\/wp\/v2\/types\/product"}],"version-history":[{"count":3,"href":"https:\/\/www.tabakversand.ch\/fr\/wp-json\/wp\/v2\/product\/133765\/revisions"}],"predecessor-version":[{"id":214198,"href":"https:\/\/www.tabakversand.ch\/fr\/wp-json\/wp\/v2\/product\/133765\/revisions\/214198"}],"wp:featuredmedia":[{"embeddable":true,"href":"https:\/\/www.tabakversand.ch\/fr\/wp-json\/wp\/v2\/media\/133770"}],"wp:attachment":[{"href":"https:\/\/www.tabakversand.ch\/fr\/wp-json\/wp\/v2\/media?parent=133765"}],"wp:term":[{"taxonomy":"product_brand","embeddable":true,"href":"https:\/\/www.tabakversand.ch\/fr\/wp-json\/wp\/v2\/product_brand?post=133765"},{"taxonomy":"product_cat","embeddable":true,"href":"https:\/\/www.tabakversand.ch\/fr\/wp-json\/wp\/v2\/product_cat?post=133765"},{"taxonomy":"product_tag","embeddable":true,"href":"https:\/\/www.tabakversand.ch\/fr\/wp-json\/wp\/v2\/product_tag?post=133765"}],"curies":[{"name":"wp","href":"https:\/\/api.w.org\/{rel}","templated":true}]}}