{"id":134862,"date":"2023-05-31T16:35:29","date_gmt":"2023-05-31T14:35:29","guid":{"rendered":"https:\/\/www.tabakversand.ch\/?post_type=product&#038;p=134862"},"modified":"2026-01-22T08:08:40","modified_gmt":"2026-01-22T07:08:40","slug":"gizeh-filtre-actif-marron-6mm-avec-charbon-active-10-pcs","status":"publish","type":"product","link":"https:\/\/www.tabakversand.ch\/fr\/produit\/gizeh-filtre-actif-marron-6mm-avec-charbon-active-10-pcs\/","title":{"rendered":"GIZEH Filtre actif marron 6mm 10 pcs."},"content":{"rendered":"<p>GIZEH Filtre actif marron 6mm 10 pcs.<\/p>\n<p>20 bo\u00eetes<\/p>\n<p>Ils ont un design unique qui ressemble \u00e0 un grain de bois et invite sans aucun doute \u00e0 construire ! Le charbon actif nettoy\u00e9 \u00e0 l&rsquo;int\u00e9rieur du filtre assure une exp\u00e9rience king-size douce et est produit \u00e0 base de coques de noix de coco &#8211; une mati\u00e8re premi\u00e8re renouvelable. Les filtres ont \u00e9galement des capuchons en c\u00e9ramique de haute qualit\u00e9, chacun avec sept trous des deux c\u00f4t\u00e9s, qui assurent un tirage optimal.<\/p>\n<p>Propri\u00e9t\u00e9s:<\/p>\n<p>&#8211; Design unique avec grain de bois<br \/>\n &#8211; Go\u00fbt \u00e9quilibr\u00e9 gr\u00e2ce aux granul\u00e9s de charbon actif issus de coques de noix de coco nettoy\u00e9es<br \/>\n &#8211; Bouchons en c\u00e9ramique pouvant \u00eatre utilis\u00e9s des deux c\u00f4t\u00e9s pour un tirage id\u00e9al<br \/>\n &#8211; Diam\u00e8tre du filtre : 6 mm<br \/>\n &#8211; Longueur du filtre : 27 mm<\/p>\n<p>&nbsp;<\/p>\n<p>Tous les prix s&rsquo;appliquent uniquement aux commandes en ligne et incluent la TVA. Sous r\u00e9serve de modifications sans pr\u00e9avis, frais de livraison en sus. Sous r\u00e9serve d&rsquo;erreurs, de modifications de contenu de livraison et de conception, de fautes d&rsquo;impression et de modifications de prix. Les prix barr\u00e9s sont des prix de remplacement. Les illustrations peuvent diff\u00e9rer de l&rsquo;original\/du contenu de livraison.<br \/>\n*Livraison gratuite pour les commandes sup\u00e9rieures \u00e0 CHF 250.-.<\/p>\n","protected":false},"excerpt":{"rendered":"<p>GIZEH Filtre actif marron 6mm 10 pcs. 20 bo\u00eetes Ils ont un design unique qui ressemble \u00e0 un grain de bois et invite sans aucun doute \u00e0 construire ! Le charbon actif nettoy\u00e9 \u00e0 l&rsquo;int\u00e9rieur du filtre assure une exp\u00e9rience king-size douce et est produit \u00e0 base de coques de noix de coco &#8211; une [&hellip;]<\/p>\n","protected":false},"featured_media":134866,"template":"","meta":[],"product_brand":[1564],"product_cat":[3219,1961,1995,3231,5177,2014],"product_tag":[],"class_list":{"0":"post-134862","1":"product","2":"type-product","3":"status-publish","4":"has-post-thumbnail","6":"product_brand-gizeh","7":"product_cat-boutique-de-tete","8":"product_cat-cigarettes-self-made-fr-2","9":"product_cat-divers-headshop","10":"product_cat-filtre","11":"product_cat-filtre-a-charbon-actif","12":"product_cat-filtres-a-cigarettes","14":"first","15":"onbackorder","16":"purchasable","17":"product-type-simple"},"yoast_head":"<!-- This site is optimized with the Yoast SEO plugin v27.0 - https:\/\/yoast.com\/product\/yoast-seo-wordpress\/ -->\n<title>GIZEH Filtre actif marron 6mm 10 pcs. tabakversand.ch<\/title>\n<meta name=\"description\" content=\"GIZEH Filtre actif marron 6mm 10 pcs. | Un grand choix de produits du tabac et d&#039;ustensiles pour fumeurs dans toute la Suisse | Cartes accept\u00e9es !\" \/>\n<meta name=\"robots\" content=\"index, follow, max-snippet:-1, max-image-preview:large, max-video-preview:-1\" \/>\n<link rel=\"canonical\" href=\"https:\/\/www.tabakversand.ch\/produit\/gizeh-brown-active-filter-6mm-mit-aktivkohle-10-stk\/\" \/>\n<meta property=\"og:locale\" content=\"fr_FR\" \/>\n<meta property=\"og:type\" content=\"article\" \/>\n<meta property=\"og:title\" content=\"GIZEH Filtre actif marron 6mm 10 pcs. tabakversand.ch\" \/>\n<meta property=\"og:description\" content=\"GIZEH Filtre actif marron 6mm 10 pcs. | Un grand choix de produits du tabac et d&#039;ustensiles pour fumeurs dans toute la Suisse | Cartes accept\u00e9es !\" \/>\n<meta property=\"og:url\" content=\"https:\/\/www.tabakversand.ch\/produit\/gizeh-brown-active-filter-6mm-mit-aktivkohle-10-stk\/\" \/>\n<meta property=\"og:site_name\" content=\"Tabakversand.ch | Alles aus der Welt des Tabaks\" \/>\n<meta property=\"article:modified_time\" content=\"2026-01-22T07:08:40+00:00\" \/>\n<meta property=\"og:image\" content=\"https:\/\/www.tabakversand.ch\/wp-content\/uploads\/2023\/05\/gizeh-brown-aktive-filter-6mm-10stk.jpg\" \/>\n\t<meta property=\"og:image:width\" content=\"500\" \/>\n\t<meta property=\"og:image:height\" content=\"500\" \/>\n\t<meta property=\"og:image:type\" content=\"image\/jpeg\" \/>\n<meta name=\"twitter:card\" content=\"summary_large_image\" \/>\n<meta name=\"twitter:label1\" content=\"Dur\u00e9e de lecture estim\u00e9e\" \/>\n\t<meta name=\"twitter:data1\" content=\"1 minute\" \/>\n<script type=\"application\/ld+json\" class=\"yoast-schema-graph\">{\"@context\":\"https:\/\/schema.org\",\"@graph\":[{\"@type\":\"WebPage\",\"@id\":\"https:\/\/www.tabakversand.ch\/produit\/gizeh-brown-active-filter-6mm-mit-aktivkohle-10-stk\/\",\"url\":\"https:\/\/www.tabakversand.ch\/produit\/gizeh-brown-active-filter-6mm-mit-aktivkohle-10-stk\/\",\"name\":\"GIZEH Filtre actif marron 6mm 10 pcs. tabakversand.ch\",\"isPartOf\":{\"@id\":\"https:\/\/www.tabakversand.ch\/#website\"},\"primaryImageOfPage\":{\"@id\":\"https:\/\/www.tabakversand.ch\/produit\/gizeh-brown-active-filter-6mm-mit-aktivkohle-10-stk\/#primaryimage\"},\"image\":{\"@id\":\"https:\/\/www.tabakversand.ch\/produit\/gizeh-brown-active-filter-6mm-mit-aktivkohle-10-stk\/#primaryimage\"},\"thumbnailUrl\":\"https:\/\/www.tabakversand.ch\/wp-content\/uploads\/2023\/05\/gizeh-brown-aktive-filter-6mm-10stk.jpg\",\"datePublished\":\"2023-05-31T14:35:29+00:00\",\"dateModified\":\"2026-01-22T07:08:40+00:00\",\"description\":\"GIZEH Filtre actif marron 6mm 10 pcs. | Un grand choix de produits du tabac et d'ustensiles pour fumeurs dans toute la Suisse | Cartes accept\u00e9es !\",\"breadcrumb\":{\"@id\":\"https:\/\/www.tabakversand.ch\/produit\/gizeh-brown-active-filter-6mm-mit-aktivkohle-10-stk\/#breadcrumb\"},\"inLanguage\":\"fr-FR\",\"potentialAction\":[{\"@type\":\"ReadAction\",\"target\":[\"https:\/\/www.tabakversand.ch\/produit\/gizeh-brown-active-filter-6mm-mit-aktivkohle-10-stk\/\"]}]},{\"@type\":\"ImageObject\",\"inLanguage\":\"fr-FR\",\"@id\":\"https:\/\/www.tabakversand.ch\/produit\/gizeh-brown-active-filter-6mm-mit-aktivkohle-10-stk\/#primaryimage\",\"url\":\"https:\/\/www.tabakversand.ch\/wp-content\/uploads\/2023\/05\/gizeh-brown-aktive-filter-6mm-10stk.jpg\",\"contentUrl\":\"https:\/\/www.tabakversand.ch\/wp-content\/uploads\/2023\/05\/gizeh-brown-aktive-filter-6mm-10stk.jpg\",\"width\":500,\"height\":500,\"caption\":\"GIZEH Filtre actif marron 6mm 10 pcs. | Tabakversand.ch\"},{\"@type\":\"BreadcrumbList\",\"@id\":\"https:\/\/www.tabakversand.ch\/produit\/gizeh-brown-active-filter-6mm-mit-aktivkohle-10-stk\/#breadcrumb\",\"itemListElement\":[{\"@type\":\"ListItem\",\"position\":1,\"name\":\"Startseite\",\"item\":\"https:\/\/www.tabakversand.ch\/\"},{\"@type\":\"ListItem\",\"position\":2,\"name\":\"Boutique\",\"item\":\"https:\/\/www.tabakversand.ch\/fr\/boutique\/\"},{\"@type\":\"ListItem\",\"position\":3,\"name\":\"GIZEH Filtre actif marron 6mm 10 pcs.\"}]},{\"@type\":\"WebSite\",\"@id\":\"https:\/\/www.tabakversand.ch\/#website\",\"url\":\"https:\/\/www.tabakversand.ch\/\",\"name\":\"Tabakversand.ch | Alles aus der Welt des Tabaks\",\"description\":\"Smoke and carpe diem\",\"potentialAction\":[{\"@type\":\"SearchAction\",\"target\":{\"@type\":\"EntryPoint\",\"urlTemplate\":\"https:\/\/www.tabakversand.ch\/?s={search_term_string}\"},\"query-input\":{\"@type\":\"PropertyValueSpecification\",\"valueRequired\":true,\"valueName\":\"search_term_string\"}}],\"inLanguage\":\"fr-FR\"}]}<\/script>\n<!-- \/ Yoast SEO plugin. -->","yoast_head_json":{"title":"GIZEH Filtre actif marron 6mm 10 pcs. tabakversand.ch","description":"GIZEH Filtre actif marron 6mm 10 pcs. | Un grand choix de produits du tabac et d'ustensiles pour fumeurs dans toute la Suisse | Cartes accept\u00e9es !","robots":{"index":"index","follow":"follow","max-snippet":"max-snippet:-1","max-image-preview":"max-image-preview:large","max-video-preview":"max-video-preview:-1"},"canonical":"https:\/\/www.tabakversand.ch\/produit\/gizeh-brown-active-filter-6mm-mit-aktivkohle-10-stk\/","og_locale":"fr_FR","og_type":"article","og_title":"GIZEH Filtre actif marron 6mm 10 pcs. tabakversand.ch","og_description":"GIZEH Filtre actif marron 6mm 10 pcs. | Un grand choix de produits du tabac et d'ustensiles pour fumeurs dans toute la Suisse | Cartes accept\u00e9es !","og_url":"https:\/\/www.tabakversand.ch\/produit\/gizeh-brown-active-filter-6mm-mit-aktivkohle-10-stk\/","og_site_name":"Tabakversand.ch | Alles aus der Welt des Tabaks","article_modified_time":"2026-01-22T07:08:40+00:00","og_image":[{"width":500,"height":500,"url":"https:\/\/www.tabakversand.ch\/wp-content\/uploads\/2023\/05\/gizeh-brown-aktive-filter-6mm-10stk.jpg","type":"image\/jpeg"}],"twitter_card":"summary_large_image","twitter_misc":{"Dur\u00e9e de lecture estim\u00e9e":"1 minute"},"schema":{"@context":"https:\/\/schema.org","@graph":[{"@type":"WebPage","@id":"https:\/\/www.tabakversand.ch\/produit\/gizeh-brown-active-filter-6mm-mit-aktivkohle-10-stk\/","url":"https:\/\/www.tabakversand.ch\/produit\/gizeh-brown-active-filter-6mm-mit-aktivkohle-10-stk\/","name":"GIZEH Filtre actif marron 6mm 10 pcs. tabakversand.ch","isPartOf":{"@id":"https:\/\/www.tabakversand.ch\/#website"},"primaryImageOfPage":{"@id":"https:\/\/www.tabakversand.ch\/produit\/gizeh-brown-active-filter-6mm-mit-aktivkohle-10-stk\/#primaryimage"},"image":{"@id":"https:\/\/www.tabakversand.ch\/produit\/gizeh-brown-active-filter-6mm-mit-aktivkohle-10-stk\/#primaryimage"},"thumbnailUrl":"https:\/\/www.tabakversand.ch\/wp-content\/uploads\/2023\/05\/gizeh-brown-aktive-filter-6mm-10stk.jpg","datePublished":"2023-05-31T14:35:29+00:00","dateModified":"2026-01-22T07:08:40+00:00","description":"GIZEH Filtre actif marron 6mm 10 pcs. | Un grand choix de produits du tabac et d'ustensiles pour fumeurs dans toute la Suisse | Cartes accept\u00e9es !","breadcrumb":{"@id":"https:\/\/www.tabakversand.ch\/produit\/gizeh-brown-active-filter-6mm-mit-aktivkohle-10-stk\/#breadcrumb"},"inLanguage":"fr-FR","potentialAction":[{"@type":"ReadAction","target":["https:\/\/www.tabakversand.ch\/produit\/gizeh-brown-active-filter-6mm-mit-aktivkohle-10-stk\/"]}]},{"@type":"ImageObject","inLanguage":"fr-FR","@id":"https:\/\/www.tabakversand.ch\/produit\/gizeh-brown-active-filter-6mm-mit-aktivkohle-10-stk\/#primaryimage","url":"https:\/\/www.tabakversand.ch\/wp-content\/uploads\/2023\/05\/gizeh-brown-aktive-filter-6mm-10stk.jpg","contentUrl":"https:\/\/www.tabakversand.ch\/wp-content\/uploads\/2023\/05\/gizeh-brown-aktive-filter-6mm-10stk.jpg","width":500,"height":500,"caption":"GIZEH Filtre actif marron 6mm 10 pcs. | Tabakversand.ch"},{"@type":"BreadcrumbList","@id":"https:\/\/www.tabakversand.ch\/produit\/gizeh-brown-active-filter-6mm-mit-aktivkohle-10-stk\/#breadcrumb","itemListElement":[{"@type":"ListItem","position":1,"name":"Startseite","item":"https:\/\/www.tabakversand.ch\/"},{"@type":"ListItem","position":2,"name":"Boutique","item":"https:\/\/www.tabakversand.ch\/fr\/boutique\/"},{"@type":"ListItem","position":3,"name":"GIZEH Filtre actif marron 6mm 10 pcs."}]},{"@type":"WebSite","@id":"https:\/\/www.tabakversand.ch\/#website","url":"https:\/\/www.tabakversand.ch\/","name":"Tabakversand.ch | Alles aus der Welt des Tabaks","description":"Smoke and carpe diem","potentialAction":[{"@type":"SearchAction","target":{"@type":"EntryPoint","urlTemplate":"https:\/\/www.tabakversand.ch\/?s={search_term_string}"},"query-input":{"@type":"PropertyValueSpecification","valueRequired":true,"valueName":"search_term_string"}}],"inLanguage":"fr-FR"}]}},"_links":{"self":[{"href":"https:\/\/www.tabakversand.ch\/fr\/wp-json\/wp\/v2\/product\/134862","targetHints":{"allow":["GET"]}}],"collection":[{"href":"https:\/\/www.tabakversand.ch\/fr\/wp-json\/wp\/v2\/product"}],"about":[{"href":"https:\/\/www.tabakversand.ch\/fr\/wp-json\/wp\/v2\/types\/product"}],"version-history":[{"count":2,"href":"https:\/\/www.tabakversand.ch\/fr\/wp-json\/wp\/v2\/product\/134862\/revisions"}],"predecessor-version":[{"id":209599,"href":"https:\/\/www.tabakversand.ch\/fr\/wp-json\/wp\/v2\/product\/134862\/revisions\/209599"}],"wp:featuredmedia":[{"embeddable":true,"href":"https:\/\/www.tabakversand.ch\/fr\/wp-json\/wp\/v2\/media\/134866"}],"wp:attachment":[{"href":"https:\/\/www.tabakversand.ch\/fr\/wp-json\/wp\/v2\/media?parent=134862"}],"wp:term":[{"taxonomy":"product_brand","embeddable":true,"href":"https:\/\/www.tabakversand.ch\/fr\/wp-json\/wp\/v2\/product_brand?post=134862"},{"taxonomy":"product_cat","embeddable":true,"href":"https:\/\/www.tabakversand.ch\/fr\/wp-json\/wp\/v2\/product_cat?post=134862"},{"taxonomy":"product_tag","embeddable":true,"href":"https:\/\/www.tabakversand.ch\/fr\/wp-json\/wp\/v2\/product_tag?post=134862"}],"curies":[{"name":"wp","href":"https:\/\/api.w.org\/{rel}","templated":true}]}}