{"id":134899,"date":"2023-05-31T17:02:07","date_gmt":"2023-05-31T15:02:07","guid":{"rendered":"https:\/\/www.tabakversand.ch\/?post_type=product&#038;p=134899"},"modified":"2026-01-22T08:08:43","modified_gmt":"2026-01-22T07:08:43","slug":"gizeh-filtre-actif-rose-6-mm-50-pcs","status":"publish","type":"product","link":"https:\/\/www.tabakversand.ch\/fr\/produit\/gizeh-filtre-actif-rose-6-mm-50-pcs\/","title":{"rendered":"Filtre actif rose Gizeh 6 mm 50 pcs."},"content":{"rendered":"<p>Filtre actif rose Gizeh 6 mm 50 pcs.<\/p>\n<p>10 sachets<\/p>\n<p>Rendez vos 420 moments encore plus flashy : les c\u00e9l\u00e8bres filtres \u00e0 charbon actif au format slim (6 mm de diam\u00e8tre) sont d\u00e9sormais \u00e9galement disponibles en rose. Les filtres actifs ont \u00e9t\u00e9 sp\u00e9cialement d\u00e9velopp\u00e9s pour un plaisir king-size : le charbon actif nettoy\u00e9 \u00e0 l&rsquo;int\u00e9rieur filtre les polluants et assure un go\u00fbt \u00e9quilibr\u00e9. Il est produit \u00e0 base de coques de noix de coco &#8211; une mati\u00e8re premi\u00e8re renouvelable. Les bouchons en c\u00e9ramique de haute qualit\u00e9 aux deux extr\u00e9mit\u00e9s ont chacun sept trous pour un tirage optimal. Les filtres actifs GIZEH sont \u00ab\u00a0Made in Germany\u00a0\u00bb et peuvent \u00eatre utilis\u00e9s plusieurs fois.<\/p>\n<p>Faits:<br \/>\n &#8211; Emballage rose<br \/>\n &#8211; Papier d&#8217;emballage rose du filtre actif<br \/>\n &#8211; Diam\u00e8tre : 6 mm<br \/>\n &#8211; Longueur du filtre : 27 mm<br \/>\n &#8211; Avec du charbon actif purifi\u00e9 issu de coques de noix de coco<br \/>\n &#8211; Bouchons en c\u00e9ramique aux deux extr\u00e9mit\u00e9s<br \/>\n &#8211; Utilisation multiple possible<br \/>\n &#8211; Filtre \u00ab\u00a0Made in Germany\u00a0\u00bb<br \/>\n &#8211; Id\u00e9al pour un plaisir de grande taille<\/p>\n<p>Tous les prix s&rsquo;appliquent uniquement aux commandes en ligne et incluent la TVA. Sous r\u00e9serve de modifications sans pr\u00e9avis, frais de livraison en sus. Sous r\u00e9serve d&rsquo;erreurs, de modifications de contenu de livraison et de conception, de fautes d&rsquo;impression et de modifications de prix. Les prix barr\u00e9s sont des prix de remplacement. Les illustrations peuvent diff\u00e9rer de l&rsquo;original\/du contenu de livraison.<br \/>\n*Livraison gratuite pour les commandes sup\u00e9rieures \u00e0 CHF 250.-.<\/p>\n","protected":false},"excerpt":{"rendered":"<p>Filtre actif rose Gizeh 6 mm 50 pcs. 10 sachets Rendez vos 420 moments encore plus flashy : les c\u00e9l\u00e8bres filtres \u00e0 charbon actif au format slim (6 mm de diam\u00e8tre) sont d\u00e9sormais \u00e9galement disponibles en rose. Les filtres actifs ont \u00e9t\u00e9 sp\u00e9cialement d\u00e9velopp\u00e9s pour un plaisir king-size : le charbon actif nettoy\u00e9 \u00e0 l&rsquo;int\u00e9rieur [&hellip;]<\/p>\n","protected":false},"featured_media":134903,"template":"","meta":[],"product_brand":[1564],"product_cat":[3219,1961,1995,3231,5177,2014],"product_tag":[],"class_list":{"0":"post-134899","1":"product","2":"type-product","3":"status-publish","4":"has-post-thumbnail","6":"product_brand-gizeh","7":"product_cat-boutique-de-tete","8":"product_cat-cigarettes-self-made-fr-2","9":"product_cat-divers-headshop","10":"product_cat-filtre","11":"product_cat-filtre-a-charbon-actif","12":"product_cat-filtres-a-cigarettes","14":"first","15":"onbackorder","16":"purchasable","17":"product-type-simple"},"yoast_head":"<!-- This site is optimized with the Yoast SEO plugin v27.0 - https:\/\/yoast.com\/product\/yoast-seo-wordpress\/ -->\n<title>Filtre actif rose Gizeh 6 mm 50 pcs. tabakversand.ch<\/title>\n<meta name=\"description\" content=\"Filtre actif rose Gizeh 6 mm 50 pcs. | Un tr\u00e8s grand choix de produits du tabac, e-smoke et ustensiles pour fumer dans toute la Suisse | Cartes accept\u00e9es !\" \/>\n<meta name=\"robots\" content=\"index, follow, max-snippet:-1, max-image-preview:large, max-video-preview:-1\" \/>\n<link rel=\"canonical\" href=\"https:\/\/www.tabakversand.ch\/produit\/gizeh-pink-active-filter-6-mm-50-stk\/\" \/>\n<meta property=\"og:locale\" content=\"fr_FR\" \/>\n<meta property=\"og:type\" content=\"article\" \/>\n<meta property=\"og:title\" content=\"Filtre actif rose Gizeh 6 mm 50 pcs. tabakversand.ch\" \/>\n<meta property=\"og:description\" content=\"Filtre actif rose Gizeh 6 mm 50 pcs. | Un tr\u00e8s grand choix de produits du tabac, e-smoke et ustensiles pour fumer dans toute la Suisse | Cartes accept\u00e9es !\" \/>\n<meta property=\"og:url\" content=\"https:\/\/www.tabakversand.ch\/produit\/gizeh-pink-active-filter-6-mm-50-stk\/\" \/>\n<meta property=\"og:site_name\" content=\"Tabakversand.ch | Alles aus der Welt des Tabaks\" \/>\n<meta property=\"article:modified_time\" content=\"2026-01-22T07:08:43+00:00\" \/>\n<meta property=\"og:image\" content=\"https:\/\/www.tabakversand.ch\/wp-content\/uploads\/2023\/05\/gizeh-pink-aktive-filter-6mm.jpg\" \/>\n\t<meta property=\"og:image:width\" content=\"500\" \/>\n\t<meta property=\"og:image:height\" content=\"500\" \/>\n\t<meta property=\"og:image:type\" content=\"image\/jpeg\" \/>\n<meta name=\"twitter:card\" content=\"summary_large_image\" \/>\n<meta name=\"twitter:label1\" content=\"Dur\u00e9e de lecture estim\u00e9e\" \/>\n\t<meta name=\"twitter:data1\" content=\"1 minute\" \/>\n<script type=\"application\/ld+json\" class=\"yoast-schema-graph\">{\"@context\":\"https:\/\/schema.org\",\"@graph\":[{\"@type\":\"WebPage\",\"@id\":\"https:\/\/www.tabakversand.ch\/produit\/gizeh-pink-active-filter-6-mm-50-stk\/\",\"url\":\"https:\/\/www.tabakversand.ch\/produit\/gizeh-pink-active-filter-6-mm-50-stk\/\",\"name\":\"Filtre actif rose Gizeh 6 mm 50 pcs. tabakversand.ch\",\"isPartOf\":{\"@id\":\"https:\/\/www.tabakversand.ch\/#website\"},\"primaryImageOfPage\":{\"@id\":\"https:\/\/www.tabakversand.ch\/produit\/gizeh-pink-active-filter-6-mm-50-stk\/#primaryimage\"},\"image\":{\"@id\":\"https:\/\/www.tabakversand.ch\/produit\/gizeh-pink-active-filter-6-mm-50-stk\/#primaryimage\"},\"thumbnailUrl\":\"https:\/\/www.tabakversand.ch\/wp-content\/uploads\/2023\/05\/gizeh-pink-aktive-filter-6mm.jpg\",\"datePublished\":\"2023-05-31T15:02:07+00:00\",\"dateModified\":\"2026-01-22T07:08:43+00:00\",\"description\":\"Filtre actif rose Gizeh 6 mm 50 pcs. | Un tr\u00e8s grand choix de produits du tabac, e-smoke et ustensiles pour fumer dans toute la Suisse | Cartes accept\u00e9es !\",\"breadcrumb\":{\"@id\":\"https:\/\/www.tabakversand.ch\/produit\/gizeh-pink-active-filter-6-mm-50-stk\/#breadcrumb\"},\"inLanguage\":\"fr-FR\",\"potentialAction\":[{\"@type\":\"ReadAction\",\"target\":[\"https:\/\/www.tabakversand.ch\/produit\/gizeh-pink-active-filter-6-mm-50-stk\/\"]}]},{\"@type\":\"ImageObject\",\"inLanguage\":\"fr-FR\",\"@id\":\"https:\/\/www.tabakversand.ch\/produit\/gizeh-pink-active-filter-6-mm-50-stk\/#primaryimage\",\"url\":\"https:\/\/www.tabakversand.ch\/wp-content\/uploads\/2023\/05\/gizeh-pink-aktive-filter-6mm.jpg\",\"contentUrl\":\"https:\/\/www.tabakversand.ch\/wp-content\/uploads\/2023\/05\/gizeh-pink-aktive-filter-6mm.jpg\",\"width\":500,\"height\":500,\"caption\":\"Filtre actif rose Gizeh 6 mm 50 pcs. | Tabakversand.ch\"},{\"@type\":\"BreadcrumbList\",\"@id\":\"https:\/\/www.tabakversand.ch\/produit\/gizeh-pink-active-filter-6-mm-50-stk\/#breadcrumb\",\"itemListElement\":[{\"@type\":\"ListItem\",\"position\":1,\"name\":\"Startseite\",\"item\":\"https:\/\/www.tabakversand.ch\/\"},{\"@type\":\"ListItem\",\"position\":2,\"name\":\"Boutique\",\"item\":\"https:\/\/www.tabakversand.ch\/fr\/boutique\/\"},{\"@type\":\"ListItem\",\"position\":3,\"name\":\"Filtre actif rose Gizeh 6 mm 50 pcs.\"}]},{\"@type\":\"WebSite\",\"@id\":\"https:\/\/www.tabakversand.ch\/#website\",\"url\":\"https:\/\/www.tabakversand.ch\/\",\"name\":\"Tabakversand.ch | Alles aus der Welt des Tabaks\",\"description\":\"Smoke and carpe diem\",\"potentialAction\":[{\"@type\":\"SearchAction\",\"target\":{\"@type\":\"EntryPoint\",\"urlTemplate\":\"https:\/\/www.tabakversand.ch\/?s={search_term_string}\"},\"query-input\":{\"@type\":\"PropertyValueSpecification\",\"valueRequired\":true,\"valueName\":\"search_term_string\"}}],\"inLanguage\":\"fr-FR\"}]}<\/script>\n<!-- \/ Yoast SEO plugin. -->","yoast_head_json":{"title":"Filtre actif rose Gizeh 6 mm 50 pcs. tabakversand.ch","description":"Filtre actif rose Gizeh 6 mm 50 pcs. | Un tr\u00e8s grand choix de produits du tabac, e-smoke et ustensiles pour fumer dans toute la Suisse | Cartes accept\u00e9es !","robots":{"index":"index","follow":"follow","max-snippet":"max-snippet:-1","max-image-preview":"max-image-preview:large","max-video-preview":"max-video-preview:-1"},"canonical":"https:\/\/www.tabakversand.ch\/produit\/gizeh-pink-active-filter-6-mm-50-stk\/","og_locale":"fr_FR","og_type":"article","og_title":"Filtre actif rose Gizeh 6 mm 50 pcs. tabakversand.ch","og_description":"Filtre actif rose Gizeh 6 mm 50 pcs. | Un tr\u00e8s grand choix de produits du tabac, e-smoke et ustensiles pour fumer dans toute la Suisse | Cartes accept\u00e9es !","og_url":"https:\/\/www.tabakversand.ch\/produit\/gizeh-pink-active-filter-6-mm-50-stk\/","og_site_name":"Tabakversand.ch | Alles aus der Welt des Tabaks","article_modified_time":"2026-01-22T07:08:43+00:00","og_image":[{"width":500,"height":500,"url":"https:\/\/www.tabakversand.ch\/wp-content\/uploads\/2023\/05\/gizeh-pink-aktive-filter-6mm.jpg","type":"image\/jpeg"}],"twitter_card":"summary_large_image","twitter_misc":{"Dur\u00e9e de lecture estim\u00e9e":"1 minute"},"schema":{"@context":"https:\/\/schema.org","@graph":[{"@type":"WebPage","@id":"https:\/\/www.tabakversand.ch\/produit\/gizeh-pink-active-filter-6-mm-50-stk\/","url":"https:\/\/www.tabakversand.ch\/produit\/gizeh-pink-active-filter-6-mm-50-stk\/","name":"Filtre actif rose Gizeh 6 mm 50 pcs. tabakversand.ch","isPartOf":{"@id":"https:\/\/www.tabakversand.ch\/#website"},"primaryImageOfPage":{"@id":"https:\/\/www.tabakversand.ch\/produit\/gizeh-pink-active-filter-6-mm-50-stk\/#primaryimage"},"image":{"@id":"https:\/\/www.tabakversand.ch\/produit\/gizeh-pink-active-filter-6-mm-50-stk\/#primaryimage"},"thumbnailUrl":"https:\/\/www.tabakversand.ch\/wp-content\/uploads\/2023\/05\/gizeh-pink-aktive-filter-6mm.jpg","datePublished":"2023-05-31T15:02:07+00:00","dateModified":"2026-01-22T07:08:43+00:00","description":"Filtre actif rose Gizeh 6 mm 50 pcs. | Un tr\u00e8s grand choix de produits du tabac, e-smoke et ustensiles pour fumer dans toute la Suisse | Cartes accept\u00e9es !","breadcrumb":{"@id":"https:\/\/www.tabakversand.ch\/produit\/gizeh-pink-active-filter-6-mm-50-stk\/#breadcrumb"},"inLanguage":"fr-FR","potentialAction":[{"@type":"ReadAction","target":["https:\/\/www.tabakversand.ch\/produit\/gizeh-pink-active-filter-6-mm-50-stk\/"]}]},{"@type":"ImageObject","inLanguage":"fr-FR","@id":"https:\/\/www.tabakversand.ch\/produit\/gizeh-pink-active-filter-6-mm-50-stk\/#primaryimage","url":"https:\/\/www.tabakversand.ch\/wp-content\/uploads\/2023\/05\/gizeh-pink-aktive-filter-6mm.jpg","contentUrl":"https:\/\/www.tabakversand.ch\/wp-content\/uploads\/2023\/05\/gizeh-pink-aktive-filter-6mm.jpg","width":500,"height":500,"caption":"Filtre actif rose Gizeh 6 mm 50 pcs. | Tabakversand.ch"},{"@type":"BreadcrumbList","@id":"https:\/\/www.tabakversand.ch\/produit\/gizeh-pink-active-filter-6-mm-50-stk\/#breadcrumb","itemListElement":[{"@type":"ListItem","position":1,"name":"Startseite","item":"https:\/\/www.tabakversand.ch\/"},{"@type":"ListItem","position":2,"name":"Boutique","item":"https:\/\/www.tabakversand.ch\/fr\/boutique\/"},{"@type":"ListItem","position":3,"name":"Filtre actif rose Gizeh 6 mm 50 pcs."}]},{"@type":"WebSite","@id":"https:\/\/www.tabakversand.ch\/#website","url":"https:\/\/www.tabakversand.ch\/","name":"Tabakversand.ch | Alles aus der Welt des Tabaks","description":"Smoke and carpe diem","potentialAction":[{"@type":"SearchAction","target":{"@type":"EntryPoint","urlTemplate":"https:\/\/www.tabakversand.ch\/?s={search_term_string}"},"query-input":{"@type":"PropertyValueSpecification","valueRequired":true,"valueName":"search_term_string"}}],"inLanguage":"fr-FR"}]}},"_links":{"self":[{"href":"https:\/\/www.tabakversand.ch\/fr\/wp-json\/wp\/v2\/product\/134899","targetHints":{"allow":["GET"]}}],"collection":[{"href":"https:\/\/www.tabakversand.ch\/fr\/wp-json\/wp\/v2\/product"}],"about":[{"href":"https:\/\/www.tabakversand.ch\/fr\/wp-json\/wp\/v2\/types\/product"}],"version-history":[{"count":2,"href":"https:\/\/www.tabakversand.ch\/fr\/wp-json\/wp\/v2\/product\/134899\/revisions"}],"predecessor-version":[{"id":209602,"href":"https:\/\/www.tabakversand.ch\/fr\/wp-json\/wp\/v2\/product\/134899\/revisions\/209602"}],"wp:featuredmedia":[{"embeddable":true,"href":"https:\/\/www.tabakversand.ch\/fr\/wp-json\/wp\/v2\/media\/134903"}],"wp:attachment":[{"href":"https:\/\/www.tabakversand.ch\/fr\/wp-json\/wp\/v2\/media?parent=134899"}],"wp:term":[{"taxonomy":"product_brand","embeddable":true,"href":"https:\/\/www.tabakversand.ch\/fr\/wp-json\/wp\/v2\/product_brand?post=134899"},{"taxonomy":"product_cat","embeddable":true,"href":"https:\/\/www.tabakversand.ch\/fr\/wp-json\/wp\/v2\/product_cat?post=134899"},{"taxonomy":"product_tag","embeddable":true,"href":"https:\/\/www.tabakversand.ch\/fr\/wp-json\/wp\/v2\/product_tag?post=134899"}],"curies":[{"name":"wp","href":"https:\/\/api.w.org\/{rel}","templated":true}]}}