{"id":134920,"date":"2023-05-31T17:12:59","date_gmt":"2023-05-31T15:12:59","guid":{"rendered":"https:\/\/www.tabakversand.ch\/?post_type=product&#038;p=134920"},"modified":"2026-01-22T08:08:48","modified_gmt":"2026-01-22T07:08:48","slug":"gizeh-rainbow-filtre-actif-6-mm-50-pcs","status":"publish","type":"product","link":"https:\/\/www.tabakversand.ch\/fr\/produit\/gizeh-rainbow-filtre-actif-6-mm-50-pcs\/","title":{"rendered":"Gizeh Rainbow Filtre actif 6 mm 50 pcs."},"content":{"rendered":"<p>Gizeh Rainbow Filtre actif 6 mm 50 pcs.<\/p>\n<p>10 sachets<\/p>\n<p>Les filtres \u00e0 charbon actif au charbon de noix de coco de Gizeh sont un point fort pour vous si vous souhaitez optimiser votre exp\u00e9rience de fumage. La couleur arc-en-ciel donne aux filtres \u00e0 charbon actif un look moderne et \u00e9l\u00e9gant qui vous permettra de vous d\u00e9marquer imm\u00e9diatement. D&rsquo;une largeur de 6 mm, ils sont parfaits pour un plaisir king-size et assurent une exp\u00e9rience de fumage agr\u00e9able. L&rsquo;utilisation de charbon de bois de coco de haute qualit\u00e9 assure un excellent filtrage de la fum\u00e9e et minimise les odeurs et les go\u00fbts d\u00e9sagr\u00e9ables. Essayez d\u00e8s maintenant les filtres \u00e0 charbon actif au charbon de noix de coco de Gizeh et profitez pleinement de chaque bouff\u00e9e&nbsp;!<\/p>\n<p>fait:<\/p>\n<p>&#8211; Design unique aux couleurs de l&rsquo;arc-en-ciel<br \/>\n &#8211; Go\u00fbt \u00e9quilibr\u00e9 gr\u00e2ce aux granul\u00e9s de charbon actif issus de coques de noix de coco nettoy\u00e9es<br \/>\n &#8211; Bouchons en c\u00e9ramique pouvant \u00eatre utilis\u00e9s des deux c\u00f4t\u00e9s pour un tirage id\u00e9al<br \/>\n &#8211; Diam\u00e8tre du filtre : 6 mm<br \/>\n \u2013 Longueur du filtre : 27 mm<\/p>\n<p>Tous les prix s&rsquo;appliquent uniquement aux commandes en ligne et incluent la TVA. Sous r\u00e9serve de modifications sans pr\u00e9avis, frais de livraison en sus. Sous r\u00e9serve d&rsquo;erreurs, de modifications de contenu de livraison et de conception, de fautes d&rsquo;impression et de modifications de prix. Les prix barr\u00e9s sont des prix de remplacement. Les illustrations peuvent diff\u00e9rer de l&rsquo;original\/du contenu de livraison.<br \/>\n*Livraison gratuite pour les commandes sup\u00e9rieures \u00e0 CHF 250.-.<\/p>\n","protected":false},"excerpt":{"rendered":"<p>Gizeh Rainbow Filtre actif 6 mm 50 pcs. 10 sachets Les filtres \u00e0 charbon actif au charbon de noix de coco de Gizeh sont un point fort pour vous si vous souhaitez optimiser votre exp\u00e9rience de fumage. La couleur arc-en-ciel donne aux filtres \u00e0 charbon actif un look moderne et \u00e9l\u00e9gant qui vous permettra de [&hellip;]<\/p>\n","protected":false},"featured_media":134924,"template":"","meta":[],"product_brand":[1564],"product_cat":[3219,1961,1995,3231,5177,2014],"product_tag":[],"class_list":{"0":"post-134920","1":"product","2":"type-product","3":"status-publish","4":"has-post-thumbnail","6":"product_brand-gizeh","7":"product_cat-boutique-de-tete","8":"product_cat-cigarettes-self-made-fr-2","9":"product_cat-divers-headshop","10":"product_cat-filtre","11":"product_cat-filtre-a-charbon-actif","12":"product_cat-filtres-a-cigarettes","14":"first","15":"onbackorder","16":"purchasable","17":"product-type-simple"},"yoast_head":"<!-- This site is optimized with the Yoast SEO plugin v27.0 - https:\/\/yoast.com\/product\/yoast-seo-wordpress\/ -->\n<title>Gizeh Rainbow Filtre actif 6 mm 50 pcs. tabakversand.ch<\/title>\n<meta name=\"description\" content=\"Gizeh Rainbow Filtre actif 6 mm 50 pcs. | Un tr\u00e8s grand choix de produits du tabac, e-smoke et ustensiles pour fumer dans toute la Suisse | Cartes accept\u00e9es !\" \/>\n<meta name=\"robots\" content=\"index, follow, max-snippet:-1, max-image-preview:large, max-video-preview:-1\" \/>\n<link rel=\"canonical\" href=\"https:\/\/www.tabakversand.ch\/produit\/gizeh-rainbow-active-filter-6-mm-50-stk\/\" \/>\n<meta property=\"og:locale\" content=\"fr_FR\" \/>\n<meta property=\"og:type\" content=\"article\" \/>\n<meta property=\"og:title\" content=\"Gizeh Rainbow Filtre actif 6 mm 50 pcs. tabakversand.ch\" \/>\n<meta property=\"og:description\" content=\"Gizeh Rainbow Filtre actif 6 mm 50 pcs. | Un tr\u00e8s grand choix de produits du tabac, e-smoke et ustensiles pour fumer dans toute la Suisse | Cartes accept\u00e9es !\" \/>\n<meta property=\"og:url\" content=\"https:\/\/www.tabakversand.ch\/produit\/gizeh-rainbow-active-filter-6-mm-50-stk\/\" \/>\n<meta property=\"og:site_name\" content=\"Tabakversand.ch | Alles aus der Welt des Tabaks\" \/>\n<meta property=\"article:modified_time\" content=\"2026-01-22T07:08:48+00:00\" \/>\n<meta property=\"og:image\" content=\"https:\/\/www.tabakversand.ch\/wp-content\/uploads\/2023\/05\/gizeh-rainbow-active-filter-6mm.jpg\" \/>\n\t<meta property=\"og:image:width\" content=\"500\" \/>\n\t<meta property=\"og:image:height\" content=\"500\" \/>\n\t<meta property=\"og:image:type\" content=\"image\/jpeg\" \/>\n<meta name=\"twitter:card\" content=\"summary_large_image\" \/>\n<meta name=\"twitter:label1\" content=\"Dur\u00e9e de lecture estim\u00e9e\" \/>\n\t<meta name=\"twitter:data1\" content=\"1 minute\" \/>\n<script type=\"application\/ld+json\" class=\"yoast-schema-graph\">{\"@context\":\"https:\/\/schema.org\",\"@graph\":[{\"@type\":\"WebPage\",\"@id\":\"https:\/\/www.tabakversand.ch\/produit\/gizeh-rainbow-active-filter-6-mm-50-stk\/\",\"url\":\"https:\/\/www.tabakversand.ch\/produit\/gizeh-rainbow-active-filter-6-mm-50-stk\/\",\"name\":\"Gizeh Rainbow Filtre actif 6 mm 50 pcs. tabakversand.ch\",\"isPartOf\":{\"@id\":\"https:\/\/www.tabakversand.ch\/#website\"},\"primaryImageOfPage\":{\"@id\":\"https:\/\/www.tabakversand.ch\/produit\/gizeh-rainbow-active-filter-6-mm-50-stk\/#primaryimage\"},\"image\":{\"@id\":\"https:\/\/www.tabakversand.ch\/produit\/gizeh-rainbow-active-filter-6-mm-50-stk\/#primaryimage\"},\"thumbnailUrl\":\"https:\/\/www.tabakversand.ch\/wp-content\/uploads\/2023\/05\/gizeh-rainbow-active-filter-6mm.jpg\",\"datePublished\":\"2023-05-31T15:12:59+00:00\",\"dateModified\":\"2026-01-22T07:08:48+00:00\",\"description\":\"Gizeh Rainbow Filtre actif 6 mm 50 pcs. | Un tr\u00e8s grand choix de produits du tabac, e-smoke et ustensiles pour fumer dans toute la Suisse | Cartes accept\u00e9es !\",\"breadcrumb\":{\"@id\":\"https:\/\/www.tabakversand.ch\/produit\/gizeh-rainbow-active-filter-6-mm-50-stk\/#breadcrumb\"},\"inLanguage\":\"fr-FR\",\"potentialAction\":[{\"@type\":\"ReadAction\",\"target\":[\"https:\/\/www.tabakversand.ch\/produit\/gizeh-rainbow-active-filter-6-mm-50-stk\/\"]}]},{\"@type\":\"ImageObject\",\"inLanguage\":\"fr-FR\",\"@id\":\"https:\/\/www.tabakversand.ch\/produit\/gizeh-rainbow-active-filter-6-mm-50-stk\/#primaryimage\",\"url\":\"https:\/\/www.tabakversand.ch\/wp-content\/uploads\/2023\/05\/gizeh-rainbow-active-filter-6mm.jpg\",\"contentUrl\":\"https:\/\/www.tabakversand.ch\/wp-content\/uploads\/2023\/05\/gizeh-rainbow-active-filter-6mm.jpg\",\"width\":500,\"height\":500,\"caption\":\"Gizeh Rainbow Filtre actif 6 mm 50 pcs. | Tabakversand.ch\"},{\"@type\":\"BreadcrumbList\",\"@id\":\"https:\/\/www.tabakversand.ch\/produit\/gizeh-rainbow-active-filter-6-mm-50-stk\/#breadcrumb\",\"itemListElement\":[{\"@type\":\"ListItem\",\"position\":1,\"name\":\"Startseite\",\"item\":\"https:\/\/www.tabakversand.ch\/\"},{\"@type\":\"ListItem\",\"position\":2,\"name\":\"Boutique\",\"item\":\"https:\/\/www.tabakversand.ch\/fr\/boutique\/\"},{\"@type\":\"ListItem\",\"position\":3,\"name\":\"Gizeh Rainbow Filtre actif 6 mm 50 pcs.\"}]},{\"@type\":\"WebSite\",\"@id\":\"https:\/\/www.tabakversand.ch\/#website\",\"url\":\"https:\/\/www.tabakversand.ch\/\",\"name\":\"Tabakversand.ch | Alles aus der Welt des Tabaks\",\"description\":\"Smoke and carpe diem\",\"potentialAction\":[{\"@type\":\"SearchAction\",\"target\":{\"@type\":\"EntryPoint\",\"urlTemplate\":\"https:\/\/www.tabakversand.ch\/?s={search_term_string}\"},\"query-input\":{\"@type\":\"PropertyValueSpecification\",\"valueRequired\":true,\"valueName\":\"search_term_string\"}}],\"inLanguage\":\"fr-FR\"}]}<\/script>\n<!-- \/ Yoast SEO plugin. -->","yoast_head_json":{"title":"Gizeh Rainbow Filtre actif 6 mm 50 pcs. tabakversand.ch","description":"Gizeh Rainbow Filtre actif 6 mm 50 pcs. | Un tr\u00e8s grand choix de produits du tabac, e-smoke et ustensiles pour fumer dans toute la Suisse | Cartes accept\u00e9es !","robots":{"index":"index","follow":"follow","max-snippet":"max-snippet:-1","max-image-preview":"max-image-preview:large","max-video-preview":"max-video-preview:-1"},"canonical":"https:\/\/www.tabakversand.ch\/produit\/gizeh-rainbow-active-filter-6-mm-50-stk\/","og_locale":"fr_FR","og_type":"article","og_title":"Gizeh Rainbow Filtre actif 6 mm 50 pcs. tabakversand.ch","og_description":"Gizeh Rainbow Filtre actif 6 mm 50 pcs. | Un tr\u00e8s grand choix de produits du tabac, e-smoke et ustensiles pour fumer dans toute la Suisse | Cartes accept\u00e9es !","og_url":"https:\/\/www.tabakversand.ch\/produit\/gizeh-rainbow-active-filter-6-mm-50-stk\/","og_site_name":"Tabakversand.ch | Alles aus der Welt des Tabaks","article_modified_time":"2026-01-22T07:08:48+00:00","og_image":[{"width":500,"height":500,"url":"https:\/\/www.tabakversand.ch\/wp-content\/uploads\/2023\/05\/gizeh-rainbow-active-filter-6mm.jpg","type":"image\/jpeg"}],"twitter_card":"summary_large_image","twitter_misc":{"Dur\u00e9e de lecture estim\u00e9e":"1 minute"},"schema":{"@context":"https:\/\/schema.org","@graph":[{"@type":"WebPage","@id":"https:\/\/www.tabakversand.ch\/produit\/gizeh-rainbow-active-filter-6-mm-50-stk\/","url":"https:\/\/www.tabakversand.ch\/produit\/gizeh-rainbow-active-filter-6-mm-50-stk\/","name":"Gizeh Rainbow Filtre actif 6 mm 50 pcs. tabakversand.ch","isPartOf":{"@id":"https:\/\/www.tabakversand.ch\/#website"},"primaryImageOfPage":{"@id":"https:\/\/www.tabakversand.ch\/produit\/gizeh-rainbow-active-filter-6-mm-50-stk\/#primaryimage"},"image":{"@id":"https:\/\/www.tabakversand.ch\/produit\/gizeh-rainbow-active-filter-6-mm-50-stk\/#primaryimage"},"thumbnailUrl":"https:\/\/www.tabakversand.ch\/wp-content\/uploads\/2023\/05\/gizeh-rainbow-active-filter-6mm.jpg","datePublished":"2023-05-31T15:12:59+00:00","dateModified":"2026-01-22T07:08:48+00:00","description":"Gizeh Rainbow Filtre actif 6 mm 50 pcs. | Un tr\u00e8s grand choix de produits du tabac, e-smoke et ustensiles pour fumer dans toute la Suisse | Cartes accept\u00e9es !","breadcrumb":{"@id":"https:\/\/www.tabakversand.ch\/produit\/gizeh-rainbow-active-filter-6-mm-50-stk\/#breadcrumb"},"inLanguage":"fr-FR","potentialAction":[{"@type":"ReadAction","target":["https:\/\/www.tabakversand.ch\/produit\/gizeh-rainbow-active-filter-6-mm-50-stk\/"]}]},{"@type":"ImageObject","inLanguage":"fr-FR","@id":"https:\/\/www.tabakversand.ch\/produit\/gizeh-rainbow-active-filter-6-mm-50-stk\/#primaryimage","url":"https:\/\/www.tabakversand.ch\/wp-content\/uploads\/2023\/05\/gizeh-rainbow-active-filter-6mm.jpg","contentUrl":"https:\/\/www.tabakversand.ch\/wp-content\/uploads\/2023\/05\/gizeh-rainbow-active-filter-6mm.jpg","width":500,"height":500,"caption":"Gizeh Rainbow Filtre actif 6 mm 50 pcs. | Tabakversand.ch"},{"@type":"BreadcrumbList","@id":"https:\/\/www.tabakversand.ch\/produit\/gizeh-rainbow-active-filter-6-mm-50-stk\/#breadcrumb","itemListElement":[{"@type":"ListItem","position":1,"name":"Startseite","item":"https:\/\/www.tabakversand.ch\/"},{"@type":"ListItem","position":2,"name":"Boutique","item":"https:\/\/www.tabakversand.ch\/fr\/boutique\/"},{"@type":"ListItem","position":3,"name":"Gizeh Rainbow Filtre actif 6 mm 50 pcs."}]},{"@type":"WebSite","@id":"https:\/\/www.tabakversand.ch\/#website","url":"https:\/\/www.tabakversand.ch\/","name":"Tabakversand.ch | Alles aus der Welt des Tabaks","description":"Smoke and carpe diem","potentialAction":[{"@type":"SearchAction","target":{"@type":"EntryPoint","urlTemplate":"https:\/\/www.tabakversand.ch\/?s={search_term_string}"},"query-input":{"@type":"PropertyValueSpecification","valueRequired":true,"valueName":"search_term_string"}}],"inLanguage":"fr-FR"}]}},"_links":{"self":[{"href":"https:\/\/www.tabakversand.ch\/fr\/wp-json\/wp\/v2\/product\/134920","targetHints":{"allow":["GET"]}}],"collection":[{"href":"https:\/\/www.tabakversand.ch\/fr\/wp-json\/wp\/v2\/product"}],"about":[{"href":"https:\/\/www.tabakversand.ch\/fr\/wp-json\/wp\/v2\/types\/product"}],"version-history":[{"count":2,"href":"https:\/\/www.tabakversand.ch\/fr\/wp-json\/wp\/v2\/product\/134920\/revisions"}],"predecessor-version":[{"id":209608,"href":"https:\/\/www.tabakversand.ch\/fr\/wp-json\/wp\/v2\/product\/134920\/revisions\/209608"}],"wp:featuredmedia":[{"embeddable":true,"href":"https:\/\/www.tabakversand.ch\/fr\/wp-json\/wp\/v2\/media\/134924"}],"wp:attachment":[{"href":"https:\/\/www.tabakversand.ch\/fr\/wp-json\/wp\/v2\/media?parent=134920"}],"wp:term":[{"taxonomy":"product_brand","embeddable":true,"href":"https:\/\/www.tabakversand.ch\/fr\/wp-json\/wp\/v2\/product_brand?post=134920"},{"taxonomy":"product_cat","embeddable":true,"href":"https:\/\/www.tabakversand.ch\/fr\/wp-json\/wp\/v2\/product_cat?post=134920"},{"taxonomy":"product_tag","embeddable":true,"href":"https:\/\/www.tabakversand.ch\/fr\/wp-json\/wp\/v2\/product_tag?post=134920"}],"curies":[{"name":"wp","href":"https:\/\/api.w.org\/{rel}","templated":true}]}}