{"id":134966,"date":"2023-06-01T13:03:15","date_gmt":"2023-06-01T11:03:15","guid":{"rendered":"https:\/\/www.tabakversand.ch\/?post_type=product&#038;p=134966"},"modified":"2025-10-02T11:52:57","modified_gmt":"2025-10-02T09:52:57","slug":"gizeh-air-plus-filter-sleeves-200-pcs","status":"publish","type":"product","link":"https:\/\/www.tabakversand.ch\/fr\/produit\/gizeh-air-plus-filter-sleeves-200-pcs\/","title":{"rendered":"Manchons filtrants Gizeh Air Plus 200 pi\u00e8ces"},"content":{"rendered":"<p>Manchons filtrants Gizeh Air Plus 200 pi\u00e8ces<\/p>\n<p>Le papier de haute qualit\u00e9 et le filtre sp\u00e9cial perfor\u00e9 au laser avec technologie Air-Plus\u00a9 garantissent un ar\u00f4me agr\u00e9able et \u00e9quilibr\u00e9. Ces dosettes premium offrent tout ce dont vous avez besoin pour un plaisir sophistiqu\u00e9 et personnalis\u00e9.<\/p>\n<p>Tous les prix s&rsquo;appliquent uniquement aux commandes en ligne et incluent la TVA. Sous r\u00e9serve de modifications sans pr\u00e9avis, frais de livraison en sus. Sous r\u00e9serve d&rsquo;erreurs, de modifications de contenu de livraison et de conception, de fautes d&rsquo;impression et de modifications de prix. Les prix barr\u00e9s sont des prix de remplacement. Les illustrations peuvent diff\u00e9rer de l&rsquo;original\/du contenu de livraison.<br \/>\n*Livraison gratuite pour les commandes sup\u00e9rieures \u00e0 CHF 250.-.<\/p>\n","protected":false},"excerpt":{"rendered":"<p>Manchons filtrants Gizeh Air Plus 200 pi\u00e8ces Le papier de haute qualit\u00e9 et le filtre sp\u00e9cial perfor\u00e9 au laser avec technologie Air-Plus\u00a9 garantissent un ar\u00f4me agr\u00e9able et \u00e9quilibr\u00e9. Ces dosettes premium offrent tout ce dont vous avez besoin pour un plaisir sophistiqu\u00e9 et personnalis\u00e9. Tous les prix s&rsquo;appliquent uniquement aux commandes en ligne et incluent [&hellip;]<\/p>\n","protected":false},"featured_media":134970,"template":"","meta":[],"product_brand":[1564],"product_cat":[1961,1956],"product_tag":[],"class_list":{"0":"post-134966","1":"product","2":"type-product","3":"status-publish","4":"has-post-thumbnail","6":"product_brand-gizeh","7":"product_cat-cigarettes-self-made-fr-2","8":"product_cat-dosettes-de-cigarettes","10":"first","11":"onbackorder","12":"purchasable","13":"product-type-variable"},"yoast_head":"<!-- This site is optimized with the Yoast SEO plugin v27.0 - https:\/\/yoast.com\/product\/yoast-seo-wordpress\/ -->\n<title>Manchons filtrants Gizeh Air Plus 200 pi\u00e8ces tabakversand.ch<\/title>\n<meta name=\"description\" content=\"Tubes filtrants Gizeh Air Plus 200 pi\u00e8ces | Un tr\u00e8s grand choix de produits du tabac, de cigarettes \u00e9lectroniques et d&#039;accessoires pour fumeurs dans toute la Suisse | Cartes accept\u00e9es !\" \/>\n<meta name=\"robots\" content=\"index, follow, max-snippet:-1, max-image-preview:large, max-video-preview:-1\" \/>\n<link rel=\"canonical\" href=\"https:\/\/www.tabakversand.ch\/produit\/gizeh-air-plus-filterhuelsen-200-stk\/\" \/>\n<meta property=\"og:locale\" content=\"fr_FR\" \/>\n<meta property=\"og:type\" content=\"article\" \/>\n<meta property=\"og:title\" content=\"Manchons filtrants Gizeh Air Plus 200 pi\u00e8ces tabakversand.ch\" \/>\n<meta property=\"og:description\" content=\"Tubes filtrants Gizeh Air Plus 200 pi\u00e8ces | Un tr\u00e8s grand choix de produits du tabac, de cigarettes \u00e9lectroniques et d&#039;accessoires pour fumeurs dans toute la Suisse | Cartes accept\u00e9es !\" \/>\n<meta property=\"og:url\" content=\"https:\/\/www.tabakversand.ch\/produit\/gizeh-air-plus-filterhuelsen-200-stk\/\" \/>\n<meta property=\"og:site_name\" content=\"Tabakversand.ch | Alles aus der Welt des Tabaks\" \/>\n<meta property=\"article:modified_time\" content=\"2025-10-02T09:52:57+00:00\" \/>\n<meta property=\"og:image\" content=\"https:\/\/www.tabakversand.ch\/wp-content\/uploads\/2023\/06\/gizeh-air-plus-200-filterhuelsen.jpg\" \/>\n\t<meta property=\"og:image:width\" content=\"500\" \/>\n\t<meta property=\"og:image:height\" content=\"500\" \/>\n\t<meta property=\"og:image:type\" content=\"image\/jpeg\" \/>\n<meta name=\"twitter:card\" content=\"summary_large_image\" \/>\n<meta name=\"twitter:label1\" content=\"Dur\u00e9e de lecture estim\u00e9e\" \/>\n\t<meta name=\"twitter:data1\" content=\"1 minute\" \/>\n<script type=\"application\/ld+json\" class=\"yoast-schema-graph\">{\"@context\":\"https:\/\/schema.org\",\"@graph\":[{\"@type\":\"WebPage\",\"@id\":\"https:\/\/www.tabakversand.ch\/produit\/gizeh-air-plus-filterhuelsen-200-stk\/\",\"url\":\"https:\/\/www.tabakversand.ch\/produit\/gizeh-air-plus-filterhuelsen-200-stk\/\",\"name\":\"Manchons filtrants Gizeh Air Plus 200 pi\u00e8ces tabakversand.ch\",\"isPartOf\":{\"@id\":\"https:\/\/www.tabakversand.ch\/#website\"},\"primaryImageOfPage\":{\"@id\":\"https:\/\/www.tabakversand.ch\/produit\/gizeh-air-plus-filterhuelsen-200-stk\/#primaryimage\"},\"image\":{\"@id\":\"https:\/\/www.tabakversand.ch\/produit\/gizeh-air-plus-filterhuelsen-200-stk\/#primaryimage\"},\"thumbnailUrl\":\"https:\/\/www.tabakversand.ch\/wp-content\/uploads\/2023\/06\/gizeh-air-plus-200-filterhuelsen.jpg\",\"datePublished\":\"2023-06-01T11:03:15+00:00\",\"dateModified\":\"2025-10-02T09:52:57+00:00\",\"description\":\"Tubes filtrants Gizeh Air Plus 200 pi\u00e8ces | Un tr\u00e8s grand choix de produits du tabac, de cigarettes \u00e9lectroniques et d'accessoires pour fumeurs dans toute la Suisse | Cartes accept\u00e9es !\",\"breadcrumb\":{\"@id\":\"https:\/\/www.tabakversand.ch\/produit\/gizeh-air-plus-filterhuelsen-200-stk\/#breadcrumb\"},\"inLanguage\":\"fr-FR\",\"potentialAction\":[{\"@type\":\"ReadAction\",\"target\":[\"https:\/\/www.tabakversand.ch\/produit\/gizeh-air-plus-filterhuelsen-200-stk\/\"]}]},{\"@type\":\"ImageObject\",\"inLanguage\":\"fr-FR\",\"@id\":\"https:\/\/www.tabakversand.ch\/produit\/gizeh-air-plus-filterhuelsen-200-stk\/#primaryimage\",\"url\":\"https:\/\/www.tabakversand.ch\/wp-content\/uploads\/2023\/06\/gizeh-air-plus-200-filterhuelsen.jpg\",\"contentUrl\":\"https:\/\/www.tabakversand.ch\/wp-content\/uploads\/2023\/06\/gizeh-air-plus-200-filterhuelsen.jpg\",\"width\":500,\"height\":500,\"caption\":\"Manchons filtrants Gizeh Air Plus 200 pi\u00e8ces. | Tabakversand.ch\"},{\"@type\":\"BreadcrumbList\",\"@id\":\"https:\/\/www.tabakversand.ch\/produit\/gizeh-air-plus-filterhuelsen-200-stk\/#breadcrumb\",\"itemListElement\":[{\"@type\":\"ListItem\",\"position\":1,\"name\":\"Startseite\",\"item\":\"https:\/\/www.tabakversand.ch\/\"},{\"@type\":\"ListItem\",\"position\":2,\"name\":\"Boutique\",\"item\":\"https:\/\/www.tabakversand.ch\/fr\/boutique\/\"},{\"@type\":\"ListItem\",\"position\":3,\"name\":\"Manchons filtrants Gizeh Air Plus 200 pi\u00e8ces\"}]},{\"@type\":\"WebSite\",\"@id\":\"https:\/\/www.tabakversand.ch\/#website\",\"url\":\"https:\/\/www.tabakversand.ch\/\",\"name\":\"Tabakversand.ch | Alles aus der Welt des Tabaks\",\"description\":\"Smoke and carpe diem\",\"potentialAction\":[{\"@type\":\"SearchAction\",\"target\":{\"@type\":\"EntryPoint\",\"urlTemplate\":\"https:\/\/www.tabakversand.ch\/?s={search_term_string}\"},\"query-input\":{\"@type\":\"PropertyValueSpecification\",\"valueRequired\":true,\"valueName\":\"search_term_string\"}}],\"inLanguage\":\"fr-FR\"}]}<\/script>\n<!-- \/ Yoast SEO plugin. -->","yoast_head_json":{"title":"Manchons filtrants Gizeh Air Plus 200 pi\u00e8ces tabakversand.ch","description":"Tubes filtrants Gizeh Air Plus 200 pi\u00e8ces | Un tr\u00e8s grand choix de produits du tabac, de cigarettes \u00e9lectroniques et d'accessoires pour fumeurs dans toute la Suisse | Cartes accept\u00e9es !","robots":{"index":"index","follow":"follow","max-snippet":"max-snippet:-1","max-image-preview":"max-image-preview:large","max-video-preview":"max-video-preview:-1"},"canonical":"https:\/\/www.tabakversand.ch\/produit\/gizeh-air-plus-filterhuelsen-200-stk\/","og_locale":"fr_FR","og_type":"article","og_title":"Manchons filtrants Gizeh Air Plus 200 pi\u00e8ces tabakversand.ch","og_description":"Tubes filtrants Gizeh Air Plus 200 pi\u00e8ces | Un tr\u00e8s grand choix de produits du tabac, de cigarettes \u00e9lectroniques et d'accessoires pour fumeurs dans toute la Suisse | Cartes accept\u00e9es !","og_url":"https:\/\/www.tabakversand.ch\/produit\/gizeh-air-plus-filterhuelsen-200-stk\/","og_site_name":"Tabakversand.ch | Alles aus der Welt des Tabaks","article_modified_time":"2025-10-02T09:52:57+00:00","og_image":[{"width":500,"height":500,"url":"https:\/\/www.tabakversand.ch\/wp-content\/uploads\/2023\/06\/gizeh-air-plus-200-filterhuelsen.jpg","type":"image\/jpeg"}],"twitter_card":"summary_large_image","twitter_misc":{"Dur\u00e9e de lecture estim\u00e9e":"1 minute"},"schema":{"@context":"https:\/\/schema.org","@graph":[{"@type":"WebPage","@id":"https:\/\/www.tabakversand.ch\/produit\/gizeh-air-plus-filterhuelsen-200-stk\/","url":"https:\/\/www.tabakversand.ch\/produit\/gizeh-air-plus-filterhuelsen-200-stk\/","name":"Manchons filtrants Gizeh Air Plus 200 pi\u00e8ces tabakversand.ch","isPartOf":{"@id":"https:\/\/www.tabakversand.ch\/#website"},"primaryImageOfPage":{"@id":"https:\/\/www.tabakversand.ch\/produit\/gizeh-air-plus-filterhuelsen-200-stk\/#primaryimage"},"image":{"@id":"https:\/\/www.tabakversand.ch\/produit\/gizeh-air-plus-filterhuelsen-200-stk\/#primaryimage"},"thumbnailUrl":"https:\/\/www.tabakversand.ch\/wp-content\/uploads\/2023\/06\/gizeh-air-plus-200-filterhuelsen.jpg","datePublished":"2023-06-01T11:03:15+00:00","dateModified":"2025-10-02T09:52:57+00:00","description":"Tubes filtrants Gizeh Air Plus 200 pi\u00e8ces | Un tr\u00e8s grand choix de produits du tabac, de cigarettes \u00e9lectroniques et d'accessoires pour fumeurs dans toute la Suisse | Cartes accept\u00e9es !","breadcrumb":{"@id":"https:\/\/www.tabakversand.ch\/produit\/gizeh-air-plus-filterhuelsen-200-stk\/#breadcrumb"},"inLanguage":"fr-FR","potentialAction":[{"@type":"ReadAction","target":["https:\/\/www.tabakversand.ch\/produit\/gizeh-air-plus-filterhuelsen-200-stk\/"]}]},{"@type":"ImageObject","inLanguage":"fr-FR","@id":"https:\/\/www.tabakversand.ch\/produit\/gizeh-air-plus-filterhuelsen-200-stk\/#primaryimage","url":"https:\/\/www.tabakversand.ch\/wp-content\/uploads\/2023\/06\/gizeh-air-plus-200-filterhuelsen.jpg","contentUrl":"https:\/\/www.tabakversand.ch\/wp-content\/uploads\/2023\/06\/gizeh-air-plus-200-filterhuelsen.jpg","width":500,"height":500,"caption":"Manchons filtrants Gizeh Air Plus 200 pi\u00e8ces. | Tabakversand.ch"},{"@type":"BreadcrumbList","@id":"https:\/\/www.tabakversand.ch\/produit\/gizeh-air-plus-filterhuelsen-200-stk\/#breadcrumb","itemListElement":[{"@type":"ListItem","position":1,"name":"Startseite","item":"https:\/\/www.tabakversand.ch\/"},{"@type":"ListItem","position":2,"name":"Boutique","item":"https:\/\/www.tabakversand.ch\/fr\/boutique\/"},{"@type":"ListItem","position":3,"name":"Manchons filtrants Gizeh Air Plus 200 pi\u00e8ces"}]},{"@type":"WebSite","@id":"https:\/\/www.tabakversand.ch\/#website","url":"https:\/\/www.tabakversand.ch\/","name":"Tabakversand.ch | Alles aus der Welt des Tabaks","description":"Smoke and carpe diem","potentialAction":[{"@type":"SearchAction","target":{"@type":"EntryPoint","urlTemplate":"https:\/\/www.tabakversand.ch\/?s={search_term_string}"},"query-input":{"@type":"PropertyValueSpecification","valueRequired":true,"valueName":"search_term_string"}}],"inLanguage":"fr-FR"}]}},"_links":{"self":[{"href":"https:\/\/www.tabakversand.ch\/fr\/wp-json\/wp\/v2\/product\/134966","targetHints":{"allow":["GET"]}}],"collection":[{"href":"https:\/\/www.tabakversand.ch\/fr\/wp-json\/wp\/v2\/product"}],"about":[{"href":"https:\/\/www.tabakversand.ch\/fr\/wp-json\/wp\/v2\/types\/product"}],"version-history":[{"count":2,"href":"https:\/\/www.tabakversand.ch\/fr\/wp-json\/wp\/v2\/product\/134966\/revisions"}],"predecessor-version":[{"id":202354,"href":"https:\/\/www.tabakversand.ch\/fr\/wp-json\/wp\/v2\/product\/134966\/revisions\/202354"}],"wp:featuredmedia":[{"embeddable":true,"href":"https:\/\/www.tabakversand.ch\/fr\/wp-json\/wp\/v2\/media\/134970"}],"wp:attachment":[{"href":"https:\/\/www.tabakversand.ch\/fr\/wp-json\/wp\/v2\/media?parent=134966"}],"wp:term":[{"taxonomy":"product_brand","embeddable":true,"href":"https:\/\/www.tabakversand.ch\/fr\/wp-json\/wp\/v2\/product_brand?post=134966"},{"taxonomy":"product_cat","embeddable":true,"href":"https:\/\/www.tabakversand.ch\/fr\/wp-json\/wp\/v2\/product_cat?post=134966"},{"taxonomy":"product_tag","embeddable":true,"href":"https:\/\/www.tabakversand.ch\/fr\/wp-json\/wp\/v2\/product_tag?post=134966"}],"curies":[{"name":"wp","href":"https:\/\/api.w.org\/{rel}","templated":true}]}}