{"id":134996,"date":"2023-06-01T13:29:31","date_gmt":"2023-06-01T11:29:31","guid":{"rendered":"https:\/\/www.tabakversand.ch\/?post_type=product&#038;p=134996"},"modified":"2026-02-28T12:22:41","modified_gmt":"2026-02-28T11:22:41","slug":"gizeh-fresh-cliq-filter-sleeves-100-pcs","status":"publish","type":"product","link":"https:\/\/www.tabakversand.ch\/fr\/produit\/gizeh-fresh-cliq-filter-sleeves-100-pcs\/","title":{"rendered":"Tubes filtrants Gizeh Fresh Cliq 100 pcs."},"content":{"rendered":"<p>Tubes filtrants Gizeh Fresh Cliq<\/p>\n<p>100 pi\u00e8ces<\/p>\n<p>La sp\u00e9cialit\u00e9 de ce tube filtrant est une petite capsule dans le filtre, qui d\u00e9gage son ar\u00f4me de menthe fra\u00eeche en un clic. Gr\u00e2ce \u00e0 la solution de capsule innovante, l&rsquo;utilisateur active lui-m\u00eame l&rsquo;ar\u00f4me exactement quand il le souhaite. Pour ce faire, le filtre est press\u00e9 une fois avec le pouce et l&rsquo;index sur le marquage. La capsule s&rsquo;ouvre alors avec un l\u00e9ger clic et lib\u00e8re l&rsquo;ar\u00f4me.<\/p>\n<p>Filtre avec capsule fra\u00eecheur<\/p>\n<p>Tous les prix s&rsquo;appliquent uniquement aux commandes en ligne et incluent la TVA. TVA, sous r\u00e9serve de modifications plus Exp\u00e9dition. Sous r\u00e9serve d&rsquo;erreurs, de modifications de l&rsquo;\u00e9tendue de la livraison et de la conception, d&rsquo;erreurs d&rsquo;impression et de modifications de prix. Les prix barr\u00e9s sont plut\u00f4t des prix. L&rsquo;illustration peut diff\u00e9rer de l&rsquo;original\/de l&rsquo;\u00e9tendue de la livraison.<br \/>\n*Livraison gratuite pour les commandes sup\u00e9rieures \u00e0 CHF 250.<\/p>\n","protected":false},"excerpt":{"rendered":"<p>Tubes filtrants Gizeh Fresh Cliq 100 pi\u00e8ces La sp\u00e9cialit\u00e9 de ce tube filtrant est une petite capsule dans le filtre, qui d\u00e9gage son ar\u00f4me de menthe fra\u00eeche en un clic. Gr\u00e2ce \u00e0 la solution de capsule innovante, l&rsquo;utilisateur active lui-m\u00eame l&rsquo;ar\u00f4me exactement quand il le souhaite. Pour ce faire, le filtre est press\u00e9 une fois [&hellip;]<\/p>\n","protected":false},"featured_media":135004,"template":"","meta":[],"product_brand":[1564],"product_cat":[1961,1956],"product_tag":[],"class_list":{"0":"post-134996","1":"product","2":"type-product","3":"status-publish","4":"has-post-thumbnail","6":"product_brand-gizeh","7":"product_cat-cigarettes-self-made-fr-2","8":"product_cat-dosettes-de-cigarettes","10":"first","11":"onbackorder","12":"purchasable","13":"product-type-variable"},"yoast_head":"<!-- This site is optimized with the Yoast SEO plugin v27.0 - https:\/\/yoast.com\/product\/yoast-seo-wordpress\/ -->\n<title>Tubes filtrants Gizeh Fresh Cliq 100 pcs. tabakversand.ch<\/title>\n<meta name=\"description\" content=\"Tubes filtrants Gizeh Fresh Cliq 100 pcs. | Un tr\u00e8s grand choix de produits du tabac, e-smoke et ustensiles pour fumer dans toute la Suisse | Cartes accept\u00e9es !\" \/>\n<meta name=\"robots\" content=\"index, follow, max-snippet:-1, max-image-preview:large, max-video-preview:-1\" \/>\n<link rel=\"canonical\" href=\"https:\/\/www.tabakversand.ch\/produit\/gizeh-fresh-cliq-filterhuelsen-100-stk\/\" \/>\n<meta property=\"og:locale\" content=\"fr_FR\" \/>\n<meta property=\"og:type\" content=\"article\" \/>\n<meta property=\"og:title\" content=\"Tubes filtrants Gizeh Fresh Cliq 100 pcs. tabakversand.ch\" \/>\n<meta property=\"og:description\" content=\"Tubes filtrants Gizeh Fresh Cliq 100 pcs. | Un tr\u00e8s grand choix de produits du tabac, e-smoke et ustensiles pour fumer dans toute la Suisse | Cartes accept\u00e9es !\" \/>\n<meta property=\"og:url\" content=\"https:\/\/www.tabakversand.ch\/produit\/gizeh-fresh-cliq-filterhuelsen-100-stk\/\" \/>\n<meta property=\"og:site_name\" content=\"Tabakversand.ch | Alles aus der Welt des Tabaks\" \/>\n<meta property=\"article:modified_time\" content=\"2026-02-28T11:22:41+00:00\" \/>\n<meta property=\"og:image\" content=\"https:\/\/www.tabakversand.ch\/wp-content\/uploads\/2023\/06\/gizeh-fresh-cliq-100-filterhuelsen.jpg\" \/>\n\t<meta property=\"og:image:width\" content=\"500\" \/>\n\t<meta property=\"og:image:height\" content=\"500\" \/>\n\t<meta property=\"og:image:type\" content=\"image\/jpeg\" \/>\n<meta name=\"twitter:card\" content=\"summary_large_image\" \/>\n<meta name=\"twitter:label1\" content=\"Dur\u00e9e de lecture estim\u00e9e\" \/>\n\t<meta name=\"twitter:data1\" content=\"1 minute\" \/>\n<script type=\"application\/ld+json\" class=\"yoast-schema-graph\">{\"@context\":\"https:\/\/schema.org\",\"@graph\":[{\"@type\":\"WebPage\",\"@id\":\"https:\/\/www.tabakversand.ch\/produit\/gizeh-fresh-cliq-filterhuelsen-100-stk\/\",\"url\":\"https:\/\/www.tabakversand.ch\/produit\/gizeh-fresh-cliq-filterhuelsen-100-stk\/\",\"name\":\"Tubes filtrants Gizeh Fresh Cliq 100 pcs. tabakversand.ch\",\"isPartOf\":{\"@id\":\"https:\/\/www.tabakversand.ch\/#website\"},\"primaryImageOfPage\":{\"@id\":\"https:\/\/www.tabakversand.ch\/produit\/gizeh-fresh-cliq-filterhuelsen-100-stk\/#primaryimage\"},\"image\":{\"@id\":\"https:\/\/www.tabakversand.ch\/produit\/gizeh-fresh-cliq-filterhuelsen-100-stk\/#primaryimage\"},\"thumbnailUrl\":\"https:\/\/www.tabakversand.ch\/wp-content\/uploads\/2023\/06\/gizeh-fresh-cliq-100-filterhuelsen.jpg\",\"datePublished\":\"2023-06-01T11:29:31+00:00\",\"dateModified\":\"2026-02-28T11:22:41+00:00\",\"description\":\"Tubes filtrants Gizeh Fresh Cliq 100 pcs. | Un tr\u00e8s grand choix de produits du tabac, e-smoke et ustensiles pour fumer dans toute la Suisse | Cartes accept\u00e9es !\",\"breadcrumb\":{\"@id\":\"https:\/\/www.tabakversand.ch\/produit\/gizeh-fresh-cliq-filterhuelsen-100-stk\/#breadcrumb\"},\"inLanguage\":\"fr-FR\",\"potentialAction\":[{\"@type\":\"ReadAction\",\"target\":[\"https:\/\/www.tabakversand.ch\/produit\/gizeh-fresh-cliq-filterhuelsen-100-stk\/\"]}]},{\"@type\":\"ImageObject\",\"inLanguage\":\"fr-FR\",\"@id\":\"https:\/\/www.tabakversand.ch\/produit\/gizeh-fresh-cliq-filterhuelsen-100-stk\/#primaryimage\",\"url\":\"https:\/\/www.tabakversand.ch\/wp-content\/uploads\/2023\/06\/gizeh-fresh-cliq-100-filterhuelsen.jpg\",\"contentUrl\":\"https:\/\/www.tabakversand.ch\/wp-content\/uploads\/2023\/06\/gizeh-fresh-cliq-100-filterhuelsen.jpg\",\"width\":500,\"height\":500,\"caption\":\"Tubes filtrants Gizeh Fresh Cliq 100 pcs. | Tabakversand.ch\"},{\"@type\":\"BreadcrumbList\",\"@id\":\"https:\/\/www.tabakversand.ch\/produit\/gizeh-fresh-cliq-filterhuelsen-100-stk\/#breadcrumb\",\"itemListElement\":[{\"@type\":\"ListItem\",\"position\":1,\"name\":\"Startseite\",\"item\":\"https:\/\/www.tabakversand.ch\/\"},{\"@type\":\"ListItem\",\"position\":2,\"name\":\"Boutique\",\"item\":\"https:\/\/www.tabakversand.ch\/fr\/boutique\/\"},{\"@type\":\"ListItem\",\"position\":3,\"name\":\"Tubes filtrants Gizeh Fresh Cliq 100 pcs.\"}]},{\"@type\":\"WebSite\",\"@id\":\"https:\/\/www.tabakversand.ch\/#website\",\"url\":\"https:\/\/www.tabakversand.ch\/\",\"name\":\"Tabakversand.ch | Alles aus der Welt des Tabaks\",\"description\":\"Smoke and carpe diem\",\"potentialAction\":[{\"@type\":\"SearchAction\",\"target\":{\"@type\":\"EntryPoint\",\"urlTemplate\":\"https:\/\/www.tabakversand.ch\/?s={search_term_string}\"},\"query-input\":{\"@type\":\"PropertyValueSpecification\",\"valueRequired\":true,\"valueName\":\"search_term_string\"}}],\"inLanguage\":\"fr-FR\"}]}<\/script>\n<!-- \/ Yoast SEO plugin. -->","yoast_head_json":{"title":"Tubes filtrants Gizeh Fresh Cliq 100 pcs. tabakversand.ch","description":"Tubes filtrants Gizeh Fresh Cliq 100 pcs. | Un tr\u00e8s grand choix de produits du tabac, e-smoke et ustensiles pour fumer dans toute la Suisse | Cartes accept\u00e9es !","robots":{"index":"index","follow":"follow","max-snippet":"max-snippet:-1","max-image-preview":"max-image-preview:large","max-video-preview":"max-video-preview:-1"},"canonical":"https:\/\/www.tabakversand.ch\/produit\/gizeh-fresh-cliq-filterhuelsen-100-stk\/","og_locale":"fr_FR","og_type":"article","og_title":"Tubes filtrants Gizeh Fresh Cliq 100 pcs. tabakversand.ch","og_description":"Tubes filtrants Gizeh Fresh Cliq 100 pcs. | Un tr\u00e8s grand choix de produits du tabac, e-smoke et ustensiles pour fumer dans toute la Suisse | Cartes accept\u00e9es !","og_url":"https:\/\/www.tabakversand.ch\/produit\/gizeh-fresh-cliq-filterhuelsen-100-stk\/","og_site_name":"Tabakversand.ch | Alles aus der Welt des Tabaks","article_modified_time":"2026-02-28T11:22:41+00:00","og_image":[{"width":500,"height":500,"url":"https:\/\/www.tabakversand.ch\/wp-content\/uploads\/2023\/06\/gizeh-fresh-cliq-100-filterhuelsen.jpg","type":"image\/jpeg"}],"twitter_card":"summary_large_image","twitter_misc":{"Dur\u00e9e de lecture estim\u00e9e":"1 minute"},"schema":{"@context":"https:\/\/schema.org","@graph":[{"@type":"WebPage","@id":"https:\/\/www.tabakversand.ch\/produit\/gizeh-fresh-cliq-filterhuelsen-100-stk\/","url":"https:\/\/www.tabakversand.ch\/produit\/gizeh-fresh-cliq-filterhuelsen-100-stk\/","name":"Tubes filtrants Gizeh Fresh Cliq 100 pcs. tabakversand.ch","isPartOf":{"@id":"https:\/\/www.tabakversand.ch\/#website"},"primaryImageOfPage":{"@id":"https:\/\/www.tabakversand.ch\/produit\/gizeh-fresh-cliq-filterhuelsen-100-stk\/#primaryimage"},"image":{"@id":"https:\/\/www.tabakversand.ch\/produit\/gizeh-fresh-cliq-filterhuelsen-100-stk\/#primaryimage"},"thumbnailUrl":"https:\/\/www.tabakversand.ch\/wp-content\/uploads\/2023\/06\/gizeh-fresh-cliq-100-filterhuelsen.jpg","datePublished":"2023-06-01T11:29:31+00:00","dateModified":"2026-02-28T11:22:41+00:00","description":"Tubes filtrants Gizeh Fresh Cliq 100 pcs. | Un tr\u00e8s grand choix de produits du tabac, e-smoke et ustensiles pour fumer dans toute la Suisse | Cartes accept\u00e9es !","breadcrumb":{"@id":"https:\/\/www.tabakversand.ch\/produit\/gizeh-fresh-cliq-filterhuelsen-100-stk\/#breadcrumb"},"inLanguage":"fr-FR","potentialAction":[{"@type":"ReadAction","target":["https:\/\/www.tabakversand.ch\/produit\/gizeh-fresh-cliq-filterhuelsen-100-stk\/"]}]},{"@type":"ImageObject","inLanguage":"fr-FR","@id":"https:\/\/www.tabakversand.ch\/produit\/gizeh-fresh-cliq-filterhuelsen-100-stk\/#primaryimage","url":"https:\/\/www.tabakversand.ch\/wp-content\/uploads\/2023\/06\/gizeh-fresh-cliq-100-filterhuelsen.jpg","contentUrl":"https:\/\/www.tabakversand.ch\/wp-content\/uploads\/2023\/06\/gizeh-fresh-cliq-100-filterhuelsen.jpg","width":500,"height":500,"caption":"Tubes filtrants Gizeh Fresh Cliq 100 pcs. | Tabakversand.ch"},{"@type":"BreadcrumbList","@id":"https:\/\/www.tabakversand.ch\/produit\/gizeh-fresh-cliq-filterhuelsen-100-stk\/#breadcrumb","itemListElement":[{"@type":"ListItem","position":1,"name":"Startseite","item":"https:\/\/www.tabakversand.ch\/"},{"@type":"ListItem","position":2,"name":"Boutique","item":"https:\/\/www.tabakversand.ch\/fr\/boutique\/"},{"@type":"ListItem","position":3,"name":"Tubes filtrants Gizeh Fresh Cliq 100 pcs."}]},{"@type":"WebSite","@id":"https:\/\/www.tabakversand.ch\/#website","url":"https:\/\/www.tabakversand.ch\/","name":"Tabakversand.ch | Alles aus der Welt des Tabaks","description":"Smoke and carpe diem","potentialAction":[{"@type":"SearchAction","target":{"@type":"EntryPoint","urlTemplate":"https:\/\/www.tabakversand.ch\/?s={search_term_string}"},"query-input":{"@type":"PropertyValueSpecification","valueRequired":true,"valueName":"search_term_string"}}],"inLanguage":"fr-FR"}]}},"_links":{"self":[{"href":"https:\/\/www.tabakversand.ch\/fr\/wp-json\/wp\/v2\/product\/134996","targetHints":{"allow":["GET"]}}],"collection":[{"href":"https:\/\/www.tabakversand.ch\/fr\/wp-json\/wp\/v2\/product"}],"about":[{"href":"https:\/\/www.tabakversand.ch\/fr\/wp-json\/wp\/v2\/types\/product"}],"version-history":[{"count":1,"href":"https:\/\/www.tabakversand.ch\/fr\/wp-json\/wp\/v2\/product\/134996\/revisions"}],"predecessor-version":[{"id":188936,"href":"https:\/\/www.tabakversand.ch\/fr\/wp-json\/wp\/v2\/product\/134996\/revisions\/188936"}],"wp:featuredmedia":[{"embeddable":true,"href":"https:\/\/www.tabakversand.ch\/fr\/wp-json\/wp\/v2\/media\/135004"}],"wp:attachment":[{"href":"https:\/\/www.tabakversand.ch\/fr\/wp-json\/wp\/v2\/media?parent=134996"}],"wp:term":[{"taxonomy":"product_brand","embeddable":true,"href":"https:\/\/www.tabakversand.ch\/fr\/wp-json\/wp\/v2\/product_brand?post=134996"},{"taxonomy":"product_cat","embeddable":true,"href":"https:\/\/www.tabakversand.ch\/fr\/wp-json\/wp\/v2\/product_cat?post=134996"},{"taxonomy":"product_tag","embeddable":true,"href":"https:\/\/www.tabakversand.ch\/fr\/wp-json\/wp\/v2\/product_tag?post=134996"}],"curies":[{"name":"wp","href":"https:\/\/api.w.org\/{rel}","templated":true}]}}