{"id":135012,"date":"2023-06-01T13:35:31","date_gmt":"2023-06-01T11:35:31","guid":{"rendered":"https:\/\/www.tabakversand.ch\/?post_type=product&#038;p=135012"},"modified":"2025-01-17T10:34:08","modified_gmt":"2025-01-17T09:34:08","slug":"gizeh-menthol-manchons-extra-filtres-200-pcs","status":"publish","type":"product","link":"https:\/\/www.tabakversand.ch\/fr\/produit\/gizeh-menthol-manchons-extra-filtres-200-pcs\/","title":{"rendered":"Tubes filtrants Gizeh Menthol Extra 200 pcs."},"content":{"rendered":"<p>Tubes filtrants Gizeh Menthol Extra 200 pcs.<\/p>\n<p>5 x 200 pi\u00e8ces.<\/p>\n<p>Le manchon filtrant GIZEH Menthol EXTRA avec filtre extra long est unique. L&rsquo;ar\u00f4me de menthol donne le go\u00fbt frais et en m\u00eame temps le filtre extra-long dans le manchon filtrant offre des \u00e9conomies de tabac de plus de dix pour cent par rapport aux manchons filtrants standard &#8211; en fonction des habitudes de tabac et de bourrage. L&#8217;emballage est envelopp\u00e9 de cellophane pour une protection optimale des ar\u00f4mes et contient 200 manchons filtrants.<\/p>\n<p>filtre menthol\u00e9<\/p>\n<p>Tous les prix s&rsquo;appliquent uniquement aux commandes en ligne et incluent la TVA et sont sujets \u00e0 changement plus les frais d&rsquo;exp\u00e9dition. Sous r\u00e9serve d&rsquo;erreurs, de modifications de l&rsquo;\u00e9tendue de la livraison et de la conception, d&rsquo;erreurs d&rsquo;impression et de modifications de prix. Les prix barr\u00e9s sont plut\u00f4t des prix. L&rsquo;illustration peut diff\u00e9rer de l&rsquo;original\/de l&rsquo;\u00e9tendue de la livraison. *Livraison gratuite pour les commandes sup\u00e9rieures \u00e0 CHF 250.     <\/p>\n","protected":false},"excerpt":{"rendered":"<p>Tubes filtrants Gizeh Menthol Extra 200 pcs. 5 x 200 pi\u00e8ces. Le manchon filtrant GIZEH Menthol EXTRA avec filtre extra long est unique. L&rsquo;ar\u00f4me de menthol donne le go\u00fbt frais et en m\u00eame temps le filtre extra-long dans le manchon filtrant offre des \u00e9conomies de tabac de plus de dix pour cent par rapport aux [&hellip;]<\/p>\n","protected":false},"featured_media":135016,"template":"","meta":[],"product_brand":[1564],"product_cat":[1961,1956],"product_tag":[],"class_list":{"0":"post-135012","1":"product","2":"type-product","3":"status-publish","4":"has-post-thumbnail","6":"product_brand-gizeh","7":"product_cat-cigarettes-self-made-fr-2","8":"product_cat-dosettes-de-cigarettes","10":"first","11":"onbackorder","12":"purchasable","13":"product-type-simple"},"yoast_head":"<!-- This site is optimized with the Yoast SEO plugin v27.0 - https:\/\/yoast.com\/product\/yoast-seo-wordpress\/ -->\n<title>Tubes filtrants Gizeh Menthol Extra 200 pcs. tabakversand.ch<\/title>\n<meta name=\"description\" content=\"Tubes filtrants Gizeh Menthol Extra 200 pcs. | Un tr\u00e8s grand choix de produits du tabac, e-smoke et ustensiles pour fumer dans toute la Suisse | Cartes accept\u00e9es !\" \/>\n<meta name=\"robots\" content=\"index, follow, max-snippet:-1, max-image-preview:large, max-video-preview:-1\" \/>\n<link rel=\"canonical\" href=\"https:\/\/www.tabakversand.ch\/produit\/gizeh-menthol-extra-filterhuelsen-200-stk\/\" \/>\n<meta property=\"og:locale\" content=\"fr_FR\" \/>\n<meta property=\"og:type\" content=\"article\" \/>\n<meta property=\"og:title\" content=\"Tubes filtrants Gizeh Menthol Extra 200 pcs. tabakversand.ch\" \/>\n<meta property=\"og:description\" content=\"Tubes filtrants Gizeh Menthol Extra 200 pcs. | Un tr\u00e8s grand choix de produits du tabac, e-smoke et ustensiles pour fumer dans toute la Suisse | Cartes accept\u00e9es !\" \/>\n<meta property=\"og:url\" content=\"https:\/\/www.tabakversand.ch\/produit\/gizeh-menthol-extra-filterhuelsen-200-stk\/\" \/>\n<meta property=\"og:site_name\" content=\"Tabakversand.ch | Alles aus der Welt des Tabaks\" \/>\n<meta property=\"article:modified_time\" content=\"2025-01-17T09:34:08+00:00\" \/>\n<meta property=\"og:image\" content=\"https:\/\/www.tabakversand.ch\/wp-content\/uploads\/2023\/06\/gizeh-menthol-extra-200-filterhuelsen_1.jpg\" \/>\n\t<meta property=\"og:image:width\" content=\"500\" \/>\n\t<meta property=\"og:image:height\" content=\"500\" \/>\n\t<meta property=\"og:image:type\" content=\"image\/jpeg\" \/>\n<meta name=\"twitter:card\" content=\"summary_large_image\" \/>\n<meta name=\"twitter:label1\" content=\"Dur\u00e9e de lecture estim\u00e9e\" \/>\n\t<meta name=\"twitter:data1\" content=\"1 minute\" \/>\n<script type=\"application\/ld+json\" class=\"yoast-schema-graph\">{\"@context\":\"https:\/\/schema.org\",\"@graph\":[{\"@type\":\"WebPage\",\"@id\":\"https:\/\/www.tabakversand.ch\/produit\/gizeh-menthol-extra-filterhuelsen-200-stk\/\",\"url\":\"https:\/\/www.tabakversand.ch\/produit\/gizeh-menthol-extra-filterhuelsen-200-stk\/\",\"name\":\"Tubes filtrants Gizeh Menthol Extra 200 pcs. tabakversand.ch\",\"isPartOf\":{\"@id\":\"https:\/\/www.tabakversand.ch\/#website\"},\"primaryImageOfPage\":{\"@id\":\"https:\/\/www.tabakversand.ch\/produit\/gizeh-menthol-extra-filterhuelsen-200-stk\/#primaryimage\"},\"image\":{\"@id\":\"https:\/\/www.tabakversand.ch\/produit\/gizeh-menthol-extra-filterhuelsen-200-stk\/#primaryimage\"},\"thumbnailUrl\":\"https:\/\/www.tabakversand.ch\/wp-content\/uploads\/2023\/06\/gizeh-menthol-extra-200-filterhuelsen_1.jpg\",\"datePublished\":\"2023-06-01T11:35:31+00:00\",\"dateModified\":\"2025-01-17T09:34:08+00:00\",\"description\":\"Tubes filtrants Gizeh Menthol Extra 200 pcs. | Un tr\u00e8s grand choix de produits du tabac, e-smoke et ustensiles pour fumer dans toute la Suisse | Cartes accept\u00e9es !\",\"breadcrumb\":{\"@id\":\"https:\/\/www.tabakversand.ch\/produit\/gizeh-menthol-extra-filterhuelsen-200-stk\/#breadcrumb\"},\"inLanguage\":\"fr-FR\",\"potentialAction\":[{\"@type\":\"ReadAction\",\"target\":[\"https:\/\/www.tabakversand.ch\/produit\/gizeh-menthol-extra-filterhuelsen-200-stk\/\"]}]},{\"@type\":\"ImageObject\",\"inLanguage\":\"fr-FR\",\"@id\":\"https:\/\/www.tabakversand.ch\/produit\/gizeh-menthol-extra-filterhuelsen-200-stk\/#primaryimage\",\"url\":\"https:\/\/www.tabakversand.ch\/wp-content\/uploads\/2023\/06\/gizeh-menthol-extra-200-filterhuelsen_1.jpg\",\"contentUrl\":\"https:\/\/www.tabakversand.ch\/wp-content\/uploads\/2023\/06\/gizeh-menthol-extra-200-filterhuelsen_1.jpg\",\"width\":500,\"height\":500,\"caption\":\"Gizeh Menthol Extra Filterh\u00fclsen 200 Stk.\"},{\"@type\":\"BreadcrumbList\",\"@id\":\"https:\/\/www.tabakversand.ch\/produit\/gizeh-menthol-extra-filterhuelsen-200-stk\/#breadcrumb\",\"itemListElement\":[{\"@type\":\"ListItem\",\"position\":1,\"name\":\"Startseite\",\"item\":\"https:\/\/www.tabakversand.ch\/\"},{\"@type\":\"ListItem\",\"position\":2,\"name\":\"Boutique\",\"item\":\"https:\/\/www.tabakversand.ch\/fr\/boutique\/\"},{\"@type\":\"ListItem\",\"position\":3,\"name\":\"Tubes filtrants Gizeh Menthol Extra 200 pcs.\"}]},{\"@type\":\"WebSite\",\"@id\":\"https:\/\/www.tabakversand.ch\/#website\",\"url\":\"https:\/\/www.tabakversand.ch\/\",\"name\":\"Tabakversand.ch | Alles aus der Welt des Tabaks\",\"description\":\"Smoke and carpe diem\",\"potentialAction\":[{\"@type\":\"SearchAction\",\"target\":{\"@type\":\"EntryPoint\",\"urlTemplate\":\"https:\/\/www.tabakversand.ch\/?s={search_term_string}\"},\"query-input\":{\"@type\":\"PropertyValueSpecification\",\"valueRequired\":true,\"valueName\":\"search_term_string\"}}],\"inLanguage\":\"fr-FR\"}]}<\/script>\n<!-- \/ Yoast SEO plugin. -->","yoast_head_json":{"title":"Tubes filtrants Gizeh Menthol Extra 200 pcs. tabakversand.ch","description":"Tubes filtrants Gizeh Menthol Extra 200 pcs. | Un tr\u00e8s grand choix de produits du tabac, e-smoke et ustensiles pour fumer dans toute la Suisse | Cartes accept\u00e9es !","robots":{"index":"index","follow":"follow","max-snippet":"max-snippet:-1","max-image-preview":"max-image-preview:large","max-video-preview":"max-video-preview:-1"},"canonical":"https:\/\/www.tabakversand.ch\/produit\/gizeh-menthol-extra-filterhuelsen-200-stk\/","og_locale":"fr_FR","og_type":"article","og_title":"Tubes filtrants Gizeh Menthol Extra 200 pcs. tabakversand.ch","og_description":"Tubes filtrants Gizeh Menthol Extra 200 pcs. | Un tr\u00e8s grand choix de produits du tabac, e-smoke et ustensiles pour fumer dans toute la Suisse | Cartes accept\u00e9es !","og_url":"https:\/\/www.tabakversand.ch\/produit\/gizeh-menthol-extra-filterhuelsen-200-stk\/","og_site_name":"Tabakversand.ch | Alles aus der Welt des Tabaks","article_modified_time":"2025-01-17T09:34:08+00:00","og_image":[{"width":500,"height":500,"url":"https:\/\/www.tabakversand.ch\/wp-content\/uploads\/2023\/06\/gizeh-menthol-extra-200-filterhuelsen_1.jpg","type":"image\/jpeg"}],"twitter_card":"summary_large_image","twitter_misc":{"Dur\u00e9e de lecture estim\u00e9e":"1 minute"},"schema":{"@context":"https:\/\/schema.org","@graph":[{"@type":"WebPage","@id":"https:\/\/www.tabakversand.ch\/produit\/gizeh-menthol-extra-filterhuelsen-200-stk\/","url":"https:\/\/www.tabakversand.ch\/produit\/gizeh-menthol-extra-filterhuelsen-200-stk\/","name":"Tubes filtrants Gizeh Menthol Extra 200 pcs. tabakversand.ch","isPartOf":{"@id":"https:\/\/www.tabakversand.ch\/#website"},"primaryImageOfPage":{"@id":"https:\/\/www.tabakversand.ch\/produit\/gizeh-menthol-extra-filterhuelsen-200-stk\/#primaryimage"},"image":{"@id":"https:\/\/www.tabakversand.ch\/produit\/gizeh-menthol-extra-filterhuelsen-200-stk\/#primaryimage"},"thumbnailUrl":"https:\/\/www.tabakversand.ch\/wp-content\/uploads\/2023\/06\/gizeh-menthol-extra-200-filterhuelsen_1.jpg","datePublished":"2023-06-01T11:35:31+00:00","dateModified":"2025-01-17T09:34:08+00:00","description":"Tubes filtrants Gizeh Menthol Extra 200 pcs. | Un tr\u00e8s grand choix de produits du tabac, e-smoke et ustensiles pour fumer dans toute la Suisse | Cartes accept\u00e9es !","breadcrumb":{"@id":"https:\/\/www.tabakversand.ch\/produit\/gizeh-menthol-extra-filterhuelsen-200-stk\/#breadcrumb"},"inLanguage":"fr-FR","potentialAction":[{"@type":"ReadAction","target":["https:\/\/www.tabakversand.ch\/produit\/gizeh-menthol-extra-filterhuelsen-200-stk\/"]}]},{"@type":"ImageObject","inLanguage":"fr-FR","@id":"https:\/\/www.tabakversand.ch\/produit\/gizeh-menthol-extra-filterhuelsen-200-stk\/#primaryimage","url":"https:\/\/www.tabakversand.ch\/wp-content\/uploads\/2023\/06\/gizeh-menthol-extra-200-filterhuelsen_1.jpg","contentUrl":"https:\/\/www.tabakversand.ch\/wp-content\/uploads\/2023\/06\/gizeh-menthol-extra-200-filterhuelsen_1.jpg","width":500,"height":500,"caption":"Gizeh Menthol Extra Filterh\u00fclsen 200 Stk."},{"@type":"BreadcrumbList","@id":"https:\/\/www.tabakversand.ch\/produit\/gizeh-menthol-extra-filterhuelsen-200-stk\/#breadcrumb","itemListElement":[{"@type":"ListItem","position":1,"name":"Startseite","item":"https:\/\/www.tabakversand.ch\/"},{"@type":"ListItem","position":2,"name":"Boutique","item":"https:\/\/www.tabakversand.ch\/fr\/boutique\/"},{"@type":"ListItem","position":3,"name":"Tubes filtrants Gizeh Menthol Extra 200 pcs."}]},{"@type":"WebSite","@id":"https:\/\/www.tabakversand.ch\/#website","url":"https:\/\/www.tabakversand.ch\/","name":"Tabakversand.ch | Alles aus der Welt des Tabaks","description":"Smoke and carpe diem","potentialAction":[{"@type":"SearchAction","target":{"@type":"EntryPoint","urlTemplate":"https:\/\/www.tabakversand.ch\/?s={search_term_string}"},"query-input":{"@type":"PropertyValueSpecification","valueRequired":true,"valueName":"search_term_string"}}],"inLanguage":"fr-FR"}]}},"_links":{"self":[{"href":"https:\/\/www.tabakversand.ch\/fr\/wp-json\/wp\/v2\/product\/135012","targetHints":{"allow":["GET"]}}],"collection":[{"href":"https:\/\/www.tabakversand.ch\/fr\/wp-json\/wp\/v2\/product"}],"about":[{"href":"https:\/\/www.tabakversand.ch\/fr\/wp-json\/wp\/v2\/types\/product"}],"version-history":[{"count":1,"href":"https:\/\/www.tabakversand.ch\/fr\/wp-json\/wp\/v2\/product\/135012\/revisions"}],"predecessor-version":[{"id":165943,"href":"https:\/\/www.tabakversand.ch\/fr\/wp-json\/wp\/v2\/product\/135012\/revisions\/165943"}],"wp:featuredmedia":[{"embeddable":true,"href":"https:\/\/www.tabakversand.ch\/fr\/wp-json\/wp\/v2\/media\/135016"}],"wp:attachment":[{"href":"https:\/\/www.tabakversand.ch\/fr\/wp-json\/wp\/v2\/media?parent=135012"}],"wp:term":[{"taxonomy":"product_brand","embeddable":true,"href":"https:\/\/www.tabakversand.ch\/fr\/wp-json\/wp\/v2\/product_brand?post=135012"},{"taxonomy":"product_cat","embeddable":true,"href":"https:\/\/www.tabakversand.ch\/fr\/wp-json\/wp\/v2\/product_cat?post=135012"},{"taxonomy":"product_tag","embeddable":true,"href":"https:\/\/www.tabakversand.ch\/fr\/wp-json\/wp\/v2\/product_tag?post=135012"}],"curies":[{"name":"wp","href":"https:\/\/api.w.org\/{rel}","templated":true}]}}