{"id":135145,"date":"2023-06-03T12:03:16","date_gmt":"2023-06-03T10:03:16","guid":{"rendered":"https:\/\/www.tabakversand.ch\/?post_type=product&#038;p=135145"},"modified":"2026-01-22T08:09:05","modified_gmt":"2026-01-22T07:09:05","slug":"gizeh-filtre-actif-conique-10-pcs","status":"publish","type":"product","link":"https:\/\/www.tabakversand.ch\/fr\/produit\/gizeh-filtre-actif-conique-10-pcs\/","title":{"rendered":"Filtre actif Gizeh conique 10 x 10 pi\u00e8ces."},"content":{"rendered":"<p>Filtre actif Gizeh conique 10 x 10 pi\u00e8ces.<\/p>\n<p>La solution id\u00e9ale pour vos moments king-size : Les filtres actifs de forme conique (6-7 mm de diam\u00e8tre) ont \u00e9t\u00e9 sp\u00e9cialement d\u00e9velopp\u00e9s pour le plaisir king-size. La conception conique emp\u00eache de glisser lors de la rotation. Le charbon actif nettoy\u00e9 \u00e0 l&rsquo;int\u00e9rieur du filtre est produit \u00e0 partir de coques de noix de coco &#8211; une mati\u00e8re premi\u00e8re renouvelable &#8211; et assure un go\u00fbt doux. Les capuchons en c\u00e9ramique aux deux extr\u00e9mit\u00e9s ont chacun sept trous pour un flux d&rsquo;air optimal. Y a-t-il quelque chose de mieux que d&rsquo;avoir trouv\u00e9 la coupe parfaite ? Cela vaut aussi bien pour le Tinder Match que pour la sneaker de r\u00eave. Et maintenant aussi pour nos filtres actifs. Ils sont \u00e9galement disponibles en forme conique depuis la mi-juillet. Conique &#8211; cela vous semble bizarre&nbsp;? Cela signifie simplement : le filtre se r\u00e9tr\u00e9cit vers le bas et se place donc parfaitement dans votre sac. Ainsi, non seulement il ressemble \u00e0 un petit sac, mais il s&rsquo;int\u00e8gre parfaitement. Mais ce n&rsquo;est pas tout! De plus, il y a bien s\u00fbr les avantages \u00e9prouv\u00e9s du filtre actif GIZEH :<\/p>\n<p>Le charbon actif nettoy\u00e9 \u00e0 l&rsquo;int\u00e9rieur du filtre est fabriqu\u00e9 \u00e0 partir de coques de noix de coco &#8211; une mati\u00e8re premi\u00e8re renouvelable qui assure un go\u00fbt particuli\u00e8rement doux lors du fumage !<\/p>\n<p>Conseil de pro&nbsp;: pour obtenir le meilleur effet tourbillonnant, agitez doucement avant utilisation et soufflez.<\/p>\n<p>Les bouchons en c\u00e9ramique de haute qualit\u00e9, chacun avec sept trous des deux c\u00f4t\u00e9s, assurent \u00e9galement un tirage parfait et une r\u00e9sistance id\u00e9ale \u00e0 l&rsquo;arrachement.<\/p>\n<p>Et comme toujours : les filtres actifs GIZEH filtrent beaucoup, mais pas le plaisir ! Et pour que vous ayez toujours vos filtres actifs coniques avec vous en parfait \u00e9tat et \u00e0 port\u00e9e de main, le pack de 10 a une fermeture magn\u00e9tique pratique. Cela vous permet de les refermer encore et encore et de prot\u00e9ger parfaitement les filtres. Id\u00e9al pour les d\u00e9placements. Donc, dans l&rsquo;ensemble, un match parfait!<\/p>\n<p>Tous les prix s&rsquo;appliquent uniquement aux commandes en ligne et incluent la TVA. Sous r\u00e9serve de modifications sans pr\u00e9avis, frais de livraison en sus. Sous r\u00e9serve d&rsquo;erreurs, de modifications de contenu de livraison et de conception, de fautes d&rsquo;impression et de modifications de prix. Les prix barr\u00e9s sont des prix de remplacement. Les illustrations peuvent diff\u00e9rer de l&rsquo;original\/du contenu de livraison.<br \/>\n*Livraison gratuite pour les commandes sup\u00e9rieures \u00e0 CHF 250.-.<\/p>\n","protected":false},"excerpt":{"rendered":"<p>Filtre actif Gizeh conique 10 x 10 pi\u00e8ces. La solution id\u00e9ale pour vos moments king-size : Les filtres actifs de forme conique (6-7 mm de diam\u00e8tre) ont \u00e9t\u00e9 sp\u00e9cialement d\u00e9velopp\u00e9s pour le plaisir king-size. La conception conique emp\u00eache de glisser lors de la rotation. Le charbon actif nettoy\u00e9 \u00e0 l&rsquo;int\u00e9rieur du filtre est produit \u00e0 [&hellip;]<\/p>\n","protected":false},"featured_media":135149,"template":"","meta":[],"product_brand":[1564],"product_cat":[3219,1961,1995,3231,5177,2014],"product_tag":[],"class_list":{"0":"post-135145","1":"product","2":"type-product","3":"status-publish","4":"has-post-thumbnail","6":"product_brand-gizeh","7":"product_cat-boutique-de-tete","8":"product_cat-cigarettes-self-made-fr-2","9":"product_cat-divers-headshop","10":"product_cat-filtre","11":"product_cat-filtre-a-charbon-actif","12":"product_cat-filtres-a-cigarettes","14":"first","15":"onbackorder","16":"purchasable","17":"product-type-simple"},"yoast_head":"<!-- This site is optimized with the Yoast SEO plugin v27.5 - https:\/\/yoast.com\/product\/yoast-seo-wordpress\/ -->\n<title>Filtre actif Gizeh conique 10 x 10 pi\u00e8ces. tabakversand.ch<\/title>\n<meta name=\"description\" content=\"Filtre actif Gizeh conique 10 x 10 pi\u00e8ces. | Un tr\u00e8s grand choix de produits du tabac, e-smoke et ustensiles pour fumer dans toute la Suisse | Cartes accept\u00e9es !\" \/>\n<meta name=\"robots\" content=\"index, follow, max-snippet:-1, max-image-preview:large, max-video-preview:-1\" \/>\n<link rel=\"canonical\" href=\"https:\/\/www.tabakversand.ch\/produit\/gizeh-active-filter-konisch-10-x-10stk\/\" \/>\n<meta property=\"og:locale\" content=\"fr_FR\" \/>\n<meta property=\"og:type\" content=\"article\" \/>\n<meta property=\"og:title\" content=\"Filtre actif Gizeh conique 10 x 10 pi\u00e8ces. tabakversand.ch\" \/>\n<meta property=\"og:description\" content=\"Filtre actif Gizeh conique 10 x 10 pi\u00e8ces. | Un tr\u00e8s grand choix de produits du tabac, e-smoke et ustensiles pour fumer dans toute la Suisse | Cartes accept\u00e9es !\" \/>\n<meta property=\"og:url\" content=\"https:\/\/www.tabakversand.ch\/produit\/gizeh-active-filter-konisch-10-x-10stk\/\" \/>\n<meta property=\"og:site_name\" content=\"Tabakversand.ch | Alles aus der Welt des Tabaks\" \/>\n<meta property=\"article:modified_time\" content=\"2026-01-22T07:09:05+00:00\" \/>\n<meta property=\"og:image\" content=\"https:\/\/www.tabakversand.ch\/wp-content\/uploads\/2023\/06\/gizeh-aktive-filter-konisch.jpg\" \/>\n\t<meta property=\"og:image:width\" content=\"500\" \/>\n\t<meta property=\"og:image:height\" content=\"500\" \/>\n\t<meta property=\"og:image:type\" content=\"image\/jpeg\" \/>\n<meta name=\"twitter:card\" content=\"summary_large_image\" \/>\n<meta name=\"twitter:label1\" content=\"Dur\u00e9e de lecture estim\u00e9e\" \/>\n\t<meta name=\"twitter:data1\" content=\"2 minutes\" \/>\n<script type=\"application\/ld+json\" class=\"yoast-schema-graph\">{\"@context\":\"https:\\\/\\\/schema.org\",\"@graph\":[{\"@type\":\"WebPage\",\"@id\":\"https:\\\/\\\/www.tabakversand.ch\\\/produit\\\/gizeh-active-filter-konisch-10-x-10stk\\\/\",\"url\":\"https:\\\/\\\/www.tabakversand.ch\\\/produit\\\/gizeh-active-filter-konisch-10-x-10stk\\\/\",\"name\":\"Filtre actif Gizeh conique 10 x 10 pi\u00e8ces. tabakversand.ch\",\"isPartOf\":{\"@id\":\"https:\\\/\\\/www.tabakversand.ch\\\/#website\"},\"primaryImageOfPage\":{\"@id\":\"https:\\\/\\\/www.tabakversand.ch\\\/produit\\\/gizeh-active-filter-konisch-10-x-10stk\\\/#primaryimage\"},\"image\":{\"@id\":\"https:\\\/\\\/www.tabakversand.ch\\\/produit\\\/gizeh-active-filter-konisch-10-x-10stk\\\/#primaryimage\"},\"thumbnailUrl\":\"https:\\\/\\\/www.tabakversand.ch\\\/wp-content\\\/uploads\\\/2023\\\/06\\\/gizeh-aktive-filter-konisch.jpg\",\"datePublished\":\"2023-06-03T10:03:16+00:00\",\"dateModified\":\"2026-01-22T07:09:05+00:00\",\"description\":\"Filtre actif Gizeh conique 10 x 10 pi\u00e8ces. | Un tr\u00e8s grand choix de produits du tabac, e-smoke et ustensiles pour fumer dans toute la Suisse | Cartes accept\u00e9es !\",\"breadcrumb\":{\"@id\":\"https:\\\/\\\/www.tabakversand.ch\\\/produit\\\/gizeh-active-filter-konisch-10-x-10stk\\\/#breadcrumb\"},\"inLanguage\":\"fr-FR\",\"potentialAction\":[{\"@type\":\"ReadAction\",\"target\":[\"https:\\\/\\\/www.tabakversand.ch\\\/produit\\\/gizeh-active-filter-konisch-10-x-10stk\\\/\"]}]},{\"@type\":\"ImageObject\",\"inLanguage\":\"fr-FR\",\"@id\":\"https:\\\/\\\/www.tabakversand.ch\\\/produit\\\/gizeh-active-filter-konisch-10-x-10stk\\\/#primaryimage\",\"url\":\"https:\\\/\\\/www.tabakversand.ch\\\/wp-content\\\/uploads\\\/2023\\\/06\\\/gizeh-aktive-filter-konisch.jpg\",\"contentUrl\":\"https:\\\/\\\/www.tabakversand.ch\\\/wp-content\\\/uploads\\\/2023\\\/06\\\/gizeh-aktive-filter-konisch.jpg\",\"width\":500,\"height\":500,\"caption\":\"Gizeh Filtre Actif Conique 10 pcs. | Tabakversand.ch\"},{\"@type\":\"BreadcrumbList\",\"@id\":\"https:\\\/\\\/www.tabakversand.ch\\\/produit\\\/gizeh-active-filter-konisch-10-x-10stk\\\/#breadcrumb\",\"itemListElement\":[{\"@type\":\"ListItem\",\"position\":1,\"name\":\"Startseite\",\"item\":\"https:\\\/\\\/www.tabakversand.ch\\\/\"},{\"@type\":\"ListItem\",\"position\":2,\"name\":\"Boutique\",\"item\":\"https:\\\/\\\/www.tabakversand.ch\\\/fr\\\/boutique\\\/\"},{\"@type\":\"ListItem\",\"position\":3,\"name\":\"Filtre actif Gizeh conique 10 x 10 pi\u00e8ces.\"}]},{\"@type\":\"WebSite\",\"@id\":\"https:\\\/\\\/www.tabakversand.ch\\\/#website\",\"url\":\"https:\\\/\\\/www.tabakversand.ch\\\/\",\"name\":\"Tabakversand.ch | Alles aus der Welt des Tabaks\",\"description\":\"Smoke and carpe diem\",\"potentialAction\":[{\"@type\":\"SearchAction\",\"target\":{\"@type\":\"EntryPoint\",\"urlTemplate\":\"https:\\\/\\\/www.tabakversand.ch\\\/?s={search_term_string}\"},\"query-input\":{\"@type\":\"PropertyValueSpecification\",\"valueRequired\":true,\"valueName\":\"search_term_string\"}}],\"inLanguage\":\"fr-FR\"}]}<\/script>\n<!-- \/ Yoast SEO plugin. -->","yoast_head_json":{"title":"Filtre actif Gizeh conique 10 x 10 pi\u00e8ces. tabakversand.ch","description":"Filtre actif Gizeh conique 10 x 10 pi\u00e8ces. | Un tr\u00e8s grand choix de produits du tabac, e-smoke et ustensiles pour fumer dans toute la Suisse | Cartes accept\u00e9es !","robots":{"index":"index","follow":"follow","max-snippet":"max-snippet:-1","max-image-preview":"max-image-preview:large","max-video-preview":"max-video-preview:-1"},"canonical":"https:\/\/www.tabakversand.ch\/produit\/gizeh-active-filter-konisch-10-x-10stk\/","og_locale":"fr_FR","og_type":"article","og_title":"Filtre actif Gizeh conique 10 x 10 pi\u00e8ces. tabakversand.ch","og_description":"Filtre actif Gizeh conique 10 x 10 pi\u00e8ces. | Un tr\u00e8s grand choix de produits du tabac, e-smoke et ustensiles pour fumer dans toute la Suisse | Cartes accept\u00e9es !","og_url":"https:\/\/www.tabakversand.ch\/produit\/gizeh-active-filter-konisch-10-x-10stk\/","og_site_name":"Tabakversand.ch | Alles aus der Welt des Tabaks","article_modified_time":"2026-01-22T07:09:05+00:00","og_image":[{"width":500,"height":500,"url":"https:\/\/www.tabakversand.ch\/wp-content\/uploads\/2023\/06\/gizeh-aktive-filter-konisch.jpg","type":"image\/jpeg"}],"twitter_card":"summary_large_image","twitter_misc":{"Dur\u00e9e de lecture estim\u00e9e":"2 minutes"},"schema":{"@context":"https:\/\/schema.org","@graph":[{"@type":"WebPage","@id":"https:\/\/www.tabakversand.ch\/produit\/gizeh-active-filter-konisch-10-x-10stk\/","url":"https:\/\/www.tabakversand.ch\/produit\/gizeh-active-filter-konisch-10-x-10stk\/","name":"Filtre actif Gizeh conique 10 x 10 pi\u00e8ces. tabakversand.ch","isPartOf":{"@id":"https:\/\/www.tabakversand.ch\/#website"},"primaryImageOfPage":{"@id":"https:\/\/www.tabakversand.ch\/produit\/gizeh-active-filter-konisch-10-x-10stk\/#primaryimage"},"image":{"@id":"https:\/\/www.tabakversand.ch\/produit\/gizeh-active-filter-konisch-10-x-10stk\/#primaryimage"},"thumbnailUrl":"https:\/\/www.tabakversand.ch\/wp-content\/uploads\/2023\/06\/gizeh-aktive-filter-konisch.jpg","datePublished":"2023-06-03T10:03:16+00:00","dateModified":"2026-01-22T07:09:05+00:00","description":"Filtre actif Gizeh conique 10 x 10 pi\u00e8ces. | Un tr\u00e8s grand choix de produits du tabac, e-smoke et ustensiles pour fumer dans toute la Suisse | Cartes accept\u00e9es !","breadcrumb":{"@id":"https:\/\/www.tabakversand.ch\/produit\/gizeh-active-filter-konisch-10-x-10stk\/#breadcrumb"},"inLanguage":"fr-FR","potentialAction":[{"@type":"ReadAction","target":["https:\/\/www.tabakversand.ch\/produit\/gizeh-active-filter-konisch-10-x-10stk\/"]}]},{"@type":"ImageObject","inLanguage":"fr-FR","@id":"https:\/\/www.tabakversand.ch\/produit\/gizeh-active-filter-konisch-10-x-10stk\/#primaryimage","url":"https:\/\/www.tabakversand.ch\/wp-content\/uploads\/2023\/06\/gizeh-aktive-filter-konisch.jpg","contentUrl":"https:\/\/www.tabakversand.ch\/wp-content\/uploads\/2023\/06\/gizeh-aktive-filter-konisch.jpg","width":500,"height":500,"caption":"Gizeh Filtre Actif Conique 10 pcs. | Tabakversand.ch"},{"@type":"BreadcrumbList","@id":"https:\/\/www.tabakversand.ch\/produit\/gizeh-active-filter-konisch-10-x-10stk\/#breadcrumb","itemListElement":[{"@type":"ListItem","position":1,"name":"Startseite","item":"https:\/\/www.tabakversand.ch\/"},{"@type":"ListItem","position":2,"name":"Boutique","item":"https:\/\/www.tabakversand.ch\/fr\/boutique\/"},{"@type":"ListItem","position":3,"name":"Filtre actif Gizeh conique 10 x 10 pi\u00e8ces."}]},{"@type":"WebSite","@id":"https:\/\/www.tabakversand.ch\/#website","url":"https:\/\/www.tabakversand.ch\/","name":"Tabakversand.ch | Alles aus der Welt des Tabaks","description":"Smoke and carpe diem","potentialAction":[{"@type":"SearchAction","target":{"@type":"EntryPoint","urlTemplate":"https:\/\/www.tabakversand.ch\/?s={search_term_string}"},"query-input":{"@type":"PropertyValueSpecification","valueRequired":true,"valueName":"search_term_string"}}],"inLanguage":"fr-FR"}]}},"_links":{"self":[{"href":"https:\/\/www.tabakversand.ch\/fr\/wp-json\/wp\/v2\/product\/135145","targetHints":{"allow":["GET"]}}],"collection":[{"href":"https:\/\/www.tabakversand.ch\/fr\/wp-json\/wp\/v2\/product"}],"about":[{"href":"https:\/\/www.tabakversand.ch\/fr\/wp-json\/wp\/v2\/types\/product"}],"version-history":[{"count":4,"href":"https:\/\/www.tabakversand.ch\/fr\/wp-json\/wp\/v2\/product\/135145\/revisions"}],"predecessor-version":[{"id":206638,"href":"https:\/\/www.tabakversand.ch\/fr\/wp-json\/wp\/v2\/product\/135145\/revisions\/206638"}],"wp:featuredmedia":[{"embeddable":true,"href":"https:\/\/www.tabakversand.ch\/fr\/wp-json\/wp\/v2\/media\/135149"}],"wp:attachment":[{"href":"https:\/\/www.tabakversand.ch\/fr\/wp-json\/wp\/v2\/media?parent=135145"}],"wp:term":[{"taxonomy":"product_brand","embeddable":true,"href":"https:\/\/www.tabakversand.ch\/fr\/wp-json\/wp\/v2\/product_brand?post=135145"},{"taxonomy":"product_cat","embeddable":true,"href":"https:\/\/www.tabakversand.ch\/fr\/wp-json\/wp\/v2\/product_cat?post=135145"},{"taxonomy":"product_tag","embeddable":true,"href":"https:\/\/www.tabakversand.ch\/fr\/wp-json\/wp\/v2\/product_tag?post=135145"}],"curies":[{"name":"wp","href":"https:\/\/api.w.org\/{rel}","templated":true}]}}