{"id":135350,"date":"2023-06-09T13:54:45","date_gmt":"2023-06-09T11:54:45","guid":{"rendered":"https:\/\/www.tabakversand.ch\/?post_type=product&#038;p=135350"},"modified":"2025-02-09T06:09:19","modified_gmt":"2025-02-09T05:09:19","slug":"onegree-secure-box-aluminium-anthracite","status":"publish","type":"product","link":"https:\/\/www.tabakversand.ch\/fr\/produit\/onegree-secure-box-aluminium-anthracite\/","title":{"rendered":"OneGree Secure Box Aluminium Anthracite"},"content":{"rendered":"<p>OneGree Secure Box Aluminium Anthracite<\/p>\n<p>La Secure Box a \u00e9t\u00e9 \u00e9valu\u00e9e par les clients avec le plus haut standard de qualit\u00e9. Des rev\u00eatements sp\u00e9ciaux garantissent que les normes m\u00e9dicales sont respect\u00e9es et respect\u00e9es. OneGee est synonyme de produits et services discrets qui augmentent la s\u00e9curit\u00e9 des consommateurs.<br \/>\n La livraison a lieu dans un emballage neutre et n&rsquo;est r\u00e9serv\u00e9e qu&rsquo;aux clients \u00e2g\u00e9s de plus de 18 ans.<\/p>\n<p>taille d&rsquo;une carte de cr\u00e9dit<\/p>\n<p>Seulement 5,4 mm<\/p>\n<p>14 compartiments avec tube int\u00e9gr\u00e9<\/p>\n<p>Couvercle Secure Lock et curseur Secure Lock<\/p>\n<p>Frais\u00e9 \u00e0 partir d&rsquo;une seule pi\u00e8ce d&rsquo;aluminium avec une surface antibact\u00e9rienne<\/p>\n<p>Contenu de l&#8217;emballage :<\/p>\n<p>1 pi\u00e8ces. bo\u00eete s\u00e9curis\u00e9e<\/p>\n<p>2 pi\u00e8ces. tubes de carbone<\/p>\n<p>1 pi\u00e8ces. Cuill\u00e8re pour remplir les fentes<\/p>\n<p>2 pi\u00e8ces. Cartes en miroir<\/p>\n<p>1 pi\u00e8ces. Emballage de haute qualit\u00e9 dans une pochette en soie<\/p>\n<p>Tous les prix s&rsquo;appliquent uniquement aux commandes en ligne et incluent la TVA. TVA, sous r\u00e9serve de modifications plus Exp\u00e9dition. Sous r\u00e9serve d&rsquo;erreurs, de modifications de l&rsquo;\u00e9tendue de la livraison et de la conception, d&rsquo;erreurs d&rsquo;impression et de modifications de prix. Les prix barr\u00e9s sont plut\u00f4t des prix. L&rsquo;illustration peut diff\u00e9rer de l&rsquo;original\/de l&rsquo;\u00e9tendue de la livraison.<br \/>\n*Livraison gratuite pour les commandes sup\u00e9rieures \u00e0 CHF 250.<\/p>\n","protected":false},"excerpt":{"rendered":"<p>OneGree Secure Box Aluminium Anthracite La Secure Box a \u00e9t\u00e9 \u00e9valu\u00e9e par les clients avec le plus haut standard de qualit\u00e9. Des rev\u00eatements sp\u00e9ciaux garantissent que les normes m\u00e9dicales sont respect\u00e9es et respect\u00e9es. OneGee est synonyme de produits et services discrets qui augmentent la s\u00e9curit\u00e9 des consommateurs. La livraison a lieu dans un emballage neutre [&hellip;]<\/p>\n","protected":false},"featured_media":135354,"template":"","meta":[],"product_brand":[],"product_cat":[2109,3219,1995,3241,1951],"product_tag":[],"class_list":{"0":"post-135350","1":"product","2":"type-product","3":"status-publish","4":"has-post-thumbnail","6":"product_cat-accessoires-de-tabac-a-priser","7":"product_cat-boutique-de-tete","8":"product_cat-divers-headshop","9":"product_cat-tabac-a-priser","10":"product_cat-tabac-a-priser-et-accessoires","12":"first","13":"onbackorder","14":"purchasable","15":"product-type-simple"},"yoast_head":"<!-- This site is optimized with the Yoast SEO plugin v27.0 - https:\/\/yoast.com\/product\/yoast-seo-wordpress\/ -->\n<title>OneGree Secure Box Aluminium Anthracite - tabakversand.ch<\/title>\n<meta name=\"description\" content=\"OneGree Secure Box Aluminium Anthracite | Un tr\u00e8s grand choix de produits du tabac, e-smoke et ustensiles pour fumer dans toute la Suisse | Cartes accept\u00e9es !\" \/>\n<meta name=\"robots\" content=\"index, follow, max-snippet:-1, max-image-preview:large, max-video-preview:-1\" \/>\n<link rel=\"canonical\" href=\"https:\/\/www.tabakversand.ch\/fr\/produit\/onegree-secure-box-aluminium-anthracite\/\" \/>\n<meta property=\"og:locale\" content=\"fr_FR\" \/>\n<meta property=\"og:type\" content=\"article\" \/>\n<meta property=\"og:title\" content=\"OneGree Secure Box Aluminium Anthracite - tabakversand.ch\" \/>\n<meta property=\"og:description\" content=\"OneGree Secure Box Aluminium Anthracite | Un tr\u00e8s grand choix de produits du tabac, e-smoke et ustensiles pour fumer dans toute la Suisse | Cartes accept\u00e9es !\" \/>\n<meta property=\"og:url\" content=\"https:\/\/www.tabakversand.ch\/fr\/produit\/onegree-secure-box-aluminium-anthracite\/\" \/>\n<meta property=\"og:site_name\" content=\"Tabakversand.ch | Alles aus der Welt des Tabaks\" \/>\n<meta property=\"article:modified_time\" content=\"2025-02-09T05:09:19+00:00\" \/>\n<meta property=\"og:image\" content=\"https:\/\/www.tabakversand.ch\/wp-content\/uploads\/2023\/06\/one-gree-secure-box.jpg\" \/>\n\t<meta property=\"og:image:width\" content=\"500\" \/>\n\t<meta property=\"og:image:height\" content=\"500\" \/>\n\t<meta property=\"og:image:type\" content=\"image\/jpeg\" \/>\n<meta name=\"twitter:card\" content=\"summary_large_image\" \/>\n<meta name=\"twitter:label1\" content=\"Dur\u00e9e de lecture estim\u00e9e\" \/>\n\t<meta name=\"twitter:data1\" content=\"1 minute\" \/>\n<script type=\"application\/ld+json\" class=\"yoast-schema-graph\">{\"@context\":\"https:\/\/schema.org\",\"@graph\":[{\"@type\":\"WebPage\",\"@id\":\"https:\/\/www.tabakversand.ch\/fr\/produit\/onegree-secure-box-aluminium-anthracite\/\",\"url\":\"https:\/\/www.tabakversand.ch\/fr\/produit\/onegree-secure-box-aluminium-anthracite\/\",\"name\":\"OneGree Secure Box Aluminium Anthracite - tabakversand.ch\",\"isPartOf\":{\"@id\":\"https:\/\/www.tabakversand.ch\/#website\"},\"primaryImageOfPage\":{\"@id\":\"https:\/\/www.tabakversand.ch\/fr\/produit\/onegree-secure-box-aluminium-anthracite\/#primaryimage\"},\"image\":{\"@id\":\"https:\/\/www.tabakversand.ch\/fr\/produit\/onegree-secure-box-aluminium-anthracite\/#primaryimage\"},\"thumbnailUrl\":\"https:\/\/www.tabakversand.ch\/wp-content\/uploads\/2023\/06\/one-gree-secure-box.jpg\",\"datePublished\":\"2023-06-09T11:54:45+00:00\",\"dateModified\":\"2025-02-09T05:09:19+00:00\",\"description\":\"OneGree Secure Box Aluminium Anthracite | Un tr\u00e8s grand choix de produits du tabac, e-smoke et ustensiles pour fumer dans toute la Suisse | Cartes accept\u00e9es !\",\"breadcrumb\":{\"@id\":\"https:\/\/www.tabakversand.ch\/fr\/produit\/onegree-secure-box-aluminium-anthracite\/#breadcrumb\"},\"inLanguage\":\"fr-FR\",\"potentialAction\":[{\"@type\":\"ReadAction\",\"target\":[\"https:\/\/www.tabakversand.ch\/fr\/produit\/onegree-secure-box-aluminium-anthracite\/\"]}]},{\"@type\":\"ImageObject\",\"inLanguage\":\"fr-FR\",\"@id\":\"https:\/\/www.tabakversand.ch\/fr\/produit\/onegree-secure-box-aluminium-anthracite\/#primaryimage\",\"url\":\"https:\/\/www.tabakversand.ch\/wp-content\/uploads\/2023\/06\/one-gree-secure-box.jpg\",\"contentUrl\":\"https:\/\/www.tabakversand.ch\/wp-content\/uploads\/2023\/06\/one-gree-secure-box.jpg\",\"width\":500,\"height\":500,\"caption\":\"OneGree Secure Box Aluminium Anthracite\"},{\"@type\":\"BreadcrumbList\",\"@id\":\"https:\/\/www.tabakversand.ch\/fr\/produit\/onegree-secure-box-aluminium-anthracite\/#breadcrumb\",\"itemListElement\":[{\"@type\":\"ListItem\",\"position\":1,\"name\":\"Startseite\",\"item\":\"https:\/\/www.tabakversand.ch\/\"},{\"@type\":\"ListItem\",\"position\":2,\"name\":\"Boutique\",\"item\":\"https:\/\/www.tabakversand.ch\/fr\/boutique\/\"},{\"@type\":\"ListItem\",\"position\":3,\"name\":\"OneGree Secure Box Aluminium Anthracite\"}]},{\"@type\":\"WebSite\",\"@id\":\"https:\/\/www.tabakversand.ch\/#website\",\"url\":\"https:\/\/www.tabakversand.ch\/\",\"name\":\"Tabakversand.ch | Alles aus der Welt des Tabaks\",\"description\":\"Smoke and carpe diem\",\"potentialAction\":[{\"@type\":\"SearchAction\",\"target\":{\"@type\":\"EntryPoint\",\"urlTemplate\":\"https:\/\/www.tabakversand.ch\/?s={search_term_string}\"},\"query-input\":{\"@type\":\"PropertyValueSpecification\",\"valueRequired\":true,\"valueName\":\"search_term_string\"}}],\"inLanguage\":\"fr-FR\"}]}<\/script>\n<!-- \/ Yoast SEO plugin. -->","yoast_head_json":{"title":"OneGree Secure Box Aluminium Anthracite - tabakversand.ch","description":"OneGree Secure Box Aluminium Anthracite | Un tr\u00e8s grand choix de produits du tabac, e-smoke et ustensiles pour fumer dans toute la Suisse | Cartes accept\u00e9es !","robots":{"index":"index","follow":"follow","max-snippet":"max-snippet:-1","max-image-preview":"max-image-preview:large","max-video-preview":"max-video-preview:-1"},"canonical":"https:\/\/www.tabakversand.ch\/fr\/produit\/onegree-secure-box-aluminium-anthracite\/","og_locale":"fr_FR","og_type":"article","og_title":"OneGree Secure Box Aluminium Anthracite - tabakversand.ch","og_description":"OneGree Secure Box Aluminium Anthracite | Un tr\u00e8s grand choix de produits du tabac, e-smoke et ustensiles pour fumer dans toute la Suisse | Cartes accept\u00e9es !","og_url":"https:\/\/www.tabakversand.ch\/fr\/produit\/onegree-secure-box-aluminium-anthracite\/","og_site_name":"Tabakversand.ch | Alles aus der Welt des Tabaks","article_modified_time":"2025-02-09T05:09:19+00:00","og_image":[{"width":500,"height":500,"url":"https:\/\/www.tabakversand.ch\/wp-content\/uploads\/2023\/06\/one-gree-secure-box.jpg","type":"image\/jpeg"}],"twitter_card":"summary_large_image","twitter_misc":{"Dur\u00e9e de lecture estim\u00e9e":"1 minute"},"schema":{"@context":"https:\/\/schema.org","@graph":[{"@type":"WebPage","@id":"https:\/\/www.tabakversand.ch\/fr\/produit\/onegree-secure-box-aluminium-anthracite\/","url":"https:\/\/www.tabakversand.ch\/fr\/produit\/onegree-secure-box-aluminium-anthracite\/","name":"OneGree Secure Box Aluminium Anthracite - tabakversand.ch","isPartOf":{"@id":"https:\/\/www.tabakversand.ch\/#website"},"primaryImageOfPage":{"@id":"https:\/\/www.tabakversand.ch\/fr\/produit\/onegree-secure-box-aluminium-anthracite\/#primaryimage"},"image":{"@id":"https:\/\/www.tabakversand.ch\/fr\/produit\/onegree-secure-box-aluminium-anthracite\/#primaryimage"},"thumbnailUrl":"https:\/\/www.tabakversand.ch\/wp-content\/uploads\/2023\/06\/one-gree-secure-box.jpg","datePublished":"2023-06-09T11:54:45+00:00","dateModified":"2025-02-09T05:09:19+00:00","description":"OneGree Secure Box Aluminium Anthracite | Un tr\u00e8s grand choix de produits du tabac, e-smoke et ustensiles pour fumer dans toute la Suisse | Cartes accept\u00e9es !","breadcrumb":{"@id":"https:\/\/www.tabakversand.ch\/fr\/produit\/onegree-secure-box-aluminium-anthracite\/#breadcrumb"},"inLanguage":"fr-FR","potentialAction":[{"@type":"ReadAction","target":["https:\/\/www.tabakversand.ch\/fr\/produit\/onegree-secure-box-aluminium-anthracite\/"]}]},{"@type":"ImageObject","inLanguage":"fr-FR","@id":"https:\/\/www.tabakversand.ch\/fr\/produit\/onegree-secure-box-aluminium-anthracite\/#primaryimage","url":"https:\/\/www.tabakversand.ch\/wp-content\/uploads\/2023\/06\/one-gree-secure-box.jpg","contentUrl":"https:\/\/www.tabakversand.ch\/wp-content\/uploads\/2023\/06\/one-gree-secure-box.jpg","width":500,"height":500,"caption":"OneGree Secure Box Aluminium Anthracite"},{"@type":"BreadcrumbList","@id":"https:\/\/www.tabakversand.ch\/fr\/produit\/onegree-secure-box-aluminium-anthracite\/#breadcrumb","itemListElement":[{"@type":"ListItem","position":1,"name":"Startseite","item":"https:\/\/www.tabakversand.ch\/"},{"@type":"ListItem","position":2,"name":"Boutique","item":"https:\/\/www.tabakversand.ch\/fr\/boutique\/"},{"@type":"ListItem","position":3,"name":"OneGree Secure Box Aluminium Anthracite"}]},{"@type":"WebSite","@id":"https:\/\/www.tabakversand.ch\/#website","url":"https:\/\/www.tabakversand.ch\/","name":"Tabakversand.ch | Alles aus der Welt des Tabaks","description":"Smoke and carpe diem","potentialAction":[{"@type":"SearchAction","target":{"@type":"EntryPoint","urlTemplate":"https:\/\/www.tabakversand.ch\/?s={search_term_string}"},"query-input":{"@type":"PropertyValueSpecification","valueRequired":true,"valueName":"search_term_string"}}],"inLanguage":"fr-FR"}]}},"_links":{"self":[{"href":"https:\/\/www.tabakversand.ch\/fr\/wp-json\/wp\/v2\/product\/135350","targetHints":{"allow":["GET"]}}],"collection":[{"href":"https:\/\/www.tabakversand.ch\/fr\/wp-json\/wp\/v2\/product"}],"about":[{"href":"https:\/\/www.tabakversand.ch\/fr\/wp-json\/wp\/v2\/types\/product"}],"version-history":[{"count":1,"href":"https:\/\/www.tabakversand.ch\/fr\/wp-json\/wp\/v2\/product\/135350\/revisions"}],"predecessor-version":[{"id":168837,"href":"https:\/\/www.tabakversand.ch\/fr\/wp-json\/wp\/v2\/product\/135350\/revisions\/168837"}],"wp:featuredmedia":[{"embeddable":true,"href":"https:\/\/www.tabakversand.ch\/fr\/wp-json\/wp\/v2\/media\/135354"}],"wp:attachment":[{"href":"https:\/\/www.tabakversand.ch\/fr\/wp-json\/wp\/v2\/media?parent=135350"}],"wp:term":[{"taxonomy":"product_brand","embeddable":true,"href":"https:\/\/www.tabakversand.ch\/fr\/wp-json\/wp\/v2\/product_brand?post=135350"},{"taxonomy":"product_cat","embeddable":true,"href":"https:\/\/www.tabakversand.ch\/fr\/wp-json\/wp\/v2\/product_cat?post=135350"},{"taxonomy":"product_tag","embeddable":true,"href":"https:\/\/www.tabakversand.ch\/fr\/wp-json\/wp\/v2\/product_tag?post=135350"}],"curies":[{"name":"wp","href":"https:\/\/api.w.org\/{rel}","templated":true}]}}