{"id":135441,"date":"2023-06-09T16:07:18","date_gmt":"2023-06-09T14:07:18","guid":{"rendered":"https:\/\/www.tabakversand.ch\/?post_type=product&#038;p=135441"},"modified":"2025-08-20T07:02:21","modified_gmt":"2025-08-20T05:02:21","slug":"187-strassenbande-016-juicy-puzzy-200-gr-shisha-tabac","status":"publish","type":"product","link":"https:\/\/www.tabakversand.ch\/fr\/produit\/187-strassenbande-016-juicy-puzzy-200-gr-shisha-tabac\/","title":{"rendered":"187 Strassenbande #016 Juicy Puzzy 200 gr. Shishatabak"},"content":{"rendered":"<p>187 Strassenbande #016 Juicy Puzzy 200 gr. Shishatabak<\/p>\n<p>1 bo\u00eete de 200 gr.<\/p>\n<p>Blue Lemonade, ou simplement Juicy Puzzy se compose de myrtilles sucr\u00e9es, de miel, d&rsquo;un peu de citron et d&rsquo;un peu de menthe. Un go\u00fbt que vous n&rsquo;oublierez pas de sit\u00f4t&#8230;<\/p>\n<p>Tous les prix s&rsquo;appliquent uniquement aux commandes en ligne et incluent la TVA. Sous r\u00e9serve de modifications sans pr\u00e9avis, frais de livraison en sus. Sous r\u00e9serve d&rsquo;erreurs, de modifications de contenu de livraison et de conception, de fautes d&rsquo;impression et de modifications de prix. Les prix barr\u00e9s sont des prix de remplacement. Les illustrations peuvent diff\u00e9rer de l&rsquo;original\/du contenu de livraison.<br \/>\n*Livraison gratuite pour les commandes sup\u00e9rieures \u00e0 CHF 250.-.<\/p>\n","protected":false},"excerpt":{"rendered":"<p>187 Strassenbande #016 Juicy Puzzy 200 gr. Shishatabak 1 bo\u00eete de 200 gr. Blue Lemonade, ou simplement Juicy Puzzy se compose de myrtilles sucr\u00e9es, de miel, d&rsquo;un peu de citron et d&rsquo;un peu de menthe. Un go\u00fbt que vous n&rsquo;oublierez pas de sit\u00f4t&#8230; Tous les prix s&rsquo;appliquent uniquement aux commandes en ligne et incluent la [&hellip;]<\/p>\n","protected":false},"featured_media":135445,"template":"","meta":[],"product_brand":[3077],"product_cat":[1891,1883,3036,1888,1880,3034],"product_tag":[],"class_list":{"0":"post-135441","1":"product","2":"type-product","3":"status-publish","4":"has-post-thumbnail","6":"product_brand-187-strassenbande","7":"product_cat-narguile","8":"product_cat-tabac-de-narguile-tabac-de-narguile","9":"product_cat-187-gang-de-rue","10":"product_cat-tabac","11":"product_cat-shishatabak-fr","12":"product_cat-187-tabac-a-chicha-des-gangs-de-rue","14":"first","15":"onbackorder","16":"purchasable","17":"product-type-simple"},"yoast_head":"<!-- This site is optimized with the Yoast SEO plugin v27.0 - https:\/\/yoast.com\/product\/yoast-seo-wordpress\/ -->\n<title>187 Strassenbande #016 Juicy Puzzy 200 gr. Shishatabak<\/title>\n<meta name=\"description\" content=\"187 Strassenbande #016 Juicy Puzzy 200 gr. Tabac Chicha | Une s\u00e9lection haut de gamme de produits du tabac, d&#039;e-smoke et d&#039;ustensiles pour fumer dans toute la Suisse | Cartes accept\u00e9es !\" \/>\n<meta name=\"robots\" content=\"index, follow, max-snippet:-1, max-image-preview:large, max-video-preview:-1\" \/>\n<link rel=\"canonical\" href=\"https:\/\/www.tabakversand.ch\/fr\/produit\/187-strassenbande-016-juicy-puzzy-200-gr-shisha-tabac\/\" \/>\n<meta property=\"og:locale\" content=\"fr_FR\" \/>\n<meta property=\"og:type\" content=\"article\" \/>\n<meta property=\"og:title\" content=\"187 Strassenbande #016 Juicy Puzzy 200 gr. Shishatabak\" \/>\n<meta property=\"og:description\" content=\"187 Strassenbande #016 Juicy Puzzy 200 gr. Tabac Chicha | Une s\u00e9lection haut de gamme de produits du tabac, d&#039;e-smoke et d&#039;ustensiles pour fumer dans toute la Suisse | Cartes accept\u00e9es !\" \/>\n<meta property=\"og:url\" content=\"https:\/\/www.tabakversand.ch\/fr\/produit\/187-strassenbande-016-juicy-puzzy-200-gr-shisha-tabac\/\" \/>\n<meta property=\"og:site_name\" content=\"Tabakversand.ch | Alles aus der Welt des Tabaks\" \/>\n<meta property=\"article:modified_time\" content=\"2025-08-20T05:02:21+00:00\" \/>\n<meta property=\"og:image\" content=\"https:\/\/www.tabakversand.ch\/wp-content\/uploads\/2023\/06\/strassenbande-018-juicy-puzzy-200.jpg\" \/>\n\t<meta property=\"og:image:width\" content=\"500\" \/>\n\t<meta property=\"og:image:height\" content=\"500\" \/>\n\t<meta property=\"og:image:type\" content=\"image\/jpeg\" \/>\n<meta name=\"twitter:card\" content=\"summary_large_image\" \/>\n<meta name=\"twitter:label1\" content=\"Dur\u00e9e de lecture estim\u00e9e\" \/>\n\t<meta name=\"twitter:data1\" content=\"1 minute\" \/>\n<script type=\"application\/ld+json\" class=\"yoast-schema-graph\">{\"@context\":\"https:\/\/schema.org\",\"@graph\":[{\"@type\":\"WebPage\",\"@id\":\"https:\/\/www.tabakversand.ch\/fr\/produit\/187-strassenbande-016-juicy-puzzy-200-gr-shisha-tabac\/\",\"url\":\"https:\/\/www.tabakversand.ch\/fr\/produit\/187-strassenbande-016-juicy-puzzy-200-gr-shisha-tabac\/\",\"name\":\"187 Strassenbande #016 Juicy Puzzy 200 gr. Shishatabak\",\"isPartOf\":{\"@id\":\"https:\/\/www.tabakversand.ch\/#website\"},\"primaryImageOfPage\":{\"@id\":\"https:\/\/www.tabakversand.ch\/fr\/produit\/187-strassenbande-016-juicy-puzzy-200-gr-shisha-tabac\/#primaryimage\"},\"image\":{\"@id\":\"https:\/\/www.tabakversand.ch\/fr\/produit\/187-strassenbande-016-juicy-puzzy-200-gr-shisha-tabac\/#primaryimage\"},\"thumbnailUrl\":\"https:\/\/www.tabakversand.ch\/wp-content\/uploads\/2023\/06\/strassenbande-018-juicy-puzzy-200.jpg\",\"datePublished\":\"2023-06-09T14:07:18+00:00\",\"dateModified\":\"2025-08-20T05:02:21+00:00\",\"description\":\"187 Strassenbande #016 Juicy Puzzy 200 gr. Tabac Chicha | Une s\u00e9lection haut de gamme de produits du tabac, d'e-smoke et d'ustensiles pour fumer dans toute la Suisse | Cartes accept\u00e9es !\",\"breadcrumb\":{\"@id\":\"https:\/\/www.tabakversand.ch\/fr\/produit\/187-strassenbande-016-juicy-puzzy-200-gr-shisha-tabac\/#breadcrumb\"},\"inLanguage\":\"fr-FR\",\"potentialAction\":[{\"@type\":\"ReadAction\",\"target\":[\"https:\/\/www.tabakversand.ch\/fr\/produit\/187-strassenbande-016-juicy-puzzy-200-gr-shisha-tabac\/\"]}]},{\"@type\":\"ImageObject\",\"inLanguage\":\"fr-FR\",\"@id\":\"https:\/\/www.tabakversand.ch\/fr\/produit\/187-strassenbande-016-juicy-puzzy-200-gr-shisha-tabac\/#primaryimage\",\"url\":\"https:\/\/www.tabakversand.ch\/wp-content\/uploads\/2023\/06\/strassenbande-018-juicy-puzzy-200.jpg\",\"contentUrl\":\"https:\/\/www.tabakversand.ch\/wp-content\/uploads\/2023\/06\/strassenbande-018-juicy-puzzy-200.jpg\",\"width\":500,\"height\":500,\"caption\":\"187 Strassenbande #016 Juicy Puzzy 200 gr. Tabac \u00e0 chicha | Tabakversand.ch\"},{\"@type\":\"BreadcrumbList\",\"@id\":\"https:\/\/www.tabakversand.ch\/fr\/produit\/187-strassenbande-016-juicy-puzzy-200-gr-shisha-tabac\/#breadcrumb\",\"itemListElement\":[{\"@type\":\"ListItem\",\"position\":1,\"name\":\"Startseite\",\"item\":\"https:\/\/www.tabakversand.ch\/\"},{\"@type\":\"ListItem\",\"position\":2,\"name\":\"Boutique\",\"item\":\"https:\/\/www.tabakversand.ch\/fr\/boutique\/\"},{\"@type\":\"ListItem\",\"position\":3,\"name\":\"187 Strassenbande #016 Juicy Puzzy 200 gr. Shishatabak\"}]},{\"@type\":\"WebSite\",\"@id\":\"https:\/\/www.tabakversand.ch\/#website\",\"url\":\"https:\/\/www.tabakversand.ch\/\",\"name\":\"Tabakversand.ch | Alles aus der Welt des Tabaks\",\"description\":\"Smoke and carpe diem\",\"potentialAction\":[{\"@type\":\"SearchAction\",\"target\":{\"@type\":\"EntryPoint\",\"urlTemplate\":\"https:\/\/www.tabakversand.ch\/?s={search_term_string}\"},\"query-input\":{\"@type\":\"PropertyValueSpecification\",\"valueRequired\":true,\"valueName\":\"search_term_string\"}}],\"inLanguage\":\"fr-FR\"}]}<\/script>\n<!-- \/ Yoast SEO plugin. -->","yoast_head_json":{"title":"187 Strassenbande #016 Juicy Puzzy 200 gr. Shishatabak","description":"187 Strassenbande #016 Juicy Puzzy 200 gr. Tabac Chicha | Une s\u00e9lection haut de gamme de produits du tabac, d'e-smoke et d'ustensiles pour fumer dans toute la Suisse | Cartes accept\u00e9es !","robots":{"index":"index","follow":"follow","max-snippet":"max-snippet:-1","max-image-preview":"max-image-preview:large","max-video-preview":"max-video-preview:-1"},"canonical":"https:\/\/www.tabakversand.ch\/fr\/produit\/187-strassenbande-016-juicy-puzzy-200-gr-shisha-tabac\/","og_locale":"fr_FR","og_type":"article","og_title":"187 Strassenbande #016 Juicy Puzzy 200 gr. Shishatabak","og_description":"187 Strassenbande #016 Juicy Puzzy 200 gr. Tabac Chicha | Une s\u00e9lection haut de gamme de produits du tabac, d'e-smoke et d'ustensiles pour fumer dans toute la Suisse | Cartes accept\u00e9es !","og_url":"https:\/\/www.tabakversand.ch\/fr\/produit\/187-strassenbande-016-juicy-puzzy-200-gr-shisha-tabac\/","og_site_name":"Tabakversand.ch | Alles aus der Welt des Tabaks","article_modified_time":"2025-08-20T05:02:21+00:00","og_image":[{"width":500,"height":500,"url":"https:\/\/www.tabakversand.ch\/wp-content\/uploads\/2023\/06\/strassenbande-018-juicy-puzzy-200.jpg","type":"image\/jpeg"}],"twitter_card":"summary_large_image","twitter_misc":{"Dur\u00e9e de lecture estim\u00e9e":"1 minute"},"schema":{"@context":"https:\/\/schema.org","@graph":[{"@type":"WebPage","@id":"https:\/\/www.tabakversand.ch\/fr\/produit\/187-strassenbande-016-juicy-puzzy-200-gr-shisha-tabac\/","url":"https:\/\/www.tabakversand.ch\/fr\/produit\/187-strassenbande-016-juicy-puzzy-200-gr-shisha-tabac\/","name":"187 Strassenbande #016 Juicy Puzzy 200 gr. Shishatabak","isPartOf":{"@id":"https:\/\/www.tabakversand.ch\/#website"},"primaryImageOfPage":{"@id":"https:\/\/www.tabakversand.ch\/fr\/produit\/187-strassenbande-016-juicy-puzzy-200-gr-shisha-tabac\/#primaryimage"},"image":{"@id":"https:\/\/www.tabakversand.ch\/fr\/produit\/187-strassenbande-016-juicy-puzzy-200-gr-shisha-tabac\/#primaryimage"},"thumbnailUrl":"https:\/\/www.tabakversand.ch\/wp-content\/uploads\/2023\/06\/strassenbande-018-juicy-puzzy-200.jpg","datePublished":"2023-06-09T14:07:18+00:00","dateModified":"2025-08-20T05:02:21+00:00","description":"187 Strassenbande #016 Juicy Puzzy 200 gr. Tabac Chicha | Une s\u00e9lection haut de gamme de produits du tabac, d'e-smoke et d'ustensiles pour fumer dans toute la Suisse | Cartes accept\u00e9es !","breadcrumb":{"@id":"https:\/\/www.tabakversand.ch\/fr\/produit\/187-strassenbande-016-juicy-puzzy-200-gr-shisha-tabac\/#breadcrumb"},"inLanguage":"fr-FR","potentialAction":[{"@type":"ReadAction","target":["https:\/\/www.tabakversand.ch\/fr\/produit\/187-strassenbande-016-juicy-puzzy-200-gr-shisha-tabac\/"]}]},{"@type":"ImageObject","inLanguage":"fr-FR","@id":"https:\/\/www.tabakversand.ch\/fr\/produit\/187-strassenbande-016-juicy-puzzy-200-gr-shisha-tabac\/#primaryimage","url":"https:\/\/www.tabakversand.ch\/wp-content\/uploads\/2023\/06\/strassenbande-018-juicy-puzzy-200.jpg","contentUrl":"https:\/\/www.tabakversand.ch\/wp-content\/uploads\/2023\/06\/strassenbande-018-juicy-puzzy-200.jpg","width":500,"height":500,"caption":"187 Strassenbande #016 Juicy Puzzy 200 gr. Tabac \u00e0 chicha | Tabakversand.ch"},{"@type":"BreadcrumbList","@id":"https:\/\/www.tabakversand.ch\/fr\/produit\/187-strassenbande-016-juicy-puzzy-200-gr-shisha-tabac\/#breadcrumb","itemListElement":[{"@type":"ListItem","position":1,"name":"Startseite","item":"https:\/\/www.tabakversand.ch\/"},{"@type":"ListItem","position":2,"name":"Boutique","item":"https:\/\/www.tabakversand.ch\/fr\/boutique\/"},{"@type":"ListItem","position":3,"name":"187 Strassenbande #016 Juicy Puzzy 200 gr. Shishatabak"}]},{"@type":"WebSite","@id":"https:\/\/www.tabakversand.ch\/#website","url":"https:\/\/www.tabakversand.ch\/","name":"Tabakversand.ch | Alles aus der Welt des Tabaks","description":"Smoke and carpe diem","potentialAction":[{"@type":"SearchAction","target":{"@type":"EntryPoint","urlTemplate":"https:\/\/www.tabakversand.ch\/?s={search_term_string}"},"query-input":{"@type":"PropertyValueSpecification","valueRequired":true,"valueName":"search_term_string"}}],"inLanguage":"fr-FR"}]}},"_links":{"self":[{"href":"https:\/\/www.tabakversand.ch\/fr\/wp-json\/wp\/v2\/product\/135441","targetHints":{"allow":["GET"]}}],"collection":[{"href":"https:\/\/www.tabakversand.ch\/fr\/wp-json\/wp\/v2\/product"}],"about":[{"href":"https:\/\/www.tabakversand.ch\/fr\/wp-json\/wp\/v2\/types\/product"}],"version-history":[{"count":3,"href":"https:\/\/www.tabakversand.ch\/fr\/wp-json\/wp\/v2\/product\/135441\/revisions"}],"predecessor-version":[{"id":194694,"href":"https:\/\/www.tabakversand.ch\/fr\/wp-json\/wp\/v2\/product\/135441\/revisions\/194694"}],"wp:featuredmedia":[{"embeddable":true,"href":"https:\/\/www.tabakversand.ch\/fr\/wp-json\/wp\/v2\/media\/135445"}],"wp:attachment":[{"href":"https:\/\/www.tabakversand.ch\/fr\/wp-json\/wp\/v2\/media?parent=135441"}],"wp:term":[{"taxonomy":"product_brand","embeddable":true,"href":"https:\/\/www.tabakversand.ch\/fr\/wp-json\/wp\/v2\/product_brand?post=135441"},{"taxonomy":"product_cat","embeddable":true,"href":"https:\/\/www.tabakversand.ch\/fr\/wp-json\/wp\/v2\/product_cat?post=135441"},{"taxonomy":"product_tag","embeddable":true,"href":"https:\/\/www.tabakversand.ch\/fr\/wp-json\/wp\/v2\/product_tag?post=135441"}],"curies":[{"name":"wp","href":"https:\/\/api.w.org\/{rel}","templated":true}]}}