{"id":135644,"date":"2023-06-10T13:53:18","date_gmt":"2023-06-10T11:53:18","guid":{"rendered":"https:\/\/www.tabakversand.ch\/?post_type=product&#038;p=135644"},"modified":"2025-12-11T13:14:10","modified_gmt":"2025-12-11T12:14:10","slug":"noble-cbd-mint-all-white-slim-snus-portions","status":"publish","type":"product","link":"https:\/\/www.tabakversand.ch\/fr\/produit\/noble-cbd-mint-all-white-slim-snus-portions\/","title":{"rendered":"Portions Edel CBD Mint All White Slim Snus"},"content":{"rendered":"<p>Portions Edel CBD Mint All White Slim Snus<\/p>\n<p>10 g<\/p>\n<p>Le premier CBD All White Snus au monde d&rsquo;Edelweiss. En plus du coup de pied, la relaxation ne devrait pas manquer. Ce snus ne contient pas de nicotine. Le CBD est au premier plan avec 12mg\/g et assure un repos agr\u00e9able. Tous les snus Edelweiss sont au format slim et tiennent donc sous toutes les l\u00e8vres.<\/p>\n<p>Propri\u00e9t\u00e9s:<\/p>\n<p>Force : 2\/4<\/p>\n<p>Type : Snus tout blanc<\/p>\n<p>Sacs par bo\u00eete : 15 pi\u00e8ces.<\/p>\n<p>Format : pochette fine<\/p>\n<p>Teneur en CBD : 12mg\/g<\/p>\n<p>&nbsp;<\/p>\n<p>&nbsp;<\/p>\n<p>Tous les prix s&rsquo;appliquent uniquement aux commandes en ligne et incluent la TVA. Sous r\u00e9serve de modifications sans pr\u00e9avis, frais de livraison en sus. Sous r\u00e9serve d&rsquo;erreurs, de modifications de contenu de livraison et de conception, de fautes d&rsquo;impression et de modifications de prix. Les prix barr\u00e9s sont des prix de remplacement. Les illustrations peuvent diff\u00e9rer de l&rsquo;original\/du contenu de livraison.<br \/>\n*Livraison gratuite pour les commandes sup\u00e9rieures \u00e0 CHF 250.-.<\/p>\n","protected":false},"excerpt":{"rendered":"<p>Portions Edel CBD Mint All White Slim Snus 10 g Le premier CBD All White Snus au monde d&rsquo;Edelweiss. En plus du coup de pied, la relaxation ne devrait pas manquer. Ce snus ne contient pas de nicotine. Le CBD est au premier plan avec 12mg\/g et assure un repos agr\u00e9able. Tous les snus Edelweiss [&hellip;]<\/p>\n","protected":false},"featured_media":135648,"template":"","meta":[],"product_brand":[],"product_cat":[1888,1903,1900,4564],"product_tag":[],"class_list":{"0":"post-135644","1":"product","2":"type-product","3":"status-publish","4":"has-post-thumbnail","6":"product_cat-tabac","7":"product_cat-tabac-a-macher-snus","8":"product_cat-tabac-a-macher-snus-dans-un-sac","9":"product_cat-snus-en-sachet","11":"first","12":"onbackorder","13":"purchasable","14":"product-type-simple"},"yoast_head":"<!-- This site is optimized with the Yoast SEO plugin v27.0 - https:\/\/yoast.com\/product\/yoast-seo-wordpress\/ -->\n<title>Portions Edel CBD Mint All White Slim Snus - tabakversand.ch<\/title>\n<meta name=\"description\" content=\"Edel CBD Mint All White Slim Snus Portions | Un tr\u00e8s grand choix de produits du tabac, e-smoke et ustensiles pour fumer dans toute la Suisse | Cartes accept\u00e9es !\" \/>\n<meta name=\"robots\" content=\"index, follow, max-snippet:-1, max-image-preview:large, max-video-preview:-1\" \/>\n<link rel=\"canonical\" href=\"https:\/\/www.tabakversand.ch\/fr\/produit\/noble-cbd-mint-all-white-slim-snus-portions\/\" \/>\n<meta property=\"og:locale\" content=\"fr_FR\" \/>\n<meta property=\"og:type\" content=\"article\" \/>\n<meta property=\"og:title\" content=\"Portions Edel CBD Mint All White Slim Snus - tabakversand.ch\" \/>\n<meta property=\"og:description\" content=\"Edel CBD Mint All White Slim Snus Portions | Un tr\u00e8s grand choix de produits du tabac, e-smoke et ustensiles pour fumer dans toute la Suisse | Cartes accept\u00e9es !\" \/>\n<meta property=\"og:url\" content=\"https:\/\/www.tabakversand.ch\/fr\/produit\/noble-cbd-mint-all-white-slim-snus-portions\/\" \/>\n<meta property=\"og:site_name\" content=\"Tabakversand.ch | Alles aus der Welt des Tabaks\" \/>\n<meta property=\"article:modified_time\" content=\"2025-12-11T12:14:10+00:00\" \/>\n<meta property=\"og:image\" content=\"https:\/\/www.tabakversand.ch\/wp-content\/uploads\/2023\/06\/edelweiss-cbd.jpg\" \/>\n\t<meta property=\"og:image:width\" content=\"500\" \/>\n\t<meta property=\"og:image:height\" content=\"500\" \/>\n\t<meta property=\"og:image:type\" content=\"image\/jpeg\" \/>\n<meta name=\"twitter:card\" content=\"summary_large_image\" \/>\n<meta name=\"twitter:label1\" content=\"Dur\u00e9e de lecture estim\u00e9e\" \/>\n\t<meta name=\"twitter:data1\" content=\"1 minute\" \/>\n<script type=\"application\/ld+json\" class=\"yoast-schema-graph\">{\"@context\":\"https:\/\/schema.org\",\"@graph\":[{\"@type\":\"WebPage\",\"@id\":\"https:\/\/www.tabakversand.ch\/fr\/produit\/noble-cbd-mint-all-white-slim-snus-portions\/\",\"url\":\"https:\/\/www.tabakversand.ch\/fr\/produit\/noble-cbd-mint-all-white-slim-snus-portions\/\",\"name\":\"Portions Edel CBD Mint All White Slim Snus - tabakversand.ch\",\"isPartOf\":{\"@id\":\"https:\/\/www.tabakversand.ch\/#website\"},\"primaryImageOfPage\":{\"@id\":\"https:\/\/www.tabakversand.ch\/fr\/produit\/noble-cbd-mint-all-white-slim-snus-portions\/#primaryimage\"},\"image\":{\"@id\":\"https:\/\/www.tabakversand.ch\/fr\/produit\/noble-cbd-mint-all-white-slim-snus-portions\/#primaryimage\"},\"thumbnailUrl\":\"https:\/\/www.tabakversand.ch\/wp-content\/uploads\/2023\/06\/edelweiss-cbd.jpg\",\"datePublished\":\"2023-06-10T11:53:18+00:00\",\"dateModified\":\"2025-12-11T12:14:10+00:00\",\"description\":\"Edel CBD Mint All White Slim Snus Portions | Un tr\u00e8s grand choix de produits du tabac, e-smoke et ustensiles pour fumer dans toute la Suisse | Cartes accept\u00e9es !\",\"breadcrumb\":{\"@id\":\"https:\/\/www.tabakversand.ch\/fr\/produit\/noble-cbd-mint-all-white-slim-snus-portions\/#breadcrumb\"},\"inLanguage\":\"fr-FR\",\"potentialAction\":[{\"@type\":\"ReadAction\",\"target\":[\"https:\/\/www.tabakversand.ch\/fr\/produit\/noble-cbd-mint-all-white-slim-snus-portions\/\"]}]},{\"@type\":\"ImageObject\",\"inLanguage\":\"fr-FR\",\"@id\":\"https:\/\/www.tabakversand.ch\/fr\/produit\/noble-cbd-mint-all-white-slim-snus-portions\/#primaryimage\",\"url\":\"https:\/\/www.tabakversand.ch\/wp-content\/uploads\/2023\/06\/edelweiss-cbd.jpg\",\"contentUrl\":\"https:\/\/www.tabakversand.ch\/wp-content\/uploads\/2023\/06\/edelweiss-cbd.jpg\",\"width\":500,\"height\":500,\"caption\":\"Snus Edel CBD Mint All White Slim en portions | Tabakversand.ch\"},{\"@type\":\"BreadcrumbList\",\"@id\":\"https:\/\/www.tabakversand.ch\/fr\/produit\/noble-cbd-mint-all-white-slim-snus-portions\/#breadcrumb\",\"itemListElement\":[{\"@type\":\"ListItem\",\"position\":1,\"name\":\"Startseite\",\"item\":\"https:\/\/www.tabakversand.ch\/\"},{\"@type\":\"ListItem\",\"position\":2,\"name\":\"Boutique\",\"item\":\"https:\/\/www.tabakversand.ch\/fr\/boutique\/\"},{\"@type\":\"ListItem\",\"position\":3,\"name\":\"Portions Edel CBD Mint All White Slim Snus\"}]},{\"@type\":\"WebSite\",\"@id\":\"https:\/\/www.tabakversand.ch\/#website\",\"url\":\"https:\/\/www.tabakversand.ch\/\",\"name\":\"Tabakversand.ch | Alles aus der Welt des Tabaks\",\"description\":\"Smoke and carpe diem\",\"potentialAction\":[{\"@type\":\"SearchAction\",\"target\":{\"@type\":\"EntryPoint\",\"urlTemplate\":\"https:\/\/www.tabakversand.ch\/?s={search_term_string}\"},\"query-input\":{\"@type\":\"PropertyValueSpecification\",\"valueRequired\":true,\"valueName\":\"search_term_string\"}}],\"inLanguage\":\"fr-FR\"}]}<\/script>\n<!-- \/ Yoast SEO plugin. -->","yoast_head_json":{"title":"Portions Edel CBD Mint All White Slim Snus - tabakversand.ch","description":"Edel CBD Mint All White Slim Snus Portions | Un tr\u00e8s grand choix de produits du tabac, e-smoke et ustensiles pour fumer dans toute la Suisse | Cartes accept\u00e9es !","robots":{"index":"index","follow":"follow","max-snippet":"max-snippet:-1","max-image-preview":"max-image-preview:large","max-video-preview":"max-video-preview:-1"},"canonical":"https:\/\/www.tabakversand.ch\/fr\/produit\/noble-cbd-mint-all-white-slim-snus-portions\/","og_locale":"fr_FR","og_type":"article","og_title":"Portions Edel CBD Mint All White Slim Snus - tabakversand.ch","og_description":"Edel CBD Mint All White Slim Snus Portions | Un tr\u00e8s grand choix de produits du tabac, e-smoke et ustensiles pour fumer dans toute la Suisse | Cartes accept\u00e9es !","og_url":"https:\/\/www.tabakversand.ch\/fr\/produit\/noble-cbd-mint-all-white-slim-snus-portions\/","og_site_name":"Tabakversand.ch | Alles aus der Welt des Tabaks","article_modified_time":"2025-12-11T12:14:10+00:00","og_image":[{"width":500,"height":500,"url":"https:\/\/www.tabakversand.ch\/wp-content\/uploads\/2023\/06\/edelweiss-cbd.jpg","type":"image\/jpeg"}],"twitter_card":"summary_large_image","twitter_misc":{"Dur\u00e9e de lecture estim\u00e9e":"1 minute"},"schema":{"@context":"https:\/\/schema.org","@graph":[{"@type":"WebPage","@id":"https:\/\/www.tabakversand.ch\/fr\/produit\/noble-cbd-mint-all-white-slim-snus-portions\/","url":"https:\/\/www.tabakversand.ch\/fr\/produit\/noble-cbd-mint-all-white-slim-snus-portions\/","name":"Portions Edel CBD Mint All White Slim Snus - tabakversand.ch","isPartOf":{"@id":"https:\/\/www.tabakversand.ch\/#website"},"primaryImageOfPage":{"@id":"https:\/\/www.tabakversand.ch\/fr\/produit\/noble-cbd-mint-all-white-slim-snus-portions\/#primaryimage"},"image":{"@id":"https:\/\/www.tabakversand.ch\/fr\/produit\/noble-cbd-mint-all-white-slim-snus-portions\/#primaryimage"},"thumbnailUrl":"https:\/\/www.tabakversand.ch\/wp-content\/uploads\/2023\/06\/edelweiss-cbd.jpg","datePublished":"2023-06-10T11:53:18+00:00","dateModified":"2025-12-11T12:14:10+00:00","description":"Edel CBD Mint All White Slim Snus Portions | Un tr\u00e8s grand choix de produits du tabac, e-smoke et ustensiles pour fumer dans toute la Suisse | Cartes accept\u00e9es !","breadcrumb":{"@id":"https:\/\/www.tabakversand.ch\/fr\/produit\/noble-cbd-mint-all-white-slim-snus-portions\/#breadcrumb"},"inLanguage":"fr-FR","potentialAction":[{"@type":"ReadAction","target":["https:\/\/www.tabakversand.ch\/fr\/produit\/noble-cbd-mint-all-white-slim-snus-portions\/"]}]},{"@type":"ImageObject","inLanguage":"fr-FR","@id":"https:\/\/www.tabakversand.ch\/fr\/produit\/noble-cbd-mint-all-white-slim-snus-portions\/#primaryimage","url":"https:\/\/www.tabakversand.ch\/wp-content\/uploads\/2023\/06\/edelweiss-cbd.jpg","contentUrl":"https:\/\/www.tabakversand.ch\/wp-content\/uploads\/2023\/06\/edelweiss-cbd.jpg","width":500,"height":500,"caption":"Snus Edel CBD Mint All White Slim en portions | Tabakversand.ch"},{"@type":"BreadcrumbList","@id":"https:\/\/www.tabakversand.ch\/fr\/produit\/noble-cbd-mint-all-white-slim-snus-portions\/#breadcrumb","itemListElement":[{"@type":"ListItem","position":1,"name":"Startseite","item":"https:\/\/www.tabakversand.ch\/"},{"@type":"ListItem","position":2,"name":"Boutique","item":"https:\/\/www.tabakversand.ch\/fr\/boutique\/"},{"@type":"ListItem","position":3,"name":"Portions Edel CBD Mint All White Slim Snus"}]},{"@type":"WebSite","@id":"https:\/\/www.tabakversand.ch\/#website","url":"https:\/\/www.tabakversand.ch\/","name":"Tabakversand.ch | Alles aus der Welt des Tabaks","description":"Smoke and carpe diem","potentialAction":[{"@type":"SearchAction","target":{"@type":"EntryPoint","urlTemplate":"https:\/\/www.tabakversand.ch\/?s={search_term_string}"},"query-input":{"@type":"PropertyValueSpecification","valueRequired":true,"valueName":"search_term_string"}}],"inLanguage":"fr-FR"}]}},"_links":{"self":[{"href":"https:\/\/www.tabakversand.ch\/fr\/wp-json\/wp\/v2\/product\/135644","targetHints":{"allow":["GET"]}}],"collection":[{"href":"https:\/\/www.tabakversand.ch\/fr\/wp-json\/wp\/v2\/product"}],"about":[{"href":"https:\/\/www.tabakversand.ch\/fr\/wp-json\/wp\/v2\/types\/product"}],"version-history":[{"count":3,"href":"https:\/\/www.tabakversand.ch\/fr\/wp-json\/wp\/v2\/product\/135644\/revisions"}],"predecessor-version":[{"id":207574,"href":"https:\/\/www.tabakversand.ch\/fr\/wp-json\/wp\/v2\/product\/135644\/revisions\/207574"}],"wp:featuredmedia":[{"embeddable":true,"href":"https:\/\/www.tabakversand.ch\/fr\/wp-json\/wp\/v2\/media\/135648"}],"wp:attachment":[{"href":"https:\/\/www.tabakversand.ch\/fr\/wp-json\/wp\/v2\/media?parent=135644"}],"wp:term":[{"taxonomy":"product_brand","embeddable":true,"href":"https:\/\/www.tabakversand.ch\/fr\/wp-json\/wp\/v2\/product_brand?post=135644"},{"taxonomy":"product_cat","embeddable":true,"href":"https:\/\/www.tabakversand.ch\/fr\/wp-json\/wp\/v2\/product_cat?post=135644"},{"taxonomy":"product_tag","embeddable":true,"href":"https:\/\/www.tabakversand.ch\/fr\/wp-json\/wp\/v2\/product_tag?post=135644"}],"curies":[{"name":"wp","href":"https:\/\/api.w.org\/{rel}","templated":true}]}}