{"id":135674,"date":"2023-06-13T15:12:58","date_gmt":"2023-06-13T13:12:58","guid":{"rendered":"https:\/\/www.tabakversand.ch\/?post_type=product&#038;p=135674"},"modified":"2023-06-13T16:02:50","modified_gmt":"2023-06-13T14:02:50","slug":"el-loco-el-viudo-cigares-kistli-robustes-18er","status":"publish","type":"product","link":"https:\/\/www.tabakversand.ch\/fr\/produit\/el-loco-el-viudo-cigares-kistli-robustes-18er\/","title":{"rendered":"El Loco El Viudo Robusto Bo\u00eete de 18 Cigares"},"content":{"rendered":"<p>El Loco El Viudo Robusto Bo\u00eete de 18 Cigares<\/p>\n<p>El Loco &#8211; le fou &#8211; repr\u00e9sente les mythes et les traditions du Mexique, comme le Jour des Morts ; ceci est c\u00e9l\u00e9br\u00e9 joyeusement et color\u00e9 au Mexique. Loco, c&rsquo;est aussi le fait que le tabac utilis\u00e9 est ferment\u00e9 plus froid, c&rsquo;est-\u00e0-dire plus lentement, afin d&rsquo;acqu\u00e9rir le plus d&rsquo;ar\u00f4mes possible.<\/p>\n<table width=\"416\">\n<tbody>\n<tr>\n<td>Feuille de couverture&nbsp;:<\/td>\n<td width=\"276\">Criollo 98 Mexique<\/td>\n<\/tr>\n<tr>\n<td>Incruster:<\/td>\n<td width=\"276\">Criollo 98 Mexique, Criollo 98 Nicaragua<\/td>\n<\/tr>\n<tr>\n<td>Format:<\/td>\n<td width=\"276\">Robusto<\/td>\n<\/tr>\n<tr>\n<td>Origine:<\/td>\n<td width=\"276\">Mexique<\/td>\n<\/tr>\n<tr>\n<td>Pouce:<\/td>\n<td width=\"276\">5.25<\/td>\n<\/tr>\n<tr>\n<td>taille de bague:<\/td>\n<td width=\"276\">56<\/td>\n<\/tr>\n<tr>\n<td>classeur:<\/td>\n<td width=\"276\">Criollo 98 Mexique<\/td>\n<\/tr>\n<\/tbody>\n<\/table>\n<p>Tous les prix ne sont valables que pour les commandes en ligne et comprennent La TVA, sont sujettes \u00e0 changement plus la TVA. Frais d\u2019exp\u00e9dition. Erreurs, changements dans l\u2019\u00e9tendue de la livraison et de la conception, erreurs d\u2019impression et changements de prix r\u00e9serv\u00e9s. Les prix barr\u00e9s sont stattpreise. L\u2019illustration peut diff\u00e9rer de l\u2019original \/ de la port\u00e9e de la livraison.<br \/>\n*Livraison gratuite \u00e0 partir de CHF 250.- valeur de la commande.<\/p>\n","protected":false},"excerpt":{"rendered":"<p>El Loco El Viudo Robusto Bo\u00eete de 18 Cigares El Loco &#8211; le fou &#8211; repr\u00e9sente les mythes et les traditions du Mexique, comme le Jour des Morts ; ceci est c\u00e9l\u00e9br\u00e9 joyeusement et color\u00e9 au Mexique. Loco, c&rsquo;est aussi le fait que le tabac utilis\u00e9 est ferment\u00e9 plus froid, c&rsquo;est-\u00e0-dire plus lentement, afin d&rsquo;acqu\u00e9rir [&hellip;]<\/p>\n","protected":false},"featured_media":135680,"template":"","meta":[],"product_brand":[],"product_cat":[1993,3044,3046,1994],"product_tag":[],"class_list":{"0":"post-135674","1":"product","2":"type-product","3":"status-publish","4":"has-post-thumbnail","6":"product_cat-cigares","7":"product_cat-la-locomotive","8":"product_cat-mexique","9":"product_cat-monde-du-cigare","11":"first","12":"onbackorder","13":"purchasable","14":"product-type-simple"},"yoast_head":"<!-- This site is optimized with the Yoast SEO plugin v27.0 - https:\/\/yoast.com\/product\/yoast-seo-wordpress\/ -->\n<title>El Loco El Viudo Robusto Bo\u00eete de 18 Cigares - tabakversand.ch<\/title>\n<meta name=\"description\" content=\"El Loco El Viudo Robusto Bo\u00eete de 18 Cigares | Un tr\u00e8s grand choix de produits du tabac, e-smoke et ustensiles pour fumer dans toute la Suisse | Cartes accept\u00e9es !\" \/>\n<meta name=\"robots\" content=\"index, follow, max-snippet:-1, max-image-preview:large, max-video-preview:-1\" \/>\n<link rel=\"canonical\" href=\"https:\/\/www.tabakversand.ch\/fr\/produit\/el-loco-el-viudo-cigares-kistli-robustes-18er\/\" \/>\n<meta property=\"og:locale\" content=\"fr_FR\" \/>\n<meta property=\"og:type\" content=\"article\" \/>\n<meta property=\"og:title\" content=\"El Loco El Viudo Robusto Bo\u00eete de 18 Cigares - tabakversand.ch\" \/>\n<meta property=\"og:description\" content=\"El Loco El Viudo Robusto Bo\u00eete de 18 Cigares | Un tr\u00e8s grand choix de produits du tabac, e-smoke et ustensiles pour fumer dans toute la Suisse | Cartes accept\u00e9es !\" \/>\n<meta property=\"og:url\" content=\"https:\/\/www.tabakversand.ch\/fr\/produit\/el-loco-el-viudo-cigares-kistli-robustes-18er\/\" \/>\n<meta property=\"og:site_name\" content=\"Tabakversand.ch | Alles aus der Welt des Tabaks\" \/>\n<meta property=\"article:modified_time\" content=\"2023-06-13T14:02:50+00:00\" \/>\n<meta property=\"og:image\" content=\"https:\/\/www.tabakversand.ch\/wp-content\/uploads\/2023\/06\/el-loco-el-viudo-box.jpg\" \/>\n\t<meta property=\"og:image:width\" content=\"500\" \/>\n\t<meta property=\"og:image:height\" content=\"500\" \/>\n\t<meta property=\"og:image:type\" content=\"image\/jpeg\" \/>\n<meta name=\"twitter:card\" content=\"summary_large_image\" \/>\n<meta name=\"twitter:label1\" content=\"Dur\u00e9e de lecture estim\u00e9e\" \/>\n\t<meta name=\"twitter:data1\" content=\"1 minute\" \/>\n<script type=\"application\/ld+json\" class=\"yoast-schema-graph\">{\"@context\":\"https:\/\/schema.org\",\"@graph\":[{\"@type\":\"WebPage\",\"@id\":\"https:\/\/www.tabakversand.ch\/fr\/produit\/el-loco-el-viudo-cigares-kistli-robustes-18er\/\",\"url\":\"https:\/\/www.tabakversand.ch\/fr\/produit\/el-loco-el-viudo-cigares-kistli-robustes-18er\/\",\"name\":\"El Loco El Viudo Robusto Bo\u00eete de 18 Cigares - tabakversand.ch\",\"isPartOf\":{\"@id\":\"https:\/\/www.tabakversand.ch\/#website\"},\"primaryImageOfPage\":{\"@id\":\"https:\/\/www.tabakversand.ch\/fr\/produit\/el-loco-el-viudo-cigares-kistli-robustes-18er\/#primaryimage\"},\"image\":{\"@id\":\"https:\/\/www.tabakversand.ch\/fr\/produit\/el-loco-el-viudo-cigares-kistli-robustes-18er\/#primaryimage\"},\"thumbnailUrl\":\"https:\/\/www.tabakversand.ch\/wp-content\/uploads\/2023\/06\/el-loco-el-viudo-box.jpg\",\"datePublished\":\"2023-06-13T13:12:58+00:00\",\"dateModified\":\"2023-06-13T14:02:50+00:00\",\"description\":\"El Loco El Viudo Robusto Bo\u00eete de 18 Cigares | Un tr\u00e8s grand choix de produits du tabac, e-smoke et ustensiles pour fumer dans toute la Suisse | Cartes accept\u00e9es !\",\"breadcrumb\":{\"@id\":\"https:\/\/www.tabakversand.ch\/fr\/produit\/el-loco-el-viudo-cigares-kistli-robustes-18er\/#breadcrumb\"},\"inLanguage\":\"fr-FR\",\"potentialAction\":[{\"@type\":\"ReadAction\",\"target\":[\"https:\/\/www.tabakversand.ch\/fr\/produit\/el-loco-el-viudo-cigares-kistli-robustes-18er\/\"]}]},{\"@type\":\"ImageObject\",\"inLanguage\":\"fr-FR\",\"@id\":\"https:\/\/www.tabakversand.ch\/fr\/produit\/el-loco-el-viudo-cigares-kistli-robustes-18er\/#primaryimage\",\"url\":\"https:\/\/www.tabakversand.ch\/wp-content\/uploads\/2023\/06\/el-loco-el-viudo-box.jpg\",\"contentUrl\":\"https:\/\/www.tabakversand.ch\/wp-content\/uploads\/2023\/06\/el-loco-el-viudo-box.jpg\",\"width\":500,\"height\":500,\"caption\":\"El Loco El Viudo Robusto 18er Kistli Zigarren\"},{\"@type\":\"BreadcrumbList\",\"@id\":\"https:\/\/www.tabakversand.ch\/fr\/produit\/el-loco-el-viudo-cigares-kistli-robustes-18er\/#breadcrumb\",\"itemListElement\":[{\"@type\":\"ListItem\",\"position\":1,\"name\":\"Startseite\",\"item\":\"https:\/\/www.tabakversand.ch\/\"},{\"@type\":\"ListItem\",\"position\":2,\"name\":\"Boutique\",\"item\":\"https:\/\/www.tabakversand.ch\/fr\/boutique\/\"},{\"@type\":\"ListItem\",\"position\":3,\"name\":\"El Loco El Viudo Robusto Bo\u00eete de 18 Cigares\"}]},{\"@type\":\"WebSite\",\"@id\":\"https:\/\/www.tabakversand.ch\/#website\",\"url\":\"https:\/\/www.tabakversand.ch\/\",\"name\":\"Tabakversand.ch | Alles aus der Welt des Tabaks\",\"description\":\"Smoke and carpe diem\",\"potentialAction\":[{\"@type\":\"SearchAction\",\"target\":{\"@type\":\"EntryPoint\",\"urlTemplate\":\"https:\/\/www.tabakversand.ch\/?s={search_term_string}\"},\"query-input\":{\"@type\":\"PropertyValueSpecification\",\"valueRequired\":true,\"valueName\":\"search_term_string\"}}],\"inLanguage\":\"fr-FR\"}]}<\/script>\n<!-- \/ Yoast SEO plugin. -->","yoast_head_json":{"title":"El Loco El Viudo Robusto Bo\u00eete de 18 Cigares - tabakversand.ch","description":"El Loco El Viudo Robusto Bo\u00eete de 18 Cigares | Un tr\u00e8s grand choix de produits du tabac, e-smoke et ustensiles pour fumer dans toute la Suisse | Cartes accept\u00e9es !","robots":{"index":"index","follow":"follow","max-snippet":"max-snippet:-1","max-image-preview":"max-image-preview:large","max-video-preview":"max-video-preview:-1"},"canonical":"https:\/\/www.tabakversand.ch\/fr\/produit\/el-loco-el-viudo-cigares-kistli-robustes-18er\/","og_locale":"fr_FR","og_type":"article","og_title":"El Loco El Viudo Robusto Bo\u00eete de 18 Cigares - tabakversand.ch","og_description":"El Loco El Viudo Robusto Bo\u00eete de 18 Cigares | Un tr\u00e8s grand choix de produits du tabac, e-smoke et ustensiles pour fumer dans toute la Suisse | Cartes accept\u00e9es !","og_url":"https:\/\/www.tabakversand.ch\/fr\/produit\/el-loco-el-viudo-cigares-kistli-robustes-18er\/","og_site_name":"Tabakversand.ch | Alles aus der Welt des Tabaks","article_modified_time":"2023-06-13T14:02:50+00:00","og_image":[{"width":500,"height":500,"url":"https:\/\/www.tabakversand.ch\/wp-content\/uploads\/2023\/06\/el-loco-el-viudo-box.jpg","type":"image\/jpeg"}],"twitter_card":"summary_large_image","twitter_misc":{"Dur\u00e9e de lecture estim\u00e9e":"1 minute"},"schema":{"@context":"https:\/\/schema.org","@graph":[{"@type":"WebPage","@id":"https:\/\/www.tabakversand.ch\/fr\/produit\/el-loco-el-viudo-cigares-kistli-robustes-18er\/","url":"https:\/\/www.tabakversand.ch\/fr\/produit\/el-loco-el-viudo-cigares-kistli-robustes-18er\/","name":"El Loco El Viudo Robusto Bo\u00eete de 18 Cigares - tabakversand.ch","isPartOf":{"@id":"https:\/\/www.tabakversand.ch\/#website"},"primaryImageOfPage":{"@id":"https:\/\/www.tabakversand.ch\/fr\/produit\/el-loco-el-viudo-cigares-kistli-robustes-18er\/#primaryimage"},"image":{"@id":"https:\/\/www.tabakversand.ch\/fr\/produit\/el-loco-el-viudo-cigares-kistli-robustes-18er\/#primaryimage"},"thumbnailUrl":"https:\/\/www.tabakversand.ch\/wp-content\/uploads\/2023\/06\/el-loco-el-viudo-box.jpg","datePublished":"2023-06-13T13:12:58+00:00","dateModified":"2023-06-13T14:02:50+00:00","description":"El Loco El Viudo Robusto Bo\u00eete de 18 Cigares | Un tr\u00e8s grand choix de produits du tabac, e-smoke et ustensiles pour fumer dans toute la Suisse | Cartes accept\u00e9es !","breadcrumb":{"@id":"https:\/\/www.tabakversand.ch\/fr\/produit\/el-loco-el-viudo-cigares-kistli-robustes-18er\/#breadcrumb"},"inLanguage":"fr-FR","potentialAction":[{"@type":"ReadAction","target":["https:\/\/www.tabakversand.ch\/fr\/produit\/el-loco-el-viudo-cigares-kistli-robustes-18er\/"]}]},{"@type":"ImageObject","inLanguage":"fr-FR","@id":"https:\/\/www.tabakversand.ch\/fr\/produit\/el-loco-el-viudo-cigares-kistli-robustes-18er\/#primaryimage","url":"https:\/\/www.tabakversand.ch\/wp-content\/uploads\/2023\/06\/el-loco-el-viudo-box.jpg","contentUrl":"https:\/\/www.tabakversand.ch\/wp-content\/uploads\/2023\/06\/el-loco-el-viudo-box.jpg","width":500,"height":500,"caption":"El Loco El Viudo Robusto 18er Kistli Zigarren"},{"@type":"BreadcrumbList","@id":"https:\/\/www.tabakversand.ch\/fr\/produit\/el-loco-el-viudo-cigares-kistli-robustes-18er\/#breadcrumb","itemListElement":[{"@type":"ListItem","position":1,"name":"Startseite","item":"https:\/\/www.tabakversand.ch\/"},{"@type":"ListItem","position":2,"name":"Boutique","item":"https:\/\/www.tabakversand.ch\/fr\/boutique\/"},{"@type":"ListItem","position":3,"name":"El Loco El Viudo Robusto Bo\u00eete de 18 Cigares"}]},{"@type":"WebSite","@id":"https:\/\/www.tabakversand.ch\/#website","url":"https:\/\/www.tabakversand.ch\/","name":"Tabakversand.ch | Alles aus der Welt des Tabaks","description":"Smoke and carpe diem","potentialAction":[{"@type":"SearchAction","target":{"@type":"EntryPoint","urlTemplate":"https:\/\/www.tabakversand.ch\/?s={search_term_string}"},"query-input":{"@type":"PropertyValueSpecification","valueRequired":true,"valueName":"search_term_string"}}],"inLanguage":"fr-FR"}]}},"_links":{"self":[{"href":"https:\/\/www.tabakversand.ch\/fr\/wp-json\/wp\/v2\/product\/135674","targetHints":{"allow":["GET"]}}],"collection":[{"href":"https:\/\/www.tabakversand.ch\/fr\/wp-json\/wp\/v2\/product"}],"about":[{"href":"https:\/\/www.tabakversand.ch\/fr\/wp-json\/wp\/v2\/types\/product"}],"version-history":[{"count":0,"href":"https:\/\/www.tabakversand.ch\/fr\/wp-json\/wp\/v2\/product\/135674\/revisions"}],"wp:featuredmedia":[{"embeddable":true,"href":"https:\/\/www.tabakversand.ch\/fr\/wp-json\/wp\/v2\/media\/135680"}],"wp:attachment":[{"href":"https:\/\/www.tabakversand.ch\/fr\/wp-json\/wp\/v2\/media?parent=135674"}],"wp:term":[{"taxonomy":"product_brand","embeddable":true,"href":"https:\/\/www.tabakversand.ch\/fr\/wp-json\/wp\/v2\/product_brand?post=135674"},{"taxonomy":"product_cat","embeddable":true,"href":"https:\/\/www.tabakversand.ch\/fr\/wp-json\/wp\/v2\/product_cat?post=135674"},{"taxonomy":"product_tag","embeddable":true,"href":"https:\/\/www.tabakversand.ch\/fr\/wp-json\/wp\/v2\/product_tag?post=135674"}],"curies":[{"name":"wp","href":"https:\/\/api.w.org\/{rel}","templated":true}]}}