{"id":135847,"date":"2023-06-14T15:04:59","date_gmt":"2023-06-14T13:04:59","guid":{"rendered":"https:\/\/www.tabakversand.ch\/?post_type=product&#038;p=135847"},"modified":"2023-06-14T15:23:18","modified_gmt":"2023-06-14T13:23:18","slug":"cigares-maduro-elegant-coffret-de-12-cigares","status":"publish","type":"product","link":"https:\/\/www.tabakversand.ch\/fr\/produit\/cigares-maduro-elegant-coffret-de-12-cigares\/","title":{"rendered":"Cigarkings Maduro Bo\u00eete \u00e9l\u00e9gante de 12 cigares"},"content":{"rendered":"<p>Cigarkings Maduro Bo\u00eete \u00e9l\u00e9gante de 12 cigares<\/p>\n<p>Les Elegantes sont, comme son nom l&rsquo;indique, la quintessence de l&rsquo;\u00e9l\u00e9gance dans le monde des cigares. Leur forme est notre fa\u00e7on d&rsquo;exprimer la passion dans cette forme d&rsquo;art embl\u00e9matique et de cr\u00e9er un cigare qui fait une d\u00e9claration audacieuse. Avec une forme aussi unique et distinctive, nous avons con\u00e7u les Elegantes pour amener la saveur \u00e0 un tout nouveau niveau d&rsquo;intensit\u00e9 gr\u00e2ce \u00e0 sa base effil\u00e9e. Les \u00e9l\u00e9gantes peuvent \u00eatre savour\u00e9es en un temps de fum\u00e9e parfait d&rsquo;une heure, ce qui lui conf\u00e8re une grande polyvalence.<\/p>\n<table width=\"435\">\n<tbody>\n<tr>\n<td>Feuille de couverture&nbsp;:<\/td>\n<td width=\"291\">HBN \u00c9quateur Maduro<\/td>\n<\/tr>\n<tr>\n<td>Unit\u00e9:<\/td>\n<td width=\"291\">bo\u00eete de 12<\/td>\n<\/tr>\n<tr>\n<td>Incruster:<\/td>\n<td width=\"291\">Nicaragua Seco \/ Viso<\/td>\n<\/tr>\n<tr>\n<td>Origine:<\/td>\n<td width=\"291\">Nicaragua<\/td>\n<\/tr>\n<tr>\n<td>Pouce:<\/td>\n<td width=\"291\">5.5<\/td>\n<\/tr>\n<tr>\n<td>taille de bague:<\/td>\n<td width=\"291\">46<\/td>\n<\/tr>\n<tr>\n<td>classeur:<\/td>\n<td width=\"291\">2 classeurs Selected Cigarkings<\/td>\n<\/tr>\n<\/tbody>\n<\/table>\n<p>Tous les prix ne sont valables que pour les commandes en ligne et comprennent La TVA, sont sujettes \u00e0 changement plus la TVA. Frais d\u2019exp\u00e9dition. Erreurs, changements dans l\u2019\u00e9tendue de la livraison et de la conception, erreurs d\u2019impression et changements de prix r\u00e9serv\u00e9s. Les prix barr\u00e9s sont stattpreise. L\u2019illustration peut diff\u00e9rer de l\u2019original \/ de la port\u00e9e de la livraison.<\/p>\n<p>*Livraison gratuite \u00e0 partir de CHF 250.- valeur de la commande.<\/p>\n","protected":false},"excerpt":{"rendered":"<p>Cigarkings Maduro Bo\u00eete \u00e9l\u00e9gante de 12 cigares Les Elegantes sont, comme son nom l&rsquo;indique, la quintessence de l&rsquo;\u00e9l\u00e9gance dans le monde des cigares. Leur forme est notre fa\u00e7on d&rsquo;exprimer la passion dans cette forme d&rsquo;art embl\u00e9matique et de cr\u00e9er un cigare qui fait une d\u00e9claration audacieuse. Avec une forme aussi unique et distinctive, nous avons [&hellip;]<\/p>\n","protected":false},"featured_media":135787,"template":"","meta":[],"product_brand":[],"product_cat":[1993,1994,2131,3052],"product_tag":[],"class_list":{"0":"post-135847","1":"product","2":"type-product","3":"status-publish","4":"has-post-thumbnail","6":"product_cat-cigares","7":"product_cat-monde-du-cigare","8":"product_cat-nicaragua-fr","9":"product_cat-rois-du-cigare","11":"first","12":"onbackorder","13":"purchasable","14":"product-type-simple"},"yoast_head":"<!-- This site is optimized with the Yoast SEO plugin v27.0 - https:\/\/yoast.com\/product\/yoast-seo-wordpress\/ -->\n<title>Cigarkings Maduro Bo\u00eete \u00e9l\u00e9gante de 12 cigares - tabakversand.ch<\/title>\n<meta name=\"description\" content=\"Cigarkings Maduro Bo\u00eete \u00e9l\u00e9gante de 12 cigares | Un grand choix de produits du tabac, d&#039;e-fum\u00e9e et d&#039;ustensiles pour fumer dans toute la Suisse | Cartes accept\u00e9es !\" \/>\n<meta name=\"robots\" content=\"index, follow, max-snippet:-1, max-image-preview:large, max-video-preview:-1\" \/>\n<link rel=\"canonical\" href=\"https:\/\/www.tabakversand.ch\/fr\/produit\/cigares-maduro-elegant-coffret-de-12-cigares\/\" \/>\n<meta property=\"og:locale\" content=\"fr_FR\" \/>\n<meta property=\"og:type\" content=\"article\" \/>\n<meta property=\"og:title\" content=\"Cigarkings Maduro Bo\u00eete \u00e9l\u00e9gante de 12 cigares - tabakversand.ch\" \/>\n<meta property=\"og:description\" content=\"Cigarkings Maduro Bo\u00eete \u00e9l\u00e9gante de 12 cigares | Un grand choix de produits du tabac, d&#039;e-fum\u00e9e et d&#039;ustensiles pour fumer dans toute la Suisse | Cartes accept\u00e9es !\" \/>\n<meta property=\"og:url\" content=\"https:\/\/www.tabakversand.ch\/fr\/produit\/cigares-maduro-elegant-coffret-de-12-cigares\/\" \/>\n<meta property=\"og:site_name\" content=\"Tabakversand.ch | Alles aus der Welt des Tabaks\" \/>\n<meta property=\"article:modified_time\" content=\"2023-06-14T13:23:18+00:00\" \/>\n<meta property=\"og:image\" content=\"https:\/\/www.tabakversand.ch\/wp-content\/uploads\/2023\/06\/maduro-elegantes-box-open.jpg\" \/>\n\t<meta property=\"og:image:width\" content=\"500\" \/>\n\t<meta property=\"og:image:height\" content=\"500\" \/>\n\t<meta property=\"og:image:type\" content=\"image\/jpeg\" \/>\n<meta name=\"twitter:card\" content=\"summary_large_image\" \/>\n<meta name=\"twitter:label1\" content=\"Dur\u00e9e de lecture estim\u00e9e\" \/>\n\t<meta name=\"twitter:data1\" content=\"1 minute\" \/>\n<script type=\"application\/ld+json\" class=\"yoast-schema-graph\">{\"@context\":\"https:\/\/schema.org\",\"@graph\":[{\"@type\":\"WebPage\",\"@id\":\"https:\/\/www.tabakversand.ch\/fr\/produit\/cigares-maduro-elegant-coffret-de-12-cigares\/\",\"url\":\"https:\/\/www.tabakversand.ch\/fr\/produit\/cigares-maduro-elegant-coffret-de-12-cigares\/\",\"name\":\"Cigarkings Maduro Bo\u00eete \u00e9l\u00e9gante de 12 cigares - tabakversand.ch\",\"isPartOf\":{\"@id\":\"https:\/\/www.tabakversand.ch\/#website\"},\"primaryImageOfPage\":{\"@id\":\"https:\/\/www.tabakversand.ch\/fr\/produit\/cigares-maduro-elegant-coffret-de-12-cigares\/#primaryimage\"},\"image\":{\"@id\":\"https:\/\/www.tabakversand.ch\/fr\/produit\/cigares-maduro-elegant-coffret-de-12-cigares\/#primaryimage\"},\"thumbnailUrl\":\"https:\/\/www.tabakversand.ch\/wp-content\/uploads\/2023\/06\/maduro-elegantes-box-open.jpg\",\"datePublished\":\"2023-06-14T13:04:59+00:00\",\"dateModified\":\"2023-06-14T13:23:18+00:00\",\"description\":\"Cigarkings Maduro Bo\u00eete \u00e9l\u00e9gante de 12 cigares | Un grand choix de produits du tabac, d'e-fum\u00e9e et d'ustensiles pour fumer dans toute la Suisse | Cartes accept\u00e9es !\",\"breadcrumb\":{\"@id\":\"https:\/\/www.tabakversand.ch\/fr\/produit\/cigares-maduro-elegant-coffret-de-12-cigares\/#breadcrumb\"},\"inLanguage\":\"fr-FR\",\"potentialAction\":[{\"@type\":\"ReadAction\",\"target\":[\"https:\/\/www.tabakversand.ch\/fr\/produit\/cigares-maduro-elegant-coffret-de-12-cigares\/\"]}]},{\"@type\":\"ImageObject\",\"inLanguage\":\"fr-FR\",\"@id\":\"https:\/\/www.tabakversand.ch\/fr\/produit\/cigares-maduro-elegant-coffret-de-12-cigares\/#primaryimage\",\"url\":\"https:\/\/www.tabakversand.ch\/wp-content\/uploads\/2023\/06\/maduro-elegantes-box-open.jpg\",\"contentUrl\":\"https:\/\/www.tabakversand.ch\/wp-content\/uploads\/2023\/06\/maduro-elegantes-box-open.jpg\",\"width\":500,\"height\":500,\"caption\":\"Cigarkings Sun Grown Elegantes 12er Kistli Zigarren\"},{\"@type\":\"BreadcrumbList\",\"@id\":\"https:\/\/www.tabakversand.ch\/fr\/produit\/cigares-maduro-elegant-coffret-de-12-cigares\/#breadcrumb\",\"itemListElement\":[{\"@type\":\"ListItem\",\"position\":1,\"name\":\"Startseite\",\"item\":\"https:\/\/www.tabakversand.ch\/\"},{\"@type\":\"ListItem\",\"position\":2,\"name\":\"Boutique\",\"item\":\"https:\/\/www.tabakversand.ch\/fr\/boutique\/\"},{\"@type\":\"ListItem\",\"position\":3,\"name\":\"Cigarkings Maduro Bo\u00eete \u00e9l\u00e9gante de 12 cigares\"}]},{\"@type\":\"WebSite\",\"@id\":\"https:\/\/www.tabakversand.ch\/#website\",\"url\":\"https:\/\/www.tabakversand.ch\/\",\"name\":\"Tabakversand.ch | Alles aus der Welt des Tabaks\",\"description\":\"Smoke and carpe diem\",\"potentialAction\":[{\"@type\":\"SearchAction\",\"target\":{\"@type\":\"EntryPoint\",\"urlTemplate\":\"https:\/\/www.tabakversand.ch\/?s={search_term_string}\"},\"query-input\":{\"@type\":\"PropertyValueSpecification\",\"valueRequired\":true,\"valueName\":\"search_term_string\"}}],\"inLanguage\":\"fr-FR\"}]}<\/script>\n<!-- \/ Yoast SEO plugin. -->","yoast_head_json":{"title":"Cigarkings Maduro Bo\u00eete \u00e9l\u00e9gante de 12 cigares - tabakversand.ch","description":"Cigarkings Maduro Bo\u00eete \u00e9l\u00e9gante de 12 cigares | Un grand choix de produits du tabac, d'e-fum\u00e9e et d'ustensiles pour fumer dans toute la Suisse | Cartes accept\u00e9es !","robots":{"index":"index","follow":"follow","max-snippet":"max-snippet:-1","max-image-preview":"max-image-preview:large","max-video-preview":"max-video-preview:-1"},"canonical":"https:\/\/www.tabakversand.ch\/fr\/produit\/cigares-maduro-elegant-coffret-de-12-cigares\/","og_locale":"fr_FR","og_type":"article","og_title":"Cigarkings Maduro Bo\u00eete \u00e9l\u00e9gante de 12 cigares - tabakversand.ch","og_description":"Cigarkings Maduro Bo\u00eete \u00e9l\u00e9gante de 12 cigares | Un grand choix de produits du tabac, d'e-fum\u00e9e et d'ustensiles pour fumer dans toute la Suisse | Cartes accept\u00e9es !","og_url":"https:\/\/www.tabakversand.ch\/fr\/produit\/cigares-maduro-elegant-coffret-de-12-cigares\/","og_site_name":"Tabakversand.ch | Alles aus der Welt des Tabaks","article_modified_time":"2023-06-14T13:23:18+00:00","og_image":[{"width":500,"height":500,"url":"https:\/\/www.tabakversand.ch\/wp-content\/uploads\/2023\/06\/maduro-elegantes-box-open.jpg","type":"image\/jpeg"}],"twitter_card":"summary_large_image","twitter_misc":{"Dur\u00e9e de lecture estim\u00e9e":"1 minute"},"schema":{"@context":"https:\/\/schema.org","@graph":[{"@type":"WebPage","@id":"https:\/\/www.tabakversand.ch\/fr\/produit\/cigares-maduro-elegant-coffret-de-12-cigares\/","url":"https:\/\/www.tabakversand.ch\/fr\/produit\/cigares-maduro-elegant-coffret-de-12-cigares\/","name":"Cigarkings Maduro Bo\u00eete \u00e9l\u00e9gante de 12 cigares - tabakversand.ch","isPartOf":{"@id":"https:\/\/www.tabakversand.ch\/#website"},"primaryImageOfPage":{"@id":"https:\/\/www.tabakversand.ch\/fr\/produit\/cigares-maduro-elegant-coffret-de-12-cigares\/#primaryimage"},"image":{"@id":"https:\/\/www.tabakversand.ch\/fr\/produit\/cigares-maduro-elegant-coffret-de-12-cigares\/#primaryimage"},"thumbnailUrl":"https:\/\/www.tabakversand.ch\/wp-content\/uploads\/2023\/06\/maduro-elegantes-box-open.jpg","datePublished":"2023-06-14T13:04:59+00:00","dateModified":"2023-06-14T13:23:18+00:00","description":"Cigarkings Maduro Bo\u00eete \u00e9l\u00e9gante de 12 cigares | Un grand choix de produits du tabac, d'e-fum\u00e9e et d'ustensiles pour fumer dans toute la Suisse | Cartes accept\u00e9es !","breadcrumb":{"@id":"https:\/\/www.tabakversand.ch\/fr\/produit\/cigares-maduro-elegant-coffret-de-12-cigares\/#breadcrumb"},"inLanguage":"fr-FR","potentialAction":[{"@type":"ReadAction","target":["https:\/\/www.tabakversand.ch\/fr\/produit\/cigares-maduro-elegant-coffret-de-12-cigares\/"]}]},{"@type":"ImageObject","inLanguage":"fr-FR","@id":"https:\/\/www.tabakversand.ch\/fr\/produit\/cigares-maduro-elegant-coffret-de-12-cigares\/#primaryimage","url":"https:\/\/www.tabakversand.ch\/wp-content\/uploads\/2023\/06\/maduro-elegantes-box-open.jpg","contentUrl":"https:\/\/www.tabakversand.ch\/wp-content\/uploads\/2023\/06\/maduro-elegantes-box-open.jpg","width":500,"height":500,"caption":"Cigarkings Sun Grown Elegantes 12er Kistli Zigarren"},{"@type":"BreadcrumbList","@id":"https:\/\/www.tabakversand.ch\/fr\/produit\/cigares-maduro-elegant-coffret-de-12-cigares\/#breadcrumb","itemListElement":[{"@type":"ListItem","position":1,"name":"Startseite","item":"https:\/\/www.tabakversand.ch\/"},{"@type":"ListItem","position":2,"name":"Boutique","item":"https:\/\/www.tabakversand.ch\/fr\/boutique\/"},{"@type":"ListItem","position":3,"name":"Cigarkings Maduro Bo\u00eete \u00e9l\u00e9gante de 12 cigares"}]},{"@type":"WebSite","@id":"https:\/\/www.tabakversand.ch\/#website","url":"https:\/\/www.tabakversand.ch\/","name":"Tabakversand.ch | Alles aus der Welt des Tabaks","description":"Smoke and carpe diem","potentialAction":[{"@type":"SearchAction","target":{"@type":"EntryPoint","urlTemplate":"https:\/\/www.tabakversand.ch\/?s={search_term_string}"},"query-input":{"@type":"PropertyValueSpecification","valueRequired":true,"valueName":"search_term_string"}}],"inLanguage":"fr-FR"}]}},"_links":{"self":[{"href":"https:\/\/www.tabakversand.ch\/fr\/wp-json\/wp\/v2\/product\/135847","targetHints":{"allow":["GET"]}}],"collection":[{"href":"https:\/\/www.tabakversand.ch\/fr\/wp-json\/wp\/v2\/product"}],"about":[{"href":"https:\/\/www.tabakversand.ch\/fr\/wp-json\/wp\/v2\/types\/product"}],"version-history":[{"count":0,"href":"https:\/\/www.tabakversand.ch\/fr\/wp-json\/wp\/v2\/product\/135847\/revisions"}],"wp:featuredmedia":[{"embeddable":true,"href":"https:\/\/www.tabakversand.ch\/fr\/wp-json\/wp\/v2\/media\/135787"}],"wp:attachment":[{"href":"https:\/\/www.tabakversand.ch\/fr\/wp-json\/wp\/v2\/media?parent=135847"}],"wp:term":[{"taxonomy":"product_brand","embeddable":true,"href":"https:\/\/www.tabakversand.ch\/fr\/wp-json\/wp\/v2\/product_brand?post=135847"},{"taxonomy":"product_cat","embeddable":true,"href":"https:\/\/www.tabakversand.ch\/fr\/wp-json\/wp\/v2\/product_cat?post=135847"},{"taxonomy":"product_tag","embeddable":true,"href":"https:\/\/www.tabakversand.ch\/fr\/wp-json\/wp\/v2\/product_tag?post=135847"}],"curies":[{"name":"wp","href":"https:\/\/api.w.org\/{rel}","templated":true}]}}