{"id":135863,"date":"2023-06-14T15:13:47","date_gmt":"2023-06-14T13:13:47","guid":{"rendered":"https:\/\/www.tabakversand.ch\/?post_type=product&#038;p=135863"},"modified":"2023-06-14T15:23:15","modified_gmt":"2023-06-14T13:23:15","slug":"cigarkings-sun-grown-toro-boite-de-12-cigares-kopie","status":"publish","type":"product","link":"https:\/\/www.tabakversand.ch\/fr\/produit\/cigarkings-sun-grown-toro-boite-de-12-cigares-kopie\/","title":{"rendered":"Cigarkings Maduro Toro boite de 12 cigares"},"content":{"rendered":"<p>Cigarkings Maduro Toro boite de 12 cigares<\/p>\n<p>Le Toro est notre fleuron de la s\u00e9rie Nicaragua. Avec la plus grande jauge annulaire et la jauge la plus longue, il incarne notre marque, \u00e9levant les attributs trouv\u00e9s dans chaque CigarKings au plus haut niveau. Bien s\u00fbr, puisqu&rsquo;elle est notre reine, elle a la plus longue dur\u00e9e de fum\u00e9e d&rsquo;environ 1 heure 30 minutes, ce qui laisse suffisamment de temps aux aficionados pour d\u00e9m\u00ealer la complexit\u00e9 de la saveur. Vivez l&rsquo;exp\u00e9rience ultime de CigarKings avec chaque bouff\u00e9e de ce d\u00e9licieux cigare.<\/p>\n<table width=\"397\">\n<tbody>\n<tr>\n<td>Feuille de couverture&nbsp;:<\/td>\n<td width=\"253\">HBN \u00c9quateur Maduro<\/td>\n<\/tr>\n<tr>\n<td>Unit\u00e9:<\/td>\n<td width=\"253\">bo\u00eete de 12<\/td>\n<\/tr>\n<tr>\n<td>Incruster:<\/td>\n<td width=\"253\">Nicaragua Seco \/ Viso<\/td>\n<\/tr>\n<tr>\n<td>Origine:<\/td>\n<td width=\"253\">Nicaragua<\/td>\n<\/tr>\n<tr>\n<td>Pouce:<\/td>\n<td width=\"253\">6<\/td>\n<\/tr>\n<tr>\n<td>taille de bague:<\/td>\n<td width=\"253\">52<\/td>\n<\/tr>\n<tr>\n<td>Offres sp\u00e9ciales :<\/td>\n<td width=\"253\">triple bouchon<\/td>\n<\/tr>\n<tr>\n<td>classeur:<\/td>\n<td width=\"253\">2 classeurs Selected Cigarkings<\/td>\n<\/tr>\n<\/tbody>\n<\/table>\n<p>Tous les prix ne sont valables que pour les commandes en ligne et comprennent La TVA, sont sujettes \u00e0 changement plus la TVA. Frais d\u2019exp\u00e9dition. Erreurs, changements dans l\u2019\u00e9tendue de la livraison et de la conception, erreurs d\u2019impression et changements de prix r\u00e9serv\u00e9s. Les prix barr\u00e9s sont stattpreise. L\u2019illustration peut diff\u00e9rer de l\u2019original \/ de la port\u00e9e de la livraison.<\/p>\n<p>*Livraison gratuite \u00e0 partir de CHF 250.- valeur de la commande.<\/p>\n","protected":false},"excerpt":{"rendered":"<p>Cigarkings Maduro Toro boite de 12 cigares Le Toro est notre fleuron de la s\u00e9rie Nicaragua. Avec la plus grande jauge annulaire et la jauge la plus longue, il incarne notre marque, \u00e9levant les attributs trouv\u00e9s dans chaque CigarKings au plus haut niveau. Bien s\u00fbr, puisqu&rsquo;elle est notre reine, elle a la plus longue dur\u00e9e [&hellip;]<\/p>\n","protected":false},"featured_media":135867,"template":"","meta":[],"product_brand":[],"product_cat":[1993,1994,2131,3052],"product_tag":[],"class_list":{"0":"post-135863","1":"product","2":"type-product","3":"status-publish","4":"has-post-thumbnail","6":"product_cat-cigares","7":"product_cat-monde-du-cigare","8":"product_cat-nicaragua-fr","9":"product_cat-rois-du-cigare","11":"first","12":"onbackorder","13":"purchasable","14":"product-type-simple"},"yoast_head":"<!-- This site is optimized with the Yoast SEO plugin v27.0 - https:\/\/yoast.com\/product\/yoast-seo-wordpress\/ -->\n<title>Cigarkings Maduro Toro boite de 12 cigares - tabakversand.ch<\/title>\n<meta name=\"description\" content=\"Cigarkings Maduro Toro Bo\u00eete de 12 Cigares | Une s\u00e9lection haut de gamme de produits du tabac, d&#039;e-smoke et d&#039;ustensiles pour fumer dans toute la Suisse | Cartes accept\u00e9es !\" \/>\n<meta name=\"robots\" content=\"index, follow, max-snippet:-1, max-image-preview:large, max-video-preview:-1\" \/>\n<link rel=\"canonical\" href=\"https:\/\/www.tabakversand.ch\/fr\/produit\/cigarkings-sun-grown-toro-boite-de-12-cigares-kopie\/\" \/>\n<meta property=\"og:locale\" content=\"fr_FR\" \/>\n<meta property=\"og:type\" content=\"article\" \/>\n<meta property=\"og:title\" content=\"Cigarkings Maduro Toro boite de 12 cigares - tabakversand.ch\" \/>\n<meta property=\"og:description\" content=\"Cigarkings Maduro Toro Bo\u00eete de 12 Cigares | Une s\u00e9lection haut de gamme de produits du tabac, d&#039;e-smoke et d&#039;ustensiles pour fumer dans toute la Suisse | Cartes accept\u00e9es !\" \/>\n<meta property=\"og:url\" content=\"https:\/\/www.tabakversand.ch\/fr\/produit\/cigarkings-sun-grown-toro-boite-de-12-cigares-kopie\/\" \/>\n<meta property=\"og:site_name\" content=\"Tabakversand.ch | Alles aus der Welt des Tabaks\" \/>\n<meta property=\"article:modified_time\" content=\"2023-06-14T13:23:15+00:00\" \/>\n<meta property=\"og:image\" content=\"https:\/\/www.tabakversand.ch\/wp-content\/uploads\/2023\/06\/maduro-toro-box-open.jpg\" \/>\n\t<meta property=\"og:image:width\" content=\"500\" \/>\n\t<meta property=\"og:image:height\" content=\"500\" \/>\n\t<meta property=\"og:image:type\" content=\"image\/jpeg\" \/>\n<meta name=\"twitter:card\" content=\"summary_large_image\" \/>\n<meta name=\"twitter:label1\" content=\"Dur\u00e9e de lecture estim\u00e9e\" \/>\n\t<meta name=\"twitter:data1\" content=\"1 minute\" \/>\n<script type=\"application\/ld+json\" class=\"yoast-schema-graph\">{\"@context\":\"https:\/\/schema.org\",\"@graph\":[{\"@type\":\"WebPage\",\"@id\":\"https:\/\/www.tabakversand.ch\/fr\/produit\/cigarkings-sun-grown-toro-boite-de-12-cigares-kopie\/\",\"url\":\"https:\/\/www.tabakversand.ch\/fr\/produit\/cigarkings-sun-grown-toro-boite-de-12-cigares-kopie\/\",\"name\":\"Cigarkings Maduro Toro boite de 12 cigares - tabakversand.ch\",\"isPartOf\":{\"@id\":\"https:\/\/www.tabakversand.ch\/#website\"},\"primaryImageOfPage\":{\"@id\":\"https:\/\/www.tabakversand.ch\/fr\/produit\/cigarkings-sun-grown-toro-boite-de-12-cigares-kopie\/#primaryimage\"},\"image\":{\"@id\":\"https:\/\/www.tabakversand.ch\/fr\/produit\/cigarkings-sun-grown-toro-boite-de-12-cigares-kopie\/#primaryimage\"},\"thumbnailUrl\":\"https:\/\/www.tabakversand.ch\/wp-content\/uploads\/2023\/06\/maduro-toro-box-open.jpg\",\"datePublished\":\"2023-06-14T13:13:47+00:00\",\"dateModified\":\"2023-06-14T13:23:15+00:00\",\"description\":\"Cigarkings Maduro Toro Bo\u00eete de 12 Cigares | Une s\u00e9lection haut de gamme de produits du tabac, d'e-smoke et d'ustensiles pour fumer dans toute la Suisse | Cartes accept\u00e9es !\",\"breadcrumb\":{\"@id\":\"https:\/\/www.tabakversand.ch\/fr\/produit\/cigarkings-sun-grown-toro-boite-de-12-cigares-kopie\/#breadcrumb\"},\"inLanguage\":\"fr-FR\",\"potentialAction\":[{\"@type\":\"ReadAction\",\"target\":[\"https:\/\/www.tabakversand.ch\/fr\/produit\/cigarkings-sun-grown-toro-boite-de-12-cigares-kopie\/\"]}]},{\"@type\":\"ImageObject\",\"inLanguage\":\"fr-FR\",\"@id\":\"https:\/\/www.tabakversand.ch\/fr\/produit\/cigarkings-sun-grown-toro-boite-de-12-cigares-kopie\/#primaryimage\",\"url\":\"https:\/\/www.tabakversand.ch\/wp-content\/uploads\/2023\/06\/maduro-toro-box-open.jpg\",\"contentUrl\":\"https:\/\/www.tabakversand.ch\/wp-content\/uploads\/2023\/06\/maduro-toro-box-open.jpg\",\"width\":500,\"height\":500,\"caption\":\"Cigarkings Maduro Toro 12er Kistli Zigarren\"},{\"@type\":\"BreadcrumbList\",\"@id\":\"https:\/\/www.tabakversand.ch\/fr\/produit\/cigarkings-sun-grown-toro-boite-de-12-cigares-kopie\/#breadcrumb\",\"itemListElement\":[{\"@type\":\"ListItem\",\"position\":1,\"name\":\"Startseite\",\"item\":\"https:\/\/www.tabakversand.ch\/\"},{\"@type\":\"ListItem\",\"position\":2,\"name\":\"Boutique\",\"item\":\"https:\/\/www.tabakversand.ch\/fr\/boutique\/\"},{\"@type\":\"ListItem\",\"position\":3,\"name\":\"Cigarkings Maduro Toro boite de 12 cigares\"}]},{\"@type\":\"WebSite\",\"@id\":\"https:\/\/www.tabakversand.ch\/#website\",\"url\":\"https:\/\/www.tabakversand.ch\/\",\"name\":\"Tabakversand.ch | Alles aus der Welt des Tabaks\",\"description\":\"Smoke and carpe diem\",\"potentialAction\":[{\"@type\":\"SearchAction\",\"target\":{\"@type\":\"EntryPoint\",\"urlTemplate\":\"https:\/\/www.tabakversand.ch\/?s={search_term_string}\"},\"query-input\":{\"@type\":\"PropertyValueSpecification\",\"valueRequired\":true,\"valueName\":\"search_term_string\"}}],\"inLanguage\":\"fr-FR\"}]}<\/script>\n<!-- \/ Yoast SEO plugin. -->","yoast_head_json":{"title":"Cigarkings Maduro Toro boite de 12 cigares - tabakversand.ch","description":"Cigarkings Maduro Toro Bo\u00eete de 12 Cigares | Une s\u00e9lection haut de gamme de produits du tabac, d'e-smoke et d'ustensiles pour fumer dans toute la Suisse | Cartes accept\u00e9es !","robots":{"index":"index","follow":"follow","max-snippet":"max-snippet:-1","max-image-preview":"max-image-preview:large","max-video-preview":"max-video-preview:-1"},"canonical":"https:\/\/www.tabakversand.ch\/fr\/produit\/cigarkings-sun-grown-toro-boite-de-12-cigares-kopie\/","og_locale":"fr_FR","og_type":"article","og_title":"Cigarkings Maduro Toro boite de 12 cigares - tabakversand.ch","og_description":"Cigarkings Maduro Toro Bo\u00eete de 12 Cigares | Une s\u00e9lection haut de gamme de produits du tabac, d'e-smoke et d'ustensiles pour fumer dans toute la Suisse | Cartes accept\u00e9es !","og_url":"https:\/\/www.tabakversand.ch\/fr\/produit\/cigarkings-sun-grown-toro-boite-de-12-cigares-kopie\/","og_site_name":"Tabakversand.ch | Alles aus der Welt des Tabaks","article_modified_time":"2023-06-14T13:23:15+00:00","og_image":[{"width":500,"height":500,"url":"https:\/\/www.tabakversand.ch\/wp-content\/uploads\/2023\/06\/maduro-toro-box-open.jpg","type":"image\/jpeg"}],"twitter_card":"summary_large_image","twitter_misc":{"Dur\u00e9e de lecture estim\u00e9e":"1 minute"},"schema":{"@context":"https:\/\/schema.org","@graph":[{"@type":"WebPage","@id":"https:\/\/www.tabakversand.ch\/fr\/produit\/cigarkings-sun-grown-toro-boite-de-12-cigares-kopie\/","url":"https:\/\/www.tabakversand.ch\/fr\/produit\/cigarkings-sun-grown-toro-boite-de-12-cigares-kopie\/","name":"Cigarkings Maduro Toro boite de 12 cigares - tabakversand.ch","isPartOf":{"@id":"https:\/\/www.tabakversand.ch\/#website"},"primaryImageOfPage":{"@id":"https:\/\/www.tabakversand.ch\/fr\/produit\/cigarkings-sun-grown-toro-boite-de-12-cigares-kopie\/#primaryimage"},"image":{"@id":"https:\/\/www.tabakversand.ch\/fr\/produit\/cigarkings-sun-grown-toro-boite-de-12-cigares-kopie\/#primaryimage"},"thumbnailUrl":"https:\/\/www.tabakversand.ch\/wp-content\/uploads\/2023\/06\/maduro-toro-box-open.jpg","datePublished":"2023-06-14T13:13:47+00:00","dateModified":"2023-06-14T13:23:15+00:00","description":"Cigarkings Maduro Toro Bo\u00eete de 12 Cigares | Une s\u00e9lection haut de gamme de produits du tabac, d'e-smoke et d'ustensiles pour fumer dans toute la Suisse | Cartes accept\u00e9es !","breadcrumb":{"@id":"https:\/\/www.tabakversand.ch\/fr\/produit\/cigarkings-sun-grown-toro-boite-de-12-cigares-kopie\/#breadcrumb"},"inLanguage":"fr-FR","potentialAction":[{"@type":"ReadAction","target":["https:\/\/www.tabakversand.ch\/fr\/produit\/cigarkings-sun-grown-toro-boite-de-12-cigares-kopie\/"]}]},{"@type":"ImageObject","inLanguage":"fr-FR","@id":"https:\/\/www.tabakversand.ch\/fr\/produit\/cigarkings-sun-grown-toro-boite-de-12-cigares-kopie\/#primaryimage","url":"https:\/\/www.tabakversand.ch\/wp-content\/uploads\/2023\/06\/maduro-toro-box-open.jpg","contentUrl":"https:\/\/www.tabakversand.ch\/wp-content\/uploads\/2023\/06\/maduro-toro-box-open.jpg","width":500,"height":500,"caption":"Cigarkings Maduro Toro 12er Kistli Zigarren"},{"@type":"BreadcrumbList","@id":"https:\/\/www.tabakversand.ch\/fr\/produit\/cigarkings-sun-grown-toro-boite-de-12-cigares-kopie\/#breadcrumb","itemListElement":[{"@type":"ListItem","position":1,"name":"Startseite","item":"https:\/\/www.tabakversand.ch\/"},{"@type":"ListItem","position":2,"name":"Boutique","item":"https:\/\/www.tabakversand.ch\/fr\/boutique\/"},{"@type":"ListItem","position":3,"name":"Cigarkings Maduro Toro boite de 12 cigares"}]},{"@type":"WebSite","@id":"https:\/\/www.tabakversand.ch\/#website","url":"https:\/\/www.tabakversand.ch\/","name":"Tabakversand.ch | Alles aus der Welt des Tabaks","description":"Smoke and carpe diem","potentialAction":[{"@type":"SearchAction","target":{"@type":"EntryPoint","urlTemplate":"https:\/\/www.tabakversand.ch\/?s={search_term_string}"},"query-input":{"@type":"PropertyValueSpecification","valueRequired":true,"valueName":"search_term_string"}}],"inLanguage":"fr-FR"}]}},"_links":{"self":[{"href":"https:\/\/www.tabakversand.ch\/fr\/wp-json\/wp\/v2\/product\/135863","targetHints":{"allow":["GET"]}}],"collection":[{"href":"https:\/\/www.tabakversand.ch\/fr\/wp-json\/wp\/v2\/product"}],"about":[{"href":"https:\/\/www.tabakversand.ch\/fr\/wp-json\/wp\/v2\/types\/product"}],"version-history":[{"count":0,"href":"https:\/\/www.tabakversand.ch\/fr\/wp-json\/wp\/v2\/product\/135863\/revisions"}],"wp:featuredmedia":[{"embeddable":true,"href":"https:\/\/www.tabakversand.ch\/fr\/wp-json\/wp\/v2\/media\/135867"}],"wp:attachment":[{"href":"https:\/\/www.tabakversand.ch\/fr\/wp-json\/wp\/v2\/media?parent=135863"}],"wp:term":[{"taxonomy":"product_brand","embeddable":true,"href":"https:\/\/www.tabakversand.ch\/fr\/wp-json\/wp\/v2\/product_brand?post=135863"},{"taxonomy":"product_cat","embeddable":true,"href":"https:\/\/www.tabakversand.ch\/fr\/wp-json\/wp\/v2\/product_cat?post=135863"},{"taxonomy":"product_tag","embeddable":true,"href":"https:\/\/www.tabakversand.ch\/fr\/wp-json\/wp\/v2\/product_tag?post=135863"}],"curies":[{"name":"wp","href":"https:\/\/api.w.org\/{rel}","templated":true}]}}