{"id":135885,"date":"2023-06-15T15:52:39","date_gmt":"2023-06-15T13:52:39","guid":{"rendered":"https:\/\/www.tabakversand.ch\/?post_type=product&#038;p=135885"},"modified":"2023-06-15T16:01:16","modified_gmt":"2023-06-15T14:01:16","slug":"cigares-fratello-sorella-toro-20er-box","status":"publish","type":"product","link":"https:\/\/www.tabakversand.ch\/fr\/produit\/cigares-fratello-sorella-toro-20er-box\/","title":{"rendered":"Fratello Sorella Toro Bo\u00eete de 20 Cigares"},"content":{"rendered":"<p>Fratello Sorella Toro Bo\u00eete de 20 Cigares<\/p>\n<p>Fratello Sorella Toro est roul\u00e9 avec une cape d&rsquo;Equateur et un liant indon\u00e9sien. Les tabacs de remplissage sont d&rsquo;origine nicaraguayenne et dominicaine. Une fum\u00e9e de corps moyen qui est magnifiquement \u00e9quilibr\u00e9e et qui inspire en m\u00eame temps beaucoup de sophistication et d&rsquo;ar\u00f4mes. Amusez-vous avec la \u00ab\u00a0petite-grande\u00a0\u00bb Sorella de Fratello.<\/p>\n<table width=\"406\">\n<tbody>\n<tr>\n<td>Feuille de couverture&nbsp;:<\/td>\n<td width=\"216\">\u00c9quateur<\/td>\n<\/tr>\n<tr>\n<td>Incruster:<\/td>\n<td width=\"216\">Dom. R\u00e9publique, Nicaragua<\/td>\n<\/tr>\n<tr>\n<td>Format:<\/td>\n<td width=\"216\">toro<\/td>\n<\/tr>\n<tr>\n<td>Origine:<\/td>\n<td width=\"216\">Nicaragua<\/td>\n<\/tr>\n<tr>\n<td>Pouce:<\/td>\n<td width=\"216\">6<\/td>\n<\/tr>\n<tr>\n<td>taille de bague:<\/td>\n<td width=\"216\">50<\/td>\n<\/tr>\n<tr>\n<td>classeur:<\/td>\n<td width=\"216\">Indon\u00e9sie<\/td>\n<\/tr>\n<\/tbody>\n<\/table>\n<p>Tous les prix ne sont valables que pour les commandes en ligne et comprennent La TVA, sont sujettes \u00e0 changement plus la TVA. Frais d\u2019exp\u00e9dition. Erreurs, changements dans l\u2019\u00e9tendue de la livraison et de la conception, erreurs d\u2019impression et changements de prix r\u00e9serv\u00e9s. Les prix barr\u00e9s sont stattpreise. L\u2019illustration peut diff\u00e9rer de l\u2019original \/ de la port\u00e9e de la livraison.<\/p>\n<p>*Livraison gratuite \u00e0 partir de CHF 250.- valeur de la commande.<\/p>\n","protected":false},"excerpt":{"rendered":"<p>Fratello Sorella Toro Bo\u00eete de 20 Cigares Fratello Sorella Toro est roul\u00e9 avec une cape d&rsquo;Equateur et un liant indon\u00e9sien. Les tabacs de remplissage sont d&rsquo;origine nicaraguayenne et dominicaine. Une fum\u00e9e de corps moyen qui est magnifiquement \u00e9quilibr\u00e9e et qui inspire en m\u00eame temps beaucoup de sophistication et d&rsquo;ar\u00f4mes. Amusez-vous avec la \u00ab\u00a0petite-grande\u00a0\u00bb Sorella de [&hellip;]<\/p>\n","protected":false},"featured_media":135889,"template":"","meta":[],"product_brand":[],"product_cat":[1993,3056,1994,2131],"product_tag":[],"class_list":{"0":"post-135885","1":"product","2":"type-product","3":"status-publish","4":"has-post-thumbnail","6":"product_cat-cigares","7":"product_cat-fratello-fr","8":"product_cat-monde-du-cigare","9":"product_cat-nicaragua-fr","11":"first","12":"onbackorder","13":"purchasable","14":"product-type-simple"},"yoast_head":"<!-- This site is optimized with the Yoast SEO plugin v27.0 - https:\/\/yoast.com\/product\/yoast-seo-wordpress\/ -->\n<title>Fratello Sorella Toro Bo\u00eete de 20 Cigares - tabakversand.ch<\/title>\n<meta name=\"description\" content=\"Fratello Sorella Toro Bo\u00eete de 20 Cigares | Une s\u00e9lection haut de gamme de produits du tabac, d&#039;e-smoke et d&#039;ustensiles pour fumer dans toute la Suisse | Cartes accept\u00e9es !\" \/>\n<meta name=\"robots\" content=\"index, follow, max-snippet:-1, max-image-preview:large, max-video-preview:-1\" \/>\n<link rel=\"canonical\" href=\"https:\/\/www.tabakversand.ch\/fr\/produit\/cigares-fratello-sorella-toro-20er-box\/\" \/>\n<meta property=\"og:locale\" content=\"fr_FR\" \/>\n<meta property=\"og:type\" content=\"article\" \/>\n<meta property=\"og:title\" content=\"Fratello Sorella Toro Bo\u00eete de 20 Cigares - tabakversand.ch\" \/>\n<meta property=\"og:description\" content=\"Fratello Sorella Toro Bo\u00eete de 20 Cigares | Une s\u00e9lection haut de gamme de produits du tabac, d&#039;e-smoke et d&#039;ustensiles pour fumer dans toute la Suisse | Cartes accept\u00e9es !\" \/>\n<meta property=\"og:url\" content=\"https:\/\/www.tabakversand.ch\/fr\/produit\/cigares-fratello-sorella-toro-20er-box\/\" \/>\n<meta property=\"og:site_name\" content=\"Tabakversand.ch | Alles aus der Welt des Tabaks\" \/>\n<meta property=\"article:modified_time\" content=\"2023-06-15T14:01:16+00:00\" \/>\n<meta property=\"og:image\" content=\"https:\/\/www.tabakversand.ch\/wp-content\/uploads\/2023\/06\/sorella-toro-box-open.jpg\" \/>\n\t<meta property=\"og:image:width\" content=\"499\" \/>\n\t<meta property=\"og:image:height\" content=\"500\" \/>\n\t<meta property=\"og:image:type\" content=\"image\/jpeg\" \/>\n<meta name=\"twitter:card\" content=\"summary_large_image\" \/>\n<meta name=\"twitter:label1\" content=\"Dur\u00e9e de lecture estim\u00e9e\" \/>\n\t<meta name=\"twitter:data1\" content=\"1 minute\" \/>\n<script type=\"application\/ld+json\" class=\"yoast-schema-graph\">{\"@context\":\"https:\/\/schema.org\",\"@graph\":[{\"@type\":\"WebPage\",\"@id\":\"https:\/\/www.tabakversand.ch\/fr\/produit\/cigares-fratello-sorella-toro-20er-box\/\",\"url\":\"https:\/\/www.tabakversand.ch\/fr\/produit\/cigares-fratello-sorella-toro-20er-box\/\",\"name\":\"Fratello Sorella Toro Bo\u00eete de 20 Cigares - tabakversand.ch\",\"isPartOf\":{\"@id\":\"https:\/\/www.tabakversand.ch\/#website\"},\"primaryImageOfPage\":{\"@id\":\"https:\/\/www.tabakversand.ch\/fr\/produit\/cigares-fratello-sorella-toro-20er-box\/#primaryimage\"},\"image\":{\"@id\":\"https:\/\/www.tabakversand.ch\/fr\/produit\/cigares-fratello-sorella-toro-20er-box\/#primaryimage\"},\"thumbnailUrl\":\"https:\/\/www.tabakversand.ch\/wp-content\/uploads\/2023\/06\/sorella-toro-box-open.jpg\",\"datePublished\":\"2023-06-15T13:52:39+00:00\",\"dateModified\":\"2023-06-15T14:01:16+00:00\",\"description\":\"Fratello Sorella Toro Bo\u00eete de 20 Cigares | Une s\u00e9lection haut de gamme de produits du tabac, d'e-smoke et d'ustensiles pour fumer dans toute la Suisse | Cartes accept\u00e9es !\",\"breadcrumb\":{\"@id\":\"https:\/\/www.tabakversand.ch\/fr\/produit\/cigares-fratello-sorella-toro-20er-box\/#breadcrumb\"},\"inLanguage\":\"fr-FR\",\"potentialAction\":[{\"@type\":\"ReadAction\",\"target\":[\"https:\/\/www.tabakversand.ch\/fr\/produit\/cigares-fratello-sorella-toro-20er-box\/\"]}]},{\"@type\":\"ImageObject\",\"inLanguage\":\"fr-FR\",\"@id\":\"https:\/\/www.tabakversand.ch\/fr\/produit\/cigares-fratello-sorella-toro-20er-box\/#primaryimage\",\"url\":\"https:\/\/www.tabakversand.ch\/wp-content\/uploads\/2023\/06\/sorella-toro-box-open.jpg\",\"contentUrl\":\"https:\/\/www.tabakversand.ch\/wp-content\/uploads\/2023\/06\/sorella-toro-box-open.jpg\",\"width\":499,\"height\":500,\"caption\":\"Fratello Sorella Toro 20er Kistli Zigarren\"},{\"@type\":\"BreadcrumbList\",\"@id\":\"https:\/\/www.tabakversand.ch\/fr\/produit\/cigares-fratello-sorella-toro-20er-box\/#breadcrumb\",\"itemListElement\":[{\"@type\":\"ListItem\",\"position\":1,\"name\":\"Startseite\",\"item\":\"https:\/\/www.tabakversand.ch\/\"},{\"@type\":\"ListItem\",\"position\":2,\"name\":\"Boutique\",\"item\":\"https:\/\/www.tabakversand.ch\/fr\/boutique\/\"},{\"@type\":\"ListItem\",\"position\":3,\"name\":\"Fratello Sorella Toro Bo\u00eete de 20 Cigares\"}]},{\"@type\":\"WebSite\",\"@id\":\"https:\/\/www.tabakversand.ch\/#website\",\"url\":\"https:\/\/www.tabakversand.ch\/\",\"name\":\"Tabakversand.ch | Alles aus der Welt des Tabaks\",\"description\":\"Smoke and carpe diem\",\"potentialAction\":[{\"@type\":\"SearchAction\",\"target\":{\"@type\":\"EntryPoint\",\"urlTemplate\":\"https:\/\/www.tabakversand.ch\/?s={search_term_string}\"},\"query-input\":{\"@type\":\"PropertyValueSpecification\",\"valueRequired\":true,\"valueName\":\"search_term_string\"}}],\"inLanguage\":\"fr-FR\"}]}<\/script>\n<!-- \/ Yoast SEO plugin. -->","yoast_head_json":{"title":"Fratello Sorella Toro Bo\u00eete de 20 Cigares - tabakversand.ch","description":"Fratello Sorella Toro Bo\u00eete de 20 Cigares | Une s\u00e9lection haut de gamme de produits du tabac, d'e-smoke et d'ustensiles pour fumer dans toute la Suisse | Cartes accept\u00e9es !","robots":{"index":"index","follow":"follow","max-snippet":"max-snippet:-1","max-image-preview":"max-image-preview:large","max-video-preview":"max-video-preview:-1"},"canonical":"https:\/\/www.tabakversand.ch\/fr\/produit\/cigares-fratello-sorella-toro-20er-box\/","og_locale":"fr_FR","og_type":"article","og_title":"Fratello Sorella Toro Bo\u00eete de 20 Cigares - tabakversand.ch","og_description":"Fratello Sorella Toro Bo\u00eete de 20 Cigares | Une s\u00e9lection haut de gamme de produits du tabac, d'e-smoke et d'ustensiles pour fumer dans toute la Suisse | Cartes accept\u00e9es !","og_url":"https:\/\/www.tabakversand.ch\/fr\/produit\/cigares-fratello-sorella-toro-20er-box\/","og_site_name":"Tabakversand.ch | Alles aus der Welt des Tabaks","article_modified_time":"2023-06-15T14:01:16+00:00","og_image":[{"width":499,"height":500,"url":"https:\/\/www.tabakversand.ch\/wp-content\/uploads\/2023\/06\/sorella-toro-box-open.jpg","type":"image\/jpeg"}],"twitter_card":"summary_large_image","twitter_misc":{"Dur\u00e9e de lecture estim\u00e9e":"1 minute"},"schema":{"@context":"https:\/\/schema.org","@graph":[{"@type":"WebPage","@id":"https:\/\/www.tabakversand.ch\/fr\/produit\/cigares-fratello-sorella-toro-20er-box\/","url":"https:\/\/www.tabakversand.ch\/fr\/produit\/cigares-fratello-sorella-toro-20er-box\/","name":"Fratello Sorella Toro Bo\u00eete de 20 Cigares - tabakversand.ch","isPartOf":{"@id":"https:\/\/www.tabakversand.ch\/#website"},"primaryImageOfPage":{"@id":"https:\/\/www.tabakversand.ch\/fr\/produit\/cigares-fratello-sorella-toro-20er-box\/#primaryimage"},"image":{"@id":"https:\/\/www.tabakversand.ch\/fr\/produit\/cigares-fratello-sorella-toro-20er-box\/#primaryimage"},"thumbnailUrl":"https:\/\/www.tabakversand.ch\/wp-content\/uploads\/2023\/06\/sorella-toro-box-open.jpg","datePublished":"2023-06-15T13:52:39+00:00","dateModified":"2023-06-15T14:01:16+00:00","description":"Fratello Sorella Toro Bo\u00eete de 20 Cigares | Une s\u00e9lection haut de gamme de produits du tabac, d'e-smoke et d'ustensiles pour fumer dans toute la Suisse | Cartes accept\u00e9es !","breadcrumb":{"@id":"https:\/\/www.tabakversand.ch\/fr\/produit\/cigares-fratello-sorella-toro-20er-box\/#breadcrumb"},"inLanguage":"fr-FR","potentialAction":[{"@type":"ReadAction","target":["https:\/\/www.tabakversand.ch\/fr\/produit\/cigares-fratello-sorella-toro-20er-box\/"]}]},{"@type":"ImageObject","inLanguage":"fr-FR","@id":"https:\/\/www.tabakversand.ch\/fr\/produit\/cigares-fratello-sorella-toro-20er-box\/#primaryimage","url":"https:\/\/www.tabakversand.ch\/wp-content\/uploads\/2023\/06\/sorella-toro-box-open.jpg","contentUrl":"https:\/\/www.tabakversand.ch\/wp-content\/uploads\/2023\/06\/sorella-toro-box-open.jpg","width":499,"height":500,"caption":"Fratello Sorella Toro 20er Kistli Zigarren"},{"@type":"BreadcrumbList","@id":"https:\/\/www.tabakversand.ch\/fr\/produit\/cigares-fratello-sorella-toro-20er-box\/#breadcrumb","itemListElement":[{"@type":"ListItem","position":1,"name":"Startseite","item":"https:\/\/www.tabakversand.ch\/"},{"@type":"ListItem","position":2,"name":"Boutique","item":"https:\/\/www.tabakversand.ch\/fr\/boutique\/"},{"@type":"ListItem","position":3,"name":"Fratello Sorella Toro Bo\u00eete de 20 Cigares"}]},{"@type":"WebSite","@id":"https:\/\/www.tabakversand.ch\/#website","url":"https:\/\/www.tabakversand.ch\/","name":"Tabakversand.ch | Alles aus der Welt des Tabaks","description":"Smoke and carpe diem","potentialAction":[{"@type":"SearchAction","target":{"@type":"EntryPoint","urlTemplate":"https:\/\/www.tabakversand.ch\/?s={search_term_string}"},"query-input":{"@type":"PropertyValueSpecification","valueRequired":true,"valueName":"search_term_string"}}],"inLanguage":"fr-FR"}]}},"_links":{"self":[{"href":"https:\/\/www.tabakversand.ch\/fr\/wp-json\/wp\/v2\/product\/135885","targetHints":{"allow":["GET"]}}],"collection":[{"href":"https:\/\/www.tabakversand.ch\/fr\/wp-json\/wp\/v2\/product"}],"about":[{"href":"https:\/\/www.tabakversand.ch\/fr\/wp-json\/wp\/v2\/types\/product"}],"version-history":[{"count":0,"href":"https:\/\/www.tabakversand.ch\/fr\/wp-json\/wp\/v2\/product\/135885\/revisions"}],"wp:featuredmedia":[{"embeddable":true,"href":"https:\/\/www.tabakversand.ch\/fr\/wp-json\/wp\/v2\/media\/135889"}],"wp:attachment":[{"href":"https:\/\/www.tabakversand.ch\/fr\/wp-json\/wp\/v2\/media?parent=135885"}],"wp:term":[{"taxonomy":"product_brand","embeddable":true,"href":"https:\/\/www.tabakversand.ch\/fr\/wp-json\/wp\/v2\/product_brand?post=135885"},{"taxonomy":"product_cat","embeddable":true,"href":"https:\/\/www.tabakversand.ch\/fr\/wp-json\/wp\/v2\/product_cat?post=135885"},{"taxonomy":"product_tag","embeddable":true,"href":"https:\/\/www.tabakversand.ch\/fr\/wp-json\/wp\/v2\/product_tag?post=135885"}],"curies":[{"name":"wp","href":"https:\/\/api.w.org\/{rel}","templated":true}]}}