{"id":135954,"date":"2023-06-15T16:47:00","date_gmt":"2023-06-15T14:47:00","guid":{"rendered":"https:\/\/www.tabakversand.ch\/?post_type=product&#038;p=135954"},"modified":"2023-06-15T17:15:16","modified_gmt":"2023-06-15T15:15:16","slug":"fratello-navetta-decouverte-20er-kistli-cigares","status":"publish","type":"product","link":"https:\/\/www.tabakversand.ch\/fr\/produit\/fratello-navetta-decouverte-20er-kistli-cigares\/","title":{"rendered":"Fratello Navetta Coffret D\u00e9couverte de 20 Cigares"},"content":{"rendered":"<p>Fratello Navetta Coffret D\u00e9couverte de 20 Cigares<\/p>\n<p>\u00ab\u00a0Navetta\u00a0\u00bb signifie \u00ab\u00a0bateau\u00a0\u00bb ou \u00ab\u00a0vaisseau spatial\u00a0\u00bb en espagnol, ce qui n&rsquo;est pas sans rappeler le pass\u00e9 d&rsquo;Omar de Frias au sein de l&rsquo;agence spatiale am\u00e9ricaine NASA. Une fum\u00e9e tr\u00e8s sp\u00e9ciale avec des ar\u00f4mes de bois, de cuir et d&rsquo;herbe accompagn\u00e9s de quelques fruits. Une fum\u00e9e tr\u00e8s complexe avec du tabac de remplissage provenant d&rsquo;une plantation qui a \u00e9t\u00e9 stock\u00e9e pendant 3 ans.<\/p>\n<table width=\"435\">\n<tbody>\n<tr>\n<td>Feuille de couverture&nbsp;:<\/td>\n<td width=\"174\">Oscuro \u00c9quateur<\/td>\n<\/tr>\n<tr>\n<td>Incruster:<\/td>\n<td width=\"174\">Nicaragua<\/td>\n<\/tr>\n<tr>\n<td>Format:<\/td>\n<td width=\"174\">Robusto<\/td>\n<\/tr>\n<tr>\n<td>Origine:<\/td>\n<td width=\"174\">Nicaragua<\/td>\n<\/tr>\n<tr>\n<td>Pouce:<\/td>\n<td width=\"174\">5<\/td>\n<\/tr>\n<tr>\n<td>taille de bague:<\/td>\n<td width=\"174\">50<\/td>\n<\/tr>\n<tr>\n<td>classeur:<\/td>\n<td width=\"174\">Dom. R\u00e9publique<\/td>\n<\/tr>\n<\/tbody>\n<\/table>\n<p>Tous les prix ne sont valables que pour les commandes en ligne et comprennent La TVA, sont sujettes \u00e0 changement plus la TVA. Frais d\u2019exp\u00e9dition. Erreurs, changements dans l\u2019\u00e9tendue de la livraison et de la conception, erreurs d\u2019impression et changements de prix r\u00e9serv\u00e9s. Les prix barr\u00e9s sont stattpreise. L\u2019illustration peut diff\u00e9rer de l\u2019original \/ de la port\u00e9e de la livraison.<\/p>\n<p>*Livraison gratuite \u00e0 partir de CHF 250.- valeur de la commande.<\/p>\n","protected":false},"excerpt":{"rendered":"<p>Fratello Navetta Coffret D\u00e9couverte de 20 Cigares \u00ab\u00a0Navetta\u00a0\u00bb signifie \u00ab\u00a0bateau\u00a0\u00bb ou \u00ab\u00a0vaisseau spatial\u00a0\u00bb en espagnol, ce qui n&rsquo;est pas sans rappeler le pass\u00e9 d&rsquo;Omar de Frias au sein de l&rsquo;agence spatiale am\u00e9ricaine NASA. Une fum\u00e9e tr\u00e8s sp\u00e9ciale avec des ar\u00f4mes de bois, de cuir et d&rsquo;herbe accompagn\u00e9s de quelques fruits. Une fum\u00e9e tr\u00e8s complexe avec [&hellip;]<\/p>\n","protected":false},"featured_media":135958,"template":"","meta":[],"product_brand":[],"product_cat":[1993,3056,1994,2131],"product_tag":[],"class_list":{"0":"post-135954","1":"product","2":"type-product","3":"status-publish","4":"has-post-thumbnail","6":"product_cat-cigares","7":"product_cat-fratello-fr","8":"product_cat-monde-du-cigare","9":"product_cat-nicaragua-fr","11":"first","12":"onbackorder","13":"purchasable","14":"product-type-simple"},"yoast_head":"<!-- This site is optimized with the Yoast SEO plugin v27.5 - https:\/\/yoast.com\/product\/yoast-seo-wordpress\/ -->\n<title>Fratello Navetta Coffret D\u00e9couverte de 20 Cigares - tabakversand.ch<\/title>\n<meta name=\"description\" content=\"Coffret D\u00e9couverte Fratello Navetta de 20 Cigares | Une s\u00e9lection haut de gamme de produits du tabac, d&#039;e-smoke et d&#039;ustensiles pour fumer dans toute la Suisse | Cartes accept\u00e9es !\" \/>\n<meta name=\"robots\" content=\"index, follow, max-snippet:-1, max-image-preview:large, max-video-preview:-1\" \/>\n<link rel=\"canonical\" href=\"https:\/\/www.tabakversand.ch\/fr\/produit\/fratello-navetta-decouverte-20er-kistli-cigares\/\" \/>\n<meta property=\"og:locale\" content=\"fr_FR\" \/>\n<meta property=\"og:type\" content=\"article\" \/>\n<meta property=\"og:title\" content=\"Fratello Navetta Coffret D\u00e9couverte de 20 Cigares - tabakversand.ch\" \/>\n<meta property=\"og:description\" content=\"Coffret D\u00e9couverte Fratello Navetta de 20 Cigares | Une s\u00e9lection haut de gamme de produits du tabac, d&#039;e-smoke et d&#039;ustensiles pour fumer dans toute la Suisse | Cartes accept\u00e9es !\" \/>\n<meta property=\"og:url\" content=\"https:\/\/www.tabakversand.ch\/fr\/produit\/fratello-navetta-decouverte-20er-kistli-cigares\/\" \/>\n<meta property=\"og:site_name\" content=\"Tabakversand.ch | Alles aus der Welt des Tabaks\" \/>\n<meta property=\"article:modified_time\" content=\"2023-06-15T15:15:16+00:00\" \/>\n<meta property=\"og:image\" content=\"https:\/\/www.tabakversand.ch\/wp-content\/uploads\/2023\/06\/fratello-navetta-discovery-box-open.jpg\" \/>\n\t<meta property=\"og:image:width\" content=\"500\" \/>\n\t<meta property=\"og:image:height\" content=\"500\" \/>\n\t<meta property=\"og:image:type\" content=\"image\/jpeg\" \/>\n<meta name=\"twitter:card\" content=\"summary_large_image\" \/>\n<meta name=\"twitter:label1\" content=\"Dur\u00e9e de lecture estim\u00e9e\" \/>\n\t<meta name=\"twitter:data1\" content=\"1 minute\" \/>\n<script type=\"application\/ld+json\" class=\"yoast-schema-graph\">{\"@context\":\"https:\\\/\\\/schema.org\",\"@graph\":[{\"@type\":\"WebPage\",\"@id\":\"https:\\\/\\\/www.tabakversand.ch\\\/fr\\\/produit\\\/fratello-navetta-decouverte-20er-kistli-cigares\\\/\",\"url\":\"https:\\\/\\\/www.tabakversand.ch\\\/fr\\\/produit\\\/fratello-navetta-decouverte-20er-kistli-cigares\\\/\",\"name\":\"Fratello Navetta Coffret D\u00e9couverte de 20 Cigares - tabakversand.ch\",\"isPartOf\":{\"@id\":\"https:\\\/\\\/www.tabakversand.ch\\\/#website\"},\"primaryImageOfPage\":{\"@id\":\"https:\\\/\\\/www.tabakversand.ch\\\/fr\\\/produit\\\/fratello-navetta-decouverte-20er-kistli-cigares\\\/#primaryimage\"},\"image\":{\"@id\":\"https:\\\/\\\/www.tabakversand.ch\\\/fr\\\/produit\\\/fratello-navetta-decouverte-20er-kistli-cigares\\\/#primaryimage\"},\"thumbnailUrl\":\"https:\\\/\\\/www.tabakversand.ch\\\/wp-content\\\/uploads\\\/2023\\\/06\\\/fratello-navetta-discovery-box-open.jpg\",\"datePublished\":\"2023-06-15T14:47:00+00:00\",\"dateModified\":\"2023-06-15T15:15:16+00:00\",\"description\":\"Coffret D\u00e9couverte Fratello Navetta de 20 Cigares | Une s\u00e9lection haut de gamme de produits du tabac, d'e-smoke et d'ustensiles pour fumer dans toute la Suisse | Cartes accept\u00e9es !\",\"breadcrumb\":{\"@id\":\"https:\\\/\\\/www.tabakversand.ch\\\/fr\\\/produit\\\/fratello-navetta-decouverte-20er-kistli-cigares\\\/#breadcrumb\"},\"inLanguage\":\"fr-FR\",\"potentialAction\":[{\"@type\":\"ReadAction\",\"target\":[\"https:\\\/\\\/www.tabakversand.ch\\\/fr\\\/produit\\\/fratello-navetta-decouverte-20er-kistli-cigares\\\/\"]}]},{\"@type\":\"ImageObject\",\"inLanguage\":\"fr-FR\",\"@id\":\"https:\\\/\\\/www.tabakversand.ch\\\/fr\\\/produit\\\/fratello-navetta-decouverte-20er-kistli-cigares\\\/#primaryimage\",\"url\":\"https:\\\/\\\/www.tabakversand.ch\\\/wp-content\\\/uploads\\\/2023\\\/06\\\/fratello-navetta-discovery-box-open.jpg\",\"contentUrl\":\"https:\\\/\\\/www.tabakversand.ch\\\/wp-content\\\/uploads\\\/2023\\\/06\\\/fratello-navetta-discovery-box-open.jpg\",\"width\":500,\"height\":500,\"caption\":\"Fratello Navetta Discovery 20er Kistli Zigarren\"},{\"@type\":\"BreadcrumbList\",\"@id\":\"https:\\\/\\\/www.tabakversand.ch\\\/fr\\\/produit\\\/fratello-navetta-decouverte-20er-kistli-cigares\\\/#breadcrumb\",\"itemListElement\":[{\"@type\":\"ListItem\",\"position\":1,\"name\":\"Startseite\",\"item\":\"https:\\\/\\\/www.tabakversand.ch\\\/\"},{\"@type\":\"ListItem\",\"position\":2,\"name\":\"Boutique\",\"item\":\"https:\\\/\\\/www.tabakversand.ch\\\/fr\\\/boutique\\\/\"},{\"@type\":\"ListItem\",\"position\":3,\"name\":\"Fratello Navetta Coffret D\u00e9couverte de 20 Cigares\"}]},{\"@type\":\"WebSite\",\"@id\":\"https:\\\/\\\/www.tabakversand.ch\\\/#website\",\"url\":\"https:\\\/\\\/www.tabakversand.ch\\\/\",\"name\":\"Tabakversand.ch | Alles aus der Welt des Tabaks\",\"description\":\"Smoke and carpe diem\",\"potentialAction\":[{\"@type\":\"SearchAction\",\"target\":{\"@type\":\"EntryPoint\",\"urlTemplate\":\"https:\\\/\\\/www.tabakversand.ch\\\/?s={search_term_string}\"},\"query-input\":{\"@type\":\"PropertyValueSpecification\",\"valueRequired\":true,\"valueName\":\"search_term_string\"}}],\"inLanguage\":\"fr-FR\"}]}<\/script>\n<!-- \/ Yoast SEO plugin. -->","yoast_head_json":{"title":"Fratello Navetta Coffret D\u00e9couverte de 20 Cigares - tabakversand.ch","description":"Coffret D\u00e9couverte Fratello Navetta de 20 Cigares | Une s\u00e9lection haut de gamme de produits du tabac, d'e-smoke et d'ustensiles pour fumer dans toute la Suisse | Cartes accept\u00e9es !","robots":{"index":"index","follow":"follow","max-snippet":"max-snippet:-1","max-image-preview":"max-image-preview:large","max-video-preview":"max-video-preview:-1"},"canonical":"https:\/\/www.tabakversand.ch\/fr\/produit\/fratello-navetta-decouverte-20er-kistli-cigares\/","og_locale":"fr_FR","og_type":"article","og_title":"Fratello Navetta Coffret D\u00e9couverte de 20 Cigares - tabakversand.ch","og_description":"Coffret D\u00e9couverte Fratello Navetta de 20 Cigares | Une s\u00e9lection haut de gamme de produits du tabac, d'e-smoke et d'ustensiles pour fumer dans toute la Suisse | Cartes accept\u00e9es !","og_url":"https:\/\/www.tabakversand.ch\/fr\/produit\/fratello-navetta-decouverte-20er-kistli-cigares\/","og_site_name":"Tabakversand.ch | Alles aus der Welt des Tabaks","article_modified_time":"2023-06-15T15:15:16+00:00","og_image":[{"width":500,"height":500,"url":"https:\/\/www.tabakversand.ch\/wp-content\/uploads\/2023\/06\/fratello-navetta-discovery-box-open.jpg","type":"image\/jpeg"}],"twitter_card":"summary_large_image","twitter_misc":{"Dur\u00e9e de lecture estim\u00e9e":"1 minute"},"schema":{"@context":"https:\/\/schema.org","@graph":[{"@type":"WebPage","@id":"https:\/\/www.tabakversand.ch\/fr\/produit\/fratello-navetta-decouverte-20er-kistli-cigares\/","url":"https:\/\/www.tabakversand.ch\/fr\/produit\/fratello-navetta-decouverte-20er-kistli-cigares\/","name":"Fratello Navetta Coffret D\u00e9couverte de 20 Cigares - tabakversand.ch","isPartOf":{"@id":"https:\/\/www.tabakversand.ch\/#website"},"primaryImageOfPage":{"@id":"https:\/\/www.tabakversand.ch\/fr\/produit\/fratello-navetta-decouverte-20er-kistli-cigares\/#primaryimage"},"image":{"@id":"https:\/\/www.tabakversand.ch\/fr\/produit\/fratello-navetta-decouverte-20er-kistli-cigares\/#primaryimage"},"thumbnailUrl":"https:\/\/www.tabakversand.ch\/wp-content\/uploads\/2023\/06\/fratello-navetta-discovery-box-open.jpg","datePublished":"2023-06-15T14:47:00+00:00","dateModified":"2023-06-15T15:15:16+00:00","description":"Coffret D\u00e9couverte Fratello Navetta de 20 Cigares | Une s\u00e9lection haut de gamme de produits du tabac, d'e-smoke et d'ustensiles pour fumer dans toute la Suisse | Cartes accept\u00e9es !","breadcrumb":{"@id":"https:\/\/www.tabakversand.ch\/fr\/produit\/fratello-navetta-decouverte-20er-kistli-cigares\/#breadcrumb"},"inLanguage":"fr-FR","potentialAction":[{"@type":"ReadAction","target":["https:\/\/www.tabakversand.ch\/fr\/produit\/fratello-navetta-decouverte-20er-kistli-cigares\/"]}]},{"@type":"ImageObject","inLanguage":"fr-FR","@id":"https:\/\/www.tabakversand.ch\/fr\/produit\/fratello-navetta-decouverte-20er-kistli-cigares\/#primaryimage","url":"https:\/\/www.tabakversand.ch\/wp-content\/uploads\/2023\/06\/fratello-navetta-discovery-box-open.jpg","contentUrl":"https:\/\/www.tabakversand.ch\/wp-content\/uploads\/2023\/06\/fratello-navetta-discovery-box-open.jpg","width":500,"height":500,"caption":"Fratello Navetta Discovery 20er Kistli Zigarren"},{"@type":"BreadcrumbList","@id":"https:\/\/www.tabakversand.ch\/fr\/produit\/fratello-navetta-decouverte-20er-kistli-cigares\/#breadcrumb","itemListElement":[{"@type":"ListItem","position":1,"name":"Startseite","item":"https:\/\/www.tabakversand.ch\/"},{"@type":"ListItem","position":2,"name":"Boutique","item":"https:\/\/www.tabakversand.ch\/fr\/boutique\/"},{"@type":"ListItem","position":3,"name":"Fratello Navetta Coffret D\u00e9couverte de 20 Cigares"}]},{"@type":"WebSite","@id":"https:\/\/www.tabakversand.ch\/#website","url":"https:\/\/www.tabakversand.ch\/","name":"Tabakversand.ch | Alles aus der Welt des Tabaks","description":"Smoke and carpe diem","potentialAction":[{"@type":"SearchAction","target":{"@type":"EntryPoint","urlTemplate":"https:\/\/www.tabakversand.ch\/?s={search_term_string}"},"query-input":{"@type":"PropertyValueSpecification","valueRequired":true,"valueName":"search_term_string"}}],"inLanguage":"fr-FR"}]}},"_links":{"self":[{"href":"https:\/\/www.tabakversand.ch\/fr\/wp-json\/wp\/v2\/product\/135954","targetHints":{"allow":["GET"]}}],"collection":[{"href":"https:\/\/www.tabakversand.ch\/fr\/wp-json\/wp\/v2\/product"}],"about":[{"href":"https:\/\/www.tabakversand.ch\/fr\/wp-json\/wp\/v2\/types\/product"}],"version-history":[{"count":0,"href":"https:\/\/www.tabakversand.ch\/fr\/wp-json\/wp\/v2\/product\/135954\/revisions"}],"wp:featuredmedia":[{"embeddable":true,"href":"https:\/\/www.tabakversand.ch\/fr\/wp-json\/wp\/v2\/media\/135958"}],"wp:attachment":[{"href":"https:\/\/www.tabakversand.ch\/fr\/wp-json\/wp\/v2\/media?parent=135954"}],"wp:term":[{"taxonomy":"product_brand","embeddable":true,"href":"https:\/\/www.tabakversand.ch\/fr\/wp-json\/wp\/v2\/product_brand?post=135954"},{"taxonomy":"product_cat","embeddable":true,"href":"https:\/\/www.tabakversand.ch\/fr\/wp-json\/wp\/v2\/product_cat?post=135954"},{"taxonomy":"product_tag","embeddable":true,"href":"https:\/\/www.tabakversand.ch\/fr\/wp-json\/wp\/v2\/product_tag?post=135954"}],"curies":[{"name":"wp","href":"https:\/\/api.w.org\/{rel}","templated":true}]}}