{"id":136011,"date":"2023-06-16T14:29:54","date_gmt":"2023-06-16T12:29:54","guid":{"rendered":"https:\/\/www.tabakversand.ch\/?post_type=product&#038;p=136011"},"modified":"2023-06-16T14:39:58","modified_gmt":"2023-06-16T12:39:58","slug":"fratello-inverso-toro-grande-20er-cigares-kistli","status":"publish","type":"product","link":"https:\/\/www.tabakversand.ch\/fr\/produit\/fratello-inverso-toro-grande-20er-cigares-kistli\/","title":{"rendered":"Cigares Fratello Inverso Toro Grande 20er Box"},"content":{"rendered":"<p>Cigares Fratello Inverso Toro Grande 20er Box<\/p>\n<p>Navetta Inverso &#8211; la Navetta invers\u00e9e. Ici on se r\u00e9gale de cuir, de cacao et d&rsquo;\u00e9pices de th\u00e9 dans un bel \u00e9quilibre. Cette ligne montre \u00e0 quel point Omar s&rsquo;harmonise avec son ma\u00eetre m\u00e9langeur chez le fabricant de cigares Joya de Nicaragua. Il reste fid\u00e8le \u00e0 sa devise : \u00ab Je ne suis ni producteur ni ma\u00eetre assembleur, mais je suis un ma\u00eetre de la d\u00e9gustation et j&rsquo;ai des professionnels qui mettent en \u0153uvre exactement ce que je veux.<\/p>\n<table width=\"463\">\n<tbody>\n<tr>\n<td>Feuille de couverture&nbsp;:<\/td>\n<td width=\"273\">H. Seed Nicaragua<\/td>\n<\/tr>\n<tr>\n<td>Incruster:<\/td>\n<td width=\"273\">Dom. R\u00e9publique, Nicaragua<\/td>\n<\/tr>\n<tr>\n<td>Format:<\/td>\n<td width=\"273\">toro<\/td>\n<\/tr>\n<tr>\n<td>Origine:<\/td>\n<td width=\"273\">Nicaragua<\/td>\n<\/tr>\n<tr>\n<td>Pouce:<\/td>\n<td width=\"273\">6.25<\/td>\n<\/tr>\n<tr>\n<td>taille de bague:<\/td>\n<td width=\"273\">54<\/td>\n<\/tr>\n<tr>\n<td>classeur:<\/td>\n<td width=\"273\">\u00c9quateur<\/td>\n<\/tr>\n<\/tbody>\n<\/table>\n<p>Tous les prix ne sont valables que pour les commandes en ligne et comprennent La TVA, sont sujettes \u00e0 changement plus la TVA. Frais d\u2019exp\u00e9dition. Erreurs, changements dans l\u2019\u00e9tendue de la livraison et de la conception, erreurs d\u2019impression et changements de prix r\u00e9serv\u00e9s. Les prix barr\u00e9s sont stattpreise. L\u2019illustration peut diff\u00e9rer de l\u2019original \/ de la port\u00e9e de la livraison.<\/p>\n<p>*Livraison gratuite \u00e0 partir de CHF 250.- valeur de la commande.<\/p>\n","protected":false},"excerpt":{"rendered":"<p>Cigares Fratello Inverso Toro Grande 20er Box Navetta Inverso &#8211; la Navetta invers\u00e9e. Ici on se r\u00e9gale de cuir, de cacao et d&rsquo;\u00e9pices de th\u00e9 dans un bel \u00e9quilibre. Cette ligne montre \u00e0 quel point Omar s&rsquo;harmonise avec son ma\u00eetre m\u00e9langeur chez le fabricant de cigares Joya de Nicaragua. Il reste fid\u00e8le \u00e0 sa devise [&hellip;]<\/p>\n","protected":false},"featured_media":136015,"template":"","meta":[],"product_brand":[],"product_cat":[1993,3056,1994,2131],"product_tag":[],"class_list":{"0":"post-136011","1":"product","2":"type-product","3":"status-publish","4":"has-post-thumbnail","6":"product_cat-cigares","7":"product_cat-fratello-fr","8":"product_cat-monde-du-cigare","9":"product_cat-nicaragua-fr","11":"first","12":"onbackorder","13":"purchasable","14":"product-type-simple"},"yoast_head":"<!-- This site is optimized with the Yoast SEO plugin v27.0 - https:\/\/yoast.com\/product\/yoast-seo-wordpress\/ -->\n<title>Cigares Fratello Inverso Toro Grande 20er Box - tabakversand.ch<\/title>\n<meta name=\"description\" content=\"Cigares Fratello Inverso Toro Grande 20er Box | Une s\u00e9lection haut de gamme de produits du tabac, d&#039;e-smoke et d&#039;ustensiles pour fumer dans toute la Suisse | Cartes accept\u00e9es !\" \/>\n<meta name=\"robots\" content=\"index, follow, max-snippet:-1, max-image-preview:large, max-video-preview:-1\" \/>\n<link rel=\"canonical\" href=\"https:\/\/www.tabakversand.ch\/fr\/produit\/fratello-inverso-toro-grande-20er-cigares-kistli\/\" \/>\n<meta property=\"og:locale\" content=\"fr_FR\" \/>\n<meta property=\"og:type\" content=\"article\" \/>\n<meta property=\"og:title\" content=\"Cigares Fratello Inverso Toro Grande 20er Box - tabakversand.ch\" \/>\n<meta property=\"og:description\" content=\"Cigares Fratello Inverso Toro Grande 20er Box | Une s\u00e9lection haut de gamme de produits du tabac, d&#039;e-smoke et d&#039;ustensiles pour fumer dans toute la Suisse | Cartes accept\u00e9es !\" \/>\n<meta property=\"og:url\" content=\"https:\/\/www.tabakversand.ch\/fr\/produit\/fratello-inverso-toro-grande-20er-cigares-kistli\/\" \/>\n<meta property=\"og:site_name\" content=\"Tabakversand.ch | Alles aus der Welt des Tabaks\" \/>\n<meta property=\"article:modified_time\" content=\"2023-06-16T12:39:58+00:00\" \/>\n<meta property=\"og:image\" content=\"https:\/\/www.tabakversand.ch\/wp-content\/uploads\/2023\/06\/fratello-inverso-toro-grande-box.jpg\" \/>\n\t<meta property=\"og:image:width\" content=\"530\" \/>\n\t<meta property=\"og:image:height\" content=\"530\" \/>\n\t<meta property=\"og:image:type\" content=\"image\/jpeg\" \/>\n<meta name=\"twitter:card\" content=\"summary_large_image\" \/>\n<meta name=\"twitter:label1\" content=\"Dur\u00e9e de lecture estim\u00e9e\" \/>\n\t<meta name=\"twitter:data1\" content=\"1 minute\" \/>\n<script type=\"application\/ld+json\" class=\"yoast-schema-graph\">{\"@context\":\"https:\/\/schema.org\",\"@graph\":[{\"@type\":\"WebPage\",\"@id\":\"https:\/\/www.tabakversand.ch\/fr\/produit\/fratello-inverso-toro-grande-20er-cigares-kistli\/\",\"url\":\"https:\/\/www.tabakversand.ch\/fr\/produit\/fratello-inverso-toro-grande-20er-cigares-kistli\/\",\"name\":\"Cigares Fratello Inverso Toro Grande 20er Box - tabakversand.ch\",\"isPartOf\":{\"@id\":\"https:\/\/www.tabakversand.ch\/#website\"},\"primaryImageOfPage\":{\"@id\":\"https:\/\/www.tabakversand.ch\/fr\/produit\/fratello-inverso-toro-grande-20er-cigares-kistli\/#primaryimage\"},\"image\":{\"@id\":\"https:\/\/www.tabakversand.ch\/fr\/produit\/fratello-inverso-toro-grande-20er-cigares-kistli\/#primaryimage\"},\"thumbnailUrl\":\"https:\/\/www.tabakversand.ch\/wp-content\/uploads\/2023\/06\/fratello-inverso-toro-grande-box.jpg\",\"datePublished\":\"2023-06-16T12:29:54+00:00\",\"dateModified\":\"2023-06-16T12:39:58+00:00\",\"description\":\"Cigares Fratello Inverso Toro Grande 20er Box | Une s\u00e9lection haut de gamme de produits du tabac, d'e-smoke et d'ustensiles pour fumer dans toute la Suisse | Cartes accept\u00e9es !\",\"breadcrumb\":{\"@id\":\"https:\/\/www.tabakversand.ch\/fr\/produit\/fratello-inverso-toro-grande-20er-cigares-kistli\/#breadcrumb\"},\"inLanguage\":\"fr-FR\",\"potentialAction\":[{\"@type\":\"ReadAction\",\"target\":[\"https:\/\/www.tabakversand.ch\/fr\/produit\/fratello-inverso-toro-grande-20er-cigares-kistli\/\"]}]},{\"@type\":\"ImageObject\",\"inLanguage\":\"fr-FR\",\"@id\":\"https:\/\/www.tabakversand.ch\/fr\/produit\/fratello-inverso-toro-grande-20er-cigares-kistli\/#primaryimage\",\"url\":\"https:\/\/www.tabakversand.ch\/wp-content\/uploads\/2023\/06\/fratello-inverso-toro-grande-box.jpg\",\"contentUrl\":\"https:\/\/www.tabakversand.ch\/wp-content\/uploads\/2023\/06\/fratello-inverso-toro-grande-box.jpg\",\"width\":530,\"height\":530,\"caption\":\"Fratello Inverso Toro Grande 20er Kistli Zigarren\"},{\"@type\":\"BreadcrumbList\",\"@id\":\"https:\/\/www.tabakversand.ch\/fr\/produit\/fratello-inverso-toro-grande-20er-cigares-kistli\/#breadcrumb\",\"itemListElement\":[{\"@type\":\"ListItem\",\"position\":1,\"name\":\"Startseite\",\"item\":\"https:\/\/www.tabakversand.ch\/\"},{\"@type\":\"ListItem\",\"position\":2,\"name\":\"Boutique\",\"item\":\"https:\/\/www.tabakversand.ch\/fr\/boutique\/\"},{\"@type\":\"ListItem\",\"position\":3,\"name\":\"Cigares Fratello Inverso Toro Grande 20er Box\"}]},{\"@type\":\"WebSite\",\"@id\":\"https:\/\/www.tabakversand.ch\/#website\",\"url\":\"https:\/\/www.tabakversand.ch\/\",\"name\":\"Tabakversand.ch | Alles aus der Welt des Tabaks\",\"description\":\"Smoke and carpe diem\",\"potentialAction\":[{\"@type\":\"SearchAction\",\"target\":{\"@type\":\"EntryPoint\",\"urlTemplate\":\"https:\/\/www.tabakversand.ch\/?s={search_term_string}\"},\"query-input\":{\"@type\":\"PropertyValueSpecification\",\"valueRequired\":true,\"valueName\":\"search_term_string\"}}],\"inLanguage\":\"fr-FR\"}]}<\/script>\n<!-- \/ Yoast SEO plugin. -->","yoast_head_json":{"title":"Cigares Fratello Inverso Toro Grande 20er Box - tabakversand.ch","description":"Cigares Fratello Inverso Toro Grande 20er Box | Une s\u00e9lection haut de gamme de produits du tabac, d'e-smoke et d'ustensiles pour fumer dans toute la Suisse | Cartes accept\u00e9es !","robots":{"index":"index","follow":"follow","max-snippet":"max-snippet:-1","max-image-preview":"max-image-preview:large","max-video-preview":"max-video-preview:-1"},"canonical":"https:\/\/www.tabakversand.ch\/fr\/produit\/fratello-inverso-toro-grande-20er-cigares-kistli\/","og_locale":"fr_FR","og_type":"article","og_title":"Cigares Fratello Inverso Toro Grande 20er Box - tabakversand.ch","og_description":"Cigares Fratello Inverso Toro Grande 20er Box | Une s\u00e9lection haut de gamme de produits du tabac, d'e-smoke et d'ustensiles pour fumer dans toute la Suisse | Cartes accept\u00e9es !","og_url":"https:\/\/www.tabakversand.ch\/fr\/produit\/fratello-inverso-toro-grande-20er-cigares-kistli\/","og_site_name":"Tabakversand.ch | Alles aus der Welt des Tabaks","article_modified_time":"2023-06-16T12:39:58+00:00","og_image":[{"width":530,"height":530,"url":"https:\/\/www.tabakversand.ch\/wp-content\/uploads\/2023\/06\/fratello-inverso-toro-grande-box.jpg","type":"image\/jpeg"}],"twitter_card":"summary_large_image","twitter_misc":{"Dur\u00e9e de lecture estim\u00e9e":"1 minute"},"schema":{"@context":"https:\/\/schema.org","@graph":[{"@type":"WebPage","@id":"https:\/\/www.tabakversand.ch\/fr\/produit\/fratello-inverso-toro-grande-20er-cigares-kistli\/","url":"https:\/\/www.tabakversand.ch\/fr\/produit\/fratello-inverso-toro-grande-20er-cigares-kistli\/","name":"Cigares Fratello Inverso Toro Grande 20er Box - tabakversand.ch","isPartOf":{"@id":"https:\/\/www.tabakversand.ch\/#website"},"primaryImageOfPage":{"@id":"https:\/\/www.tabakversand.ch\/fr\/produit\/fratello-inverso-toro-grande-20er-cigares-kistli\/#primaryimage"},"image":{"@id":"https:\/\/www.tabakversand.ch\/fr\/produit\/fratello-inverso-toro-grande-20er-cigares-kistli\/#primaryimage"},"thumbnailUrl":"https:\/\/www.tabakversand.ch\/wp-content\/uploads\/2023\/06\/fratello-inverso-toro-grande-box.jpg","datePublished":"2023-06-16T12:29:54+00:00","dateModified":"2023-06-16T12:39:58+00:00","description":"Cigares Fratello Inverso Toro Grande 20er Box | Une s\u00e9lection haut de gamme de produits du tabac, d'e-smoke et d'ustensiles pour fumer dans toute la Suisse | Cartes accept\u00e9es !","breadcrumb":{"@id":"https:\/\/www.tabakversand.ch\/fr\/produit\/fratello-inverso-toro-grande-20er-cigares-kistli\/#breadcrumb"},"inLanguage":"fr-FR","potentialAction":[{"@type":"ReadAction","target":["https:\/\/www.tabakversand.ch\/fr\/produit\/fratello-inverso-toro-grande-20er-cigares-kistli\/"]}]},{"@type":"ImageObject","inLanguage":"fr-FR","@id":"https:\/\/www.tabakversand.ch\/fr\/produit\/fratello-inverso-toro-grande-20er-cigares-kistli\/#primaryimage","url":"https:\/\/www.tabakversand.ch\/wp-content\/uploads\/2023\/06\/fratello-inverso-toro-grande-box.jpg","contentUrl":"https:\/\/www.tabakversand.ch\/wp-content\/uploads\/2023\/06\/fratello-inverso-toro-grande-box.jpg","width":530,"height":530,"caption":"Fratello Inverso Toro Grande 20er Kistli Zigarren"},{"@type":"BreadcrumbList","@id":"https:\/\/www.tabakversand.ch\/fr\/produit\/fratello-inverso-toro-grande-20er-cigares-kistli\/#breadcrumb","itemListElement":[{"@type":"ListItem","position":1,"name":"Startseite","item":"https:\/\/www.tabakversand.ch\/"},{"@type":"ListItem","position":2,"name":"Boutique","item":"https:\/\/www.tabakversand.ch\/fr\/boutique\/"},{"@type":"ListItem","position":3,"name":"Cigares Fratello Inverso Toro Grande 20er Box"}]},{"@type":"WebSite","@id":"https:\/\/www.tabakversand.ch\/#website","url":"https:\/\/www.tabakversand.ch\/","name":"Tabakversand.ch | Alles aus der Welt des Tabaks","description":"Smoke and carpe diem","potentialAction":[{"@type":"SearchAction","target":{"@type":"EntryPoint","urlTemplate":"https:\/\/www.tabakversand.ch\/?s={search_term_string}"},"query-input":{"@type":"PropertyValueSpecification","valueRequired":true,"valueName":"search_term_string"}}],"inLanguage":"fr-FR"}]}},"_links":{"self":[{"href":"https:\/\/www.tabakversand.ch\/fr\/wp-json\/wp\/v2\/product\/136011","targetHints":{"allow":["GET"]}}],"collection":[{"href":"https:\/\/www.tabakversand.ch\/fr\/wp-json\/wp\/v2\/product"}],"about":[{"href":"https:\/\/www.tabakversand.ch\/fr\/wp-json\/wp\/v2\/types\/product"}],"version-history":[{"count":0,"href":"https:\/\/www.tabakversand.ch\/fr\/wp-json\/wp\/v2\/product\/136011\/revisions"}],"wp:featuredmedia":[{"embeddable":true,"href":"https:\/\/www.tabakversand.ch\/fr\/wp-json\/wp\/v2\/media\/136015"}],"wp:attachment":[{"href":"https:\/\/www.tabakversand.ch\/fr\/wp-json\/wp\/v2\/media?parent=136011"}],"wp:term":[{"taxonomy":"product_brand","embeddable":true,"href":"https:\/\/www.tabakversand.ch\/fr\/wp-json\/wp\/v2\/product_brand?post=136011"},{"taxonomy":"product_cat","embeddable":true,"href":"https:\/\/www.tabakversand.ch\/fr\/wp-json\/wp\/v2\/product_cat?post=136011"},{"taxonomy":"product_tag","embeddable":true,"href":"https:\/\/www.tabakversand.ch\/fr\/wp-json\/wp\/v2\/product_tag?post=136011"}],"curies":[{"name":"wp","href":"https:\/\/api.w.org\/{rel}","templated":true}]}}