{"id":136757,"date":"2023-08-10T16:06:11","date_gmt":"2023-08-10T14:06:11","guid":{"rendered":"https:\/\/www.tabakversand.ch\/?post_type=product&#038;p=136757"},"modified":"2025-12-28T21:26:19","modified_gmt":"2025-12-28T20:26:19","slug":"filtre-a-bonbons-villiger-cortos-5-x-10-pieces","status":"publish","type":"product","link":"https:\/\/www.tabakversand.ch\/fr\/produit\/filtre-a-bonbons-villiger-cortos-5-x-10-pieces\/","title":{"rendered":"Filtres \u00e0 bonbons Villiger Cortos 5 x 10 pi\u00e8ces."},"content":{"rendered":"<p>Filtres \u00e0 bonbons Villiger Cortos 5 x 10 pi\u00e8ces.<\/p>\n<p>&nbsp;<\/p>\n<p>Tous les prix s&rsquo;appliquent uniquement aux commandes en ligne et incluent la TVA. Sous r\u00e9serve de modifications sans pr\u00e9avis, frais de livraison en sus. Sous r\u00e9serve d&rsquo;erreurs, de modifications de contenu de livraison et de conception, de fautes d&rsquo;impression et de modifications de prix. Les prix barr\u00e9s sont des prix de remplacement. Les illustrations peuvent diff\u00e9rer de l&rsquo;original\/du contenu de livraison.<br \/>\n*Livraison gratuite pour les commandes sup\u00e9rieures \u00e0 CHF 250.-.<\/p>\n","protected":false},"excerpt":{"rendered":"<p>Filtres \u00e0 bonbons Villiger Cortos 5 x 10 pi\u00e8ces. &nbsp; Tous les prix s&rsquo;appliquent uniquement aux commandes en ligne et incluent la TVA. Sous r\u00e9serve de modifications sans pr\u00e9avis, frais de livraison en sus. Sous r\u00e9serve d&rsquo;erreurs, de modifications de contenu de livraison et de conception, de fautes d&rsquo;impression et de modifications de prix. Les [&hellip;]<\/p>\n","protected":false},"featured_media":136761,"template":"","meta":[],"product_brand":[1538],"product_cat":[1994,2059],"product_tag":[],"class_list":{"0":"post-136757","1":"product","2":"type-product","3":"status-publish","4":"has-post-thumbnail","6":"product_brand-villiger","7":"product_cat-monde-du-cigare","8":"product_cat-cigarillos-fr","10":"first","11":"onbackorder","12":"purchasable","13":"product-type-simple"},"yoast_head":"<!-- This site is optimized with the Yoast SEO plugin v27.0 - https:\/\/yoast.com\/product\/yoast-seo-wordpress\/ -->\n<title>Filtres \u00e0 bonbons Villiger Cortos 5 x 10 pi\u00e8ces. Tabakversand.ch | Alles aus der Welt des Tabaks -<\/title>\n<meta name=\"description\" content=\"Filtres \u00e0 bonbons Villiger Cortos 5 x 10 pi\u00e8ces. | Le plus grand choix de produits du tabac et d&#039;accessoires pour fumeurs de Suisse | Cartes accept\u00e9es !\" \/>\n<meta name=\"robots\" content=\"index, follow, max-snippet:-1, max-image-preview:large, max-video-preview:-1\" \/>\n<link rel=\"canonical\" href=\"https:\/\/www.tabakversand.ch\/fr\/produit\/filtre-a-bonbons-villiger-cortos-5-x-10-pieces\/\" \/>\n<meta property=\"og:locale\" content=\"fr_FR\" \/>\n<meta property=\"og:type\" content=\"article\" \/>\n<meta property=\"og:title\" content=\"Filtres \u00e0 bonbons Villiger Cortos 5 x 10 pi\u00e8ces. Tabakversand.ch | Alles aus der Welt des Tabaks -\" \/>\n<meta property=\"og:description\" content=\"Filtres \u00e0 bonbons Villiger Cortos 5 x 10 pi\u00e8ces. | Le plus grand choix de produits du tabac et d&#039;accessoires pour fumeurs de Suisse | Cartes accept\u00e9es !\" \/>\n<meta property=\"og:url\" content=\"https:\/\/www.tabakversand.ch\/fr\/produit\/filtre-a-bonbons-villiger-cortos-5-x-10-pieces\/\" \/>\n<meta property=\"og:site_name\" content=\"Tabakversand.ch | Alles aus der Welt des Tabaks\" \/>\n<meta property=\"article:modified_time\" content=\"2025-12-28T20:26:19+00:00\" \/>\n<meta property=\"og:image\" content=\"https:\/\/www.tabakversand.ch\/wp-content\/uploads\/2023\/08\/villiger-cortos-sweets.jpg\" \/>\n\t<meta property=\"og:image:width\" content=\"450\" \/>\n\t<meta property=\"og:image:height\" content=\"450\" \/>\n\t<meta property=\"og:image:type\" content=\"image\/jpeg\" \/>\n<meta name=\"twitter:card\" content=\"summary_large_image\" \/>\n<meta name=\"twitter:label1\" content=\"Dur\u00e9e de lecture estim\u00e9e\" \/>\n\t<meta name=\"twitter:data1\" content=\"1 minute\" \/>\n<script type=\"application\/ld+json\" class=\"yoast-schema-graph\">{\"@context\":\"https:\/\/schema.org\",\"@graph\":[{\"@type\":\"WebPage\",\"@id\":\"https:\/\/www.tabakversand.ch\/fr\/produit\/filtre-a-bonbons-villiger-cortos-5-x-10-pieces\/\",\"url\":\"https:\/\/www.tabakversand.ch\/fr\/produit\/filtre-a-bonbons-villiger-cortos-5-x-10-pieces\/\",\"name\":\"Filtres \u00e0 bonbons Villiger Cortos 5 x 10 pi\u00e8ces. Tabakversand.ch | Alles aus der Welt des Tabaks -\",\"isPartOf\":{\"@id\":\"https:\/\/www.tabakversand.ch\/#website\"},\"primaryImageOfPage\":{\"@id\":\"https:\/\/www.tabakversand.ch\/fr\/produit\/filtre-a-bonbons-villiger-cortos-5-x-10-pieces\/#primaryimage\"},\"image\":{\"@id\":\"https:\/\/www.tabakversand.ch\/fr\/produit\/filtre-a-bonbons-villiger-cortos-5-x-10-pieces\/#primaryimage\"},\"thumbnailUrl\":\"https:\/\/www.tabakversand.ch\/wp-content\/uploads\/2023\/08\/villiger-cortos-sweets.jpg\",\"datePublished\":\"2023-08-10T14:06:11+00:00\",\"dateModified\":\"2025-12-28T20:26:19+00:00\",\"description\":\"Filtres \u00e0 bonbons Villiger Cortos 5 x 10 pi\u00e8ces. | Le plus grand choix de produits du tabac et d'accessoires pour fumeurs de Suisse | Cartes accept\u00e9es !\",\"breadcrumb\":{\"@id\":\"https:\/\/www.tabakversand.ch\/fr\/produit\/filtre-a-bonbons-villiger-cortos-5-x-10-pieces\/#breadcrumb\"},\"inLanguage\":\"fr-FR\",\"potentialAction\":[{\"@type\":\"ReadAction\",\"target\":[\"https:\/\/www.tabakversand.ch\/fr\/produit\/filtre-a-bonbons-villiger-cortos-5-x-10-pieces\/\"]}]},{\"@type\":\"ImageObject\",\"inLanguage\":\"fr-FR\",\"@id\":\"https:\/\/www.tabakversand.ch\/fr\/produit\/filtre-a-bonbons-villiger-cortos-5-x-10-pieces\/#primaryimage\",\"url\":\"https:\/\/www.tabakversand.ch\/wp-content\/uploads\/2023\/08\/villiger-cortos-sweets.jpg\",\"contentUrl\":\"https:\/\/www.tabakversand.ch\/wp-content\/uploads\/2023\/08\/villiger-cortos-sweets.jpg\",\"width\":450,\"height\":450,\"caption\":\"Filtre \u00e0 bonbons Villiger Cortos | Tabakversand.ch\"},{\"@type\":\"BreadcrumbList\",\"@id\":\"https:\/\/www.tabakversand.ch\/fr\/produit\/filtre-a-bonbons-villiger-cortos-5-x-10-pieces\/#breadcrumb\",\"itemListElement\":[{\"@type\":\"ListItem\",\"position\":1,\"name\":\"Startseite\",\"item\":\"https:\/\/www.tabakversand.ch\/\"},{\"@type\":\"ListItem\",\"position\":2,\"name\":\"Boutique\",\"item\":\"https:\/\/www.tabakversand.ch\/fr\/boutique\/\"},{\"@type\":\"ListItem\",\"position\":3,\"name\":\"Filtres \u00e0 bonbons Villiger Cortos 5 x 10 pi\u00e8ces.\"}]},{\"@type\":\"WebSite\",\"@id\":\"https:\/\/www.tabakversand.ch\/#website\",\"url\":\"https:\/\/www.tabakversand.ch\/\",\"name\":\"Tabakversand.ch | Alles aus der Welt des Tabaks\",\"description\":\"Smoke and carpe diem\",\"potentialAction\":[{\"@type\":\"SearchAction\",\"target\":{\"@type\":\"EntryPoint\",\"urlTemplate\":\"https:\/\/www.tabakversand.ch\/?s={search_term_string}\"},\"query-input\":{\"@type\":\"PropertyValueSpecification\",\"valueRequired\":true,\"valueName\":\"search_term_string\"}}],\"inLanguage\":\"fr-FR\"}]}<\/script>\n<!-- \/ Yoast SEO plugin. -->","yoast_head_json":{"title":"Filtres \u00e0 bonbons Villiger Cortos 5 x 10 pi\u00e8ces. Tabakversand.ch | Alles aus der Welt des Tabaks -","description":"Filtres \u00e0 bonbons Villiger Cortos 5 x 10 pi\u00e8ces. | Le plus grand choix de produits du tabac et d'accessoires pour fumeurs de Suisse | Cartes accept\u00e9es !","robots":{"index":"index","follow":"follow","max-snippet":"max-snippet:-1","max-image-preview":"max-image-preview:large","max-video-preview":"max-video-preview:-1"},"canonical":"https:\/\/www.tabakversand.ch\/fr\/produit\/filtre-a-bonbons-villiger-cortos-5-x-10-pieces\/","og_locale":"fr_FR","og_type":"article","og_title":"Filtres \u00e0 bonbons Villiger Cortos 5 x 10 pi\u00e8ces. Tabakversand.ch | Alles aus der Welt des Tabaks -","og_description":"Filtres \u00e0 bonbons Villiger Cortos 5 x 10 pi\u00e8ces. | Le plus grand choix de produits du tabac et d'accessoires pour fumeurs de Suisse | Cartes accept\u00e9es !","og_url":"https:\/\/www.tabakversand.ch\/fr\/produit\/filtre-a-bonbons-villiger-cortos-5-x-10-pieces\/","og_site_name":"Tabakversand.ch | Alles aus der Welt des Tabaks","article_modified_time":"2025-12-28T20:26:19+00:00","og_image":[{"width":450,"height":450,"url":"https:\/\/www.tabakversand.ch\/wp-content\/uploads\/2023\/08\/villiger-cortos-sweets.jpg","type":"image\/jpeg"}],"twitter_card":"summary_large_image","twitter_misc":{"Dur\u00e9e de lecture estim\u00e9e":"1 minute"},"schema":{"@context":"https:\/\/schema.org","@graph":[{"@type":"WebPage","@id":"https:\/\/www.tabakversand.ch\/fr\/produit\/filtre-a-bonbons-villiger-cortos-5-x-10-pieces\/","url":"https:\/\/www.tabakversand.ch\/fr\/produit\/filtre-a-bonbons-villiger-cortos-5-x-10-pieces\/","name":"Filtres \u00e0 bonbons Villiger Cortos 5 x 10 pi\u00e8ces. Tabakversand.ch | Alles aus der Welt des Tabaks -","isPartOf":{"@id":"https:\/\/www.tabakversand.ch\/#website"},"primaryImageOfPage":{"@id":"https:\/\/www.tabakversand.ch\/fr\/produit\/filtre-a-bonbons-villiger-cortos-5-x-10-pieces\/#primaryimage"},"image":{"@id":"https:\/\/www.tabakversand.ch\/fr\/produit\/filtre-a-bonbons-villiger-cortos-5-x-10-pieces\/#primaryimage"},"thumbnailUrl":"https:\/\/www.tabakversand.ch\/wp-content\/uploads\/2023\/08\/villiger-cortos-sweets.jpg","datePublished":"2023-08-10T14:06:11+00:00","dateModified":"2025-12-28T20:26:19+00:00","description":"Filtres \u00e0 bonbons Villiger Cortos 5 x 10 pi\u00e8ces. | Le plus grand choix de produits du tabac et d'accessoires pour fumeurs de Suisse | Cartes accept\u00e9es !","breadcrumb":{"@id":"https:\/\/www.tabakversand.ch\/fr\/produit\/filtre-a-bonbons-villiger-cortos-5-x-10-pieces\/#breadcrumb"},"inLanguage":"fr-FR","potentialAction":[{"@type":"ReadAction","target":["https:\/\/www.tabakversand.ch\/fr\/produit\/filtre-a-bonbons-villiger-cortos-5-x-10-pieces\/"]}]},{"@type":"ImageObject","inLanguage":"fr-FR","@id":"https:\/\/www.tabakversand.ch\/fr\/produit\/filtre-a-bonbons-villiger-cortos-5-x-10-pieces\/#primaryimage","url":"https:\/\/www.tabakversand.ch\/wp-content\/uploads\/2023\/08\/villiger-cortos-sweets.jpg","contentUrl":"https:\/\/www.tabakversand.ch\/wp-content\/uploads\/2023\/08\/villiger-cortos-sweets.jpg","width":450,"height":450,"caption":"Filtre \u00e0 bonbons Villiger Cortos | Tabakversand.ch"},{"@type":"BreadcrumbList","@id":"https:\/\/www.tabakversand.ch\/fr\/produit\/filtre-a-bonbons-villiger-cortos-5-x-10-pieces\/#breadcrumb","itemListElement":[{"@type":"ListItem","position":1,"name":"Startseite","item":"https:\/\/www.tabakversand.ch\/"},{"@type":"ListItem","position":2,"name":"Boutique","item":"https:\/\/www.tabakversand.ch\/fr\/boutique\/"},{"@type":"ListItem","position":3,"name":"Filtres \u00e0 bonbons Villiger Cortos 5 x 10 pi\u00e8ces."}]},{"@type":"WebSite","@id":"https:\/\/www.tabakversand.ch\/#website","url":"https:\/\/www.tabakversand.ch\/","name":"Tabakversand.ch | Alles aus der Welt des Tabaks","description":"Smoke and carpe diem","potentialAction":[{"@type":"SearchAction","target":{"@type":"EntryPoint","urlTemplate":"https:\/\/www.tabakversand.ch\/?s={search_term_string}"},"query-input":{"@type":"PropertyValueSpecification","valueRequired":true,"valueName":"search_term_string"}}],"inLanguage":"fr-FR"}]}},"_links":{"self":[{"href":"https:\/\/www.tabakversand.ch\/fr\/wp-json\/wp\/v2\/product\/136757","targetHints":{"allow":["GET"]}}],"collection":[{"href":"https:\/\/www.tabakversand.ch\/fr\/wp-json\/wp\/v2\/product"}],"about":[{"href":"https:\/\/www.tabakversand.ch\/fr\/wp-json\/wp\/v2\/types\/product"}],"version-history":[{"count":5,"href":"https:\/\/www.tabakversand.ch\/fr\/wp-json\/wp\/v2\/product\/136757\/revisions"}],"predecessor-version":[{"id":207958,"href":"https:\/\/www.tabakversand.ch\/fr\/wp-json\/wp\/v2\/product\/136757\/revisions\/207958"}],"wp:featuredmedia":[{"embeddable":true,"href":"https:\/\/www.tabakversand.ch\/fr\/wp-json\/wp\/v2\/media\/136761"}],"wp:attachment":[{"href":"https:\/\/www.tabakversand.ch\/fr\/wp-json\/wp\/v2\/media?parent=136757"}],"wp:term":[{"taxonomy":"product_brand","embeddable":true,"href":"https:\/\/www.tabakversand.ch\/fr\/wp-json\/wp\/v2\/product_brand?post=136757"},{"taxonomy":"product_cat","embeddable":true,"href":"https:\/\/www.tabakversand.ch\/fr\/wp-json\/wp\/v2\/product_cat?post=136757"},{"taxonomy":"product_tag","embeddable":true,"href":"https:\/\/www.tabakversand.ch\/fr\/wp-json\/wp\/v2\/product_tag?post=136757"}],"curies":[{"name":"wp","href":"https:\/\/api.w.org\/{rel}","templated":true}]}}