{"id":137518,"date":"2023-09-04T13:32:50","date_gmt":"2023-09-04T11:32:50","guid":{"rendered":"https:\/\/www.tabakversand.ch\/?post_type=product&#038;p=137518"},"modified":"2026-02-04T10:06:06","modified_gmt":"2026-02-04T09:06:06","slug":"qualicann-cbd-huile-entiere-10ml-12","status":"publish","type":"product","link":"https:\/\/www.tabakversand.ch\/fr\/produit\/qualicann-cbd-huile-entiere-10ml-12\/","title":{"rendered":"Qualicann Huile CBD Enti\u00e8re 10ml 12%"},"content":{"rendered":"<div id=\"tab-label-description\" class=\"data item title active\" role=\"tab\" data-role=\"collapsible\" data-collapsible=\"true\">\n<div id=\"description\" class=\"data item content\" role=\"tabpanel\" data-role=\"content\" aria-labelledby=\"tab-label-description\" aria-hidden=\"false\">\n<div class=\"product attribute9 description\">\n<p>Qualicann Huile CBD Enti\u00e8re 10ml 12%<\/p>\n<p>Comme toutes les huiles Entier, l\u2019huile CBD ENTIRE est une v\u00e9ritable huile \u00e0 extrait complet. Il contient non seulement du pr\u00e9cieux CBD, mais \u00e9galement tous les autres ingr\u00e9dients primaires et secondaires de la fleur de cannabis, dont le THC.<\/p>\n<ul>\n<li>Ar\u00f4me de romarin<\/li>\n<li>A base d&rsquo;extrait pur de Cannabis Sativa L. 100% naturel<\/li>\n<li>Extraction \u00e0 l&rsquo;\u00e9thanol (v\u00e9ritable extrait complet)<\/li>\n<li>Odeur : cannabis, noisette, neutre<\/li>\n<li>Contenu du flacon : 10 ml avec environ 200 gouttes chacune<\/li>\n<\/ul>\n<\/div>\n<\/div>\n<p>Tous les prix s&rsquo;appliquent uniquement aux commandes en ligne et incluent la TVA. Sous r\u00e9serve de modifications sans pr\u00e9avis, frais de livraison en sus. Sous r\u00e9serve d&rsquo;erreurs, de modifications de contenu de livraison et de conception, de fautes d&rsquo;impression et de modifications de prix. Les prix barr\u00e9s sont des prix de remplacement. Les illustrations peuvent diff\u00e9rer de l&rsquo;original\/du contenu de livraison.     <\/p>\n<\/div>\n<p>*Livraison gratuite pour les commandes sup\u00e9rieures \u00e0 CHF 250.-.<\/p>\n","protected":false},"excerpt":{"rendered":"<p>Qualicann Huile CBD Enti\u00e8re 10ml 12% Comme toutes les huiles Entier, l\u2019huile CBD ENTIRE est une v\u00e9ritable huile \u00e0 extrait complet. Il contient non seulement du pr\u00e9cieux CBD, mais \u00e9galement tous les autres ingr\u00e9dients primaires et secondaires de la fleur de cannabis, dont le THC. Ar\u00f4me de romarin A base d&rsquo;extrait pur de Cannabis Sativa [&hellip;]<\/p>\n","protected":false},"featured_media":137587,"template":"","meta":[],"product_brand":[5235],"product_cat":[1995,3075],"product_tag":[],"class_list":{"0":"post-137518","1":"product","2":"type-product","3":"status-publish","4":"has-post-thumbnail","6":"product_brand-qualicann","7":"product_cat-divers-headshop","8":"product_cat-huile-de-cbd","10":"first","11":"onbackorder","12":"purchasable","13":"product-type-simple"},"yoast_head":"<!-- This site is optimized with the Yoast SEO plugin v27.0 - https:\/\/yoast.com\/product\/yoast-seo-wordpress\/ -->\n<title>Qualicann Huile CBD Enti\u00e8re 10ml 12% - tabakversand.ch<\/title>\n<meta name=\"description\" content=\"Huile de CBD Qualicann enti\u00e8re 10 ml 12% | Un grand choix de e-liquides, e-cigarettes et e-pipes dans toute la Suisse | Cartes accept\u00e9es !\" \/>\n<meta name=\"robots\" content=\"index, follow, max-snippet:-1, max-image-preview:large, max-video-preview:-1\" \/>\n<link rel=\"canonical\" href=\"https:\/\/www.tabakversand.ch\/fr\/produit\/qualicann-cbd-huile-entiere-10ml-12\/\" \/>\n<meta property=\"og:locale\" content=\"fr_FR\" \/>\n<meta property=\"og:type\" content=\"article\" \/>\n<meta property=\"og:title\" content=\"Qualicann Huile CBD Enti\u00e8re 10ml 12% - tabakversand.ch\" \/>\n<meta property=\"og:description\" content=\"Huile de CBD Qualicann enti\u00e8re 10 ml 12% | Un grand choix de e-liquides, e-cigarettes et e-pipes dans toute la Suisse | Cartes accept\u00e9es !\" \/>\n<meta property=\"og:url\" content=\"https:\/\/www.tabakversand.ch\/fr\/produit\/qualicann-cbd-huile-entiere-10ml-12\/\" \/>\n<meta property=\"og:site_name\" content=\"Tabakversand.ch | Alles aus der Welt des Tabaks\" \/>\n<meta property=\"article:modified_time\" content=\"2026-02-04T09:06:06+00:00\" \/>\n<meta property=\"og:image\" content=\"https:\/\/www.tabakversand.ch\/wp-content\/uploads\/2023\/09\/qualicann-cbd-oel-entire-10ml-12.jpg\" \/>\n\t<meta property=\"og:image:width\" content=\"500\" \/>\n\t<meta property=\"og:image:height\" content=\"500\" \/>\n\t<meta property=\"og:image:type\" content=\"image\/jpeg\" \/>\n<meta name=\"twitter:card\" content=\"summary_large_image\" \/>\n<meta name=\"twitter:label1\" content=\"Dur\u00e9e de lecture estim\u00e9e\" \/>\n\t<meta name=\"twitter:data1\" content=\"1 minute\" \/>\n<script type=\"application\/ld+json\" class=\"yoast-schema-graph\">{\"@context\":\"https:\/\/schema.org\",\"@graph\":[{\"@type\":\"WebPage\",\"@id\":\"https:\/\/www.tabakversand.ch\/fr\/produit\/qualicann-cbd-huile-entiere-10ml-12\/\",\"url\":\"https:\/\/www.tabakversand.ch\/fr\/produit\/qualicann-cbd-huile-entiere-10ml-12\/\",\"name\":\"Qualicann Huile CBD Enti\u00e8re 10ml 12% - tabakversand.ch\",\"isPartOf\":{\"@id\":\"https:\/\/www.tabakversand.ch\/#website\"},\"primaryImageOfPage\":{\"@id\":\"https:\/\/www.tabakversand.ch\/fr\/produit\/qualicann-cbd-huile-entiere-10ml-12\/#primaryimage\"},\"image\":{\"@id\":\"https:\/\/www.tabakversand.ch\/fr\/produit\/qualicann-cbd-huile-entiere-10ml-12\/#primaryimage\"},\"thumbnailUrl\":\"https:\/\/www.tabakversand.ch\/wp-content\/uploads\/2023\/09\/qualicann-cbd-oel-entire-10ml-12.jpg\",\"datePublished\":\"2023-09-04T11:32:50+00:00\",\"dateModified\":\"2026-02-04T09:06:06+00:00\",\"description\":\"Huile de CBD Qualicann enti\u00e8re 10 ml 12% | Un grand choix de e-liquides, e-cigarettes et e-pipes dans toute la Suisse | Cartes accept\u00e9es !\",\"breadcrumb\":{\"@id\":\"https:\/\/www.tabakversand.ch\/fr\/produit\/qualicann-cbd-huile-entiere-10ml-12\/#breadcrumb\"},\"inLanguage\":\"fr-FR\",\"potentialAction\":[{\"@type\":\"ReadAction\",\"target\":[\"https:\/\/www.tabakversand.ch\/fr\/produit\/qualicann-cbd-huile-entiere-10ml-12\/\"]}]},{\"@type\":\"ImageObject\",\"inLanguage\":\"fr-FR\",\"@id\":\"https:\/\/www.tabakversand.ch\/fr\/produit\/qualicann-cbd-huile-entiere-10ml-12\/#primaryimage\",\"url\":\"https:\/\/www.tabakversand.ch\/wp-content\/uploads\/2023\/09\/qualicann-cbd-oel-entire-10ml-12.jpg\",\"contentUrl\":\"https:\/\/www.tabakversand.ch\/wp-content\/uploads\/2023\/09\/qualicann-cbd-oel-entire-10ml-12.jpg\",\"width\":500,\"height\":500,\"caption\":\"Huile de CBD Qualicann 10 ml 12 % | Tabakversand.ch\"},{\"@type\":\"BreadcrumbList\",\"@id\":\"https:\/\/www.tabakversand.ch\/fr\/produit\/qualicann-cbd-huile-entiere-10ml-12\/#breadcrumb\",\"itemListElement\":[{\"@type\":\"ListItem\",\"position\":1,\"name\":\"Startseite\",\"item\":\"https:\/\/www.tabakversand.ch\/\"},{\"@type\":\"ListItem\",\"position\":2,\"name\":\"Boutique\",\"item\":\"https:\/\/www.tabakversand.ch\/fr\/boutique\/\"},{\"@type\":\"ListItem\",\"position\":3,\"name\":\"Qualicann Huile CBD Enti\u00e8re 10ml 12%\"}]},{\"@type\":\"WebSite\",\"@id\":\"https:\/\/www.tabakversand.ch\/#website\",\"url\":\"https:\/\/www.tabakversand.ch\/\",\"name\":\"Tabakversand.ch | Alles aus der Welt des Tabaks\",\"description\":\"Smoke and carpe diem\",\"potentialAction\":[{\"@type\":\"SearchAction\",\"target\":{\"@type\":\"EntryPoint\",\"urlTemplate\":\"https:\/\/www.tabakversand.ch\/?s={search_term_string}\"},\"query-input\":{\"@type\":\"PropertyValueSpecification\",\"valueRequired\":true,\"valueName\":\"search_term_string\"}}],\"inLanguage\":\"fr-FR\"}]}<\/script>\n<!-- \/ Yoast SEO plugin. -->","yoast_head_json":{"title":"Qualicann Huile CBD Enti\u00e8re 10ml 12% - tabakversand.ch","description":"Huile de CBD Qualicann enti\u00e8re 10 ml 12% | Un grand choix de e-liquides, e-cigarettes et e-pipes dans toute la Suisse | Cartes accept\u00e9es !","robots":{"index":"index","follow":"follow","max-snippet":"max-snippet:-1","max-image-preview":"max-image-preview:large","max-video-preview":"max-video-preview:-1"},"canonical":"https:\/\/www.tabakversand.ch\/fr\/produit\/qualicann-cbd-huile-entiere-10ml-12\/","og_locale":"fr_FR","og_type":"article","og_title":"Qualicann Huile CBD Enti\u00e8re 10ml 12% - tabakversand.ch","og_description":"Huile de CBD Qualicann enti\u00e8re 10 ml 12% | Un grand choix de e-liquides, e-cigarettes et e-pipes dans toute la Suisse | Cartes accept\u00e9es !","og_url":"https:\/\/www.tabakversand.ch\/fr\/produit\/qualicann-cbd-huile-entiere-10ml-12\/","og_site_name":"Tabakversand.ch | Alles aus der Welt des Tabaks","article_modified_time":"2026-02-04T09:06:06+00:00","og_image":[{"width":500,"height":500,"url":"https:\/\/www.tabakversand.ch\/wp-content\/uploads\/2023\/09\/qualicann-cbd-oel-entire-10ml-12.jpg","type":"image\/jpeg"}],"twitter_card":"summary_large_image","twitter_misc":{"Dur\u00e9e de lecture estim\u00e9e":"1 minute"},"schema":{"@context":"https:\/\/schema.org","@graph":[{"@type":"WebPage","@id":"https:\/\/www.tabakversand.ch\/fr\/produit\/qualicann-cbd-huile-entiere-10ml-12\/","url":"https:\/\/www.tabakversand.ch\/fr\/produit\/qualicann-cbd-huile-entiere-10ml-12\/","name":"Qualicann Huile CBD Enti\u00e8re 10ml 12% - tabakversand.ch","isPartOf":{"@id":"https:\/\/www.tabakversand.ch\/#website"},"primaryImageOfPage":{"@id":"https:\/\/www.tabakversand.ch\/fr\/produit\/qualicann-cbd-huile-entiere-10ml-12\/#primaryimage"},"image":{"@id":"https:\/\/www.tabakversand.ch\/fr\/produit\/qualicann-cbd-huile-entiere-10ml-12\/#primaryimage"},"thumbnailUrl":"https:\/\/www.tabakversand.ch\/wp-content\/uploads\/2023\/09\/qualicann-cbd-oel-entire-10ml-12.jpg","datePublished":"2023-09-04T11:32:50+00:00","dateModified":"2026-02-04T09:06:06+00:00","description":"Huile de CBD Qualicann enti\u00e8re 10 ml 12% | Un grand choix de e-liquides, e-cigarettes et e-pipes dans toute la Suisse | Cartes accept\u00e9es !","breadcrumb":{"@id":"https:\/\/www.tabakversand.ch\/fr\/produit\/qualicann-cbd-huile-entiere-10ml-12\/#breadcrumb"},"inLanguage":"fr-FR","potentialAction":[{"@type":"ReadAction","target":["https:\/\/www.tabakversand.ch\/fr\/produit\/qualicann-cbd-huile-entiere-10ml-12\/"]}]},{"@type":"ImageObject","inLanguage":"fr-FR","@id":"https:\/\/www.tabakversand.ch\/fr\/produit\/qualicann-cbd-huile-entiere-10ml-12\/#primaryimage","url":"https:\/\/www.tabakversand.ch\/wp-content\/uploads\/2023\/09\/qualicann-cbd-oel-entire-10ml-12.jpg","contentUrl":"https:\/\/www.tabakversand.ch\/wp-content\/uploads\/2023\/09\/qualicann-cbd-oel-entire-10ml-12.jpg","width":500,"height":500,"caption":"Huile de CBD Qualicann 10 ml 12 % | Tabakversand.ch"},{"@type":"BreadcrumbList","@id":"https:\/\/www.tabakversand.ch\/fr\/produit\/qualicann-cbd-huile-entiere-10ml-12\/#breadcrumb","itemListElement":[{"@type":"ListItem","position":1,"name":"Startseite","item":"https:\/\/www.tabakversand.ch\/"},{"@type":"ListItem","position":2,"name":"Boutique","item":"https:\/\/www.tabakversand.ch\/fr\/boutique\/"},{"@type":"ListItem","position":3,"name":"Qualicann Huile CBD Enti\u00e8re 10ml 12%"}]},{"@type":"WebSite","@id":"https:\/\/www.tabakversand.ch\/#website","url":"https:\/\/www.tabakversand.ch\/","name":"Tabakversand.ch | Alles aus der Welt des Tabaks","description":"Smoke and carpe diem","potentialAction":[{"@type":"SearchAction","target":{"@type":"EntryPoint","urlTemplate":"https:\/\/www.tabakversand.ch\/?s={search_term_string}"},"query-input":{"@type":"PropertyValueSpecification","valueRequired":true,"valueName":"search_term_string"}}],"inLanguage":"fr-FR"}]}},"_links":{"self":[{"href":"https:\/\/www.tabakversand.ch\/fr\/wp-json\/wp\/v2\/product\/137518","targetHints":{"allow":["GET"]}}],"collection":[{"href":"https:\/\/www.tabakversand.ch\/fr\/wp-json\/wp\/v2\/product"}],"about":[{"href":"https:\/\/www.tabakversand.ch\/fr\/wp-json\/wp\/v2\/types\/product"}],"version-history":[{"count":2,"href":"https:\/\/www.tabakversand.ch\/fr\/wp-json\/wp\/v2\/product\/137518\/revisions"}],"predecessor-version":[{"id":211995,"href":"https:\/\/www.tabakversand.ch\/fr\/wp-json\/wp\/v2\/product\/137518\/revisions\/211995"}],"wp:featuredmedia":[{"embeddable":true,"href":"https:\/\/www.tabakversand.ch\/fr\/wp-json\/wp\/v2\/media\/137587"}],"wp:attachment":[{"href":"https:\/\/www.tabakversand.ch\/fr\/wp-json\/wp\/v2\/media?parent=137518"}],"wp:term":[{"taxonomy":"product_brand","embeddable":true,"href":"https:\/\/www.tabakversand.ch\/fr\/wp-json\/wp\/v2\/product_brand?post=137518"},{"taxonomy":"product_cat","embeddable":true,"href":"https:\/\/www.tabakversand.ch\/fr\/wp-json\/wp\/v2\/product_cat?post=137518"},{"taxonomy":"product_tag","embeddable":true,"href":"https:\/\/www.tabakversand.ch\/fr\/wp-json\/wp\/v2\/product_tag?post=137518"}],"curies":[{"name":"wp","href":"https:\/\/api.w.org\/{rel}","templated":true}]}}