{"id":137624,"date":"2023-09-08T16:49:46","date_gmt":"2023-09-08T14:49:46","guid":{"rendered":"https:\/\/www.tabakversand.ch\/?post_type=product&#038;p=137624"},"modified":"2026-02-04T10:06:08","modified_gmt":"2026-02-04T09:06:08","slug":"qualicann-cbd-huile-pure-10ml-16","status":"publish","type":"product","link":"https:\/\/www.tabakversand.ch\/fr\/produit\/qualicann-cbd-huile-pure-10ml-16\/","title":{"rendered":"Huile de CBD Qualicann Pure 10ml 16%"},"content":{"rendered":"<div id=\"tab-label-description\" class=\"data item title active\" role=\"tab\" data-role=\"collapsible\" data-collapsible=\"true\">\n<div id=\"description\" class=\"data item content\" role=\"tabpanel\" data-role=\"content\" aria-labelledby=\"tab-label-description\" aria-hidden=\"false\">\n<div class=\"product attribute9 description\">\n<p>Huile de CBD Qualicann Pure 10ml 16%<\/p>\n<ul>\n<li>Ar\u00f4me de romarin<\/li>\n<li>\u00c0 base d&rsquo;extrait pur de Cannabis Sativa L. (99,8% CBD)<\/li>\n<li>100% naturel<\/li>\n<li>Ne contient pas de THC<\/li>\n<li>Extraction au CO2<\/li>\n<li>Odeur : noisette, neutre<\/li>\n<li>Contenu du flacon : 10 ml avec environ 200 gouttes chacune<\/li>\n<\/ul>\n<p>Tous les prix s&rsquo;appliquent uniquement aux commandes en ligne et incluent la TVA. Sous r\u00e9serve de modifications sans pr\u00e9avis, frais de livraison en sus. Sous r\u00e9serve d&rsquo;erreurs, de modifications de contenu de livraison et de conception, de fautes d&rsquo;impression et de modifications de prix. Les prix barr\u00e9s sont des prix de remplacement. Les illustrations peuvent diff\u00e9rer de l&rsquo;original\/du contenu de livraison.     <\/p>\n<\/div>\n<\/div>\n<\/div>\n<p>*Livraison gratuite pour les commandes sup\u00e9rieures \u00e0 CHF 250.-.<\/p>\n","protected":false},"excerpt":{"rendered":"<p>Huile de CBD Qualicann Pure 10ml 16% Ar\u00f4me de romarin \u00c0 base d&rsquo;extrait pur de Cannabis Sativa L. (99,8% CBD) 100% naturel Ne contient pas de THC Extraction au CO2 Odeur : noisette, neutre Contenu du flacon : 10 ml avec environ 200 gouttes chacune Tous les prix s&rsquo;appliquent uniquement aux commandes en ligne et [&hellip;]<\/p>\n","protected":false},"featured_media":137628,"template":"","meta":[],"product_brand":[5235],"product_cat":[1995,3075],"product_tag":[],"class_list":{"0":"post-137624","1":"product","2":"type-product","3":"status-publish","4":"has-post-thumbnail","6":"product_brand-qualicann","7":"product_cat-divers-headshop","8":"product_cat-huile-de-cbd","10":"first","11":"onbackorder","12":"purchasable","13":"product-type-simple"},"yoast_head":"<!-- This site is optimized with the Yoast SEO plugin v27.0 - https:\/\/yoast.com\/product\/yoast-seo-wordpress\/ -->\n<title>Huile de CBD Qualicann Pure 10ml 16% - tabakversand.ch<\/title>\n<meta name=\"description\" content=\"Huile de CBD Qualicann Pure 10ml 16% | Un tr\u00e8s grand choix de produits du tabac, d&#039;e-smoke et d&#039;ustensiles pour fumer dans toute la Suisse Cartes accept\u00e9es !\" \/>\n<meta name=\"robots\" content=\"index, follow, max-snippet:-1, max-image-preview:large, max-video-preview:-1\" \/>\n<link rel=\"canonical\" href=\"https:\/\/www.tabakversand.ch\/fr\/produit\/qualicann-cbd-huile-pure-10ml-16\/\" \/>\n<meta property=\"og:locale\" content=\"fr_FR\" \/>\n<meta property=\"og:type\" content=\"article\" \/>\n<meta property=\"og:title\" content=\"Huile de CBD Qualicann Pure 10ml 16% - tabakversand.ch\" \/>\n<meta property=\"og:description\" content=\"Huile de CBD Qualicann Pure 10ml 16% | Un tr\u00e8s grand choix de produits du tabac, d&#039;e-smoke et d&#039;ustensiles pour fumer dans toute la Suisse Cartes accept\u00e9es !\" \/>\n<meta property=\"og:url\" content=\"https:\/\/www.tabakversand.ch\/fr\/produit\/qualicann-cbd-huile-pure-10ml-16\/\" \/>\n<meta property=\"og:site_name\" content=\"Tabakversand.ch | Alles aus der Welt des Tabaks\" \/>\n<meta property=\"article:modified_time\" content=\"2026-02-04T09:06:08+00:00\" \/>\n<meta property=\"og:image\" content=\"https:\/\/www.tabakversand.ch\/wp-content\/uploads\/2023\/09\/qualicann-cbd-oel-pure-10ml-16.jpg\" \/>\n\t<meta property=\"og:image:width\" content=\"500\" \/>\n\t<meta property=\"og:image:height\" content=\"500\" \/>\n\t<meta property=\"og:image:type\" content=\"image\/jpeg\" \/>\n<meta name=\"twitter:card\" content=\"summary_large_image\" \/>\n<meta name=\"twitter:label1\" content=\"Dur\u00e9e de lecture estim\u00e9e\" \/>\n\t<meta name=\"twitter:data1\" content=\"1 minute\" \/>\n<script type=\"application\/ld+json\" class=\"yoast-schema-graph\">{\"@context\":\"https:\/\/schema.org\",\"@graph\":[{\"@type\":\"WebPage\",\"@id\":\"https:\/\/www.tabakversand.ch\/fr\/produit\/qualicann-cbd-huile-pure-10ml-16\/\",\"url\":\"https:\/\/www.tabakversand.ch\/fr\/produit\/qualicann-cbd-huile-pure-10ml-16\/\",\"name\":\"Huile de CBD Qualicann Pure 10ml 16% - tabakversand.ch\",\"isPartOf\":{\"@id\":\"https:\/\/www.tabakversand.ch\/#website\"},\"primaryImageOfPage\":{\"@id\":\"https:\/\/www.tabakversand.ch\/fr\/produit\/qualicann-cbd-huile-pure-10ml-16\/#primaryimage\"},\"image\":{\"@id\":\"https:\/\/www.tabakversand.ch\/fr\/produit\/qualicann-cbd-huile-pure-10ml-16\/#primaryimage\"},\"thumbnailUrl\":\"https:\/\/www.tabakversand.ch\/wp-content\/uploads\/2023\/09\/qualicann-cbd-oel-pure-10ml-16.jpg\",\"datePublished\":\"2023-09-08T14:49:46+00:00\",\"dateModified\":\"2026-02-04T09:06:08+00:00\",\"description\":\"Huile de CBD Qualicann Pure 10ml 16% | Un tr\u00e8s grand choix de produits du tabac, d'e-smoke et d'ustensiles pour fumer dans toute la Suisse Cartes accept\u00e9es !\",\"breadcrumb\":{\"@id\":\"https:\/\/www.tabakversand.ch\/fr\/produit\/qualicann-cbd-huile-pure-10ml-16\/#breadcrumb\"},\"inLanguage\":\"fr-FR\",\"potentialAction\":[{\"@type\":\"ReadAction\",\"target\":[\"https:\/\/www.tabakversand.ch\/fr\/produit\/qualicann-cbd-huile-pure-10ml-16\/\"]}]},{\"@type\":\"ImageObject\",\"inLanguage\":\"fr-FR\",\"@id\":\"https:\/\/www.tabakversand.ch\/fr\/produit\/qualicann-cbd-huile-pure-10ml-16\/#primaryimage\",\"url\":\"https:\/\/www.tabakversand.ch\/wp-content\/uploads\/2023\/09\/qualicann-cbd-oel-pure-10ml-16.jpg\",\"contentUrl\":\"https:\/\/www.tabakversand.ch\/wp-content\/uploads\/2023\/09\/qualicann-cbd-oel-pure-10ml-16.jpg\",\"width\":500,\"height\":500,\"caption\":\"Huile de CBD Qualicann Pure 10 ml 16 % | Tabakversand.ch\"},{\"@type\":\"BreadcrumbList\",\"@id\":\"https:\/\/www.tabakversand.ch\/fr\/produit\/qualicann-cbd-huile-pure-10ml-16\/#breadcrumb\",\"itemListElement\":[{\"@type\":\"ListItem\",\"position\":1,\"name\":\"Startseite\",\"item\":\"https:\/\/www.tabakversand.ch\/\"},{\"@type\":\"ListItem\",\"position\":2,\"name\":\"Boutique\",\"item\":\"https:\/\/www.tabakversand.ch\/fr\/boutique\/\"},{\"@type\":\"ListItem\",\"position\":3,\"name\":\"Huile de CBD Qualicann Pure 10ml 16%\"}]},{\"@type\":\"WebSite\",\"@id\":\"https:\/\/www.tabakversand.ch\/#website\",\"url\":\"https:\/\/www.tabakversand.ch\/\",\"name\":\"Tabakversand.ch | Alles aus der Welt des Tabaks\",\"description\":\"Smoke and carpe diem\",\"potentialAction\":[{\"@type\":\"SearchAction\",\"target\":{\"@type\":\"EntryPoint\",\"urlTemplate\":\"https:\/\/www.tabakversand.ch\/?s={search_term_string}\"},\"query-input\":{\"@type\":\"PropertyValueSpecification\",\"valueRequired\":true,\"valueName\":\"search_term_string\"}}],\"inLanguage\":\"fr-FR\"}]}<\/script>\n<!-- \/ Yoast SEO plugin. -->","yoast_head_json":{"title":"Huile de CBD Qualicann Pure 10ml 16% - tabakversand.ch","description":"Huile de CBD Qualicann Pure 10ml 16% | Un tr\u00e8s grand choix de produits du tabac, d'e-smoke et d'ustensiles pour fumer dans toute la Suisse Cartes accept\u00e9es !","robots":{"index":"index","follow":"follow","max-snippet":"max-snippet:-1","max-image-preview":"max-image-preview:large","max-video-preview":"max-video-preview:-1"},"canonical":"https:\/\/www.tabakversand.ch\/fr\/produit\/qualicann-cbd-huile-pure-10ml-16\/","og_locale":"fr_FR","og_type":"article","og_title":"Huile de CBD Qualicann Pure 10ml 16% - tabakversand.ch","og_description":"Huile de CBD Qualicann Pure 10ml 16% | Un tr\u00e8s grand choix de produits du tabac, d'e-smoke et d'ustensiles pour fumer dans toute la Suisse Cartes accept\u00e9es !","og_url":"https:\/\/www.tabakversand.ch\/fr\/produit\/qualicann-cbd-huile-pure-10ml-16\/","og_site_name":"Tabakversand.ch | Alles aus der Welt des Tabaks","article_modified_time":"2026-02-04T09:06:08+00:00","og_image":[{"width":500,"height":500,"url":"https:\/\/www.tabakversand.ch\/wp-content\/uploads\/2023\/09\/qualicann-cbd-oel-pure-10ml-16.jpg","type":"image\/jpeg"}],"twitter_card":"summary_large_image","twitter_misc":{"Dur\u00e9e de lecture estim\u00e9e":"1 minute"},"schema":{"@context":"https:\/\/schema.org","@graph":[{"@type":"WebPage","@id":"https:\/\/www.tabakversand.ch\/fr\/produit\/qualicann-cbd-huile-pure-10ml-16\/","url":"https:\/\/www.tabakversand.ch\/fr\/produit\/qualicann-cbd-huile-pure-10ml-16\/","name":"Huile de CBD Qualicann Pure 10ml 16% - tabakversand.ch","isPartOf":{"@id":"https:\/\/www.tabakversand.ch\/#website"},"primaryImageOfPage":{"@id":"https:\/\/www.tabakversand.ch\/fr\/produit\/qualicann-cbd-huile-pure-10ml-16\/#primaryimage"},"image":{"@id":"https:\/\/www.tabakversand.ch\/fr\/produit\/qualicann-cbd-huile-pure-10ml-16\/#primaryimage"},"thumbnailUrl":"https:\/\/www.tabakversand.ch\/wp-content\/uploads\/2023\/09\/qualicann-cbd-oel-pure-10ml-16.jpg","datePublished":"2023-09-08T14:49:46+00:00","dateModified":"2026-02-04T09:06:08+00:00","description":"Huile de CBD Qualicann Pure 10ml 16% | Un tr\u00e8s grand choix de produits du tabac, d'e-smoke et d'ustensiles pour fumer dans toute la Suisse Cartes accept\u00e9es !","breadcrumb":{"@id":"https:\/\/www.tabakversand.ch\/fr\/produit\/qualicann-cbd-huile-pure-10ml-16\/#breadcrumb"},"inLanguage":"fr-FR","potentialAction":[{"@type":"ReadAction","target":["https:\/\/www.tabakversand.ch\/fr\/produit\/qualicann-cbd-huile-pure-10ml-16\/"]}]},{"@type":"ImageObject","inLanguage":"fr-FR","@id":"https:\/\/www.tabakversand.ch\/fr\/produit\/qualicann-cbd-huile-pure-10ml-16\/#primaryimage","url":"https:\/\/www.tabakversand.ch\/wp-content\/uploads\/2023\/09\/qualicann-cbd-oel-pure-10ml-16.jpg","contentUrl":"https:\/\/www.tabakversand.ch\/wp-content\/uploads\/2023\/09\/qualicann-cbd-oel-pure-10ml-16.jpg","width":500,"height":500,"caption":"Huile de CBD Qualicann Pure 10 ml 16 % | Tabakversand.ch"},{"@type":"BreadcrumbList","@id":"https:\/\/www.tabakversand.ch\/fr\/produit\/qualicann-cbd-huile-pure-10ml-16\/#breadcrumb","itemListElement":[{"@type":"ListItem","position":1,"name":"Startseite","item":"https:\/\/www.tabakversand.ch\/"},{"@type":"ListItem","position":2,"name":"Boutique","item":"https:\/\/www.tabakversand.ch\/fr\/boutique\/"},{"@type":"ListItem","position":3,"name":"Huile de CBD Qualicann Pure 10ml 16%"}]},{"@type":"WebSite","@id":"https:\/\/www.tabakversand.ch\/#website","url":"https:\/\/www.tabakversand.ch\/","name":"Tabakversand.ch | Alles aus der Welt des Tabaks","description":"Smoke and carpe diem","potentialAction":[{"@type":"SearchAction","target":{"@type":"EntryPoint","urlTemplate":"https:\/\/www.tabakversand.ch\/?s={search_term_string}"},"query-input":{"@type":"PropertyValueSpecification","valueRequired":true,"valueName":"search_term_string"}}],"inLanguage":"fr-FR"}]}},"_links":{"self":[{"href":"https:\/\/www.tabakversand.ch\/fr\/wp-json\/wp\/v2\/product\/137624","targetHints":{"allow":["GET"]}}],"collection":[{"href":"https:\/\/www.tabakversand.ch\/fr\/wp-json\/wp\/v2\/product"}],"about":[{"href":"https:\/\/www.tabakversand.ch\/fr\/wp-json\/wp\/v2\/types\/product"}],"version-history":[{"count":2,"href":"https:\/\/www.tabakversand.ch\/fr\/wp-json\/wp\/v2\/product\/137624\/revisions"}],"predecessor-version":[{"id":211996,"href":"https:\/\/www.tabakversand.ch\/fr\/wp-json\/wp\/v2\/product\/137624\/revisions\/211996"}],"wp:featuredmedia":[{"embeddable":true,"href":"https:\/\/www.tabakversand.ch\/fr\/wp-json\/wp\/v2\/media\/137628"}],"wp:attachment":[{"href":"https:\/\/www.tabakversand.ch\/fr\/wp-json\/wp\/v2\/media?parent=137624"}],"wp:term":[{"taxonomy":"product_brand","embeddable":true,"href":"https:\/\/www.tabakversand.ch\/fr\/wp-json\/wp\/v2\/product_brand?post=137624"},{"taxonomy":"product_cat","embeddable":true,"href":"https:\/\/www.tabakversand.ch\/fr\/wp-json\/wp\/v2\/product_cat?post=137624"},{"taxonomy":"product_tag","embeddable":true,"href":"https:\/\/www.tabakversand.ch\/fr\/wp-json\/wp\/v2\/product_tag?post=137624"}],"curies":[{"name":"wp","href":"https:\/\/api.w.org\/{rel}","templated":true}]}}