{"id":137953,"date":"2023-09-14T13:48:46","date_gmt":"2023-09-14T11:48:46","guid":{"rendered":"https:\/\/www.tabakversand.ch\/?post_type=product&#038;p=137953"},"modified":"2026-02-04T10:05:23","modified_gmt":"2026-02-04T09:05:23","slug":"qualicann-joints-preroules-sweet-star-x-purize-22-pcs","status":"publish","type":"product","link":"https:\/\/www.tabakversand.ch\/fr\/produit\/qualicann-joints-preroules-sweet-star-x-purize-22-pcs\/","title":{"rendered":"Qualicann Joints pr\u00e9-roul\u00e9s Sweet Star x Purize 22 pcs."},"content":{"rendered":"<div id=\"tab-label-description\" class=\"data item title active\" role=\"tab\" data-role=\"collapsible\" data-collapsible=\"true\">\n<div id=\"description\" class=\"data item content\" role=\"tabpanel\" data-role=\"content\" aria-labelledby=\"tab-label-description\" aria-hidden=\"false\">\n<div class=\"product attribute9 description\">\n<p>Qualicann Joints pr\u00e9-roul\u00e9s Sweet Star x Purize 22 pcs.<\/p>\n<p>Les pr\u00e9rolls sont constitu\u00e9s exclusivement de fleurs CBD de la meilleure qualit\u00e9 issues de notre g\u00e9n\u00e9tique haut de gamme SWEET STAR. Chaque joint CBD ne contient aucune tige, feuille ou autre mati\u00e8re secondaire provenant de la plante de chanvre. De plus, chaque joint SWEET STAR PREROLL est totalement sans tabac.<\/p>\n<p>Comme particularit\u00e9, Purize et nous avons d\u00e9cid\u00e9 d&rsquo;ajouter un filtre \u00e0 charbon actif \u00e0 nos pr\u00e9-rouleaux. Cela permet \u00e0 nos clients de choisir entre un filtre normal ou un filtre \u00e0 charbon actif. Le couvercle de la bo\u00eete peut \u00e9galement \u00eatre pli\u00e9 en un tour de main pour former un pr\u00e9sentoir et peut donc \u00e9galement \u00eatre utilis\u00e9 id\u00e9alement comme pr\u00e9sentoir de comptoir.<\/p>\n<p>Les joints offrent une dur\u00e9e d&rsquo;\u00e9clat longue dur\u00e9e gr\u00e2ce \u00e0 leurs propri\u00e9t\u00e9s de combustion uniforme et lente. Bien entendu, ceux-ci sont \u00e9galement fabriqu\u00e9s \u00e0 partir de mat\u00e9riaux naturels et sans aucun additif chimique.<\/p>\n<p>Chaque SWEET STAR CBD PREROLL est pr\u00e9sent\u00e9 dans un r\u00e9cipient en plastique pratique et \u00e9l\u00e9gant et est scell\u00e9 herm\u00e9tiquement avec un couvercle en caoutchouc souple r\u00e9utilisable. C&rsquo;est la seule fa\u00e7on de garantir une longue dur\u00e9e de conservation sans perdre en parfum et en fra\u00eecheur.<\/p>\n<ul>\n<li>CBD&lt; 26%<\/li>\n<li>THC&lt; 1%<\/li>\n<li>Contenu : 22 joints CBD pr\u00e9-roul\u00e9s pesant 0,9 gramme chacun<\/li>\n<li>Sans tabac<\/li>\n<li>Produits \u00e0 base de plantes<\/li>\n<li>Filtre \u00e0 charbon actif sur chaque joint CBD pr\u00e9-roul\u00e9<\/li>\n<li>Longueur : 12 cm \/ Largeur : 8 cm \/ Hauteur : 5 cm<\/li>\n<li>Emballage herm\u00e9tique et r\u00e9utilisable de chaque joint CBD individuel<\/li>\n<li>Peut \u00eatre converti en contre-plaque<\/li>\n<\/ul>\n<p>Tous les prix s&rsquo;appliquent uniquement aux commandes en ligne et incluent la TVA. Sous r\u00e9serve de modifications sans pr\u00e9avis, frais de livraison en sus. Sous r\u00e9serve d&rsquo;erreurs, de modifications de contenu de livraison et de conception, de fautes d&rsquo;impression et de modifications de prix. Les prix barr\u00e9s sont des prix de remplacement. Les illustrations peuvent diff\u00e9rer de l&rsquo;original\/du contenu de livraison.     <\/p>\n<\/div>\n<\/div>\n<\/div>\n<p>*Livraison gratuite pour les commandes sup\u00e9rieures \u00e0 CHF 250.-.<\/p>\n","protected":false},"excerpt":{"rendered":"<p>Qualicann Joints pr\u00e9-roul\u00e9s Sweet Star x Purize 22 pcs. Les pr\u00e9rolls sont constitu\u00e9s exclusivement de fleurs CBD de la meilleure qualit\u00e9 issues de notre g\u00e9n\u00e9tique haut de gamme SWEET STAR. Chaque joint CBD ne contient aucune tige, feuille ou autre mati\u00e8re secondaire provenant de la plante de chanvre. De plus, chaque joint SWEET STAR PREROLL [&hellip;]<\/p>\n","protected":false},"featured_media":137957,"template":"","meta":[],"product_brand":[5235],"product_cat":[2101,1995],"product_tag":[],"class_list":{"0":"post-137953","1":"product","2":"type-product","3":"status-publish","4":"has-post-thumbnail","6":"product_brand-qualicann","7":"product_cat-chanvre-cbd","8":"product_cat-divers-headshop","10":"first","11":"onbackorder","12":"purchasable","13":"product-type-simple"},"yoast_head":"<!-- This site is optimized with the Yoast SEO plugin v27.0 - https:\/\/yoast.com\/product\/yoast-seo-wordpress\/ -->\n<title>Qualicann Joints pr\u00e9-roul\u00e9s Sweet Star x Purize 22 pcs.<\/title>\n<meta name=\"description\" content=\"Qualicann Joints pr\u00e9-roul\u00e9s Sweet Star x Purize 22 pcs. | Un grand choix de produits du tabac et d&#039;ustensiles pour fumeurs dans toute la Suisse | Cartes accept\u00e9es !\" \/>\n<meta name=\"robots\" content=\"index, follow, max-snippet:-1, max-image-preview:large, max-video-preview:-1\" \/>\n<link rel=\"canonical\" href=\"https:\/\/www.tabakversand.ch\/fr\/produit\/qualicann-joints-preroules-sweet-star-x-purize-22-pcs\/\" \/>\n<meta property=\"og:locale\" content=\"fr_FR\" \/>\n<meta property=\"og:type\" content=\"article\" \/>\n<meta property=\"og:title\" content=\"Qualicann Joints pr\u00e9-roul\u00e9s Sweet Star x Purize 22 pcs.\" \/>\n<meta property=\"og:description\" content=\"Qualicann Joints pr\u00e9-roul\u00e9s Sweet Star x Purize 22 pcs. | Un grand choix de produits du tabac et d&#039;ustensiles pour fumeurs dans toute la Suisse | Cartes accept\u00e9es !\" \/>\n<meta property=\"og:url\" content=\"https:\/\/www.tabakversand.ch\/fr\/produit\/qualicann-joints-preroules-sweet-star-x-purize-22-pcs\/\" \/>\n<meta property=\"og:site_name\" content=\"Tabakversand.ch | Alles aus der Welt des Tabaks\" \/>\n<meta property=\"article:modified_time\" content=\"2026-02-04T09:05:23+00:00\" \/>\n<meta property=\"og:image\" content=\"https:\/\/www.tabakversand.ch\/wp-content\/uploads\/2023\/09\/qualicann-prerolled-joints.jpg\" \/>\n\t<meta property=\"og:image:width\" content=\"500\" \/>\n\t<meta property=\"og:image:height\" content=\"500\" \/>\n\t<meta property=\"og:image:type\" content=\"image\/jpeg\" \/>\n<meta name=\"twitter:card\" content=\"summary_large_image\" \/>\n<meta name=\"twitter:label1\" content=\"Dur\u00e9e de lecture estim\u00e9e\" \/>\n\t<meta name=\"twitter:data1\" content=\"2 minutes\" \/>\n<script type=\"application\/ld+json\" class=\"yoast-schema-graph\">{\"@context\":\"https:\/\/schema.org\",\"@graph\":[{\"@type\":\"WebPage\",\"@id\":\"https:\/\/www.tabakversand.ch\/fr\/produit\/qualicann-joints-preroules-sweet-star-x-purize-22-pcs\/\",\"url\":\"https:\/\/www.tabakversand.ch\/fr\/produit\/qualicann-joints-preroules-sweet-star-x-purize-22-pcs\/\",\"name\":\"Qualicann Joints pr\u00e9-roul\u00e9s Sweet Star x Purize 22 pcs.\",\"isPartOf\":{\"@id\":\"https:\/\/www.tabakversand.ch\/#website\"},\"primaryImageOfPage\":{\"@id\":\"https:\/\/www.tabakversand.ch\/fr\/produit\/qualicann-joints-preroules-sweet-star-x-purize-22-pcs\/#primaryimage\"},\"image\":{\"@id\":\"https:\/\/www.tabakversand.ch\/fr\/produit\/qualicann-joints-preroules-sweet-star-x-purize-22-pcs\/#primaryimage\"},\"thumbnailUrl\":\"https:\/\/www.tabakversand.ch\/wp-content\/uploads\/2023\/09\/qualicann-prerolled-joints.jpg\",\"datePublished\":\"2023-09-14T11:48:46+00:00\",\"dateModified\":\"2026-02-04T09:05:23+00:00\",\"description\":\"Qualicann Joints pr\u00e9-roul\u00e9s Sweet Star x Purize 22 pcs. | Un grand choix de produits du tabac et d'ustensiles pour fumeurs dans toute la Suisse | Cartes accept\u00e9es !\",\"breadcrumb\":{\"@id\":\"https:\/\/www.tabakversand.ch\/fr\/produit\/qualicann-joints-preroules-sweet-star-x-purize-22-pcs\/#breadcrumb\"},\"inLanguage\":\"fr-FR\",\"potentialAction\":[{\"@type\":\"ReadAction\",\"target\":[\"https:\/\/www.tabakversand.ch\/fr\/produit\/qualicann-joints-preroules-sweet-star-x-purize-22-pcs\/\"]}]},{\"@type\":\"ImageObject\",\"inLanguage\":\"fr-FR\",\"@id\":\"https:\/\/www.tabakversand.ch\/fr\/produit\/qualicann-joints-preroules-sweet-star-x-purize-22-pcs\/#primaryimage\",\"url\":\"https:\/\/www.tabakversand.ch\/wp-content\/uploads\/2023\/09\/qualicann-prerolled-joints.jpg\",\"contentUrl\":\"https:\/\/www.tabakversand.ch\/wp-content\/uploads\/2023\/09\/qualicann-prerolled-joints.jpg\",\"width\":500,\"height\":500,\"caption\":\"Qualicann Joints pr\u00e9-roul\u00e9s Sweet Star x Purize 22 pcs. | Tabakversand.ch\"},{\"@type\":\"BreadcrumbList\",\"@id\":\"https:\/\/www.tabakversand.ch\/fr\/produit\/qualicann-joints-preroules-sweet-star-x-purize-22-pcs\/#breadcrumb\",\"itemListElement\":[{\"@type\":\"ListItem\",\"position\":1,\"name\":\"Startseite\",\"item\":\"https:\/\/www.tabakversand.ch\/\"},{\"@type\":\"ListItem\",\"position\":2,\"name\":\"Boutique\",\"item\":\"https:\/\/www.tabakversand.ch\/fr\/boutique\/\"},{\"@type\":\"ListItem\",\"position\":3,\"name\":\"Qualicann Joints pr\u00e9-roul\u00e9s Sweet Star x Purize 22 pcs.\"}]},{\"@type\":\"WebSite\",\"@id\":\"https:\/\/www.tabakversand.ch\/#website\",\"url\":\"https:\/\/www.tabakversand.ch\/\",\"name\":\"Tabakversand.ch | Alles aus der Welt des Tabaks\",\"description\":\"Smoke and carpe diem\",\"potentialAction\":[{\"@type\":\"SearchAction\",\"target\":{\"@type\":\"EntryPoint\",\"urlTemplate\":\"https:\/\/www.tabakversand.ch\/?s={search_term_string}\"},\"query-input\":{\"@type\":\"PropertyValueSpecification\",\"valueRequired\":true,\"valueName\":\"search_term_string\"}}],\"inLanguage\":\"fr-FR\"}]}<\/script>\n<!-- \/ Yoast SEO plugin. -->","yoast_head_json":{"title":"Qualicann Joints pr\u00e9-roul\u00e9s Sweet Star x Purize 22 pcs.","description":"Qualicann Joints pr\u00e9-roul\u00e9s Sweet Star x Purize 22 pcs. | Un grand choix de produits du tabac et d'ustensiles pour fumeurs dans toute la Suisse | Cartes accept\u00e9es !","robots":{"index":"index","follow":"follow","max-snippet":"max-snippet:-1","max-image-preview":"max-image-preview:large","max-video-preview":"max-video-preview:-1"},"canonical":"https:\/\/www.tabakversand.ch\/fr\/produit\/qualicann-joints-preroules-sweet-star-x-purize-22-pcs\/","og_locale":"fr_FR","og_type":"article","og_title":"Qualicann Joints pr\u00e9-roul\u00e9s Sweet Star x Purize 22 pcs.","og_description":"Qualicann Joints pr\u00e9-roul\u00e9s Sweet Star x Purize 22 pcs. | Un grand choix de produits du tabac et d'ustensiles pour fumeurs dans toute la Suisse | Cartes accept\u00e9es !","og_url":"https:\/\/www.tabakversand.ch\/fr\/produit\/qualicann-joints-preroules-sweet-star-x-purize-22-pcs\/","og_site_name":"Tabakversand.ch | Alles aus der Welt des Tabaks","article_modified_time":"2026-02-04T09:05:23+00:00","og_image":[{"width":500,"height":500,"url":"https:\/\/www.tabakversand.ch\/wp-content\/uploads\/2023\/09\/qualicann-prerolled-joints.jpg","type":"image\/jpeg"}],"twitter_card":"summary_large_image","twitter_misc":{"Dur\u00e9e de lecture estim\u00e9e":"2 minutes"},"schema":{"@context":"https:\/\/schema.org","@graph":[{"@type":"WebPage","@id":"https:\/\/www.tabakversand.ch\/fr\/produit\/qualicann-joints-preroules-sweet-star-x-purize-22-pcs\/","url":"https:\/\/www.tabakversand.ch\/fr\/produit\/qualicann-joints-preroules-sweet-star-x-purize-22-pcs\/","name":"Qualicann Joints pr\u00e9-roul\u00e9s Sweet Star x Purize 22 pcs.","isPartOf":{"@id":"https:\/\/www.tabakversand.ch\/#website"},"primaryImageOfPage":{"@id":"https:\/\/www.tabakversand.ch\/fr\/produit\/qualicann-joints-preroules-sweet-star-x-purize-22-pcs\/#primaryimage"},"image":{"@id":"https:\/\/www.tabakversand.ch\/fr\/produit\/qualicann-joints-preroules-sweet-star-x-purize-22-pcs\/#primaryimage"},"thumbnailUrl":"https:\/\/www.tabakversand.ch\/wp-content\/uploads\/2023\/09\/qualicann-prerolled-joints.jpg","datePublished":"2023-09-14T11:48:46+00:00","dateModified":"2026-02-04T09:05:23+00:00","description":"Qualicann Joints pr\u00e9-roul\u00e9s Sweet Star x Purize 22 pcs. | Un grand choix de produits du tabac et d'ustensiles pour fumeurs dans toute la Suisse | Cartes accept\u00e9es !","breadcrumb":{"@id":"https:\/\/www.tabakversand.ch\/fr\/produit\/qualicann-joints-preroules-sweet-star-x-purize-22-pcs\/#breadcrumb"},"inLanguage":"fr-FR","potentialAction":[{"@type":"ReadAction","target":["https:\/\/www.tabakversand.ch\/fr\/produit\/qualicann-joints-preroules-sweet-star-x-purize-22-pcs\/"]}]},{"@type":"ImageObject","inLanguage":"fr-FR","@id":"https:\/\/www.tabakversand.ch\/fr\/produit\/qualicann-joints-preroules-sweet-star-x-purize-22-pcs\/#primaryimage","url":"https:\/\/www.tabakversand.ch\/wp-content\/uploads\/2023\/09\/qualicann-prerolled-joints.jpg","contentUrl":"https:\/\/www.tabakversand.ch\/wp-content\/uploads\/2023\/09\/qualicann-prerolled-joints.jpg","width":500,"height":500,"caption":"Qualicann Joints pr\u00e9-roul\u00e9s Sweet Star x Purize 22 pcs. | Tabakversand.ch"},{"@type":"BreadcrumbList","@id":"https:\/\/www.tabakversand.ch\/fr\/produit\/qualicann-joints-preroules-sweet-star-x-purize-22-pcs\/#breadcrumb","itemListElement":[{"@type":"ListItem","position":1,"name":"Startseite","item":"https:\/\/www.tabakversand.ch\/"},{"@type":"ListItem","position":2,"name":"Boutique","item":"https:\/\/www.tabakversand.ch\/fr\/boutique\/"},{"@type":"ListItem","position":3,"name":"Qualicann Joints pr\u00e9-roul\u00e9s Sweet Star x Purize 22 pcs."}]},{"@type":"WebSite","@id":"https:\/\/www.tabakversand.ch\/#website","url":"https:\/\/www.tabakversand.ch\/","name":"Tabakversand.ch | Alles aus der Welt des Tabaks","description":"Smoke and carpe diem","potentialAction":[{"@type":"SearchAction","target":{"@type":"EntryPoint","urlTemplate":"https:\/\/www.tabakversand.ch\/?s={search_term_string}"},"query-input":{"@type":"PropertyValueSpecification","valueRequired":true,"valueName":"search_term_string"}}],"inLanguage":"fr-FR"}]}},"_links":{"self":[{"href":"https:\/\/www.tabakversand.ch\/fr\/wp-json\/wp\/v2\/product\/137953","targetHints":{"allow":["GET"]}}],"collection":[{"href":"https:\/\/www.tabakversand.ch\/fr\/wp-json\/wp\/v2\/product"}],"about":[{"href":"https:\/\/www.tabakversand.ch\/fr\/wp-json\/wp\/v2\/types\/product"}],"version-history":[{"count":2,"href":"https:\/\/www.tabakversand.ch\/fr\/wp-json\/wp\/v2\/product\/137953\/revisions"}],"predecessor-version":[{"id":211986,"href":"https:\/\/www.tabakversand.ch\/fr\/wp-json\/wp\/v2\/product\/137953\/revisions\/211986"}],"wp:featuredmedia":[{"embeddable":true,"href":"https:\/\/www.tabakversand.ch\/fr\/wp-json\/wp\/v2\/media\/137957"}],"wp:attachment":[{"href":"https:\/\/www.tabakversand.ch\/fr\/wp-json\/wp\/v2\/media?parent=137953"}],"wp:term":[{"taxonomy":"product_brand","embeddable":true,"href":"https:\/\/www.tabakversand.ch\/fr\/wp-json\/wp\/v2\/product_brand?post=137953"},{"taxonomy":"product_cat","embeddable":true,"href":"https:\/\/www.tabakversand.ch\/fr\/wp-json\/wp\/v2\/product_cat?post=137953"},{"taxonomy":"product_tag","embeddable":true,"href":"https:\/\/www.tabakversand.ch\/fr\/wp-json\/wp\/v2\/product_tag?post=137953"}],"curies":[{"name":"wp","href":"https:\/\/api.w.org\/{rel}","templated":true}]}}